{"id":15215,"date":"2019-06-12T12:05:40","date_gmt":"2019-03-17T12:57:40","guid":{"rendered":"https:\/\/donbaraton.es\/producto\/uncategorized\/king-size-storage-bed-upholstered-160-200-isabella\/"},"modified":"2024-11-01T17:54:42","modified_gmt":"2024-11-01T16:54:42","slug":"king-size-storage-bed-upholstered-160-200-isabella","status":"publish","type":"product","link":"https:\/\/donbaraton.es\/en\/p\/king-size-storage-bed-upholstered-160-200-isabella\/","title":{"rendered":"King Size Storage Bed (Upholstered) 160 x 200 cm &#8211; Isabella"},"content":{"rendered":"<p><strong>Upholstered king size storage bed, 5 foot 3 inches wide by 6 foot 6 inches long (European king size bed) &#8211; Isabella<\/strong><\/p>\n<p>Are you looking for a king size bed where you and your partner can rest with comfort? Isabella is the model you are looking for. Double bed fully upholstered in fabric, with mattress, headboard and topper included. Thanks to its segmented mattress, you can easily open a hidden storage on each side of the bed.\u00a0Each of the storages has 3 compartments where you can store whatever you want, including bedding and delicate textiles. The hydraulic supports help to open the storage in a single movement and without sounds. The <em>bonell<\/em> springs that are part of the reversible mattress give it the firmness and keep the form of the mattress for years. The bed includes a hypoallergenic topper that will protect the mattress. Isabella has solid legs in each of the critical points of weight, providing firmness and stability. The bed doesn\u2019t have direct contact with the floor, making it easier to clean the area under it. The high headboard gives this model that touch of distinction thanks to its upholstery matching the rest of the bed. The high quality, easy to clean and soft to touch fabric covers the entire surface of the bed. The bed is available in these three incredible colours:<\/p>\n<ul>\n<li><strong>Light grey<\/strong><\/li>\n<li><strong>Dark grey<\/strong><\/li>\n<li><strong>Beige<\/strong><\/li>\n<\/ul>\n<p>Your bedroom\u2019s protagonist, you will not want to leave it! This model is also available in a larger size of <a href=\"\/?p=15208\">180 x 200 cm \u2013 (Super King Size Storage Bed).<\/a> <strong>Dimensions: <\/strong>length 205, width 175 cm, height 60 cm.<strong>\u00a0Headboard dimensions:<\/strong> width 175, height 125 cm. <strong>Mattress dimensions:<\/strong> 160 x 200 cm (10 cm wider than standard UK king size mattress) <strong>Net weight:<\/strong> 187 kg<\/p>\n","protected":false},"excerpt":{"rendered":"<ul>\n<li>Mattress with bonnell springs (160 x 200 cm) included<\/li>\n<li>Upholstered headboard included<\/li>\n<li>Hypoallergenic topper included<\/li>\n<li>Two storage compartments (with 3 separate sections each)<\/li>\n<li>Hydraulic support opening mechanisms<\/li>\n<li>Legs included<\/li>\n<\/ul>\n<p><strong>Dimensions: <\/strong>length 205 cm, width 175 cm, height 60 cm, headboard &#8211; 125 x 175 cm<\/p>\n","protected":false},"featured_media":14846,"comment_status":"open","ping_status":"closed","template":"","meta":{"_et_pb_use_builder":"","_et_pb_old_content":"","_et_gb_content_width":""},"product_brand":[],"product_cat":[132],"product_tag":[],"class_list":{"0":"post-15215","1":"product","2":"type-product","3":"status-publish","4":"has-post-thumbnail","6":"product_cat-beds","7":"product_shipping_class-articulos-pesados","8":"pa_material-fabric","10":"first","11":"outofstock","12":"sale","13":"taxable","14":"shipping-taxable","15":"purchasable","16":"product-type-variable"},"yoast_head":"<!-- This site is optimized with the Yoast SEO plugin v27.2 - https:\/\/yoast.com\/product\/yoast-seo-wordpress\/ -->\n<title>King Size Storage Bed (Upholstered) 160 x 200 cm - Isabella - Don Baraton: tienda de sof\u00e1s, muebles y colchones<\/title>\n<meta name=\"robots\" content=\"index, follow, max-snippet:-1, max-image-preview:large, max-video-preview:-1\" \/>\n<link rel=\"canonical\" href=\"https:\/\/donbaraton.es\/en\/p\/king-size-storage-bed-upholstered-160-200-isabella\/\" \/>\n<meta property=\"og:locale\" content=\"en_GB\" \/>\n<meta property=\"og:type\" content=\"article\" \/>\n<meta property=\"og:title\" content=\"King Size Storage Bed (Upholstered) 160 x 200 cm - Isabella - Don Baraton: tienda de sof\u00e1s, muebles y colchones\" \/>\n<meta property=\"og:description\" content=\"Mattress with bonnell springs (160 x 200 cm) included Upholstered headboard included Hypoallergenic topper included Two storage compartments (with 3 separate sections each) Hydraulic support opening mechanisms Legs included  Dimensions: length 205 cm, width 175 cm, height 60 cm, headboard - 125 x 175 cm\" \/>\n<meta property=\"og:url\" content=\"https:\/\/donbaraton.es\/en\/p\/king-size-storage-bed-upholstered-160-200-isabella\/\" \/>\n<meta property=\"og:site_name\" content=\"Don Baraton: tienda de sof\u00e1s, muebles y colchones\" \/>\n<meta property=\"article:publisher\" content=\"https:\/\/www.facebook.com\/donbaraton.es\" \/>\n<meta property=\"article:modified_time\" content=\"2024-11-01T16:54:42+00:00\" \/>\n<meta property=\"og:image\" content=\"https:\/\/donbaraton.es\/wp-content\/uploads\/2019\/03\/Cama-doble-tapizada-160-x-200-cm-2-arcones-Isabella.-Color-gris-oscuro-Soro-95.jpg\" \/>\n\t<meta property=\"og:image:width\" content=\"1000\" \/>\n\t<meta property=\"og:image:height\" content=\"666\" \/>\n\t<meta property=\"og:image:type\" content=\"image\/jpeg\" \/>\n<meta name=\"twitter:card\" content=\"summary_large_image\" \/>\n<meta name=\"twitter:site\" content=\"@don_baraton\" \/>\n<meta name=\"twitter:label1\" content=\"Estimated reading time\" \/>\n\t<meta name=\"twitter:data1\" content=\"1 minute\" \/>\n<script type=\"application\/ld+json\" class=\"yoast-schema-graph\">{\"@context\":\"https:\/\/schema.org\",\"@graph\":[{\"@type\":\"WebPage\",\"@id\":\"https:\/\/donbaraton.es\/en\/p\/king-size-storage-bed-upholstered-160-200-isabella\/\",\"url\":\"https:\/\/donbaraton.es\/en\/p\/king-size-storage-bed-upholstered-160-200-isabella\/\",\"name\":\"King Size Storage Bed (Upholstered) 160 x 200 cm - Isabella - Don Baraton: tienda de sof\u00e1s, muebles y colchones\",\"isPartOf\":{\"@id\":\"https:\/\/donbaraton.es\/#website\"},\"primaryImageOfPage\":{\"@id\":\"https:\/\/donbaraton.es\/en\/p\/king-size-storage-bed-upholstered-160-200-isabella\/#primaryimage\"},\"image\":{\"@id\":\"https:\/\/donbaraton.es\/en\/p\/king-size-storage-bed-upholstered-160-200-isabella\/#primaryimage\"},\"thumbnailUrl\":\"https:\/\/donbaraton.es\/wp-content\/uploads\/2019\/03\/Cama-doble-tapizada-160-x-200-cm-2-arcones-Isabella.-Color-gris-oscuro-Soro-95.jpg\",\"datePublished\":\"2019-03-17T12:57:40+00:00\",\"dateModified\":\"2024-11-01T16:54:42+00:00\",\"breadcrumb\":{\"@id\":\"https:\/\/donbaraton.es\/en\/p\/king-size-storage-bed-upholstered-160-200-isabella\/#breadcrumb\"},\"inLanguage\":\"en-GB\",\"potentialAction\":[{\"@type\":\"ReadAction\",\"target\":[\"https:\/\/donbaraton.es\/en\/p\/king-size-storage-bed-upholstered-160-200-isabella\/\"]}]},{\"@type\":\"ImageObject\",\"inLanguage\":\"en-GB\",\"@id\":\"https:\/\/donbaraton.es\/en\/p\/king-size-storage-bed-upholstered-160-200-isabella\/#primaryimage\",\"url\":\"https:\/\/donbaraton.es\/wp-content\/uploads\/2019\/03\/Cama-doble-tapizada-160-x-200-cm-2-arcones-Isabella.-Color-gris-oscuro-Soro-95.jpg\",\"contentUrl\":\"https:\/\/donbaraton.es\/wp-content\/uploads\/2019\/03\/Cama-doble-tapizada-160-x-200-cm-2-arcones-Isabella.-Color-gris-oscuro-Soro-95.jpg\",\"width\":1000,\"height\":666,\"caption\":\"Upholstered King Size Storage Bed 160 x 200 cm - Isabella. Dark Grey Fabric\"},{\"@type\":\"BreadcrumbList\",\"@id\":\"https:\/\/donbaraton.es\/en\/p\/king-size-storage-bed-upholstered-160-200-isabella\/#breadcrumb\",\"itemListElement\":[{\"@type\":\"ListItem\",\"position\":1,\"name\":\"Portada\",\"item\":\"https:\/\/donbaraton.es\/en\/\"},{\"@type\":\"ListItem\",\"position\":2,\"name\":\"Online Shop\",\"item\":\"https:\/\/donbaraton.es\/en\/shop\/\"},{\"@type\":\"ListItem\",\"position\":3,\"name\":\"King Size Storage Bed (Upholstered) 160 x 200 cm &#8211; Isabella\"}]},{\"@type\":\"WebSite\",\"@id\":\"https:\/\/donbaraton.es\/#website\",\"url\":\"https:\/\/donbaraton.es\/\",\"name\":\"Don Baraton: tienda de sof\u00e1s, muebles y colchones\",\"description\":\"Sofas baratos desde el almac\u00e9n en Almorad\u00ed, Alicante\",\"publisher\":{\"@id\":\"https:\/\/donbaraton.es\/#organization\"},\"potentialAction\":[{\"@type\":\"SearchAction\",\"target\":{\"@type\":\"EntryPoint\",\"urlTemplate\":\"https:\/\/donbaraton.es\/?s={search_term_string}\"},\"query-input\":{\"@type\":\"PropertyValueSpecification\",\"valueRequired\":true,\"valueName\":\"search_term_string\"}}],\"inLanguage\":\"en-GB\"},{\"@type\":\"Organization\",\"@id\":\"https:\/\/donbaraton.es\/#organization\",\"name\":\"Don Baraton\",\"url\":\"https:\/\/donbaraton.es\/\",\"logo\":{\"@type\":\"ImageObject\",\"inLanguage\":\"en-GB\",\"@id\":\"https:\/\/donbaraton.es\/#\/schema\/logo\/image\/\",\"url\":\"https:\/\/i0.wp.com\/donbaraton.es\/wp-content\/uploads\/2016\/11\/logo_don_baraton.png?fit=228%2C110&ssl=1\",\"contentUrl\":\"https:\/\/i0.wp.com\/donbaraton.es\/wp-content\/uploads\/2016\/11\/logo_don_baraton.png?fit=228%2C110&ssl=1\",\"width\":228,\"height\":110,\"caption\":\"Don Baraton\"},\"image\":{\"@id\":\"https:\/\/donbaraton.es\/#\/schema\/logo\/image\/\"},\"sameAs\":[\"https:\/\/www.facebook.com\/donbaraton.es\",\"https:\/\/x.com\/don_baraton\",\"https:\/\/www.instagram.com\/donbaraton.es\",\"https:\/\/www.linkedin.com\/company\/donbaraton\/\",\"https:\/\/es.pinterest.com\/donbaraton\/\",\"https:\/\/www.youtube.com\/channel\/UCL02HOwx-F759Jq5MedAZfQ\"]}]}<\/script>\n<!-- \/ Yoast SEO plugin. -->","yoast_head_json":{"title":"King Size Storage Bed (Upholstered) 160 x 200 cm - Isabella - Don Baraton: tienda de sof\u00e1s, muebles y colchones","robots":{"index":"index","follow":"follow","max-snippet":"max-snippet:-1","max-image-preview":"max-image-preview:large","max-video-preview":"max-video-preview:-1"},"canonical":"https:\/\/donbaraton.es\/en\/p\/king-size-storage-bed-upholstered-160-200-isabella\/","og_locale":"en_GB","og_type":"article","og_title":"King Size Storage Bed (Upholstered) 160 x 200 cm - Isabella - Don Baraton: tienda de sof\u00e1s, muebles y colchones","og_description":"Mattress with bonnell springs (160 x 200 cm) included Upholstered headboard included Hypoallergenic topper included Two storage compartments (with 3 separate sections each) Hydraulic support opening mechanisms Legs included  Dimensions: length 205 cm, width 175 cm, height 60 cm, headboard - 125 x 175 cm","og_url":"https:\/\/donbaraton.es\/en\/p\/king-size-storage-bed-upholstered-160-200-isabella\/","og_site_name":"Don Baraton: tienda de sof\u00e1s, muebles y colchones","article_publisher":"https:\/\/www.facebook.com\/donbaraton.es","article_modified_time":"2024-11-01T16:54:42+00:00","og_image":[{"width":1000,"height":666,"url":"https:\/\/donbaraton.es\/wp-content\/uploads\/2019\/03\/Cama-doble-tapizada-160-x-200-cm-2-arcones-Isabella.-Color-gris-oscuro-Soro-95.jpg","type":"image\/jpeg"}],"twitter_card":"summary_large_image","twitter_site":"@don_baraton","twitter_misc":{"Estimated reading time":"1 minute"},"schema":{"@context":"https:\/\/schema.org","@graph":[{"@type":"WebPage","@id":"https:\/\/donbaraton.es\/en\/p\/king-size-storage-bed-upholstered-160-200-isabella\/","url":"https:\/\/donbaraton.es\/en\/p\/king-size-storage-bed-upholstered-160-200-isabella\/","name":"King Size Storage Bed (Upholstered) 160 x 200 cm - Isabella - Don Baraton: tienda de sof\u00e1s, muebles y colchones","isPartOf":{"@id":"https:\/\/donbaraton.es\/#website"},"primaryImageOfPage":{"@id":"https:\/\/donbaraton.es\/en\/p\/king-size-storage-bed-upholstered-160-200-isabella\/#primaryimage"},"image":{"@id":"https:\/\/donbaraton.es\/en\/p\/king-size-storage-bed-upholstered-160-200-isabella\/#primaryimage"},"thumbnailUrl":"https:\/\/donbaraton.es\/wp-content\/uploads\/2019\/03\/Cama-doble-tapizada-160-x-200-cm-2-arcones-Isabella.-Color-gris-oscuro-Soro-95.jpg","datePublished":"2019-03-17T12:57:40+00:00","dateModified":"2024-11-01T16:54:42+00:00","breadcrumb":{"@id":"https:\/\/donbaraton.es\/en\/p\/king-size-storage-bed-upholstered-160-200-isabella\/#breadcrumb"},"inLanguage":"en-GB","potentialAction":[{"@type":"ReadAction","target":["https:\/\/donbaraton.es\/en\/p\/king-size-storage-bed-upholstered-160-200-isabella\/"]}]},{"@type":"ImageObject","inLanguage":"en-GB","@id":"https:\/\/donbaraton.es\/en\/p\/king-size-storage-bed-upholstered-160-200-isabella\/#primaryimage","url":"https:\/\/donbaraton.es\/wp-content\/uploads\/2019\/03\/Cama-doble-tapizada-160-x-200-cm-2-arcones-Isabella.-Color-gris-oscuro-Soro-95.jpg","contentUrl":"https:\/\/donbaraton.es\/wp-content\/uploads\/2019\/03\/Cama-doble-tapizada-160-x-200-cm-2-arcones-Isabella.-Color-gris-oscuro-Soro-95.jpg","width":1000,"height":666,"caption":"Upholstered King Size Storage Bed 160 x 200 cm - Isabella. Dark Grey Fabric"},{"@type":"BreadcrumbList","@id":"https:\/\/donbaraton.es\/en\/p\/king-size-storage-bed-upholstered-160-200-isabella\/#breadcrumb","itemListElement":[{"@type":"ListItem","position":1,"name":"Portada","item":"https:\/\/donbaraton.es\/en\/"},{"@type":"ListItem","position":2,"name":"Online Shop","item":"https:\/\/donbaraton.es\/en\/shop\/"},{"@type":"ListItem","position":3,"name":"King Size Storage Bed (Upholstered) 160 x 200 cm &#8211; Isabella"}]},{"@type":"WebSite","@id":"https:\/\/donbaraton.es\/#website","url":"https:\/\/donbaraton.es\/","name":"Don Baraton: tienda de sof\u00e1s, muebles y colchones","description":"Sofas baratos desde el almac\u00e9n en Almorad\u00ed, Alicante","publisher":{"@id":"https:\/\/donbaraton.es\/#organization"},"potentialAction":[{"@type":"SearchAction","target":{"@type":"EntryPoint","urlTemplate":"https:\/\/donbaraton.es\/?s={search_term_string}"},"query-input":{"@type":"PropertyValueSpecification","valueRequired":true,"valueName":"search_term_string"}}],"inLanguage":"en-GB"},{"@type":"Organization","@id":"https:\/\/donbaraton.es\/#organization","name":"Don Baraton","url":"https:\/\/donbaraton.es\/","logo":{"@type":"ImageObject","inLanguage":"en-GB","@id":"https:\/\/donbaraton.es\/#\/schema\/logo\/image\/","url":"https:\/\/i0.wp.com\/donbaraton.es\/wp-content\/uploads\/2016\/11\/logo_don_baraton.png?fit=228%2C110&ssl=1","contentUrl":"https:\/\/i0.wp.com\/donbaraton.es\/wp-content\/uploads\/2016\/11\/logo_don_baraton.png?fit=228%2C110&ssl=1","width":228,"height":110,"caption":"Don Baraton"},"image":{"@id":"https:\/\/donbaraton.es\/#\/schema\/logo\/image\/"},"sameAs":["https:\/\/www.facebook.com\/donbaraton.es","https:\/\/x.com\/don_baraton","https:\/\/www.instagram.com\/donbaraton.es","https:\/\/www.linkedin.com\/company\/donbaraton\/","https:\/\/es.pinterest.com\/donbaraton\/","https:\/\/www.youtube.com\/channel\/UCL02HOwx-F759Jq5MedAZfQ"]}]}},"_links":{"self":[{"href":"https:\/\/donbaraton.es\/en\/wp-json\/wp\/v2\/product\/15215","targetHints":{"allow":["GET"]}}],"collection":[{"href":"https:\/\/donbaraton.es\/en\/wp-json\/wp\/v2\/product"}],"about":[{"href":"https:\/\/donbaraton.es\/en\/wp-json\/wp\/v2\/types\/product"}],"replies":[{"embeddable":true,"href":"https:\/\/donbaraton.es\/en\/wp-json\/wp\/v2\/comments?post=15215"}],"wp:featuredmedia":[{"embeddable":true,"href":"https:\/\/donbaraton.es\/en\/wp-json\/wp\/v2\/media\/14846"}],"wp:attachment":[{"href":"https:\/\/donbaraton.es\/en\/wp-json\/wp\/v2\/media?parent=15215"}],"wp:term":[{"taxonomy":"product_brand","embeddable":true,"href":"https:\/\/donbaraton.es\/en\/wp-json\/wp\/v2\/product_brand?post=15215"},{"taxonomy":"product_cat","embeddable":true,"href":"https:\/\/donbaraton.es\/en\/wp-json\/wp\/v2\/product_cat?post=15215"},{"taxonomy":"product_tag","embeddable":true,"href":"https:\/\/donbaraton.es\/en\/wp-json\/wp\/v2\/product_tag?post=15215"}],"curies":[{"name":"wp","href":"https:\/\/api.w.org\/{rel}","templated":true}]}}