{"id":15228,"date":"2019-03-17T00:24:16","date_gmt":"2019-03-16T23:24:16","guid":{"rendered":"https:\/\/donbaraton.es\/producto\/uncategorized\/single-storage-bed-upholstered-fabric-90-200-amelia\/"},"modified":"2022-12-02T16:31:11","modified_gmt":"2022-12-02T15:31:11","slug":"single-storage-bed-upholstered-fabric-90-200-amelia","status":"publish","type":"product","link":"https:\/\/donbaraton.es\/en\/p\/single-storage-bed-upholstered-fabric-90-200-amelia\/","title":{"rendered":"Single Storage Bed Upholstered in Fabric, 90 x 200 cm &#8211; Amelia"},"content":{"rendered":"<p><strong>Single upholstered storage bed with mattress, headboard and topper &#8211; Amelia.\u00a0<\/strong><\/p>\n<p>&#8220;European single&#8221; or &#8220;euro single&#8221; size of 90 x 200 cm (3&#8242; x 6&#8217;6&#8243;), which is 10 cm longer than a standard UK single bed, Amelia is a single bed you&#8217;ve always wanted.<\/p>\n<p>The model has a lifting top that allows easy access to a spacious storage divided into three sections. Keep your bedroom in order!<\/p>\n<p>The hydraulic supports allow easy lifting of the base of the mattress in a single move.<\/p>\n<p>The reversible mattress of the bed has bonell-type springs. A comfy mattress ideal for your body!<\/p>\n<p>The bed includes a 4 cm thick hypoallergenic topper with no additional cost, unmissable!<\/p>\n<p>The solid base of this bed provides a firm support to the mattress and prevents its deformation.<\/p>\n<p>Robust legs (included) raise the bed to avoid contact with the floor and facilitate cleaning.<\/p>\n<p>A tall headboard upholstered in the same fabric as the rest of the bed.<\/p>\n<p>The bed is available in the following colours:<\/p>\n<ul>\n<li><strong>Light grey<\/strong><\/li>\n<li><strong>Dark grey<\/strong><\/li>\n<li><strong>Beige<\/strong><\/li>\n<\/ul>\n<p>A pretty, practical and comfy bed all in one!<\/p>\n<p><strong>Dimensions:<\/strong> length 205 cm, height 60 cm, width 90 cm. <strong>Headboard dimensions:<\/strong> height 126 cm, width 92 cm. <strong>Mattress dimensions:<\/strong> 90 x 200 cm<\/p>\n","protected":false},"excerpt":{"rendered":"<ul>\n<li>Reversible mattress (90 x 200 cm) with springs included<\/li>\n<li>High headboard included (126 x 92 cm)<\/li>\n<li>Spacious storage with three sections<\/li>\n<li>Hypoallergenic topper (mattress topper) included<\/li>\n<li>Legs included<\/li>\n<li>Left or right side opening to choose from<\/li>\n<\/ul>\n<p><strong>Dimensions:<\/strong> length 205 cm, width 90 cm, height 60 cm. Headboard &#8211; 126 x 92 cm<\/p>\n","protected":false},"featured_media":14812,"comment_status":"open","ping_status":"closed","template":"","meta":{"_et_pb_use_builder":"","_et_pb_old_content":"","_et_gb_content_width":""},"product_brand":[],"product_cat":[132],"product_tag":[],"class_list":{"0":"post-15228","1":"product","2":"type-product","3":"status-publish","4":"has-post-thumbnail","6":"product_cat-beds","7":"product_shipping_class-articulos-pesados","8":"pa_material-fabric","10":"first","11":"instock","12":"sale","13":"taxable","14":"shipping-taxable","15":"purchasable","16":"product-type-variable"},"yoast_head":"<!-- This site is optimized with the Yoast SEO plugin v27.2 - https:\/\/yoast.com\/product\/yoast-seo-wordpress\/ -->\n<title>Single Storage Bed Upholstered in Fabric, 90 x 200 cm - Amelia - Don Baraton: tienda de sof\u00e1s, muebles y colchones<\/title>\n<meta name=\"robots\" content=\"index, follow, max-snippet:-1, max-image-preview:large, max-video-preview:-1\" \/>\n<link rel=\"canonical\" href=\"https:\/\/donbaraton.es\/en\/p\/single-storage-bed-upholstered-fabric-90-200-amelia\/\" \/>\n<meta property=\"og:locale\" content=\"en_GB\" \/>\n<meta property=\"og:type\" content=\"article\" \/>\n<meta property=\"og:title\" content=\"Single Storage Bed Upholstered in Fabric, 90 x 200 cm - Amelia - Don Baraton: tienda de sof\u00e1s, muebles y colchones\" \/>\n<meta property=\"og:description\" content=\"Reversible mattress (90 x 200 cm) with springs included  High headboard included (126 x 92 cm)  Spacious storage with three sections  Hypoallergenic topper (mattress topper) included  Legs included  Left or right side opening to choose from  Dimensions: length 205 cm, width 90 cm, height 60 cm. Headboard - 126 x 92 cm\" \/>\n<meta property=\"og:url\" content=\"https:\/\/donbaraton.es\/en\/p\/single-storage-bed-upholstered-fabric-90-200-amelia\/\" \/>\n<meta property=\"og:site_name\" content=\"Don Baraton: tienda de sof\u00e1s, muebles y colchones\" \/>\n<meta property=\"article:publisher\" content=\"https:\/\/www.facebook.com\/donbaraton.es\" \/>\n<meta property=\"article:modified_time\" content=\"2022-12-02T15:31:11+00:00\" \/>\n<meta property=\"og:image\" content=\"https:\/\/i0.wp.com\/donbaraton.es\/wp-content\/uploads\/2019\/03\/Cama-individual-90-x-200-cm-tapizada-en-tela-gris-oscuro-Soro-95-con-arc\u00f3n-de-almacenaje-Amelia.jpg?fit=1000%2C666&ssl=1\" \/>\n\t<meta property=\"og:image:width\" content=\"1000\" \/>\n\t<meta property=\"og:image:height\" content=\"666\" \/>\n\t<meta property=\"og:image:type\" content=\"image\/jpeg\" \/>\n<meta name=\"twitter:card\" content=\"summary_large_image\" \/>\n<meta name=\"twitter:site\" content=\"@don_baraton\" \/>\n<meta name=\"twitter:label1\" content=\"Estimated reading time\" \/>\n\t<meta name=\"twitter:data1\" content=\"1 minute\" \/>\n<script type=\"application\/ld+json\" class=\"yoast-schema-graph\">{\"@context\":\"https:\/\/schema.org\",\"@graph\":[{\"@type\":\"WebPage\",\"@id\":\"https:\/\/donbaraton.es\/en\/p\/single-storage-bed-upholstered-fabric-90-200-amelia\/\",\"url\":\"https:\/\/donbaraton.es\/en\/p\/single-storage-bed-upholstered-fabric-90-200-amelia\/\",\"name\":\"Single Storage Bed Upholstered in Fabric, 90 x 200 cm - Amelia - Don Baraton: tienda de sof\u00e1s, muebles y colchones\",\"isPartOf\":{\"@id\":\"https:\/\/donbaraton.es\/#website\"},\"primaryImageOfPage\":{\"@id\":\"https:\/\/donbaraton.es\/en\/p\/single-storage-bed-upholstered-fabric-90-200-amelia\/#primaryimage\"},\"image\":{\"@id\":\"https:\/\/donbaraton.es\/en\/p\/single-storage-bed-upholstered-fabric-90-200-amelia\/#primaryimage\"},\"thumbnailUrl\":\"https:\/\/donbaraton.es\/wp-content\/uploads\/2019\/03\/Cama-individual-90-x-200-cm-tapizada-en-tela-gris-oscuro-Soro-95-con-arc\u00f3n-de-almacenaje-Amelia.jpg\",\"datePublished\":\"2019-03-16T23:24:16+00:00\",\"dateModified\":\"2022-12-02T15:31:11+00:00\",\"breadcrumb\":{\"@id\":\"https:\/\/donbaraton.es\/en\/p\/single-storage-bed-upholstered-fabric-90-200-amelia\/#breadcrumb\"},\"inLanguage\":\"en-GB\",\"potentialAction\":[{\"@type\":\"ReadAction\",\"target\":[\"https:\/\/donbaraton.es\/en\/p\/single-storage-bed-upholstered-fabric-90-200-amelia\/\"]}]},{\"@type\":\"ImageObject\",\"inLanguage\":\"en-GB\",\"@id\":\"https:\/\/donbaraton.es\/en\/p\/single-storage-bed-upholstered-fabric-90-200-amelia\/#primaryimage\",\"url\":\"https:\/\/donbaraton.es\/wp-content\/uploads\/2019\/03\/Cama-individual-90-x-200-cm-tapizada-en-tela-gris-oscuro-Soro-95-con-arc\u00f3n-de-almacenaje-Amelia.jpg\",\"contentUrl\":\"https:\/\/donbaraton.es\/wp-content\/uploads\/2019\/03\/Cama-individual-90-x-200-cm-tapizada-en-tela-gris-oscuro-Soro-95-con-arc\u00f3n-de-almacenaje-Amelia.jpg\",\"width\":1000,\"height\":666,\"caption\":\"Single Storage Bed Upholstered in Fabric, 90 x 200 cm - Amelia. Dark Grey Fabric (Soro 95)\"},{\"@type\":\"BreadcrumbList\",\"@id\":\"https:\/\/donbaraton.es\/en\/p\/single-storage-bed-upholstered-fabric-90-200-amelia\/#breadcrumb\",\"itemListElement\":[{\"@type\":\"ListItem\",\"position\":1,\"name\":\"Portada\",\"item\":\"https:\/\/donbaraton.es\/en\/\"},{\"@type\":\"ListItem\",\"position\":2,\"name\":\"Online Shop\",\"item\":\"https:\/\/donbaraton.es\/en\/shop\/\"},{\"@type\":\"ListItem\",\"position\":3,\"name\":\"Single Storage Bed Upholstered in Fabric, 90 x 200 cm &#8211; Amelia\"}]},{\"@type\":\"WebSite\",\"@id\":\"https:\/\/donbaraton.es\/#website\",\"url\":\"https:\/\/donbaraton.es\/\",\"name\":\"Don Baraton: tienda de sof\u00e1s, muebles y colchones\",\"description\":\"Sofas baratos desde el almac\u00e9n en Almorad\u00ed, Alicante\",\"publisher\":{\"@id\":\"https:\/\/donbaraton.es\/#organization\"},\"potentialAction\":[{\"@type\":\"SearchAction\",\"target\":{\"@type\":\"EntryPoint\",\"urlTemplate\":\"https:\/\/donbaraton.es\/?s={search_term_string}\"},\"query-input\":{\"@type\":\"PropertyValueSpecification\",\"valueRequired\":true,\"valueName\":\"search_term_string\"}}],\"inLanguage\":\"en-GB\"},{\"@type\":\"Organization\",\"@id\":\"https:\/\/donbaraton.es\/#organization\",\"name\":\"Don Baraton\",\"url\":\"https:\/\/donbaraton.es\/\",\"logo\":{\"@type\":\"ImageObject\",\"inLanguage\":\"en-GB\",\"@id\":\"https:\/\/donbaraton.es\/#\/schema\/logo\/image\/\",\"url\":\"https:\/\/i0.wp.com\/donbaraton.es\/wp-content\/uploads\/2016\/11\/logo_don_baraton.png?fit=228%2C110&ssl=1\",\"contentUrl\":\"https:\/\/i0.wp.com\/donbaraton.es\/wp-content\/uploads\/2016\/11\/logo_don_baraton.png?fit=228%2C110&ssl=1\",\"width\":228,\"height\":110,\"caption\":\"Don Baraton\"},\"image\":{\"@id\":\"https:\/\/donbaraton.es\/#\/schema\/logo\/image\/\"},\"sameAs\":[\"https:\/\/www.facebook.com\/donbaraton.es\",\"https:\/\/x.com\/don_baraton\",\"https:\/\/www.instagram.com\/donbaraton.es\",\"https:\/\/www.linkedin.com\/company\/donbaraton\/\",\"https:\/\/es.pinterest.com\/donbaraton\/\",\"https:\/\/www.youtube.com\/channel\/UCL02HOwx-F759Jq5MedAZfQ\"]}]}<\/script>\n<!-- \/ Yoast SEO plugin. -->","yoast_head_json":{"title":"Single Storage Bed Upholstered in Fabric, 90 x 200 cm - Amelia - Don Baraton: tienda de sof\u00e1s, muebles y colchones","robots":{"index":"index","follow":"follow","max-snippet":"max-snippet:-1","max-image-preview":"max-image-preview:large","max-video-preview":"max-video-preview:-1"},"canonical":"https:\/\/donbaraton.es\/en\/p\/single-storage-bed-upholstered-fabric-90-200-amelia\/","og_locale":"en_GB","og_type":"article","og_title":"Single Storage Bed Upholstered in Fabric, 90 x 200 cm - Amelia - Don Baraton: tienda de sof\u00e1s, muebles y colchones","og_description":"Reversible mattress (90 x 200 cm) with springs included  High headboard included (126 x 92 cm)  Spacious storage with three sections  Hypoallergenic topper (mattress topper) included  Legs included  Left or right side opening to choose from  Dimensions: length 205 cm, width 90 cm, height 60 cm. Headboard - 126 x 92 cm","og_url":"https:\/\/donbaraton.es\/en\/p\/single-storage-bed-upholstered-fabric-90-200-amelia\/","og_site_name":"Don Baraton: tienda de sof\u00e1s, muebles y colchones","article_publisher":"https:\/\/www.facebook.com\/donbaraton.es","article_modified_time":"2022-12-02T15:31:11+00:00","og_image":[{"width":1000,"height":666,"url":"https:\/\/i0.wp.com\/donbaraton.es\/wp-content\/uploads\/2019\/03\/Cama-individual-90-x-200-cm-tapizada-en-tela-gris-oscuro-Soro-95-con-arc\u00f3n-de-almacenaje-Amelia.jpg?fit=1000%2C666&ssl=1","type":"image\/jpeg"}],"twitter_card":"summary_large_image","twitter_site":"@don_baraton","twitter_misc":{"Estimated reading time":"1 minute"},"schema":{"@context":"https:\/\/schema.org","@graph":[{"@type":"WebPage","@id":"https:\/\/donbaraton.es\/en\/p\/single-storage-bed-upholstered-fabric-90-200-amelia\/","url":"https:\/\/donbaraton.es\/en\/p\/single-storage-bed-upholstered-fabric-90-200-amelia\/","name":"Single Storage Bed Upholstered in Fabric, 90 x 200 cm - Amelia - Don Baraton: tienda de sof\u00e1s, muebles y colchones","isPartOf":{"@id":"https:\/\/donbaraton.es\/#website"},"primaryImageOfPage":{"@id":"https:\/\/donbaraton.es\/en\/p\/single-storage-bed-upholstered-fabric-90-200-amelia\/#primaryimage"},"image":{"@id":"https:\/\/donbaraton.es\/en\/p\/single-storage-bed-upholstered-fabric-90-200-amelia\/#primaryimage"},"thumbnailUrl":"https:\/\/donbaraton.es\/wp-content\/uploads\/2019\/03\/Cama-individual-90-x-200-cm-tapizada-en-tela-gris-oscuro-Soro-95-con-arc\u00f3n-de-almacenaje-Amelia.jpg","datePublished":"2019-03-16T23:24:16+00:00","dateModified":"2022-12-02T15:31:11+00:00","breadcrumb":{"@id":"https:\/\/donbaraton.es\/en\/p\/single-storage-bed-upholstered-fabric-90-200-amelia\/#breadcrumb"},"inLanguage":"en-GB","potentialAction":[{"@type":"ReadAction","target":["https:\/\/donbaraton.es\/en\/p\/single-storage-bed-upholstered-fabric-90-200-amelia\/"]}]},{"@type":"ImageObject","inLanguage":"en-GB","@id":"https:\/\/donbaraton.es\/en\/p\/single-storage-bed-upholstered-fabric-90-200-amelia\/#primaryimage","url":"https:\/\/donbaraton.es\/wp-content\/uploads\/2019\/03\/Cama-individual-90-x-200-cm-tapizada-en-tela-gris-oscuro-Soro-95-con-arc\u00f3n-de-almacenaje-Amelia.jpg","contentUrl":"https:\/\/donbaraton.es\/wp-content\/uploads\/2019\/03\/Cama-individual-90-x-200-cm-tapizada-en-tela-gris-oscuro-Soro-95-con-arc\u00f3n-de-almacenaje-Amelia.jpg","width":1000,"height":666,"caption":"Single Storage Bed Upholstered in Fabric, 90 x 200 cm - Amelia. Dark Grey Fabric (Soro 95)"},{"@type":"BreadcrumbList","@id":"https:\/\/donbaraton.es\/en\/p\/single-storage-bed-upholstered-fabric-90-200-amelia\/#breadcrumb","itemListElement":[{"@type":"ListItem","position":1,"name":"Portada","item":"https:\/\/donbaraton.es\/en\/"},{"@type":"ListItem","position":2,"name":"Online Shop","item":"https:\/\/donbaraton.es\/en\/shop\/"},{"@type":"ListItem","position":3,"name":"Single Storage Bed Upholstered in Fabric, 90 x 200 cm &#8211; Amelia"}]},{"@type":"WebSite","@id":"https:\/\/donbaraton.es\/#website","url":"https:\/\/donbaraton.es\/","name":"Don Baraton: tienda de sof\u00e1s, muebles y colchones","description":"Sofas baratos desde el almac\u00e9n en Almorad\u00ed, Alicante","publisher":{"@id":"https:\/\/donbaraton.es\/#organization"},"potentialAction":[{"@type":"SearchAction","target":{"@type":"EntryPoint","urlTemplate":"https:\/\/donbaraton.es\/?s={search_term_string}"},"query-input":{"@type":"PropertyValueSpecification","valueRequired":true,"valueName":"search_term_string"}}],"inLanguage":"en-GB"},{"@type":"Organization","@id":"https:\/\/donbaraton.es\/#organization","name":"Don Baraton","url":"https:\/\/donbaraton.es\/","logo":{"@type":"ImageObject","inLanguage":"en-GB","@id":"https:\/\/donbaraton.es\/#\/schema\/logo\/image\/","url":"https:\/\/i0.wp.com\/donbaraton.es\/wp-content\/uploads\/2016\/11\/logo_don_baraton.png?fit=228%2C110&ssl=1","contentUrl":"https:\/\/i0.wp.com\/donbaraton.es\/wp-content\/uploads\/2016\/11\/logo_don_baraton.png?fit=228%2C110&ssl=1","width":228,"height":110,"caption":"Don Baraton"},"image":{"@id":"https:\/\/donbaraton.es\/#\/schema\/logo\/image\/"},"sameAs":["https:\/\/www.facebook.com\/donbaraton.es","https:\/\/x.com\/don_baraton","https:\/\/www.instagram.com\/donbaraton.es","https:\/\/www.linkedin.com\/company\/donbaraton\/","https:\/\/es.pinterest.com\/donbaraton\/","https:\/\/www.youtube.com\/channel\/UCL02HOwx-F759Jq5MedAZfQ"]}]}},"_links":{"self":[{"href":"https:\/\/donbaraton.es\/en\/wp-json\/wp\/v2\/product\/15228","targetHints":{"allow":["GET"]}}],"collection":[{"href":"https:\/\/donbaraton.es\/en\/wp-json\/wp\/v2\/product"}],"about":[{"href":"https:\/\/donbaraton.es\/en\/wp-json\/wp\/v2\/types\/product"}],"replies":[{"embeddable":true,"href":"https:\/\/donbaraton.es\/en\/wp-json\/wp\/v2\/comments?post=15228"}],"wp:featuredmedia":[{"embeddable":true,"href":"https:\/\/donbaraton.es\/en\/wp-json\/wp\/v2\/media\/14812"}],"wp:attachment":[{"href":"https:\/\/donbaraton.es\/en\/wp-json\/wp\/v2\/media?parent=15228"}],"wp:term":[{"taxonomy":"product_brand","embeddable":true,"href":"https:\/\/donbaraton.es\/en\/wp-json\/wp\/v2\/product_brand?post=15228"},{"taxonomy":"product_cat","embeddable":true,"href":"https:\/\/donbaraton.es\/en\/wp-json\/wp\/v2\/product_cat?post=15228"},{"taxonomy":"product_tag","embeddable":true,"href":"https:\/\/donbaraton.es\/en\/wp-json\/wp\/v2\/product_tag?post=15228"}],"curies":[{"name":"wp","href":"https:\/\/api.w.org\/{rel}","templated":true}]}}