{"id":15243,"date":"2020-12-30T23:01:23","date_gmt":"2019-03-16T01:36:23","guid":{"rendered":"https:\/\/donbaraton.es\/producto\/uncategorized\/chaise-longue-sofa-pull-out-bed-wooden-armrests-leeds\/"},"modified":"2021-07-02T15:43:08","modified_gmt":"2021-07-02T13:43:08","slug":"chaise-longue-sofa-pull-out-bed-wooden-armrests-leeds","status":"publish","type":"product","link":"https:\/\/donbaraton.es\/en\/p\/chaise-longue-sofa-pull-out-bed-wooden-armrests-leeds\/","title":{"rendered":"Chaise Longue Sofa with Pull-out Bed and Wooden Armrests &#8211; Leeds"},"content":{"rendered":"<p><strong>Chaise longue sofa with pull-out bed and wooden armrests &#8211; Leeds.<\/strong><\/p>\n<p><strong>The unique design<\/strong> of circles and curved lines immediately captures attention. Its fresh and modern shape makes it a versatile piece of furniture. The back cushions, the armrests and the lower part of the seats make this sofa a model that stands out.<\/p>\n<p>Thanks to its opening mechanism, this sofa<strong> transforms into a bed<\/strong>, ideal to provide a comfortable rest to you and your guests.<\/p>\n<p>The<strong> chaise longue<\/strong> allows you to completely rest your body without occupying the entire sofa. Once you try it, you will enjoy this comfortable chaise longue again again!<\/p>\n<p>This model has two <strong>storage<\/strong> compartments for bedding and pillows under the seats. Thanks to their fine finishes inside, you can store delicate fabrics or whatever you want inside, significantly saving space in your room.<\/p>\n<p>The sofa has <strong>wooden armrests<\/strong> that allow you to take a comfortable position while seating and gives that original touch to the design.<\/p>\n<p>The comfortable seats have <strong>bonnell springs<\/strong> and are filled with elastic foam of great strength and durability (HR). You won&#8217;t want to get up from the sofa!<\/p>\n<p>The sofa is upholstered in a combination of synthetic fabric and faux leather, both easy to clean.<\/p>\n<p><strong>Two color styles are available:<\/strong><\/p>\n<ul>\n<li>Combination of dark brown fabric and beige faux leather<\/li>\n<li>Combination of grey fabric and slightly darker faux leather<\/li>\n<\/ul>\n<p>Leeds is our chaise longue of dynamic design. Its wooden details\u00a0 and its curves make it a model that stands out. Definitely not suitable for a boring living room!<\/p>\n<p><strong>Dimensions:<\/strong> length 235 cm, length of the chaise longue 140 cm, depth 90 cm<\/p>\n<p><strong>Net weight<\/strong>: 122 kg<\/p>\n","protected":false},"excerpt":{"rendered":"<ul>\n<li>Pull-out bed 125 x 195 cm<\/li>\n<li>Design with wooden armrests and lateral circles<\/li>\n<li>Heavy-duty structure made of solid wood and chipboard<\/li>\n<li>2 storage compartments under the seats<\/li>\n<li>Comfy seats with bonell springs<\/li>\n<li>Corner on the left or right side to choose<\/li>\n<\/ul>\n<p><strong>Dimensions:<\/strong> length 235 cm, length of the chaise 140 cm, height 90 cm, depth 97 cm<\/p>\n","protected":false},"featured_media":14777,"comment_status":"open","ping_status":"closed","template":"","meta":{"_et_pb_use_builder":"","_et_pb_old_content":"","_et_gb_content_width":""},"product_brand":[],"product_cat":[43,45,41,35],"product_tag":[],"class_list":{"0":"post-15243","1":"product","2":"type-product","3":"status-publish","4":"has-post-thumbnail","6":"product_cat-sofa-beds-chaise-longue","7":"product_cat-chaise-longue-sofas","8":"product_cat-sofa-beds","9":"product_cat-sofas-en","10":"product_shipping_class-articulos-pesados","11":"pa_lado-left","12":"pa_lado-reversible-chaise","13":"pa_lado-right","14":"pa_largo-sofas-201-250-cm-en","15":"pa_material-fabric","16":"pa_material-faux-leather","17":"pa_plazas-3-seater-sofas","19":"first","20":"outofstock","21":"sale","22":"taxable","23":"shipping-taxable","24":"purchasable","25":"product-type-variable"},"yoast_head":"<!-- This site is optimized with the Yoast SEO plugin v27.5 - https:\/\/yoast.com\/product\/yoast-seo-wordpress\/ -->\n<title>Chaise Longue Sofa with Pull-out Bed and Wooden Armrests - Leeds - Don Baraton: tienda de sof\u00e1s, muebles y colchones<\/title>\n<meta name=\"robots\" content=\"index, follow, max-snippet:-1, max-image-preview:large, max-video-preview:-1\" \/>\n<link rel=\"canonical\" href=\"https:\/\/donbaraton.es\/en\/p\/chaise-longue-sofa-pull-out-bed-wooden-armrests-leeds\/\" \/>\n<meta property=\"og:locale\" content=\"en_GB\" \/>\n<meta property=\"og:type\" content=\"article\" \/>\n<meta property=\"og:title\" content=\"Chaise Longue Sofa with Pull-out Bed and Wooden Armrests - Leeds - Don Baraton: tienda de sof\u00e1s, muebles y colchones\" \/>\n<meta property=\"og:description\" content=\"Pull-out bed 125 x 195 cm  Design with wooden armrests and lateral circles  Heavy-duty structure made of solid wood and chipboard  2 storage compartments under the seats  Comfy seats with bonell springs  Corner on the left or right side to choose  Dimensions: length 235 cm, length of the chaise 140 cm, height 90 cm, depth 97 cm\" \/>\n<meta property=\"og:url\" content=\"https:\/\/donbaraton.es\/en\/p\/chaise-longue-sofa-pull-out-bed-wooden-armrests-leeds\/\" \/>\n<meta property=\"og:site_name\" content=\"Don Baraton: tienda de sof\u00e1s, muebles y colchones\" \/>\n<meta property=\"article:publisher\" content=\"https:\/\/www.facebook.com\/donbaraton.es\" \/>\n<meta property=\"article:modified_time\" content=\"2021-07-02T13:43:08+00:00\" \/>\n<meta property=\"og:image\" content=\"https:\/\/i1.wp.com\/donbaraton.es\/wp-content\/uploads\/2019\/03\/Sof\u00e1-chaise-longue-cama-con-reposabrazos-de-madera-Leeds.-Tela-gris-Sawana-21-polipiel-gris-Soft-29.-Chaise-longue-lado-izquierdo.jpg?fit=1000%2C666&ssl=1\" \/>\n\t<meta property=\"og:image:width\" content=\"1000\" \/>\n\t<meta property=\"og:image:height\" content=\"666\" \/>\n\t<meta property=\"og:image:type\" content=\"image\/jpeg\" \/>\n<meta name=\"twitter:card\" content=\"summary_large_image\" \/>\n<meta name=\"twitter:site\" content=\"@don_baraton\" \/>\n<meta name=\"twitter:label1\" content=\"Estimated reading time\" \/>\n\t<meta name=\"twitter:data1\" content=\"1 minute\" \/>\n<script type=\"application\/ld+json\" class=\"yoast-schema-graph\">{\"@context\":\"https:\\\/\\\/schema.org\",\"@graph\":[{\"@type\":\"WebPage\",\"@id\":\"https:\\\/\\\/donbaraton.es\\\/en\\\/p\\\/chaise-longue-sofa-pull-out-bed-wooden-armrests-leeds\\\/\",\"url\":\"https:\\\/\\\/donbaraton.es\\\/en\\\/p\\\/chaise-longue-sofa-pull-out-bed-wooden-armrests-leeds\\\/\",\"name\":\"Chaise Longue Sofa with Pull-out Bed and Wooden Armrests - Leeds - Don Baraton: tienda de sof\u00e1s, muebles y colchones\",\"isPartOf\":{\"@id\":\"https:\\\/\\\/donbaraton.es\\\/#website\"},\"primaryImageOfPage\":{\"@id\":\"https:\\\/\\\/donbaraton.es\\\/en\\\/p\\\/chaise-longue-sofa-pull-out-bed-wooden-armrests-leeds\\\/#primaryimage\"},\"image\":{\"@id\":\"https:\\\/\\\/donbaraton.es\\\/en\\\/p\\\/chaise-longue-sofa-pull-out-bed-wooden-armrests-leeds\\\/#primaryimage\"},\"thumbnailUrl\":\"https:\\\/\\\/donbaraton.es\\\/wp-content\\\/uploads\\\/2019\\\/03\\\/Sof\u00e1-chaise-longue-cama-con-reposabrazos-de-madera-Leeds.-Tela-gris-Sawana-21-polipiel-gris-Soft-29.-Chaise-longue-lado-izquierdo.jpg\",\"datePublished\":\"2019-03-16T01:36:23+00:00\",\"dateModified\":\"2021-07-02T13:43:08+00:00\",\"breadcrumb\":{\"@id\":\"https:\\\/\\\/donbaraton.es\\\/en\\\/p\\\/chaise-longue-sofa-pull-out-bed-wooden-armrests-leeds\\\/#breadcrumb\"},\"inLanguage\":\"en-GB\",\"potentialAction\":[{\"@type\":\"ReadAction\",\"target\":[\"https:\\\/\\\/donbaraton.es\\\/en\\\/p\\\/chaise-longue-sofa-pull-out-bed-wooden-armrests-leeds\\\/\"]}]},{\"@type\":\"ImageObject\",\"inLanguage\":\"en-GB\",\"@id\":\"https:\\\/\\\/donbaraton.es\\\/en\\\/p\\\/chaise-longue-sofa-pull-out-bed-wooden-armrests-leeds\\\/#primaryimage\",\"url\":\"https:\\\/\\\/donbaraton.es\\\/wp-content\\\/uploads\\\/2019\\\/03\\\/Sof\u00e1-chaise-longue-cama-con-reposabrazos-de-madera-Leeds.-Tela-gris-Sawana-21-polipiel-gris-Soft-29.-Chaise-longue-lado-izquierdo.jpg\",\"contentUrl\":\"https:\\\/\\\/donbaraton.es\\\/wp-content\\\/uploads\\\/2019\\\/03\\\/Sof\u00e1-chaise-longue-cama-con-reposabrazos-de-madera-Leeds.-Tela-gris-Sawana-21-polipiel-gris-Soft-29.-Chaise-longue-lado-izquierdo.jpg\",\"width\":1000,\"height\":666,\"caption\":\"Chaise Longue Sofa with Pull-out Bed and Wooden Armrests - Leeds. Grey Fabric and Faux Leather. Corner on the Left\"},{\"@type\":\"BreadcrumbList\",\"@id\":\"https:\\\/\\\/donbaraton.es\\\/en\\\/p\\\/chaise-longue-sofa-pull-out-bed-wooden-armrests-leeds\\\/#breadcrumb\",\"itemListElement\":[{\"@type\":\"ListItem\",\"position\":1,\"name\":\"Portada\",\"item\":\"https:\\\/\\\/donbaraton.es\\\/en\\\/\"},{\"@type\":\"ListItem\",\"position\":2,\"name\":\"Online Shop\",\"item\":\"https:\\\/\\\/donbaraton.es\\\/en\\\/shop\\\/\"},{\"@type\":\"ListItem\",\"position\":3,\"name\":\"Chaise Longue Sofa with Pull-out Bed and Wooden Armrests &#8211; Leeds\"}]},{\"@type\":\"WebSite\",\"@id\":\"https:\\\/\\\/donbaraton.es\\\/#website\",\"url\":\"https:\\\/\\\/donbaraton.es\\\/\",\"name\":\"Don Baraton: tienda de sof\u00e1s, muebles y colchones\",\"description\":\"Sofas baratos desde el almac\u00e9n en Almorad\u00ed, Alicante\",\"publisher\":{\"@id\":\"https:\\\/\\\/donbaraton.es\\\/#organization\"},\"potentialAction\":[{\"@type\":\"SearchAction\",\"target\":{\"@type\":\"EntryPoint\",\"urlTemplate\":\"https:\\\/\\\/donbaraton.es\\\/?s={search_term_string}\"},\"query-input\":{\"@type\":\"PropertyValueSpecification\",\"valueRequired\":true,\"valueName\":\"search_term_string\"}}],\"inLanguage\":\"en-GB\"},{\"@type\":\"Organization\",\"@id\":\"https:\\\/\\\/donbaraton.es\\\/#organization\",\"name\":\"Don Baraton\",\"url\":\"https:\\\/\\\/donbaraton.es\\\/\",\"logo\":{\"@type\":\"ImageObject\",\"inLanguage\":\"en-GB\",\"@id\":\"https:\\\/\\\/donbaraton.es\\\/#\\\/schema\\\/logo\\\/image\\\/\",\"url\":\"https:\\\/\\\/i0.wp.com\\\/donbaraton.es\\\/wp-content\\\/uploads\\\/2016\\\/11\\\/logo_don_baraton.png?fit=228%2C110&ssl=1\",\"contentUrl\":\"https:\\\/\\\/i0.wp.com\\\/donbaraton.es\\\/wp-content\\\/uploads\\\/2016\\\/11\\\/logo_don_baraton.png?fit=228%2C110&ssl=1\",\"width\":228,\"height\":110,\"caption\":\"Don Baraton\"},\"image\":{\"@id\":\"https:\\\/\\\/donbaraton.es\\\/#\\\/schema\\\/logo\\\/image\\\/\"},\"sameAs\":[\"https:\\\/\\\/www.facebook.com\\\/donbaraton.es\",\"https:\\\/\\\/x.com\\\/don_baraton\",\"https:\\\/\\\/www.instagram.com\\\/donbaraton.es\",\"https:\\\/\\\/www.linkedin.com\\\/company\\\/donbaraton\\\/\",\"https:\\\/\\\/es.pinterest.com\\\/donbaraton\\\/\",\"https:\\\/\\\/www.youtube.com\\\/channel\\\/UCL02HOwx-F759Jq5MedAZfQ\"]}]}<\/script>\n<!-- \/ Yoast SEO plugin. -->","yoast_head_json":{"title":"Chaise Longue Sofa with Pull-out Bed and Wooden Armrests - Leeds - Don Baraton: tienda de sof\u00e1s, muebles y colchones","robots":{"index":"index","follow":"follow","max-snippet":"max-snippet:-1","max-image-preview":"max-image-preview:large","max-video-preview":"max-video-preview:-1"},"canonical":"https:\/\/donbaraton.es\/en\/p\/chaise-longue-sofa-pull-out-bed-wooden-armrests-leeds\/","og_locale":"en_GB","og_type":"article","og_title":"Chaise Longue Sofa with Pull-out Bed and Wooden Armrests - Leeds - Don Baraton: tienda de sof\u00e1s, muebles y colchones","og_description":"Pull-out bed 125 x 195 cm  Design with wooden armrests and lateral circles  Heavy-duty structure made of solid wood and chipboard  2 storage compartments under the seats  Comfy seats with bonell springs  Corner on the left or right side to choose  Dimensions: length 235 cm, length of the chaise 140 cm, height 90 cm, depth 97 cm","og_url":"https:\/\/donbaraton.es\/en\/p\/chaise-longue-sofa-pull-out-bed-wooden-armrests-leeds\/","og_site_name":"Don Baraton: tienda de sof\u00e1s, muebles y colchones","article_publisher":"https:\/\/www.facebook.com\/donbaraton.es","article_modified_time":"2021-07-02T13:43:08+00:00","og_image":[{"width":1000,"height":666,"url":"https:\/\/i1.wp.com\/donbaraton.es\/wp-content\/uploads\/2019\/03\/Sof\u00e1-chaise-longue-cama-con-reposabrazos-de-madera-Leeds.-Tela-gris-Sawana-21-polipiel-gris-Soft-29.-Chaise-longue-lado-izquierdo.jpg?fit=1000%2C666&ssl=1","type":"image\/jpeg"}],"twitter_card":"summary_large_image","twitter_site":"@don_baraton","twitter_misc":{"Estimated reading time":"1 minute"},"schema":{"@context":"https:\/\/schema.org","@graph":[{"@type":"WebPage","@id":"https:\/\/donbaraton.es\/en\/p\/chaise-longue-sofa-pull-out-bed-wooden-armrests-leeds\/","url":"https:\/\/donbaraton.es\/en\/p\/chaise-longue-sofa-pull-out-bed-wooden-armrests-leeds\/","name":"Chaise Longue Sofa with Pull-out Bed and Wooden Armrests - Leeds - Don Baraton: tienda de sof\u00e1s, muebles y colchones","isPartOf":{"@id":"https:\/\/donbaraton.es\/#website"},"primaryImageOfPage":{"@id":"https:\/\/donbaraton.es\/en\/p\/chaise-longue-sofa-pull-out-bed-wooden-armrests-leeds\/#primaryimage"},"image":{"@id":"https:\/\/donbaraton.es\/en\/p\/chaise-longue-sofa-pull-out-bed-wooden-armrests-leeds\/#primaryimage"},"thumbnailUrl":"https:\/\/donbaraton.es\/wp-content\/uploads\/2019\/03\/Sof\u00e1-chaise-longue-cama-con-reposabrazos-de-madera-Leeds.-Tela-gris-Sawana-21-polipiel-gris-Soft-29.-Chaise-longue-lado-izquierdo.jpg","datePublished":"2019-03-16T01:36:23+00:00","dateModified":"2021-07-02T13:43:08+00:00","breadcrumb":{"@id":"https:\/\/donbaraton.es\/en\/p\/chaise-longue-sofa-pull-out-bed-wooden-armrests-leeds\/#breadcrumb"},"inLanguage":"en-GB","potentialAction":[{"@type":"ReadAction","target":["https:\/\/donbaraton.es\/en\/p\/chaise-longue-sofa-pull-out-bed-wooden-armrests-leeds\/"]}]},{"@type":"ImageObject","inLanguage":"en-GB","@id":"https:\/\/donbaraton.es\/en\/p\/chaise-longue-sofa-pull-out-bed-wooden-armrests-leeds\/#primaryimage","url":"https:\/\/donbaraton.es\/wp-content\/uploads\/2019\/03\/Sof\u00e1-chaise-longue-cama-con-reposabrazos-de-madera-Leeds.-Tela-gris-Sawana-21-polipiel-gris-Soft-29.-Chaise-longue-lado-izquierdo.jpg","contentUrl":"https:\/\/donbaraton.es\/wp-content\/uploads\/2019\/03\/Sof\u00e1-chaise-longue-cama-con-reposabrazos-de-madera-Leeds.-Tela-gris-Sawana-21-polipiel-gris-Soft-29.-Chaise-longue-lado-izquierdo.jpg","width":1000,"height":666,"caption":"Chaise Longue Sofa with Pull-out Bed and Wooden Armrests - Leeds. Grey Fabric and Faux Leather. Corner on the Left"},{"@type":"BreadcrumbList","@id":"https:\/\/donbaraton.es\/en\/p\/chaise-longue-sofa-pull-out-bed-wooden-armrests-leeds\/#breadcrumb","itemListElement":[{"@type":"ListItem","position":1,"name":"Portada","item":"https:\/\/donbaraton.es\/en\/"},{"@type":"ListItem","position":2,"name":"Online Shop","item":"https:\/\/donbaraton.es\/en\/shop\/"},{"@type":"ListItem","position":3,"name":"Chaise Longue Sofa with Pull-out Bed and Wooden Armrests &#8211; Leeds"}]},{"@type":"WebSite","@id":"https:\/\/donbaraton.es\/#website","url":"https:\/\/donbaraton.es\/","name":"Don Baraton: tienda de sof\u00e1s, muebles y colchones","description":"Sofas baratos desde el almac\u00e9n en Almorad\u00ed, Alicante","publisher":{"@id":"https:\/\/donbaraton.es\/#organization"},"potentialAction":[{"@type":"SearchAction","target":{"@type":"EntryPoint","urlTemplate":"https:\/\/donbaraton.es\/?s={search_term_string}"},"query-input":{"@type":"PropertyValueSpecification","valueRequired":true,"valueName":"search_term_string"}}],"inLanguage":"en-GB"},{"@type":"Organization","@id":"https:\/\/donbaraton.es\/#organization","name":"Don Baraton","url":"https:\/\/donbaraton.es\/","logo":{"@type":"ImageObject","inLanguage":"en-GB","@id":"https:\/\/donbaraton.es\/#\/schema\/logo\/image\/","url":"https:\/\/i0.wp.com\/donbaraton.es\/wp-content\/uploads\/2016\/11\/logo_don_baraton.png?fit=228%2C110&ssl=1","contentUrl":"https:\/\/i0.wp.com\/donbaraton.es\/wp-content\/uploads\/2016\/11\/logo_don_baraton.png?fit=228%2C110&ssl=1","width":228,"height":110,"caption":"Don Baraton"},"image":{"@id":"https:\/\/donbaraton.es\/#\/schema\/logo\/image\/"},"sameAs":["https:\/\/www.facebook.com\/donbaraton.es","https:\/\/x.com\/don_baraton","https:\/\/www.instagram.com\/donbaraton.es","https:\/\/www.linkedin.com\/company\/donbaraton\/","https:\/\/es.pinterest.com\/donbaraton\/","https:\/\/www.youtube.com\/channel\/UCL02HOwx-F759Jq5MedAZfQ"]}]}},"_links":{"self":[{"href":"https:\/\/donbaraton.es\/en\/wp-json\/wp\/v2\/product\/15243","targetHints":{"allow":["GET"]}}],"collection":[{"href":"https:\/\/donbaraton.es\/en\/wp-json\/wp\/v2\/product"}],"about":[{"href":"https:\/\/donbaraton.es\/en\/wp-json\/wp\/v2\/types\/product"}],"replies":[{"embeddable":true,"href":"https:\/\/donbaraton.es\/en\/wp-json\/wp\/v2\/comments?post=15243"}],"wp:featuredmedia":[{"embeddable":true,"href":"https:\/\/donbaraton.es\/en\/wp-json\/wp\/v2\/media\/14777"}],"wp:attachment":[{"href":"https:\/\/donbaraton.es\/en\/wp-json\/wp\/v2\/media?parent=15243"}],"wp:term":[{"taxonomy":"product_brand","embeddable":true,"href":"https:\/\/donbaraton.es\/en\/wp-json\/wp\/v2\/product_brand?post=15243"},{"taxonomy":"product_cat","embeddable":true,"href":"https:\/\/donbaraton.es\/en\/wp-json\/wp\/v2\/product_cat?post=15243"},{"taxonomy":"product_tag","embeddable":true,"href":"https:\/\/donbaraton.es\/en\/wp-json\/wp\/v2\/product_tag?post=15243"}],"curies":[{"name":"wp","href":"https:\/\/api.w.org\/{rel}","templated":true}]}}