{"id":15253,"date":"2020-12-30T23:00:20","date_gmt":"2019-03-16T01:12:20","guid":{"rendered":"https:\/\/donbaraton.es\/producto\/uncategorized\/affordable-u-shaped-sofa-pull-out-bed-storage-bristol\/"},"modified":"2020-09-14T19:16:33","modified_gmt":"2020-09-14T17:16:33","slug":"affordable-u-shaped-sofa-pull-out-bed-storage-bristol","status":"publish","type":"product","link":"https:\/\/donbaraton.es\/en\/p\/affordable-u-shaped-sofa-pull-out-bed-storage-bristol\/","title":{"rendered":"Affordable U-shaped Sofa with Pull-out Bed and Storage &#8211; Bristol"},"content":{"rendered":"<p><strong>Inexpensive U-shaped sofa with pull-out bed and two storage compartments &#8211; Bristol<\/strong><\/p>\n<p>Our sofa <strong>can be converted into a bed<\/strong> in just seconds, thanks to its easy folding backrest system. The area for sleeping will be even larger than that of an average stand-alone bed.<\/p>\n<p>Its two <strong>spacious storage compartments<\/strong> allow you to store everything you do not want to be in sight. There are two of them!<\/p>\n<p>Bristol <strong>has square metal legs<\/strong> that raise the body of the sofa to make it more stylish and easy to clean. The combination of materials in its structure gives you the safety of firmness and light weight that you are looking for.<\/p>\n<p>The <strong>durable frame<\/strong> made of solid wood and chipboard will last for a few years, without deformations.<\/p>\n<p>The <strong>armrests <\/strong>attached to the body of the sofa on both sides are start at the bottom of the sofa and are highlighted by the upholstery in different material.<\/p>\n<p>This design has <strong>six square back modules<\/strong> matching the seats of the same size and colour.<\/p>\n<p>The <strong>upholstery<\/strong> material of the backrests and seats is a heavy duty synthetic fabric that is easy to clean. The lower part of the sofa, the outer backrest and the armrests are upholstered in black leatherette.<\/p>\n<p>The <strong>seats<\/strong> with <em>bonnell<\/em> springs restore quickly their original shape and provide a comfy seating.<\/p>\n<p>The <strong>two cushions<\/strong> upholstered in faux leather (included into the price) are the perfect touch to complement the benefits of this piece of furniture.<\/p>\n<p>Looking for the best value for money? Look no further, you have found the couch that will suit your needs. You don&#8217;t have to spend a fortune on a U-shaped sofa anymore!<\/p>\n<p><strong>Dimensions:<\/strong> length 312 cm, length of the corners 210 cm and 150 cm, height 95 cm. <strong>Bed dimensions:<\/strong> 285 cm x 130 cm<\/p>\n<p><strong>Net weight:<\/strong> 193 kg<\/p>\n","protected":false},"excerpt":{"rendered":"<ul>\n<li>Spacious bed of 130 x 285 cm<\/li>\n<li>High quality durable fabric<\/li>\n<li>2 storage compartments under the seats<\/li>\n<li>High profile metallic legs<\/li>\n<li>Two cushions included<\/li>\n<\/ul>\n<p><strong>Dimensions:<\/strong> length 312 cm, length of the corners 210 cm and 150 cm, height 95 cm<\/p>\n","protected":false},"featured_media":14765,"comment_status":"open","ping_status":"closed","template":"","meta":{"_et_pb_use_builder":"","_et_pb_old_content":"","_et_gb_content_width":""},"product_brand":[],"product_cat":[43,45,108,41,35],"product_tag":[],"class_list":{"0":"post-15253","1":"product","2":"type-product","3":"status-publish","4":"has-post-thumbnail","6":"product_cat-sofa-beds-chaise-longue","7":"product_cat-chaise-longue-sofas","8":"product_cat-corner-sofas","9":"product_cat-sofa-beds","10":"product_cat-sofas-en","11":"product_shipping_class-articulos-pesados","12":"pa_lado-left","13":"pa_lado-right","14":"pa_largo-sofas-301-cm-plus","15":"pa_material-fabric","16":"pa_material-faux-leather","17":"pa_plazas-large-sofas","19":"first","20":"outofstock","21":"sale","22":"taxable","23":"shipping-taxable","24":"purchasable","25":"product-type-variable"},"yoast_head":"<!-- This site is optimized with the Yoast SEO plugin v27.2 - https:\/\/yoast.com\/product\/yoast-seo-wordpress\/ -->\n<title>Affordable U-shaped Sofa with Pull-out Bed and Storage - Bristol - Don Baraton: tienda de sof\u00e1s, muebles y colchones<\/title>\n<meta name=\"robots\" content=\"index, follow, max-snippet:-1, max-image-preview:large, max-video-preview:-1\" \/>\n<link rel=\"canonical\" href=\"https:\/\/donbaraton.es\/en\/p\/affordable-u-shaped-sofa-pull-out-bed-storage-bristol\/\" \/>\n<meta property=\"og:locale\" content=\"en_GB\" \/>\n<meta property=\"og:type\" content=\"article\" \/>\n<meta property=\"og:title\" content=\"Affordable U-shaped Sofa with Pull-out Bed and Storage - Bristol - Don Baraton: tienda de sof\u00e1s, muebles y colchones\" \/>\n<meta property=\"og:description\" content=\"Spacious bed of 130 x 285 cm  High quality durable fabric  2 storage compartments under the seats  High profile metallic legs  Two cushions included  Dimensions: length 312 cm, length of the corners 210 cm and 150 cm, height 95 cm\" \/>\n<meta property=\"og:url\" content=\"https:\/\/donbaraton.es\/en\/p\/affordable-u-shaped-sofa-pull-out-bed-storage-bristol\/\" \/>\n<meta property=\"og:site_name\" content=\"Don Baraton: tienda de sof\u00e1s, muebles y colchones\" \/>\n<meta property=\"article:publisher\" content=\"https:\/\/www.facebook.com\/donbaraton.es\" \/>\n<meta property=\"article:modified_time\" content=\"2020-09-14T17:16:33+00:00\" \/>\n<meta property=\"og:image\" content=\"https:\/\/i1.wp.com\/donbaraton.es\/wp-content\/uploads\/2019\/03\/Sof\u00e1-en-U-econ\u00f3mico-con-cama-y-2-arcones-Bristol.-Tela-marr\u00f3n-Berlin-01-Polipiel-negra-Soft-11.-Esquina-lado-derecho.jpg?fit=1000%2C744&ssl=1\" \/>\n\t<meta property=\"og:image:width\" content=\"1000\" \/>\n\t<meta property=\"og:image:height\" content=\"744\" \/>\n\t<meta property=\"og:image:type\" content=\"image\/jpeg\" \/>\n<meta name=\"twitter:card\" content=\"summary_large_image\" \/>\n<meta name=\"twitter:site\" content=\"@don_baraton\" \/>\n<meta name=\"twitter:label1\" content=\"Estimated reading time\" \/>\n\t<meta name=\"twitter:data1\" content=\"1 minute\" \/>\n<script type=\"application\/ld+json\" class=\"yoast-schema-graph\">{\"@context\":\"https:\/\/schema.org\",\"@graph\":[{\"@type\":\"WebPage\",\"@id\":\"https:\/\/donbaraton.es\/en\/p\/affordable-u-shaped-sofa-pull-out-bed-storage-bristol\/\",\"url\":\"https:\/\/donbaraton.es\/en\/p\/affordable-u-shaped-sofa-pull-out-bed-storage-bristol\/\",\"name\":\"Affordable U-shaped Sofa with Pull-out Bed and Storage - Bristol - Don Baraton: tienda de sof\u00e1s, muebles y colchones\",\"isPartOf\":{\"@id\":\"https:\/\/donbaraton.es\/#website\"},\"primaryImageOfPage\":{\"@id\":\"https:\/\/donbaraton.es\/en\/p\/affordable-u-shaped-sofa-pull-out-bed-storage-bristol\/#primaryimage\"},\"image\":{\"@id\":\"https:\/\/donbaraton.es\/en\/p\/affordable-u-shaped-sofa-pull-out-bed-storage-bristol\/#primaryimage\"},\"thumbnailUrl\":\"https:\/\/donbaraton.es\/wp-content\/uploads\/2019\/03\/Sof\u00e1-en-U-econ\u00f3mico-con-cama-y-2-arcones-Bristol.-Tela-marr\u00f3n-Berlin-01-Polipiel-negra-Soft-11.-Esquina-lado-derecho.jpg\",\"datePublished\":\"2019-03-16T01:12:20+00:00\",\"dateModified\":\"2020-09-14T17:16:33+00:00\",\"breadcrumb\":{\"@id\":\"https:\/\/donbaraton.es\/en\/p\/affordable-u-shaped-sofa-pull-out-bed-storage-bristol\/#breadcrumb\"},\"inLanguage\":\"en-GB\",\"potentialAction\":[{\"@type\":\"ReadAction\",\"target\":[\"https:\/\/donbaraton.es\/en\/p\/affordable-u-shaped-sofa-pull-out-bed-storage-bristol\/\"]}]},{\"@type\":\"ImageObject\",\"inLanguage\":\"en-GB\",\"@id\":\"https:\/\/donbaraton.es\/en\/p\/affordable-u-shaped-sofa-pull-out-bed-storage-bristol\/#primaryimage\",\"url\":\"https:\/\/donbaraton.es\/wp-content\/uploads\/2019\/03\/Sof\u00e1-en-U-econ\u00f3mico-con-cama-y-2-arcones-Bristol.-Tela-marr\u00f3n-Berlin-01-Polipiel-negra-Soft-11.-Esquina-lado-derecho.jpg\",\"contentUrl\":\"https:\/\/donbaraton.es\/wp-content\/uploads\/2019\/03\/Sof\u00e1-en-U-econ\u00f3mico-con-cama-y-2-arcones-Bristol.-Tela-marr\u00f3n-Berlin-01-Polipiel-negra-Soft-11.-Esquina-lado-derecho.jpg\",\"width\":1000,\"height\":744,\"caption\":\"Affordable U-shaped Sofa with Pull-out Bed and Storage - Bristol. Brown Fabric, Black Faux Leather. Corner on the Right\"},{\"@type\":\"BreadcrumbList\",\"@id\":\"https:\/\/donbaraton.es\/en\/p\/affordable-u-shaped-sofa-pull-out-bed-storage-bristol\/#breadcrumb\",\"itemListElement\":[{\"@type\":\"ListItem\",\"position\":1,\"name\":\"Portada\",\"item\":\"https:\/\/donbaraton.es\/en\/\"},{\"@type\":\"ListItem\",\"position\":2,\"name\":\"Online Shop\",\"item\":\"https:\/\/donbaraton.es\/en\/shop\/\"},{\"@type\":\"ListItem\",\"position\":3,\"name\":\"Affordable U-shaped Sofa with Pull-out Bed and Storage &#8211; Bristol\"}]},{\"@type\":\"WebSite\",\"@id\":\"https:\/\/donbaraton.es\/#website\",\"url\":\"https:\/\/donbaraton.es\/\",\"name\":\"Don Baraton: tienda de sof\u00e1s, muebles y colchones\",\"description\":\"Sofas baratos desde el almac\u00e9n en Almorad\u00ed, Alicante\",\"publisher\":{\"@id\":\"https:\/\/donbaraton.es\/#organization\"},\"potentialAction\":[{\"@type\":\"SearchAction\",\"target\":{\"@type\":\"EntryPoint\",\"urlTemplate\":\"https:\/\/donbaraton.es\/?s={search_term_string}\"},\"query-input\":{\"@type\":\"PropertyValueSpecification\",\"valueRequired\":true,\"valueName\":\"search_term_string\"}}],\"inLanguage\":\"en-GB\"},{\"@type\":\"Organization\",\"@id\":\"https:\/\/donbaraton.es\/#organization\",\"name\":\"Don Baraton\",\"url\":\"https:\/\/donbaraton.es\/\",\"logo\":{\"@type\":\"ImageObject\",\"inLanguage\":\"en-GB\",\"@id\":\"https:\/\/donbaraton.es\/#\/schema\/logo\/image\/\",\"url\":\"https:\/\/i0.wp.com\/donbaraton.es\/wp-content\/uploads\/2016\/11\/logo_don_baraton.png?fit=228%2C110&ssl=1\",\"contentUrl\":\"https:\/\/i0.wp.com\/donbaraton.es\/wp-content\/uploads\/2016\/11\/logo_don_baraton.png?fit=228%2C110&ssl=1\",\"width\":228,\"height\":110,\"caption\":\"Don Baraton\"},\"image\":{\"@id\":\"https:\/\/donbaraton.es\/#\/schema\/logo\/image\/\"},\"sameAs\":[\"https:\/\/www.facebook.com\/donbaraton.es\",\"https:\/\/x.com\/don_baraton\",\"https:\/\/www.instagram.com\/donbaraton.es\",\"https:\/\/www.linkedin.com\/company\/donbaraton\/\",\"https:\/\/es.pinterest.com\/donbaraton\/\",\"https:\/\/www.youtube.com\/channel\/UCL02HOwx-F759Jq5MedAZfQ\"]}]}<\/script>\n<!-- \/ Yoast SEO plugin. -->","yoast_head_json":{"title":"Affordable U-shaped Sofa with Pull-out Bed and Storage - Bristol - Don Baraton: tienda de sof\u00e1s, muebles y colchones","robots":{"index":"index","follow":"follow","max-snippet":"max-snippet:-1","max-image-preview":"max-image-preview:large","max-video-preview":"max-video-preview:-1"},"canonical":"https:\/\/donbaraton.es\/en\/p\/affordable-u-shaped-sofa-pull-out-bed-storage-bristol\/","og_locale":"en_GB","og_type":"article","og_title":"Affordable U-shaped Sofa with Pull-out Bed and Storage - Bristol - Don Baraton: tienda de sof\u00e1s, muebles y colchones","og_description":"Spacious bed of 130 x 285 cm  High quality durable fabric  2 storage compartments under the seats  High profile metallic legs  Two cushions included  Dimensions: length 312 cm, length of the corners 210 cm and 150 cm, height 95 cm","og_url":"https:\/\/donbaraton.es\/en\/p\/affordable-u-shaped-sofa-pull-out-bed-storage-bristol\/","og_site_name":"Don Baraton: tienda de sof\u00e1s, muebles y colchones","article_publisher":"https:\/\/www.facebook.com\/donbaraton.es","article_modified_time":"2020-09-14T17:16:33+00:00","og_image":[{"width":1000,"height":744,"url":"https:\/\/i1.wp.com\/donbaraton.es\/wp-content\/uploads\/2019\/03\/Sof\u00e1-en-U-econ\u00f3mico-con-cama-y-2-arcones-Bristol.-Tela-marr\u00f3n-Berlin-01-Polipiel-negra-Soft-11.-Esquina-lado-derecho.jpg?fit=1000%2C744&ssl=1","type":"image\/jpeg"}],"twitter_card":"summary_large_image","twitter_site":"@don_baraton","twitter_misc":{"Estimated reading time":"1 minute"},"schema":{"@context":"https:\/\/schema.org","@graph":[{"@type":"WebPage","@id":"https:\/\/donbaraton.es\/en\/p\/affordable-u-shaped-sofa-pull-out-bed-storage-bristol\/","url":"https:\/\/donbaraton.es\/en\/p\/affordable-u-shaped-sofa-pull-out-bed-storage-bristol\/","name":"Affordable U-shaped Sofa with Pull-out Bed and Storage - Bristol - Don Baraton: tienda de sof\u00e1s, muebles y colchones","isPartOf":{"@id":"https:\/\/donbaraton.es\/#website"},"primaryImageOfPage":{"@id":"https:\/\/donbaraton.es\/en\/p\/affordable-u-shaped-sofa-pull-out-bed-storage-bristol\/#primaryimage"},"image":{"@id":"https:\/\/donbaraton.es\/en\/p\/affordable-u-shaped-sofa-pull-out-bed-storage-bristol\/#primaryimage"},"thumbnailUrl":"https:\/\/donbaraton.es\/wp-content\/uploads\/2019\/03\/Sof\u00e1-en-U-econ\u00f3mico-con-cama-y-2-arcones-Bristol.-Tela-marr\u00f3n-Berlin-01-Polipiel-negra-Soft-11.-Esquina-lado-derecho.jpg","datePublished":"2019-03-16T01:12:20+00:00","dateModified":"2020-09-14T17:16:33+00:00","breadcrumb":{"@id":"https:\/\/donbaraton.es\/en\/p\/affordable-u-shaped-sofa-pull-out-bed-storage-bristol\/#breadcrumb"},"inLanguage":"en-GB","potentialAction":[{"@type":"ReadAction","target":["https:\/\/donbaraton.es\/en\/p\/affordable-u-shaped-sofa-pull-out-bed-storage-bristol\/"]}]},{"@type":"ImageObject","inLanguage":"en-GB","@id":"https:\/\/donbaraton.es\/en\/p\/affordable-u-shaped-sofa-pull-out-bed-storage-bristol\/#primaryimage","url":"https:\/\/donbaraton.es\/wp-content\/uploads\/2019\/03\/Sof\u00e1-en-U-econ\u00f3mico-con-cama-y-2-arcones-Bristol.-Tela-marr\u00f3n-Berlin-01-Polipiel-negra-Soft-11.-Esquina-lado-derecho.jpg","contentUrl":"https:\/\/donbaraton.es\/wp-content\/uploads\/2019\/03\/Sof\u00e1-en-U-econ\u00f3mico-con-cama-y-2-arcones-Bristol.-Tela-marr\u00f3n-Berlin-01-Polipiel-negra-Soft-11.-Esquina-lado-derecho.jpg","width":1000,"height":744,"caption":"Affordable U-shaped Sofa with Pull-out Bed and Storage - Bristol. Brown Fabric, Black Faux Leather. Corner on the Right"},{"@type":"BreadcrumbList","@id":"https:\/\/donbaraton.es\/en\/p\/affordable-u-shaped-sofa-pull-out-bed-storage-bristol\/#breadcrumb","itemListElement":[{"@type":"ListItem","position":1,"name":"Portada","item":"https:\/\/donbaraton.es\/en\/"},{"@type":"ListItem","position":2,"name":"Online Shop","item":"https:\/\/donbaraton.es\/en\/shop\/"},{"@type":"ListItem","position":3,"name":"Affordable U-shaped Sofa with Pull-out Bed and Storage &#8211; Bristol"}]},{"@type":"WebSite","@id":"https:\/\/donbaraton.es\/#website","url":"https:\/\/donbaraton.es\/","name":"Don Baraton: tienda de sof\u00e1s, muebles y colchones","description":"Sofas baratos desde el almac\u00e9n en Almorad\u00ed, Alicante","publisher":{"@id":"https:\/\/donbaraton.es\/#organization"},"potentialAction":[{"@type":"SearchAction","target":{"@type":"EntryPoint","urlTemplate":"https:\/\/donbaraton.es\/?s={search_term_string}"},"query-input":{"@type":"PropertyValueSpecification","valueRequired":true,"valueName":"search_term_string"}}],"inLanguage":"en-GB"},{"@type":"Organization","@id":"https:\/\/donbaraton.es\/#organization","name":"Don Baraton","url":"https:\/\/donbaraton.es\/","logo":{"@type":"ImageObject","inLanguage":"en-GB","@id":"https:\/\/donbaraton.es\/#\/schema\/logo\/image\/","url":"https:\/\/i0.wp.com\/donbaraton.es\/wp-content\/uploads\/2016\/11\/logo_don_baraton.png?fit=228%2C110&ssl=1","contentUrl":"https:\/\/i0.wp.com\/donbaraton.es\/wp-content\/uploads\/2016\/11\/logo_don_baraton.png?fit=228%2C110&ssl=1","width":228,"height":110,"caption":"Don Baraton"},"image":{"@id":"https:\/\/donbaraton.es\/#\/schema\/logo\/image\/"},"sameAs":["https:\/\/www.facebook.com\/donbaraton.es","https:\/\/x.com\/don_baraton","https:\/\/www.instagram.com\/donbaraton.es","https:\/\/www.linkedin.com\/company\/donbaraton\/","https:\/\/es.pinterest.com\/donbaraton\/","https:\/\/www.youtube.com\/channel\/UCL02HOwx-F759Jq5MedAZfQ"]}]}},"_links":{"self":[{"href":"https:\/\/donbaraton.es\/en\/wp-json\/wp\/v2\/product\/15253","targetHints":{"allow":["GET"]}}],"collection":[{"href":"https:\/\/donbaraton.es\/en\/wp-json\/wp\/v2\/product"}],"about":[{"href":"https:\/\/donbaraton.es\/en\/wp-json\/wp\/v2\/types\/product"}],"replies":[{"embeddable":true,"href":"https:\/\/donbaraton.es\/en\/wp-json\/wp\/v2\/comments?post=15253"}],"wp:featuredmedia":[{"embeddable":true,"href":"https:\/\/donbaraton.es\/en\/wp-json\/wp\/v2\/media\/14765"}],"wp:attachment":[{"href":"https:\/\/donbaraton.es\/en\/wp-json\/wp\/v2\/media?parent=15253"}],"wp:term":[{"taxonomy":"product_brand","embeddable":true,"href":"https:\/\/donbaraton.es\/en\/wp-json\/wp\/v2\/product_brand?post=15253"},{"taxonomy":"product_cat","embeddable":true,"href":"https:\/\/donbaraton.es\/en\/wp-json\/wp\/v2\/product_cat?post=15253"},{"taxonomy":"product_tag","embeddable":true,"href":"https:\/\/donbaraton.es\/en\/wp-json\/wp\/v2\/product_tag?post=15253"}],"curies":[{"name":"wp","href":"https:\/\/api.w.org\/{rel}","templated":true}]}}