{"id":15260,"date":"2022-06-13T03:40:21","date_gmt":"2019-03-14T23:52:21","guid":{"rendered":"https:\/\/donbaraton.es\/producto\/uncategorized\/small-chaise-longue-sofa-bed-york\/"},"modified":"2023-12-23T13:49:56","modified_gmt":"2023-12-23T12:49:56","slug":"small-chaise-longue-sofa-bed-york","status":"publish","type":"product","link":"https:\/\/donbaraton.es\/en\/p\/small-chaise-longue-sofa-bed-york\/","title":{"rendered":"Small Chaise Longue Sofa Bed &#8211; York"},"content":{"rendered":"<p><strong>Small chaise longue sofa bed &#8211; York, the smallest model of this kind we sell!<\/strong><\/p>\n<p>If you want to have a chaise longue sofa in your living room and you do not have enough space, York is your choice. Compact model, with everything a larger chaise longue has to offer. The chaise longue side can be changed to the left or right depending on your choice. Its frame of the sofa is made of solid wood and chipboard. It will last despite the tiny size of this model. The sofa can be easily converted into a bed. Just pull the seat towards you and then move the backrest down. Voil\u00e0, a comfortable bed is ready for you or the guests of your home. A mini sofa that converts into a quite spacious bed! The side cushions of the sofa serve as armrests, which allows to keep the size of the sofa so small. The armrests are upholstered in the same fabric as the seats and backrest cushions. Sturdy short legs provide stability. The &#8220;rebound effect&#8221; seats are filled with high density foam. The foam density of the padding of the backs is a little lower, adjusting to the ergonomics of the body. York includes three cushions of adequate size covering the backs from end to end, complementing the design of this little hero of our furniture store. This model is upholstered in a synthetic fabric resistant to wear. Thanks to the treatment applied to the textile, it has excellent stain resistant properties. Our small chaise longue sofa comes in three beautiful colours:<\/p>\n<ul>\n<li>Dark brown (sawana 26)<\/li>\n<li>Grey (sawana 05)<\/li>\n<li>Light grey (sawana 21)<\/li>\n<li>Black (sawana 14)<\/li>\n<\/ul>\n<p>Do not settle for a straight sofa for your limited space when you can have a chaise longue! You dream it, we make it happen! <strong>Dimensions:<\/strong> length 206 cm, length of chaise longue 146 cm, height (without cushions) 73 cm, depth 87 cm <strong>Net weight:<\/strong> 88 kg<\/p>\n","protected":false},"excerpt":{"rendered":"<ul>\n<li>Compact size (206 cm)<\/li>\n<li>Bed 120 x 206 cm<\/li>\n<li>Seat with &#8220;rebound effect&#8221;<\/li>\n<li>Storage under the seat<\/li>\n<li>Reversible chaise (left or right side)<\/li>\n<\/ul>\n<p><strong>Dimensions:<\/strong> length 206 cm, chaise longue 146 cm, depth 87 cm<\/p>\n","protected":false},"featured_media":28042,"comment_status":"open","ping_status":"closed","template":"","meta":{"_et_pb_use_builder":"","_et_pb_old_content":"","_et_gb_content_width":""},"product_brand":[],"product_cat":[43,45,41,35],"product_tag":[],"class_list":{"0":"post-15260","1":"product","2":"type-product","3":"status-publish","4":"has-post-thumbnail","6":"product_cat-sofa-beds-chaise-longue","7":"product_cat-chaise-longue-sofas","8":"product_cat-sofa-beds","9":"product_cat-sofas-en","10":"product_shipping_class-articulos-pesados","11":"pa_largo-sofas-201-250-cm-en","12":"pa_material-fabric","13":"pa_plazas-2-seater-sofas","14":"pa_plazas-3-seater-sofas","16":"first","17":"onbackorder","18":"sale","19":"featured","20":"taxable","21":"shipping-taxable","22":"purchasable","23":"product-type-variable"},"yoast_head":"<!-- This site is optimized with the Yoast SEO plugin v27.2 - https:\/\/yoast.com\/product\/yoast-seo-wordpress\/ -->\n<title>Small Chaise Longue Sofa Bed - York - Don Baraton: tienda de sof\u00e1s, muebles y colchones<\/title>\n<meta name=\"robots\" content=\"index, follow, max-snippet:-1, max-image-preview:large, max-video-preview:-1\" \/>\n<link rel=\"canonical\" href=\"https:\/\/donbaraton.es\/en\/p\/small-chaise-longue-sofa-bed-york\/\" \/>\n<meta property=\"og:locale\" content=\"en_GB\" \/>\n<meta property=\"og:type\" content=\"article\" \/>\n<meta property=\"og:title\" content=\"Small Chaise Longue Sofa Bed - York - Don Baraton: tienda de sof\u00e1s, muebles y colchones\" \/>\n<meta property=\"og:description\" content=\"Compact size (206 cm) Bed 120 x 206 cm Seat with &quot;rebound effect&quot; Storage under the seat Reversible chaise (left or right side)  Dimensions: length 206 cm, chaise longue 146 cm, depth 87 cm\" \/>\n<meta property=\"og:url\" content=\"https:\/\/donbaraton.es\/en\/p\/small-chaise-longue-sofa-bed-york\/\" \/>\n<meta property=\"og:site_name\" content=\"Don Baraton: tienda de sof\u00e1s, muebles y colchones\" \/>\n<meta property=\"article:publisher\" content=\"https:\/\/www.facebook.com\/donbaraton.es\" \/>\n<meta property=\"article:modified_time\" content=\"2023-12-23T12:49:56+00:00\" \/>\n<meta property=\"og:image\" content=\"https:\/\/i1.wp.com\/donbaraton.es\/wp-content\/uploads\/2019\/11\/Sofa-chaise-longue-pequeno-con-cama-York.-Tela-marron-oscuro-sawana-26.-Chaise-longue-lado-izquierdo.jpg?fit=1000%2C750&ssl=1\" \/>\n\t<meta property=\"og:image:width\" content=\"1000\" \/>\n\t<meta property=\"og:image:height\" content=\"750\" \/>\n\t<meta property=\"og:image:type\" content=\"image\/jpeg\" \/>\n<meta name=\"twitter:card\" content=\"summary_large_image\" \/>\n<meta name=\"twitter:site\" content=\"@don_baraton\" \/>\n<meta name=\"twitter:label1\" content=\"Estimated reading time\" \/>\n\t<meta name=\"twitter:data1\" content=\"2 minutes\" \/>\n<script type=\"application\/ld+json\" class=\"yoast-schema-graph\">{\"@context\":\"https:\/\/schema.org\",\"@graph\":[{\"@type\":\"WebPage\",\"@id\":\"https:\/\/donbaraton.es\/en\/p\/small-chaise-longue-sofa-bed-york\/\",\"url\":\"https:\/\/donbaraton.es\/en\/p\/small-chaise-longue-sofa-bed-york\/\",\"name\":\"Small Chaise Longue Sofa Bed - York - Don Baraton: tienda de sof\u00e1s, muebles y colchones\",\"isPartOf\":{\"@id\":\"https:\/\/donbaraton.es\/#website\"},\"primaryImageOfPage\":{\"@id\":\"https:\/\/donbaraton.es\/en\/p\/small-chaise-longue-sofa-bed-york\/#primaryimage\"},\"image\":{\"@id\":\"https:\/\/donbaraton.es\/en\/p\/small-chaise-longue-sofa-bed-york\/#primaryimage\"},\"thumbnailUrl\":\"https:\/\/donbaraton.es\/wp-content\/uploads\/2019\/11\/Sofa-chaise-longue-pequeno-con-cama-York.-Tela-marron-oscuro-sawana-26.-Chaise-longue-lado-izquierdo.jpg\",\"datePublished\":\"2019-03-14T23:52:21+00:00\",\"dateModified\":\"2023-12-23T12:49:56+00:00\",\"breadcrumb\":{\"@id\":\"https:\/\/donbaraton.es\/en\/p\/small-chaise-longue-sofa-bed-york\/#breadcrumb\"},\"inLanguage\":\"en-GB\",\"potentialAction\":[{\"@type\":\"ReadAction\",\"target\":[\"https:\/\/donbaraton.es\/en\/p\/small-chaise-longue-sofa-bed-york\/\"]}]},{\"@type\":\"ImageObject\",\"inLanguage\":\"en-GB\",\"@id\":\"https:\/\/donbaraton.es\/en\/p\/small-chaise-longue-sofa-bed-york\/#primaryimage\",\"url\":\"https:\/\/donbaraton.es\/wp-content\/uploads\/2019\/11\/Sofa-chaise-longue-pequeno-con-cama-York.-Tela-marron-oscuro-sawana-26.-Chaise-longue-lado-izquierdo.jpg\",\"contentUrl\":\"https:\/\/donbaraton.es\/wp-content\/uploads\/2019\/11\/Sofa-chaise-longue-pequeno-con-cama-York.-Tela-marron-oscuro-sawana-26.-Chaise-longue-lado-izquierdo.jpg\",\"width\":1000,\"height\":750,\"caption\":\"Small chaise longue sofa bed - York. Dark brown fabric. Chaise longue on the left\"},{\"@type\":\"BreadcrumbList\",\"@id\":\"https:\/\/donbaraton.es\/en\/p\/small-chaise-longue-sofa-bed-york\/#breadcrumb\",\"itemListElement\":[{\"@type\":\"ListItem\",\"position\":1,\"name\":\"Portada\",\"item\":\"https:\/\/donbaraton.es\/en\/\"},{\"@type\":\"ListItem\",\"position\":2,\"name\":\"Online Shop\",\"item\":\"https:\/\/donbaraton.es\/en\/shop\/\"},{\"@type\":\"ListItem\",\"position\":3,\"name\":\"Small Chaise Longue Sofa Bed &#8211; York\"}]},{\"@type\":\"WebSite\",\"@id\":\"https:\/\/donbaraton.es\/#website\",\"url\":\"https:\/\/donbaraton.es\/\",\"name\":\"Don Baraton: tienda de sof\u00e1s, muebles y colchones\",\"description\":\"Sofas baratos desde el almac\u00e9n en Almorad\u00ed, Alicante\",\"publisher\":{\"@id\":\"https:\/\/donbaraton.es\/#organization\"},\"potentialAction\":[{\"@type\":\"SearchAction\",\"target\":{\"@type\":\"EntryPoint\",\"urlTemplate\":\"https:\/\/donbaraton.es\/?s={search_term_string}\"},\"query-input\":{\"@type\":\"PropertyValueSpecification\",\"valueRequired\":true,\"valueName\":\"search_term_string\"}}],\"inLanguage\":\"en-GB\"},{\"@type\":\"Organization\",\"@id\":\"https:\/\/donbaraton.es\/#organization\",\"name\":\"Don Baraton\",\"url\":\"https:\/\/donbaraton.es\/\",\"logo\":{\"@type\":\"ImageObject\",\"inLanguage\":\"en-GB\",\"@id\":\"https:\/\/donbaraton.es\/#\/schema\/logo\/image\/\",\"url\":\"https:\/\/i0.wp.com\/donbaraton.es\/wp-content\/uploads\/2016\/11\/logo_don_baraton.png?fit=228%2C110&ssl=1\",\"contentUrl\":\"https:\/\/i0.wp.com\/donbaraton.es\/wp-content\/uploads\/2016\/11\/logo_don_baraton.png?fit=228%2C110&ssl=1\",\"width\":228,\"height\":110,\"caption\":\"Don Baraton\"},\"image\":{\"@id\":\"https:\/\/donbaraton.es\/#\/schema\/logo\/image\/\"},\"sameAs\":[\"https:\/\/www.facebook.com\/donbaraton.es\",\"https:\/\/x.com\/don_baraton\",\"https:\/\/www.instagram.com\/donbaraton.es\",\"https:\/\/www.linkedin.com\/company\/donbaraton\/\",\"https:\/\/es.pinterest.com\/donbaraton\/\",\"https:\/\/www.youtube.com\/channel\/UCL02HOwx-F759Jq5MedAZfQ\"]}]}<\/script>\n<!-- \/ Yoast SEO plugin. -->","yoast_head_json":{"title":"Small Chaise Longue Sofa Bed - York - Don Baraton: tienda de sof\u00e1s, muebles y colchones","robots":{"index":"index","follow":"follow","max-snippet":"max-snippet:-1","max-image-preview":"max-image-preview:large","max-video-preview":"max-video-preview:-1"},"canonical":"https:\/\/donbaraton.es\/en\/p\/small-chaise-longue-sofa-bed-york\/","og_locale":"en_GB","og_type":"article","og_title":"Small Chaise Longue Sofa Bed - York - Don Baraton: tienda de sof\u00e1s, muebles y colchones","og_description":"Compact size (206 cm) Bed 120 x 206 cm Seat with \"rebound effect\" Storage under the seat Reversible chaise (left or right side)  Dimensions: length 206 cm, chaise longue 146 cm, depth 87 cm","og_url":"https:\/\/donbaraton.es\/en\/p\/small-chaise-longue-sofa-bed-york\/","og_site_name":"Don Baraton: tienda de sof\u00e1s, muebles y colchones","article_publisher":"https:\/\/www.facebook.com\/donbaraton.es","article_modified_time":"2023-12-23T12:49:56+00:00","og_image":[{"width":1000,"height":750,"url":"https:\/\/i1.wp.com\/donbaraton.es\/wp-content\/uploads\/2019\/11\/Sofa-chaise-longue-pequeno-con-cama-York.-Tela-marron-oscuro-sawana-26.-Chaise-longue-lado-izquierdo.jpg?fit=1000%2C750&ssl=1","type":"image\/jpeg"}],"twitter_card":"summary_large_image","twitter_site":"@don_baraton","twitter_misc":{"Estimated reading time":"2 minutes"},"schema":{"@context":"https:\/\/schema.org","@graph":[{"@type":"WebPage","@id":"https:\/\/donbaraton.es\/en\/p\/small-chaise-longue-sofa-bed-york\/","url":"https:\/\/donbaraton.es\/en\/p\/small-chaise-longue-sofa-bed-york\/","name":"Small Chaise Longue Sofa Bed - York - Don Baraton: tienda de sof\u00e1s, muebles y colchones","isPartOf":{"@id":"https:\/\/donbaraton.es\/#website"},"primaryImageOfPage":{"@id":"https:\/\/donbaraton.es\/en\/p\/small-chaise-longue-sofa-bed-york\/#primaryimage"},"image":{"@id":"https:\/\/donbaraton.es\/en\/p\/small-chaise-longue-sofa-bed-york\/#primaryimage"},"thumbnailUrl":"https:\/\/donbaraton.es\/wp-content\/uploads\/2019\/11\/Sofa-chaise-longue-pequeno-con-cama-York.-Tela-marron-oscuro-sawana-26.-Chaise-longue-lado-izquierdo.jpg","datePublished":"2019-03-14T23:52:21+00:00","dateModified":"2023-12-23T12:49:56+00:00","breadcrumb":{"@id":"https:\/\/donbaraton.es\/en\/p\/small-chaise-longue-sofa-bed-york\/#breadcrumb"},"inLanguage":"en-GB","potentialAction":[{"@type":"ReadAction","target":["https:\/\/donbaraton.es\/en\/p\/small-chaise-longue-sofa-bed-york\/"]}]},{"@type":"ImageObject","inLanguage":"en-GB","@id":"https:\/\/donbaraton.es\/en\/p\/small-chaise-longue-sofa-bed-york\/#primaryimage","url":"https:\/\/donbaraton.es\/wp-content\/uploads\/2019\/11\/Sofa-chaise-longue-pequeno-con-cama-York.-Tela-marron-oscuro-sawana-26.-Chaise-longue-lado-izquierdo.jpg","contentUrl":"https:\/\/donbaraton.es\/wp-content\/uploads\/2019\/11\/Sofa-chaise-longue-pequeno-con-cama-York.-Tela-marron-oscuro-sawana-26.-Chaise-longue-lado-izquierdo.jpg","width":1000,"height":750,"caption":"Small chaise longue sofa bed - York. Dark brown fabric. Chaise longue on the left"},{"@type":"BreadcrumbList","@id":"https:\/\/donbaraton.es\/en\/p\/small-chaise-longue-sofa-bed-york\/#breadcrumb","itemListElement":[{"@type":"ListItem","position":1,"name":"Portada","item":"https:\/\/donbaraton.es\/en\/"},{"@type":"ListItem","position":2,"name":"Online Shop","item":"https:\/\/donbaraton.es\/en\/shop\/"},{"@type":"ListItem","position":3,"name":"Small Chaise Longue Sofa Bed &#8211; York"}]},{"@type":"WebSite","@id":"https:\/\/donbaraton.es\/#website","url":"https:\/\/donbaraton.es\/","name":"Don Baraton: tienda de sof\u00e1s, muebles y colchones","description":"Sofas baratos desde el almac\u00e9n en Almorad\u00ed, Alicante","publisher":{"@id":"https:\/\/donbaraton.es\/#organization"},"potentialAction":[{"@type":"SearchAction","target":{"@type":"EntryPoint","urlTemplate":"https:\/\/donbaraton.es\/?s={search_term_string}"},"query-input":{"@type":"PropertyValueSpecification","valueRequired":true,"valueName":"search_term_string"}}],"inLanguage":"en-GB"},{"@type":"Organization","@id":"https:\/\/donbaraton.es\/#organization","name":"Don Baraton","url":"https:\/\/donbaraton.es\/","logo":{"@type":"ImageObject","inLanguage":"en-GB","@id":"https:\/\/donbaraton.es\/#\/schema\/logo\/image\/","url":"https:\/\/i0.wp.com\/donbaraton.es\/wp-content\/uploads\/2016\/11\/logo_don_baraton.png?fit=228%2C110&ssl=1","contentUrl":"https:\/\/i0.wp.com\/donbaraton.es\/wp-content\/uploads\/2016\/11\/logo_don_baraton.png?fit=228%2C110&ssl=1","width":228,"height":110,"caption":"Don Baraton"},"image":{"@id":"https:\/\/donbaraton.es\/#\/schema\/logo\/image\/"},"sameAs":["https:\/\/www.facebook.com\/donbaraton.es","https:\/\/x.com\/don_baraton","https:\/\/www.instagram.com\/donbaraton.es","https:\/\/www.linkedin.com\/company\/donbaraton\/","https:\/\/es.pinterest.com\/donbaraton\/","https:\/\/www.youtube.com\/channel\/UCL02HOwx-F759Jq5MedAZfQ"]}]}},"_links":{"self":[{"href":"https:\/\/donbaraton.es\/en\/wp-json\/wp\/v2\/product\/15260","targetHints":{"allow":["GET"]}}],"collection":[{"href":"https:\/\/donbaraton.es\/en\/wp-json\/wp\/v2\/product"}],"about":[{"href":"https:\/\/donbaraton.es\/en\/wp-json\/wp\/v2\/types\/product"}],"replies":[{"embeddable":true,"href":"https:\/\/donbaraton.es\/en\/wp-json\/wp\/v2\/comments?post=15260"}],"wp:featuredmedia":[{"embeddable":true,"href":"https:\/\/donbaraton.es\/en\/wp-json\/wp\/v2\/media\/28042"}],"wp:attachment":[{"href":"https:\/\/donbaraton.es\/en\/wp-json\/wp\/v2\/media?parent=15260"}],"wp:term":[{"taxonomy":"product_brand","embeddable":true,"href":"https:\/\/donbaraton.es\/en\/wp-json\/wp\/v2\/product_brand?post=15260"},{"taxonomy":"product_cat","embeddable":true,"href":"https:\/\/donbaraton.es\/en\/wp-json\/wp\/v2\/product_cat?post=15260"},{"taxonomy":"product_tag","embeddable":true,"href":"https:\/\/donbaraton.es\/en\/wp-json\/wp\/v2\/product_tag?post=15260"}],"curies":[{"name":"wp","href":"https:\/\/api.w.org\/{rel}","templated":true}]}}