{"id":15266,"date":"2021-03-13T03:52:38","date_gmt":"2019-03-13T21:57:38","guid":{"rendered":"https:\/\/donbaraton.es\/producto\/uncategorized\/small-corner-sofa-bed-storage-brighton\/"},"modified":"2023-01-16T03:21:34","modified_gmt":"2023-01-16T02:21:34","slug":"small-corner-sofa-bed-storage-brighton","status":"publish","type":"product","link":"https:\/\/donbaraton.es\/en\/p\/small-corner-sofa-bed-storage-brighton\/","title":{"rendered":"Small corner sofa with bed and storage &#8211; Brighton"},"content":{"rendered":"<p><strong>Small corner sofa with bed and storage &#8211; Brighton<\/strong><\/p>\n<p>Do you want the comfort and elegance of a <strong>corner sofa<\/strong> but do not have enough space? Brighton is for you. This comfy sofa will fit most of the small living rooms!<\/p>\n<p>Its <strong>compact size<\/strong> is ideal for small spaces but the features of a larger sofa are all in place.<\/p>\n<p>Thanks to its opening system, the sofa can be easily converted into a <strong>full-sized double bed<\/strong> in just seconds. You can use this bed yourself or offer it to your guests.<\/p>\n<p>There&#8217;s a spacious <strong>storage<\/strong> under the seat where you can keep bedding or clothing items.<\/p>\n<p>The <strong>durable frame<\/strong> of this model is made of wood and chipboard. It will stand up to wear an tear despite its small size.<\/p>\n<p>The <strong>L shape<\/strong> allows you to place the in corners utilising the available space in the most efficient way.<\/p>\n<p>Five comfortable <strong>cushions<\/strong> will fit your back. Not only do they give that elegant look, they also may complement the built-in bed, saving the purchase of extra pillows.<\/p>\n<p>The <strong>seats and backrests<\/strong> are filled with high density foam. The foam density of the seats is slightly greater than that of the back cushions, making them ergonomic, comfortable, firm and durable.<\/p>\n<p>Each seat is equipped with <strong>bonell springs<\/strong> and quickly restores its shape.<\/p>\n<p>The sofa is upholstered in durable <strong>synthetic fabric<\/strong> combined with <strong>faux leather<\/strong> of the lower front part.<\/p>\n<p>The sofa&#8217;s <strong>robust legs<\/strong> provide stability and easily support the weight of the product and its users. Cleaning under the sofa will be\u00a0 easy too.<\/p>\n<p>Brighton is available in two color combinations:<\/p>\n<ul>\n<li><strong>Light grey<\/strong> <strong>fabric<\/strong> with lower front in <strong>white faux leather<\/strong><\/li>\n<li><strong>Dark grey fabric<\/strong> with lower front in <strong>black faux leather<\/strong><\/li>\n<\/ul>\n<p>We know that corner sofas are great for large and spacious spaces, offering cozy an elegant atmosphere. The Brighton corner sofa is a <strong>smaller version<\/strong> of its normal-sized counterparts suitable for any room!<\/p>\n<p><strong>Dimensions:<\/strong> length 235 cm, height of the corner 162 cm, depth 90 cm<\/p>\n<p><strong>Bed&#8217;s dimensions:<\/strong> 135 x 195 cm<\/p>\n<p><strong>Net weight:<\/strong> 125 kg<\/p>\n","protected":false},"excerpt":{"rendered":"<ul>\n<li>Small size corner sofa<\/li>\n<li>Unfolds into bed of 135 x 195 cm<\/li>\n<li>Solid wood frame<\/li>\n<li>Storage under the seat<\/li>\n<\/ul>\n<p><strong>Dimensions:<\/strong> length 235 cm, length of the corner 162 cm, height 90 cm<\/p>\n","protected":false},"featured_media":14591,"comment_status":"open","ping_status":"closed","template":"","meta":{"_et_pb_use_builder":"","_et_pb_old_content":"","_et_gb_content_width":""},"product_brand":[],"product_cat":[108,41,35],"product_tag":[],"class_list":{"0":"post-15266","1":"product","2":"type-product","3":"status-publish","4":"has-post-thumbnail","6":"product_cat-corner-sofas","7":"product_cat-sofa-beds","8":"product_cat-sofas-en","9":"product_shipping_class-articulos-pesados","10":"pa_lado-left","11":"pa_lado-right","12":"pa_largo-sofas-201-250-cm-en","13":"pa_material-fabric","14":"pa_material-faux-leather","15":"pa_plazas-3-seater-sofas","16":"pa_plazas-4-seater-sofas","18":"first","19":"outofstock","20":"sale","21":"taxable","22":"shipping-taxable","23":"purchasable","24":"product-type-variable"},"yoast_head":"<!-- This site is optimized with the Yoast SEO plugin v27.2 - https:\/\/yoast.com\/product\/yoast-seo-wordpress\/ -->\n<title>Small corner sofa with bed and storage - Brighton - Don Baraton: tienda de sof\u00e1s, muebles y colchones<\/title>\n<meta name=\"robots\" content=\"index, follow, max-snippet:-1, max-image-preview:large, max-video-preview:-1\" \/>\n<link rel=\"canonical\" href=\"https:\/\/donbaraton.es\/en\/p\/small-corner-sofa-bed-storage-brighton\/\" \/>\n<meta property=\"og:locale\" content=\"en_GB\" \/>\n<meta property=\"og:type\" content=\"article\" \/>\n<meta property=\"og:title\" content=\"Small corner sofa with bed and storage - Brighton - Don Baraton: tienda de sof\u00e1s, muebles y colchones\" \/>\n<meta property=\"og:description\" content=\"Small size corner sofa  Unfolds into bed of 135 x 195 cm  Solid wood frame  Storage under the seat  Dimensions: length 235 cm, length of the corner 162 cm, height 90 cm\" \/>\n<meta property=\"og:url\" content=\"https:\/\/donbaraton.es\/en\/p\/small-corner-sofa-bed-storage-brighton\/\" \/>\n<meta property=\"og:site_name\" content=\"Don Baraton: tienda de sof\u00e1s, muebles y colchones\" \/>\n<meta property=\"article:publisher\" content=\"https:\/\/www.facebook.com\/donbaraton.es\" \/>\n<meta property=\"article:modified_time\" content=\"2023-01-16T02:21:34+00:00\" \/>\n<meta property=\"og:image\" content=\"https:\/\/i2.wp.com\/donbaraton.es\/wp-content\/uploads\/2019\/03\/Sof\u00e1-rinconera-peque\u00f1o-con-cama-y-arc\u00f3n-Brighton.-Esquina-lado-izquierdo.-Tela-gris-claro-Inari-91-piel-sint\u00e9tica-blanca-Soft-17.jpg?fit=1000%2C666&ssl=1\" \/>\n\t<meta property=\"og:image:width\" content=\"1000\" \/>\n\t<meta property=\"og:image:height\" content=\"666\" \/>\n\t<meta property=\"og:image:type\" content=\"image\/jpeg\" \/>\n<meta name=\"twitter:card\" content=\"summary_large_image\" \/>\n<meta name=\"twitter:site\" content=\"@don_baraton\" \/>\n<meta name=\"twitter:label1\" content=\"Estimated reading time\" \/>\n\t<meta name=\"twitter:data1\" content=\"2 minutes\" \/>\n<script type=\"application\/ld+json\" class=\"yoast-schema-graph\">{\"@context\":\"https:\/\/schema.org\",\"@graph\":[{\"@type\":\"WebPage\",\"@id\":\"https:\/\/donbaraton.es\/en\/p\/small-corner-sofa-bed-storage-brighton\/\",\"url\":\"https:\/\/donbaraton.es\/en\/p\/small-corner-sofa-bed-storage-brighton\/\",\"name\":\"Small corner sofa with bed and storage - Brighton - Don Baraton: tienda de sof\u00e1s, muebles y colchones\",\"isPartOf\":{\"@id\":\"https:\/\/donbaraton.es\/#website\"},\"primaryImageOfPage\":{\"@id\":\"https:\/\/donbaraton.es\/en\/p\/small-corner-sofa-bed-storage-brighton\/#primaryimage\"},\"image\":{\"@id\":\"https:\/\/donbaraton.es\/en\/p\/small-corner-sofa-bed-storage-brighton\/#primaryimage\"},\"thumbnailUrl\":\"https:\/\/donbaraton.es\/wp-content\/uploads\/2019\/03\/Sof\u00e1-rinconera-peque\u00f1o-con-cama-y-arc\u00f3n-Brighton.-Esquina-lado-izquierdo.-Tela-gris-oscuro-Inari-96-piel-sint\u00e9tica-negra-Soft-11.jpg\",\"datePublished\":\"2019-03-13T21:57:38+00:00\",\"dateModified\":\"2023-01-16T02:21:34+00:00\",\"breadcrumb\":{\"@id\":\"https:\/\/donbaraton.es\/en\/p\/small-corner-sofa-bed-storage-brighton\/#breadcrumb\"},\"inLanguage\":\"en-GB\",\"potentialAction\":[{\"@type\":\"ReadAction\",\"target\":[\"https:\/\/donbaraton.es\/en\/p\/small-corner-sofa-bed-storage-brighton\/\"]}]},{\"@type\":\"ImageObject\",\"inLanguage\":\"en-GB\",\"@id\":\"https:\/\/donbaraton.es\/en\/p\/small-corner-sofa-bed-storage-brighton\/#primaryimage\",\"url\":\"https:\/\/donbaraton.es\/wp-content\/uploads\/2019\/03\/Sof\u00e1-rinconera-peque\u00f1o-con-cama-y-arc\u00f3n-Brighton.-Esquina-lado-izquierdo.-Tela-gris-oscuro-Inari-96-piel-sint\u00e9tica-negra-Soft-11.jpg\",\"contentUrl\":\"https:\/\/donbaraton.es\/wp-content\/uploads\/2019\/03\/Sof\u00e1-rinconera-peque\u00f1o-con-cama-y-arc\u00f3n-Brighton.-Esquina-lado-izquierdo.-Tela-gris-oscuro-Inari-96-piel-sint\u00e9tica-negra-Soft-11.jpg\",\"width\":1000,\"height\":666,\"caption\":\"Small corner sofa with bed and storage - Brighton. Dark grey fabric. Black faux leather. Corner on the left\"},{\"@type\":\"BreadcrumbList\",\"@id\":\"https:\/\/donbaraton.es\/en\/p\/small-corner-sofa-bed-storage-brighton\/#breadcrumb\",\"itemListElement\":[{\"@type\":\"ListItem\",\"position\":1,\"name\":\"Portada\",\"item\":\"https:\/\/donbaraton.es\/en\/\"},{\"@type\":\"ListItem\",\"position\":2,\"name\":\"Online Shop\",\"item\":\"https:\/\/donbaraton.es\/en\/shop\/\"},{\"@type\":\"ListItem\",\"position\":3,\"name\":\"Small corner sofa with bed and storage &#8211; Brighton\"}]},{\"@type\":\"WebSite\",\"@id\":\"https:\/\/donbaraton.es\/#website\",\"url\":\"https:\/\/donbaraton.es\/\",\"name\":\"Don Baraton: tienda de sof\u00e1s, muebles y colchones\",\"description\":\"Sofas baratos desde el almac\u00e9n en Almorad\u00ed, Alicante\",\"publisher\":{\"@id\":\"https:\/\/donbaraton.es\/#organization\"},\"potentialAction\":[{\"@type\":\"SearchAction\",\"target\":{\"@type\":\"EntryPoint\",\"urlTemplate\":\"https:\/\/donbaraton.es\/?s={search_term_string}\"},\"query-input\":{\"@type\":\"PropertyValueSpecification\",\"valueRequired\":true,\"valueName\":\"search_term_string\"}}],\"inLanguage\":\"en-GB\"},{\"@type\":\"Organization\",\"@id\":\"https:\/\/donbaraton.es\/#organization\",\"name\":\"Don Baraton\",\"url\":\"https:\/\/donbaraton.es\/\",\"logo\":{\"@type\":\"ImageObject\",\"inLanguage\":\"en-GB\",\"@id\":\"https:\/\/donbaraton.es\/#\/schema\/logo\/image\/\",\"url\":\"https:\/\/i0.wp.com\/donbaraton.es\/wp-content\/uploads\/2016\/11\/logo_don_baraton.png?fit=228%2C110&ssl=1\",\"contentUrl\":\"https:\/\/i0.wp.com\/donbaraton.es\/wp-content\/uploads\/2016\/11\/logo_don_baraton.png?fit=228%2C110&ssl=1\",\"width\":228,\"height\":110,\"caption\":\"Don Baraton\"},\"image\":{\"@id\":\"https:\/\/donbaraton.es\/#\/schema\/logo\/image\/\"},\"sameAs\":[\"https:\/\/www.facebook.com\/donbaraton.es\",\"https:\/\/x.com\/don_baraton\",\"https:\/\/www.instagram.com\/donbaraton.es\",\"https:\/\/www.linkedin.com\/company\/donbaraton\/\",\"https:\/\/es.pinterest.com\/donbaraton\/\",\"https:\/\/www.youtube.com\/channel\/UCL02HOwx-F759Jq5MedAZfQ\"]}]}<\/script>\n<!-- \/ Yoast SEO plugin. -->","yoast_head_json":{"title":"Small corner sofa with bed and storage - Brighton - Don Baraton: tienda de sof\u00e1s, muebles y colchones","robots":{"index":"index","follow":"follow","max-snippet":"max-snippet:-1","max-image-preview":"max-image-preview:large","max-video-preview":"max-video-preview:-1"},"canonical":"https:\/\/donbaraton.es\/en\/p\/small-corner-sofa-bed-storage-brighton\/","og_locale":"en_GB","og_type":"article","og_title":"Small corner sofa with bed and storage - Brighton - Don Baraton: tienda de sof\u00e1s, muebles y colchones","og_description":"Small size corner sofa  Unfolds into bed of 135 x 195 cm  Solid wood frame  Storage under the seat  Dimensions: length 235 cm, length of the corner 162 cm, height 90 cm","og_url":"https:\/\/donbaraton.es\/en\/p\/small-corner-sofa-bed-storage-brighton\/","og_site_name":"Don Baraton: tienda de sof\u00e1s, muebles y colchones","article_publisher":"https:\/\/www.facebook.com\/donbaraton.es","article_modified_time":"2023-01-16T02:21:34+00:00","og_image":[{"width":1000,"height":666,"url":"https:\/\/i2.wp.com\/donbaraton.es\/wp-content\/uploads\/2019\/03\/Sof\u00e1-rinconera-peque\u00f1o-con-cama-y-arc\u00f3n-Brighton.-Esquina-lado-izquierdo.-Tela-gris-claro-Inari-91-piel-sint\u00e9tica-blanca-Soft-17.jpg?fit=1000%2C666&ssl=1","type":"image\/jpeg"}],"twitter_card":"summary_large_image","twitter_site":"@don_baraton","twitter_misc":{"Estimated reading time":"2 minutes"},"schema":{"@context":"https:\/\/schema.org","@graph":[{"@type":"WebPage","@id":"https:\/\/donbaraton.es\/en\/p\/small-corner-sofa-bed-storage-brighton\/","url":"https:\/\/donbaraton.es\/en\/p\/small-corner-sofa-bed-storage-brighton\/","name":"Small corner sofa with bed and storage - Brighton - Don Baraton: tienda de sof\u00e1s, muebles y colchones","isPartOf":{"@id":"https:\/\/donbaraton.es\/#website"},"primaryImageOfPage":{"@id":"https:\/\/donbaraton.es\/en\/p\/small-corner-sofa-bed-storage-brighton\/#primaryimage"},"image":{"@id":"https:\/\/donbaraton.es\/en\/p\/small-corner-sofa-bed-storage-brighton\/#primaryimage"},"thumbnailUrl":"https:\/\/donbaraton.es\/wp-content\/uploads\/2019\/03\/Sof\u00e1-rinconera-peque\u00f1o-con-cama-y-arc\u00f3n-Brighton.-Esquina-lado-izquierdo.-Tela-gris-oscuro-Inari-96-piel-sint\u00e9tica-negra-Soft-11.jpg","datePublished":"2019-03-13T21:57:38+00:00","dateModified":"2023-01-16T02:21:34+00:00","breadcrumb":{"@id":"https:\/\/donbaraton.es\/en\/p\/small-corner-sofa-bed-storage-brighton\/#breadcrumb"},"inLanguage":"en-GB","potentialAction":[{"@type":"ReadAction","target":["https:\/\/donbaraton.es\/en\/p\/small-corner-sofa-bed-storage-brighton\/"]}]},{"@type":"ImageObject","inLanguage":"en-GB","@id":"https:\/\/donbaraton.es\/en\/p\/small-corner-sofa-bed-storage-brighton\/#primaryimage","url":"https:\/\/donbaraton.es\/wp-content\/uploads\/2019\/03\/Sof\u00e1-rinconera-peque\u00f1o-con-cama-y-arc\u00f3n-Brighton.-Esquina-lado-izquierdo.-Tela-gris-oscuro-Inari-96-piel-sint\u00e9tica-negra-Soft-11.jpg","contentUrl":"https:\/\/donbaraton.es\/wp-content\/uploads\/2019\/03\/Sof\u00e1-rinconera-peque\u00f1o-con-cama-y-arc\u00f3n-Brighton.-Esquina-lado-izquierdo.-Tela-gris-oscuro-Inari-96-piel-sint\u00e9tica-negra-Soft-11.jpg","width":1000,"height":666,"caption":"Small corner sofa with bed and storage - Brighton. Dark grey fabric. Black faux leather. Corner on the left"},{"@type":"BreadcrumbList","@id":"https:\/\/donbaraton.es\/en\/p\/small-corner-sofa-bed-storage-brighton\/#breadcrumb","itemListElement":[{"@type":"ListItem","position":1,"name":"Portada","item":"https:\/\/donbaraton.es\/en\/"},{"@type":"ListItem","position":2,"name":"Online Shop","item":"https:\/\/donbaraton.es\/en\/shop\/"},{"@type":"ListItem","position":3,"name":"Small corner sofa with bed and storage &#8211; Brighton"}]},{"@type":"WebSite","@id":"https:\/\/donbaraton.es\/#website","url":"https:\/\/donbaraton.es\/","name":"Don Baraton: tienda de sof\u00e1s, muebles y colchones","description":"Sofas baratos desde el almac\u00e9n en Almorad\u00ed, Alicante","publisher":{"@id":"https:\/\/donbaraton.es\/#organization"},"potentialAction":[{"@type":"SearchAction","target":{"@type":"EntryPoint","urlTemplate":"https:\/\/donbaraton.es\/?s={search_term_string}"},"query-input":{"@type":"PropertyValueSpecification","valueRequired":true,"valueName":"search_term_string"}}],"inLanguage":"en-GB"},{"@type":"Organization","@id":"https:\/\/donbaraton.es\/#organization","name":"Don Baraton","url":"https:\/\/donbaraton.es\/","logo":{"@type":"ImageObject","inLanguage":"en-GB","@id":"https:\/\/donbaraton.es\/#\/schema\/logo\/image\/","url":"https:\/\/i0.wp.com\/donbaraton.es\/wp-content\/uploads\/2016\/11\/logo_don_baraton.png?fit=228%2C110&ssl=1","contentUrl":"https:\/\/i0.wp.com\/donbaraton.es\/wp-content\/uploads\/2016\/11\/logo_don_baraton.png?fit=228%2C110&ssl=1","width":228,"height":110,"caption":"Don Baraton"},"image":{"@id":"https:\/\/donbaraton.es\/#\/schema\/logo\/image\/"},"sameAs":["https:\/\/www.facebook.com\/donbaraton.es","https:\/\/x.com\/don_baraton","https:\/\/www.instagram.com\/donbaraton.es","https:\/\/www.linkedin.com\/company\/donbaraton\/","https:\/\/es.pinterest.com\/donbaraton\/","https:\/\/www.youtube.com\/channel\/UCL02HOwx-F759Jq5MedAZfQ"]}]}},"_links":{"self":[{"href":"https:\/\/donbaraton.es\/en\/wp-json\/wp\/v2\/product\/15266","targetHints":{"allow":["GET"]}}],"collection":[{"href":"https:\/\/donbaraton.es\/en\/wp-json\/wp\/v2\/product"}],"about":[{"href":"https:\/\/donbaraton.es\/en\/wp-json\/wp\/v2\/types\/product"}],"replies":[{"embeddable":true,"href":"https:\/\/donbaraton.es\/en\/wp-json\/wp\/v2\/comments?post=15266"}],"wp:featuredmedia":[{"embeddable":true,"href":"https:\/\/donbaraton.es\/en\/wp-json\/wp\/v2\/media\/14591"}],"wp:attachment":[{"href":"https:\/\/donbaraton.es\/en\/wp-json\/wp\/v2\/media?parent=15266"}],"wp:term":[{"taxonomy":"product_brand","embeddable":true,"href":"https:\/\/donbaraton.es\/en\/wp-json\/wp\/v2\/product_brand?post=15266"},{"taxonomy":"product_cat","embeddable":true,"href":"https:\/\/donbaraton.es\/en\/wp-json\/wp\/v2\/product_cat?post=15266"},{"taxonomy":"product_tag","embeddable":true,"href":"https:\/\/donbaraton.es\/en\/wp-json\/wp\/v2\/product_tag?post=15266"}],"curies":[{"name":"wp","href":"https:\/\/api.w.org\/{rel}","templated":true}]}}