{"id":15274,"date":"2019-03-30T12:35:37","date_gmt":"2019-03-30T11:35:37","guid":{"rendered":"https:\/\/donbaraton.es\/producto\/uncategorized\/inexpensive-ottoman-slatted-bed-base-easy\/"},"modified":"2020-11-06T16:44:30","modified_gmt":"2020-11-06T15:44:30","slug":"inexpensive-ottoman-slatted-bed-base-easy","status":"publish","type":"product","link":"https:\/\/donbaraton.es\/en\/p\/inexpensive-ottoman-slatted-bed-base-easy\/","title":{"rendered":"Inexpensive Ottoman Slatted Bed Base &#8211; Easy"},"content":{"rendered":"<p><strong>Inexpensive ottoman slatted bed base &#8211; Easy<\/strong><\/p>\n<p>The Easy bed base is an affordable and practical solution for maximum bedroom storage.<\/p>\n<p>The slatted base (included) provides good ventilation of the mattress. The slats are fixed to a steel frame that can be lifted to access the storage under the bed, where you can store your home and bedroom items.<\/p>\n<p>The body of the bed is made of high quality 2.2 cm thick chipboard. The structure are reinforced with high resistance corners.<\/p>\n<p>The bed has a steel clamp to avoid the displacement of the mattress when the slatted base is lifted.<\/p>\n<p>Mechanism with two<span class=\"il\">\u00a0gas<\/span> struts for smooth, easy and silent lifting.<\/p>\n<p>The mattress is not included, you can choose and buy one here: <a href=\"\/?product_cat=mattresses\">mattresses<\/a>.<\/p>\n<p><strong>Available sizes:<\/strong> 90 x 190 cm, 135 x 190, height 32 cm<\/p>\n<p><strong>Assembly is not included<\/strong><\/p>\n","protected":false},"excerpt":{"rendered":"<ul>\n<li>Slatted base included<\/li>\n<li>Storage under the base<\/li>\n<li>4 legs included<\/li>\n<li>8 wooden arched slats<\/li>\n<li><span class=\"il\">2 gas<\/span> struts for easy opening<\/li>\n<\/ul>\n<p><strong>Dimensions:<\/strong> 135 x 190 cm, 90 x 190 cm, height 32 cm<\/p>\n","protected":false},"featured_media":15272,"comment_status":"open","ping_status":"closed","template":"","meta":{"_et_pb_use_builder":"","_et_pb_old_content":"","_et_gb_content_width":""},"product_brand":[],"product_cat":[132],"product_tag":[],"class_list":{"0":"post-15274","1":"product","2":"type-product","3":"status-publish","4":"has-post-thumbnail","6":"product_cat-beds","7":"product_shipping_class-articulos-pesado-manufacturing-up-to-10-days","8":"pa_material-wood","10":"first","11":"onbackorder","12":"sale","13":"taxable","14":"shipping-taxable","15":"product-type-variable","16":"has-default-attributes"},"yoast_head":"<!-- This site is optimized with the Yoast SEO plugin v27.2 - https:\/\/yoast.com\/product\/yoast-seo-wordpress\/ -->\n<title>Inexpensive Ottoman Slatted Bed Base - Easy - Don Baraton: tienda de sof\u00e1s, muebles y colchones<\/title>\n<meta name=\"robots\" content=\"index, follow, max-snippet:-1, max-image-preview:large, max-video-preview:-1\" \/>\n<link rel=\"canonical\" href=\"https:\/\/donbaraton.es\/en\/p\/inexpensive-ottoman-slatted-bed-base-easy\/\" \/>\n<meta property=\"og:locale\" content=\"en_GB\" \/>\n<meta property=\"og:type\" content=\"article\" \/>\n<meta property=\"og:title\" content=\"Inexpensive Ottoman Slatted Bed Base - Easy - Don Baraton: tienda de sof\u00e1s, muebles y colchones\" \/>\n<meta property=\"og:description\" content=\"Slatted base included  Storage under the base  4 legs included  8 wooden arched slats  2 gas struts for easy opening  Dimensions: 135 x 190 cm, 90 x 190 cm, height 32 cm\" \/>\n<meta property=\"og:url\" content=\"https:\/\/donbaraton.es\/en\/p\/inexpensive-ottoman-slatted-bed-base-easy\/\" \/>\n<meta property=\"og:site_name\" content=\"Don Baraton: tienda de sof\u00e1s, muebles y colchones\" \/>\n<meta property=\"article:publisher\" content=\"https:\/\/www.facebook.com\/donbaraton.es\" \/>\n<meta property=\"article:modified_time\" content=\"2020-11-06T15:44:30+00:00\" \/>\n<meta property=\"og:image\" content=\"https:\/\/i1.wp.com\/donbaraton.es\/wp-content\/uploads\/2019\/03\/Canap\u00e9-abatible-econ\u00f3mico-con-tapa-somier-de-l\u00e1minas-Easy.-Color-cambria-marr\u00f3n-claro.jpg?fit=1000%2C666&ssl=1\" \/>\n\t<meta property=\"og:image:width\" content=\"1000\" \/>\n\t<meta property=\"og:image:height\" content=\"666\" \/>\n\t<meta property=\"og:image:type\" content=\"image\/jpeg\" \/>\n<meta name=\"twitter:card\" content=\"summary_large_image\" \/>\n<meta name=\"twitter:site\" content=\"@don_baraton\" \/>\n<meta name=\"twitter:label1\" content=\"Estimated reading time\" \/>\n\t<meta name=\"twitter:data1\" content=\"1 minute\" \/>\n<script type=\"application\/ld+json\" class=\"yoast-schema-graph\">{\"@context\":\"https:\/\/schema.org\",\"@graph\":[{\"@type\":\"WebPage\",\"@id\":\"https:\/\/donbaraton.es\/en\/p\/inexpensive-ottoman-slatted-bed-base-easy\/\",\"url\":\"https:\/\/donbaraton.es\/en\/p\/inexpensive-ottoman-slatted-bed-base-easy\/\",\"name\":\"Inexpensive Ottoman Slatted Bed Base - Easy - Don Baraton: tienda de sof\u00e1s, muebles y colchones\",\"isPartOf\":{\"@id\":\"https:\/\/donbaraton.es\/#website\"},\"primaryImageOfPage\":{\"@id\":\"https:\/\/donbaraton.es\/en\/p\/inexpensive-ottoman-slatted-bed-base-easy\/#primaryimage\"},\"image\":{\"@id\":\"https:\/\/donbaraton.es\/en\/p\/inexpensive-ottoman-slatted-bed-base-easy\/#primaryimage\"},\"thumbnailUrl\":\"https:\/\/donbaraton.es\/wp-content\/uploads\/2019\/03\/Canap\u00e9-abatible-econ\u00f3mico-con-tapa-somier-de-l\u00e1minas-Easy.-Color-cambria-marr\u00f3n-claro.jpg\",\"datePublished\":\"2019-03-30T11:35:37+00:00\",\"dateModified\":\"2020-11-06T15:44:30+00:00\",\"breadcrumb\":{\"@id\":\"https:\/\/donbaraton.es\/en\/p\/inexpensive-ottoman-slatted-bed-base-easy\/#breadcrumb\"},\"inLanguage\":\"en-GB\",\"potentialAction\":[{\"@type\":\"ReadAction\",\"target\":[\"https:\/\/donbaraton.es\/en\/p\/inexpensive-ottoman-slatted-bed-base-easy\/\"]}]},{\"@type\":\"ImageObject\",\"inLanguage\":\"en-GB\",\"@id\":\"https:\/\/donbaraton.es\/en\/p\/inexpensive-ottoman-slatted-bed-base-easy\/#primaryimage\",\"url\":\"https:\/\/donbaraton.es\/wp-content\/uploads\/2019\/03\/Canap\u00e9-abatible-econ\u00f3mico-con-tapa-somier-de-l\u00e1minas-Easy.-Color-cambria-marr\u00f3n-claro.jpg\",\"contentUrl\":\"https:\/\/donbaraton.es\/wp-content\/uploads\/2019\/03\/Canap\u00e9-abatible-econ\u00f3mico-con-tapa-somier-de-l\u00e1minas-Easy.-Color-cambria-marr\u00f3n-claro.jpg\",\"width\":1000,\"height\":666,\"caption\":\"Inexpensive Ottoman Slatted Bed Base - Easy. Light Grey Color (Cambria). 135 x 190 cm\"},{\"@type\":\"BreadcrumbList\",\"@id\":\"https:\/\/donbaraton.es\/en\/p\/inexpensive-ottoman-slatted-bed-base-easy\/#breadcrumb\",\"itemListElement\":[{\"@type\":\"ListItem\",\"position\":1,\"name\":\"Portada\",\"item\":\"https:\/\/donbaraton.es\/en\/\"},{\"@type\":\"ListItem\",\"position\":2,\"name\":\"Online Shop\",\"item\":\"https:\/\/donbaraton.es\/en\/shop\/\"},{\"@type\":\"ListItem\",\"position\":3,\"name\":\"Inexpensive Ottoman Slatted Bed Base &#8211; Easy\"}]},{\"@type\":\"WebSite\",\"@id\":\"https:\/\/donbaraton.es\/#website\",\"url\":\"https:\/\/donbaraton.es\/\",\"name\":\"Don Baraton: tienda de sof\u00e1s, muebles y colchones\",\"description\":\"Sofas baratos desde el almac\u00e9n en Almorad\u00ed, Alicante\",\"publisher\":{\"@id\":\"https:\/\/donbaraton.es\/#organization\"},\"potentialAction\":[{\"@type\":\"SearchAction\",\"target\":{\"@type\":\"EntryPoint\",\"urlTemplate\":\"https:\/\/donbaraton.es\/?s={search_term_string}\"},\"query-input\":{\"@type\":\"PropertyValueSpecification\",\"valueRequired\":true,\"valueName\":\"search_term_string\"}}],\"inLanguage\":\"en-GB\"},{\"@type\":\"Organization\",\"@id\":\"https:\/\/donbaraton.es\/#organization\",\"name\":\"Don Baraton\",\"url\":\"https:\/\/donbaraton.es\/\",\"logo\":{\"@type\":\"ImageObject\",\"inLanguage\":\"en-GB\",\"@id\":\"https:\/\/donbaraton.es\/#\/schema\/logo\/image\/\",\"url\":\"https:\/\/i0.wp.com\/donbaraton.es\/wp-content\/uploads\/2016\/11\/logo_don_baraton.png?fit=228%2C110&ssl=1\",\"contentUrl\":\"https:\/\/i0.wp.com\/donbaraton.es\/wp-content\/uploads\/2016\/11\/logo_don_baraton.png?fit=228%2C110&ssl=1\",\"width\":228,\"height\":110,\"caption\":\"Don Baraton\"},\"image\":{\"@id\":\"https:\/\/donbaraton.es\/#\/schema\/logo\/image\/\"},\"sameAs\":[\"https:\/\/www.facebook.com\/donbaraton.es\",\"https:\/\/x.com\/don_baraton\",\"https:\/\/www.instagram.com\/donbaraton.es\",\"https:\/\/www.linkedin.com\/company\/donbaraton\/\",\"https:\/\/es.pinterest.com\/donbaraton\/\",\"https:\/\/www.youtube.com\/channel\/UCL02HOwx-F759Jq5MedAZfQ\"]}]}<\/script>\n<!-- \/ Yoast SEO plugin. -->","yoast_head_json":{"title":"Inexpensive Ottoman Slatted Bed Base - Easy - Don Baraton: tienda de sof\u00e1s, muebles y colchones","robots":{"index":"index","follow":"follow","max-snippet":"max-snippet:-1","max-image-preview":"max-image-preview:large","max-video-preview":"max-video-preview:-1"},"canonical":"https:\/\/donbaraton.es\/en\/p\/inexpensive-ottoman-slatted-bed-base-easy\/","og_locale":"en_GB","og_type":"article","og_title":"Inexpensive Ottoman Slatted Bed Base - Easy - Don Baraton: tienda de sof\u00e1s, muebles y colchones","og_description":"Slatted base included  Storage under the base  4 legs included  8 wooden arched slats  2 gas struts for easy opening  Dimensions: 135 x 190 cm, 90 x 190 cm, height 32 cm","og_url":"https:\/\/donbaraton.es\/en\/p\/inexpensive-ottoman-slatted-bed-base-easy\/","og_site_name":"Don Baraton: tienda de sof\u00e1s, muebles y colchones","article_publisher":"https:\/\/www.facebook.com\/donbaraton.es","article_modified_time":"2020-11-06T15:44:30+00:00","og_image":[{"width":1000,"height":666,"url":"https:\/\/i1.wp.com\/donbaraton.es\/wp-content\/uploads\/2019\/03\/Canap\u00e9-abatible-econ\u00f3mico-con-tapa-somier-de-l\u00e1minas-Easy.-Color-cambria-marr\u00f3n-claro.jpg?fit=1000%2C666&ssl=1","type":"image\/jpeg"}],"twitter_card":"summary_large_image","twitter_site":"@don_baraton","twitter_misc":{"Estimated reading time":"1 minute"},"schema":{"@context":"https:\/\/schema.org","@graph":[{"@type":"WebPage","@id":"https:\/\/donbaraton.es\/en\/p\/inexpensive-ottoman-slatted-bed-base-easy\/","url":"https:\/\/donbaraton.es\/en\/p\/inexpensive-ottoman-slatted-bed-base-easy\/","name":"Inexpensive Ottoman Slatted Bed Base - Easy - Don Baraton: tienda de sof\u00e1s, muebles y colchones","isPartOf":{"@id":"https:\/\/donbaraton.es\/#website"},"primaryImageOfPage":{"@id":"https:\/\/donbaraton.es\/en\/p\/inexpensive-ottoman-slatted-bed-base-easy\/#primaryimage"},"image":{"@id":"https:\/\/donbaraton.es\/en\/p\/inexpensive-ottoman-slatted-bed-base-easy\/#primaryimage"},"thumbnailUrl":"https:\/\/donbaraton.es\/wp-content\/uploads\/2019\/03\/Canap\u00e9-abatible-econ\u00f3mico-con-tapa-somier-de-l\u00e1minas-Easy.-Color-cambria-marr\u00f3n-claro.jpg","datePublished":"2019-03-30T11:35:37+00:00","dateModified":"2020-11-06T15:44:30+00:00","breadcrumb":{"@id":"https:\/\/donbaraton.es\/en\/p\/inexpensive-ottoman-slatted-bed-base-easy\/#breadcrumb"},"inLanguage":"en-GB","potentialAction":[{"@type":"ReadAction","target":["https:\/\/donbaraton.es\/en\/p\/inexpensive-ottoman-slatted-bed-base-easy\/"]}]},{"@type":"ImageObject","inLanguage":"en-GB","@id":"https:\/\/donbaraton.es\/en\/p\/inexpensive-ottoman-slatted-bed-base-easy\/#primaryimage","url":"https:\/\/donbaraton.es\/wp-content\/uploads\/2019\/03\/Canap\u00e9-abatible-econ\u00f3mico-con-tapa-somier-de-l\u00e1minas-Easy.-Color-cambria-marr\u00f3n-claro.jpg","contentUrl":"https:\/\/donbaraton.es\/wp-content\/uploads\/2019\/03\/Canap\u00e9-abatible-econ\u00f3mico-con-tapa-somier-de-l\u00e1minas-Easy.-Color-cambria-marr\u00f3n-claro.jpg","width":1000,"height":666,"caption":"Inexpensive Ottoman Slatted Bed Base - Easy. Light Grey Color (Cambria). 135 x 190 cm"},{"@type":"BreadcrumbList","@id":"https:\/\/donbaraton.es\/en\/p\/inexpensive-ottoman-slatted-bed-base-easy\/#breadcrumb","itemListElement":[{"@type":"ListItem","position":1,"name":"Portada","item":"https:\/\/donbaraton.es\/en\/"},{"@type":"ListItem","position":2,"name":"Online Shop","item":"https:\/\/donbaraton.es\/en\/shop\/"},{"@type":"ListItem","position":3,"name":"Inexpensive Ottoman Slatted Bed Base &#8211; Easy"}]},{"@type":"WebSite","@id":"https:\/\/donbaraton.es\/#website","url":"https:\/\/donbaraton.es\/","name":"Don Baraton: tienda de sof\u00e1s, muebles y colchones","description":"Sofas baratos desde el almac\u00e9n en Almorad\u00ed, Alicante","publisher":{"@id":"https:\/\/donbaraton.es\/#organization"},"potentialAction":[{"@type":"SearchAction","target":{"@type":"EntryPoint","urlTemplate":"https:\/\/donbaraton.es\/?s={search_term_string}"},"query-input":{"@type":"PropertyValueSpecification","valueRequired":true,"valueName":"search_term_string"}}],"inLanguage":"en-GB"},{"@type":"Organization","@id":"https:\/\/donbaraton.es\/#organization","name":"Don Baraton","url":"https:\/\/donbaraton.es\/","logo":{"@type":"ImageObject","inLanguage":"en-GB","@id":"https:\/\/donbaraton.es\/#\/schema\/logo\/image\/","url":"https:\/\/i0.wp.com\/donbaraton.es\/wp-content\/uploads\/2016\/11\/logo_don_baraton.png?fit=228%2C110&ssl=1","contentUrl":"https:\/\/i0.wp.com\/donbaraton.es\/wp-content\/uploads\/2016\/11\/logo_don_baraton.png?fit=228%2C110&ssl=1","width":228,"height":110,"caption":"Don Baraton"},"image":{"@id":"https:\/\/donbaraton.es\/#\/schema\/logo\/image\/"},"sameAs":["https:\/\/www.facebook.com\/donbaraton.es","https:\/\/x.com\/don_baraton","https:\/\/www.instagram.com\/donbaraton.es","https:\/\/www.linkedin.com\/company\/donbaraton\/","https:\/\/es.pinterest.com\/donbaraton\/","https:\/\/www.youtube.com\/channel\/UCL02HOwx-F759Jq5MedAZfQ"]}]}},"_links":{"self":[{"href":"https:\/\/donbaraton.es\/en\/wp-json\/wp\/v2\/product\/15274","targetHints":{"allow":["GET"]}}],"collection":[{"href":"https:\/\/donbaraton.es\/en\/wp-json\/wp\/v2\/product"}],"about":[{"href":"https:\/\/donbaraton.es\/en\/wp-json\/wp\/v2\/types\/product"}],"replies":[{"embeddable":true,"href":"https:\/\/donbaraton.es\/en\/wp-json\/wp\/v2\/comments?post=15274"}],"wp:featuredmedia":[{"embeddable":true,"href":"https:\/\/donbaraton.es\/en\/wp-json\/wp\/v2\/media\/15272"}],"wp:attachment":[{"href":"https:\/\/donbaraton.es\/en\/wp-json\/wp\/v2\/media?parent=15274"}],"wp:term":[{"taxonomy":"product_brand","embeddable":true,"href":"https:\/\/donbaraton.es\/en\/wp-json\/wp\/v2\/product_brand?post=15274"},{"taxonomy":"product_cat","embeddable":true,"href":"https:\/\/donbaraton.es\/en\/wp-json\/wp\/v2\/product_cat?post=15274"},{"taxonomy":"product_tag","embeddable":true,"href":"https:\/\/donbaraton.es\/en\/wp-json\/wp\/v2\/product_tag?post=15274"}],"curies":[{"name":"wp","href":"https:\/\/api.w.org\/{rel}","templated":true}]}}