{"id":15279,"date":"2020-12-11T03:44:40","date_gmt":"2019-03-14T23:44:40","guid":{"rendered":"https:\/\/donbaraton.es\/producto\/uncategorized\/u-shaped-corner-sofa-convertible-into-bed-copenhagen\/"},"modified":"2021-02-21T03:50:57","modified_gmt":"2021-02-21T02:50:57","slug":"u-shaped-corner-sofa-convertible-into-bed-copenhagen","status":"publish","type":"product","link":"https:\/\/donbaraton.es\/en\/p\/u-shaped-corner-sofa-convertible-into-bed-copenhagen\/","title":{"rendered":"U-shaped Corner Sofa Convertible Into Bed &#8211; Copenhagen"},"content":{"rendered":"<p><strong>U-shaped corner sofa convertible into bed &#8211; Copenhagen<\/strong><\/p>\n<p>Do you like spacious, comfortable and beautiful sofas? Copenhagen is our recommendation for you.<\/p>\n<p>Large U-shaped sofa that easy converts into a bed in just seconds, thanks to its easy folding backrest system. The area of the bed is even great than that of an average stand-alone bed. Enough space for the entire family!<\/p>\n<p>The spacious under seat storage allows you to store your home essentials that you do not want to be in sight.<\/p>\n<p>Awesome modern design with padded deep-buttoned backrests and armrests and wooden legs is what makes this sofa stand out. Six square backrest modules match the armrests of equal size, playing with the symmetry of the whole set.<\/p>\n<p>Durable frame is made of solid wood and chipboard and will last for many years.<\/p>\n<p>Copenhagen has visible wooden legs that elevate the body of the sofa to make it more stylish and easy to clean.<\/p>\n<p>Comfortable seats have bonell springs that restore their original shape and assure durable use of the sofa without deformations.<\/p>\n<p>The upholstery fabric is thick, very soft to the touch and easy to clean.<\/p>\n<p>Copenhagen is available in two colors:<\/p>\n<ul>\n<li><strong>Grey<\/strong><\/li>\n<li><strong>Dark grey<\/strong><\/li>\n<\/ul>\n<p>Unique opportunity to obtain comfort and elegance at the same time.<\/p>\n<p><strong>Dimensions:<\/strong> length 320 cm long, length of the corner 202 cm, length of the chaise longue 165 cm, depth 90 cm, height with cushions 90 cm, height without cushions 72 cm. <strong>Dimensions of the bed:<\/strong> 120 x 282 cm<\/p>\n<p><strong>Net weight:<\/strong> 148 kg<\/p>\n","protected":false},"excerpt":{"rendered":"<ul>\n<li>Spacious bed 120 x 282 cm<\/li>\n<li>Padded seats and armrests<\/li>\n<li>Durable soft to touch fabric<\/li>\n<li>Storage under the seat<\/li>\n<li>Solid wood and chipboard frame<\/li>\n<\/ul>\n<p><strong>Dimensions:<\/strong> length 320 cm, length of the corner 202 cm, length of the chaise 165 cm, depth 90 cm, height 72\/90 cm<\/p>\n","protected":false},"featured_media":14564,"comment_status":"open","ping_status":"closed","template":"","meta":{"_et_pb_use_builder":"","_et_pb_old_content":"","_et_gb_content_width":""},"product_brand":[],"product_cat":[43,45,108,41,35],"product_tag":[],"class_list":{"0":"post-15279","1":"product","2":"type-product","3":"status-publish","4":"has-post-thumbnail","6":"product_cat-sofa-beds-chaise-longue","7":"product_cat-chaise-longue-sofas","8":"product_cat-corner-sofas","9":"product_cat-sofa-beds","10":"product_cat-sofas-en","11":"product_shipping_class-articulos-pesados","12":"pa_lado-left","13":"pa_lado-reversible-chaise","14":"pa_lado-right","15":"pa_largo-sofas-301-cm-plus","16":"pa_material-fabric","17":"pa_plazas-large-sofas","19":"first","20":"outofstock","21":"sale","22":"taxable","23":"shipping-taxable","24":"product-type-variable","25":"has-default-attributes"},"yoast_head":"<!-- This site is optimized with the Yoast SEO plugin v27.2 - https:\/\/yoast.com\/product\/yoast-seo-wordpress\/ -->\n<title>U-shaped Corner Sofa Convertible Into Bed - Copenhagen - Don Baraton: tienda de sof\u00e1s, muebles y colchones<\/title>\n<meta name=\"robots\" content=\"index, follow, max-snippet:-1, max-image-preview:large, max-video-preview:-1\" \/>\n<link rel=\"canonical\" href=\"https:\/\/donbaraton.es\/en\/p\/u-shaped-corner-sofa-convertible-into-bed-copenhagen\/\" \/>\n<meta property=\"og:locale\" content=\"en_GB\" \/>\n<meta property=\"og:type\" content=\"article\" \/>\n<meta property=\"og:title\" content=\"U-shaped Corner Sofa Convertible Into Bed - Copenhagen - Don Baraton: tienda de sof\u00e1s, muebles y colchones\" \/>\n<meta property=\"og:description\" content=\"Spacious bed 120 x 282 cm  Padded seats and armrests  Durable soft to touch fabric  Storage under the seat  Solid wood and chipboard frame  Dimensions: length 320 cm, length of the corner 202 cm, length of the chaise 165 cm, depth 90 cm, height 72\/90 cm\" \/>\n<meta property=\"og:url\" content=\"https:\/\/donbaraton.es\/en\/p\/u-shaped-corner-sofa-convertible-into-bed-copenhagen\/\" \/>\n<meta property=\"og:site_name\" content=\"Don Baraton: tienda de sof\u00e1s, muebles y colchones\" \/>\n<meta property=\"article:publisher\" content=\"https:\/\/www.facebook.com\/donbaraton.es\" \/>\n<meta property=\"article:modified_time\" content=\"2021-02-21T02:50:57+00:00\" \/>\n<meta property=\"og:image\" content=\"https:\/\/i1.wp.com\/donbaraton.es\/wp-content\/uploads\/2019\/03\/Sof\u00e1-rinconera-en-U-convertible-en-cama-con-arc\u00f3n-Copenhagen.-Esquina-lado-izquierdo.-Tela-gris-Soro-93.jpg?fit=1000%2C642&ssl=1\" \/>\n\t<meta property=\"og:image:width\" content=\"1000\" \/>\n\t<meta property=\"og:image:height\" content=\"642\" \/>\n\t<meta property=\"og:image:type\" content=\"image\/jpeg\" \/>\n<meta name=\"twitter:card\" content=\"summary_large_image\" \/>\n<meta name=\"twitter:site\" content=\"@don_baraton\" \/>\n<meta name=\"twitter:label1\" content=\"Estimated reading time\" \/>\n\t<meta name=\"twitter:data1\" content=\"1 minute\" \/>\n<script type=\"application\/ld+json\" class=\"yoast-schema-graph\">{\"@context\":\"https:\/\/schema.org\",\"@graph\":[{\"@type\":\"WebPage\",\"@id\":\"https:\/\/donbaraton.es\/en\/p\/u-shaped-corner-sofa-convertible-into-bed-copenhagen\/\",\"url\":\"https:\/\/donbaraton.es\/en\/p\/u-shaped-corner-sofa-convertible-into-bed-copenhagen\/\",\"name\":\"U-shaped Corner Sofa Convertible Into Bed - Copenhagen - Don Baraton: tienda de sof\u00e1s, muebles y colchones\",\"isPartOf\":{\"@id\":\"https:\/\/donbaraton.es\/#website\"},\"primaryImageOfPage\":{\"@id\":\"https:\/\/donbaraton.es\/en\/p\/u-shaped-corner-sofa-convertible-into-bed-copenhagen\/#primaryimage\"},\"image\":{\"@id\":\"https:\/\/donbaraton.es\/en\/p\/u-shaped-corner-sofa-convertible-into-bed-copenhagen\/#primaryimage\"},\"thumbnailUrl\":\"https:\/\/donbaraton.es\/wp-content\/uploads\/2019\/03\/Sof\u00e1-rinconera-en-U-convertible-en-cama-con-arc\u00f3n-Copenhagen.-Esquina-lado-izquierdo.-Tela-gris-Soro-93.jpg\",\"datePublished\":\"2019-03-14T23:44:40+00:00\",\"dateModified\":\"2021-02-21T02:50:57+00:00\",\"breadcrumb\":{\"@id\":\"https:\/\/donbaraton.es\/en\/p\/u-shaped-corner-sofa-convertible-into-bed-copenhagen\/#breadcrumb\"},\"inLanguage\":\"en-GB\",\"potentialAction\":[{\"@type\":\"ReadAction\",\"target\":[\"https:\/\/donbaraton.es\/en\/p\/u-shaped-corner-sofa-convertible-into-bed-copenhagen\/\"]}]},{\"@type\":\"ImageObject\",\"inLanguage\":\"en-GB\",\"@id\":\"https:\/\/donbaraton.es\/en\/p\/u-shaped-corner-sofa-convertible-into-bed-copenhagen\/#primaryimage\",\"url\":\"https:\/\/donbaraton.es\/wp-content\/uploads\/2019\/03\/Sof\u00e1-rinconera-en-U-convertible-en-cama-con-arc\u00f3n-Copenhagen.-Esquina-lado-izquierdo.-Tela-gris-Soro-93.jpg\",\"contentUrl\":\"https:\/\/donbaraton.es\/wp-content\/uploads\/2019\/03\/Sof\u00e1-rinconera-en-U-convertible-en-cama-con-arc\u00f3n-Copenhagen.-Esquina-lado-izquierdo.-Tela-gris-Soro-93.jpg\",\"width\":1000,\"height\":642,\"caption\":\"U-shaped Corner Sofa Convertible Into Bed - Copenhagen. Left Corner. Grey Fabric\"},{\"@type\":\"BreadcrumbList\",\"@id\":\"https:\/\/donbaraton.es\/en\/p\/u-shaped-corner-sofa-convertible-into-bed-copenhagen\/#breadcrumb\",\"itemListElement\":[{\"@type\":\"ListItem\",\"position\":1,\"name\":\"Portada\",\"item\":\"https:\/\/donbaraton.es\/en\/\"},{\"@type\":\"ListItem\",\"position\":2,\"name\":\"Online Shop\",\"item\":\"https:\/\/donbaraton.es\/en\/shop\/\"},{\"@type\":\"ListItem\",\"position\":3,\"name\":\"U-shaped Corner Sofa Convertible Into Bed &#8211; Copenhagen\"}]},{\"@type\":\"WebSite\",\"@id\":\"https:\/\/donbaraton.es\/#website\",\"url\":\"https:\/\/donbaraton.es\/\",\"name\":\"Don Baraton: tienda de sof\u00e1s, muebles y colchones\",\"description\":\"Sofas baratos desde el almac\u00e9n en Almorad\u00ed, Alicante\",\"publisher\":{\"@id\":\"https:\/\/donbaraton.es\/#organization\"},\"potentialAction\":[{\"@type\":\"SearchAction\",\"target\":{\"@type\":\"EntryPoint\",\"urlTemplate\":\"https:\/\/donbaraton.es\/?s={search_term_string}\"},\"query-input\":{\"@type\":\"PropertyValueSpecification\",\"valueRequired\":true,\"valueName\":\"search_term_string\"}}],\"inLanguage\":\"en-GB\"},{\"@type\":\"Organization\",\"@id\":\"https:\/\/donbaraton.es\/#organization\",\"name\":\"Don Baraton\",\"url\":\"https:\/\/donbaraton.es\/\",\"logo\":{\"@type\":\"ImageObject\",\"inLanguage\":\"en-GB\",\"@id\":\"https:\/\/donbaraton.es\/#\/schema\/logo\/image\/\",\"url\":\"https:\/\/i0.wp.com\/donbaraton.es\/wp-content\/uploads\/2016\/11\/logo_don_baraton.png?fit=228%2C110&ssl=1\",\"contentUrl\":\"https:\/\/i0.wp.com\/donbaraton.es\/wp-content\/uploads\/2016\/11\/logo_don_baraton.png?fit=228%2C110&ssl=1\",\"width\":228,\"height\":110,\"caption\":\"Don Baraton\"},\"image\":{\"@id\":\"https:\/\/donbaraton.es\/#\/schema\/logo\/image\/\"},\"sameAs\":[\"https:\/\/www.facebook.com\/donbaraton.es\",\"https:\/\/x.com\/don_baraton\",\"https:\/\/www.instagram.com\/donbaraton.es\",\"https:\/\/www.linkedin.com\/company\/donbaraton\/\",\"https:\/\/es.pinterest.com\/donbaraton\/\",\"https:\/\/www.youtube.com\/channel\/UCL02HOwx-F759Jq5MedAZfQ\"]}]}<\/script>\n<!-- \/ Yoast SEO plugin. -->","yoast_head_json":{"title":"U-shaped Corner Sofa Convertible Into Bed - Copenhagen - Don Baraton: tienda de sof\u00e1s, muebles y colchones","robots":{"index":"index","follow":"follow","max-snippet":"max-snippet:-1","max-image-preview":"max-image-preview:large","max-video-preview":"max-video-preview:-1"},"canonical":"https:\/\/donbaraton.es\/en\/p\/u-shaped-corner-sofa-convertible-into-bed-copenhagen\/","og_locale":"en_GB","og_type":"article","og_title":"U-shaped Corner Sofa Convertible Into Bed - Copenhagen - Don Baraton: tienda de sof\u00e1s, muebles y colchones","og_description":"Spacious bed 120 x 282 cm  Padded seats and armrests  Durable soft to touch fabric  Storage under the seat  Solid wood and chipboard frame  Dimensions: length 320 cm, length of the corner 202 cm, length of the chaise 165 cm, depth 90 cm, height 72\/90 cm","og_url":"https:\/\/donbaraton.es\/en\/p\/u-shaped-corner-sofa-convertible-into-bed-copenhagen\/","og_site_name":"Don Baraton: tienda de sof\u00e1s, muebles y colchones","article_publisher":"https:\/\/www.facebook.com\/donbaraton.es","article_modified_time":"2021-02-21T02:50:57+00:00","og_image":[{"width":1000,"height":642,"url":"https:\/\/i1.wp.com\/donbaraton.es\/wp-content\/uploads\/2019\/03\/Sof\u00e1-rinconera-en-U-convertible-en-cama-con-arc\u00f3n-Copenhagen.-Esquina-lado-izquierdo.-Tela-gris-Soro-93.jpg?fit=1000%2C642&ssl=1","type":"image\/jpeg"}],"twitter_card":"summary_large_image","twitter_site":"@don_baraton","twitter_misc":{"Estimated reading time":"1 minute"},"schema":{"@context":"https:\/\/schema.org","@graph":[{"@type":"WebPage","@id":"https:\/\/donbaraton.es\/en\/p\/u-shaped-corner-sofa-convertible-into-bed-copenhagen\/","url":"https:\/\/donbaraton.es\/en\/p\/u-shaped-corner-sofa-convertible-into-bed-copenhagen\/","name":"U-shaped Corner Sofa Convertible Into Bed - Copenhagen - Don Baraton: tienda de sof\u00e1s, muebles y colchones","isPartOf":{"@id":"https:\/\/donbaraton.es\/#website"},"primaryImageOfPage":{"@id":"https:\/\/donbaraton.es\/en\/p\/u-shaped-corner-sofa-convertible-into-bed-copenhagen\/#primaryimage"},"image":{"@id":"https:\/\/donbaraton.es\/en\/p\/u-shaped-corner-sofa-convertible-into-bed-copenhagen\/#primaryimage"},"thumbnailUrl":"https:\/\/donbaraton.es\/wp-content\/uploads\/2019\/03\/Sof\u00e1-rinconera-en-U-convertible-en-cama-con-arc\u00f3n-Copenhagen.-Esquina-lado-izquierdo.-Tela-gris-Soro-93.jpg","datePublished":"2019-03-14T23:44:40+00:00","dateModified":"2021-02-21T02:50:57+00:00","breadcrumb":{"@id":"https:\/\/donbaraton.es\/en\/p\/u-shaped-corner-sofa-convertible-into-bed-copenhagen\/#breadcrumb"},"inLanguage":"en-GB","potentialAction":[{"@type":"ReadAction","target":["https:\/\/donbaraton.es\/en\/p\/u-shaped-corner-sofa-convertible-into-bed-copenhagen\/"]}]},{"@type":"ImageObject","inLanguage":"en-GB","@id":"https:\/\/donbaraton.es\/en\/p\/u-shaped-corner-sofa-convertible-into-bed-copenhagen\/#primaryimage","url":"https:\/\/donbaraton.es\/wp-content\/uploads\/2019\/03\/Sof\u00e1-rinconera-en-U-convertible-en-cama-con-arc\u00f3n-Copenhagen.-Esquina-lado-izquierdo.-Tela-gris-Soro-93.jpg","contentUrl":"https:\/\/donbaraton.es\/wp-content\/uploads\/2019\/03\/Sof\u00e1-rinconera-en-U-convertible-en-cama-con-arc\u00f3n-Copenhagen.-Esquina-lado-izquierdo.-Tela-gris-Soro-93.jpg","width":1000,"height":642,"caption":"U-shaped Corner Sofa Convertible Into Bed - Copenhagen. Left Corner. Grey Fabric"},{"@type":"BreadcrumbList","@id":"https:\/\/donbaraton.es\/en\/p\/u-shaped-corner-sofa-convertible-into-bed-copenhagen\/#breadcrumb","itemListElement":[{"@type":"ListItem","position":1,"name":"Portada","item":"https:\/\/donbaraton.es\/en\/"},{"@type":"ListItem","position":2,"name":"Online Shop","item":"https:\/\/donbaraton.es\/en\/shop\/"},{"@type":"ListItem","position":3,"name":"U-shaped Corner Sofa Convertible Into Bed &#8211; Copenhagen"}]},{"@type":"WebSite","@id":"https:\/\/donbaraton.es\/#website","url":"https:\/\/donbaraton.es\/","name":"Don Baraton: tienda de sof\u00e1s, muebles y colchones","description":"Sofas baratos desde el almac\u00e9n en Almorad\u00ed, Alicante","publisher":{"@id":"https:\/\/donbaraton.es\/#organization"},"potentialAction":[{"@type":"SearchAction","target":{"@type":"EntryPoint","urlTemplate":"https:\/\/donbaraton.es\/?s={search_term_string}"},"query-input":{"@type":"PropertyValueSpecification","valueRequired":true,"valueName":"search_term_string"}}],"inLanguage":"en-GB"},{"@type":"Organization","@id":"https:\/\/donbaraton.es\/#organization","name":"Don Baraton","url":"https:\/\/donbaraton.es\/","logo":{"@type":"ImageObject","inLanguage":"en-GB","@id":"https:\/\/donbaraton.es\/#\/schema\/logo\/image\/","url":"https:\/\/i0.wp.com\/donbaraton.es\/wp-content\/uploads\/2016\/11\/logo_don_baraton.png?fit=228%2C110&ssl=1","contentUrl":"https:\/\/i0.wp.com\/donbaraton.es\/wp-content\/uploads\/2016\/11\/logo_don_baraton.png?fit=228%2C110&ssl=1","width":228,"height":110,"caption":"Don Baraton"},"image":{"@id":"https:\/\/donbaraton.es\/#\/schema\/logo\/image\/"},"sameAs":["https:\/\/www.facebook.com\/donbaraton.es","https:\/\/x.com\/don_baraton","https:\/\/www.instagram.com\/donbaraton.es","https:\/\/www.linkedin.com\/company\/donbaraton\/","https:\/\/es.pinterest.com\/donbaraton\/","https:\/\/www.youtube.com\/channel\/UCL02HOwx-F759Jq5MedAZfQ"]}]}},"_links":{"self":[{"href":"https:\/\/donbaraton.es\/en\/wp-json\/wp\/v2\/product\/15279","targetHints":{"allow":["GET"]}}],"collection":[{"href":"https:\/\/donbaraton.es\/en\/wp-json\/wp\/v2\/product"}],"about":[{"href":"https:\/\/donbaraton.es\/en\/wp-json\/wp\/v2\/types\/product"}],"replies":[{"embeddable":true,"href":"https:\/\/donbaraton.es\/en\/wp-json\/wp\/v2\/comments?post=15279"}],"wp:featuredmedia":[{"embeddable":true,"href":"https:\/\/donbaraton.es\/en\/wp-json\/wp\/v2\/media\/14564"}],"wp:attachment":[{"href":"https:\/\/donbaraton.es\/en\/wp-json\/wp\/v2\/media?parent=15279"}],"wp:term":[{"taxonomy":"product_brand","embeddable":true,"href":"https:\/\/donbaraton.es\/en\/wp-json\/wp\/v2\/product_brand?post=15279"},{"taxonomy":"product_cat","embeddable":true,"href":"https:\/\/donbaraton.es\/en\/wp-json\/wp\/v2\/product_cat?post=15279"},{"taxonomy":"product_tag","embeddable":true,"href":"https:\/\/donbaraton.es\/en\/wp-json\/wp\/v2\/product_tag?post=15279"}],"curies":[{"name":"wp","href":"https:\/\/api.w.org\/{rel}","templated":true}]}}