{"id":15283,"date":"2019-05-17T17:05:50","date_gmt":"2019-03-19T18:05:50","guid":{"rendered":"https:\/\/donbaraton.es\/producto\/uncategorized\/sofa-bed-chaise-longue-storage-derby\/"},"modified":"2019-07-16T09:14:42","modified_gmt":"2019-07-16T07:14:42","slug":"sofa-bed-chaise-longue-storage-derby","status":"publish","type":"product","link":"https:\/\/donbaraton.es\/en\/p\/sofa-bed-chaise-longue-storage-derby\/","title":{"rendered":"Sofa Bed with Chaise Longue and Storage &#8211; Derby"},"content":{"rendered":"<p><strong>Sofa bed with chaise longue and storage &#8211; Derby<\/strong><\/p>\n<p>Looking for a modern, practical and comfortable sofa at affordable price? Derby is for you.<\/p>\n<p>Practical and trendy, this model easily <strong>converts into bed<\/strong>. Pull the seat towards you, fold down the backrest and the bed is ready! Unexpected guests or limited space? No problem, additional sleeping space is at your disposal.<\/p>\n<p>Narrow <strong>armrests<\/strong> leave more space for the bed.<\/p>\n<p>There&#8217;s a <strong>storage<\/strong> hidden under the seat that can accessed by pulling the seat towards you. You can store what you want inside the sofa and free some space in the room.<\/p>\n<p>The high-density foam on the <strong>seats<\/strong> ensures comfort while sitting and sleeping.<\/p>\n<p>The sofa&#8217;s <strong>frame<\/strong> is made of solid wood and chipboard, providing the the stability and firmness you are looking for.<\/p>\n<p>The <strong>outer backrest<\/strong> is upholstered in the same fabric as the rest of the sofa making it suitable for the center of the room, being visible from any angle.<\/p>\n<p>The model is upholstered in durable fabric available in two color styles:<\/p>\n<ul>\n<li><strong>Dark brown fabric all-over in its entirety (Sawana 26) <\/strong><\/li>\n<li><strong>A combination of grey and black fabrics (Sawana 21\/14)<\/strong><\/li>\n<\/ul>\n<p>This model is an excellent option you are looking for a great value for money.<\/p>\n<p><strong>Measurements:<\/strong> length 237 cm, height 90 cm, length of the chaise longue 150 cm. <strong>Bed dimensions:<\/strong> 125 x 195 cm<\/p>\n<p><strong>Net weight:<\/strong> 98 kg<\/p>\n","protected":false},"excerpt":{"rendered":"<ul>\n<li>Bed 125 x 195 cm<\/li>\n<li>Storage under the seat<\/li>\n<li>High density foam<\/li>\n<li>Narrow armrests<\/li>\n<li>Reversible chaise longue (left or right right)<\/li>\n<li>3 back cushions<\/li>\n<\/ul>\n<p><strong>Dimensions:<\/strong> length 237 cm, height 90 cm, length of the chaise longue 150 cm<\/p>\n","protected":false},"featured_media":14733,"comment_status":"open","ping_status":"closed","template":"","meta":{"_et_pb_use_builder":"","_et_pb_old_content":"","_et_gb_content_width":""},"product_brand":[],"product_cat":[43,45,41,35],"product_tag":[],"class_list":{"0":"post-15283","1":"product","2":"type-product","3":"status-publish","4":"has-post-thumbnail","6":"product_cat-sofa-beds-chaise-longue","7":"product_cat-chaise-longue-sofas","8":"product_cat-sofa-beds","9":"product_cat-sofas-en","10":"product_shipping_class-articulos-pesado-manufacturing-up-to-10-days","11":"pa_lado-left","12":"pa_lado-reversible-chaise","13":"pa_lado-right","14":"pa_largo-sofas-201-250-cm-en","15":"pa_material-fabric","16":"pa_plazas-3-seater-sofas","17":"pa_plazas-4-seater-sofas","19":"first","20":"outofstock","21":"taxable","22":"shipping-taxable","23":"product-type-variable"},"yoast_head":"<!-- This site is optimized with the Yoast SEO plugin v27.5 - https:\/\/yoast.com\/product\/yoast-seo-wordpress\/ -->\n<title>Sofa Bed with Chaise Longue and Storage - Derby - Don Baraton: tienda de sof\u00e1s, muebles y colchones<\/title>\n<meta name=\"robots\" content=\"index, follow, max-snippet:-1, max-image-preview:large, max-video-preview:-1\" \/>\n<link rel=\"canonical\" href=\"https:\/\/donbaraton.es\/en\/p\/sofa-bed-chaise-longue-storage-derby\/\" \/>\n<meta property=\"og:locale\" content=\"en_GB\" \/>\n<meta property=\"og:type\" content=\"article\" \/>\n<meta property=\"og:title\" content=\"Sofa Bed with Chaise Longue and Storage - Derby - Don Baraton: tienda de sof\u00e1s, muebles y colchones\" \/>\n<meta property=\"og:description\" content=\"Bed 125 x 195 cm  Storage under the seat  High density foam  Narrow armrests  Reversible chaise longue (left or right right)  3 back cushions  Dimensions: length 237 cm, height 90 cm, length of the chaise longue 150 cm\" \/>\n<meta property=\"og:url\" content=\"https:\/\/donbaraton.es\/en\/p\/sofa-bed-chaise-longue-storage-derby\/\" \/>\n<meta property=\"og:site_name\" content=\"Don Baraton: tienda de sof\u00e1s, muebles y colchones\" \/>\n<meta property=\"article:publisher\" content=\"https:\/\/www.facebook.com\/donbaraton.es\" \/>\n<meta property=\"article:modified_time\" content=\"2019-07-16T07:14:42+00:00\" \/>\n<meta property=\"og:image\" content=\"https:\/\/i1.wp.com\/donbaraton.es\/wp-content\/uploads\/2019\/03\/Sof\u00e1-chaiselong-cama-con-arc\u00f3n-en-colores-gris-y-negro-Derby-Tela-Sawana-21-14.-Chaiselong-lado-izquierdo.jpg?fit=1000%2C666&ssl=1\" \/>\n\t<meta property=\"og:image:width\" content=\"1000\" \/>\n\t<meta property=\"og:image:height\" content=\"666\" \/>\n\t<meta property=\"og:image:type\" content=\"image\/jpeg\" \/>\n<meta name=\"twitter:card\" content=\"summary_large_image\" \/>\n<meta name=\"twitter:site\" content=\"@don_baraton\" \/>\n<meta name=\"twitter:label1\" content=\"Estimated reading time\" \/>\n\t<meta name=\"twitter:data1\" content=\"1 minute\" \/>\n<script type=\"application\/ld+json\" class=\"yoast-schema-graph\">{\"@context\":\"https:\\\/\\\/schema.org\",\"@graph\":[{\"@type\":\"WebPage\",\"@id\":\"https:\\\/\\\/donbaraton.es\\\/en\\\/p\\\/sofa-bed-chaise-longue-storage-derby\\\/\",\"url\":\"https:\\\/\\\/donbaraton.es\\\/en\\\/p\\\/sofa-bed-chaise-longue-storage-derby\\\/\",\"name\":\"Sofa Bed with Chaise Longue and Storage - Derby - Don Baraton: tienda de sof\u00e1s, muebles y colchones\",\"isPartOf\":{\"@id\":\"https:\\\/\\\/donbaraton.es\\\/#website\"},\"primaryImageOfPage\":{\"@id\":\"https:\\\/\\\/donbaraton.es\\\/en\\\/p\\\/sofa-bed-chaise-longue-storage-derby\\\/#primaryimage\"},\"image\":{\"@id\":\"https:\\\/\\\/donbaraton.es\\\/en\\\/p\\\/sofa-bed-chaise-longue-storage-derby\\\/#primaryimage\"},\"thumbnailUrl\":\"https:\\\/\\\/donbaraton.es\\\/wp-content\\\/uploads\\\/2019\\\/03\\\/Sof\u00e1-chaiselong-cama-con-arc\u00f3n-en-colores-gris-y-negro-Derby-Tela-Sawana-21-14.-Chaiselong-lado-izquierdo.jpg\",\"datePublished\":\"2019-03-19T18:05:50+00:00\",\"dateModified\":\"2019-07-16T07:14:42+00:00\",\"breadcrumb\":{\"@id\":\"https:\\\/\\\/donbaraton.es\\\/en\\\/p\\\/sofa-bed-chaise-longue-storage-derby\\\/#breadcrumb\"},\"inLanguage\":\"en-GB\",\"potentialAction\":[{\"@type\":\"ReadAction\",\"target\":[\"https:\\\/\\\/donbaraton.es\\\/en\\\/p\\\/sofa-bed-chaise-longue-storage-derby\\\/\"]}]},{\"@type\":\"ImageObject\",\"inLanguage\":\"en-GB\",\"@id\":\"https:\\\/\\\/donbaraton.es\\\/en\\\/p\\\/sofa-bed-chaise-longue-storage-derby\\\/#primaryimage\",\"url\":\"https:\\\/\\\/donbaraton.es\\\/wp-content\\\/uploads\\\/2019\\\/03\\\/Sof\u00e1-chaiselong-cama-con-arc\u00f3n-en-colores-gris-y-negro-Derby-Tela-Sawana-21-14.-Chaiselong-lado-izquierdo.jpg\",\"contentUrl\":\"https:\\\/\\\/donbaraton.es\\\/wp-content\\\/uploads\\\/2019\\\/03\\\/Sof\u00e1-chaiselong-cama-con-arc\u00f3n-en-colores-gris-y-negro-Derby-Tela-Sawana-21-14.-Chaiselong-lado-izquierdo.jpg\",\"width\":1000,\"height\":666,\"caption\":\"Sofa Bed with Chaise Longue and Storage - Derby. Grey and black fabrics. Chaise longue on the left\"},{\"@type\":\"BreadcrumbList\",\"@id\":\"https:\\\/\\\/donbaraton.es\\\/en\\\/p\\\/sofa-bed-chaise-longue-storage-derby\\\/#breadcrumb\",\"itemListElement\":[{\"@type\":\"ListItem\",\"position\":1,\"name\":\"Portada\",\"item\":\"https:\\\/\\\/donbaraton.es\\\/en\\\/\"},{\"@type\":\"ListItem\",\"position\":2,\"name\":\"Online Shop\",\"item\":\"https:\\\/\\\/donbaraton.es\\\/en\\\/shop\\\/\"},{\"@type\":\"ListItem\",\"position\":3,\"name\":\"Sofa Bed with Chaise Longue and Storage &#8211; Derby\"}]},{\"@type\":\"WebSite\",\"@id\":\"https:\\\/\\\/donbaraton.es\\\/#website\",\"url\":\"https:\\\/\\\/donbaraton.es\\\/\",\"name\":\"Don Baraton: tienda de sof\u00e1s, muebles y colchones\",\"description\":\"Sofas baratos desde el almac\u00e9n en Almorad\u00ed, Alicante\",\"publisher\":{\"@id\":\"https:\\\/\\\/donbaraton.es\\\/#organization\"},\"potentialAction\":[{\"@type\":\"SearchAction\",\"target\":{\"@type\":\"EntryPoint\",\"urlTemplate\":\"https:\\\/\\\/donbaraton.es\\\/?s={search_term_string}\"},\"query-input\":{\"@type\":\"PropertyValueSpecification\",\"valueRequired\":true,\"valueName\":\"search_term_string\"}}],\"inLanguage\":\"en-GB\"},{\"@type\":\"Organization\",\"@id\":\"https:\\\/\\\/donbaraton.es\\\/#organization\",\"name\":\"Don Baraton\",\"url\":\"https:\\\/\\\/donbaraton.es\\\/\",\"logo\":{\"@type\":\"ImageObject\",\"inLanguage\":\"en-GB\",\"@id\":\"https:\\\/\\\/donbaraton.es\\\/#\\\/schema\\\/logo\\\/image\\\/\",\"url\":\"https:\\\/\\\/i0.wp.com\\\/donbaraton.es\\\/wp-content\\\/uploads\\\/2016\\\/11\\\/logo_don_baraton.png?fit=228%2C110&ssl=1\",\"contentUrl\":\"https:\\\/\\\/i0.wp.com\\\/donbaraton.es\\\/wp-content\\\/uploads\\\/2016\\\/11\\\/logo_don_baraton.png?fit=228%2C110&ssl=1\",\"width\":228,\"height\":110,\"caption\":\"Don Baraton\"},\"image\":{\"@id\":\"https:\\\/\\\/donbaraton.es\\\/#\\\/schema\\\/logo\\\/image\\\/\"},\"sameAs\":[\"https:\\\/\\\/www.facebook.com\\\/donbaraton.es\",\"https:\\\/\\\/x.com\\\/don_baraton\",\"https:\\\/\\\/www.instagram.com\\\/donbaraton.es\",\"https:\\\/\\\/www.linkedin.com\\\/company\\\/donbaraton\\\/\",\"https:\\\/\\\/es.pinterest.com\\\/donbaraton\\\/\",\"https:\\\/\\\/www.youtube.com\\\/channel\\\/UCL02HOwx-F759Jq5MedAZfQ\"]}]}<\/script>\n<!-- \/ Yoast SEO plugin. -->","yoast_head_json":{"title":"Sofa Bed with Chaise Longue and Storage - Derby - Don Baraton: tienda de sof\u00e1s, muebles y colchones","robots":{"index":"index","follow":"follow","max-snippet":"max-snippet:-1","max-image-preview":"max-image-preview:large","max-video-preview":"max-video-preview:-1"},"canonical":"https:\/\/donbaraton.es\/en\/p\/sofa-bed-chaise-longue-storage-derby\/","og_locale":"en_GB","og_type":"article","og_title":"Sofa Bed with Chaise Longue and Storage - Derby - Don Baraton: tienda de sof\u00e1s, muebles y colchones","og_description":"Bed 125 x 195 cm  Storage under the seat  High density foam  Narrow armrests  Reversible chaise longue (left or right right)  3 back cushions  Dimensions: length 237 cm, height 90 cm, length of the chaise longue 150 cm","og_url":"https:\/\/donbaraton.es\/en\/p\/sofa-bed-chaise-longue-storage-derby\/","og_site_name":"Don Baraton: tienda de sof\u00e1s, muebles y colchones","article_publisher":"https:\/\/www.facebook.com\/donbaraton.es","article_modified_time":"2019-07-16T07:14:42+00:00","og_image":[{"width":1000,"height":666,"url":"https:\/\/i1.wp.com\/donbaraton.es\/wp-content\/uploads\/2019\/03\/Sof\u00e1-chaiselong-cama-con-arc\u00f3n-en-colores-gris-y-negro-Derby-Tela-Sawana-21-14.-Chaiselong-lado-izquierdo.jpg?fit=1000%2C666&ssl=1","type":"image\/jpeg"}],"twitter_card":"summary_large_image","twitter_site":"@don_baraton","twitter_misc":{"Estimated reading time":"1 minute"},"schema":{"@context":"https:\/\/schema.org","@graph":[{"@type":"WebPage","@id":"https:\/\/donbaraton.es\/en\/p\/sofa-bed-chaise-longue-storage-derby\/","url":"https:\/\/donbaraton.es\/en\/p\/sofa-bed-chaise-longue-storage-derby\/","name":"Sofa Bed with Chaise Longue and Storage - Derby - Don Baraton: tienda de sof\u00e1s, muebles y colchones","isPartOf":{"@id":"https:\/\/donbaraton.es\/#website"},"primaryImageOfPage":{"@id":"https:\/\/donbaraton.es\/en\/p\/sofa-bed-chaise-longue-storage-derby\/#primaryimage"},"image":{"@id":"https:\/\/donbaraton.es\/en\/p\/sofa-bed-chaise-longue-storage-derby\/#primaryimage"},"thumbnailUrl":"https:\/\/donbaraton.es\/wp-content\/uploads\/2019\/03\/Sof\u00e1-chaiselong-cama-con-arc\u00f3n-en-colores-gris-y-negro-Derby-Tela-Sawana-21-14.-Chaiselong-lado-izquierdo.jpg","datePublished":"2019-03-19T18:05:50+00:00","dateModified":"2019-07-16T07:14:42+00:00","breadcrumb":{"@id":"https:\/\/donbaraton.es\/en\/p\/sofa-bed-chaise-longue-storage-derby\/#breadcrumb"},"inLanguage":"en-GB","potentialAction":[{"@type":"ReadAction","target":["https:\/\/donbaraton.es\/en\/p\/sofa-bed-chaise-longue-storage-derby\/"]}]},{"@type":"ImageObject","inLanguage":"en-GB","@id":"https:\/\/donbaraton.es\/en\/p\/sofa-bed-chaise-longue-storage-derby\/#primaryimage","url":"https:\/\/donbaraton.es\/wp-content\/uploads\/2019\/03\/Sof\u00e1-chaiselong-cama-con-arc\u00f3n-en-colores-gris-y-negro-Derby-Tela-Sawana-21-14.-Chaiselong-lado-izquierdo.jpg","contentUrl":"https:\/\/donbaraton.es\/wp-content\/uploads\/2019\/03\/Sof\u00e1-chaiselong-cama-con-arc\u00f3n-en-colores-gris-y-negro-Derby-Tela-Sawana-21-14.-Chaiselong-lado-izquierdo.jpg","width":1000,"height":666,"caption":"Sofa Bed with Chaise Longue and Storage - Derby. Grey and black fabrics. Chaise longue on the left"},{"@type":"BreadcrumbList","@id":"https:\/\/donbaraton.es\/en\/p\/sofa-bed-chaise-longue-storage-derby\/#breadcrumb","itemListElement":[{"@type":"ListItem","position":1,"name":"Portada","item":"https:\/\/donbaraton.es\/en\/"},{"@type":"ListItem","position":2,"name":"Online Shop","item":"https:\/\/donbaraton.es\/en\/shop\/"},{"@type":"ListItem","position":3,"name":"Sofa Bed with Chaise Longue and Storage &#8211; Derby"}]},{"@type":"WebSite","@id":"https:\/\/donbaraton.es\/#website","url":"https:\/\/donbaraton.es\/","name":"Don Baraton: tienda de sof\u00e1s, muebles y colchones","description":"Sofas baratos desde el almac\u00e9n en Almorad\u00ed, Alicante","publisher":{"@id":"https:\/\/donbaraton.es\/#organization"},"potentialAction":[{"@type":"SearchAction","target":{"@type":"EntryPoint","urlTemplate":"https:\/\/donbaraton.es\/?s={search_term_string}"},"query-input":{"@type":"PropertyValueSpecification","valueRequired":true,"valueName":"search_term_string"}}],"inLanguage":"en-GB"},{"@type":"Organization","@id":"https:\/\/donbaraton.es\/#organization","name":"Don Baraton","url":"https:\/\/donbaraton.es\/","logo":{"@type":"ImageObject","inLanguage":"en-GB","@id":"https:\/\/donbaraton.es\/#\/schema\/logo\/image\/","url":"https:\/\/i0.wp.com\/donbaraton.es\/wp-content\/uploads\/2016\/11\/logo_don_baraton.png?fit=228%2C110&ssl=1","contentUrl":"https:\/\/i0.wp.com\/donbaraton.es\/wp-content\/uploads\/2016\/11\/logo_don_baraton.png?fit=228%2C110&ssl=1","width":228,"height":110,"caption":"Don Baraton"},"image":{"@id":"https:\/\/donbaraton.es\/#\/schema\/logo\/image\/"},"sameAs":["https:\/\/www.facebook.com\/donbaraton.es","https:\/\/x.com\/don_baraton","https:\/\/www.instagram.com\/donbaraton.es","https:\/\/www.linkedin.com\/company\/donbaraton\/","https:\/\/es.pinterest.com\/donbaraton\/","https:\/\/www.youtube.com\/channel\/UCL02HOwx-F759Jq5MedAZfQ"]}]}},"_links":{"self":[{"href":"https:\/\/donbaraton.es\/en\/wp-json\/wp\/v2\/product\/15283","targetHints":{"allow":["GET"]}}],"collection":[{"href":"https:\/\/donbaraton.es\/en\/wp-json\/wp\/v2\/product"}],"about":[{"href":"https:\/\/donbaraton.es\/en\/wp-json\/wp\/v2\/types\/product"}],"replies":[{"embeddable":true,"href":"https:\/\/donbaraton.es\/en\/wp-json\/wp\/v2\/comments?post=15283"}],"wp:featuredmedia":[{"embeddable":true,"href":"https:\/\/donbaraton.es\/en\/wp-json\/wp\/v2\/media\/14733"}],"wp:attachment":[{"href":"https:\/\/donbaraton.es\/en\/wp-json\/wp\/v2\/media?parent=15283"}],"wp:term":[{"taxonomy":"product_brand","embeddable":true,"href":"https:\/\/donbaraton.es\/en\/wp-json\/wp\/v2\/product_brand?post=15283"},{"taxonomy":"product_cat","embeddable":true,"href":"https:\/\/donbaraton.es\/en\/wp-json\/wp\/v2\/product_cat?post=15283"},{"taxonomy":"product_tag","embeddable":true,"href":"https:\/\/donbaraton.es\/en\/wp-json\/wp\/v2\/product_tag?post=15283"}],"curies":[{"name":"wp","href":"https:\/\/api.w.org\/{rel}","templated":true}]}}