{"id":15469,"date":"2020-06-13T03:00:35","date_gmt":"2019-04-03T23:49:07","guid":{"rendered":"https:\/\/donbaraton.es\/?post_type=product&#038;p=15469"},"modified":"2024-06-04T10:54:06","modified_gmt":"2024-06-04T08:54:06","slug":"graphite-memory-foam-mattress-grafitech","status":"publish","type":"product","link":"https:\/\/donbaraton.es\/en\/p\/graphite-memory-foam-mattress-grafitech\/","title":{"rendered":"Graphite Memory Foam Mattress &#8211; Grafitech"},"content":{"rendered":"<p><strong>Graphite Memory Foam Mattress &#8211; Grafitech<\/strong><\/p>\n<p>Did you think that the perfect mattress did not exist ? Try this one, you will probably change your mind.<\/p>\n<p>Grafitech is a medium firm mattress with excellent breathing properties and deformation resistance.<\/p>\n<p>The layer of graphite foam makes this product a very good choice for the high humidity coastal climate in Spain. Graphite drastically improves the dispersion of heat and reduces the uncomfortable thermal sensation associated with prolonged rest on the mattresses.<\/p>\n<p>Graphite memory foam mattresses have been known and used in premium models in Spain for quite a long time and recently became more affordable.<\/p>\n<p>The cover fabric of the mattress is durable and soft to touch.<\/p>\n<p><span style=\"color: #ff0000;\">The colour of the mattress may vary<\/span><\/p>\n<p><strong>Sizes available: <\/strong>80 x 190 cm, 90 x 190 cm, 105 x 190 cm, 135 x 190 cm, 150 x 190 cm, 160 x 190 cm, 180 x 190 cm, 200 x 190 cm, 80 x 200 cm, 90 x 200 cm, 105 x 200 cm, 135 x 200 cm, 140 x 200 cm, 150 x 200 cm, 160 x 200 cm, 180 x 200 cm, 190 x 200 cm, 200 x 200 cm<\/p>\n<p><strong>Height:<\/strong>\u00a028 cm<\/p>\n","protected":false},"excerpt":{"rendered":"<ul>\n<li>Memory foam layer<\/li>\n<li>Medium firmness<\/li>\n<li>Maximum breathability<\/li>\n<li>Orthopedic mattress<\/li>\n<li>Excellent thermo-regulating properties<\/li>\n<\/ul>\n","protected":false},"featured_media":15541,"comment_status":"open","ping_status":"closed","template":"","meta":{"_et_pb_use_builder":"","_et_pb_old_content":"","_et_gb_content_width":""},"product_brand":[],"product_cat":[229],"product_tag":[],"class_list":{"0":"post-15469","1":"product","2":"type-product","3":"status-publish","4":"has-post-thumbnail","6":"product_cat-mattresses","7":"product_shipping_class-3-20-kg-hasta-10-dias","8":"pa_firmeza-medium-mattress","10":"first","11":"instock","12":"sale","13":"taxable","14":"shipping-taxable","15":"purchasable","16":"product-type-variable"},"yoast_head":"<!-- This site is optimized with the Yoast SEO plugin v27.2 - https:\/\/yoast.com\/product\/yoast-seo-wordpress\/ -->\n<title>Graphite Memory Foam Mattress - Grafitech - Don Baraton: tienda de sof\u00e1s, muebles y colchones<\/title>\n<meta name=\"robots\" content=\"index, follow, max-snippet:-1, max-image-preview:large, max-video-preview:-1\" \/>\n<link rel=\"canonical\" href=\"https:\/\/donbaraton.es\/en\/p\/graphite-memory-foam-mattress-grafitech\/\" \/>\n<meta property=\"og:locale\" content=\"en_GB\" \/>\n<meta property=\"og:type\" content=\"article\" \/>\n<meta property=\"og:title\" content=\"Graphite Memory Foam Mattress - Grafitech - Don Baraton: tienda de sof\u00e1s, muebles y colchones\" \/>\n<meta property=\"og:description\" content=\"Memory foam layer  Medium firmness  Maximum breathability  Orthopedic mattress  Excellent thermo-regulating properties\" \/>\n<meta property=\"og:url\" content=\"https:\/\/donbaraton.es\/en\/p\/graphite-memory-foam-mattress-grafitech\/\" \/>\n<meta property=\"og:site_name\" content=\"Don Baraton: tienda de sof\u00e1s, muebles y colchones\" \/>\n<meta property=\"article:publisher\" content=\"https:\/\/www.facebook.com\/donbaraton.es\" \/>\n<meta property=\"article:modified_time\" content=\"2024-06-04T08:54:06+00:00\" \/>\n<meta property=\"og:image\" content=\"https:\/\/i2.wp.com\/donbaraton.es\/wp-content\/uploads\/2019\/04\/Colch\u00f3n-viscografeno-\u2013-Grafitech-135-x-190-cm.jpg?fit=1000%2C750&ssl=1\" \/>\n\t<meta property=\"og:image:width\" content=\"1000\" \/>\n\t<meta property=\"og:image:height\" content=\"750\" \/>\n\t<meta property=\"og:image:type\" content=\"image\/jpeg\" \/>\n<meta name=\"twitter:card\" content=\"summary_large_image\" \/>\n<meta name=\"twitter:site\" content=\"@don_baraton\" \/>\n<meta name=\"twitter:label1\" content=\"Estimated reading time\" \/>\n\t<meta name=\"twitter:data1\" content=\"1 minute\" \/>\n<script type=\"application\/ld+json\" class=\"yoast-schema-graph\">{\"@context\":\"https:\/\/schema.org\",\"@graph\":[{\"@type\":\"WebPage\",\"@id\":\"https:\/\/donbaraton.es\/en\/p\/graphite-memory-foam-mattress-grafitech\/\",\"url\":\"https:\/\/donbaraton.es\/en\/p\/graphite-memory-foam-mattress-grafitech\/\",\"name\":\"Graphite Memory Foam Mattress - Grafitech - Don Baraton: tienda de sof\u00e1s, muebles y colchones\",\"isPartOf\":{\"@id\":\"https:\/\/donbaraton.es\/#website\"},\"primaryImageOfPage\":{\"@id\":\"https:\/\/donbaraton.es\/en\/p\/graphite-memory-foam-mattress-grafitech\/#primaryimage\"},\"image\":{\"@id\":\"https:\/\/donbaraton.es\/en\/p\/graphite-memory-foam-mattress-grafitech\/#primaryimage\"},\"thumbnailUrl\":\"https:\/\/donbaraton.es\/wp-content\/uploads\/2019\/04\/Colch\u00f3n-viscografeno-\u2013-Grafitech-135-x-190-cm.jpg\",\"datePublished\":\"2019-04-03T23:49:07+00:00\",\"dateModified\":\"2024-06-04T08:54:06+00:00\",\"breadcrumb\":{\"@id\":\"https:\/\/donbaraton.es\/en\/p\/graphite-memory-foam-mattress-grafitech\/#breadcrumb\"},\"inLanguage\":\"en-GB\",\"potentialAction\":[{\"@type\":\"ReadAction\",\"target\":[\"https:\/\/donbaraton.es\/en\/p\/graphite-memory-foam-mattress-grafitech\/\"]}]},{\"@type\":\"ImageObject\",\"inLanguage\":\"en-GB\",\"@id\":\"https:\/\/donbaraton.es\/en\/p\/graphite-memory-foam-mattress-grafitech\/#primaryimage\",\"url\":\"https:\/\/donbaraton.es\/wp-content\/uploads\/2019\/04\/Colch\u00f3n-viscografeno-\u2013-Grafitech-135-x-190-cm.jpg\",\"contentUrl\":\"https:\/\/donbaraton.es\/wp-content\/uploads\/2019\/04\/Colch\u00f3n-viscografeno-\u2013-Grafitech-135-x-190-cm.jpg\",\"width\":1000,\"height\":750,\"caption\":\"Graphite Memory Foam Mattress - Grafitech - 135 x 190 cm\"},{\"@type\":\"BreadcrumbList\",\"@id\":\"https:\/\/donbaraton.es\/en\/p\/graphite-memory-foam-mattress-grafitech\/#breadcrumb\",\"itemListElement\":[{\"@type\":\"ListItem\",\"position\":1,\"name\":\"Portada\",\"item\":\"https:\/\/donbaraton.es\/en\/\"},{\"@type\":\"ListItem\",\"position\":2,\"name\":\"Online Shop\",\"item\":\"https:\/\/donbaraton.es\/en\/shop\/\"},{\"@type\":\"ListItem\",\"position\":3,\"name\":\"Graphite Memory Foam Mattress &#8211; Grafitech\"}]},{\"@type\":\"WebSite\",\"@id\":\"https:\/\/donbaraton.es\/#website\",\"url\":\"https:\/\/donbaraton.es\/\",\"name\":\"Don Baraton: tienda de sof\u00e1s, muebles y colchones\",\"description\":\"Sofas baratos desde el almac\u00e9n en Almorad\u00ed, Alicante\",\"publisher\":{\"@id\":\"https:\/\/donbaraton.es\/#organization\"},\"potentialAction\":[{\"@type\":\"SearchAction\",\"target\":{\"@type\":\"EntryPoint\",\"urlTemplate\":\"https:\/\/donbaraton.es\/?s={search_term_string}\"},\"query-input\":{\"@type\":\"PropertyValueSpecification\",\"valueRequired\":true,\"valueName\":\"search_term_string\"}}],\"inLanguage\":\"en-GB\"},{\"@type\":\"Organization\",\"@id\":\"https:\/\/donbaraton.es\/#organization\",\"name\":\"Don Baraton\",\"url\":\"https:\/\/donbaraton.es\/\",\"logo\":{\"@type\":\"ImageObject\",\"inLanguage\":\"en-GB\",\"@id\":\"https:\/\/donbaraton.es\/#\/schema\/logo\/image\/\",\"url\":\"https:\/\/i0.wp.com\/donbaraton.es\/wp-content\/uploads\/2016\/11\/logo_don_baraton.png?fit=228%2C110&ssl=1\",\"contentUrl\":\"https:\/\/i0.wp.com\/donbaraton.es\/wp-content\/uploads\/2016\/11\/logo_don_baraton.png?fit=228%2C110&ssl=1\",\"width\":228,\"height\":110,\"caption\":\"Don Baraton\"},\"image\":{\"@id\":\"https:\/\/donbaraton.es\/#\/schema\/logo\/image\/\"},\"sameAs\":[\"https:\/\/www.facebook.com\/donbaraton.es\",\"https:\/\/x.com\/don_baraton\",\"https:\/\/www.instagram.com\/donbaraton.es\",\"https:\/\/www.linkedin.com\/company\/donbaraton\/\",\"https:\/\/es.pinterest.com\/donbaraton\/\",\"https:\/\/www.youtube.com\/channel\/UCL02HOwx-F759Jq5MedAZfQ\"]}]}<\/script>\n<!-- \/ Yoast SEO plugin. -->","yoast_head_json":{"title":"Graphite Memory Foam Mattress - Grafitech - Don Baraton: tienda de sof\u00e1s, muebles y colchones","robots":{"index":"index","follow":"follow","max-snippet":"max-snippet:-1","max-image-preview":"max-image-preview:large","max-video-preview":"max-video-preview:-1"},"canonical":"https:\/\/donbaraton.es\/en\/p\/graphite-memory-foam-mattress-grafitech\/","og_locale":"en_GB","og_type":"article","og_title":"Graphite Memory Foam Mattress - Grafitech - Don Baraton: tienda de sof\u00e1s, muebles y colchones","og_description":"Memory foam layer  Medium firmness  Maximum breathability  Orthopedic mattress  Excellent thermo-regulating properties","og_url":"https:\/\/donbaraton.es\/en\/p\/graphite-memory-foam-mattress-grafitech\/","og_site_name":"Don Baraton: tienda de sof\u00e1s, muebles y colchones","article_publisher":"https:\/\/www.facebook.com\/donbaraton.es","article_modified_time":"2024-06-04T08:54:06+00:00","og_image":[{"width":1000,"height":750,"url":"https:\/\/i2.wp.com\/donbaraton.es\/wp-content\/uploads\/2019\/04\/Colch\u00f3n-viscografeno-\u2013-Grafitech-135-x-190-cm.jpg?fit=1000%2C750&ssl=1","type":"image\/jpeg"}],"twitter_card":"summary_large_image","twitter_site":"@don_baraton","twitter_misc":{"Estimated reading time":"1 minute"},"schema":{"@context":"https:\/\/schema.org","@graph":[{"@type":"WebPage","@id":"https:\/\/donbaraton.es\/en\/p\/graphite-memory-foam-mattress-grafitech\/","url":"https:\/\/donbaraton.es\/en\/p\/graphite-memory-foam-mattress-grafitech\/","name":"Graphite Memory Foam Mattress - Grafitech - Don Baraton: tienda de sof\u00e1s, muebles y colchones","isPartOf":{"@id":"https:\/\/donbaraton.es\/#website"},"primaryImageOfPage":{"@id":"https:\/\/donbaraton.es\/en\/p\/graphite-memory-foam-mattress-grafitech\/#primaryimage"},"image":{"@id":"https:\/\/donbaraton.es\/en\/p\/graphite-memory-foam-mattress-grafitech\/#primaryimage"},"thumbnailUrl":"https:\/\/donbaraton.es\/wp-content\/uploads\/2019\/04\/Colch\u00f3n-viscografeno-\u2013-Grafitech-135-x-190-cm.jpg","datePublished":"2019-04-03T23:49:07+00:00","dateModified":"2024-06-04T08:54:06+00:00","breadcrumb":{"@id":"https:\/\/donbaraton.es\/en\/p\/graphite-memory-foam-mattress-grafitech\/#breadcrumb"},"inLanguage":"en-GB","potentialAction":[{"@type":"ReadAction","target":["https:\/\/donbaraton.es\/en\/p\/graphite-memory-foam-mattress-grafitech\/"]}]},{"@type":"ImageObject","inLanguage":"en-GB","@id":"https:\/\/donbaraton.es\/en\/p\/graphite-memory-foam-mattress-grafitech\/#primaryimage","url":"https:\/\/donbaraton.es\/wp-content\/uploads\/2019\/04\/Colch\u00f3n-viscografeno-\u2013-Grafitech-135-x-190-cm.jpg","contentUrl":"https:\/\/donbaraton.es\/wp-content\/uploads\/2019\/04\/Colch\u00f3n-viscografeno-\u2013-Grafitech-135-x-190-cm.jpg","width":1000,"height":750,"caption":"Graphite Memory Foam Mattress - Grafitech - 135 x 190 cm"},{"@type":"BreadcrumbList","@id":"https:\/\/donbaraton.es\/en\/p\/graphite-memory-foam-mattress-grafitech\/#breadcrumb","itemListElement":[{"@type":"ListItem","position":1,"name":"Portada","item":"https:\/\/donbaraton.es\/en\/"},{"@type":"ListItem","position":2,"name":"Online Shop","item":"https:\/\/donbaraton.es\/en\/shop\/"},{"@type":"ListItem","position":3,"name":"Graphite Memory Foam Mattress &#8211; Grafitech"}]},{"@type":"WebSite","@id":"https:\/\/donbaraton.es\/#website","url":"https:\/\/donbaraton.es\/","name":"Don Baraton: tienda de sof\u00e1s, muebles y colchones","description":"Sofas baratos desde el almac\u00e9n en Almorad\u00ed, Alicante","publisher":{"@id":"https:\/\/donbaraton.es\/#organization"},"potentialAction":[{"@type":"SearchAction","target":{"@type":"EntryPoint","urlTemplate":"https:\/\/donbaraton.es\/?s={search_term_string}"},"query-input":{"@type":"PropertyValueSpecification","valueRequired":true,"valueName":"search_term_string"}}],"inLanguage":"en-GB"},{"@type":"Organization","@id":"https:\/\/donbaraton.es\/#organization","name":"Don Baraton","url":"https:\/\/donbaraton.es\/","logo":{"@type":"ImageObject","inLanguage":"en-GB","@id":"https:\/\/donbaraton.es\/#\/schema\/logo\/image\/","url":"https:\/\/i0.wp.com\/donbaraton.es\/wp-content\/uploads\/2016\/11\/logo_don_baraton.png?fit=228%2C110&ssl=1","contentUrl":"https:\/\/i0.wp.com\/donbaraton.es\/wp-content\/uploads\/2016\/11\/logo_don_baraton.png?fit=228%2C110&ssl=1","width":228,"height":110,"caption":"Don Baraton"},"image":{"@id":"https:\/\/donbaraton.es\/#\/schema\/logo\/image\/"},"sameAs":["https:\/\/www.facebook.com\/donbaraton.es","https:\/\/x.com\/don_baraton","https:\/\/www.instagram.com\/donbaraton.es","https:\/\/www.linkedin.com\/company\/donbaraton\/","https:\/\/es.pinterest.com\/donbaraton\/","https:\/\/www.youtube.com\/channel\/UCL02HOwx-F759Jq5MedAZfQ"]}]}},"_links":{"self":[{"href":"https:\/\/donbaraton.es\/en\/wp-json\/wp\/v2\/product\/15469","targetHints":{"allow":["GET"]}}],"collection":[{"href":"https:\/\/donbaraton.es\/en\/wp-json\/wp\/v2\/product"}],"about":[{"href":"https:\/\/donbaraton.es\/en\/wp-json\/wp\/v2\/types\/product"}],"replies":[{"embeddable":true,"href":"https:\/\/donbaraton.es\/en\/wp-json\/wp\/v2\/comments?post=15469"}],"wp:featuredmedia":[{"embeddable":true,"href":"https:\/\/donbaraton.es\/en\/wp-json\/wp\/v2\/media\/15541"}],"wp:attachment":[{"href":"https:\/\/donbaraton.es\/en\/wp-json\/wp\/v2\/media?parent=15469"}],"wp:term":[{"taxonomy":"product_brand","embeddable":true,"href":"https:\/\/donbaraton.es\/en\/wp-json\/wp\/v2\/product_brand?post=15469"},{"taxonomy":"product_cat","embeddable":true,"href":"https:\/\/donbaraton.es\/en\/wp-json\/wp\/v2\/product_cat?post=15469"},{"taxonomy":"product_tag","embeddable":true,"href":"https:\/\/donbaraton.es\/en\/wp-json\/wp\/v2\/product_tag?post=15469"}],"curies":[{"name":"wp","href":"https:\/\/api.w.org\/{rel}","templated":true}]}}