{"id":15640,"date":"2019-04-07T02:42:29","date_gmt":"2019-04-07T00:54:18","guid":{"rendered":"https:\/\/donbaraton.es\/?post_type=product&#038;p=15640"},"modified":"2022-04-02T14:18:23","modified_gmt":"2022-04-02T12:18:23","slug":"garden-dining-set-square-table-4-chairs-armrests-abril","status":"publish","type":"product","link":"https:\/\/donbaraton.es\/en\/p\/garden-dining-set-square-table-4-chairs-armrests-abril\/","title":{"rendered":"Garden Dining Set &#8211; Square Table &#038; 4 Chairs with Armrests &#8211; Abril"},"content":{"rendered":"<p><strong>Garden dining set &#8211; square table and four chairs with armrests &#8211; Abril (5 pieces).\u00a0<\/strong><\/p>\n<p>Why dine indoors when you are in Spain? Enjoy this weather to the fullest. The Abril synthetic rattan set is an affordable product that will make your outdoor leisure just awesome!<\/p>\n<p>Dark brown chairs with armrests are stable and comfy. The cushions of the chairs (included) are removable and washable. Plastic floor inserts will protect the floor from scratching.<\/p>\n<p>Frames made of galvanized steel are resistant to weather and will last longer than those of most other models.<\/p>\n<p>The table combines elegance with that rustic feel of rattan. The top of this table is a tempered glass black glass. The legs of the table are also covered with rattan weaving.<\/p>\n<p>Synthetic rattan has many benefits over real rattan. It is resistant to sun, salty water, winds and other factors that destroy traditional rattan.<\/p>\n<p>It is also easy to maintain as it can be cleaned only with a damp cloth. No swelling or fungi due to humidity.<\/p>\n<p>The trend in garden furniture is synthetic rattan and it is here to stay. It is beautiful, durable, waterproof, undeformable, resistant to moisture, heat and sun.<\/p>\n<p>Enjoy your dinner outdoors with this five-piece garden set. Those beautiful Instagram photos are now part of your daily life!<\/p>\n<p><strong>Dimensions:<\/strong> dining table 72.5 x 80 x 80 cm, chair 84 x 58 x 59 cm<\/p>\n<p><strong>Assembly service not included<\/strong><\/p>\n","protected":false},"excerpt":{"rendered":"<ul>\n<li>5 piece patio dining set<\/li>\n<li>Synthetic rattan<\/li>\n<li>Galvanized metal frame<\/li>\n<li>Tempered (toughened) glass table top<\/li>\n<li>Chair cushions included<\/li>\n<\/ul>\n<p><strong>Dimensions:<\/strong> table 72.5 x 80 x 80 cm, chairs 84 x 58 x 59 cm<\/p>\n","protected":false},"featured_media":15635,"comment_status":"open","ping_status":"closed","template":"","meta":{"_et_pb_use_builder":"","_et_pb_old_content":"","_et_gb_content_width":""},"product_brand":[],"product_cat":[158],"product_tag":[],"class_list":{"0":"post-15640","1":"product","2":"type-product","3":"status-publish","4":"has-post-thumbnail","6":"product_cat-outdoor","7":"product_shipping_class-articulos-pesados","8":"pa_material-synthetic-rattan","10":"first","11":"outofstock","12":"sale","13":"taxable","14":"shipping-taxable","15":"purchasable","16":"product-type-simple"},"yoast_head":"<!-- This site is optimized with the Yoast SEO plugin v27.2 - https:\/\/yoast.com\/product\/yoast-seo-wordpress\/ -->\n<title>Garden Dining Set - Square Table &amp; 4 Chairs with Armrests - Abril - Don Baraton: tienda de sof\u00e1s, muebles y colchones<\/title>\n<meta name=\"robots\" content=\"index, follow, max-snippet:-1, max-image-preview:large, max-video-preview:-1\" \/>\n<link rel=\"canonical\" href=\"https:\/\/donbaraton.es\/en\/p\/garden-dining-set-square-table-4-chairs-armrests-abril\/\" \/>\n<meta property=\"og:locale\" content=\"en_GB\" \/>\n<meta property=\"og:type\" content=\"article\" \/>\n<meta property=\"og:title\" content=\"Garden Dining Set - Square Table &amp; 4 Chairs with Armrests - Abril - Don Baraton: tienda de sof\u00e1s, muebles y colchones\" \/>\n<meta property=\"og:description\" content=\"5 piece patio dining set  Synthetic rattan  Galvanized metal frame  Tempered (toughened) glass table top  Chair cushions included  Dimensions: table 72.5 x 80 x 80 cm, chairs 84 x 58 x 59 cm\" \/>\n<meta property=\"og:url\" content=\"https:\/\/donbaraton.es\/en\/p\/garden-dining-set-square-table-4-chairs-armrests-abril\/\" \/>\n<meta property=\"og:site_name\" content=\"Don Baraton: tienda de sof\u00e1s, muebles y colchones\" \/>\n<meta property=\"article:publisher\" content=\"https:\/\/www.facebook.com\/donbaraton.es\" \/>\n<meta property=\"article:modified_time\" content=\"2022-04-02T12:18:23+00:00\" \/>\n<meta property=\"og:image\" content=\"https:\/\/i1.wp.com\/donbaraton.es\/wp-content\/uploads\/2019\/04\/Conjunto-jard\u00edn-mesa-cuadrada-4-sillas-con-brazos-Abril.jpg?fit=768%2C585&ssl=1\" \/>\n\t<meta property=\"og:image:width\" content=\"768\" \/>\n\t<meta property=\"og:image:height\" content=\"585\" \/>\n\t<meta property=\"og:image:type\" content=\"image\/jpeg\" \/>\n<meta name=\"twitter:card\" content=\"summary_large_image\" \/>\n<meta name=\"twitter:site\" content=\"@don_baraton\" \/>\n<meta name=\"twitter:label1\" content=\"Estimated reading time\" \/>\n\t<meta name=\"twitter:data1\" content=\"1 minute\" \/>\n<script type=\"application\/ld+json\" class=\"yoast-schema-graph\">{\"@context\":\"https:\/\/schema.org\",\"@graph\":[{\"@type\":\"WebPage\",\"@id\":\"https:\/\/donbaraton.es\/en\/p\/garden-dining-set-square-table-4-chairs-armrests-abril\/\",\"url\":\"https:\/\/donbaraton.es\/en\/p\/garden-dining-set-square-table-4-chairs-armrests-abril\/\",\"name\":\"Garden Dining Set - Square Table & 4 Chairs with Armrests - Abril - Don Baraton: tienda de sof\u00e1s, muebles y colchones\",\"isPartOf\":{\"@id\":\"https:\/\/donbaraton.es\/#website\"},\"primaryImageOfPage\":{\"@id\":\"https:\/\/donbaraton.es\/en\/p\/garden-dining-set-square-table-4-chairs-armrests-abril\/#primaryimage\"},\"image\":{\"@id\":\"https:\/\/donbaraton.es\/en\/p\/garden-dining-set-square-table-4-chairs-armrests-abril\/#primaryimage\"},\"thumbnailUrl\":\"https:\/\/donbaraton.es\/wp-content\/uploads\/2019\/04\/Conjunto-jard\u00edn-mesa-cuadrada-4-sillas-con-brazos-Abril.jpg\",\"datePublished\":\"2019-04-07T00:54:18+00:00\",\"dateModified\":\"2022-04-02T12:18:23+00:00\",\"breadcrumb\":{\"@id\":\"https:\/\/donbaraton.es\/en\/p\/garden-dining-set-square-table-4-chairs-armrests-abril\/#breadcrumb\"},\"inLanguage\":\"en-GB\",\"potentialAction\":[{\"@type\":\"ReadAction\",\"target\":[\"https:\/\/donbaraton.es\/en\/p\/garden-dining-set-square-table-4-chairs-armrests-abril\/\"]}]},{\"@type\":\"ImageObject\",\"inLanguage\":\"en-GB\",\"@id\":\"https:\/\/donbaraton.es\/en\/p\/garden-dining-set-square-table-4-chairs-armrests-abril\/#primaryimage\",\"url\":\"https:\/\/donbaraton.es\/wp-content\/uploads\/2019\/04\/Conjunto-jard\u00edn-mesa-cuadrada-4-sillas-con-brazos-Abril.jpg\",\"contentUrl\":\"https:\/\/donbaraton.es\/wp-content\/uploads\/2019\/04\/Conjunto-jard\u00edn-mesa-cuadrada-4-sillas-con-brazos-Abril.jpg\",\"width\":768,\"height\":585,\"caption\":\"Garden Dining Set - Square Table & 4 Chairs with Armrests - Abril\"},{\"@type\":\"BreadcrumbList\",\"@id\":\"https:\/\/donbaraton.es\/en\/p\/garden-dining-set-square-table-4-chairs-armrests-abril\/#breadcrumb\",\"itemListElement\":[{\"@type\":\"ListItem\",\"position\":1,\"name\":\"Portada\",\"item\":\"https:\/\/donbaraton.es\/en\/\"},{\"@type\":\"ListItem\",\"position\":2,\"name\":\"Online Shop\",\"item\":\"https:\/\/donbaraton.es\/en\/shop\/\"},{\"@type\":\"ListItem\",\"position\":3,\"name\":\"Garden Dining Set &#8211; Square Table &#038; 4 Chairs with Armrests &#8211; Abril\"}]},{\"@type\":\"WebSite\",\"@id\":\"https:\/\/donbaraton.es\/#website\",\"url\":\"https:\/\/donbaraton.es\/\",\"name\":\"Don Baraton: tienda de sof\u00e1s, muebles y colchones\",\"description\":\"Sofas baratos desde el almac\u00e9n en Almorad\u00ed, Alicante\",\"publisher\":{\"@id\":\"https:\/\/donbaraton.es\/#organization\"},\"potentialAction\":[{\"@type\":\"SearchAction\",\"target\":{\"@type\":\"EntryPoint\",\"urlTemplate\":\"https:\/\/donbaraton.es\/?s={search_term_string}\"},\"query-input\":{\"@type\":\"PropertyValueSpecification\",\"valueRequired\":true,\"valueName\":\"search_term_string\"}}],\"inLanguage\":\"en-GB\"},{\"@type\":\"Organization\",\"@id\":\"https:\/\/donbaraton.es\/#organization\",\"name\":\"Don Baraton\",\"url\":\"https:\/\/donbaraton.es\/\",\"logo\":{\"@type\":\"ImageObject\",\"inLanguage\":\"en-GB\",\"@id\":\"https:\/\/donbaraton.es\/#\/schema\/logo\/image\/\",\"url\":\"https:\/\/i0.wp.com\/donbaraton.es\/wp-content\/uploads\/2016\/11\/logo_don_baraton.png?fit=228%2C110&ssl=1\",\"contentUrl\":\"https:\/\/i0.wp.com\/donbaraton.es\/wp-content\/uploads\/2016\/11\/logo_don_baraton.png?fit=228%2C110&ssl=1\",\"width\":228,\"height\":110,\"caption\":\"Don Baraton\"},\"image\":{\"@id\":\"https:\/\/donbaraton.es\/#\/schema\/logo\/image\/\"},\"sameAs\":[\"https:\/\/www.facebook.com\/donbaraton.es\",\"https:\/\/x.com\/don_baraton\",\"https:\/\/www.instagram.com\/donbaraton.es\",\"https:\/\/www.linkedin.com\/company\/donbaraton\/\",\"https:\/\/es.pinterest.com\/donbaraton\/\",\"https:\/\/www.youtube.com\/channel\/UCL02HOwx-F759Jq5MedAZfQ\"]}]}<\/script>\n<!-- \/ Yoast SEO plugin. -->","yoast_head_json":{"title":"Garden Dining Set - Square Table & 4 Chairs with Armrests - Abril - Don Baraton: tienda de sof\u00e1s, muebles y colchones","robots":{"index":"index","follow":"follow","max-snippet":"max-snippet:-1","max-image-preview":"max-image-preview:large","max-video-preview":"max-video-preview:-1"},"canonical":"https:\/\/donbaraton.es\/en\/p\/garden-dining-set-square-table-4-chairs-armrests-abril\/","og_locale":"en_GB","og_type":"article","og_title":"Garden Dining Set - Square Table & 4 Chairs with Armrests - Abril - Don Baraton: tienda de sof\u00e1s, muebles y colchones","og_description":"5 piece patio dining set  Synthetic rattan  Galvanized metal frame  Tempered (toughened) glass table top  Chair cushions included  Dimensions: table 72.5 x 80 x 80 cm, chairs 84 x 58 x 59 cm","og_url":"https:\/\/donbaraton.es\/en\/p\/garden-dining-set-square-table-4-chairs-armrests-abril\/","og_site_name":"Don Baraton: tienda de sof\u00e1s, muebles y colchones","article_publisher":"https:\/\/www.facebook.com\/donbaraton.es","article_modified_time":"2022-04-02T12:18:23+00:00","og_image":[{"width":768,"height":585,"url":"https:\/\/i1.wp.com\/donbaraton.es\/wp-content\/uploads\/2019\/04\/Conjunto-jard\u00edn-mesa-cuadrada-4-sillas-con-brazos-Abril.jpg?fit=768%2C585&ssl=1","type":"image\/jpeg"}],"twitter_card":"summary_large_image","twitter_site":"@don_baraton","twitter_misc":{"Estimated reading time":"1 minute"},"schema":{"@context":"https:\/\/schema.org","@graph":[{"@type":"WebPage","@id":"https:\/\/donbaraton.es\/en\/p\/garden-dining-set-square-table-4-chairs-armrests-abril\/","url":"https:\/\/donbaraton.es\/en\/p\/garden-dining-set-square-table-4-chairs-armrests-abril\/","name":"Garden Dining Set - Square Table & 4 Chairs with Armrests - Abril - Don Baraton: tienda de sof\u00e1s, muebles y colchones","isPartOf":{"@id":"https:\/\/donbaraton.es\/#website"},"primaryImageOfPage":{"@id":"https:\/\/donbaraton.es\/en\/p\/garden-dining-set-square-table-4-chairs-armrests-abril\/#primaryimage"},"image":{"@id":"https:\/\/donbaraton.es\/en\/p\/garden-dining-set-square-table-4-chairs-armrests-abril\/#primaryimage"},"thumbnailUrl":"https:\/\/donbaraton.es\/wp-content\/uploads\/2019\/04\/Conjunto-jard\u00edn-mesa-cuadrada-4-sillas-con-brazos-Abril.jpg","datePublished":"2019-04-07T00:54:18+00:00","dateModified":"2022-04-02T12:18:23+00:00","breadcrumb":{"@id":"https:\/\/donbaraton.es\/en\/p\/garden-dining-set-square-table-4-chairs-armrests-abril\/#breadcrumb"},"inLanguage":"en-GB","potentialAction":[{"@type":"ReadAction","target":["https:\/\/donbaraton.es\/en\/p\/garden-dining-set-square-table-4-chairs-armrests-abril\/"]}]},{"@type":"ImageObject","inLanguage":"en-GB","@id":"https:\/\/donbaraton.es\/en\/p\/garden-dining-set-square-table-4-chairs-armrests-abril\/#primaryimage","url":"https:\/\/donbaraton.es\/wp-content\/uploads\/2019\/04\/Conjunto-jard\u00edn-mesa-cuadrada-4-sillas-con-brazos-Abril.jpg","contentUrl":"https:\/\/donbaraton.es\/wp-content\/uploads\/2019\/04\/Conjunto-jard\u00edn-mesa-cuadrada-4-sillas-con-brazos-Abril.jpg","width":768,"height":585,"caption":"Garden Dining Set - Square Table & 4 Chairs with Armrests - Abril"},{"@type":"BreadcrumbList","@id":"https:\/\/donbaraton.es\/en\/p\/garden-dining-set-square-table-4-chairs-armrests-abril\/#breadcrumb","itemListElement":[{"@type":"ListItem","position":1,"name":"Portada","item":"https:\/\/donbaraton.es\/en\/"},{"@type":"ListItem","position":2,"name":"Online Shop","item":"https:\/\/donbaraton.es\/en\/shop\/"},{"@type":"ListItem","position":3,"name":"Garden Dining Set &#8211; Square Table &#038; 4 Chairs with Armrests &#8211; Abril"}]},{"@type":"WebSite","@id":"https:\/\/donbaraton.es\/#website","url":"https:\/\/donbaraton.es\/","name":"Don Baraton: tienda de sof\u00e1s, muebles y colchones","description":"Sofas baratos desde el almac\u00e9n en Almorad\u00ed, Alicante","publisher":{"@id":"https:\/\/donbaraton.es\/#organization"},"potentialAction":[{"@type":"SearchAction","target":{"@type":"EntryPoint","urlTemplate":"https:\/\/donbaraton.es\/?s={search_term_string}"},"query-input":{"@type":"PropertyValueSpecification","valueRequired":true,"valueName":"search_term_string"}}],"inLanguage":"en-GB"},{"@type":"Organization","@id":"https:\/\/donbaraton.es\/#organization","name":"Don Baraton","url":"https:\/\/donbaraton.es\/","logo":{"@type":"ImageObject","inLanguage":"en-GB","@id":"https:\/\/donbaraton.es\/#\/schema\/logo\/image\/","url":"https:\/\/i0.wp.com\/donbaraton.es\/wp-content\/uploads\/2016\/11\/logo_don_baraton.png?fit=228%2C110&ssl=1","contentUrl":"https:\/\/i0.wp.com\/donbaraton.es\/wp-content\/uploads\/2016\/11\/logo_don_baraton.png?fit=228%2C110&ssl=1","width":228,"height":110,"caption":"Don Baraton"},"image":{"@id":"https:\/\/donbaraton.es\/#\/schema\/logo\/image\/"},"sameAs":["https:\/\/www.facebook.com\/donbaraton.es","https:\/\/x.com\/don_baraton","https:\/\/www.instagram.com\/donbaraton.es","https:\/\/www.linkedin.com\/company\/donbaraton\/","https:\/\/es.pinterest.com\/donbaraton\/","https:\/\/www.youtube.com\/channel\/UCL02HOwx-F759Jq5MedAZfQ"]}]}},"_links":{"self":[{"href":"https:\/\/donbaraton.es\/en\/wp-json\/wp\/v2\/product\/15640","targetHints":{"allow":["GET"]}}],"collection":[{"href":"https:\/\/donbaraton.es\/en\/wp-json\/wp\/v2\/product"}],"about":[{"href":"https:\/\/donbaraton.es\/en\/wp-json\/wp\/v2\/types\/product"}],"replies":[{"embeddable":true,"href":"https:\/\/donbaraton.es\/en\/wp-json\/wp\/v2\/comments?post=15640"}],"wp:featuredmedia":[{"embeddable":true,"href":"https:\/\/donbaraton.es\/en\/wp-json\/wp\/v2\/media\/15635"}],"wp:attachment":[{"href":"https:\/\/donbaraton.es\/en\/wp-json\/wp\/v2\/media?parent=15640"}],"wp:term":[{"taxonomy":"product_brand","embeddable":true,"href":"https:\/\/donbaraton.es\/en\/wp-json\/wp\/v2\/product_brand?post=15640"},{"taxonomy":"product_cat","embeddable":true,"href":"https:\/\/donbaraton.es\/en\/wp-json\/wp\/v2\/product_cat?post=15640"},{"taxonomy":"product_tag","embeddable":true,"href":"https:\/\/donbaraton.es\/en\/wp-json\/wp\/v2\/product_tag?post=15640"}],"curies":[{"name":"wp","href":"https:\/\/api.w.org\/{rel}","templated":true}]}}