{"id":15672,"date":"2019-04-09T01:17:21","date_gmt":"2019-04-08T23:17:21","guid":{"rendered":"https:\/\/donbaraton.es\/producto\/uncategorized\/synthetic-rattan-set-coffee-table-2-seater-sofa-2-armchairs-julio\/"},"modified":"2019-07-04T16:45:11","modified_gmt":"2019-07-04T14:45:11","slug":"synthetic-rattan-set-coffee-table-2-seater-sofa-2-armchairs-julio","status":"publish","type":"product","link":"https:\/\/donbaraton.es\/en\/p\/synthetic-rattan-set-coffee-table-2-seater-sofa-2-armchairs-julio\/","title":{"rendered":"Synthetic Rattan Set: Coffee Table, 2 Seater Sofa, 2 Armchairs &#8211; Julio"},"content":{"rendered":"<p><strong>Synthetic rattan set: coffee Table, two seater sofa, two armchairs &#8211; Julio.<\/strong><\/p>\n<p>Good weather doesn&#8217;t mean you have to leave your home! Julio will help you enjoy your time in your own garden. The whole set is covered in brown synthetic rattan &#8211; rectangular table, sofa and two armchairs.<\/p>\n<p>The galvanized metal frame is resistant to humidity and sun.<\/p>\n<p>The armchairs and the sofa include removable and washable backrest and seat cushions. The cushions offer comfort, firmness and give you that nice contrast to rattan.<\/p>\n<p>The table has a rack under the top where you can keep some items.\u00a0Like the armchairs and the sofa, the table is completely covered in rattan. The tempered black glass top is durable and easy to clean. A perfect table for your drinks and snacks outdoors!<\/p>\n<p>Synthetic rattan has many benefits over real rattan. It is resistant to sun, salty water, winds and other factors that destroy traditional rattan.<\/p>\n<p>It is also easy to maintain as it can be cleaned only with a damp cloth. No swelling or fungi due to humidity.<\/p>\n<p>The trend in garden furniture is synthetic rattan and it is here to stay. It is beautiful, durable, waterproof, undeformable, resistant to moisture, heat and sun.<\/p>\n<p><strong>Dimensions.<\/strong> Sofa &#8211; 75 x 118 x 65 cm. Armchairs &#8211; 75 x 70 x 65 cm. Table &#8211; 34 x 85 x 55 cm<\/p>\n<p><strong>Assembly service not included<\/strong><\/p>\n","protected":false},"excerpt":{"rendered":"<ul>\n<li>Synthetic rattan resistant to sun, water and wind<\/li>\n<li>Coffee table with tempered (toughened) glass top<\/li>\n<li>Cushions are included<\/li>\n<li>Set for 4 people<\/li>\n<\/ul>\n<p><strong>Dimensions.<\/strong> Sofa &#8211; 75 x 118 x 65 cm. Armchairs &#8211; 75 x 70 x 65 cm. Table &#8211; 34 x 85 x 55 cm<\/p>\n","protected":false},"featured_media":15647,"comment_status":"open","ping_status":"closed","template":"","meta":{"_et_pb_use_builder":"","_et_pb_old_content":"","_et_gb_content_width":""},"product_brand":[],"product_cat":[158],"product_tag":[],"class_list":{"0":"post-15672","1":"product","2":"type-product","3":"status-publish","4":"has-post-thumbnail","6":"product_cat-outdoor","7":"product_shipping_class-articulos-pesado-manufacturing-up-to-10-days","8":"pa_material-synthetic-rattan","9":"pa_plazas-4-seater-sofas","11":"first","12":"outofstock","13":"sale","14":"taxable","15":"shipping-taxable","16":"purchasable","17":"product-type-simple"},"yoast_head":"<!-- This site is optimized with the Yoast SEO plugin v27.2 - https:\/\/yoast.com\/product\/yoast-seo-wordpress\/ -->\n<title>Synthetic Rattan Set: Coffee Table, 2 Seater Sofa, 2 Armchairs - Julio - Don Baraton: tienda de sof\u00e1s, muebles y colchones<\/title>\n<meta name=\"robots\" content=\"index, follow, max-snippet:-1, max-image-preview:large, max-video-preview:-1\" \/>\n<link rel=\"canonical\" href=\"https:\/\/donbaraton.es\/en\/p\/synthetic-rattan-set-coffee-table-2-seater-sofa-2-armchairs-julio\/\" \/>\n<meta property=\"og:locale\" content=\"en_GB\" \/>\n<meta property=\"og:type\" content=\"article\" \/>\n<meta property=\"og:title\" content=\"Synthetic Rattan Set: Coffee Table, 2 Seater Sofa, 2 Armchairs - Julio - Don Baraton: tienda de sof\u00e1s, muebles y colchones\" \/>\n<meta property=\"og:description\" content=\"Synthetic rattan resistant to sun, water and wind  Coffee table with tempered (toughened) glass top  Cushions are included  Set for 4 people  Dimensions. Sofa - 75 x 118 x 65 cm. Armchairs - 75 x 70 x 65 cm. Table - 34 x 85 x 55 cm\" \/>\n<meta property=\"og:url\" content=\"https:\/\/donbaraton.es\/en\/p\/synthetic-rattan-set-coffee-table-2-seater-sofa-2-armchairs-julio\/\" \/>\n<meta property=\"og:site_name\" content=\"Don Baraton: tienda de sof\u00e1s, muebles y colchones\" \/>\n<meta property=\"article:publisher\" content=\"https:\/\/www.facebook.com\/donbaraton.es\" \/>\n<meta property=\"article:modified_time\" content=\"2019-07-04T14:45:11+00:00\" \/>\n<meta property=\"og:image\" content=\"https:\/\/i2.wp.com\/donbaraton.es\/wp-content\/uploads\/2019\/04\/Conjunto-de-rat\u00e1n-sint\u00e9tico-mesa-de-centro-sof\u00e1-2-plazas-2-sillones-Julio.jpg?fit=800%2C588&ssl=1\" \/>\n\t<meta property=\"og:image:width\" content=\"800\" \/>\n\t<meta property=\"og:image:height\" content=\"588\" \/>\n\t<meta property=\"og:image:type\" content=\"image\/jpeg\" \/>\n<meta name=\"twitter:card\" content=\"summary_large_image\" \/>\n<meta name=\"twitter:site\" content=\"@don_baraton\" \/>\n<meta name=\"twitter:label1\" content=\"Estimated reading time\" \/>\n\t<meta name=\"twitter:data1\" content=\"1 minute\" \/>\n<script type=\"application\/ld+json\" class=\"yoast-schema-graph\">{\"@context\":\"https:\/\/schema.org\",\"@graph\":[{\"@type\":\"WebPage\",\"@id\":\"https:\/\/donbaraton.es\/en\/p\/synthetic-rattan-set-coffee-table-2-seater-sofa-2-armchairs-julio\/\",\"url\":\"https:\/\/donbaraton.es\/en\/p\/synthetic-rattan-set-coffee-table-2-seater-sofa-2-armchairs-julio\/\",\"name\":\"Synthetic Rattan Set: Coffee Table, 2 Seater Sofa, 2 Armchairs - Julio - Don Baraton: tienda de sof\u00e1s, muebles y colchones\",\"isPartOf\":{\"@id\":\"https:\/\/donbaraton.es\/#website\"},\"primaryImageOfPage\":{\"@id\":\"https:\/\/donbaraton.es\/en\/p\/synthetic-rattan-set-coffee-table-2-seater-sofa-2-armchairs-julio\/#primaryimage\"},\"image\":{\"@id\":\"https:\/\/donbaraton.es\/en\/p\/synthetic-rattan-set-coffee-table-2-seater-sofa-2-armchairs-julio\/#primaryimage\"},\"thumbnailUrl\":\"https:\/\/donbaraton.es\/wp-content\/uploads\/2019\/04\/Conjunto-de-rat\u00e1n-sint\u00e9tico-mesa-de-centro-sof\u00e1-2-plazas-2-sillones-Julio.jpg\",\"datePublished\":\"2019-04-08T23:17:21+00:00\",\"dateModified\":\"2019-07-04T14:45:11+00:00\",\"breadcrumb\":{\"@id\":\"https:\/\/donbaraton.es\/en\/p\/synthetic-rattan-set-coffee-table-2-seater-sofa-2-armchairs-julio\/#breadcrumb\"},\"inLanguage\":\"en-GB\",\"potentialAction\":[{\"@type\":\"ReadAction\",\"target\":[\"https:\/\/donbaraton.es\/en\/p\/synthetic-rattan-set-coffee-table-2-seater-sofa-2-armchairs-julio\/\"]}]},{\"@type\":\"ImageObject\",\"inLanguage\":\"en-GB\",\"@id\":\"https:\/\/donbaraton.es\/en\/p\/synthetic-rattan-set-coffee-table-2-seater-sofa-2-armchairs-julio\/#primaryimage\",\"url\":\"https:\/\/donbaraton.es\/wp-content\/uploads\/2019\/04\/Conjunto-de-rat\u00e1n-sint\u00e9tico-mesa-de-centro-sof\u00e1-2-plazas-2-sillones-Julio.jpg\",\"contentUrl\":\"https:\/\/donbaraton.es\/wp-content\/uploads\/2019\/04\/Conjunto-de-rat\u00e1n-sint\u00e9tico-mesa-de-centro-sof\u00e1-2-plazas-2-sillones-Julio.jpg\",\"width\":800,\"height\":588,\"caption\":\"Synthetic Rattan Set: Coffee Table, 2 Seater Sofa, 2 Armchairs - Julio\"},{\"@type\":\"BreadcrumbList\",\"@id\":\"https:\/\/donbaraton.es\/en\/p\/synthetic-rattan-set-coffee-table-2-seater-sofa-2-armchairs-julio\/#breadcrumb\",\"itemListElement\":[{\"@type\":\"ListItem\",\"position\":1,\"name\":\"Portada\",\"item\":\"https:\/\/donbaraton.es\/en\/\"},{\"@type\":\"ListItem\",\"position\":2,\"name\":\"Online Shop\",\"item\":\"https:\/\/donbaraton.es\/en\/shop\/\"},{\"@type\":\"ListItem\",\"position\":3,\"name\":\"Synthetic Rattan Set: Coffee Table, 2 Seater Sofa, 2 Armchairs &#8211; Julio\"}]},{\"@type\":\"WebSite\",\"@id\":\"https:\/\/donbaraton.es\/#website\",\"url\":\"https:\/\/donbaraton.es\/\",\"name\":\"Don Baraton: tienda de sof\u00e1s, muebles y colchones\",\"description\":\"Sofas baratos desde el almac\u00e9n en Almorad\u00ed, Alicante\",\"publisher\":{\"@id\":\"https:\/\/donbaraton.es\/#organization\"},\"potentialAction\":[{\"@type\":\"SearchAction\",\"target\":{\"@type\":\"EntryPoint\",\"urlTemplate\":\"https:\/\/donbaraton.es\/?s={search_term_string}\"},\"query-input\":{\"@type\":\"PropertyValueSpecification\",\"valueRequired\":true,\"valueName\":\"search_term_string\"}}],\"inLanguage\":\"en-GB\"},{\"@type\":\"Organization\",\"@id\":\"https:\/\/donbaraton.es\/#organization\",\"name\":\"Don Baraton\",\"url\":\"https:\/\/donbaraton.es\/\",\"logo\":{\"@type\":\"ImageObject\",\"inLanguage\":\"en-GB\",\"@id\":\"https:\/\/donbaraton.es\/#\/schema\/logo\/image\/\",\"url\":\"https:\/\/i0.wp.com\/donbaraton.es\/wp-content\/uploads\/2016\/11\/logo_don_baraton.png?fit=228%2C110&ssl=1\",\"contentUrl\":\"https:\/\/i0.wp.com\/donbaraton.es\/wp-content\/uploads\/2016\/11\/logo_don_baraton.png?fit=228%2C110&ssl=1\",\"width\":228,\"height\":110,\"caption\":\"Don Baraton\"},\"image\":{\"@id\":\"https:\/\/donbaraton.es\/#\/schema\/logo\/image\/\"},\"sameAs\":[\"https:\/\/www.facebook.com\/donbaraton.es\",\"https:\/\/x.com\/don_baraton\",\"https:\/\/www.instagram.com\/donbaraton.es\",\"https:\/\/www.linkedin.com\/company\/donbaraton\/\",\"https:\/\/es.pinterest.com\/donbaraton\/\",\"https:\/\/www.youtube.com\/channel\/UCL02HOwx-F759Jq5MedAZfQ\"]}]}<\/script>\n<!-- \/ Yoast SEO plugin. -->","yoast_head_json":{"title":"Synthetic Rattan Set: Coffee Table, 2 Seater Sofa, 2 Armchairs - Julio - Don Baraton: tienda de sof\u00e1s, muebles y colchones","robots":{"index":"index","follow":"follow","max-snippet":"max-snippet:-1","max-image-preview":"max-image-preview:large","max-video-preview":"max-video-preview:-1"},"canonical":"https:\/\/donbaraton.es\/en\/p\/synthetic-rattan-set-coffee-table-2-seater-sofa-2-armchairs-julio\/","og_locale":"en_GB","og_type":"article","og_title":"Synthetic Rattan Set: Coffee Table, 2 Seater Sofa, 2 Armchairs - Julio - Don Baraton: tienda de sof\u00e1s, muebles y colchones","og_description":"Synthetic rattan resistant to sun, water and wind  Coffee table with tempered (toughened) glass top  Cushions are included  Set for 4 people  Dimensions. Sofa - 75 x 118 x 65 cm. Armchairs - 75 x 70 x 65 cm. Table - 34 x 85 x 55 cm","og_url":"https:\/\/donbaraton.es\/en\/p\/synthetic-rattan-set-coffee-table-2-seater-sofa-2-armchairs-julio\/","og_site_name":"Don Baraton: tienda de sof\u00e1s, muebles y colchones","article_publisher":"https:\/\/www.facebook.com\/donbaraton.es","article_modified_time":"2019-07-04T14:45:11+00:00","og_image":[{"width":800,"height":588,"url":"https:\/\/i2.wp.com\/donbaraton.es\/wp-content\/uploads\/2019\/04\/Conjunto-de-rat\u00e1n-sint\u00e9tico-mesa-de-centro-sof\u00e1-2-plazas-2-sillones-Julio.jpg?fit=800%2C588&ssl=1","type":"image\/jpeg"}],"twitter_card":"summary_large_image","twitter_site":"@don_baraton","twitter_misc":{"Estimated reading time":"1 minute"},"schema":{"@context":"https:\/\/schema.org","@graph":[{"@type":"WebPage","@id":"https:\/\/donbaraton.es\/en\/p\/synthetic-rattan-set-coffee-table-2-seater-sofa-2-armchairs-julio\/","url":"https:\/\/donbaraton.es\/en\/p\/synthetic-rattan-set-coffee-table-2-seater-sofa-2-armchairs-julio\/","name":"Synthetic Rattan Set: Coffee Table, 2 Seater Sofa, 2 Armchairs - Julio - Don Baraton: tienda de sof\u00e1s, muebles y colchones","isPartOf":{"@id":"https:\/\/donbaraton.es\/#website"},"primaryImageOfPage":{"@id":"https:\/\/donbaraton.es\/en\/p\/synthetic-rattan-set-coffee-table-2-seater-sofa-2-armchairs-julio\/#primaryimage"},"image":{"@id":"https:\/\/donbaraton.es\/en\/p\/synthetic-rattan-set-coffee-table-2-seater-sofa-2-armchairs-julio\/#primaryimage"},"thumbnailUrl":"https:\/\/donbaraton.es\/wp-content\/uploads\/2019\/04\/Conjunto-de-rat\u00e1n-sint\u00e9tico-mesa-de-centro-sof\u00e1-2-plazas-2-sillones-Julio.jpg","datePublished":"2019-04-08T23:17:21+00:00","dateModified":"2019-07-04T14:45:11+00:00","breadcrumb":{"@id":"https:\/\/donbaraton.es\/en\/p\/synthetic-rattan-set-coffee-table-2-seater-sofa-2-armchairs-julio\/#breadcrumb"},"inLanguage":"en-GB","potentialAction":[{"@type":"ReadAction","target":["https:\/\/donbaraton.es\/en\/p\/synthetic-rattan-set-coffee-table-2-seater-sofa-2-armchairs-julio\/"]}]},{"@type":"ImageObject","inLanguage":"en-GB","@id":"https:\/\/donbaraton.es\/en\/p\/synthetic-rattan-set-coffee-table-2-seater-sofa-2-armchairs-julio\/#primaryimage","url":"https:\/\/donbaraton.es\/wp-content\/uploads\/2019\/04\/Conjunto-de-rat\u00e1n-sint\u00e9tico-mesa-de-centro-sof\u00e1-2-plazas-2-sillones-Julio.jpg","contentUrl":"https:\/\/donbaraton.es\/wp-content\/uploads\/2019\/04\/Conjunto-de-rat\u00e1n-sint\u00e9tico-mesa-de-centro-sof\u00e1-2-plazas-2-sillones-Julio.jpg","width":800,"height":588,"caption":"Synthetic Rattan Set: Coffee Table, 2 Seater Sofa, 2 Armchairs - Julio"},{"@type":"BreadcrumbList","@id":"https:\/\/donbaraton.es\/en\/p\/synthetic-rattan-set-coffee-table-2-seater-sofa-2-armchairs-julio\/#breadcrumb","itemListElement":[{"@type":"ListItem","position":1,"name":"Portada","item":"https:\/\/donbaraton.es\/en\/"},{"@type":"ListItem","position":2,"name":"Online Shop","item":"https:\/\/donbaraton.es\/en\/shop\/"},{"@type":"ListItem","position":3,"name":"Synthetic Rattan Set: Coffee Table, 2 Seater Sofa, 2 Armchairs &#8211; Julio"}]},{"@type":"WebSite","@id":"https:\/\/donbaraton.es\/#website","url":"https:\/\/donbaraton.es\/","name":"Don Baraton: tienda de sof\u00e1s, muebles y colchones","description":"Sofas baratos desde el almac\u00e9n en Almorad\u00ed, Alicante","publisher":{"@id":"https:\/\/donbaraton.es\/#organization"},"potentialAction":[{"@type":"SearchAction","target":{"@type":"EntryPoint","urlTemplate":"https:\/\/donbaraton.es\/?s={search_term_string}"},"query-input":{"@type":"PropertyValueSpecification","valueRequired":true,"valueName":"search_term_string"}}],"inLanguage":"en-GB"},{"@type":"Organization","@id":"https:\/\/donbaraton.es\/#organization","name":"Don Baraton","url":"https:\/\/donbaraton.es\/","logo":{"@type":"ImageObject","inLanguage":"en-GB","@id":"https:\/\/donbaraton.es\/#\/schema\/logo\/image\/","url":"https:\/\/i0.wp.com\/donbaraton.es\/wp-content\/uploads\/2016\/11\/logo_don_baraton.png?fit=228%2C110&ssl=1","contentUrl":"https:\/\/i0.wp.com\/donbaraton.es\/wp-content\/uploads\/2016\/11\/logo_don_baraton.png?fit=228%2C110&ssl=1","width":228,"height":110,"caption":"Don Baraton"},"image":{"@id":"https:\/\/donbaraton.es\/#\/schema\/logo\/image\/"},"sameAs":["https:\/\/www.facebook.com\/donbaraton.es","https:\/\/x.com\/don_baraton","https:\/\/www.instagram.com\/donbaraton.es","https:\/\/www.linkedin.com\/company\/donbaraton\/","https:\/\/es.pinterest.com\/donbaraton\/","https:\/\/www.youtube.com\/channel\/UCL02HOwx-F759Jq5MedAZfQ"]}]}},"_links":{"self":[{"href":"https:\/\/donbaraton.es\/en\/wp-json\/wp\/v2\/product\/15672","targetHints":{"allow":["GET"]}}],"collection":[{"href":"https:\/\/donbaraton.es\/en\/wp-json\/wp\/v2\/product"}],"about":[{"href":"https:\/\/donbaraton.es\/en\/wp-json\/wp\/v2\/types\/product"}],"replies":[{"embeddable":true,"href":"https:\/\/donbaraton.es\/en\/wp-json\/wp\/v2\/comments?post=15672"}],"wp:featuredmedia":[{"embeddable":true,"href":"https:\/\/donbaraton.es\/en\/wp-json\/wp\/v2\/media\/15647"}],"wp:attachment":[{"href":"https:\/\/donbaraton.es\/en\/wp-json\/wp\/v2\/media?parent=15672"}],"wp:term":[{"taxonomy":"product_brand","embeddable":true,"href":"https:\/\/donbaraton.es\/en\/wp-json\/wp\/v2\/product_brand?post=15672"},{"taxonomy":"product_cat","embeddable":true,"href":"https:\/\/donbaraton.es\/en\/wp-json\/wp\/v2\/product_cat?post=15672"},{"taxonomy":"product_tag","embeddable":true,"href":"https:\/\/donbaraton.es\/en\/wp-json\/wp\/v2\/product_tag?post=15672"}],"curies":[{"name":"wp","href":"https:\/\/api.w.org\/{rel}","templated":true}]}}