{"id":15679,"date":"2019-04-10T01:11:10","date_gmt":"2019-04-09T23:11:10","guid":{"rendered":"https:\/\/donbaraton.es\/producto\/uncategorized\/patio-dining-set-for-six-7-piece-set-agosto\/"},"modified":"2019-07-04T16:41:32","modified_gmt":"2019-07-04T14:41:32","slug":"patio-dining-set-for-six-7-piece-chairs-table-agosto","status":"publish","type":"product","link":"https:\/\/donbaraton.es\/en\/p\/patio-dining-set-for-six-7-piece-chairs-table-agosto\/","title":{"rendered":"Patio Dining Set for Six (7 Piece Set), 6 Chairs and a Table &#8211; Agosto"},"content":{"rendered":"<p><strong>Patio dining set for six people (seven piece set), six chairs and a table &#8211; Agosto.<\/strong><\/p>\n<p><strong>Dimensions:<\/strong> table 72.5 x 130 x 90 cm, chairs 84 x 58 x 59 cm<\/p>\n","protected":false},"excerpt":{"rendered":"<ul>\n<li>Synthetic rattan 7 piece dining set<\/li>\n<li>6 chairs with cushions included<\/li>\n<li>Table with toughened glass top<\/li>\n<li>Galvanized metal frame<\/li>\n<\/ul>\n<p><strong>Dimensions:<\/strong> table 72.5 x 130 x 90 cm, chairs 84 x 58 x 59 cm<\/p>\n","protected":false},"featured_media":15660,"comment_status":"open","ping_status":"closed","template":"","meta":{"_et_pb_use_builder":"","_et_pb_old_content":"","_et_gb_content_width":""},"product_brand":[],"product_cat":[158],"product_tag":[],"class_list":{"0":"post-15679","1":"product","2":"type-product","3":"status-publish","4":"has-post-thumbnail","6":"product_cat-outdoor","7":"product_shipping_class-articulos-pesado-manufacturing-up-to-10-days","8":"pa_material-synthetic-rattan","9":"pa_plazas-large-sofas","11":"first","12":"outofstock","13":"sale","14":"taxable","15":"shipping-taxable","16":"purchasable","17":"product-type-simple"},"yoast_head":"<!-- This site is optimized with the Yoast SEO plugin v27.2 - https:\/\/yoast.com\/product\/yoast-seo-wordpress\/ -->\n<title>Patio Dining Set for Six (7 Piece Set), 6 Chairs and a Table - Agosto - Don Baraton: tienda de sof\u00e1s, muebles y colchones<\/title>\n<meta name=\"robots\" content=\"index, follow, max-snippet:-1, max-image-preview:large, max-video-preview:-1\" \/>\n<link rel=\"canonical\" href=\"https:\/\/donbaraton.es\/en\/p\/patio-dining-set-for-six-7-piece-chairs-table-agosto\/\" \/>\n<meta property=\"og:locale\" content=\"en_GB\" \/>\n<meta property=\"og:type\" content=\"article\" \/>\n<meta property=\"og:title\" content=\"Patio Dining Set for Six (7 Piece Set), 6 Chairs and a Table - Agosto - Don Baraton: tienda de sof\u00e1s, muebles y colchones\" \/>\n<meta property=\"og:description\" content=\"Synthetic rattan 7 piece dining set  6 chairs with cushions included  Table with toughened glass top  Galvanized metal frame  Dimensions: table 72.5 x 130 x 90 cm, chairs 84 x 58 x 59 cm\" \/>\n<meta property=\"og:url\" content=\"https:\/\/donbaraton.es\/en\/p\/patio-dining-set-for-six-7-piece-chairs-table-agosto\/\" \/>\n<meta property=\"og:site_name\" content=\"Don Baraton: tienda de sof\u00e1s, muebles y colchones\" \/>\n<meta property=\"article:publisher\" content=\"https:\/\/www.facebook.com\/donbaraton.es\" \/>\n<meta property=\"article:modified_time\" content=\"2019-07-04T14:41:32+00:00\" \/>\n<meta property=\"og:image\" content=\"https:\/\/i2.wp.com\/donbaraton.es\/wp-content\/uploads\/2019\/04\/Conjunto-comedor-de-jard\u00edn-y-terraza-6-sillas-y-una-mesa-Agosto.jpg?fit=768%2C532&ssl=1\" \/>\n\t<meta property=\"og:image:width\" content=\"768\" \/>\n\t<meta property=\"og:image:height\" content=\"532\" \/>\n\t<meta property=\"og:image:type\" content=\"image\/jpeg\" \/>\n<meta name=\"twitter:card\" content=\"summary_large_image\" \/>\n<meta name=\"twitter:site\" content=\"@don_baraton\" \/>\n<script type=\"application\/ld+json\" class=\"yoast-schema-graph\">{\"@context\":\"https:\/\/schema.org\",\"@graph\":[{\"@type\":\"WebPage\",\"@id\":\"https:\/\/donbaraton.es\/en\/p\/patio-dining-set-for-six-7-piece-chairs-table-agosto\/\",\"url\":\"https:\/\/donbaraton.es\/en\/p\/patio-dining-set-for-six-7-piece-chairs-table-agosto\/\",\"name\":\"Patio Dining Set for Six (7 Piece Set), 6 Chairs and a Table - Agosto - Don Baraton: tienda de sof\u00e1s, muebles y colchones\",\"isPartOf\":{\"@id\":\"https:\/\/donbaraton.es\/#website\"},\"primaryImageOfPage\":{\"@id\":\"https:\/\/donbaraton.es\/en\/p\/patio-dining-set-for-six-7-piece-chairs-table-agosto\/#primaryimage\"},\"image\":{\"@id\":\"https:\/\/donbaraton.es\/en\/p\/patio-dining-set-for-six-7-piece-chairs-table-agosto\/#primaryimage\"},\"thumbnailUrl\":\"https:\/\/donbaraton.es\/wp-content\/uploads\/2019\/04\/Conjunto-comedor-de-jard\u00edn-y-terraza-6-sillas-y-una-mesa-Agosto.jpg\",\"datePublished\":\"2019-04-09T23:11:10+00:00\",\"dateModified\":\"2019-07-04T14:41:32+00:00\",\"breadcrumb\":{\"@id\":\"https:\/\/donbaraton.es\/en\/p\/patio-dining-set-for-six-7-piece-chairs-table-agosto\/#breadcrumb\"},\"inLanguage\":\"en-GB\",\"potentialAction\":[{\"@type\":\"ReadAction\",\"target\":[\"https:\/\/donbaraton.es\/en\/p\/patio-dining-set-for-six-7-piece-chairs-table-agosto\/\"]}]},{\"@type\":\"ImageObject\",\"inLanguage\":\"en-GB\",\"@id\":\"https:\/\/donbaraton.es\/en\/p\/patio-dining-set-for-six-7-piece-chairs-table-agosto\/#primaryimage\",\"url\":\"https:\/\/donbaraton.es\/wp-content\/uploads\/2019\/04\/Conjunto-comedor-de-jard\u00edn-y-terraza-6-sillas-y-una-mesa-Agosto.jpg\",\"contentUrl\":\"https:\/\/donbaraton.es\/wp-content\/uploads\/2019\/04\/Conjunto-comedor-de-jard\u00edn-y-terraza-6-sillas-y-una-mesa-Agosto.jpg\",\"width\":768,\"height\":532,\"caption\":\"Patio Dining Set for Six (7 Piece Set) - Agosto. 6 Chairs and a Table\"},{\"@type\":\"BreadcrumbList\",\"@id\":\"https:\/\/donbaraton.es\/en\/p\/patio-dining-set-for-six-7-piece-chairs-table-agosto\/#breadcrumb\",\"itemListElement\":[{\"@type\":\"ListItem\",\"position\":1,\"name\":\"Portada\",\"item\":\"https:\/\/donbaraton.es\/en\/\"},{\"@type\":\"ListItem\",\"position\":2,\"name\":\"Online Shop\",\"item\":\"https:\/\/donbaraton.es\/en\/shop\/\"},{\"@type\":\"ListItem\",\"position\":3,\"name\":\"Patio Dining Set for Six (7 Piece Set), 6 Chairs and a Table &#8211; Agosto\"}]},{\"@type\":\"WebSite\",\"@id\":\"https:\/\/donbaraton.es\/#website\",\"url\":\"https:\/\/donbaraton.es\/\",\"name\":\"Don Baraton: tienda de sof\u00e1s, muebles y colchones\",\"description\":\"Sofas baratos desde el almac\u00e9n en Almorad\u00ed, Alicante\",\"publisher\":{\"@id\":\"https:\/\/donbaraton.es\/#organization\"},\"potentialAction\":[{\"@type\":\"SearchAction\",\"target\":{\"@type\":\"EntryPoint\",\"urlTemplate\":\"https:\/\/donbaraton.es\/?s={search_term_string}\"},\"query-input\":{\"@type\":\"PropertyValueSpecification\",\"valueRequired\":true,\"valueName\":\"search_term_string\"}}],\"inLanguage\":\"en-GB\"},{\"@type\":\"Organization\",\"@id\":\"https:\/\/donbaraton.es\/#organization\",\"name\":\"Don Baraton\",\"url\":\"https:\/\/donbaraton.es\/\",\"logo\":{\"@type\":\"ImageObject\",\"inLanguage\":\"en-GB\",\"@id\":\"https:\/\/donbaraton.es\/#\/schema\/logo\/image\/\",\"url\":\"https:\/\/i0.wp.com\/donbaraton.es\/wp-content\/uploads\/2016\/11\/logo_don_baraton.png?fit=228%2C110&ssl=1\",\"contentUrl\":\"https:\/\/i0.wp.com\/donbaraton.es\/wp-content\/uploads\/2016\/11\/logo_don_baraton.png?fit=228%2C110&ssl=1\",\"width\":228,\"height\":110,\"caption\":\"Don Baraton\"},\"image\":{\"@id\":\"https:\/\/donbaraton.es\/#\/schema\/logo\/image\/\"},\"sameAs\":[\"https:\/\/www.facebook.com\/donbaraton.es\",\"https:\/\/x.com\/don_baraton\",\"https:\/\/www.instagram.com\/donbaraton.es\",\"https:\/\/www.linkedin.com\/company\/donbaraton\/\",\"https:\/\/es.pinterest.com\/donbaraton\/\",\"https:\/\/www.youtube.com\/channel\/UCL02HOwx-F759Jq5MedAZfQ\"]}]}<\/script>\n<!-- \/ Yoast SEO plugin. -->","yoast_head_json":{"title":"Patio Dining Set for Six (7 Piece Set), 6 Chairs and a Table - Agosto - Don Baraton: tienda de sof\u00e1s, muebles y colchones","robots":{"index":"index","follow":"follow","max-snippet":"max-snippet:-1","max-image-preview":"max-image-preview:large","max-video-preview":"max-video-preview:-1"},"canonical":"https:\/\/donbaraton.es\/en\/p\/patio-dining-set-for-six-7-piece-chairs-table-agosto\/","og_locale":"en_GB","og_type":"article","og_title":"Patio Dining Set for Six (7 Piece Set), 6 Chairs and a Table - Agosto - Don Baraton: tienda de sof\u00e1s, muebles y colchones","og_description":"Synthetic rattan 7 piece dining set  6 chairs with cushions included  Table with toughened glass top  Galvanized metal frame  Dimensions: table 72.5 x 130 x 90 cm, chairs 84 x 58 x 59 cm","og_url":"https:\/\/donbaraton.es\/en\/p\/patio-dining-set-for-six-7-piece-chairs-table-agosto\/","og_site_name":"Don Baraton: tienda de sof\u00e1s, muebles y colchones","article_publisher":"https:\/\/www.facebook.com\/donbaraton.es","article_modified_time":"2019-07-04T14:41:32+00:00","og_image":[{"width":768,"height":532,"url":"https:\/\/i2.wp.com\/donbaraton.es\/wp-content\/uploads\/2019\/04\/Conjunto-comedor-de-jard\u00edn-y-terraza-6-sillas-y-una-mesa-Agosto.jpg?fit=768%2C532&ssl=1","type":"image\/jpeg"}],"twitter_card":"summary_large_image","twitter_site":"@don_baraton","schema":{"@context":"https:\/\/schema.org","@graph":[{"@type":"WebPage","@id":"https:\/\/donbaraton.es\/en\/p\/patio-dining-set-for-six-7-piece-chairs-table-agosto\/","url":"https:\/\/donbaraton.es\/en\/p\/patio-dining-set-for-six-7-piece-chairs-table-agosto\/","name":"Patio Dining Set for Six (7 Piece Set), 6 Chairs and a Table - Agosto - Don Baraton: tienda de sof\u00e1s, muebles y colchones","isPartOf":{"@id":"https:\/\/donbaraton.es\/#website"},"primaryImageOfPage":{"@id":"https:\/\/donbaraton.es\/en\/p\/patio-dining-set-for-six-7-piece-chairs-table-agosto\/#primaryimage"},"image":{"@id":"https:\/\/donbaraton.es\/en\/p\/patio-dining-set-for-six-7-piece-chairs-table-agosto\/#primaryimage"},"thumbnailUrl":"https:\/\/donbaraton.es\/wp-content\/uploads\/2019\/04\/Conjunto-comedor-de-jard\u00edn-y-terraza-6-sillas-y-una-mesa-Agosto.jpg","datePublished":"2019-04-09T23:11:10+00:00","dateModified":"2019-07-04T14:41:32+00:00","breadcrumb":{"@id":"https:\/\/donbaraton.es\/en\/p\/patio-dining-set-for-six-7-piece-chairs-table-agosto\/#breadcrumb"},"inLanguage":"en-GB","potentialAction":[{"@type":"ReadAction","target":["https:\/\/donbaraton.es\/en\/p\/patio-dining-set-for-six-7-piece-chairs-table-agosto\/"]}]},{"@type":"ImageObject","inLanguage":"en-GB","@id":"https:\/\/donbaraton.es\/en\/p\/patio-dining-set-for-six-7-piece-chairs-table-agosto\/#primaryimage","url":"https:\/\/donbaraton.es\/wp-content\/uploads\/2019\/04\/Conjunto-comedor-de-jard\u00edn-y-terraza-6-sillas-y-una-mesa-Agosto.jpg","contentUrl":"https:\/\/donbaraton.es\/wp-content\/uploads\/2019\/04\/Conjunto-comedor-de-jard\u00edn-y-terraza-6-sillas-y-una-mesa-Agosto.jpg","width":768,"height":532,"caption":"Patio Dining Set for Six (7 Piece Set) - Agosto. 6 Chairs and a Table"},{"@type":"BreadcrumbList","@id":"https:\/\/donbaraton.es\/en\/p\/patio-dining-set-for-six-7-piece-chairs-table-agosto\/#breadcrumb","itemListElement":[{"@type":"ListItem","position":1,"name":"Portada","item":"https:\/\/donbaraton.es\/en\/"},{"@type":"ListItem","position":2,"name":"Online Shop","item":"https:\/\/donbaraton.es\/en\/shop\/"},{"@type":"ListItem","position":3,"name":"Patio Dining Set for Six (7 Piece Set), 6 Chairs and a Table &#8211; Agosto"}]},{"@type":"WebSite","@id":"https:\/\/donbaraton.es\/#website","url":"https:\/\/donbaraton.es\/","name":"Don Baraton: tienda de sof\u00e1s, muebles y colchones","description":"Sofas baratos desde el almac\u00e9n en Almorad\u00ed, Alicante","publisher":{"@id":"https:\/\/donbaraton.es\/#organization"},"potentialAction":[{"@type":"SearchAction","target":{"@type":"EntryPoint","urlTemplate":"https:\/\/donbaraton.es\/?s={search_term_string}"},"query-input":{"@type":"PropertyValueSpecification","valueRequired":true,"valueName":"search_term_string"}}],"inLanguage":"en-GB"},{"@type":"Organization","@id":"https:\/\/donbaraton.es\/#organization","name":"Don Baraton","url":"https:\/\/donbaraton.es\/","logo":{"@type":"ImageObject","inLanguage":"en-GB","@id":"https:\/\/donbaraton.es\/#\/schema\/logo\/image\/","url":"https:\/\/i0.wp.com\/donbaraton.es\/wp-content\/uploads\/2016\/11\/logo_don_baraton.png?fit=228%2C110&ssl=1","contentUrl":"https:\/\/i0.wp.com\/donbaraton.es\/wp-content\/uploads\/2016\/11\/logo_don_baraton.png?fit=228%2C110&ssl=1","width":228,"height":110,"caption":"Don Baraton"},"image":{"@id":"https:\/\/donbaraton.es\/#\/schema\/logo\/image\/"},"sameAs":["https:\/\/www.facebook.com\/donbaraton.es","https:\/\/x.com\/don_baraton","https:\/\/www.instagram.com\/donbaraton.es","https:\/\/www.linkedin.com\/company\/donbaraton\/","https:\/\/es.pinterest.com\/donbaraton\/","https:\/\/www.youtube.com\/channel\/UCL02HOwx-F759Jq5MedAZfQ"]}]}},"_links":{"self":[{"href":"https:\/\/donbaraton.es\/en\/wp-json\/wp\/v2\/product\/15679","targetHints":{"allow":["GET"]}}],"collection":[{"href":"https:\/\/donbaraton.es\/en\/wp-json\/wp\/v2\/product"}],"about":[{"href":"https:\/\/donbaraton.es\/en\/wp-json\/wp\/v2\/types\/product"}],"replies":[{"embeddable":true,"href":"https:\/\/donbaraton.es\/en\/wp-json\/wp\/v2\/comments?post=15679"}],"wp:featuredmedia":[{"embeddable":true,"href":"https:\/\/donbaraton.es\/en\/wp-json\/wp\/v2\/media\/15660"}],"wp:attachment":[{"href":"https:\/\/donbaraton.es\/en\/wp-json\/wp\/v2\/media?parent=15679"}],"wp:term":[{"taxonomy":"product_brand","embeddable":true,"href":"https:\/\/donbaraton.es\/en\/wp-json\/wp\/v2\/product_brand?post=15679"},{"taxonomy":"product_cat","embeddable":true,"href":"https:\/\/donbaraton.es\/en\/wp-json\/wp\/v2\/product_cat?post=15679"},{"taxonomy":"product_tag","embeddable":true,"href":"https:\/\/donbaraton.es\/en\/wp-json\/wp\/v2\/product_tag?post=15679"}],"curies":[{"name":"wp","href":"https:\/\/api.w.org\/{rel}","templated":true}]}}