{"id":15901,"date":"2019-06-17T19:00:47","date_gmt":"2019-04-22T22:40:55","guid":{"rendered":"https:\/\/donbaraton.es\/?post_type=product&#038;p=15901"},"modified":"2020-01-13T01:21:09","modified_gmt":"2020-01-13T00:21:09","slug":"2-doors-wardrobe-white-light-brown-rimini","status":"publish","type":"product","link":"https:\/\/donbaraton.es\/en\/p\/2-doors-wardrobe-white-light-brown-rimini\/","title":{"rendered":"2 Doors Wardrobe in White and Light Brown &#8211; Rimini"},"content":{"rendered":"<p><strong>Two door wardrobe in white and light brown &#8211; Rimini<\/strong><\/p>\n<p>Affordable full hanging wardrobe that matches other products of the Rimini range. The wardrobe can be easy combined with headboards, shelves, tables and other furniture items available in the same combination of white and light brown (oak tree).<\/p>\n<p>The width of just 90 cm makes this model suitable for small rooms.<\/p>\n<p>The shelf inside divides the space inside into two parts &#8211; the upper section to hang clothes and the lower section for shoes, bags, boxes and other items.<\/p>\n<p><strong>Dimensions:<\/strong> width 90 cm, depth 50 cm, height 199.4 cm<\/p>\n<p><strong>Assembly service not included<\/strong><\/p>\n","protected":false},"excerpt":{"rendered":"<ul>\n<li>2 swing doors<\/li>\n<li>White and light brown colours<\/li>\n<li>Hanging rail included<\/li>\n<li>Shelf included<\/li>\n<li>Grey handles<\/li>\n<li>Matches other furniture of the Rimini range<\/li>\n<\/ul>\n<p><strong>Dimensions:<\/strong> width 90 cm, depth 50 cm, height 199.4 cm<\/p>\n","protected":false},"featured_media":15899,"comment_status":"open","ping_status":"closed","template":"","meta":{"_et_pb_use_builder":"","_et_pb_old_content":"","_et_gb_content_width":""},"product_brand":[],"product_cat":[138],"product_tag":[],"class_list":{"0":"post-15901","1":"product","2":"type-product","3":"status-publish","4":"has-post-thumbnail","6":"product_cat-wardrobes","7":"product_shipping_class-articulos-pesado-manufacturing-up-to-10-days","9":"first","10":"onbackorder","11":"sale","12":"taxable","13":"shipping-taxable","14":"purchasable","15":"product-type-simple"},"yoast_head":"<!-- This site is optimized with the Yoast SEO plugin v27.2 - https:\/\/yoast.com\/product\/yoast-seo-wordpress\/ -->\n<title>2 Doors Wardrobe in White and Light Brown - Rimini - Don Baraton: tienda de sof\u00e1s, muebles y colchones<\/title>\n<meta name=\"robots\" content=\"index, follow, max-snippet:-1, max-image-preview:large, max-video-preview:-1\" \/>\n<link rel=\"canonical\" href=\"https:\/\/donbaraton.es\/en\/p\/2-doors-wardrobe-white-light-brown-rimini\/\" \/>\n<meta property=\"og:locale\" content=\"en_GB\" \/>\n<meta property=\"og:type\" content=\"article\" \/>\n<meta property=\"og:title\" content=\"2 Doors Wardrobe in White and Light Brown - Rimini - Don Baraton: tienda de sof\u00e1s, muebles y colchones\" \/>\n<meta property=\"og:description\" content=\"2 swing doors  White and light brown colours  Hanging rail included  Shelf included  Grey handles  Matches other furniture of the Rimini range  Dimensions: width 90 cm, depth 50 cm, height 199.4 cm\" \/>\n<meta property=\"og:url\" content=\"https:\/\/donbaraton.es\/en\/p\/2-doors-wardrobe-white-light-brown-rimini\/\" \/>\n<meta property=\"og:site_name\" content=\"Don Baraton: tienda de sof\u00e1s, muebles y colchones\" \/>\n<meta property=\"article:publisher\" content=\"https:\/\/www.facebook.com\/donbaraton.es\" \/>\n<meta property=\"article:modified_time\" content=\"2020-01-13T00:21:09+00:00\" \/>\n<meta property=\"og:image\" content=\"https:\/\/i2.wp.com\/donbaraton.es\/wp-content\/uploads\/2019\/04\/Armario-de-dos-puertas-en-blanco-y-laterales-roble-vertical-Rimini.jpg?fit=800%2C800&ssl=1\" \/>\n\t<meta property=\"og:image:width\" content=\"800\" \/>\n\t<meta property=\"og:image:height\" content=\"800\" \/>\n\t<meta property=\"og:image:type\" content=\"image\/jpeg\" \/>\n<meta name=\"twitter:card\" content=\"summary_large_image\" \/>\n<meta name=\"twitter:site\" content=\"@don_baraton\" \/>\n<script type=\"application\/ld+json\" class=\"yoast-schema-graph\">{\"@context\":\"https:\/\/schema.org\",\"@graph\":[{\"@type\":\"WebPage\",\"@id\":\"https:\/\/donbaraton.es\/en\/p\/2-doors-wardrobe-white-light-brown-rimini\/\",\"url\":\"https:\/\/donbaraton.es\/en\/p\/2-doors-wardrobe-white-light-brown-rimini\/\",\"name\":\"2 Doors Wardrobe in White and Light Brown - Rimini - Don Baraton: tienda de sof\u00e1s, muebles y colchones\",\"isPartOf\":{\"@id\":\"https:\/\/donbaraton.es\/#website\"},\"primaryImageOfPage\":{\"@id\":\"https:\/\/donbaraton.es\/en\/p\/2-doors-wardrobe-white-light-brown-rimini\/#primaryimage\"},\"image\":{\"@id\":\"https:\/\/donbaraton.es\/en\/p\/2-doors-wardrobe-white-light-brown-rimini\/#primaryimage\"},\"thumbnailUrl\":\"https:\/\/donbaraton.es\/wp-content\/uploads\/2019\/04\/Armario-de-dos-puertas-en-blanco-y-laterales-roble-vertical-Rimini.jpg\",\"datePublished\":\"2019-04-22T22:40:55+00:00\",\"dateModified\":\"2020-01-13T00:21:09+00:00\",\"breadcrumb\":{\"@id\":\"https:\/\/donbaraton.es\/en\/p\/2-doors-wardrobe-white-light-brown-rimini\/#breadcrumb\"},\"inLanguage\":\"en-GB\",\"potentialAction\":[{\"@type\":\"ReadAction\",\"target\":[\"https:\/\/donbaraton.es\/en\/p\/2-doors-wardrobe-white-light-brown-rimini\/\"]}]},{\"@type\":\"ImageObject\",\"inLanguage\":\"en-GB\",\"@id\":\"https:\/\/donbaraton.es\/en\/p\/2-doors-wardrobe-white-light-brown-rimini\/#primaryimage\",\"url\":\"https:\/\/donbaraton.es\/wp-content\/uploads\/2019\/04\/Armario-de-dos-puertas-en-blanco-y-laterales-roble-vertical-Rimini.jpg\",\"contentUrl\":\"https:\/\/donbaraton.es\/wp-content\/uploads\/2019\/04\/Armario-de-dos-puertas-en-blanco-y-laterales-roble-vertical-Rimini.jpg\",\"width\":800,\"height\":800,\"caption\":\"2 Doors Wardrobe in White and Light Brown - Rimini\"},{\"@type\":\"BreadcrumbList\",\"@id\":\"https:\/\/donbaraton.es\/en\/p\/2-doors-wardrobe-white-light-brown-rimini\/#breadcrumb\",\"itemListElement\":[{\"@type\":\"ListItem\",\"position\":1,\"name\":\"Portada\",\"item\":\"https:\/\/donbaraton.es\/en\/\"},{\"@type\":\"ListItem\",\"position\":2,\"name\":\"Online Shop\",\"item\":\"https:\/\/donbaraton.es\/en\/shop\/\"},{\"@type\":\"ListItem\",\"position\":3,\"name\":\"2 Doors Wardrobe in White and Light Brown &#8211; Rimini\"}]},{\"@type\":\"WebSite\",\"@id\":\"https:\/\/donbaraton.es\/#website\",\"url\":\"https:\/\/donbaraton.es\/\",\"name\":\"Don Baraton: tienda de sof\u00e1s, muebles y colchones\",\"description\":\"Sofas baratos desde el almac\u00e9n en Almorad\u00ed, Alicante\",\"publisher\":{\"@id\":\"https:\/\/donbaraton.es\/#organization\"},\"potentialAction\":[{\"@type\":\"SearchAction\",\"target\":{\"@type\":\"EntryPoint\",\"urlTemplate\":\"https:\/\/donbaraton.es\/?s={search_term_string}\"},\"query-input\":{\"@type\":\"PropertyValueSpecification\",\"valueRequired\":true,\"valueName\":\"search_term_string\"}}],\"inLanguage\":\"en-GB\"},{\"@type\":\"Organization\",\"@id\":\"https:\/\/donbaraton.es\/#organization\",\"name\":\"Don Baraton\",\"url\":\"https:\/\/donbaraton.es\/\",\"logo\":{\"@type\":\"ImageObject\",\"inLanguage\":\"en-GB\",\"@id\":\"https:\/\/donbaraton.es\/#\/schema\/logo\/image\/\",\"url\":\"https:\/\/i0.wp.com\/donbaraton.es\/wp-content\/uploads\/2016\/11\/logo_don_baraton.png?fit=228%2C110&ssl=1\",\"contentUrl\":\"https:\/\/i0.wp.com\/donbaraton.es\/wp-content\/uploads\/2016\/11\/logo_don_baraton.png?fit=228%2C110&ssl=1\",\"width\":228,\"height\":110,\"caption\":\"Don Baraton\"},\"image\":{\"@id\":\"https:\/\/donbaraton.es\/#\/schema\/logo\/image\/\"},\"sameAs\":[\"https:\/\/www.facebook.com\/donbaraton.es\",\"https:\/\/x.com\/don_baraton\",\"https:\/\/www.instagram.com\/donbaraton.es\",\"https:\/\/www.linkedin.com\/company\/donbaraton\/\",\"https:\/\/es.pinterest.com\/donbaraton\/\",\"https:\/\/www.youtube.com\/channel\/UCL02HOwx-F759Jq5MedAZfQ\"]}]}<\/script>\n<!-- \/ Yoast SEO plugin. -->","yoast_head_json":{"title":"2 Doors Wardrobe in White and Light Brown - Rimini - Don Baraton: tienda de sof\u00e1s, muebles y colchones","robots":{"index":"index","follow":"follow","max-snippet":"max-snippet:-1","max-image-preview":"max-image-preview:large","max-video-preview":"max-video-preview:-1"},"canonical":"https:\/\/donbaraton.es\/en\/p\/2-doors-wardrobe-white-light-brown-rimini\/","og_locale":"en_GB","og_type":"article","og_title":"2 Doors Wardrobe in White and Light Brown - Rimini - Don Baraton: tienda de sof\u00e1s, muebles y colchones","og_description":"2 swing doors  White and light brown colours  Hanging rail included  Shelf included  Grey handles  Matches other furniture of the Rimini range  Dimensions: width 90 cm, depth 50 cm, height 199.4 cm","og_url":"https:\/\/donbaraton.es\/en\/p\/2-doors-wardrobe-white-light-brown-rimini\/","og_site_name":"Don Baraton: tienda de sof\u00e1s, muebles y colchones","article_publisher":"https:\/\/www.facebook.com\/donbaraton.es","article_modified_time":"2020-01-13T00:21:09+00:00","og_image":[{"width":800,"height":800,"url":"https:\/\/i2.wp.com\/donbaraton.es\/wp-content\/uploads\/2019\/04\/Armario-de-dos-puertas-en-blanco-y-laterales-roble-vertical-Rimini.jpg?fit=800%2C800&ssl=1","type":"image\/jpeg"}],"twitter_card":"summary_large_image","twitter_site":"@don_baraton","schema":{"@context":"https:\/\/schema.org","@graph":[{"@type":"WebPage","@id":"https:\/\/donbaraton.es\/en\/p\/2-doors-wardrobe-white-light-brown-rimini\/","url":"https:\/\/donbaraton.es\/en\/p\/2-doors-wardrobe-white-light-brown-rimini\/","name":"2 Doors Wardrobe in White and Light Brown - Rimini - Don Baraton: tienda de sof\u00e1s, muebles y colchones","isPartOf":{"@id":"https:\/\/donbaraton.es\/#website"},"primaryImageOfPage":{"@id":"https:\/\/donbaraton.es\/en\/p\/2-doors-wardrobe-white-light-brown-rimini\/#primaryimage"},"image":{"@id":"https:\/\/donbaraton.es\/en\/p\/2-doors-wardrobe-white-light-brown-rimini\/#primaryimage"},"thumbnailUrl":"https:\/\/donbaraton.es\/wp-content\/uploads\/2019\/04\/Armario-de-dos-puertas-en-blanco-y-laterales-roble-vertical-Rimini.jpg","datePublished":"2019-04-22T22:40:55+00:00","dateModified":"2020-01-13T00:21:09+00:00","breadcrumb":{"@id":"https:\/\/donbaraton.es\/en\/p\/2-doors-wardrobe-white-light-brown-rimini\/#breadcrumb"},"inLanguage":"en-GB","potentialAction":[{"@type":"ReadAction","target":["https:\/\/donbaraton.es\/en\/p\/2-doors-wardrobe-white-light-brown-rimini\/"]}]},{"@type":"ImageObject","inLanguage":"en-GB","@id":"https:\/\/donbaraton.es\/en\/p\/2-doors-wardrobe-white-light-brown-rimini\/#primaryimage","url":"https:\/\/donbaraton.es\/wp-content\/uploads\/2019\/04\/Armario-de-dos-puertas-en-blanco-y-laterales-roble-vertical-Rimini.jpg","contentUrl":"https:\/\/donbaraton.es\/wp-content\/uploads\/2019\/04\/Armario-de-dos-puertas-en-blanco-y-laterales-roble-vertical-Rimini.jpg","width":800,"height":800,"caption":"2 Doors Wardrobe in White and Light Brown - Rimini"},{"@type":"BreadcrumbList","@id":"https:\/\/donbaraton.es\/en\/p\/2-doors-wardrobe-white-light-brown-rimini\/#breadcrumb","itemListElement":[{"@type":"ListItem","position":1,"name":"Portada","item":"https:\/\/donbaraton.es\/en\/"},{"@type":"ListItem","position":2,"name":"Online Shop","item":"https:\/\/donbaraton.es\/en\/shop\/"},{"@type":"ListItem","position":3,"name":"2 Doors Wardrobe in White and Light Brown &#8211; Rimini"}]},{"@type":"WebSite","@id":"https:\/\/donbaraton.es\/#website","url":"https:\/\/donbaraton.es\/","name":"Don Baraton: tienda de sof\u00e1s, muebles y colchones","description":"Sofas baratos desde el almac\u00e9n en Almorad\u00ed, Alicante","publisher":{"@id":"https:\/\/donbaraton.es\/#organization"},"potentialAction":[{"@type":"SearchAction","target":{"@type":"EntryPoint","urlTemplate":"https:\/\/donbaraton.es\/?s={search_term_string}"},"query-input":{"@type":"PropertyValueSpecification","valueRequired":true,"valueName":"search_term_string"}}],"inLanguage":"en-GB"},{"@type":"Organization","@id":"https:\/\/donbaraton.es\/#organization","name":"Don Baraton","url":"https:\/\/donbaraton.es\/","logo":{"@type":"ImageObject","inLanguage":"en-GB","@id":"https:\/\/donbaraton.es\/#\/schema\/logo\/image\/","url":"https:\/\/i0.wp.com\/donbaraton.es\/wp-content\/uploads\/2016\/11\/logo_don_baraton.png?fit=228%2C110&ssl=1","contentUrl":"https:\/\/i0.wp.com\/donbaraton.es\/wp-content\/uploads\/2016\/11\/logo_don_baraton.png?fit=228%2C110&ssl=1","width":228,"height":110,"caption":"Don Baraton"},"image":{"@id":"https:\/\/donbaraton.es\/#\/schema\/logo\/image\/"},"sameAs":["https:\/\/www.facebook.com\/donbaraton.es","https:\/\/x.com\/don_baraton","https:\/\/www.instagram.com\/donbaraton.es","https:\/\/www.linkedin.com\/company\/donbaraton\/","https:\/\/es.pinterest.com\/donbaraton\/","https:\/\/www.youtube.com\/channel\/UCL02HOwx-F759Jq5MedAZfQ"]}]}},"_links":{"self":[{"href":"https:\/\/donbaraton.es\/en\/wp-json\/wp\/v2\/product\/15901","targetHints":{"allow":["GET"]}}],"collection":[{"href":"https:\/\/donbaraton.es\/en\/wp-json\/wp\/v2\/product"}],"about":[{"href":"https:\/\/donbaraton.es\/en\/wp-json\/wp\/v2\/types\/product"}],"replies":[{"embeddable":true,"href":"https:\/\/donbaraton.es\/en\/wp-json\/wp\/v2\/comments?post=15901"}],"wp:featuredmedia":[{"embeddable":true,"href":"https:\/\/donbaraton.es\/en\/wp-json\/wp\/v2\/media\/15899"}],"wp:attachment":[{"href":"https:\/\/donbaraton.es\/en\/wp-json\/wp\/v2\/media?parent=15901"}],"wp:term":[{"taxonomy":"product_brand","embeddable":true,"href":"https:\/\/donbaraton.es\/en\/wp-json\/wp\/v2\/product_brand?post=15901"},{"taxonomy":"product_cat","embeddable":true,"href":"https:\/\/donbaraton.es\/en\/wp-json\/wp\/v2\/product_cat?post=15901"},{"taxonomy":"product_tag","embeddable":true,"href":"https:\/\/donbaraton.es\/en\/wp-json\/wp\/v2\/product_tag?post=15901"}],"curies":[{"name":"wp","href":"https:\/\/api.w.org\/{rel}","templated":true}]}}