{"id":16039,"date":"2021-08-10T21:22:41","date_gmt":"2019-05-02T19:22:44","guid":{"rendered":"https:\/\/donbaraton.es\/?post_type=product&#038;p=16039"},"modified":"2023-03-08T05:06:11","modified_gmt":"2023-03-08T04:06:11","slug":"inexpensive-ottoman-storage-bed-platform-top-breeze","status":"publish","type":"product","link":"https:\/\/donbaraton.es\/en\/p\/inexpensive-ottoman-storage-bed-platform-top-breeze\/","title":{"rendered":"Inexpensive Ottoman Storage Bed with Platform Top &#8211; Breeze"},"content":{"rendered":"<p><strong>Inexpensive ottoman storage bed with hard (boarded) top &#8211; Breeze<\/strong><\/p>\n<p>The Breeze bed base is an affordable and practical solution for maximum bedroom storage. The platform top base (included) provides good support for the mattress. The top lifts and to give access to the under bed storage, where you can store your home and bedroom items. The body of the bed is made of high quality 2.2 cm thick chipboard. The bed has a steel clamp to avoid the displacement of the mattress when the slatted base is lifted. Mechanism with two<span class=\"il\">\u00a0gas<\/span> struts for smooth, easy and silent lifting. The mattress is not included, you can choose and buy one here: <a href=\"\/?product_cat=mattresses\">mattresses<\/a>. Available colours:<\/p>\n<ul>\n<li><strong>Oak wood <\/strong>(light brown)<\/li>\n<li><b>White<\/b><\/li>\n<li><strong>Wengue<\/strong> (dark brown)<\/li>\n<li><b>Cherry wood colour<\/b><\/li>\n<\/ul>\n<p><strong>Available sizes:<\/strong> 90 x 190 cm, 105 x 190 cm, 135 x 190, 150 x 190, 90 x 190 cm, 105 x 200 cm, 135 x 200 cm, 150 x 200 cm Height 32 cm <strong>Assembly service is not included<\/strong><\/p>\n","protected":false},"excerpt":{"rendered":"<ul>\n<li>Top upholstered in &#8220;breathing&#8221; fabric<\/li>\n<li>Spacious storage<\/li>\n<li><span class=\"il\">2 gas<\/span> struts for easy opening<\/li>\n<li>4 colour to choose and 8 sizes to choose<\/li>\n<li>Reinforced rounded corners<\/li>\n<\/ul>\n","protected":false},"featured_media":24026,"comment_status":"open","ping_status":"closed","template":"","meta":{"_et_pb_use_builder":"","_et_pb_old_content":"","_et_gb_content_width":""},"product_brand":[],"product_cat":[132],"product_tag":[],"class_list":{"0":"post-16039","1":"product","2":"type-product","3":"status-publish","4":"has-post-thumbnail","6":"product_cat-beds","7":"product_shipping_class-articulos-pesado-manufacturing-up-to-10-days","8":"pa_material-mdf-particle-board","10":"first","11":"instock","12":"sale","13":"taxable","14":"shipping-taxable","15":"purchasable","16":"product-type-variable"},"yoast_head":"<!-- This site is optimized with the Yoast SEO plugin v27.2 - https:\/\/yoast.com\/product\/yoast-seo-wordpress\/ -->\n<title>Inexpensive Ottoman Storage Bed with Platform Top - Breeze - Don Baraton: tienda de sof\u00e1s, muebles y colchones<\/title>\n<meta name=\"robots\" content=\"index, follow, max-snippet:-1, max-image-preview:large, max-video-preview:-1\" \/>\n<link rel=\"canonical\" href=\"https:\/\/donbaraton.es\/en\/p\/inexpensive-ottoman-storage-bed-platform-top-breeze\/\" \/>\n<meta property=\"og:locale\" content=\"en_GB\" \/>\n<meta property=\"og:type\" content=\"article\" \/>\n<meta property=\"og:title\" content=\"Inexpensive Ottoman Storage Bed with Platform Top - Breeze - Don Baraton: tienda de sof\u00e1s, muebles y colchones\" \/>\n<meta property=\"og:description\" content=\"Top upholstered in &quot;breathing&quot; fabric  Spacious storage  2 gas struts for easy opening  4 colour to choose and 8 sizes to choose  Reinforced rounded corners\" \/>\n<meta property=\"og:url\" content=\"https:\/\/donbaraton.es\/en\/p\/inexpensive-ottoman-storage-bed-platform-top-breeze\/\" \/>\n<meta property=\"og:site_name\" content=\"Don Baraton: tienda de sof\u00e1s, muebles y colchones\" \/>\n<meta property=\"article:publisher\" content=\"https:\/\/www.facebook.com\/donbaraton.es\" \/>\n<meta property=\"article:modified_time\" content=\"2023-03-08T04:06:11+00:00\" \/>\n<meta property=\"og:image\" content=\"https:\/\/donbaraton.es\/wp-content\/uploads\/2019\/05\/Canap\u00e9-doble-color-roble-marr\u00f3n-claro-Breeze.jpg\" \/>\n\t<meta property=\"og:image:width\" content=\"1000\" \/>\n\t<meta property=\"og:image:height\" content=\"750\" \/>\n\t<meta property=\"og:image:type\" content=\"image\/jpeg\" \/>\n<meta name=\"twitter:card\" content=\"summary_large_image\" \/>\n<meta name=\"twitter:site\" content=\"@don_baraton\" \/>\n<meta name=\"twitter:label1\" content=\"Estimated reading time\" \/>\n\t<meta name=\"twitter:data1\" content=\"1 minute\" \/>\n<script type=\"application\/ld+json\" class=\"yoast-schema-graph\">{\"@context\":\"https:\/\/schema.org\",\"@graph\":[{\"@type\":\"WebPage\",\"@id\":\"https:\/\/donbaraton.es\/en\/p\/inexpensive-ottoman-storage-bed-platform-top-breeze\/\",\"url\":\"https:\/\/donbaraton.es\/en\/p\/inexpensive-ottoman-storage-bed-platform-top-breeze\/\",\"name\":\"Inexpensive Ottoman Storage Bed with Platform Top - Breeze - Don Baraton: tienda de sof\u00e1s, muebles y colchones\",\"isPartOf\":{\"@id\":\"https:\/\/donbaraton.es\/#website\"},\"primaryImageOfPage\":{\"@id\":\"https:\/\/donbaraton.es\/en\/p\/inexpensive-ottoman-storage-bed-platform-top-breeze\/#primaryimage\"},\"image\":{\"@id\":\"https:\/\/donbaraton.es\/en\/p\/inexpensive-ottoman-storage-bed-platform-top-breeze\/#primaryimage\"},\"thumbnailUrl\":\"https:\/\/donbaraton.es\/wp-content\/uploads\/2019\/05\/Canap\u00e9-doble-color-roble-marr\u00f3n-claro-Breeze.jpg\",\"datePublished\":\"2019-05-02T19:22:44+00:00\",\"dateModified\":\"2023-03-08T04:06:11+00:00\",\"breadcrumb\":{\"@id\":\"https:\/\/donbaraton.es\/en\/p\/inexpensive-ottoman-storage-bed-platform-top-breeze\/#breadcrumb\"},\"inLanguage\":\"en-GB\",\"potentialAction\":[{\"@type\":\"ReadAction\",\"target\":[\"https:\/\/donbaraton.es\/en\/p\/inexpensive-ottoman-storage-bed-platform-top-breeze\/\"]}]},{\"@type\":\"ImageObject\",\"inLanguage\":\"en-GB\",\"@id\":\"https:\/\/donbaraton.es\/en\/p\/inexpensive-ottoman-storage-bed-platform-top-breeze\/#primaryimage\",\"url\":\"https:\/\/donbaraton.es\/wp-content\/uploads\/2019\/05\/Canap\u00e9-doble-color-roble-marr\u00f3n-claro-Breeze.jpg\",\"contentUrl\":\"https:\/\/donbaraton.es\/wp-content\/uploads\/2019\/05\/Canap\u00e9-doble-color-roble-marr\u00f3n-claro-Breeze.jpg\",\"width\":1000,\"height\":750,\"caption\":\"Inexpensive ottoman storage double bed - Breeze. Oak \\\"light brown\\\" color\"},{\"@type\":\"BreadcrumbList\",\"@id\":\"https:\/\/donbaraton.es\/en\/p\/inexpensive-ottoman-storage-bed-platform-top-breeze\/#breadcrumb\",\"itemListElement\":[{\"@type\":\"ListItem\",\"position\":1,\"name\":\"Portada\",\"item\":\"https:\/\/donbaraton.es\/en\/\"},{\"@type\":\"ListItem\",\"position\":2,\"name\":\"Online Shop\",\"item\":\"https:\/\/donbaraton.es\/en\/shop\/\"},{\"@type\":\"ListItem\",\"position\":3,\"name\":\"Inexpensive Ottoman Storage Bed with Platform Top &#8211; Breeze\"}]},{\"@type\":\"WebSite\",\"@id\":\"https:\/\/donbaraton.es\/#website\",\"url\":\"https:\/\/donbaraton.es\/\",\"name\":\"Don Baraton: tienda de sof\u00e1s, muebles y colchones\",\"description\":\"Sofas baratos desde el almac\u00e9n en Almorad\u00ed, Alicante\",\"publisher\":{\"@id\":\"https:\/\/donbaraton.es\/#organization\"},\"potentialAction\":[{\"@type\":\"SearchAction\",\"target\":{\"@type\":\"EntryPoint\",\"urlTemplate\":\"https:\/\/donbaraton.es\/?s={search_term_string}\"},\"query-input\":{\"@type\":\"PropertyValueSpecification\",\"valueRequired\":true,\"valueName\":\"search_term_string\"}}],\"inLanguage\":\"en-GB\"},{\"@type\":\"Organization\",\"@id\":\"https:\/\/donbaraton.es\/#organization\",\"name\":\"Don Baraton\",\"url\":\"https:\/\/donbaraton.es\/\",\"logo\":{\"@type\":\"ImageObject\",\"inLanguage\":\"en-GB\",\"@id\":\"https:\/\/donbaraton.es\/#\/schema\/logo\/image\/\",\"url\":\"https:\/\/i0.wp.com\/donbaraton.es\/wp-content\/uploads\/2016\/11\/logo_don_baraton.png?fit=228%2C110&ssl=1\",\"contentUrl\":\"https:\/\/i0.wp.com\/donbaraton.es\/wp-content\/uploads\/2016\/11\/logo_don_baraton.png?fit=228%2C110&ssl=1\",\"width\":228,\"height\":110,\"caption\":\"Don Baraton\"},\"image\":{\"@id\":\"https:\/\/donbaraton.es\/#\/schema\/logo\/image\/\"},\"sameAs\":[\"https:\/\/www.facebook.com\/donbaraton.es\",\"https:\/\/x.com\/don_baraton\",\"https:\/\/www.instagram.com\/donbaraton.es\",\"https:\/\/www.linkedin.com\/company\/donbaraton\/\",\"https:\/\/es.pinterest.com\/donbaraton\/\",\"https:\/\/www.youtube.com\/channel\/UCL02HOwx-F759Jq5MedAZfQ\"]}]}<\/script>\n<!-- \/ Yoast SEO plugin. -->","yoast_head_json":{"title":"Inexpensive Ottoman Storage Bed with Platform Top - Breeze - Don Baraton: tienda de sof\u00e1s, muebles y colchones","robots":{"index":"index","follow":"follow","max-snippet":"max-snippet:-1","max-image-preview":"max-image-preview:large","max-video-preview":"max-video-preview:-1"},"canonical":"https:\/\/donbaraton.es\/en\/p\/inexpensive-ottoman-storage-bed-platform-top-breeze\/","og_locale":"en_GB","og_type":"article","og_title":"Inexpensive Ottoman Storage Bed with Platform Top - Breeze - Don Baraton: tienda de sof\u00e1s, muebles y colchones","og_description":"Top upholstered in \"breathing\" fabric  Spacious storage  2 gas struts for easy opening  4 colour to choose and 8 sizes to choose  Reinforced rounded corners","og_url":"https:\/\/donbaraton.es\/en\/p\/inexpensive-ottoman-storage-bed-platform-top-breeze\/","og_site_name":"Don Baraton: tienda de sof\u00e1s, muebles y colchones","article_publisher":"https:\/\/www.facebook.com\/donbaraton.es","article_modified_time":"2023-03-08T04:06:11+00:00","og_image":[{"width":1000,"height":750,"url":"https:\/\/donbaraton.es\/wp-content\/uploads\/2019\/05\/Canap\u00e9-doble-color-roble-marr\u00f3n-claro-Breeze.jpg","type":"image\/jpeg"}],"twitter_card":"summary_large_image","twitter_site":"@don_baraton","twitter_misc":{"Estimated reading time":"1 minute"},"schema":{"@context":"https:\/\/schema.org","@graph":[{"@type":"WebPage","@id":"https:\/\/donbaraton.es\/en\/p\/inexpensive-ottoman-storage-bed-platform-top-breeze\/","url":"https:\/\/donbaraton.es\/en\/p\/inexpensive-ottoman-storage-bed-platform-top-breeze\/","name":"Inexpensive Ottoman Storage Bed with Platform Top - Breeze - Don Baraton: tienda de sof\u00e1s, muebles y colchones","isPartOf":{"@id":"https:\/\/donbaraton.es\/#website"},"primaryImageOfPage":{"@id":"https:\/\/donbaraton.es\/en\/p\/inexpensive-ottoman-storage-bed-platform-top-breeze\/#primaryimage"},"image":{"@id":"https:\/\/donbaraton.es\/en\/p\/inexpensive-ottoman-storage-bed-platform-top-breeze\/#primaryimage"},"thumbnailUrl":"https:\/\/donbaraton.es\/wp-content\/uploads\/2019\/05\/Canap\u00e9-doble-color-roble-marr\u00f3n-claro-Breeze.jpg","datePublished":"2019-05-02T19:22:44+00:00","dateModified":"2023-03-08T04:06:11+00:00","breadcrumb":{"@id":"https:\/\/donbaraton.es\/en\/p\/inexpensive-ottoman-storage-bed-platform-top-breeze\/#breadcrumb"},"inLanguage":"en-GB","potentialAction":[{"@type":"ReadAction","target":["https:\/\/donbaraton.es\/en\/p\/inexpensive-ottoman-storage-bed-platform-top-breeze\/"]}]},{"@type":"ImageObject","inLanguage":"en-GB","@id":"https:\/\/donbaraton.es\/en\/p\/inexpensive-ottoman-storage-bed-platform-top-breeze\/#primaryimage","url":"https:\/\/donbaraton.es\/wp-content\/uploads\/2019\/05\/Canap\u00e9-doble-color-roble-marr\u00f3n-claro-Breeze.jpg","contentUrl":"https:\/\/donbaraton.es\/wp-content\/uploads\/2019\/05\/Canap\u00e9-doble-color-roble-marr\u00f3n-claro-Breeze.jpg","width":1000,"height":750,"caption":"Inexpensive ottoman storage double bed - Breeze. Oak \"light brown\" color"},{"@type":"BreadcrumbList","@id":"https:\/\/donbaraton.es\/en\/p\/inexpensive-ottoman-storage-bed-platform-top-breeze\/#breadcrumb","itemListElement":[{"@type":"ListItem","position":1,"name":"Portada","item":"https:\/\/donbaraton.es\/en\/"},{"@type":"ListItem","position":2,"name":"Online Shop","item":"https:\/\/donbaraton.es\/en\/shop\/"},{"@type":"ListItem","position":3,"name":"Inexpensive Ottoman Storage Bed with Platform Top &#8211; Breeze"}]},{"@type":"WebSite","@id":"https:\/\/donbaraton.es\/#website","url":"https:\/\/donbaraton.es\/","name":"Don Baraton: tienda de sof\u00e1s, muebles y colchones","description":"Sofas baratos desde el almac\u00e9n en Almorad\u00ed, Alicante","publisher":{"@id":"https:\/\/donbaraton.es\/#organization"},"potentialAction":[{"@type":"SearchAction","target":{"@type":"EntryPoint","urlTemplate":"https:\/\/donbaraton.es\/?s={search_term_string}"},"query-input":{"@type":"PropertyValueSpecification","valueRequired":true,"valueName":"search_term_string"}}],"inLanguage":"en-GB"},{"@type":"Organization","@id":"https:\/\/donbaraton.es\/#organization","name":"Don Baraton","url":"https:\/\/donbaraton.es\/","logo":{"@type":"ImageObject","inLanguage":"en-GB","@id":"https:\/\/donbaraton.es\/#\/schema\/logo\/image\/","url":"https:\/\/i0.wp.com\/donbaraton.es\/wp-content\/uploads\/2016\/11\/logo_don_baraton.png?fit=228%2C110&ssl=1","contentUrl":"https:\/\/i0.wp.com\/donbaraton.es\/wp-content\/uploads\/2016\/11\/logo_don_baraton.png?fit=228%2C110&ssl=1","width":228,"height":110,"caption":"Don Baraton"},"image":{"@id":"https:\/\/donbaraton.es\/#\/schema\/logo\/image\/"},"sameAs":["https:\/\/www.facebook.com\/donbaraton.es","https:\/\/x.com\/don_baraton","https:\/\/www.instagram.com\/donbaraton.es","https:\/\/www.linkedin.com\/company\/donbaraton\/","https:\/\/es.pinterest.com\/donbaraton\/","https:\/\/www.youtube.com\/channel\/UCL02HOwx-F759Jq5MedAZfQ"]}]}},"_links":{"self":[{"href":"https:\/\/donbaraton.es\/en\/wp-json\/wp\/v2\/product\/16039","targetHints":{"allow":["GET"]}}],"collection":[{"href":"https:\/\/donbaraton.es\/en\/wp-json\/wp\/v2\/product"}],"about":[{"href":"https:\/\/donbaraton.es\/en\/wp-json\/wp\/v2\/types\/product"}],"replies":[{"embeddable":true,"href":"https:\/\/donbaraton.es\/en\/wp-json\/wp\/v2\/comments?post=16039"}],"wp:featuredmedia":[{"embeddable":true,"href":"https:\/\/donbaraton.es\/en\/wp-json\/wp\/v2\/media\/24026"}],"wp:attachment":[{"href":"https:\/\/donbaraton.es\/en\/wp-json\/wp\/v2\/media?parent=16039"}],"wp:term":[{"taxonomy":"product_brand","embeddable":true,"href":"https:\/\/donbaraton.es\/en\/wp-json\/wp\/v2\/product_brand?post=16039"},{"taxonomy":"product_cat","embeddable":true,"href":"https:\/\/donbaraton.es\/en\/wp-json\/wp\/v2\/product_cat?post=16039"},{"taxonomy":"product_tag","embeddable":true,"href":"https:\/\/donbaraton.es\/en\/wp-json\/wp\/v2\/product_tag?post=16039"}],"curies":[{"name":"wp","href":"https:\/\/api.w.org\/{rel}","templated":true}]}}