{"id":16140,"date":"2019-05-07T15:23:15","date_gmt":"2019-05-07T13:23:15","guid":{"rendered":"https:\/\/donbaraton.es\/producto\/uncategorized\/living-room-storage-combination-tv-stand-250-cm-ferrara\/"},"modified":"2020-06-17T21:13:56","modified_gmt":"2020-06-17T19:13:56","slug":"living-room-storage-combination-tv-stand-250-cm-ferrara","status":"publish","type":"product","link":"https:\/\/donbaraton.es\/en\/p\/living-room-storage-combination-tv-stand-250-cm-ferrara\/","title":{"rendered":"Living Room Storage Combination with TV Stand, 250 cm &#8211; Ferrara"},"content":{"rendered":"<p><strong>Living room storage combination with TV stand, 250 cm &#8211; Ferrara<\/strong><\/p>\n<p><strong>Dimensions:<\/strong> TV stand 120 x 30.9 x 39.6 cm, lower open display area 130 x 30.9 x 39.6 cm, 3 door cabinet 140 x 49.4 x 28.5 cm, wall shelf 150 cm x 17 cm, 1 door wall cabinet: 100 x 35 x 28.5 cm<\/p>\n<p><strong>Check out the picture of dimensions<\/strong><\/p>\n<p><strong>Assembly service not included\u00a0<\/strong><\/p>\n","protected":false},"excerpt":{"rendered":"<ul>\n<li>Set of TV stand, 2 cabinets and shelf<\/li>\n<li>High quality chipboard<\/li>\n<li>3 colour styles<\/li>\n<\/ul>\n<p><strong>Maximum dimensions:<\/strong> length 250 cm, depth 39.6 cm<\/p>\n","protected":false},"featured_media":16114,"comment_status":"open","ping_status":"closed","template":"","meta":{"_et_pb_use_builder":"","_et_pb_old_content":"","_et_gb_content_width":""},"product_brand":[],"product_cat":[71,263],"product_tag":[],"class_list":{"0":"post-16140","1":"product","2":"type-product","3":"status-publish","4":"has-post-thumbnail","6":"product_cat-furniture","7":"product_cat-living-room-sets","8":"product_shipping_class-articulos-pesado-manufacturing-up-to-10-days","9":"pa_material-mdf-particle-board","11":"first","12":"onbackorder","13":"sale","14":"taxable","15":"shipping-taxable","16":"purchasable","17":"product-type-variable"},"yoast_head":"<!-- This site is optimized with the Yoast SEO plugin v27.2 - https:\/\/yoast.com\/product\/yoast-seo-wordpress\/ -->\n<title>Living Room Storage Combination with TV Stand, 250 cm - Ferrara - Don Baraton: tienda de sof\u00e1s, muebles y colchones<\/title>\n<meta name=\"robots\" content=\"index, follow, max-snippet:-1, max-image-preview:large, max-video-preview:-1\" \/>\n<link rel=\"canonical\" href=\"https:\/\/donbaraton.es\/en\/p\/living-room-storage-combination-tv-stand-250-cm-ferrara\/\" \/>\n<meta property=\"og:locale\" content=\"en_GB\" \/>\n<meta property=\"og:type\" content=\"article\" \/>\n<meta property=\"og:title\" content=\"Living Room Storage Combination with TV Stand, 250 cm - Ferrara - Don Baraton: tienda de sof\u00e1s, muebles y colchones\" \/>\n<meta property=\"og:description\" content=\"Set of TV stand, 2 cabinets and shelf  High quality chipboard  3 colour styles  Maximum dimensions: length 250 cm, depth 39.6 cm\" \/>\n<meta property=\"og:url\" content=\"https:\/\/donbaraton.es\/en\/p\/living-room-storage-combination-tv-stand-250-cm-ferrara\/\" \/>\n<meta property=\"og:site_name\" content=\"Don Baraton: tienda de sof\u00e1s, muebles y colchones\" \/>\n<meta property=\"article:publisher\" content=\"https:\/\/www.facebook.com\/donbaraton.es\" \/>\n<meta property=\"article:modified_time\" content=\"2020-06-17T19:13:56+00:00\" \/>\n<meta property=\"og:image\" content=\"https:\/\/i2.wp.com\/donbaraton.es\/wp-content\/uploads\/2019\/05\/Conjunto-de-sal\u00f3n-de-alta-capacidad-250-cm-Ferrara.-Gris-puertas-pino-laterales.jpg?fit=960%2C640&ssl=1\" \/>\n\t<meta property=\"og:image:width\" content=\"960\" \/>\n\t<meta property=\"og:image:height\" content=\"640\" \/>\n\t<meta property=\"og:image:type\" content=\"image\/jpeg\" \/>\n<meta name=\"twitter:card\" content=\"summary_large_image\" \/>\n<meta name=\"twitter:site\" content=\"@don_baraton\" \/>\n<script type=\"application\/ld+json\" class=\"yoast-schema-graph\">{\"@context\":\"https:\/\/schema.org\",\"@graph\":[{\"@type\":\"WebPage\",\"@id\":\"https:\/\/donbaraton.es\/en\/p\/living-room-storage-combination-tv-stand-250-cm-ferrara\/\",\"url\":\"https:\/\/donbaraton.es\/en\/p\/living-room-storage-combination-tv-stand-250-cm-ferrara\/\",\"name\":\"Living Room Storage Combination with TV Stand, 250 cm - Ferrara - Don Baraton: tienda de sof\u00e1s, muebles y colchones\",\"isPartOf\":{\"@id\":\"https:\/\/donbaraton.es\/#website\"},\"primaryImageOfPage\":{\"@id\":\"https:\/\/donbaraton.es\/en\/p\/living-room-storage-combination-tv-stand-250-cm-ferrara\/#primaryimage\"},\"image\":{\"@id\":\"https:\/\/donbaraton.es\/en\/p\/living-room-storage-combination-tv-stand-250-cm-ferrara\/#primaryimage\"},\"thumbnailUrl\":\"https:\/\/donbaraton.es\/wp-content\/uploads\/2019\/05\/Conjunto-de-sal\u00f3n-de-alta-capacidad-250-cm-Ferrara.-Gris-puertas-pino-laterales.jpg\",\"datePublished\":\"2019-05-07T13:23:15+00:00\",\"dateModified\":\"2020-06-17T19:13:56+00:00\",\"breadcrumb\":{\"@id\":\"https:\/\/donbaraton.es\/en\/p\/living-room-storage-combination-tv-stand-250-cm-ferrara\/#breadcrumb\"},\"inLanguage\":\"en-GB\",\"potentialAction\":[{\"@type\":\"ReadAction\",\"target\":[\"https:\/\/donbaraton.es\/en\/p\/living-room-storage-combination-tv-stand-250-cm-ferrara\/\"]}]},{\"@type\":\"ImageObject\",\"inLanguage\":\"en-GB\",\"@id\":\"https:\/\/donbaraton.es\/en\/p\/living-room-storage-combination-tv-stand-250-cm-ferrara\/#primaryimage\",\"url\":\"https:\/\/donbaraton.es\/wp-content\/uploads\/2019\/05\/Conjunto-de-sal\u00f3n-de-alta-capacidad-250-cm-Ferrara.-Gris-puertas-pino-laterales.jpg\",\"contentUrl\":\"https:\/\/donbaraton.es\/wp-content\/uploads\/2019\/05\/Conjunto-de-sal\u00f3n-de-alta-capacidad-250-cm-Ferrara.-Gris-puertas-pino-laterales.jpg\",\"width\":960,\"height\":640,\"caption\":\"Living room storage combination with TV stand, 250 cm - Ferrara. Grey (Doors) and \\\"Pino\\\" Colours\"},{\"@type\":\"BreadcrumbList\",\"@id\":\"https:\/\/donbaraton.es\/en\/p\/living-room-storage-combination-tv-stand-250-cm-ferrara\/#breadcrumb\",\"itemListElement\":[{\"@type\":\"ListItem\",\"position\":1,\"name\":\"Portada\",\"item\":\"https:\/\/donbaraton.es\/en\/\"},{\"@type\":\"ListItem\",\"position\":2,\"name\":\"Online Shop\",\"item\":\"https:\/\/donbaraton.es\/en\/shop\/\"},{\"@type\":\"ListItem\",\"position\":3,\"name\":\"Living Room Storage Combination with TV Stand, 250 cm &#8211; Ferrara\"}]},{\"@type\":\"WebSite\",\"@id\":\"https:\/\/donbaraton.es\/#website\",\"url\":\"https:\/\/donbaraton.es\/\",\"name\":\"Don Baraton: tienda de sof\u00e1s, muebles y colchones\",\"description\":\"Sofas baratos desde el almac\u00e9n en Almorad\u00ed, Alicante\",\"publisher\":{\"@id\":\"https:\/\/donbaraton.es\/#organization\"},\"potentialAction\":[{\"@type\":\"SearchAction\",\"target\":{\"@type\":\"EntryPoint\",\"urlTemplate\":\"https:\/\/donbaraton.es\/?s={search_term_string}\"},\"query-input\":{\"@type\":\"PropertyValueSpecification\",\"valueRequired\":true,\"valueName\":\"search_term_string\"}}],\"inLanguage\":\"en-GB\"},{\"@type\":\"Organization\",\"@id\":\"https:\/\/donbaraton.es\/#organization\",\"name\":\"Don Baraton\",\"url\":\"https:\/\/donbaraton.es\/\",\"logo\":{\"@type\":\"ImageObject\",\"inLanguage\":\"en-GB\",\"@id\":\"https:\/\/donbaraton.es\/#\/schema\/logo\/image\/\",\"url\":\"https:\/\/i0.wp.com\/donbaraton.es\/wp-content\/uploads\/2016\/11\/logo_don_baraton.png?fit=228%2C110&ssl=1\",\"contentUrl\":\"https:\/\/i0.wp.com\/donbaraton.es\/wp-content\/uploads\/2016\/11\/logo_don_baraton.png?fit=228%2C110&ssl=1\",\"width\":228,\"height\":110,\"caption\":\"Don Baraton\"},\"image\":{\"@id\":\"https:\/\/donbaraton.es\/#\/schema\/logo\/image\/\"},\"sameAs\":[\"https:\/\/www.facebook.com\/donbaraton.es\",\"https:\/\/x.com\/don_baraton\",\"https:\/\/www.instagram.com\/donbaraton.es\",\"https:\/\/www.linkedin.com\/company\/donbaraton\/\",\"https:\/\/es.pinterest.com\/donbaraton\/\",\"https:\/\/www.youtube.com\/channel\/UCL02HOwx-F759Jq5MedAZfQ\"]}]}<\/script>\n<!-- \/ Yoast SEO plugin. -->","yoast_head_json":{"title":"Living Room Storage Combination with TV Stand, 250 cm - Ferrara - Don Baraton: tienda de sof\u00e1s, muebles y colchones","robots":{"index":"index","follow":"follow","max-snippet":"max-snippet:-1","max-image-preview":"max-image-preview:large","max-video-preview":"max-video-preview:-1"},"canonical":"https:\/\/donbaraton.es\/en\/p\/living-room-storage-combination-tv-stand-250-cm-ferrara\/","og_locale":"en_GB","og_type":"article","og_title":"Living Room Storage Combination with TV Stand, 250 cm - Ferrara - Don Baraton: tienda de sof\u00e1s, muebles y colchones","og_description":"Set of TV stand, 2 cabinets and shelf  High quality chipboard  3 colour styles  Maximum dimensions: length 250 cm, depth 39.6 cm","og_url":"https:\/\/donbaraton.es\/en\/p\/living-room-storage-combination-tv-stand-250-cm-ferrara\/","og_site_name":"Don Baraton: tienda de sof\u00e1s, muebles y colchones","article_publisher":"https:\/\/www.facebook.com\/donbaraton.es","article_modified_time":"2020-06-17T19:13:56+00:00","og_image":[{"width":960,"height":640,"url":"https:\/\/i2.wp.com\/donbaraton.es\/wp-content\/uploads\/2019\/05\/Conjunto-de-sal\u00f3n-de-alta-capacidad-250-cm-Ferrara.-Gris-puertas-pino-laterales.jpg?fit=960%2C640&ssl=1","type":"image\/jpeg"}],"twitter_card":"summary_large_image","twitter_site":"@don_baraton","schema":{"@context":"https:\/\/schema.org","@graph":[{"@type":"WebPage","@id":"https:\/\/donbaraton.es\/en\/p\/living-room-storage-combination-tv-stand-250-cm-ferrara\/","url":"https:\/\/donbaraton.es\/en\/p\/living-room-storage-combination-tv-stand-250-cm-ferrara\/","name":"Living Room Storage Combination with TV Stand, 250 cm - Ferrara - Don Baraton: tienda de sof\u00e1s, muebles y colchones","isPartOf":{"@id":"https:\/\/donbaraton.es\/#website"},"primaryImageOfPage":{"@id":"https:\/\/donbaraton.es\/en\/p\/living-room-storage-combination-tv-stand-250-cm-ferrara\/#primaryimage"},"image":{"@id":"https:\/\/donbaraton.es\/en\/p\/living-room-storage-combination-tv-stand-250-cm-ferrara\/#primaryimage"},"thumbnailUrl":"https:\/\/donbaraton.es\/wp-content\/uploads\/2019\/05\/Conjunto-de-sal\u00f3n-de-alta-capacidad-250-cm-Ferrara.-Gris-puertas-pino-laterales.jpg","datePublished":"2019-05-07T13:23:15+00:00","dateModified":"2020-06-17T19:13:56+00:00","breadcrumb":{"@id":"https:\/\/donbaraton.es\/en\/p\/living-room-storage-combination-tv-stand-250-cm-ferrara\/#breadcrumb"},"inLanguage":"en-GB","potentialAction":[{"@type":"ReadAction","target":["https:\/\/donbaraton.es\/en\/p\/living-room-storage-combination-tv-stand-250-cm-ferrara\/"]}]},{"@type":"ImageObject","inLanguage":"en-GB","@id":"https:\/\/donbaraton.es\/en\/p\/living-room-storage-combination-tv-stand-250-cm-ferrara\/#primaryimage","url":"https:\/\/donbaraton.es\/wp-content\/uploads\/2019\/05\/Conjunto-de-sal\u00f3n-de-alta-capacidad-250-cm-Ferrara.-Gris-puertas-pino-laterales.jpg","contentUrl":"https:\/\/donbaraton.es\/wp-content\/uploads\/2019\/05\/Conjunto-de-sal\u00f3n-de-alta-capacidad-250-cm-Ferrara.-Gris-puertas-pino-laterales.jpg","width":960,"height":640,"caption":"Living room storage combination with TV stand, 250 cm - Ferrara. Grey (Doors) and \"Pino\" Colours"},{"@type":"BreadcrumbList","@id":"https:\/\/donbaraton.es\/en\/p\/living-room-storage-combination-tv-stand-250-cm-ferrara\/#breadcrumb","itemListElement":[{"@type":"ListItem","position":1,"name":"Portada","item":"https:\/\/donbaraton.es\/en\/"},{"@type":"ListItem","position":2,"name":"Online Shop","item":"https:\/\/donbaraton.es\/en\/shop\/"},{"@type":"ListItem","position":3,"name":"Living Room Storage Combination with TV Stand, 250 cm &#8211; Ferrara"}]},{"@type":"WebSite","@id":"https:\/\/donbaraton.es\/#website","url":"https:\/\/donbaraton.es\/","name":"Don Baraton: tienda de sof\u00e1s, muebles y colchones","description":"Sofas baratos desde el almac\u00e9n en Almorad\u00ed, Alicante","publisher":{"@id":"https:\/\/donbaraton.es\/#organization"},"potentialAction":[{"@type":"SearchAction","target":{"@type":"EntryPoint","urlTemplate":"https:\/\/donbaraton.es\/?s={search_term_string}"},"query-input":{"@type":"PropertyValueSpecification","valueRequired":true,"valueName":"search_term_string"}}],"inLanguage":"en-GB"},{"@type":"Organization","@id":"https:\/\/donbaraton.es\/#organization","name":"Don Baraton","url":"https:\/\/donbaraton.es\/","logo":{"@type":"ImageObject","inLanguage":"en-GB","@id":"https:\/\/donbaraton.es\/#\/schema\/logo\/image\/","url":"https:\/\/i0.wp.com\/donbaraton.es\/wp-content\/uploads\/2016\/11\/logo_don_baraton.png?fit=228%2C110&ssl=1","contentUrl":"https:\/\/i0.wp.com\/donbaraton.es\/wp-content\/uploads\/2016\/11\/logo_don_baraton.png?fit=228%2C110&ssl=1","width":228,"height":110,"caption":"Don Baraton"},"image":{"@id":"https:\/\/donbaraton.es\/#\/schema\/logo\/image\/"},"sameAs":["https:\/\/www.facebook.com\/donbaraton.es","https:\/\/x.com\/don_baraton","https:\/\/www.instagram.com\/donbaraton.es","https:\/\/www.linkedin.com\/company\/donbaraton\/","https:\/\/es.pinterest.com\/donbaraton\/","https:\/\/www.youtube.com\/channel\/UCL02HOwx-F759Jq5MedAZfQ"]}]}},"_links":{"self":[{"href":"https:\/\/donbaraton.es\/en\/wp-json\/wp\/v2\/product\/16140","targetHints":{"allow":["GET"]}}],"collection":[{"href":"https:\/\/donbaraton.es\/en\/wp-json\/wp\/v2\/product"}],"about":[{"href":"https:\/\/donbaraton.es\/en\/wp-json\/wp\/v2\/types\/product"}],"replies":[{"embeddable":true,"href":"https:\/\/donbaraton.es\/en\/wp-json\/wp\/v2\/comments?post=16140"}],"wp:featuredmedia":[{"embeddable":true,"href":"https:\/\/donbaraton.es\/en\/wp-json\/wp\/v2\/media\/16114"}],"wp:attachment":[{"href":"https:\/\/donbaraton.es\/en\/wp-json\/wp\/v2\/media?parent=16140"}],"wp:term":[{"taxonomy":"product_brand","embeddable":true,"href":"https:\/\/donbaraton.es\/en\/wp-json\/wp\/v2\/product_brand?post=16140"},{"taxonomy":"product_cat","embeddable":true,"href":"https:\/\/donbaraton.es\/en\/wp-json\/wp\/v2\/product_cat?post=16140"},{"taxonomy":"product_tag","embeddable":true,"href":"https:\/\/donbaraton.es\/en\/wp-json\/wp\/v2\/product_tag?post=16140"}],"curies":[{"name":"wp","href":"https:\/\/api.w.org\/{rel}","templated":true}]}}