{"id":16285,"date":"2019-05-09T20:53:46","date_gmt":"2019-05-09T18:53:46","guid":{"rendered":"https:\/\/donbaraton.es\/producto\/uncategorized\/furniture-combination-small-living-room-201-cm-prato-5\/"},"modified":"2019-12-09T12:34:41","modified_gmt":"2019-12-09T11:34:41","slug":"furniture-combination-small-living-room-201-cm-prato-5","status":"publish","type":"product","link":"https:\/\/donbaraton.es\/en\/p\/furniture-combination-small-living-room-201-cm-prato-5\/","title":{"rendered":"Furniture Combination for Small Living Room, 201 cm &#8211; Prato 5"},"content":{"rendered":"<p><strong>Furniture combination for small living room &#8211; Prato 5. Just 201 cm!<\/strong><\/p>\n<p><strong>Dimensions. Cabinet:<\/strong> height 135 cm, width 66 cm, depth 34.6 cm. <strong>TV stand:<\/strong> width 135 cm, height 45 cm, depth 41.4 cm. <strong>Wall shelf:<\/strong> width 131.9 cm, height 19.5 cm, depth 17.8<\/p>\n<p><strong>Check out the picture of dimensions<\/strong><\/p>\n<p><strong>Assembly service not included<\/strong><\/p>\n","protected":false},"excerpt":{"rendered":"<ul>\n<li>Set of small cabinet, TV stand and shelf<\/li>\n<li>Compact size<\/li>\n<li>High quality MDF<\/li>\n<li>Plastic handles<\/li>\n<\/ul>\n<p><strong>Maximum dimensions:<\/strong> length 201 cm, height 135 cm<\/p>\n","protected":false},"featured_media":16159,"comment_status":"open","ping_status":"closed","template":"","meta":{"_et_pb_use_builder":"","_et_pb_old_content":"","_et_gb_content_width":""},"product_brand":[],"product_cat":[71,263],"product_tag":[],"class_list":{"0":"post-16285","1":"product","2":"type-product","3":"status-publish","4":"has-post-thumbnail","6":"product_cat-furniture","7":"product_cat-living-room-sets","8":"product_shipping_class-articulos-pesado-manufacturing-up-to-10-days","9":"pa_material-mdf-particle-board","11":"first","12":"onbackorder","13":"sale","14":"taxable","15":"shipping-taxable","16":"purchasable","17":"product-type-simple"},"yoast_head":"<!-- This site is optimized with the Yoast SEO plugin v27.2 - https:\/\/yoast.com\/product\/yoast-seo-wordpress\/ -->\n<title>Furniture Combination for Small Living Room, 201 cm - Prato 5 - Don Baraton: tienda de sof\u00e1s, muebles y colchones<\/title>\n<meta name=\"robots\" content=\"index, follow, max-snippet:-1, max-image-preview:large, max-video-preview:-1\" \/>\n<link rel=\"canonical\" href=\"https:\/\/donbaraton.es\/en\/p\/furniture-combination-small-living-room-201-cm-prato-5\/\" \/>\n<meta property=\"og:locale\" content=\"en_GB\" \/>\n<meta property=\"og:type\" content=\"article\" \/>\n<meta property=\"og:title\" content=\"Furniture Combination for Small Living Room, 201 cm - Prato 5 - Don Baraton: tienda de sof\u00e1s, muebles y colchones\" \/>\n<meta property=\"og:description\" content=\"Set of small cabinet, TV stand and shelf  Compact size  High quality MDF  Plastic handles  Maximum dimensions: length 201 cm, height 135 cm\" \/>\n<meta property=\"og:url\" content=\"https:\/\/donbaraton.es\/en\/p\/furniture-combination-small-living-room-201-cm-prato-5\/\" \/>\n<meta property=\"og:site_name\" content=\"Don Baraton: tienda de sof\u00e1s, muebles y colchones\" \/>\n<meta property=\"article:publisher\" content=\"https:\/\/www.facebook.com\/donbaraton.es\" \/>\n<meta property=\"article:modified_time\" content=\"2019-12-09T11:34:41+00:00\" \/>\n<meta property=\"og:image\" content=\"https:\/\/i1.wp.com\/donbaraton.es\/wp-content\/uploads\/2019\/05\/Composici\u00f3n-para-sal\u00f3n-peque\u00f1o-201-cm-Prato-5.jpg?fit=800%2C566&ssl=1\" \/>\n\t<meta property=\"og:image:width\" content=\"800\" \/>\n\t<meta property=\"og:image:height\" content=\"566\" \/>\n\t<meta property=\"og:image:type\" content=\"image\/jpeg\" \/>\n<meta name=\"twitter:card\" content=\"summary_large_image\" \/>\n<meta name=\"twitter:site\" content=\"@don_baraton\" \/>\n<script type=\"application\/ld+json\" class=\"yoast-schema-graph\">{\"@context\":\"https:\/\/schema.org\",\"@graph\":[{\"@type\":\"WebPage\",\"@id\":\"https:\/\/donbaraton.es\/en\/p\/furniture-combination-small-living-room-201-cm-prato-5\/\",\"url\":\"https:\/\/donbaraton.es\/en\/p\/furniture-combination-small-living-room-201-cm-prato-5\/\",\"name\":\"Furniture Combination for Small Living Room, 201 cm - Prato 5 - Don Baraton: tienda de sof\u00e1s, muebles y colchones\",\"isPartOf\":{\"@id\":\"https:\/\/donbaraton.es\/#website\"},\"primaryImageOfPage\":{\"@id\":\"https:\/\/donbaraton.es\/en\/p\/furniture-combination-small-living-room-201-cm-prato-5\/#primaryimage\"},\"image\":{\"@id\":\"https:\/\/donbaraton.es\/en\/p\/furniture-combination-small-living-room-201-cm-prato-5\/#primaryimage\"},\"thumbnailUrl\":\"https:\/\/donbaraton.es\/wp-content\/uploads\/2019\/05\/Composici\u00f3n-para-sal\u00f3n-peque\u00f1o-201-cm-Prato-5.jpg\",\"datePublished\":\"2019-05-09T18:53:46+00:00\",\"dateModified\":\"2019-12-09T11:34:41+00:00\",\"breadcrumb\":{\"@id\":\"https:\/\/donbaraton.es\/en\/p\/furniture-combination-small-living-room-201-cm-prato-5\/#breadcrumb\"},\"inLanguage\":\"en-GB\",\"potentialAction\":[{\"@type\":\"ReadAction\",\"target\":[\"https:\/\/donbaraton.es\/en\/p\/furniture-combination-small-living-room-201-cm-prato-5\/\"]}]},{\"@type\":\"ImageObject\",\"inLanguage\":\"en-GB\",\"@id\":\"https:\/\/donbaraton.es\/en\/p\/furniture-combination-small-living-room-201-cm-prato-5\/#primaryimage\",\"url\":\"https:\/\/donbaraton.es\/wp-content\/uploads\/2019\/05\/Composici\u00f3n-para-sal\u00f3n-peque\u00f1o-201-cm-Prato-5.jpg\",\"contentUrl\":\"https:\/\/donbaraton.es\/wp-content\/uploads\/2019\/05\/Composici\u00f3n-para-sal\u00f3n-peque\u00f1o-201-cm-Prato-5.jpg\",\"width\":800,\"height\":566,\"caption\":\"Furniture Combination for Small Living Room, 201 cm - Prato 5\"},{\"@type\":\"BreadcrumbList\",\"@id\":\"https:\/\/donbaraton.es\/en\/p\/furniture-combination-small-living-room-201-cm-prato-5\/#breadcrumb\",\"itemListElement\":[{\"@type\":\"ListItem\",\"position\":1,\"name\":\"Portada\",\"item\":\"https:\/\/donbaraton.es\/en\/\"},{\"@type\":\"ListItem\",\"position\":2,\"name\":\"Online Shop\",\"item\":\"https:\/\/donbaraton.es\/en\/shop\/\"},{\"@type\":\"ListItem\",\"position\":3,\"name\":\"Furniture Combination for Small Living Room, 201 cm &#8211; Prato 5\"}]},{\"@type\":\"WebSite\",\"@id\":\"https:\/\/donbaraton.es\/#website\",\"url\":\"https:\/\/donbaraton.es\/\",\"name\":\"Don Baraton: tienda de sof\u00e1s, muebles y colchones\",\"description\":\"Sofas baratos desde el almac\u00e9n en Almorad\u00ed, Alicante\",\"publisher\":{\"@id\":\"https:\/\/donbaraton.es\/#organization\"},\"potentialAction\":[{\"@type\":\"SearchAction\",\"target\":{\"@type\":\"EntryPoint\",\"urlTemplate\":\"https:\/\/donbaraton.es\/?s={search_term_string}\"},\"query-input\":{\"@type\":\"PropertyValueSpecification\",\"valueRequired\":true,\"valueName\":\"search_term_string\"}}],\"inLanguage\":\"en-GB\"},{\"@type\":\"Organization\",\"@id\":\"https:\/\/donbaraton.es\/#organization\",\"name\":\"Don Baraton\",\"url\":\"https:\/\/donbaraton.es\/\",\"logo\":{\"@type\":\"ImageObject\",\"inLanguage\":\"en-GB\",\"@id\":\"https:\/\/donbaraton.es\/#\/schema\/logo\/image\/\",\"url\":\"https:\/\/i0.wp.com\/donbaraton.es\/wp-content\/uploads\/2016\/11\/logo_don_baraton.png?fit=228%2C110&ssl=1\",\"contentUrl\":\"https:\/\/i0.wp.com\/donbaraton.es\/wp-content\/uploads\/2016\/11\/logo_don_baraton.png?fit=228%2C110&ssl=1\",\"width\":228,\"height\":110,\"caption\":\"Don Baraton\"},\"image\":{\"@id\":\"https:\/\/donbaraton.es\/#\/schema\/logo\/image\/\"},\"sameAs\":[\"https:\/\/www.facebook.com\/donbaraton.es\",\"https:\/\/x.com\/don_baraton\",\"https:\/\/www.instagram.com\/donbaraton.es\",\"https:\/\/www.linkedin.com\/company\/donbaraton\/\",\"https:\/\/es.pinterest.com\/donbaraton\/\",\"https:\/\/www.youtube.com\/channel\/UCL02HOwx-F759Jq5MedAZfQ\"]}]}<\/script>\n<!-- \/ Yoast SEO plugin. -->","yoast_head_json":{"title":"Furniture Combination for Small Living Room, 201 cm - Prato 5 - Don Baraton: tienda de sof\u00e1s, muebles y colchones","robots":{"index":"index","follow":"follow","max-snippet":"max-snippet:-1","max-image-preview":"max-image-preview:large","max-video-preview":"max-video-preview:-1"},"canonical":"https:\/\/donbaraton.es\/en\/p\/furniture-combination-small-living-room-201-cm-prato-5\/","og_locale":"en_GB","og_type":"article","og_title":"Furniture Combination for Small Living Room, 201 cm - Prato 5 - Don Baraton: tienda de sof\u00e1s, muebles y colchones","og_description":"Set of small cabinet, TV stand and shelf  Compact size  High quality MDF  Plastic handles  Maximum dimensions: length 201 cm, height 135 cm","og_url":"https:\/\/donbaraton.es\/en\/p\/furniture-combination-small-living-room-201-cm-prato-5\/","og_site_name":"Don Baraton: tienda de sof\u00e1s, muebles y colchones","article_publisher":"https:\/\/www.facebook.com\/donbaraton.es","article_modified_time":"2019-12-09T11:34:41+00:00","og_image":[{"width":800,"height":566,"url":"https:\/\/i1.wp.com\/donbaraton.es\/wp-content\/uploads\/2019\/05\/Composici\u00f3n-para-sal\u00f3n-peque\u00f1o-201-cm-Prato-5.jpg?fit=800%2C566&ssl=1","type":"image\/jpeg"}],"twitter_card":"summary_large_image","twitter_site":"@don_baraton","schema":{"@context":"https:\/\/schema.org","@graph":[{"@type":"WebPage","@id":"https:\/\/donbaraton.es\/en\/p\/furniture-combination-small-living-room-201-cm-prato-5\/","url":"https:\/\/donbaraton.es\/en\/p\/furniture-combination-small-living-room-201-cm-prato-5\/","name":"Furniture Combination for Small Living Room, 201 cm - Prato 5 - Don Baraton: tienda de sof\u00e1s, muebles y colchones","isPartOf":{"@id":"https:\/\/donbaraton.es\/#website"},"primaryImageOfPage":{"@id":"https:\/\/donbaraton.es\/en\/p\/furniture-combination-small-living-room-201-cm-prato-5\/#primaryimage"},"image":{"@id":"https:\/\/donbaraton.es\/en\/p\/furniture-combination-small-living-room-201-cm-prato-5\/#primaryimage"},"thumbnailUrl":"https:\/\/donbaraton.es\/wp-content\/uploads\/2019\/05\/Composici\u00f3n-para-sal\u00f3n-peque\u00f1o-201-cm-Prato-5.jpg","datePublished":"2019-05-09T18:53:46+00:00","dateModified":"2019-12-09T11:34:41+00:00","breadcrumb":{"@id":"https:\/\/donbaraton.es\/en\/p\/furniture-combination-small-living-room-201-cm-prato-5\/#breadcrumb"},"inLanguage":"en-GB","potentialAction":[{"@type":"ReadAction","target":["https:\/\/donbaraton.es\/en\/p\/furniture-combination-small-living-room-201-cm-prato-5\/"]}]},{"@type":"ImageObject","inLanguage":"en-GB","@id":"https:\/\/donbaraton.es\/en\/p\/furniture-combination-small-living-room-201-cm-prato-5\/#primaryimage","url":"https:\/\/donbaraton.es\/wp-content\/uploads\/2019\/05\/Composici\u00f3n-para-sal\u00f3n-peque\u00f1o-201-cm-Prato-5.jpg","contentUrl":"https:\/\/donbaraton.es\/wp-content\/uploads\/2019\/05\/Composici\u00f3n-para-sal\u00f3n-peque\u00f1o-201-cm-Prato-5.jpg","width":800,"height":566,"caption":"Furniture Combination for Small Living Room, 201 cm - Prato 5"},{"@type":"BreadcrumbList","@id":"https:\/\/donbaraton.es\/en\/p\/furniture-combination-small-living-room-201-cm-prato-5\/#breadcrumb","itemListElement":[{"@type":"ListItem","position":1,"name":"Portada","item":"https:\/\/donbaraton.es\/en\/"},{"@type":"ListItem","position":2,"name":"Online Shop","item":"https:\/\/donbaraton.es\/en\/shop\/"},{"@type":"ListItem","position":3,"name":"Furniture Combination for Small Living Room, 201 cm &#8211; Prato 5"}]},{"@type":"WebSite","@id":"https:\/\/donbaraton.es\/#website","url":"https:\/\/donbaraton.es\/","name":"Don Baraton: tienda de sof\u00e1s, muebles y colchones","description":"Sofas baratos desde el almac\u00e9n en Almorad\u00ed, Alicante","publisher":{"@id":"https:\/\/donbaraton.es\/#organization"},"potentialAction":[{"@type":"SearchAction","target":{"@type":"EntryPoint","urlTemplate":"https:\/\/donbaraton.es\/?s={search_term_string}"},"query-input":{"@type":"PropertyValueSpecification","valueRequired":true,"valueName":"search_term_string"}}],"inLanguage":"en-GB"},{"@type":"Organization","@id":"https:\/\/donbaraton.es\/#organization","name":"Don Baraton","url":"https:\/\/donbaraton.es\/","logo":{"@type":"ImageObject","inLanguage":"en-GB","@id":"https:\/\/donbaraton.es\/#\/schema\/logo\/image\/","url":"https:\/\/i0.wp.com\/donbaraton.es\/wp-content\/uploads\/2016\/11\/logo_don_baraton.png?fit=228%2C110&ssl=1","contentUrl":"https:\/\/i0.wp.com\/donbaraton.es\/wp-content\/uploads\/2016\/11\/logo_don_baraton.png?fit=228%2C110&ssl=1","width":228,"height":110,"caption":"Don Baraton"},"image":{"@id":"https:\/\/donbaraton.es\/#\/schema\/logo\/image\/"},"sameAs":["https:\/\/www.facebook.com\/donbaraton.es","https:\/\/x.com\/don_baraton","https:\/\/www.instagram.com\/donbaraton.es","https:\/\/www.linkedin.com\/company\/donbaraton\/","https:\/\/es.pinterest.com\/donbaraton\/","https:\/\/www.youtube.com\/channel\/UCL02HOwx-F759Jq5MedAZfQ"]}]}},"_links":{"self":[{"href":"https:\/\/donbaraton.es\/en\/wp-json\/wp\/v2\/product\/16285","targetHints":{"allow":["GET"]}}],"collection":[{"href":"https:\/\/donbaraton.es\/en\/wp-json\/wp\/v2\/product"}],"about":[{"href":"https:\/\/donbaraton.es\/en\/wp-json\/wp\/v2\/types\/product"}],"replies":[{"embeddable":true,"href":"https:\/\/donbaraton.es\/en\/wp-json\/wp\/v2\/comments?post=16285"}],"wp:featuredmedia":[{"embeddable":true,"href":"https:\/\/donbaraton.es\/en\/wp-json\/wp\/v2\/media\/16159"}],"wp:attachment":[{"href":"https:\/\/donbaraton.es\/en\/wp-json\/wp\/v2\/media?parent=16285"}],"wp:term":[{"taxonomy":"product_brand","embeddable":true,"href":"https:\/\/donbaraton.es\/en\/wp-json\/wp\/v2\/product_brand?post=16285"},{"taxonomy":"product_cat","embeddable":true,"href":"https:\/\/donbaraton.es\/en\/wp-json\/wp\/v2\/product_cat?post=16285"},{"taxonomy":"product_tag","embeddable":true,"href":"https:\/\/donbaraton.es\/en\/wp-json\/wp\/v2\/product_tag?post=16285"}],"curies":[{"name":"wp","href":"https:\/\/api.w.org\/{rel}","templated":true}]}}