{"id":16583,"date":"2019-06-01T15:16:46","date_gmt":"2019-06-01T13:16:47","guid":{"rendered":"https:\/\/donbaraton.es\/?post_type=product&#038;p=16583"},"modified":"2022-02-25T20:21:24","modified_gmt":"2022-02-25T19:21:24","slug":"dining-set-rectangular-table-130-80-4-chairs-white-black-bergen","status":"publish","type":"product","link":"https:\/\/donbaraton.es\/en\/p\/dining-set-rectangular-table-130-80-4-chairs-white-black-bergen\/","title":{"rendered":"Dining Set &#8211; Rectangular Table 130 x 80 cm and 4 Chairs in White or Black &#8211; Bergen"},"content":{"rendered":"<p><strong>Dining set round &#8211; rectangular table 130 x 80 cm and four chairs &#8211; Bergen<\/strong><\/p>\n<p>Available in 2 colours:<\/p>\n<ul>\n<li>White<\/li>\n<li>Black<\/li>\n<\/ul>\n<p><strong>Dimensions.<\/strong> <strong>Table:<\/strong> length 130 cm, width 80 cm, height 76 cm. <strong>Chair:<\/strong> height 84 cm, width 45 cm, depth 45 cm.<\/p>\n<p><strong>Assembly service not included<\/strong><\/p>\n","protected":false},"excerpt":{"rendered":"<ul>\n<li>Modern design<\/li>\n<li>Chairs and table with the same design<\/li>\n<li>Wooden legs<\/li>\n<li>White or back colour to choose from<\/li>\n<li><a href=\"https:\/\/donbaraton.es\/en\/producto\/furniture\/chairs\/comfortable-chair-wooden-legs-metal-supports-bergen\/\">Chairs<\/a> and <a href=\"https:\/\/donbaraton.es\/en\/producto\/furniture\/rectangular-dining-table-130-80-cm-wooden-legs-bergen\/\">table<\/a> can be bought separately<\/li>\n<\/ul>\n<p><strong>Dimensions.<\/strong> <strong>Table:<\/strong> length 130 cm, width 80 cm, height 76 cm. <strong>Chair:<\/strong> height 84 cm, width 45 cm, depth 45 cm<\/p>\n","protected":false},"featured_media":16594,"comment_status":"open","ping_status":"closed","template":"","meta":{"_et_pb_use_builder":"","_et_pb_old_content":"","_et_gb_content_width":""},"product_brand":[],"product_cat":[279,71],"product_tag":[],"class_list":{"0":"post-16583","1":"product","2":"type-product","3":"status-publish","4":"has-post-thumbnail","6":"product_cat-dining-sets","7":"product_cat-furniture","8":"product_shipping_class-mas-de-20-kg-fabricacion-hasta-43-dias","10":"first","11":"outofstock","12":"taxable","13":"shipping-taxable","14":"purchasable","15":"product-type-variable"},"yoast_head":"<!-- This site is optimized with the Yoast SEO plugin v27.2 - https:\/\/yoast.com\/product\/yoast-seo-wordpress\/ -->\n<title>Dining Set - Rectangular Table 130 x 80 cm and 4 Chairs in White or Black - Bergen - Don Baraton: tienda de sof\u00e1s, muebles y colchones<\/title>\n<meta name=\"robots\" content=\"index, follow, max-snippet:-1, max-image-preview:large, max-video-preview:-1\" \/>\n<link rel=\"canonical\" href=\"https:\/\/donbaraton.es\/en\/p\/dining-set-rectangular-table-130-80-4-chairs-white-black-bergen\/\" \/>\n<meta property=\"og:locale\" content=\"en_GB\" \/>\n<meta property=\"og:type\" content=\"article\" \/>\n<meta property=\"og:title\" content=\"Dining Set - Rectangular Table 130 x 80 cm and 4 Chairs in White or Black - Bergen - Don Baraton: tienda de sof\u00e1s, muebles y colchones\" \/>\n<meta property=\"og:description\" content=\"Modern design  Chairs and table with the same design  Wooden legs  White or back colour to choose from  Chairs and table can be bought separately  Dimensions. Table: length 130 cm, width 80 cm, height 76 cm. Chair: height 84 cm, width 45 cm, depth 45 cm\" \/>\n<meta property=\"og:url\" content=\"https:\/\/donbaraton.es\/en\/p\/dining-set-rectangular-table-130-80-4-chairs-white-black-bergen\/\" \/>\n<meta property=\"og:site_name\" content=\"Don Baraton: tienda de sof\u00e1s, muebles y colchones\" \/>\n<meta property=\"article:publisher\" content=\"https:\/\/www.facebook.com\/donbaraton.es\" \/>\n<meta property=\"article:modified_time\" content=\"2022-02-25T19:21:24+00:00\" \/>\n<meta property=\"og:image\" content=\"https:\/\/i0.wp.com\/donbaraton.es\/wp-content\/uploads\/2019\/06\/Conjunto-comedor-de-mesa-rectangular-y-4-sillas-en-color-blanco-Bergen.jpg?fit=800%2C600&ssl=1\" \/>\n\t<meta property=\"og:image:width\" content=\"800\" \/>\n\t<meta property=\"og:image:height\" content=\"600\" \/>\n\t<meta property=\"og:image:type\" content=\"image\/jpeg\" \/>\n<meta name=\"twitter:card\" content=\"summary_large_image\" \/>\n<meta name=\"twitter:site\" content=\"@don_baraton\" \/>\n<script type=\"application\/ld+json\" class=\"yoast-schema-graph\">{\"@context\":\"https:\/\/schema.org\",\"@graph\":[{\"@type\":\"WebPage\",\"@id\":\"https:\/\/donbaraton.es\/en\/p\/dining-set-rectangular-table-130-80-4-chairs-white-black-bergen\/\",\"url\":\"https:\/\/donbaraton.es\/en\/p\/dining-set-rectangular-table-130-80-4-chairs-white-black-bergen\/\",\"name\":\"Dining Set - Rectangular Table 130 x 80 cm and 4 Chairs in White or Black - Bergen - Don Baraton: tienda de sof\u00e1s, muebles y colchones\",\"isPartOf\":{\"@id\":\"https:\/\/donbaraton.es\/#website\"},\"primaryImageOfPage\":{\"@id\":\"https:\/\/donbaraton.es\/en\/p\/dining-set-rectangular-table-130-80-4-chairs-white-black-bergen\/#primaryimage\"},\"image\":{\"@id\":\"https:\/\/donbaraton.es\/en\/p\/dining-set-rectangular-table-130-80-4-chairs-white-black-bergen\/#primaryimage\"},\"thumbnailUrl\":\"https:\/\/donbaraton.es\/wp-content\/uploads\/2019\/06\/Conjunto-comedor-de-mesa-rectangular-y-4-sillas-en-color-blanco-Bergen.jpg\",\"datePublished\":\"2019-06-01T13:16:47+00:00\",\"dateModified\":\"2022-02-25T19:21:24+00:00\",\"breadcrumb\":{\"@id\":\"https:\/\/donbaraton.es\/en\/p\/dining-set-rectangular-table-130-80-4-chairs-white-black-bergen\/#breadcrumb\"},\"inLanguage\":\"en-GB\",\"potentialAction\":[{\"@type\":\"ReadAction\",\"target\":[\"https:\/\/donbaraton.es\/en\/p\/dining-set-rectangular-table-130-80-4-chairs-white-black-bergen\/\"]}]},{\"@type\":\"ImageObject\",\"inLanguage\":\"en-GB\",\"@id\":\"https:\/\/donbaraton.es\/en\/p\/dining-set-rectangular-table-130-80-4-chairs-white-black-bergen\/#primaryimage\",\"url\":\"https:\/\/donbaraton.es\/wp-content\/uploads\/2019\/06\/Conjunto-comedor-de-mesa-rectangular-y-4-sillas-en-color-blanco-Bergen.jpg\",\"contentUrl\":\"https:\/\/donbaraton.es\/wp-content\/uploads\/2019\/06\/Conjunto-comedor-de-mesa-rectangular-y-4-sillas-en-color-blanco-Bergen.jpg\",\"width\":800,\"height\":600,\"caption\":\"White Dining Set - Rectangular Table 130 x 80 cm and 4 Chairs - Bergen\"},{\"@type\":\"BreadcrumbList\",\"@id\":\"https:\/\/donbaraton.es\/en\/p\/dining-set-rectangular-table-130-80-4-chairs-white-black-bergen\/#breadcrumb\",\"itemListElement\":[{\"@type\":\"ListItem\",\"position\":1,\"name\":\"Portada\",\"item\":\"https:\/\/donbaraton.es\/en\/\"},{\"@type\":\"ListItem\",\"position\":2,\"name\":\"Online Shop\",\"item\":\"https:\/\/donbaraton.es\/en\/shop\/\"},{\"@type\":\"ListItem\",\"position\":3,\"name\":\"Dining Set &#8211; Rectangular Table 130 x 80 cm and 4 Chairs in White or Black &#8211; Bergen\"}]},{\"@type\":\"WebSite\",\"@id\":\"https:\/\/donbaraton.es\/#website\",\"url\":\"https:\/\/donbaraton.es\/\",\"name\":\"Don Baraton: tienda de sof\u00e1s, muebles y colchones\",\"description\":\"Sofas baratos desde el almac\u00e9n en Almorad\u00ed, Alicante\",\"publisher\":{\"@id\":\"https:\/\/donbaraton.es\/#organization\"},\"potentialAction\":[{\"@type\":\"SearchAction\",\"target\":{\"@type\":\"EntryPoint\",\"urlTemplate\":\"https:\/\/donbaraton.es\/?s={search_term_string}\"},\"query-input\":{\"@type\":\"PropertyValueSpecification\",\"valueRequired\":true,\"valueName\":\"search_term_string\"}}],\"inLanguage\":\"en-GB\"},{\"@type\":\"Organization\",\"@id\":\"https:\/\/donbaraton.es\/#organization\",\"name\":\"Don Baraton\",\"url\":\"https:\/\/donbaraton.es\/\",\"logo\":{\"@type\":\"ImageObject\",\"inLanguage\":\"en-GB\",\"@id\":\"https:\/\/donbaraton.es\/#\/schema\/logo\/image\/\",\"url\":\"https:\/\/i0.wp.com\/donbaraton.es\/wp-content\/uploads\/2016\/11\/logo_don_baraton.png?fit=228%2C110&ssl=1\",\"contentUrl\":\"https:\/\/i0.wp.com\/donbaraton.es\/wp-content\/uploads\/2016\/11\/logo_don_baraton.png?fit=228%2C110&ssl=1\",\"width\":228,\"height\":110,\"caption\":\"Don Baraton\"},\"image\":{\"@id\":\"https:\/\/donbaraton.es\/#\/schema\/logo\/image\/\"},\"sameAs\":[\"https:\/\/www.facebook.com\/donbaraton.es\",\"https:\/\/x.com\/don_baraton\",\"https:\/\/www.instagram.com\/donbaraton.es\",\"https:\/\/www.linkedin.com\/company\/donbaraton\/\",\"https:\/\/es.pinterest.com\/donbaraton\/\",\"https:\/\/www.youtube.com\/channel\/UCL02HOwx-F759Jq5MedAZfQ\"]}]}<\/script>\n<!-- \/ Yoast SEO plugin. -->","yoast_head_json":{"title":"Dining Set - Rectangular Table 130 x 80 cm and 4 Chairs in White or Black - Bergen - Don Baraton: tienda de sof\u00e1s, muebles y colchones","robots":{"index":"index","follow":"follow","max-snippet":"max-snippet:-1","max-image-preview":"max-image-preview:large","max-video-preview":"max-video-preview:-1"},"canonical":"https:\/\/donbaraton.es\/en\/p\/dining-set-rectangular-table-130-80-4-chairs-white-black-bergen\/","og_locale":"en_GB","og_type":"article","og_title":"Dining Set - Rectangular Table 130 x 80 cm and 4 Chairs in White or Black - Bergen - Don Baraton: tienda de sof\u00e1s, muebles y colchones","og_description":"Modern design  Chairs and table with the same design  Wooden legs  White or back colour to choose from  Chairs and table can be bought separately  Dimensions. Table: length 130 cm, width 80 cm, height 76 cm. Chair: height 84 cm, width 45 cm, depth 45 cm","og_url":"https:\/\/donbaraton.es\/en\/p\/dining-set-rectangular-table-130-80-4-chairs-white-black-bergen\/","og_site_name":"Don Baraton: tienda de sof\u00e1s, muebles y colchones","article_publisher":"https:\/\/www.facebook.com\/donbaraton.es","article_modified_time":"2022-02-25T19:21:24+00:00","og_image":[{"width":800,"height":600,"url":"https:\/\/i0.wp.com\/donbaraton.es\/wp-content\/uploads\/2019\/06\/Conjunto-comedor-de-mesa-rectangular-y-4-sillas-en-color-blanco-Bergen.jpg?fit=800%2C600&ssl=1","type":"image\/jpeg"}],"twitter_card":"summary_large_image","twitter_site":"@don_baraton","schema":{"@context":"https:\/\/schema.org","@graph":[{"@type":"WebPage","@id":"https:\/\/donbaraton.es\/en\/p\/dining-set-rectangular-table-130-80-4-chairs-white-black-bergen\/","url":"https:\/\/donbaraton.es\/en\/p\/dining-set-rectangular-table-130-80-4-chairs-white-black-bergen\/","name":"Dining Set - Rectangular Table 130 x 80 cm and 4 Chairs in White or Black - Bergen - Don Baraton: tienda de sof\u00e1s, muebles y colchones","isPartOf":{"@id":"https:\/\/donbaraton.es\/#website"},"primaryImageOfPage":{"@id":"https:\/\/donbaraton.es\/en\/p\/dining-set-rectangular-table-130-80-4-chairs-white-black-bergen\/#primaryimage"},"image":{"@id":"https:\/\/donbaraton.es\/en\/p\/dining-set-rectangular-table-130-80-4-chairs-white-black-bergen\/#primaryimage"},"thumbnailUrl":"https:\/\/donbaraton.es\/wp-content\/uploads\/2019\/06\/Conjunto-comedor-de-mesa-rectangular-y-4-sillas-en-color-blanco-Bergen.jpg","datePublished":"2019-06-01T13:16:47+00:00","dateModified":"2022-02-25T19:21:24+00:00","breadcrumb":{"@id":"https:\/\/donbaraton.es\/en\/p\/dining-set-rectangular-table-130-80-4-chairs-white-black-bergen\/#breadcrumb"},"inLanguage":"en-GB","potentialAction":[{"@type":"ReadAction","target":["https:\/\/donbaraton.es\/en\/p\/dining-set-rectangular-table-130-80-4-chairs-white-black-bergen\/"]}]},{"@type":"ImageObject","inLanguage":"en-GB","@id":"https:\/\/donbaraton.es\/en\/p\/dining-set-rectangular-table-130-80-4-chairs-white-black-bergen\/#primaryimage","url":"https:\/\/donbaraton.es\/wp-content\/uploads\/2019\/06\/Conjunto-comedor-de-mesa-rectangular-y-4-sillas-en-color-blanco-Bergen.jpg","contentUrl":"https:\/\/donbaraton.es\/wp-content\/uploads\/2019\/06\/Conjunto-comedor-de-mesa-rectangular-y-4-sillas-en-color-blanco-Bergen.jpg","width":800,"height":600,"caption":"White Dining Set - Rectangular Table 130 x 80 cm and 4 Chairs - Bergen"},{"@type":"BreadcrumbList","@id":"https:\/\/donbaraton.es\/en\/p\/dining-set-rectangular-table-130-80-4-chairs-white-black-bergen\/#breadcrumb","itemListElement":[{"@type":"ListItem","position":1,"name":"Portada","item":"https:\/\/donbaraton.es\/en\/"},{"@type":"ListItem","position":2,"name":"Online Shop","item":"https:\/\/donbaraton.es\/en\/shop\/"},{"@type":"ListItem","position":3,"name":"Dining Set &#8211; Rectangular Table 130 x 80 cm and 4 Chairs in White or Black &#8211; Bergen"}]},{"@type":"WebSite","@id":"https:\/\/donbaraton.es\/#website","url":"https:\/\/donbaraton.es\/","name":"Don Baraton: tienda de sof\u00e1s, muebles y colchones","description":"Sofas baratos desde el almac\u00e9n en Almorad\u00ed, Alicante","publisher":{"@id":"https:\/\/donbaraton.es\/#organization"},"potentialAction":[{"@type":"SearchAction","target":{"@type":"EntryPoint","urlTemplate":"https:\/\/donbaraton.es\/?s={search_term_string}"},"query-input":{"@type":"PropertyValueSpecification","valueRequired":true,"valueName":"search_term_string"}}],"inLanguage":"en-GB"},{"@type":"Organization","@id":"https:\/\/donbaraton.es\/#organization","name":"Don Baraton","url":"https:\/\/donbaraton.es\/","logo":{"@type":"ImageObject","inLanguage":"en-GB","@id":"https:\/\/donbaraton.es\/#\/schema\/logo\/image\/","url":"https:\/\/i0.wp.com\/donbaraton.es\/wp-content\/uploads\/2016\/11\/logo_don_baraton.png?fit=228%2C110&ssl=1","contentUrl":"https:\/\/i0.wp.com\/donbaraton.es\/wp-content\/uploads\/2016\/11\/logo_don_baraton.png?fit=228%2C110&ssl=1","width":228,"height":110,"caption":"Don Baraton"},"image":{"@id":"https:\/\/donbaraton.es\/#\/schema\/logo\/image\/"},"sameAs":["https:\/\/www.facebook.com\/donbaraton.es","https:\/\/x.com\/don_baraton","https:\/\/www.instagram.com\/donbaraton.es","https:\/\/www.linkedin.com\/company\/donbaraton\/","https:\/\/es.pinterest.com\/donbaraton\/","https:\/\/www.youtube.com\/channel\/UCL02HOwx-F759Jq5MedAZfQ"]}]}},"_links":{"self":[{"href":"https:\/\/donbaraton.es\/en\/wp-json\/wp\/v2\/product\/16583","targetHints":{"allow":["GET"]}}],"collection":[{"href":"https:\/\/donbaraton.es\/en\/wp-json\/wp\/v2\/product"}],"about":[{"href":"https:\/\/donbaraton.es\/en\/wp-json\/wp\/v2\/types\/product"}],"replies":[{"embeddable":true,"href":"https:\/\/donbaraton.es\/en\/wp-json\/wp\/v2\/comments?post=16583"}],"wp:featuredmedia":[{"embeddable":true,"href":"https:\/\/donbaraton.es\/en\/wp-json\/wp\/v2\/media\/16594"}],"wp:attachment":[{"href":"https:\/\/donbaraton.es\/en\/wp-json\/wp\/v2\/media?parent=16583"}],"wp:term":[{"taxonomy":"product_brand","embeddable":true,"href":"https:\/\/donbaraton.es\/en\/wp-json\/wp\/v2\/product_brand?post=16583"},{"taxonomy":"product_cat","embeddable":true,"href":"https:\/\/donbaraton.es\/en\/wp-json\/wp\/v2\/product_cat?post=16583"},{"taxonomy":"product_tag","embeddable":true,"href":"https:\/\/donbaraton.es\/en\/wp-json\/wp\/v2\/product_tag?post=16583"}],"curies":[{"name":"wp","href":"https:\/\/api.w.org\/{rel}","templated":true}]}}