{"id":16605,"date":"2019-08-24T18:00:14","date_gmt":"2019-06-02T13:53:36","guid":{"rendered":"https:\/\/donbaraton.es\/?post_type=product&#038;p=16605"},"modified":"2021-01-31T21:47:15","modified_gmt":"2021-01-31T20:47:15","slug":"extendable-dining-table-140-180-90-cm-glass-inserts-catania","status":"publish","type":"product","link":"https:\/\/donbaraton.es\/en\/p\/extendable-dining-table-140-180-90-cm-glass-inserts-catania\/","title":{"rendered":"Extendable Dining Table 140-180 x 90 cm with 2 Glass Inserts &#8211; Catania"},"content":{"rendered":"<p><strong>Extendable dining table 140-180 x 90 cm with two glass inserts &#8211; Catania<\/strong><\/p>\n<p>Available in four colours:<\/p>\n<ul>\n<li>Cherry tree<\/li>\n<li>Wengue<\/li>\n<li>White<\/li>\n<li>Oak<\/li>\n<\/ul>\n<p>This table can be combined with some chairs we offer, please check out these examples:<\/p>\n<ul>\n<li>\n<p class=\"product_title entry-title\"><a href=\"https:\/\/donbaraton.es\/en\/p\/modern-dining-room-set-extendable-table-4-upholstered-chairs-catania-aspe\/\"><strong>Modern Dining Room Set with Extendable Table and 4 Upholstered Chairs \u2013 Catania \/ Aspe<\/strong><\/a><\/p>\n<\/li>\n<li>\n<p class=\"product_title entry-title\"><a href=\"https:\/\/donbaraton.es\/en\/p\/dining-room-set-oak-black-rectangular-extendable-table-4-chairs-catania-reus\/\"><strong>Dining Room Set in Oak and Black with Rectangular Extendable Table and 4 Chairs \u2013 Catania \/ Reus<\/strong><\/a><\/p>\n<\/li>\n<\/ul>\n<p><strong>Dimensions:<\/strong> length 140-180 cm, width 90 cm, height 75 cm<\/p>\n<p><strong>Assembly service not included<\/strong><\/p>\n","protected":false},"excerpt":{"rendered":"<ul>\n<li>Extendable rectangular table<\/li>\n<li>2 glass inserts on top<\/li>\n<li>Square base legs<\/li>\n<li>4 colours to choose from<\/li>\n<\/ul>\n<p><strong>Dimensions:<\/strong> length 140-180 cm, width 90 cm, height 75 cm<\/p>\n","protected":false},"featured_media":16616,"comment_status":"open","ping_status":"closed","template":"","meta":{"_et_pb_use_builder":"","_et_pb_old_content":"","_et_gb_content_width":""},"product_brand":[],"product_cat":[71,276],"product_tag":[],"class_list":{"0":"post-16605","1":"product","2":"type-product","3":"status-publish","4":"has-post-thumbnail","6":"product_cat-furniture","7":"product_cat-tables","8":"product_shipping_class-3-20-kg-hasta-10-dias","10":"first","11":"onbackorder","12":"sale","13":"taxable","14":"shipping-taxable","15":"product-type-variable"},"yoast_head":"<!-- This site is optimized with the Yoast SEO plugin v27.5 - https:\/\/yoast.com\/product\/yoast-seo-wordpress\/ -->\n<title>Extendable Dining Table 140-180 x 90 cm with 2 Glass Inserts - Catania - Don Baraton: tienda de sof\u00e1s, muebles y colchones<\/title>\n<meta name=\"robots\" content=\"index, follow, max-snippet:-1, max-image-preview:large, max-video-preview:-1\" \/>\n<link rel=\"canonical\" href=\"https:\/\/donbaraton.es\/en\/p\/extendable-dining-table-140-180-90-cm-glass-inserts-catania\/\" \/>\n<meta property=\"og:locale\" content=\"en_GB\" \/>\n<meta property=\"og:type\" content=\"article\" \/>\n<meta property=\"og:title\" content=\"Extendable Dining Table 140-180 x 90 cm with 2 Glass Inserts - Catania - Don Baraton: tienda de sof\u00e1s, muebles y colchones\" \/>\n<meta property=\"og:description\" content=\"Extendable rectangular table  2 glass inserts on top  Square base legs  4 colours to choose from  Dimensions: length 140-180 cm, width 90 cm, height 75 cm\" \/>\n<meta property=\"og:url\" content=\"https:\/\/donbaraton.es\/en\/p\/extendable-dining-table-140-180-90-cm-glass-inserts-catania\/\" \/>\n<meta property=\"og:site_name\" content=\"Don Baraton: tienda de sof\u00e1s, muebles y colchones\" \/>\n<meta property=\"article:publisher\" content=\"https:\/\/www.facebook.com\/donbaraton.es\" \/>\n<meta property=\"article:modified_time\" content=\"2021-01-31T20:47:15+00:00\" \/>\n<meta property=\"og:image\" content=\"https:\/\/i0.wp.com\/donbaraton.es\/wp-content\/uploads\/2019\/06\/Mesa-extensible-rectangular-140-180-x-90-cm-con-2-cristales-decorativos-Catania.-Color-marr\u00f3n-oscuro-wengue.jpg?fit=800%2C577&ssl=1\" \/>\n\t<meta property=\"og:image:width\" content=\"800\" \/>\n\t<meta property=\"og:image:height\" content=\"577\" \/>\n\t<meta property=\"og:image:type\" content=\"image\/jpeg\" \/>\n<meta name=\"twitter:card\" content=\"summary_large_image\" \/>\n<meta name=\"twitter:site\" content=\"@don_baraton\" \/>\n<script type=\"application\/ld+json\" class=\"yoast-schema-graph\">{\"@context\":\"https:\\\/\\\/schema.org\",\"@graph\":[{\"@type\":\"WebPage\",\"@id\":\"https:\\\/\\\/donbaraton.es\\\/en\\\/p\\\/extendable-dining-table-140-180-90-cm-glass-inserts-catania\\\/\",\"url\":\"https:\\\/\\\/donbaraton.es\\\/en\\\/p\\\/extendable-dining-table-140-180-90-cm-glass-inserts-catania\\\/\",\"name\":\"Extendable Dining Table 140-180 x 90 cm with 2 Glass Inserts - Catania - Don Baraton: tienda de sof\u00e1s, muebles y colchones\",\"isPartOf\":{\"@id\":\"https:\\\/\\\/donbaraton.es\\\/#website\"},\"primaryImageOfPage\":{\"@id\":\"https:\\\/\\\/donbaraton.es\\\/en\\\/p\\\/extendable-dining-table-140-180-90-cm-glass-inserts-catania\\\/#primaryimage\"},\"image\":{\"@id\":\"https:\\\/\\\/donbaraton.es\\\/en\\\/p\\\/extendable-dining-table-140-180-90-cm-glass-inserts-catania\\\/#primaryimage\"},\"thumbnailUrl\":\"https:\\\/\\\/donbaraton.es\\\/wp-content\\\/uploads\\\/2019\\\/06\\\/Mesa-extensible-rectangular-140-180-x-90-cm-con-2-cristales-decorativos-Catania.-Color-marr\u00f3n-oscuro-wengue.jpg\",\"datePublished\":\"2019-06-02T13:53:36+00:00\",\"dateModified\":\"2021-01-31T20:47:15+00:00\",\"breadcrumb\":{\"@id\":\"https:\\\/\\\/donbaraton.es\\\/en\\\/p\\\/extendable-dining-table-140-180-90-cm-glass-inserts-catania\\\/#breadcrumb\"},\"inLanguage\":\"en-GB\",\"potentialAction\":[{\"@type\":\"ReadAction\",\"target\":[\"https:\\\/\\\/donbaraton.es\\\/en\\\/p\\\/extendable-dining-table-140-180-90-cm-glass-inserts-catania\\\/\"]}]},{\"@type\":\"ImageObject\",\"inLanguage\":\"en-GB\",\"@id\":\"https:\\\/\\\/donbaraton.es\\\/en\\\/p\\\/extendable-dining-table-140-180-90-cm-glass-inserts-catania\\\/#primaryimage\",\"url\":\"https:\\\/\\\/donbaraton.es\\\/wp-content\\\/uploads\\\/2019\\\/06\\\/Mesa-extensible-rectangular-140-180-x-90-cm-con-2-cristales-decorativos-Catania.-Color-marr\u00f3n-oscuro-wengue.jpg\",\"contentUrl\":\"https:\\\/\\\/donbaraton.es\\\/wp-content\\\/uploads\\\/2019\\\/06\\\/Mesa-extensible-rectangular-140-180-x-90-cm-con-2-cristales-decorativos-Catania.-Color-marr\u00f3n-oscuro-wengue.jpg\",\"width\":800,\"height\":577,\"caption\":\"Dark Brown (Wengue) Extendable Dining Table 140-180 x 90 cm with 2 Glass Inserts - Catania\"},{\"@type\":\"BreadcrumbList\",\"@id\":\"https:\\\/\\\/donbaraton.es\\\/en\\\/p\\\/extendable-dining-table-140-180-90-cm-glass-inserts-catania\\\/#breadcrumb\",\"itemListElement\":[{\"@type\":\"ListItem\",\"position\":1,\"name\":\"Portada\",\"item\":\"https:\\\/\\\/donbaraton.es\\\/en\\\/\"},{\"@type\":\"ListItem\",\"position\":2,\"name\":\"Online Shop\",\"item\":\"https:\\\/\\\/donbaraton.es\\\/en\\\/shop\\\/\"},{\"@type\":\"ListItem\",\"position\":3,\"name\":\"Extendable Dining Table 140-180 x 90 cm with 2 Glass Inserts &#8211; Catania\"}]},{\"@type\":\"WebSite\",\"@id\":\"https:\\\/\\\/donbaraton.es\\\/#website\",\"url\":\"https:\\\/\\\/donbaraton.es\\\/\",\"name\":\"Don Baraton: tienda de sof\u00e1s, muebles y colchones\",\"description\":\"Sofas baratos desde el almac\u00e9n en Almorad\u00ed, Alicante\",\"publisher\":{\"@id\":\"https:\\\/\\\/donbaraton.es\\\/#organization\"},\"potentialAction\":[{\"@type\":\"SearchAction\",\"target\":{\"@type\":\"EntryPoint\",\"urlTemplate\":\"https:\\\/\\\/donbaraton.es\\\/?s={search_term_string}\"},\"query-input\":{\"@type\":\"PropertyValueSpecification\",\"valueRequired\":true,\"valueName\":\"search_term_string\"}}],\"inLanguage\":\"en-GB\"},{\"@type\":\"Organization\",\"@id\":\"https:\\\/\\\/donbaraton.es\\\/#organization\",\"name\":\"Don Baraton\",\"url\":\"https:\\\/\\\/donbaraton.es\\\/\",\"logo\":{\"@type\":\"ImageObject\",\"inLanguage\":\"en-GB\",\"@id\":\"https:\\\/\\\/donbaraton.es\\\/#\\\/schema\\\/logo\\\/image\\\/\",\"url\":\"https:\\\/\\\/i0.wp.com\\\/donbaraton.es\\\/wp-content\\\/uploads\\\/2016\\\/11\\\/logo_don_baraton.png?fit=228%2C110&ssl=1\",\"contentUrl\":\"https:\\\/\\\/i0.wp.com\\\/donbaraton.es\\\/wp-content\\\/uploads\\\/2016\\\/11\\\/logo_don_baraton.png?fit=228%2C110&ssl=1\",\"width\":228,\"height\":110,\"caption\":\"Don Baraton\"},\"image\":{\"@id\":\"https:\\\/\\\/donbaraton.es\\\/#\\\/schema\\\/logo\\\/image\\\/\"},\"sameAs\":[\"https:\\\/\\\/www.facebook.com\\\/donbaraton.es\",\"https:\\\/\\\/x.com\\\/don_baraton\",\"https:\\\/\\\/www.instagram.com\\\/donbaraton.es\",\"https:\\\/\\\/www.linkedin.com\\\/company\\\/donbaraton\\\/\",\"https:\\\/\\\/es.pinterest.com\\\/donbaraton\\\/\",\"https:\\\/\\\/www.youtube.com\\\/channel\\\/UCL02HOwx-F759Jq5MedAZfQ\"]}]}<\/script>\n<!-- \/ Yoast SEO plugin. -->","yoast_head_json":{"title":"Extendable Dining Table 140-180 x 90 cm with 2 Glass Inserts - Catania - Don Baraton: tienda de sof\u00e1s, muebles y colchones","robots":{"index":"index","follow":"follow","max-snippet":"max-snippet:-1","max-image-preview":"max-image-preview:large","max-video-preview":"max-video-preview:-1"},"canonical":"https:\/\/donbaraton.es\/en\/p\/extendable-dining-table-140-180-90-cm-glass-inserts-catania\/","og_locale":"en_GB","og_type":"article","og_title":"Extendable Dining Table 140-180 x 90 cm with 2 Glass Inserts - Catania - Don Baraton: tienda de sof\u00e1s, muebles y colchones","og_description":"Extendable rectangular table  2 glass inserts on top  Square base legs  4 colours to choose from  Dimensions: length 140-180 cm, width 90 cm, height 75 cm","og_url":"https:\/\/donbaraton.es\/en\/p\/extendable-dining-table-140-180-90-cm-glass-inserts-catania\/","og_site_name":"Don Baraton: tienda de sof\u00e1s, muebles y colchones","article_publisher":"https:\/\/www.facebook.com\/donbaraton.es","article_modified_time":"2021-01-31T20:47:15+00:00","og_image":[{"width":800,"height":577,"url":"https:\/\/i0.wp.com\/donbaraton.es\/wp-content\/uploads\/2019\/06\/Mesa-extensible-rectangular-140-180-x-90-cm-con-2-cristales-decorativos-Catania.-Color-marr\u00f3n-oscuro-wengue.jpg?fit=800%2C577&ssl=1","type":"image\/jpeg"}],"twitter_card":"summary_large_image","twitter_site":"@don_baraton","schema":{"@context":"https:\/\/schema.org","@graph":[{"@type":"WebPage","@id":"https:\/\/donbaraton.es\/en\/p\/extendable-dining-table-140-180-90-cm-glass-inserts-catania\/","url":"https:\/\/donbaraton.es\/en\/p\/extendable-dining-table-140-180-90-cm-glass-inserts-catania\/","name":"Extendable Dining Table 140-180 x 90 cm with 2 Glass Inserts - Catania - Don Baraton: tienda de sof\u00e1s, muebles y colchones","isPartOf":{"@id":"https:\/\/donbaraton.es\/#website"},"primaryImageOfPage":{"@id":"https:\/\/donbaraton.es\/en\/p\/extendable-dining-table-140-180-90-cm-glass-inserts-catania\/#primaryimage"},"image":{"@id":"https:\/\/donbaraton.es\/en\/p\/extendable-dining-table-140-180-90-cm-glass-inserts-catania\/#primaryimage"},"thumbnailUrl":"https:\/\/donbaraton.es\/wp-content\/uploads\/2019\/06\/Mesa-extensible-rectangular-140-180-x-90-cm-con-2-cristales-decorativos-Catania.-Color-marr\u00f3n-oscuro-wengue.jpg","datePublished":"2019-06-02T13:53:36+00:00","dateModified":"2021-01-31T20:47:15+00:00","breadcrumb":{"@id":"https:\/\/donbaraton.es\/en\/p\/extendable-dining-table-140-180-90-cm-glass-inserts-catania\/#breadcrumb"},"inLanguage":"en-GB","potentialAction":[{"@type":"ReadAction","target":["https:\/\/donbaraton.es\/en\/p\/extendable-dining-table-140-180-90-cm-glass-inserts-catania\/"]}]},{"@type":"ImageObject","inLanguage":"en-GB","@id":"https:\/\/donbaraton.es\/en\/p\/extendable-dining-table-140-180-90-cm-glass-inserts-catania\/#primaryimage","url":"https:\/\/donbaraton.es\/wp-content\/uploads\/2019\/06\/Mesa-extensible-rectangular-140-180-x-90-cm-con-2-cristales-decorativos-Catania.-Color-marr\u00f3n-oscuro-wengue.jpg","contentUrl":"https:\/\/donbaraton.es\/wp-content\/uploads\/2019\/06\/Mesa-extensible-rectangular-140-180-x-90-cm-con-2-cristales-decorativos-Catania.-Color-marr\u00f3n-oscuro-wengue.jpg","width":800,"height":577,"caption":"Dark Brown (Wengue) Extendable Dining Table 140-180 x 90 cm with 2 Glass Inserts - Catania"},{"@type":"BreadcrumbList","@id":"https:\/\/donbaraton.es\/en\/p\/extendable-dining-table-140-180-90-cm-glass-inserts-catania\/#breadcrumb","itemListElement":[{"@type":"ListItem","position":1,"name":"Portada","item":"https:\/\/donbaraton.es\/en\/"},{"@type":"ListItem","position":2,"name":"Online Shop","item":"https:\/\/donbaraton.es\/en\/shop\/"},{"@type":"ListItem","position":3,"name":"Extendable Dining Table 140-180 x 90 cm with 2 Glass Inserts &#8211; Catania"}]},{"@type":"WebSite","@id":"https:\/\/donbaraton.es\/#website","url":"https:\/\/donbaraton.es\/","name":"Don Baraton: tienda de sof\u00e1s, muebles y colchones","description":"Sofas baratos desde el almac\u00e9n en Almorad\u00ed, Alicante","publisher":{"@id":"https:\/\/donbaraton.es\/#organization"},"potentialAction":[{"@type":"SearchAction","target":{"@type":"EntryPoint","urlTemplate":"https:\/\/donbaraton.es\/?s={search_term_string}"},"query-input":{"@type":"PropertyValueSpecification","valueRequired":true,"valueName":"search_term_string"}}],"inLanguage":"en-GB"},{"@type":"Organization","@id":"https:\/\/donbaraton.es\/#organization","name":"Don Baraton","url":"https:\/\/donbaraton.es\/","logo":{"@type":"ImageObject","inLanguage":"en-GB","@id":"https:\/\/donbaraton.es\/#\/schema\/logo\/image\/","url":"https:\/\/i0.wp.com\/donbaraton.es\/wp-content\/uploads\/2016\/11\/logo_don_baraton.png?fit=228%2C110&ssl=1","contentUrl":"https:\/\/i0.wp.com\/donbaraton.es\/wp-content\/uploads\/2016\/11\/logo_don_baraton.png?fit=228%2C110&ssl=1","width":228,"height":110,"caption":"Don Baraton"},"image":{"@id":"https:\/\/donbaraton.es\/#\/schema\/logo\/image\/"},"sameAs":["https:\/\/www.facebook.com\/donbaraton.es","https:\/\/x.com\/don_baraton","https:\/\/www.instagram.com\/donbaraton.es","https:\/\/www.linkedin.com\/company\/donbaraton\/","https:\/\/es.pinterest.com\/donbaraton\/","https:\/\/www.youtube.com\/channel\/UCL02HOwx-F759Jq5MedAZfQ"]}]}},"_links":{"self":[{"href":"https:\/\/donbaraton.es\/en\/wp-json\/wp\/v2\/product\/16605","targetHints":{"allow":["GET"]}}],"collection":[{"href":"https:\/\/donbaraton.es\/en\/wp-json\/wp\/v2\/product"}],"about":[{"href":"https:\/\/donbaraton.es\/en\/wp-json\/wp\/v2\/types\/product"}],"replies":[{"embeddable":true,"href":"https:\/\/donbaraton.es\/en\/wp-json\/wp\/v2\/comments?post=16605"}],"wp:featuredmedia":[{"embeddable":true,"href":"https:\/\/donbaraton.es\/en\/wp-json\/wp\/v2\/media\/16616"}],"wp:attachment":[{"href":"https:\/\/donbaraton.es\/en\/wp-json\/wp\/v2\/media?parent=16605"}],"wp:term":[{"taxonomy":"product_brand","embeddable":true,"href":"https:\/\/donbaraton.es\/en\/wp-json\/wp\/v2\/product_brand?post=16605"},{"taxonomy":"product_cat","embeddable":true,"href":"https:\/\/donbaraton.es\/en\/wp-json\/wp\/v2\/product_cat?post=16605"},{"taxonomy":"product_tag","embeddable":true,"href":"https:\/\/donbaraton.es\/en\/wp-json\/wp\/v2\/product_tag?post=16605"}],"curies":[{"name":"wp","href":"https:\/\/api.w.org\/{rel}","templated":true}]}}