{"id":16635,"date":"2019-08-24T19:10:11","date_gmt":"2019-06-02T16:37:11","guid":{"rendered":"https:\/\/donbaraton.es\/?post_type=product&#038;p=16635"},"modified":"2023-04-22T15:34:32","modified_gmt":"2023-04-22T13:34:32","slug":"dining-table-90-x-90-cm-extending-to-180-cm-vejle","status":"publish","type":"product","link":"https:\/\/donbaraton.es\/en\/p\/dining-table-90-x-90-cm-extending-to-180-cm-vejle\/","title":{"rendered":"Square Dining Table 90 x 90 cm, Extending to 180 cm &#8211; Vejle"},"content":{"rendered":"<p><strong>Square Dining Table 90 x 90 cm, Extending to 180 cm &#8211; Vejle<\/strong><\/p>\n<p>A multipurpose model suitable for small rooms which can be extended into a longer rectangular table when you need more seating.<\/p>\n<p>Available in the following colours:<\/p>\n<ul>\n<li>White<\/li>\n<li>Oak<\/li>\n<li>Cherry<\/li>\n<\/ul>\n<p>This table can be combined with many models of chairs to form a dining set, take a look at for example at our <a href=\"https:\/\/donbaraton.es\/p\/conjunto-comedor-mesa-extensible-4-sillas-vejle-utiel\/\"><strong>Dining set with extending table and four chairs \u2013 Vejle \/ Utiel<\/strong><\/a><\/p>\n<p><strong>Dimensions:<\/strong> length 90 cm, extendable to 180 cm, width 90cm, height 75 cm<\/p>\n<p><strong>Assembly service not included<\/strong><\/p>\n","protected":false},"excerpt":{"rendered":"<ul>\n<li>Square table extending to 180 cm<\/li>\n<li>3 colours to choose from<\/li>\n<li>High quality fibreboard<\/li>\n<\/ul>\n<p><strong>Dimensions:<\/strong> length 90-180 cm, height 75 cm, depth 90 cm<\/p>\n","protected":false},"featured_media":16630,"comment_status":"open","ping_status":"closed","template":"","meta":{"_et_pb_use_builder":"","_et_pb_old_content":"","_et_gb_content_width":""},"product_brand":[],"product_cat":[71,276],"product_tag":[],"class_list":{"0":"post-16635","1":"product","2":"type-product","3":"status-publish","4":"has-post-thumbnail","6":"product_cat-furniture","7":"product_cat-tables","8":"product_shipping_class-3-20-kg-hasta-10-dias","10":"first","11":"onbackorder","12":"sale","13":"taxable","14":"shipping-taxable","15":"purchasable","16":"product-type-variable"},"yoast_head":"<!-- This site is optimized with the Yoast SEO plugin v27.2 - https:\/\/yoast.com\/product\/yoast-seo-wordpress\/ -->\n<title>Square Dining Table 90 x 90 cm, Extending to 180 cm - Vejle - Don Baraton: tienda de sof\u00e1s, muebles y colchones<\/title>\n<meta name=\"robots\" content=\"index, follow, max-snippet:-1, max-image-preview:large, max-video-preview:-1\" \/>\n<link rel=\"canonical\" href=\"https:\/\/donbaraton.es\/en\/p\/dining-table-90-x-90-cm-extending-to-180-cm-vejle\/\" \/>\n<meta property=\"og:locale\" content=\"en_GB\" \/>\n<meta property=\"og:type\" content=\"article\" \/>\n<meta property=\"og:title\" content=\"Square Dining Table 90 x 90 cm, Extending to 180 cm - Vejle - Don Baraton: tienda de sof\u00e1s, muebles y colchones\" \/>\n<meta property=\"og:description\" content=\"Square table extending to 180 cm  3 colours to choose from  High quality fibreboard  Dimensions: length 90-180 cm, height 75 cm, depth 90 cm\" \/>\n<meta property=\"og:url\" content=\"https:\/\/donbaraton.es\/en\/p\/dining-table-90-x-90-cm-extending-to-180-cm-vejle\/\" \/>\n<meta property=\"og:site_name\" content=\"Don Baraton: tienda de sof\u00e1s, muebles y colchones\" \/>\n<meta property=\"article:publisher\" content=\"https:\/\/www.facebook.com\/donbaraton.es\" \/>\n<meta property=\"article:modified_time\" content=\"2023-04-22T13:34:32+00:00\" \/>\n<meta property=\"og:image\" content=\"https:\/\/i0.wp.com\/donbaraton.es\/wp-content\/uploads\/2019\/06\/Mesa-libro-90-x-90-cm-extensible-a-180-cm-Vejle.-Color-blanco.jpg?fit=800%2C572&ssl=1\" \/>\n\t<meta property=\"og:image:width\" content=\"800\" \/>\n\t<meta property=\"og:image:height\" content=\"572\" \/>\n\t<meta property=\"og:image:type\" content=\"image\/jpeg\" \/>\n<meta name=\"twitter:card\" content=\"summary_large_image\" \/>\n<meta name=\"twitter:site\" content=\"@don_baraton\" \/>\n<script type=\"application\/ld+json\" class=\"yoast-schema-graph\">{\"@context\":\"https:\/\/schema.org\",\"@graph\":[{\"@type\":\"WebPage\",\"@id\":\"https:\/\/donbaraton.es\/en\/p\/dining-table-90-x-90-cm-extending-to-180-cm-vejle\/\",\"url\":\"https:\/\/donbaraton.es\/en\/p\/dining-table-90-x-90-cm-extending-to-180-cm-vejle\/\",\"name\":\"Square Dining Table 90 x 90 cm, Extending to 180 cm - Vejle - Don Baraton: tienda de sof\u00e1s, muebles y colchones\",\"isPartOf\":{\"@id\":\"https:\/\/donbaraton.es\/#website\"},\"primaryImageOfPage\":{\"@id\":\"https:\/\/donbaraton.es\/en\/p\/dining-table-90-x-90-cm-extending-to-180-cm-vejle\/#primaryimage\"},\"image\":{\"@id\":\"https:\/\/donbaraton.es\/en\/p\/dining-table-90-x-90-cm-extending-to-180-cm-vejle\/#primaryimage\"},\"thumbnailUrl\":\"https:\/\/donbaraton.es\/wp-content\/uploads\/2019\/06\/Mesa-libro-90-x-90-cm-extensible-a-180-cm-Vejle.-Color-blanco.jpg\",\"datePublished\":\"2019-06-02T16:37:11+00:00\",\"dateModified\":\"2023-04-22T13:34:32+00:00\",\"breadcrumb\":{\"@id\":\"https:\/\/donbaraton.es\/en\/p\/dining-table-90-x-90-cm-extending-to-180-cm-vejle\/#breadcrumb\"},\"inLanguage\":\"en-GB\",\"potentialAction\":[{\"@type\":\"ReadAction\",\"target\":[\"https:\/\/donbaraton.es\/en\/p\/dining-table-90-x-90-cm-extending-to-180-cm-vejle\/\"]}]},{\"@type\":\"ImageObject\",\"inLanguage\":\"en-GB\",\"@id\":\"https:\/\/donbaraton.es\/en\/p\/dining-table-90-x-90-cm-extending-to-180-cm-vejle\/#primaryimage\",\"url\":\"https:\/\/donbaraton.es\/wp-content\/uploads\/2019\/06\/Mesa-libro-90-x-90-cm-extensible-a-180-cm-Vejle.-Color-blanco.jpg\",\"contentUrl\":\"https:\/\/donbaraton.es\/wp-content\/uploads\/2019\/06\/Mesa-libro-90-x-90-cm-extensible-a-180-cm-Vejle.-Color-blanco.jpg\",\"width\":800,\"height\":572,\"caption\":\"Square Dining Table 90 x 90 cm, Extending to 180 cm - Vejle. White Colour\"},{\"@type\":\"BreadcrumbList\",\"@id\":\"https:\/\/donbaraton.es\/en\/p\/dining-table-90-x-90-cm-extending-to-180-cm-vejle\/#breadcrumb\",\"itemListElement\":[{\"@type\":\"ListItem\",\"position\":1,\"name\":\"Portada\",\"item\":\"https:\/\/donbaraton.es\/en\/\"},{\"@type\":\"ListItem\",\"position\":2,\"name\":\"Online Shop\",\"item\":\"https:\/\/donbaraton.es\/en\/shop\/\"},{\"@type\":\"ListItem\",\"position\":3,\"name\":\"Square Dining Table 90 x 90 cm, Extending to 180 cm &#8211; Vejle\"}]},{\"@type\":\"WebSite\",\"@id\":\"https:\/\/donbaraton.es\/#website\",\"url\":\"https:\/\/donbaraton.es\/\",\"name\":\"Don Baraton: tienda de sof\u00e1s, muebles y colchones\",\"description\":\"Sofas baratos desde el almac\u00e9n en Almorad\u00ed, Alicante\",\"publisher\":{\"@id\":\"https:\/\/donbaraton.es\/#organization\"},\"potentialAction\":[{\"@type\":\"SearchAction\",\"target\":{\"@type\":\"EntryPoint\",\"urlTemplate\":\"https:\/\/donbaraton.es\/?s={search_term_string}\"},\"query-input\":{\"@type\":\"PropertyValueSpecification\",\"valueRequired\":true,\"valueName\":\"search_term_string\"}}],\"inLanguage\":\"en-GB\"},{\"@type\":\"Organization\",\"@id\":\"https:\/\/donbaraton.es\/#organization\",\"name\":\"Don Baraton\",\"url\":\"https:\/\/donbaraton.es\/\",\"logo\":{\"@type\":\"ImageObject\",\"inLanguage\":\"en-GB\",\"@id\":\"https:\/\/donbaraton.es\/#\/schema\/logo\/image\/\",\"url\":\"https:\/\/i0.wp.com\/donbaraton.es\/wp-content\/uploads\/2016\/11\/logo_don_baraton.png?fit=228%2C110&ssl=1\",\"contentUrl\":\"https:\/\/i0.wp.com\/donbaraton.es\/wp-content\/uploads\/2016\/11\/logo_don_baraton.png?fit=228%2C110&ssl=1\",\"width\":228,\"height\":110,\"caption\":\"Don Baraton\"},\"image\":{\"@id\":\"https:\/\/donbaraton.es\/#\/schema\/logo\/image\/\"},\"sameAs\":[\"https:\/\/www.facebook.com\/donbaraton.es\",\"https:\/\/x.com\/don_baraton\",\"https:\/\/www.instagram.com\/donbaraton.es\",\"https:\/\/www.linkedin.com\/company\/donbaraton\/\",\"https:\/\/es.pinterest.com\/donbaraton\/\",\"https:\/\/www.youtube.com\/channel\/UCL02HOwx-F759Jq5MedAZfQ\"]}]}<\/script>\n<!-- \/ Yoast SEO plugin. -->","yoast_head_json":{"title":"Square Dining Table 90 x 90 cm, Extending to 180 cm - Vejle - Don Baraton: tienda de sof\u00e1s, muebles y colchones","robots":{"index":"index","follow":"follow","max-snippet":"max-snippet:-1","max-image-preview":"max-image-preview:large","max-video-preview":"max-video-preview:-1"},"canonical":"https:\/\/donbaraton.es\/en\/p\/dining-table-90-x-90-cm-extending-to-180-cm-vejle\/","og_locale":"en_GB","og_type":"article","og_title":"Square Dining Table 90 x 90 cm, Extending to 180 cm - Vejle - Don Baraton: tienda de sof\u00e1s, muebles y colchones","og_description":"Square table extending to 180 cm  3 colours to choose from  High quality fibreboard  Dimensions: length 90-180 cm, height 75 cm, depth 90 cm","og_url":"https:\/\/donbaraton.es\/en\/p\/dining-table-90-x-90-cm-extending-to-180-cm-vejle\/","og_site_name":"Don Baraton: tienda de sof\u00e1s, muebles y colchones","article_publisher":"https:\/\/www.facebook.com\/donbaraton.es","article_modified_time":"2023-04-22T13:34:32+00:00","og_image":[{"width":800,"height":572,"url":"https:\/\/i0.wp.com\/donbaraton.es\/wp-content\/uploads\/2019\/06\/Mesa-libro-90-x-90-cm-extensible-a-180-cm-Vejle.-Color-blanco.jpg?fit=800%2C572&ssl=1","type":"image\/jpeg"}],"twitter_card":"summary_large_image","twitter_site":"@don_baraton","schema":{"@context":"https:\/\/schema.org","@graph":[{"@type":"WebPage","@id":"https:\/\/donbaraton.es\/en\/p\/dining-table-90-x-90-cm-extending-to-180-cm-vejle\/","url":"https:\/\/donbaraton.es\/en\/p\/dining-table-90-x-90-cm-extending-to-180-cm-vejle\/","name":"Square Dining Table 90 x 90 cm, Extending to 180 cm - Vejle - Don Baraton: tienda de sof\u00e1s, muebles y colchones","isPartOf":{"@id":"https:\/\/donbaraton.es\/#website"},"primaryImageOfPage":{"@id":"https:\/\/donbaraton.es\/en\/p\/dining-table-90-x-90-cm-extending-to-180-cm-vejle\/#primaryimage"},"image":{"@id":"https:\/\/donbaraton.es\/en\/p\/dining-table-90-x-90-cm-extending-to-180-cm-vejle\/#primaryimage"},"thumbnailUrl":"https:\/\/donbaraton.es\/wp-content\/uploads\/2019\/06\/Mesa-libro-90-x-90-cm-extensible-a-180-cm-Vejle.-Color-blanco.jpg","datePublished":"2019-06-02T16:37:11+00:00","dateModified":"2023-04-22T13:34:32+00:00","breadcrumb":{"@id":"https:\/\/donbaraton.es\/en\/p\/dining-table-90-x-90-cm-extending-to-180-cm-vejle\/#breadcrumb"},"inLanguage":"en-GB","potentialAction":[{"@type":"ReadAction","target":["https:\/\/donbaraton.es\/en\/p\/dining-table-90-x-90-cm-extending-to-180-cm-vejle\/"]}]},{"@type":"ImageObject","inLanguage":"en-GB","@id":"https:\/\/donbaraton.es\/en\/p\/dining-table-90-x-90-cm-extending-to-180-cm-vejle\/#primaryimage","url":"https:\/\/donbaraton.es\/wp-content\/uploads\/2019\/06\/Mesa-libro-90-x-90-cm-extensible-a-180-cm-Vejle.-Color-blanco.jpg","contentUrl":"https:\/\/donbaraton.es\/wp-content\/uploads\/2019\/06\/Mesa-libro-90-x-90-cm-extensible-a-180-cm-Vejle.-Color-blanco.jpg","width":800,"height":572,"caption":"Square Dining Table 90 x 90 cm, Extending to 180 cm - Vejle. White Colour"},{"@type":"BreadcrumbList","@id":"https:\/\/donbaraton.es\/en\/p\/dining-table-90-x-90-cm-extending-to-180-cm-vejle\/#breadcrumb","itemListElement":[{"@type":"ListItem","position":1,"name":"Portada","item":"https:\/\/donbaraton.es\/en\/"},{"@type":"ListItem","position":2,"name":"Online Shop","item":"https:\/\/donbaraton.es\/en\/shop\/"},{"@type":"ListItem","position":3,"name":"Square Dining Table 90 x 90 cm, Extending to 180 cm &#8211; Vejle"}]},{"@type":"WebSite","@id":"https:\/\/donbaraton.es\/#website","url":"https:\/\/donbaraton.es\/","name":"Don Baraton: tienda de sof\u00e1s, muebles y colchones","description":"Sofas baratos desde el almac\u00e9n en Almorad\u00ed, Alicante","publisher":{"@id":"https:\/\/donbaraton.es\/#organization"},"potentialAction":[{"@type":"SearchAction","target":{"@type":"EntryPoint","urlTemplate":"https:\/\/donbaraton.es\/?s={search_term_string}"},"query-input":{"@type":"PropertyValueSpecification","valueRequired":true,"valueName":"search_term_string"}}],"inLanguage":"en-GB"},{"@type":"Organization","@id":"https:\/\/donbaraton.es\/#organization","name":"Don Baraton","url":"https:\/\/donbaraton.es\/","logo":{"@type":"ImageObject","inLanguage":"en-GB","@id":"https:\/\/donbaraton.es\/#\/schema\/logo\/image\/","url":"https:\/\/i0.wp.com\/donbaraton.es\/wp-content\/uploads\/2016\/11\/logo_don_baraton.png?fit=228%2C110&ssl=1","contentUrl":"https:\/\/i0.wp.com\/donbaraton.es\/wp-content\/uploads\/2016\/11\/logo_don_baraton.png?fit=228%2C110&ssl=1","width":228,"height":110,"caption":"Don Baraton"},"image":{"@id":"https:\/\/donbaraton.es\/#\/schema\/logo\/image\/"},"sameAs":["https:\/\/www.facebook.com\/donbaraton.es","https:\/\/x.com\/don_baraton","https:\/\/www.instagram.com\/donbaraton.es","https:\/\/www.linkedin.com\/company\/donbaraton\/","https:\/\/es.pinterest.com\/donbaraton\/","https:\/\/www.youtube.com\/channel\/UCL02HOwx-F759Jq5MedAZfQ"]}]}},"_links":{"self":[{"href":"https:\/\/donbaraton.es\/en\/wp-json\/wp\/v2\/product\/16635","targetHints":{"allow":["GET"]}}],"collection":[{"href":"https:\/\/donbaraton.es\/en\/wp-json\/wp\/v2\/product"}],"about":[{"href":"https:\/\/donbaraton.es\/en\/wp-json\/wp\/v2\/types\/product"}],"replies":[{"embeddable":true,"href":"https:\/\/donbaraton.es\/en\/wp-json\/wp\/v2\/comments?post=16635"}],"wp:featuredmedia":[{"embeddable":true,"href":"https:\/\/donbaraton.es\/en\/wp-json\/wp\/v2\/media\/16630"}],"wp:attachment":[{"href":"https:\/\/donbaraton.es\/en\/wp-json\/wp\/v2\/media?parent=16635"}],"wp:term":[{"taxonomy":"product_brand","embeddable":true,"href":"https:\/\/donbaraton.es\/en\/wp-json\/wp\/v2\/product_brand?post=16635"},{"taxonomy":"product_cat","embeddable":true,"href":"https:\/\/donbaraton.es\/en\/wp-json\/wp\/v2\/product_cat?post=16635"},{"taxonomy":"product_tag","embeddable":true,"href":"https:\/\/donbaraton.es\/en\/wp-json\/wp\/v2\/product_tag?post=16635"}],"curies":[{"name":"wp","href":"https:\/\/api.w.org\/{rel}","templated":true}]}}