{"id":16736,"date":"2019-06-06T11:34:33","date_gmt":"2019-06-06T09:49:49","guid":{"rendered":"https:\/\/donbaraton.es\/?post_type=product&#038;p=16736"},"modified":"2019-06-26T01:54:34","modified_gmt":"2019-06-25T23:54:34","slug":"patio-dining-set-rectangular-table-150-90-cm-4-chairs-bronze-color-caribe","status":"publish","type":"product","link":"https:\/\/donbaraton.es\/en\/p\/patio-dining-set-rectangular-table-150-90-cm-4-chairs-bronze-color-caribe\/","title":{"rendered":"Patio Dining Set with Rectangular Table 150 x 90 cm and 4 Chairs, Bronze Color &#8211; Caribe"},"content":{"rendered":"<p><strong>Patio dining set with rectangular table 150 x 90 cm and four chairs, steel, bronze color &#8211; Caribe<\/strong><\/p>\n<p><strong>Dimensions.<\/strong>\u00a0<strong>Table:<\/strong> length 150 \u0441\u043c, width 90 \u0441\u043c, height 75 \u0441\u043c. <strong>Chairs: <\/strong>width 54 cm, depth 84 cm, height 94 cm<\/p>\n<p><strong>Assembly service not included<\/strong><\/p>\n","protected":false},"excerpt":{"rendered":"<ul>\n<li>1 rectangular table included<\/li>\n<li>4 chairs included<\/li>\n<li>Painted steel<\/li>\n<li>Toughened glass top<\/li>\n<\/ul>\n<p><strong>Dimensions.<\/strong>\u00a0<strong>Table:<\/strong> length 150 \u0441\u043c, width 90 \u0441\u043c, height 75 \u0441\u043c. <strong>Chairs: <\/strong>width 54 cm, depth 84 cm, height 94 cm<\/p>\n","protected":false},"featured_media":16734,"comment_status":"open","ping_status":"closed","template":"","meta":{"_et_pb_use_builder":"","_et_pb_old_content":"","_et_gb_content_width":""},"product_brand":[],"product_cat":[158],"product_tag":[],"class_list":{"0":"post-16736","1":"product","2":"type-product","3":"status-publish","4":"has-post-thumbnail","6":"product_cat-outdoor","7":"product_shipping_class-articulos-pesado-manufacturing-up-to-10-days","9":"first","10":"outofstock","11":"sale","12":"taxable","13":"shipping-taxable","14":"purchasable","15":"product-type-simple"},"yoast_head":"<!-- This site is optimized with the Yoast SEO plugin v27.2 - https:\/\/yoast.com\/product\/yoast-seo-wordpress\/ -->\n<title>Patio Dining Set with Rectangular Table 150 x 90 cm and 4 Chairs, Bronze Color - Caribe - Don Baraton: tienda de sof\u00e1s, muebles y colchones<\/title>\n<meta name=\"robots\" content=\"index, follow, max-snippet:-1, max-image-preview:large, max-video-preview:-1\" \/>\n<link rel=\"canonical\" href=\"https:\/\/donbaraton.es\/en\/p\/patio-dining-set-rectangular-table-150-90-cm-4-chairs-bronze-color-caribe\/\" \/>\n<meta property=\"og:locale\" content=\"en_GB\" \/>\n<meta property=\"og:type\" content=\"article\" \/>\n<meta property=\"og:title\" content=\"Patio Dining Set with Rectangular Table 150 x 90 cm and 4 Chairs, Bronze Color - Caribe - Don Baraton: tienda de sof\u00e1s, muebles y colchones\" \/>\n<meta property=\"og:description\" content=\"1 rectangular table included  4 chairs included  Painted steel  Toughened glass top  Dimensions.\u00a0Table: length 150 \u0441\u043c, width 90 \u0441\u043c, height 75 \u0441\u043c. Chairs: width 54 cm, depth 84 cm, height 94 cm\" \/>\n<meta property=\"og:url\" content=\"https:\/\/donbaraton.es\/en\/p\/patio-dining-set-rectangular-table-150-90-cm-4-chairs-bronze-color-caribe\/\" \/>\n<meta property=\"og:site_name\" content=\"Don Baraton: tienda de sof\u00e1s, muebles y colchones\" \/>\n<meta property=\"article:publisher\" content=\"https:\/\/www.facebook.com\/donbaraton.es\" \/>\n<meta property=\"article:modified_time\" content=\"2019-06-25T23:54:34+00:00\" \/>\n<meta property=\"og:image\" content=\"https:\/\/i0.wp.com\/donbaraton.es\/wp-content\/uploads\/2019\/06\/Conjunto-para-jard\u00edn-mesa-rectangular-150-cm-y-4-sillones-de-acero-Caribe.jpg?fit=800%2C532&ssl=1\" \/>\n\t<meta property=\"og:image:width\" content=\"800\" \/>\n\t<meta property=\"og:image:height\" content=\"532\" \/>\n\t<meta property=\"og:image:type\" content=\"image\/jpeg\" \/>\n<meta name=\"twitter:card\" content=\"summary_large_image\" \/>\n<meta name=\"twitter:site\" content=\"@don_baraton\" \/>\n<script type=\"application\/ld+json\" class=\"yoast-schema-graph\">{\"@context\":\"https:\/\/schema.org\",\"@graph\":[{\"@type\":\"WebPage\",\"@id\":\"https:\/\/donbaraton.es\/en\/p\/patio-dining-set-rectangular-table-150-90-cm-4-chairs-bronze-color-caribe\/\",\"url\":\"https:\/\/donbaraton.es\/en\/p\/patio-dining-set-rectangular-table-150-90-cm-4-chairs-bronze-color-caribe\/\",\"name\":\"Patio Dining Set with Rectangular Table 150 x 90 cm and 4 Chairs, Bronze Color - Caribe - Don Baraton: tienda de sof\u00e1s, muebles y colchones\",\"isPartOf\":{\"@id\":\"https:\/\/donbaraton.es\/#website\"},\"primaryImageOfPage\":{\"@id\":\"https:\/\/donbaraton.es\/en\/p\/patio-dining-set-rectangular-table-150-90-cm-4-chairs-bronze-color-caribe\/#primaryimage\"},\"image\":{\"@id\":\"https:\/\/donbaraton.es\/en\/p\/patio-dining-set-rectangular-table-150-90-cm-4-chairs-bronze-color-caribe\/#primaryimage\"},\"thumbnailUrl\":\"https:\/\/donbaraton.es\/wp-content\/uploads\/2019\/06\/Conjunto-para-jard\u00edn-mesa-rectangular-150-cm-y-4-sillones-de-acero-Caribe.jpg\",\"datePublished\":\"2019-06-06T09:49:49+00:00\",\"dateModified\":\"2019-06-25T23:54:34+00:00\",\"breadcrumb\":{\"@id\":\"https:\/\/donbaraton.es\/en\/p\/patio-dining-set-rectangular-table-150-90-cm-4-chairs-bronze-color-caribe\/#breadcrumb\"},\"inLanguage\":\"en-GB\",\"potentialAction\":[{\"@type\":\"ReadAction\",\"target\":[\"https:\/\/donbaraton.es\/en\/p\/patio-dining-set-rectangular-table-150-90-cm-4-chairs-bronze-color-caribe\/\"]}]},{\"@type\":\"ImageObject\",\"inLanguage\":\"en-GB\",\"@id\":\"https:\/\/donbaraton.es\/en\/p\/patio-dining-set-rectangular-table-150-90-cm-4-chairs-bronze-color-caribe\/#primaryimage\",\"url\":\"https:\/\/donbaraton.es\/wp-content\/uploads\/2019\/06\/Conjunto-para-jard\u00edn-mesa-rectangular-150-cm-y-4-sillones-de-acero-Caribe.jpg\",\"contentUrl\":\"https:\/\/donbaraton.es\/wp-content\/uploads\/2019\/06\/Conjunto-para-jard\u00edn-mesa-rectangular-150-cm-y-4-sillones-de-acero-Caribe.jpg\",\"width\":800,\"height\":532,\"caption\":\"Patio Dining Set with Rectangular Table 150 x 90 cm and 4 Chairs, Bronze Color - Caribe\"},{\"@type\":\"BreadcrumbList\",\"@id\":\"https:\/\/donbaraton.es\/en\/p\/patio-dining-set-rectangular-table-150-90-cm-4-chairs-bronze-color-caribe\/#breadcrumb\",\"itemListElement\":[{\"@type\":\"ListItem\",\"position\":1,\"name\":\"Portada\",\"item\":\"https:\/\/donbaraton.es\/en\/\"},{\"@type\":\"ListItem\",\"position\":2,\"name\":\"Online Shop\",\"item\":\"https:\/\/donbaraton.es\/en\/shop\/\"},{\"@type\":\"ListItem\",\"position\":3,\"name\":\"Patio Dining Set with Rectangular Table 150 x 90 cm and 4 Chairs, Bronze Color &#8211; Caribe\"}]},{\"@type\":\"WebSite\",\"@id\":\"https:\/\/donbaraton.es\/#website\",\"url\":\"https:\/\/donbaraton.es\/\",\"name\":\"Don Baraton: tienda de sof\u00e1s, muebles y colchones\",\"description\":\"Sofas baratos desde el almac\u00e9n en Almorad\u00ed, Alicante\",\"publisher\":{\"@id\":\"https:\/\/donbaraton.es\/#organization\"},\"potentialAction\":[{\"@type\":\"SearchAction\",\"target\":{\"@type\":\"EntryPoint\",\"urlTemplate\":\"https:\/\/donbaraton.es\/?s={search_term_string}\"},\"query-input\":{\"@type\":\"PropertyValueSpecification\",\"valueRequired\":true,\"valueName\":\"search_term_string\"}}],\"inLanguage\":\"en-GB\"},{\"@type\":\"Organization\",\"@id\":\"https:\/\/donbaraton.es\/#organization\",\"name\":\"Don Baraton\",\"url\":\"https:\/\/donbaraton.es\/\",\"logo\":{\"@type\":\"ImageObject\",\"inLanguage\":\"en-GB\",\"@id\":\"https:\/\/donbaraton.es\/#\/schema\/logo\/image\/\",\"url\":\"https:\/\/i0.wp.com\/donbaraton.es\/wp-content\/uploads\/2016\/11\/logo_don_baraton.png?fit=228%2C110&ssl=1\",\"contentUrl\":\"https:\/\/i0.wp.com\/donbaraton.es\/wp-content\/uploads\/2016\/11\/logo_don_baraton.png?fit=228%2C110&ssl=1\",\"width\":228,\"height\":110,\"caption\":\"Don Baraton\"},\"image\":{\"@id\":\"https:\/\/donbaraton.es\/#\/schema\/logo\/image\/\"},\"sameAs\":[\"https:\/\/www.facebook.com\/donbaraton.es\",\"https:\/\/x.com\/don_baraton\",\"https:\/\/www.instagram.com\/donbaraton.es\",\"https:\/\/www.linkedin.com\/company\/donbaraton\/\",\"https:\/\/es.pinterest.com\/donbaraton\/\",\"https:\/\/www.youtube.com\/channel\/UCL02HOwx-F759Jq5MedAZfQ\"]}]}<\/script>\n<!-- \/ Yoast SEO plugin. -->","yoast_head_json":{"title":"Patio Dining Set with Rectangular Table 150 x 90 cm and 4 Chairs, Bronze Color - Caribe - Don Baraton: tienda de sof\u00e1s, muebles y colchones","robots":{"index":"index","follow":"follow","max-snippet":"max-snippet:-1","max-image-preview":"max-image-preview:large","max-video-preview":"max-video-preview:-1"},"canonical":"https:\/\/donbaraton.es\/en\/p\/patio-dining-set-rectangular-table-150-90-cm-4-chairs-bronze-color-caribe\/","og_locale":"en_GB","og_type":"article","og_title":"Patio Dining Set with Rectangular Table 150 x 90 cm and 4 Chairs, Bronze Color - Caribe - Don Baraton: tienda de sof\u00e1s, muebles y colchones","og_description":"1 rectangular table included  4 chairs included  Painted steel  Toughened glass top  Dimensions.\u00a0Table: length 150 \u0441\u043c, width 90 \u0441\u043c, height 75 \u0441\u043c. Chairs: width 54 cm, depth 84 cm, height 94 cm","og_url":"https:\/\/donbaraton.es\/en\/p\/patio-dining-set-rectangular-table-150-90-cm-4-chairs-bronze-color-caribe\/","og_site_name":"Don Baraton: tienda de sof\u00e1s, muebles y colchones","article_publisher":"https:\/\/www.facebook.com\/donbaraton.es","article_modified_time":"2019-06-25T23:54:34+00:00","og_image":[{"width":800,"height":532,"url":"https:\/\/i0.wp.com\/donbaraton.es\/wp-content\/uploads\/2019\/06\/Conjunto-para-jard\u00edn-mesa-rectangular-150-cm-y-4-sillones-de-acero-Caribe.jpg?fit=800%2C532&ssl=1","type":"image\/jpeg"}],"twitter_card":"summary_large_image","twitter_site":"@don_baraton","schema":{"@context":"https:\/\/schema.org","@graph":[{"@type":"WebPage","@id":"https:\/\/donbaraton.es\/en\/p\/patio-dining-set-rectangular-table-150-90-cm-4-chairs-bronze-color-caribe\/","url":"https:\/\/donbaraton.es\/en\/p\/patio-dining-set-rectangular-table-150-90-cm-4-chairs-bronze-color-caribe\/","name":"Patio Dining Set with Rectangular Table 150 x 90 cm and 4 Chairs, Bronze Color - Caribe - Don Baraton: tienda de sof\u00e1s, muebles y colchones","isPartOf":{"@id":"https:\/\/donbaraton.es\/#website"},"primaryImageOfPage":{"@id":"https:\/\/donbaraton.es\/en\/p\/patio-dining-set-rectangular-table-150-90-cm-4-chairs-bronze-color-caribe\/#primaryimage"},"image":{"@id":"https:\/\/donbaraton.es\/en\/p\/patio-dining-set-rectangular-table-150-90-cm-4-chairs-bronze-color-caribe\/#primaryimage"},"thumbnailUrl":"https:\/\/donbaraton.es\/wp-content\/uploads\/2019\/06\/Conjunto-para-jard\u00edn-mesa-rectangular-150-cm-y-4-sillones-de-acero-Caribe.jpg","datePublished":"2019-06-06T09:49:49+00:00","dateModified":"2019-06-25T23:54:34+00:00","breadcrumb":{"@id":"https:\/\/donbaraton.es\/en\/p\/patio-dining-set-rectangular-table-150-90-cm-4-chairs-bronze-color-caribe\/#breadcrumb"},"inLanguage":"en-GB","potentialAction":[{"@type":"ReadAction","target":["https:\/\/donbaraton.es\/en\/p\/patio-dining-set-rectangular-table-150-90-cm-4-chairs-bronze-color-caribe\/"]}]},{"@type":"ImageObject","inLanguage":"en-GB","@id":"https:\/\/donbaraton.es\/en\/p\/patio-dining-set-rectangular-table-150-90-cm-4-chairs-bronze-color-caribe\/#primaryimage","url":"https:\/\/donbaraton.es\/wp-content\/uploads\/2019\/06\/Conjunto-para-jard\u00edn-mesa-rectangular-150-cm-y-4-sillones-de-acero-Caribe.jpg","contentUrl":"https:\/\/donbaraton.es\/wp-content\/uploads\/2019\/06\/Conjunto-para-jard\u00edn-mesa-rectangular-150-cm-y-4-sillones-de-acero-Caribe.jpg","width":800,"height":532,"caption":"Patio Dining Set with Rectangular Table 150 x 90 cm and 4 Chairs, Bronze Color - Caribe"},{"@type":"BreadcrumbList","@id":"https:\/\/donbaraton.es\/en\/p\/patio-dining-set-rectangular-table-150-90-cm-4-chairs-bronze-color-caribe\/#breadcrumb","itemListElement":[{"@type":"ListItem","position":1,"name":"Portada","item":"https:\/\/donbaraton.es\/en\/"},{"@type":"ListItem","position":2,"name":"Online Shop","item":"https:\/\/donbaraton.es\/en\/shop\/"},{"@type":"ListItem","position":3,"name":"Patio Dining Set with Rectangular Table 150 x 90 cm and 4 Chairs, Bronze Color &#8211; Caribe"}]},{"@type":"WebSite","@id":"https:\/\/donbaraton.es\/#website","url":"https:\/\/donbaraton.es\/","name":"Don Baraton: tienda de sof\u00e1s, muebles y colchones","description":"Sofas baratos desde el almac\u00e9n en Almorad\u00ed, Alicante","publisher":{"@id":"https:\/\/donbaraton.es\/#organization"},"potentialAction":[{"@type":"SearchAction","target":{"@type":"EntryPoint","urlTemplate":"https:\/\/donbaraton.es\/?s={search_term_string}"},"query-input":{"@type":"PropertyValueSpecification","valueRequired":true,"valueName":"search_term_string"}}],"inLanguage":"en-GB"},{"@type":"Organization","@id":"https:\/\/donbaraton.es\/#organization","name":"Don Baraton","url":"https:\/\/donbaraton.es\/","logo":{"@type":"ImageObject","inLanguage":"en-GB","@id":"https:\/\/donbaraton.es\/#\/schema\/logo\/image\/","url":"https:\/\/i0.wp.com\/donbaraton.es\/wp-content\/uploads\/2016\/11\/logo_don_baraton.png?fit=228%2C110&ssl=1","contentUrl":"https:\/\/i0.wp.com\/donbaraton.es\/wp-content\/uploads\/2016\/11\/logo_don_baraton.png?fit=228%2C110&ssl=1","width":228,"height":110,"caption":"Don Baraton"},"image":{"@id":"https:\/\/donbaraton.es\/#\/schema\/logo\/image\/"},"sameAs":["https:\/\/www.facebook.com\/donbaraton.es","https:\/\/x.com\/don_baraton","https:\/\/www.instagram.com\/donbaraton.es","https:\/\/www.linkedin.com\/company\/donbaraton\/","https:\/\/es.pinterest.com\/donbaraton\/","https:\/\/www.youtube.com\/channel\/UCL02HOwx-F759Jq5MedAZfQ"]}]}},"_links":{"self":[{"href":"https:\/\/donbaraton.es\/en\/wp-json\/wp\/v2\/product\/16736","targetHints":{"allow":["GET"]}}],"collection":[{"href":"https:\/\/donbaraton.es\/en\/wp-json\/wp\/v2\/product"}],"about":[{"href":"https:\/\/donbaraton.es\/en\/wp-json\/wp\/v2\/types\/product"}],"replies":[{"embeddable":true,"href":"https:\/\/donbaraton.es\/en\/wp-json\/wp\/v2\/comments?post=16736"}],"wp:featuredmedia":[{"embeddable":true,"href":"https:\/\/donbaraton.es\/en\/wp-json\/wp\/v2\/media\/16734"}],"wp:attachment":[{"href":"https:\/\/donbaraton.es\/en\/wp-json\/wp\/v2\/media?parent=16736"}],"wp:term":[{"taxonomy":"product_brand","embeddable":true,"href":"https:\/\/donbaraton.es\/en\/wp-json\/wp\/v2\/product_brand?post=16736"},{"taxonomy":"product_cat","embeddable":true,"href":"https:\/\/donbaraton.es\/en\/wp-json\/wp\/v2\/product_cat?post=16736"},{"taxonomy":"product_tag","embeddable":true,"href":"https:\/\/donbaraton.es\/en\/wp-json\/wp\/v2\/product_tag?post=16736"}],"curies":[{"name":"wp","href":"https:\/\/api.w.org\/{rel}","templated":true}]}}