{"id":16761,"date":"2019-06-07T21:58:14","date_gmt":"2019-06-07T19:58:14","guid":{"rendered":"https:\/\/donbaraton.es\/producto\/uncategorized\/outdoor-dining-set-rectangular-table-150-90-cm-4-adjustable-chairs-bronze-caribe\/"},"modified":"2019-06-08T12:21:18","modified_gmt":"2019-06-08T10:21:18","slug":"outdoor-dining-set-rectangular-table-150-90-cm-4-adjustable-chairs-bronze-caribe","status":"publish","type":"product","link":"https:\/\/donbaraton.es\/en\/p\/outdoor-dining-set-rectangular-table-150-90-cm-4-adjustable-chairs-bronze-caribe\/","title":{"rendered":"Outdoor Dining Set &#8211; Rectangular Table 150 x 90 cm + 4 Adjustable Chairs, Bronze Color &#8211; Caribe"},"content":{"rendered":"<p><strong>Outdoor dining set &#8211; rectangular table 150 x 90 cm and four chairs adjustable in five positions, bronze color &#8211; Caribe<\/strong><\/p>\n<p><strong>Dimensions.<\/strong> <strong>Table:<\/strong> length150 cm, width 90 cm, height 75 cm. <strong>Chairs:<\/strong> width 55 cm, depth 69 cm, height 105 cm<\/p>\n<p><strong>Assembly service not included<\/strong><\/p>\n<p><strong>Cushions not included<\/strong><\/p>\n","protected":false},"excerpt":{"rendered":"<ul>\n<li>4 chairs adjustable in 5 positions<\/li>\n<li>1 rectangular table<\/li>\n<li>Bronze color steel<\/li>\n<li>Toughened glass table top<\/li>\n<\/ul>\n<p><strong>Dimensions.<\/strong> <strong>Table:<\/strong> length 150 cm, width 90 cm, height 75 cm. <strong>Chairs:<\/strong> width 55 cm, depth 69 cm, height 105 cm<\/p>\n","protected":false},"featured_media":16756,"comment_status":"open","ping_status":"closed","template":"","meta":{"_et_pb_use_builder":"","_et_pb_old_content":"","_et_gb_content_width":""},"product_brand":[],"product_cat":[158],"product_tag":[],"class_list":{"0":"post-16761","1":"product","2":"type-product","3":"status-publish","4":"has-post-thumbnail","6":"product_cat-outdoor","7":"product_shipping_class-articulos-pesado-manufacturing-up-to-10-days","9":"first","10":"outofstock","11":"sale","12":"taxable","13":"shipping-taxable","14":"purchasable","15":"product-type-simple"},"yoast_head":"<!-- This site is optimized with the Yoast SEO plugin v27.5 - https:\/\/yoast.com\/product\/yoast-seo-wordpress\/ -->\n<title>Outdoor Dining Set - Rectangular Table 150 x 90 cm + 4 Adjustable Chairs, Bronze Color - Caribe - Don Baraton: tienda de sof\u00e1s, muebles y colchones<\/title>\n<meta name=\"robots\" content=\"index, follow, max-snippet:-1, max-image-preview:large, max-video-preview:-1\" \/>\n<link rel=\"canonical\" href=\"https:\/\/donbaraton.es\/en\/p\/outdoor-dining-set-rectangular-table-150-90-cm-4-adjustable-chairs-bronze-caribe\/\" \/>\n<meta property=\"og:locale\" content=\"en_GB\" \/>\n<meta property=\"og:type\" content=\"article\" \/>\n<meta property=\"og:title\" content=\"Outdoor Dining Set - Rectangular Table 150 x 90 cm + 4 Adjustable Chairs, Bronze Color - Caribe - Don Baraton: tienda de sof\u00e1s, muebles y colchones\" \/>\n<meta property=\"og:description\" content=\"4 chairs adjustable in 5 positions  1 rectangular table  Bronze color steel  Toughened glass table top  Dimensions. Table: length 150 cm, width 90 cm, height 75 cm. Chairs: width 55 cm, depth 69 cm, height 105 cm\" \/>\n<meta property=\"og:url\" content=\"https:\/\/donbaraton.es\/en\/p\/outdoor-dining-set-rectangular-table-150-90-cm-4-adjustable-chairs-bronze-caribe\/\" \/>\n<meta property=\"og:site_name\" content=\"Don Baraton: tienda de sof\u00e1s, muebles y colchones\" \/>\n<meta property=\"article:publisher\" content=\"https:\/\/www.facebook.com\/donbaraton.es\" \/>\n<meta property=\"article:modified_time\" content=\"2019-06-08T10:21:18+00:00\" \/>\n<meta property=\"og:image\" content=\"https:\/\/i2.wp.com\/donbaraton.es\/wp-content\/uploads\/2019\/06\/Conjunto-para-jard\u00edn-mesa-rectangular-150-x-90-cm-y-4-tumbonas-Caribe.jpg?fit=944%2C629&ssl=1\" \/>\n\t<meta property=\"og:image:width\" content=\"944\" \/>\n\t<meta property=\"og:image:height\" content=\"629\" \/>\n\t<meta property=\"og:image:type\" content=\"image\/jpeg\" \/>\n<meta name=\"twitter:card\" content=\"summary_large_image\" \/>\n<meta name=\"twitter:site\" content=\"@don_baraton\" \/>\n<script type=\"application\/ld+json\" class=\"yoast-schema-graph\">{\"@context\":\"https:\\\/\\\/schema.org\",\"@graph\":[{\"@type\":\"WebPage\",\"@id\":\"https:\\\/\\\/donbaraton.es\\\/en\\\/p\\\/outdoor-dining-set-rectangular-table-150-90-cm-4-adjustable-chairs-bronze-caribe\\\/\",\"url\":\"https:\\\/\\\/donbaraton.es\\\/en\\\/p\\\/outdoor-dining-set-rectangular-table-150-90-cm-4-adjustable-chairs-bronze-caribe\\\/\",\"name\":\"Outdoor Dining Set - Rectangular Table 150 x 90 cm + 4 Adjustable Chairs, Bronze Color - Caribe - Don Baraton: tienda de sof\u00e1s, muebles y colchones\",\"isPartOf\":{\"@id\":\"https:\\\/\\\/donbaraton.es\\\/#website\"},\"primaryImageOfPage\":{\"@id\":\"https:\\\/\\\/donbaraton.es\\\/en\\\/p\\\/outdoor-dining-set-rectangular-table-150-90-cm-4-adjustable-chairs-bronze-caribe\\\/#primaryimage\"},\"image\":{\"@id\":\"https:\\\/\\\/donbaraton.es\\\/en\\\/p\\\/outdoor-dining-set-rectangular-table-150-90-cm-4-adjustable-chairs-bronze-caribe\\\/#primaryimage\"},\"thumbnailUrl\":\"https:\\\/\\\/donbaraton.es\\\/wp-content\\\/uploads\\\/2019\\\/06\\\/Conjunto-para-jard\u00edn-mesa-rectangular-150-x-90-cm-y-4-tumbonas-Caribe.jpg\",\"datePublished\":\"2019-06-07T19:58:14+00:00\",\"dateModified\":\"2019-06-08T10:21:18+00:00\",\"breadcrumb\":{\"@id\":\"https:\\\/\\\/donbaraton.es\\\/en\\\/p\\\/outdoor-dining-set-rectangular-table-150-90-cm-4-adjustable-chairs-bronze-caribe\\\/#breadcrumb\"},\"inLanguage\":\"en-GB\",\"potentialAction\":[{\"@type\":\"ReadAction\",\"target\":[\"https:\\\/\\\/donbaraton.es\\\/en\\\/p\\\/outdoor-dining-set-rectangular-table-150-90-cm-4-adjustable-chairs-bronze-caribe\\\/\"]}]},{\"@type\":\"ImageObject\",\"inLanguage\":\"en-GB\",\"@id\":\"https:\\\/\\\/donbaraton.es\\\/en\\\/p\\\/outdoor-dining-set-rectangular-table-150-90-cm-4-adjustable-chairs-bronze-caribe\\\/#primaryimage\",\"url\":\"https:\\\/\\\/donbaraton.es\\\/wp-content\\\/uploads\\\/2019\\\/06\\\/Conjunto-para-jard\u00edn-mesa-rectangular-150-x-90-cm-y-4-tumbonas-Caribe.jpg\",\"contentUrl\":\"https:\\\/\\\/donbaraton.es\\\/wp-content\\\/uploads\\\/2019\\\/06\\\/Conjunto-para-jard\u00edn-mesa-rectangular-150-x-90-cm-y-4-tumbonas-Caribe.jpg\",\"width\":944,\"height\":629,\"caption\":\"Outdoor Dining Set - Rectangular Table 150 x 90 cm + 4 Adjustable Chairs, Bronze Color - Caribe\"},{\"@type\":\"BreadcrumbList\",\"@id\":\"https:\\\/\\\/donbaraton.es\\\/en\\\/p\\\/outdoor-dining-set-rectangular-table-150-90-cm-4-adjustable-chairs-bronze-caribe\\\/#breadcrumb\",\"itemListElement\":[{\"@type\":\"ListItem\",\"position\":1,\"name\":\"Portada\",\"item\":\"https:\\\/\\\/donbaraton.es\\\/en\\\/\"},{\"@type\":\"ListItem\",\"position\":2,\"name\":\"Online Shop\",\"item\":\"https:\\\/\\\/donbaraton.es\\\/en\\\/shop\\\/\"},{\"@type\":\"ListItem\",\"position\":3,\"name\":\"Outdoor Dining Set &#8211; Rectangular Table 150 x 90 cm + 4 Adjustable Chairs, Bronze Color &#8211; Caribe\"}]},{\"@type\":\"WebSite\",\"@id\":\"https:\\\/\\\/donbaraton.es\\\/#website\",\"url\":\"https:\\\/\\\/donbaraton.es\\\/\",\"name\":\"Don Baraton: tienda de sof\u00e1s, muebles y colchones\",\"description\":\"Sofas baratos desde el almac\u00e9n en Almorad\u00ed, Alicante\",\"publisher\":{\"@id\":\"https:\\\/\\\/donbaraton.es\\\/#organization\"},\"potentialAction\":[{\"@type\":\"SearchAction\",\"target\":{\"@type\":\"EntryPoint\",\"urlTemplate\":\"https:\\\/\\\/donbaraton.es\\\/?s={search_term_string}\"},\"query-input\":{\"@type\":\"PropertyValueSpecification\",\"valueRequired\":true,\"valueName\":\"search_term_string\"}}],\"inLanguage\":\"en-GB\"},{\"@type\":\"Organization\",\"@id\":\"https:\\\/\\\/donbaraton.es\\\/#organization\",\"name\":\"Don Baraton\",\"url\":\"https:\\\/\\\/donbaraton.es\\\/\",\"logo\":{\"@type\":\"ImageObject\",\"inLanguage\":\"en-GB\",\"@id\":\"https:\\\/\\\/donbaraton.es\\\/#\\\/schema\\\/logo\\\/image\\\/\",\"url\":\"https:\\\/\\\/i0.wp.com\\\/donbaraton.es\\\/wp-content\\\/uploads\\\/2016\\\/11\\\/logo_don_baraton.png?fit=228%2C110&ssl=1\",\"contentUrl\":\"https:\\\/\\\/i0.wp.com\\\/donbaraton.es\\\/wp-content\\\/uploads\\\/2016\\\/11\\\/logo_don_baraton.png?fit=228%2C110&ssl=1\",\"width\":228,\"height\":110,\"caption\":\"Don Baraton\"},\"image\":{\"@id\":\"https:\\\/\\\/donbaraton.es\\\/#\\\/schema\\\/logo\\\/image\\\/\"},\"sameAs\":[\"https:\\\/\\\/www.facebook.com\\\/donbaraton.es\",\"https:\\\/\\\/x.com\\\/don_baraton\",\"https:\\\/\\\/www.instagram.com\\\/donbaraton.es\",\"https:\\\/\\\/www.linkedin.com\\\/company\\\/donbaraton\\\/\",\"https:\\\/\\\/es.pinterest.com\\\/donbaraton\\\/\",\"https:\\\/\\\/www.youtube.com\\\/channel\\\/UCL02HOwx-F759Jq5MedAZfQ\"]}]}<\/script>\n<!-- \/ Yoast SEO plugin. -->","yoast_head_json":{"title":"Outdoor Dining Set - Rectangular Table 150 x 90 cm + 4 Adjustable Chairs, Bronze Color - Caribe - Don Baraton: tienda de sof\u00e1s, muebles y colchones","robots":{"index":"index","follow":"follow","max-snippet":"max-snippet:-1","max-image-preview":"max-image-preview:large","max-video-preview":"max-video-preview:-1"},"canonical":"https:\/\/donbaraton.es\/en\/p\/outdoor-dining-set-rectangular-table-150-90-cm-4-adjustable-chairs-bronze-caribe\/","og_locale":"en_GB","og_type":"article","og_title":"Outdoor Dining Set - Rectangular Table 150 x 90 cm + 4 Adjustable Chairs, Bronze Color - Caribe - Don Baraton: tienda de sof\u00e1s, muebles y colchones","og_description":"4 chairs adjustable in 5 positions  1 rectangular table  Bronze color steel  Toughened glass table top  Dimensions. Table: length 150 cm, width 90 cm, height 75 cm. Chairs: width 55 cm, depth 69 cm, height 105 cm","og_url":"https:\/\/donbaraton.es\/en\/p\/outdoor-dining-set-rectangular-table-150-90-cm-4-adjustable-chairs-bronze-caribe\/","og_site_name":"Don Baraton: tienda de sof\u00e1s, muebles y colchones","article_publisher":"https:\/\/www.facebook.com\/donbaraton.es","article_modified_time":"2019-06-08T10:21:18+00:00","og_image":[{"width":944,"height":629,"url":"https:\/\/i2.wp.com\/donbaraton.es\/wp-content\/uploads\/2019\/06\/Conjunto-para-jard\u00edn-mesa-rectangular-150-x-90-cm-y-4-tumbonas-Caribe.jpg?fit=944%2C629&ssl=1","type":"image\/jpeg"}],"twitter_card":"summary_large_image","twitter_site":"@don_baraton","schema":{"@context":"https:\/\/schema.org","@graph":[{"@type":"WebPage","@id":"https:\/\/donbaraton.es\/en\/p\/outdoor-dining-set-rectangular-table-150-90-cm-4-adjustable-chairs-bronze-caribe\/","url":"https:\/\/donbaraton.es\/en\/p\/outdoor-dining-set-rectangular-table-150-90-cm-4-adjustable-chairs-bronze-caribe\/","name":"Outdoor Dining Set - Rectangular Table 150 x 90 cm + 4 Adjustable Chairs, Bronze Color - Caribe - Don Baraton: tienda de sof\u00e1s, muebles y colchones","isPartOf":{"@id":"https:\/\/donbaraton.es\/#website"},"primaryImageOfPage":{"@id":"https:\/\/donbaraton.es\/en\/p\/outdoor-dining-set-rectangular-table-150-90-cm-4-adjustable-chairs-bronze-caribe\/#primaryimage"},"image":{"@id":"https:\/\/donbaraton.es\/en\/p\/outdoor-dining-set-rectangular-table-150-90-cm-4-adjustable-chairs-bronze-caribe\/#primaryimage"},"thumbnailUrl":"https:\/\/donbaraton.es\/wp-content\/uploads\/2019\/06\/Conjunto-para-jard\u00edn-mesa-rectangular-150-x-90-cm-y-4-tumbonas-Caribe.jpg","datePublished":"2019-06-07T19:58:14+00:00","dateModified":"2019-06-08T10:21:18+00:00","breadcrumb":{"@id":"https:\/\/donbaraton.es\/en\/p\/outdoor-dining-set-rectangular-table-150-90-cm-4-adjustable-chairs-bronze-caribe\/#breadcrumb"},"inLanguage":"en-GB","potentialAction":[{"@type":"ReadAction","target":["https:\/\/donbaraton.es\/en\/p\/outdoor-dining-set-rectangular-table-150-90-cm-4-adjustable-chairs-bronze-caribe\/"]}]},{"@type":"ImageObject","inLanguage":"en-GB","@id":"https:\/\/donbaraton.es\/en\/p\/outdoor-dining-set-rectangular-table-150-90-cm-4-adjustable-chairs-bronze-caribe\/#primaryimage","url":"https:\/\/donbaraton.es\/wp-content\/uploads\/2019\/06\/Conjunto-para-jard\u00edn-mesa-rectangular-150-x-90-cm-y-4-tumbonas-Caribe.jpg","contentUrl":"https:\/\/donbaraton.es\/wp-content\/uploads\/2019\/06\/Conjunto-para-jard\u00edn-mesa-rectangular-150-x-90-cm-y-4-tumbonas-Caribe.jpg","width":944,"height":629,"caption":"Outdoor Dining Set - Rectangular Table 150 x 90 cm + 4 Adjustable Chairs, Bronze Color - Caribe"},{"@type":"BreadcrumbList","@id":"https:\/\/donbaraton.es\/en\/p\/outdoor-dining-set-rectangular-table-150-90-cm-4-adjustable-chairs-bronze-caribe\/#breadcrumb","itemListElement":[{"@type":"ListItem","position":1,"name":"Portada","item":"https:\/\/donbaraton.es\/en\/"},{"@type":"ListItem","position":2,"name":"Online Shop","item":"https:\/\/donbaraton.es\/en\/shop\/"},{"@type":"ListItem","position":3,"name":"Outdoor Dining Set &#8211; Rectangular Table 150 x 90 cm + 4 Adjustable Chairs, Bronze Color &#8211; Caribe"}]},{"@type":"WebSite","@id":"https:\/\/donbaraton.es\/#website","url":"https:\/\/donbaraton.es\/","name":"Don Baraton: tienda de sof\u00e1s, muebles y colchones","description":"Sofas baratos desde el almac\u00e9n en Almorad\u00ed, Alicante","publisher":{"@id":"https:\/\/donbaraton.es\/#organization"},"potentialAction":[{"@type":"SearchAction","target":{"@type":"EntryPoint","urlTemplate":"https:\/\/donbaraton.es\/?s={search_term_string}"},"query-input":{"@type":"PropertyValueSpecification","valueRequired":true,"valueName":"search_term_string"}}],"inLanguage":"en-GB"},{"@type":"Organization","@id":"https:\/\/donbaraton.es\/#organization","name":"Don Baraton","url":"https:\/\/donbaraton.es\/","logo":{"@type":"ImageObject","inLanguage":"en-GB","@id":"https:\/\/donbaraton.es\/#\/schema\/logo\/image\/","url":"https:\/\/i0.wp.com\/donbaraton.es\/wp-content\/uploads\/2016\/11\/logo_don_baraton.png?fit=228%2C110&ssl=1","contentUrl":"https:\/\/i0.wp.com\/donbaraton.es\/wp-content\/uploads\/2016\/11\/logo_don_baraton.png?fit=228%2C110&ssl=1","width":228,"height":110,"caption":"Don Baraton"},"image":{"@id":"https:\/\/donbaraton.es\/#\/schema\/logo\/image\/"},"sameAs":["https:\/\/www.facebook.com\/donbaraton.es","https:\/\/x.com\/don_baraton","https:\/\/www.instagram.com\/donbaraton.es","https:\/\/www.linkedin.com\/company\/donbaraton\/","https:\/\/es.pinterest.com\/donbaraton\/","https:\/\/www.youtube.com\/channel\/UCL02HOwx-F759Jq5MedAZfQ"]}]}},"_links":{"self":[{"href":"https:\/\/donbaraton.es\/en\/wp-json\/wp\/v2\/product\/16761","targetHints":{"allow":["GET"]}}],"collection":[{"href":"https:\/\/donbaraton.es\/en\/wp-json\/wp\/v2\/product"}],"about":[{"href":"https:\/\/donbaraton.es\/en\/wp-json\/wp\/v2\/types\/product"}],"replies":[{"embeddable":true,"href":"https:\/\/donbaraton.es\/en\/wp-json\/wp\/v2\/comments?post=16761"}],"wp:featuredmedia":[{"embeddable":true,"href":"https:\/\/donbaraton.es\/en\/wp-json\/wp\/v2\/media\/16756"}],"wp:attachment":[{"href":"https:\/\/donbaraton.es\/en\/wp-json\/wp\/v2\/media?parent=16761"}],"wp:term":[{"taxonomy":"product_brand","embeddable":true,"href":"https:\/\/donbaraton.es\/en\/wp-json\/wp\/v2\/product_brand?post=16761"},{"taxonomy":"product_cat","embeddable":true,"href":"https:\/\/donbaraton.es\/en\/wp-json\/wp\/v2\/product_cat?post=16761"},{"taxonomy":"product_tag","embeddable":true,"href":"https:\/\/donbaraton.es\/en\/wp-json\/wp\/v2\/product_tag?post=16761"}],"curies":[{"name":"wp","href":"https:\/\/api.w.org\/{rel}","templated":true}]}}