{"id":16772,"date":"2019-06-08T15:54:03","date_gmt":"2019-06-08T13:54:03","guid":{"rendered":"https:\/\/donbaraton.es\/producto\/uncategorized\/patio-set-large-round-table-105-cm-4-chairs-bronze-colour-caribe\/"},"modified":"2025-09-11T08:11:25","modified_gmt":"2025-09-11T06:11:25","slug":"patio-set-large-round-table-105-cm-4-chairs-bronze-colour-caribe","status":"publish","type":"product","link":"https:\/\/donbaraton.es\/en\/p\/patio-set-large-round-table-105-cm-4-chairs-bronze-colour-caribe\/","title":{"rendered":"Patio Set &#8211; Large Round Table 105 cm + 4 Chairs, Bronze Colour &#8211; Caribe"},"content":{"rendered":"<p><strong>Patio set &#8211; large round table 105 cm and four chairs, bronze colour (brown metallic) &#8211; Caribe<\/strong><\/p>\n<p><strong>Dimensions.<\/strong>\u00a0<strong>Table:<\/strong> diameter 105 cm, height 75 cm. <strong>Chairs:<\/strong> width 54 cm, depth 84 cm, heigth 94 cm<\/p>\n<p><strong>Assembly service not included<\/strong><\/p>\n<p><strong>Cushions not included<\/strong><\/p>\n","protected":false},"excerpt":{"rendered":"<ul>\n<li>Large round table<\/li>\n<li>Toughened glass top<\/li>\n<li>4 stacking chairs included<\/li>\n<li>Steel in bronze colour<\/li>\n<\/ul>\n<p><strong>Dimensions.<\/strong>\u00a0<strong>Table:<\/strong> diameter 105 cm, height 75 cm. <strong>Chairs:<\/strong> width 54 cm, depth 84 cm, heigth 94 cm<\/p>\n","protected":false},"featured_media":16769,"comment_status":"open","ping_status":"closed","template":"","meta":{"_et_pb_use_builder":"","_et_pb_old_content":"","_et_gb_content_width":""},"product_brand":[],"product_cat":[158],"product_tag":[],"class_list":{"0":"post-16772","1":"product","2":"type-product","3":"status-publish","4":"has-post-thumbnail","6":"product_cat-outdoor","7":"product_shipping_class-articulos-pesado-manufacturing-up-to-10-days","9":"first","10":"outofstock","11":"sale","12":"taxable","13":"shipping-taxable","14":"purchasable","15":"product-type-simple"},"yoast_head":"<!-- This site is optimized with the Yoast SEO plugin v27.5 - https:\/\/yoast.com\/product\/yoast-seo-wordpress\/ -->\n<title>Patio Set - Large Round Table 105 cm + 4 Chairs, Bronze Colour - Caribe - Don Baraton: tienda de sof\u00e1s, muebles y colchones<\/title>\n<meta name=\"robots\" content=\"index, follow, max-snippet:-1, max-image-preview:large, max-video-preview:-1\" \/>\n<link rel=\"canonical\" href=\"https:\/\/donbaraton.es\/en\/p\/patio-set-large-round-table-105-cm-4-chairs-bronze-colour-caribe\/\" \/>\n<meta property=\"og:locale\" content=\"en_GB\" \/>\n<meta property=\"og:type\" content=\"article\" \/>\n<meta property=\"og:title\" content=\"Patio Set - Large Round Table 105 cm + 4 Chairs, Bronze Colour - Caribe - Don Baraton: tienda de sof\u00e1s, muebles y colchones\" \/>\n<meta property=\"og:description\" content=\"Large round table  Toughened glass top  4 stacking chairs included  Steel in bronze colour  Dimensions.\u00a0Table: diameter 105 cm, height 75 cm. Chairs: width 54 cm, depth 84 cm, heigth 94 cm\" \/>\n<meta property=\"og:url\" content=\"https:\/\/donbaraton.es\/en\/p\/patio-set-large-round-table-105-cm-4-chairs-bronze-colour-caribe\/\" \/>\n<meta property=\"og:site_name\" content=\"Don Baraton: tienda de sof\u00e1s, muebles y colchones\" \/>\n<meta property=\"article:publisher\" content=\"https:\/\/www.facebook.com\/donbaraton.es\" \/>\n<meta property=\"article:modified_time\" content=\"2025-09-11T06:11:25+00:00\" \/>\n<meta property=\"og:image\" content=\"https:\/\/i0.wp.com\/donbaraton.es\/wp-content\/uploads\/2019\/06\/Juego-de-jard\u00edn-mesa-redonda-grade-105-cm-y-4-sillones-de-acero-Caribe.jpg?fit=800%2C533&ssl=1\" \/>\n\t<meta property=\"og:image:width\" content=\"800\" \/>\n\t<meta property=\"og:image:height\" content=\"533\" \/>\n\t<meta property=\"og:image:type\" content=\"image\/jpeg\" \/>\n<meta name=\"twitter:card\" content=\"summary_large_image\" \/>\n<meta name=\"twitter:site\" content=\"@don_baraton\" \/>\n<script type=\"application\/ld+json\" class=\"yoast-schema-graph\">{\"@context\":\"https:\\\/\\\/schema.org\",\"@graph\":[{\"@type\":\"WebPage\",\"@id\":\"https:\\\/\\\/donbaraton.es\\\/en\\\/p\\\/patio-set-large-round-table-105-cm-4-chairs-bronze-colour-caribe\\\/\",\"url\":\"https:\\\/\\\/donbaraton.es\\\/en\\\/p\\\/patio-set-large-round-table-105-cm-4-chairs-bronze-colour-caribe\\\/\",\"name\":\"Patio Set - Large Round Table 105 cm + 4 Chairs, Bronze Colour - Caribe - Don Baraton: tienda de sof\u00e1s, muebles y colchones\",\"isPartOf\":{\"@id\":\"https:\\\/\\\/donbaraton.es\\\/#website\"},\"primaryImageOfPage\":{\"@id\":\"https:\\\/\\\/donbaraton.es\\\/en\\\/p\\\/patio-set-large-round-table-105-cm-4-chairs-bronze-colour-caribe\\\/#primaryimage\"},\"image\":{\"@id\":\"https:\\\/\\\/donbaraton.es\\\/en\\\/p\\\/patio-set-large-round-table-105-cm-4-chairs-bronze-colour-caribe\\\/#primaryimage\"},\"thumbnailUrl\":\"https:\\\/\\\/donbaraton.es\\\/wp-content\\\/uploads\\\/2019\\\/06\\\/Juego-de-jard\u00edn-mesa-redonda-grade-105-cm-y-4-sillones-de-acero-Caribe.jpg\",\"datePublished\":\"2019-06-08T13:54:03+00:00\",\"dateModified\":\"2025-09-11T06:11:25+00:00\",\"breadcrumb\":{\"@id\":\"https:\\\/\\\/donbaraton.es\\\/en\\\/p\\\/patio-set-large-round-table-105-cm-4-chairs-bronze-colour-caribe\\\/#breadcrumb\"},\"inLanguage\":\"en-GB\",\"potentialAction\":[{\"@type\":\"ReadAction\",\"target\":[\"https:\\\/\\\/donbaraton.es\\\/en\\\/p\\\/patio-set-large-round-table-105-cm-4-chairs-bronze-colour-caribe\\\/\"]}]},{\"@type\":\"ImageObject\",\"inLanguage\":\"en-GB\",\"@id\":\"https:\\\/\\\/donbaraton.es\\\/en\\\/p\\\/patio-set-large-round-table-105-cm-4-chairs-bronze-colour-caribe\\\/#primaryimage\",\"url\":\"https:\\\/\\\/donbaraton.es\\\/wp-content\\\/uploads\\\/2019\\\/06\\\/Juego-de-jard\u00edn-mesa-redonda-grade-105-cm-y-4-sillones-de-acero-Caribe.jpg\",\"contentUrl\":\"https:\\\/\\\/donbaraton.es\\\/wp-content\\\/uploads\\\/2019\\\/06\\\/Juego-de-jard\u00edn-mesa-redonda-grade-105-cm-y-4-sillones-de-acero-Caribe.jpg\",\"width\":800,\"height\":533,\"caption\":\"Patio Set - Large Round Table 105 cm + 4 Chairs, Bronze Colour - Caribe\"},{\"@type\":\"BreadcrumbList\",\"@id\":\"https:\\\/\\\/donbaraton.es\\\/en\\\/p\\\/patio-set-large-round-table-105-cm-4-chairs-bronze-colour-caribe\\\/#breadcrumb\",\"itemListElement\":[{\"@type\":\"ListItem\",\"position\":1,\"name\":\"Portada\",\"item\":\"https:\\\/\\\/donbaraton.es\\\/en\\\/\"},{\"@type\":\"ListItem\",\"position\":2,\"name\":\"Online Shop\",\"item\":\"https:\\\/\\\/donbaraton.es\\\/en\\\/shop\\\/\"},{\"@type\":\"ListItem\",\"position\":3,\"name\":\"Patio Set &#8211; Large Round Table 105 cm + 4 Chairs, Bronze Colour &#8211; Caribe\"}]},{\"@type\":\"WebSite\",\"@id\":\"https:\\\/\\\/donbaraton.es\\\/#website\",\"url\":\"https:\\\/\\\/donbaraton.es\\\/\",\"name\":\"Don Baraton: tienda de sof\u00e1s, muebles y colchones\",\"description\":\"Sofas baratos desde el almac\u00e9n en Almorad\u00ed, Alicante\",\"publisher\":{\"@id\":\"https:\\\/\\\/donbaraton.es\\\/#organization\"},\"potentialAction\":[{\"@type\":\"SearchAction\",\"target\":{\"@type\":\"EntryPoint\",\"urlTemplate\":\"https:\\\/\\\/donbaraton.es\\\/?s={search_term_string}\"},\"query-input\":{\"@type\":\"PropertyValueSpecification\",\"valueRequired\":true,\"valueName\":\"search_term_string\"}}],\"inLanguage\":\"en-GB\"},{\"@type\":\"Organization\",\"@id\":\"https:\\\/\\\/donbaraton.es\\\/#organization\",\"name\":\"Don Baraton\",\"url\":\"https:\\\/\\\/donbaraton.es\\\/\",\"logo\":{\"@type\":\"ImageObject\",\"inLanguage\":\"en-GB\",\"@id\":\"https:\\\/\\\/donbaraton.es\\\/#\\\/schema\\\/logo\\\/image\\\/\",\"url\":\"https:\\\/\\\/i0.wp.com\\\/donbaraton.es\\\/wp-content\\\/uploads\\\/2016\\\/11\\\/logo_don_baraton.png?fit=228%2C110&ssl=1\",\"contentUrl\":\"https:\\\/\\\/i0.wp.com\\\/donbaraton.es\\\/wp-content\\\/uploads\\\/2016\\\/11\\\/logo_don_baraton.png?fit=228%2C110&ssl=1\",\"width\":228,\"height\":110,\"caption\":\"Don Baraton\"},\"image\":{\"@id\":\"https:\\\/\\\/donbaraton.es\\\/#\\\/schema\\\/logo\\\/image\\\/\"},\"sameAs\":[\"https:\\\/\\\/www.facebook.com\\\/donbaraton.es\",\"https:\\\/\\\/x.com\\\/don_baraton\",\"https:\\\/\\\/www.instagram.com\\\/donbaraton.es\",\"https:\\\/\\\/www.linkedin.com\\\/company\\\/donbaraton\\\/\",\"https:\\\/\\\/es.pinterest.com\\\/donbaraton\\\/\",\"https:\\\/\\\/www.youtube.com\\\/channel\\\/UCL02HOwx-F759Jq5MedAZfQ\"]}]}<\/script>\n<!-- \/ Yoast SEO plugin. -->","yoast_head_json":{"title":"Patio Set - Large Round Table 105 cm + 4 Chairs, Bronze Colour - Caribe - Don Baraton: tienda de sof\u00e1s, muebles y colchones","robots":{"index":"index","follow":"follow","max-snippet":"max-snippet:-1","max-image-preview":"max-image-preview:large","max-video-preview":"max-video-preview:-1"},"canonical":"https:\/\/donbaraton.es\/en\/p\/patio-set-large-round-table-105-cm-4-chairs-bronze-colour-caribe\/","og_locale":"en_GB","og_type":"article","og_title":"Patio Set - Large Round Table 105 cm + 4 Chairs, Bronze Colour - Caribe - Don Baraton: tienda de sof\u00e1s, muebles y colchones","og_description":"Large round table  Toughened glass top  4 stacking chairs included  Steel in bronze colour  Dimensions.\u00a0Table: diameter 105 cm, height 75 cm. Chairs: width 54 cm, depth 84 cm, heigth 94 cm","og_url":"https:\/\/donbaraton.es\/en\/p\/patio-set-large-round-table-105-cm-4-chairs-bronze-colour-caribe\/","og_site_name":"Don Baraton: tienda de sof\u00e1s, muebles y colchones","article_publisher":"https:\/\/www.facebook.com\/donbaraton.es","article_modified_time":"2025-09-11T06:11:25+00:00","og_image":[{"width":800,"height":533,"url":"https:\/\/i0.wp.com\/donbaraton.es\/wp-content\/uploads\/2019\/06\/Juego-de-jard\u00edn-mesa-redonda-grade-105-cm-y-4-sillones-de-acero-Caribe.jpg?fit=800%2C533&ssl=1","type":"image\/jpeg"}],"twitter_card":"summary_large_image","twitter_site":"@don_baraton","schema":{"@context":"https:\/\/schema.org","@graph":[{"@type":"WebPage","@id":"https:\/\/donbaraton.es\/en\/p\/patio-set-large-round-table-105-cm-4-chairs-bronze-colour-caribe\/","url":"https:\/\/donbaraton.es\/en\/p\/patio-set-large-round-table-105-cm-4-chairs-bronze-colour-caribe\/","name":"Patio Set - Large Round Table 105 cm + 4 Chairs, Bronze Colour - Caribe - Don Baraton: tienda de sof\u00e1s, muebles y colchones","isPartOf":{"@id":"https:\/\/donbaraton.es\/#website"},"primaryImageOfPage":{"@id":"https:\/\/donbaraton.es\/en\/p\/patio-set-large-round-table-105-cm-4-chairs-bronze-colour-caribe\/#primaryimage"},"image":{"@id":"https:\/\/donbaraton.es\/en\/p\/patio-set-large-round-table-105-cm-4-chairs-bronze-colour-caribe\/#primaryimage"},"thumbnailUrl":"https:\/\/donbaraton.es\/wp-content\/uploads\/2019\/06\/Juego-de-jard\u00edn-mesa-redonda-grade-105-cm-y-4-sillones-de-acero-Caribe.jpg","datePublished":"2019-06-08T13:54:03+00:00","dateModified":"2025-09-11T06:11:25+00:00","breadcrumb":{"@id":"https:\/\/donbaraton.es\/en\/p\/patio-set-large-round-table-105-cm-4-chairs-bronze-colour-caribe\/#breadcrumb"},"inLanguage":"en-GB","potentialAction":[{"@type":"ReadAction","target":["https:\/\/donbaraton.es\/en\/p\/patio-set-large-round-table-105-cm-4-chairs-bronze-colour-caribe\/"]}]},{"@type":"ImageObject","inLanguage":"en-GB","@id":"https:\/\/donbaraton.es\/en\/p\/patio-set-large-round-table-105-cm-4-chairs-bronze-colour-caribe\/#primaryimage","url":"https:\/\/donbaraton.es\/wp-content\/uploads\/2019\/06\/Juego-de-jard\u00edn-mesa-redonda-grade-105-cm-y-4-sillones-de-acero-Caribe.jpg","contentUrl":"https:\/\/donbaraton.es\/wp-content\/uploads\/2019\/06\/Juego-de-jard\u00edn-mesa-redonda-grade-105-cm-y-4-sillones-de-acero-Caribe.jpg","width":800,"height":533,"caption":"Patio Set - Large Round Table 105 cm + 4 Chairs, Bronze Colour - Caribe"},{"@type":"BreadcrumbList","@id":"https:\/\/donbaraton.es\/en\/p\/patio-set-large-round-table-105-cm-4-chairs-bronze-colour-caribe\/#breadcrumb","itemListElement":[{"@type":"ListItem","position":1,"name":"Portada","item":"https:\/\/donbaraton.es\/en\/"},{"@type":"ListItem","position":2,"name":"Online Shop","item":"https:\/\/donbaraton.es\/en\/shop\/"},{"@type":"ListItem","position":3,"name":"Patio Set &#8211; Large Round Table 105 cm + 4 Chairs, Bronze Colour &#8211; Caribe"}]},{"@type":"WebSite","@id":"https:\/\/donbaraton.es\/#website","url":"https:\/\/donbaraton.es\/","name":"Don Baraton: tienda de sof\u00e1s, muebles y colchones","description":"Sofas baratos desde el almac\u00e9n en Almorad\u00ed, Alicante","publisher":{"@id":"https:\/\/donbaraton.es\/#organization"},"potentialAction":[{"@type":"SearchAction","target":{"@type":"EntryPoint","urlTemplate":"https:\/\/donbaraton.es\/?s={search_term_string}"},"query-input":{"@type":"PropertyValueSpecification","valueRequired":true,"valueName":"search_term_string"}}],"inLanguage":"en-GB"},{"@type":"Organization","@id":"https:\/\/donbaraton.es\/#organization","name":"Don Baraton","url":"https:\/\/donbaraton.es\/","logo":{"@type":"ImageObject","inLanguage":"en-GB","@id":"https:\/\/donbaraton.es\/#\/schema\/logo\/image\/","url":"https:\/\/i0.wp.com\/donbaraton.es\/wp-content\/uploads\/2016\/11\/logo_don_baraton.png?fit=228%2C110&ssl=1","contentUrl":"https:\/\/i0.wp.com\/donbaraton.es\/wp-content\/uploads\/2016\/11\/logo_don_baraton.png?fit=228%2C110&ssl=1","width":228,"height":110,"caption":"Don Baraton"},"image":{"@id":"https:\/\/donbaraton.es\/#\/schema\/logo\/image\/"},"sameAs":["https:\/\/www.facebook.com\/donbaraton.es","https:\/\/x.com\/don_baraton","https:\/\/www.instagram.com\/donbaraton.es","https:\/\/www.linkedin.com\/company\/donbaraton\/","https:\/\/es.pinterest.com\/donbaraton\/","https:\/\/www.youtube.com\/channel\/UCL02HOwx-F759Jq5MedAZfQ"]}]}},"_links":{"self":[{"href":"https:\/\/donbaraton.es\/en\/wp-json\/wp\/v2\/product\/16772","targetHints":{"allow":["GET"]}}],"collection":[{"href":"https:\/\/donbaraton.es\/en\/wp-json\/wp\/v2\/product"}],"about":[{"href":"https:\/\/donbaraton.es\/en\/wp-json\/wp\/v2\/types\/product"}],"replies":[{"embeddable":true,"href":"https:\/\/donbaraton.es\/en\/wp-json\/wp\/v2\/comments?post=16772"}],"wp:featuredmedia":[{"embeddable":true,"href":"https:\/\/donbaraton.es\/en\/wp-json\/wp\/v2\/media\/16769"}],"wp:attachment":[{"href":"https:\/\/donbaraton.es\/en\/wp-json\/wp\/v2\/media?parent=16772"}],"wp:term":[{"taxonomy":"product_brand","embeddable":true,"href":"https:\/\/donbaraton.es\/en\/wp-json\/wp\/v2\/product_brand?post=16772"},{"taxonomy":"product_cat","embeddable":true,"href":"https:\/\/donbaraton.es\/en\/wp-json\/wp\/v2\/product_cat?post=16772"},{"taxonomy":"product_tag","embeddable":true,"href":"https:\/\/donbaraton.es\/en\/wp-json\/wp\/v2\/product_tag?post=16772"}],"curies":[{"name":"wp","href":"https:\/\/api.w.org\/{rel}","templated":true}]}}