{"id":17272,"date":"2019-06-24T14:31:26","date_gmt":"2019-06-24T12:31:26","guid":{"rendered":"https:\/\/donbaraton.es\/producto\/uncategorized\/3-seater-sofa-bed-for-small-rooms-liverpool\/"},"modified":"2023-12-04T12:29:50","modified_gmt":"2023-12-04T11:29:50","slug":"3-seater-sofa-bed-for-small-rooms-liverpool","status":"publish","type":"product","link":"https:\/\/donbaraton.es\/en\/p\/3-seater-sofa-bed-for-small-rooms-liverpool\/","title":{"rendered":"3 Seater Sofa Bed for Small Rooms &#8211; Liverpool"},"content":{"rendered":"<p><strong>Three seater sofa bed for small rooms &#8211; Liverpool<\/strong><\/p>\n<p>Designed for small rooms this sofa will fit nearly everywhere.<\/p>\n<p>The common problem of many sofa beds is that they require some space behind them in order to open the bed.<\/p>\n<p>This is not the case with Liverpool. You can put the sofa close to the wall and then unfold it into bed without hassle. No need to pull the sofa from the wall every time or leave precious space behind it.<\/p>\n<p>Synthetic fabric is soft to touch and easy to clean.<\/p>\n<p>Perfect solution for small spaces!<\/p>\n<p><strong>Dimensions:<\/strong> length 220 cm, height 89 cm, depth 83 cm. <strong>Dimensions of bed:<\/strong> 140 x 183 cm<\/p>\n<p><strong>Weight:<\/strong> 74 kg<\/p>\n<p><strong>Attention<\/strong> &#8211; not suitable for sleeping of people taller than 180 cm<\/p>\n","protected":false},"excerpt":{"rendered":"<ul>\n<li>Doesn&#8217;t require space behind to unfold<\/li>\n<li>No need to move the sofa to pull the bed out<\/li>\n<li>Bed 140 x 183 cm<\/li>\n<li>Upholstered in grey, soft to touch fabric<\/li>\n<\/ul>\n<p><strong>Dimensions:<\/strong> length 220 cm, height 89 cm, depth 89 cm<\/p>\n","protected":false},"featured_media":17241,"comment_status":"open","ping_status":"closed","template":"","meta":{"_et_pb_use_builder":"","_et_pb_old_content":"","_et_gb_content_width":""},"product_brand":[],"product_cat":[41,35],"product_tag":[],"class_list":{"0":"post-17272","1":"product","2":"type-product","3":"status-publish","4":"has-post-thumbnail","6":"product_cat-sofa-beds","7":"product_cat-sofas-en","8":"product_shipping_class-articulos-pesados","9":"pa_largo-sofas-201-250-cm-en","10":"pa_material-fabric","11":"pa_plazas-3-seater-sofas","13":"first","14":"outofstock","15":"sale","16":"taxable","17":"shipping-taxable","18":"purchasable","19":"product-type-simple"},"yoast_head":"<!-- This site is optimized with the Yoast SEO plugin v27.2 - https:\/\/yoast.com\/product\/yoast-seo-wordpress\/ -->\n<title>3 Seater Sofa Bed for Small Rooms - Liverpool - Don Baraton: tienda de sof\u00e1s, muebles y colchones<\/title>\n<meta name=\"robots\" content=\"index, follow, max-snippet:-1, max-image-preview:large, max-video-preview:-1\" \/>\n<link rel=\"canonical\" href=\"https:\/\/donbaraton.es\/en\/p\/3-seater-sofa-bed-for-small-rooms-liverpool\/\" \/>\n<meta property=\"og:locale\" content=\"en_GB\" \/>\n<meta property=\"og:type\" content=\"article\" \/>\n<meta property=\"og:title\" content=\"3 Seater Sofa Bed for Small Rooms - Liverpool - Don Baraton: tienda de sof\u00e1s, muebles y colchones\" \/>\n<meta property=\"og:description\" content=\"Doesn&#039;t require space behind to unfold  No need to move the sofa to pull the bed out  Bed 140 x 183 cm  Upholstered in grey, soft to touch fabric  Dimensions: length 220 cm, height 89 cm, depth 89 cm\" \/>\n<meta property=\"og:url\" content=\"https:\/\/donbaraton.es\/en\/p\/3-seater-sofa-bed-for-small-rooms-liverpool\/\" \/>\n<meta property=\"og:site_name\" content=\"Don Baraton: tienda de sof\u00e1s, muebles y colchones\" \/>\n<meta property=\"article:publisher\" content=\"https:\/\/www.facebook.com\/donbaraton.es\" \/>\n<meta property=\"article:modified_time\" content=\"2023-12-04T11:29:50+00:00\" \/>\n<meta property=\"og:image\" content=\"https:\/\/i1.wp.com\/donbaraton.es\/wp-content\/uploads\/2019\/06\/Sof\u00e1-cama-de-3-plazas-para-espacios-reducidos-Liverpool.-Color-gris-claro-Soro-93.jpg?fit=1000%2C666&ssl=1\" \/>\n\t<meta property=\"og:image:width\" content=\"1000\" \/>\n\t<meta property=\"og:image:height\" content=\"666\" \/>\n\t<meta property=\"og:image:type\" content=\"image\/jpeg\" \/>\n<meta name=\"twitter:card\" content=\"summary_large_image\" \/>\n<meta name=\"twitter:site\" content=\"@don_baraton\" \/>\n<meta name=\"twitter:label1\" content=\"Estimated reading time\" \/>\n\t<meta name=\"twitter:data1\" content=\"1 minute\" \/>\n<script type=\"application\/ld+json\" class=\"yoast-schema-graph\">{\"@context\":\"https:\/\/schema.org\",\"@graph\":[{\"@type\":\"WebPage\",\"@id\":\"https:\/\/donbaraton.es\/en\/p\/3-seater-sofa-bed-for-small-rooms-liverpool\/\",\"url\":\"https:\/\/donbaraton.es\/en\/p\/3-seater-sofa-bed-for-small-rooms-liverpool\/\",\"name\":\"3 Seater Sofa Bed for Small Rooms - Liverpool - Don Baraton: tienda de sof\u00e1s, muebles y colchones\",\"isPartOf\":{\"@id\":\"https:\/\/donbaraton.es\/#website\"},\"primaryImageOfPage\":{\"@id\":\"https:\/\/donbaraton.es\/en\/p\/3-seater-sofa-bed-for-small-rooms-liverpool\/#primaryimage\"},\"image\":{\"@id\":\"https:\/\/donbaraton.es\/en\/p\/3-seater-sofa-bed-for-small-rooms-liverpool\/#primaryimage\"},\"thumbnailUrl\":\"https:\/\/donbaraton.es\/wp-content\/uploads\/2019\/06\/Sof\u00e1-cama-de-3-plazas-para-espacios-reducidos-Liverpool.-Color-gris-claro-Soro-93.jpg\",\"datePublished\":\"2019-06-24T12:31:26+00:00\",\"dateModified\":\"2023-12-04T11:29:50+00:00\",\"breadcrumb\":{\"@id\":\"https:\/\/donbaraton.es\/en\/p\/3-seater-sofa-bed-for-small-rooms-liverpool\/#breadcrumb\"},\"inLanguage\":\"en-GB\",\"potentialAction\":[{\"@type\":\"ReadAction\",\"target\":[\"https:\/\/donbaraton.es\/en\/p\/3-seater-sofa-bed-for-small-rooms-liverpool\/\"]}]},{\"@type\":\"ImageObject\",\"inLanguage\":\"en-GB\",\"@id\":\"https:\/\/donbaraton.es\/en\/p\/3-seater-sofa-bed-for-small-rooms-liverpool\/#primaryimage\",\"url\":\"https:\/\/donbaraton.es\/wp-content\/uploads\/2019\/06\/Sof\u00e1-cama-de-3-plazas-para-espacios-reducidos-Liverpool.-Color-gris-claro-Soro-93.jpg\",\"contentUrl\":\"https:\/\/donbaraton.es\/wp-content\/uploads\/2019\/06\/Sof\u00e1-cama-de-3-plazas-para-espacios-reducidos-Liverpool.-Color-gris-claro-Soro-93.jpg\",\"width\":1000,\"height\":666,\"caption\":\"3 Seater Sofa Bed for Small Rooms - Liverpool. Light grey fabric Soro 93\"},{\"@type\":\"BreadcrumbList\",\"@id\":\"https:\/\/donbaraton.es\/en\/p\/3-seater-sofa-bed-for-small-rooms-liverpool\/#breadcrumb\",\"itemListElement\":[{\"@type\":\"ListItem\",\"position\":1,\"name\":\"Portada\",\"item\":\"https:\/\/donbaraton.es\/en\/\"},{\"@type\":\"ListItem\",\"position\":2,\"name\":\"Online Shop\",\"item\":\"https:\/\/donbaraton.es\/en\/shop\/\"},{\"@type\":\"ListItem\",\"position\":3,\"name\":\"3 Seater Sofa Bed for Small Rooms &#8211; Liverpool\"}]},{\"@type\":\"WebSite\",\"@id\":\"https:\/\/donbaraton.es\/#website\",\"url\":\"https:\/\/donbaraton.es\/\",\"name\":\"Don Baraton: tienda de sof\u00e1s, muebles y colchones\",\"description\":\"Sofas baratos desde el almac\u00e9n en Almorad\u00ed, Alicante\",\"publisher\":{\"@id\":\"https:\/\/donbaraton.es\/#organization\"},\"potentialAction\":[{\"@type\":\"SearchAction\",\"target\":{\"@type\":\"EntryPoint\",\"urlTemplate\":\"https:\/\/donbaraton.es\/?s={search_term_string}\"},\"query-input\":{\"@type\":\"PropertyValueSpecification\",\"valueRequired\":true,\"valueName\":\"search_term_string\"}}],\"inLanguage\":\"en-GB\"},{\"@type\":\"Organization\",\"@id\":\"https:\/\/donbaraton.es\/#organization\",\"name\":\"Don Baraton\",\"url\":\"https:\/\/donbaraton.es\/\",\"logo\":{\"@type\":\"ImageObject\",\"inLanguage\":\"en-GB\",\"@id\":\"https:\/\/donbaraton.es\/#\/schema\/logo\/image\/\",\"url\":\"https:\/\/i0.wp.com\/donbaraton.es\/wp-content\/uploads\/2016\/11\/logo_don_baraton.png?fit=228%2C110&ssl=1\",\"contentUrl\":\"https:\/\/i0.wp.com\/donbaraton.es\/wp-content\/uploads\/2016\/11\/logo_don_baraton.png?fit=228%2C110&ssl=1\",\"width\":228,\"height\":110,\"caption\":\"Don Baraton\"},\"image\":{\"@id\":\"https:\/\/donbaraton.es\/#\/schema\/logo\/image\/\"},\"sameAs\":[\"https:\/\/www.facebook.com\/donbaraton.es\",\"https:\/\/x.com\/don_baraton\",\"https:\/\/www.instagram.com\/donbaraton.es\",\"https:\/\/www.linkedin.com\/company\/donbaraton\/\",\"https:\/\/es.pinterest.com\/donbaraton\/\",\"https:\/\/www.youtube.com\/channel\/UCL02HOwx-F759Jq5MedAZfQ\"]}]}<\/script>\n<!-- \/ Yoast SEO plugin. -->","yoast_head_json":{"title":"3 Seater Sofa Bed for Small Rooms - Liverpool - Don Baraton: tienda de sof\u00e1s, muebles y colchones","robots":{"index":"index","follow":"follow","max-snippet":"max-snippet:-1","max-image-preview":"max-image-preview:large","max-video-preview":"max-video-preview:-1"},"canonical":"https:\/\/donbaraton.es\/en\/p\/3-seater-sofa-bed-for-small-rooms-liverpool\/","og_locale":"en_GB","og_type":"article","og_title":"3 Seater Sofa Bed for Small Rooms - Liverpool - Don Baraton: tienda de sof\u00e1s, muebles y colchones","og_description":"Doesn't require space behind to unfold  No need to move the sofa to pull the bed out  Bed 140 x 183 cm  Upholstered in grey, soft to touch fabric  Dimensions: length 220 cm, height 89 cm, depth 89 cm","og_url":"https:\/\/donbaraton.es\/en\/p\/3-seater-sofa-bed-for-small-rooms-liverpool\/","og_site_name":"Don Baraton: tienda de sof\u00e1s, muebles y colchones","article_publisher":"https:\/\/www.facebook.com\/donbaraton.es","article_modified_time":"2023-12-04T11:29:50+00:00","og_image":[{"width":1000,"height":666,"url":"https:\/\/i1.wp.com\/donbaraton.es\/wp-content\/uploads\/2019\/06\/Sof\u00e1-cama-de-3-plazas-para-espacios-reducidos-Liverpool.-Color-gris-claro-Soro-93.jpg?fit=1000%2C666&ssl=1","type":"image\/jpeg"}],"twitter_card":"summary_large_image","twitter_site":"@don_baraton","twitter_misc":{"Estimated reading time":"1 minute"},"schema":{"@context":"https:\/\/schema.org","@graph":[{"@type":"WebPage","@id":"https:\/\/donbaraton.es\/en\/p\/3-seater-sofa-bed-for-small-rooms-liverpool\/","url":"https:\/\/donbaraton.es\/en\/p\/3-seater-sofa-bed-for-small-rooms-liverpool\/","name":"3 Seater Sofa Bed for Small Rooms - Liverpool - Don Baraton: tienda de sof\u00e1s, muebles y colchones","isPartOf":{"@id":"https:\/\/donbaraton.es\/#website"},"primaryImageOfPage":{"@id":"https:\/\/donbaraton.es\/en\/p\/3-seater-sofa-bed-for-small-rooms-liverpool\/#primaryimage"},"image":{"@id":"https:\/\/donbaraton.es\/en\/p\/3-seater-sofa-bed-for-small-rooms-liverpool\/#primaryimage"},"thumbnailUrl":"https:\/\/donbaraton.es\/wp-content\/uploads\/2019\/06\/Sof\u00e1-cama-de-3-plazas-para-espacios-reducidos-Liverpool.-Color-gris-claro-Soro-93.jpg","datePublished":"2019-06-24T12:31:26+00:00","dateModified":"2023-12-04T11:29:50+00:00","breadcrumb":{"@id":"https:\/\/donbaraton.es\/en\/p\/3-seater-sofa-bed-for-small-rooms-liverpool\/#breadcrumb"},"inLanguage":"en-GB","potentialAction":[{"@type":"ReadAction","target":["https:\/\/donbaraton.es\/en\/p\/3-seater-sofa-bed-for-small-rooms-liverpool\/"]}]},{"@type":"ImageObject","inLanguage":"en-GB","@id":"https:\/\/donbaraton.es\/en\/p\/3-seater-sofa-bed-for-small-rooms-liverpool\/#primaryimage","url":"https:\/\/donbaraton.es\/wp-content\/uploads\/2019\/06\/Sof\u00e1-cama-de-3-plazas-para-espacios-reducidos-Liverpool.-Color-gris-claro-Soro-93.jpg","contentUrl":"https:\/\/donbaraton.es\/wp-content\/uploads\/2019\/06\/Sof\u00e1-cama-de-3-plazas-para-espacios-reducidos-Liverpool.-Color-gris-claro-Soro-93.jpg","width":1000,"height":666,"caption":"3 Seater Sofa Bed for Small Rooms - Liverpool. Light grey fabric Soro 93"},{"@type":"BreadcrumbList","@id":"https:\/\/donbaraton.es\/en\/p\/3-seater-sofa-bed-for-small-rooms-liverpool\/#breadcrumb","itemListElement":[{"@type":"ListItem","position":1,"name":"Portada","item":"https:\/\/donbaraton.es\/en\/"},{"@type":"ListItem","position":2,"name":"Online Shop","item":"https:\/\/donbaraton.es\/en\/shop\/"},{"@type":"ListItem","position":3,"name":"3 Seater Sofa Bed for Small Rooms &#8211; Liverpool"}]},{"@type":"WebSite","@id":"https:\/\/donbaraton.es\/#website","url":"https:\/\/donbaraton.es\/","name":"Don Baraton: tienda de sof\u00e1s, muebles y colchones","description":"Sofas baratos desde el almac\u00e9n en Almorad\u00ed, Alicante","publisher":{"@id":"https:\/\/donbaraton.es\/#organization"},"potentialAction":[{"@type":"SearchAction","target":{"@type":"EntryPoint","urlTemplate":"https:\/\/donbaraton.es\/?s={search_term_string}"},"query-input":{"@type":"PropertyValueSpecification","valueRequired":true,"valueName":"search_term_string"}}],"inLanguage":"en-GB"},{"@type":"Organization","@id":"https:\/\/donbaraton.es\/#organization","name":"Don Baraton","url":"https:\/\/donbaraton.es\/","logo":{"@type":"ImageObject","inLanguage":"en-GB","@id":"https:\/\/donbaraton.es\/#\/schema\/logo\/image\/","url":"https:\/\/i0.wp.com\/donbaraton.es\/wp-content\/uploads\/2016\/11\/logo_don_baraton.png?fit=228%2C110&ssl=1","contentUrl":"https:\/\/i0.wp.com\/donbaraton.es\/wp-content\/uploads\/2016\/11\/logo_don_baraton.png?fit=228%2C110&ssl=1","width":228,"height":110,"caption":"Don Baraton"},"image":{"@id":"https:\/\/donbaraton.es\/#\/schema\/logo\/image\/"},"sameAs":["https:\/\/www.facebook.com\/donbaraton.es","https:\/\/x.com\/don_baraton","https:\/\/www.instagram.com\/donbaraton.es","https:\/\/www.linkedin.com\/company\/donbaraton\/","https:\/\/es.pinterest.com\/donbaraton\/","https:\/\/www.youtube.com\/channel\/UCL02HOwx-F759Jq5MedAZfQ"]}]}},"_links":{"self":[{"href":"https:\/\/donbaraton.es\/en\/wp-json\/wp\/v2\/product\/17272","targetHints":{"allow":["GET"]}}],"collection":[{"href":"https:\/\/donbaraton.es\/en\/wp-json\/wp\/v2\/product"}],"about":[{"href":"https:\/\/donbaraton.es\/en\/wp-json\/wp\/v2\/types\/product"}],"replies":[{"embeddable":true,"href":"https:\/\/donbaraton.es\/en\/wp-json\/wp\/v2\/comments?post=17272"}],"wp:featuredmedia":[{"embeddable":true,"href":"https:\/\/donbaraton.es\/en\/wp-json\/wp\/v2\/media\/17241"}],"wp:attachment":[{"href":"https:\/\/donbaraton.es\/en\/wp-json\/wp\/v2\/media?parent=17272"}],"wp:term":[{"taxonomy":"product_brand","embeddable":true,"href":"https:\/\/donbaraton.es\/en\/wp-json\/wp\/v2\/product_brand?post=17272"},{"taxonomy":"product_cat","embeddable":true,"href":"https:\/\/donbaraton.es\/en\/wp-json\/wp\/v2\/product_cat?post=17272"},{"taxonomy":"product_tag","embeddable":true,"href":"https:\/\/donbaraton.es\/en\/wp-json\/wp\/v2\/product_tag?post=17272"}],"curies":[{"name":"wp","href":"https:\/\/api.w.org\/{rel}","templated":true}]}}