{"id":17538,"date":"2019-06-26T02:08:37","date_gmt":"2019-06-26T00:08:37","guid":{"rendered":"https:\/\/donbaraton.es\/producto\/uncategorized\/patio-set-rectangular-table-150-90-cm-4-chairs-grey-steel-dominica\/"},"modified":"2022-02-15T15:59:35","modified_gmt":"2022-02-15T14:59:35","slug":"patio-set-rectangular-table-150-90-cm-4-chairs-grey-steel-dominica","status":"publish","type":"product","link":"https:\/\/donbaraton.es\/en\/p\/patio-set-rectangular-table-150-90-cm-4-chairs-grey-steel-dominica\/","title":{"rendered":"Patio Set: Rectangular Table 150 x 90 cm + 4 Chairs in Grey Steel &#8211; Dominica"},"content":{"rendered":"<p><strong>Patio set: rectangular table 150 x 90 cm and 4 chairs in grey steel &#8211; Dominica<\/strong><\/p>\n<p>Cushions are not included and sold separately<\/p>\n<p><strong>Dimensions. Rectangular garden table:<\/strong> length 150 cm, width 90 cm, height 75 cm.<strong> Garden chair:<\/strong> width 54 cm, depth 84 cm, height 94 cm<\/p>\n<p>Assembly service is not included<\/p>\n","protected":false},"excerpt":{"rendered":"<ul>\n<li>Steel painted in grey<\/li>\n<li>1 rectangular garden table included<\/li>\n<li>4 garden chairs included<\/li>\n<li>High strength polyester on seat and backrest<\/li>\n<li>Toughened glass top<\/li>\n<li>Matching other products of the Dominica range<\/li>\n<\/ul>\n<p><strong>Dimensions. Table:<\/strong> 150 x 90 x 75 cm (H).<strong> Garden chair:<\/strong> 54 cm, depth 84 cm, height 94 cm<\/p>\n","protected":false},"featured_media":17319,"comment_status":"open","ping_status":"closed","template":"","meta":{"_et_pb_use_builder":"","_et_pb_old_content":"","_et_gb_content_width":""},"product_brand":[],"product_cat":[158],"product_tag":[],"class_list":{"0":"post-17538","1":"product","2":"type-product","3":"status-publish","4":"has-post-thumbnail","6":"product_cat-outdoor","7":"product_shipping_class-articulos-promedios","8":"pa_material-metal-en","10":"first","11":"outofstock","12":"sale","13":"taxable","14":"shipping-taxable","15":"purchasable","16":"product-type-simple"},"yoast_head":"<!-- This site is optimized with the Yoast SEO plugin v27.5 - https:\/\/yoast.com\/product\/yoast-seo-wordpress\/ -->\n<title>Patio Set: Rectangular Table 150 x 90 cm + 4 Chairs in Grey Steel - Dominica - Don Baraton: tienda de sof\u00e1s, muebles y colchones<\/title>\n<meta name=\"robots\" content=\"index, follow, max-snippet:-1, max-image-preview:large, max-video-preview:-1\" \/>\n<link rel=\"canonical\" href=\"https:\/\/donbaraton.es\/en\/p\/patio-set-rectangular-table-150-90-cm-4-chairs-grey-steel-dominica\/\" \/>\n<meta property=\"og:locale\" content=\"en_GB\" \/>\n<meta property=\"og:type\" content=\"article\" \/>\n<meta property=\"og:title\" content=\"Patio Set: Rectangular Table 150 x 90 cm + 4 Chairs in Grey Steel - Dominica - Don Baraton: tienda de sof\u00e1s, muebles y colchones\" \/>\n<meta property=\"og:description\" content=\"Steel painted in grey  1 rectangular garden table included  4 garden chairs included  High strength polyester on seat and backrest  Toughened glass top  Matching other products of the Dominica range  Dimensions. Table: 150 x 90 x 75 cm (H). Garden chair: 54 cm, depth 84 cm, height 94 cm\" \/>\n<meta property=\"og:url\" content=\"https:\/\/donbaraton.es\/en\/p\/patio-set-rectangular-table-150-90-cm-4-chairs-grey-steel-dominica\/\" \/>\n<meta property=\"og:site_name\" content=\"Don Baraton: tienda de sof\u00e1s, muebles y colchones\" \/>\n<meta property=\"article:publisher\" content=\"https:\/\/www.facebook.com\/donbaraton.es\" \/>\n<meta property=\"article:modified_time\" content=\"2022-02-15T14:59:35+00:00\" \/>\n<meta property=\"og:image\" content=\"https:\/\/i1.wp.com\/donbaraton.es\/wp-content\/uploads\/2019\/06\/Set-de-jard\u00edn-gris-mesa-rectangular-150-x-90-cm-4-sillones-de-acero-Dominica.jpg?fit=800%2C532&ssl=1\" \/>\n\t<meta property=\"og:image:width\" content=\"800\" \/>\n\t<meta property=\"og:image:height\" content=\"532\" \/>\n\t<meta property=\"og:image:type\" content=\"image\/jpeg\" \/>\n<meta name=\"twitter:card\" content=\"summary_large_image\" \/>\n<meta name=\"twitter:site\" content=\"@don_baraton\" \/>\n<script type=\"application\/ld+json\" class=\"yoast-schema-graph\">{\"@context\":\"https:\\\/\\\/schema.org\",\"@graph\":[{\"@type\":\"WebPage\",\"@id\":\"https:\\\/\\\/donbaraton.es\\\/en\\\/p\\\/patio-set-rectangular-table-150-90-cm-4-chairs-grey-steel-dominica\\\/\",\"url\":\"https:\\\/\\\/donbaraton.es\\\/en\\\/p\\\/patio-set-rectangular-table-150-90-cm-4-chairs-grey-steel-dominica\\\/\",\"name\":\"Patio Set: Rectangular Table 150 x 90 cm + 4 Chairs in Grey Steel - Dominica - Don Baraton: tienda de sof\u00e1s, muebles y colchones\",\"isPartOf\":{\"@id\":\"https:\\\/\\\/donbaraton.es\\\/#website\"},\"primaryImageOfPage\":{\"@id\":\"https:\\\/\\\/donbaraton.es\\\/en\\\/p\\\/patio-set-rectangular-table-150-90-cm-4-chairs-grey-steel-dominica\\\/#primaryimage\"},\"image\":{\"@id\":\"https:\\\/\\\/donbaraton.es\\\/en\\\/p\\\/patio-set-rectangular-table-150-90-cm-4-chairs-grey-steel-dominica\\\/#primaryimage\"},\"thumbnailUrl\":\"https:\\\/\\\/donbaraton.es\\\/wp-content\\\/uploads\\\/2019\\\/06\\\/Set-de-jard\u00edn-gris-mesa-rectangular-150-x-90-cm-4-sillones-de-acero-Dominica.jpg\",\"datePublished\":\"2019-06-26T00:08:37+00:00\",\"dateModified\":\"2022-02-15T14:59:35+00:00\",\"breadcrumb\":{\"@id\":\"https:\\\/\\\/donbaraton.es\\\/en\\\/p\\\/patio-set-rectangular-table-150-90-cm-4-chairs-grey-steel-dominica\\\/#breadcrumb\"},\"inLanguage\":\"en-GB\",\"potentialAction\":[{\"@type\":\"ReadAction\",\"target\":[\"https:\\\/\\\/donbaraton.es\\\/en\\\/p\\\/patio-set-rectangular-table-150-90-cm-4-chairs-grey-steel-dominica\\\/\"]}]},{\"@type\":\"ImageObject\",\"inLanguage\":\"en-GB\",\"@id\":\"https:\\\/\\\/donbaraton.es\\\/en\\\/p\\\/patio-set-rectangular-table-150-90-cm-4-chairs-grey-steel-dominica\\\/#primaryimage\",\"url\":\"https:\\\/\\\/donbaraton.es\\\/wp-content\\\/uploads\\\/2019\\\/06\\\/Set-de-jard\u00edn-gris-mesa-rectangular-150-x-90-cm-4-sillones-de-acero-Dominica.jpg\",\"contentUrl\":\"https:\\\/\\\/donbaraton.es\\\/wp-content\\\/uploads\\\/2019\\\/06\\\/Set-de-jard\u00edn-gris-mesa-rectangular-150-x-90-cm-4-sillones-de-acero-Dominica.jpg\",\"width\":800,\"height\":532,\"caption\":\"Patio Set: Rectangular Table 150 x 90 cm + 4 Chairs in Grey Steel - Dominica\"},{\"@type\":\"BreadcrumbList\",\"@id\":\"https:\\\/\\\/donbaraton.es\\\/en\\\/p\\\/patio-set-rectangular-table-150-90-cm-4-chairs-grey-steel-dominica\\\/#breadcrumb\",\"itemListElement\":[{\"@type\":\"ListItem\",\"position\":1,\"name\":\"Portada\",\"item\":\"https:\\\/\\\/donbaraton.es\\\/en\\\/\"},{\"@type\":\"ListItem\",\"position\":2,\"name\":\"Online Shop\",\"item\":\"https:\\\/\\\/donbaraton.es\\\/en\\\/shop\\\/\"},{\"@type\":\"ListItem\",\"position\":3,\"name\":\"Patio Set: Rectangular Table 150 x 90 cm + 4 Chairs in Grey Steel &#8211; Dominica\"}]},{\"@type\":\"WebSite\",\"@id\":\"https:\\\/\\\/donbaraton.es\\\/#website\",\"url\":\"https:\\\/\\\/donbaraton.es\\\/\",\"name\":\"Don Baraton: tienda de sof\u00e1s, muebles y colchones\",\"description\":\"Sofas baratos desde el almac\u00e9n en Almorad\u00ed, Alicante\",\"publisher\":{\"@id\":\"https:\\\/\\\/donbaraton.es\\\/#organization\"},\"potentialAction\":[{\"@type\":\"SearchAction\",\"target\":{\"@type\":\"EntryPoint\",\"urlTemplate\":\"https:\\\/\\\/donbaraton.es\\\/?s={search_term_string}\"},\"query-input\":{\"@type\":\"PropertyValueSpecification\",\"valueRequired\":true,\"valueName\":\"search_term_string\"}}],\"inLanguage\":\"en-GB\"},{\"@type\":\"Organization\",\"@id\":\"https:\\\/\\\/donbaraton.es\\\/#organization\",\"name\":\"Don Baraton\",\"url\":\"https:\\\/\\\/donbaraton.es\\\/\",\"logo\":{\"@type\":\"ImageObject\",\"inLanguage\":\"en-GB\",\"@id\":\"https:\\\/\\\/donbaraton.es\\\/#\\\/schema\\\/logo\\\/image\\\/\",\"url\":\"https:\\\/\\\/i0.wp.com\\\/donbaraton.es\\\/wp-content\\\/uploads\\\/2016\\\/11\\\/logo_don_baraton.png?fit=228%2C110&ssl=1\",\"contentUrl\":\"https:\\\/\\\/i0.wp.com\\\/donbaraton.es\\\/wp-content\\\/uploads\\\/2016\\\/11\\\/logo_don_baraton.png?fit=228%2C110&ssl=1\",\"width\":228,\"height\":110,\"caption\":\"Don Baraton\"},\"image\":{\"@id\":\"https:\\\/\\\/donbaraton.es\\\/#\\\/schema\\\/logo\\\/image\\\/\"},\"sameAs\":[\"https:\\\/\\\/www.facebook.com\\\/donbaraton.es\",\"https:\\\/\\\/x.com\\\/don_baraton\",\"https:\\\/\\\/www.instagram.com\\\/donbaraton.es\",\"https:\\\/\\\/www.linkedin.com\\\/company\\\/donbaraton\\\/\",\"https:\\\/\\\/es.pinterest.com\\\/donbaraton\\\/\",\"https:\\\/\\\/www.youtube.com\\\/channel\\\/UCL02HOwx-F759Jq5MedAZfQ\"]}]}<\/script>\n<!-- \/ Yoast SEO plugin. -->","yoast_head_json":{"title":"Patio Set: Rectangular Table 150 x 90 cm + 4 Chairs in Grey Steel - Dominica - Don Baraton: tienda de sof\u00e1s, muebles y colchones","robots":{"index":"index","follow":"follow","max-snippet":"max-snippet:-1","max-image-preview":"max-image-preview:large","max-video-preview":"max-video-preview:-1"},"canonical":"https:\/\/donbaraton.es\/en\/p\/patio-set-rectangular-table-150-90-cm-4-chairs-grey-steel-dominica\/","og_locale":"en_GB","og_type":"article","og_title":"Patio Set: Rectangular Table 150 x 90 cm + 4 Chairs in Grey Steel - Dominica - Don Baraton: tienda de sof\u00e1s, muebles y colchones","og_description":"Steel painted in grey  1 rectangular garden table included  4 garden chairs included  High strength polyester on seat and backrest  Toughened glass top  Matching other products of the Dominica range  Dimensions. Table: 150 x 90 x 75 cm (H). Garden chair: 54 cm, depth 84 cm, height 94 cm","og_url":"https:\/\/donbaraton.es\/en\/p\/patio-set-rectangular-table-150-90-cm-4-chairs-grey-steel-dominica\/","og_site_name":"Don Baraton: tienda de sof\u00e1s, muebles y colchones","article_publisher":"https:\/\/www.facebook.com\/donbaraton.es","article_modified_time":"2022-02-15T14:59:35+00:00","og_image":[{"width":800,"height":532,"url":"https:\/\/i1.wp.com\/donbaraton.es\/wp-content\/uploads\/2019\/06\/Set-de-jard\u00edn-gris-mesa-rectangular-150-x-90-cm-4-sillones-de-acero-Dominica.jpg?fit=800%2C532&ssl=1","type":"image\/jpeg"}],"twitter_card":"summary_large_image","twitter_site":"@don_baraton","schema":{"@context":"https:\/\/schema.org","@graph":[{"@type":"WebPage","@id":"https:\/\/donbaraton.es\/en\/p\/patio-set-rectangular-table-150-90-cm-4-chairs-grey-steel-dominica\/","url":"https:\/\/donbaraton.es\/en\/p\/patio-set-rectangular-table-150-90-cm-4-chairs-grey-steel-dominica\/","name":"Patio Set: Rectangular Table 150 x 90 cm + 4 Chairs in Grey Steel - Dominica - Don Baraton: tienda de sof\u00e1s, muebles y colchones","isPartOf":{"@id":"https:\/\/donbaraton.es\/#website"},"primaryImageOfPage":{"@id":"https:\/\/donbaraton.es\/en\/p\/patio-set-rectangular-table-150-90-cm-4-chairs-grey-steel-dominica\/#primaryimage"},"image":{"@id":"https:\/\/donbaraton.es\/en\/p\/patio-set-rectangular-table-150-90-cm-4-chairs-grey-steel-dominica\/#primaryimage"},"thumbnailUrl":"https:\/\/donbaraton.es\/wp-content\/uploads\/2019\/06\/Set-de-jard\u00edn-gris-mesa-rectangular-150-x-90-cm-4-sillones-de-acero-Dominica.jpg","datePublished":"2019-06-26T00:08:37+00:00","dateModified":"2022-02-15T14:59:35+00:00","breadcrumb":{"@id":"https:\/\/donbaraton.es\/en\/p\/patio-set-rectangular-table-150-90-cm-4-chairs-grey-steel-dominica\/#breadcrumb"},"inLanguage":"en-GB","potentialAction":[{"@type":"ReadAction","target":["https:\/\/donbaraton.es\/en\/p\/patio-set-rectangular-table-150-90-cm-4-chairs-grey-steel-dominica\/"]}]},{"@type":"ImageObject","inLanguage":"en-GB","@id":"https:\/\/donbaraton.es\/en\/p\/patio-set-rectangular-table-150-90-cm-4-chairs-grey-steel-dominica\/#primaryimage","url":"https:\/\/donbaraton.es\/wp-content\/uploads\/2019\/06\/Set-de-jard\u00edn-gris-mesa-rectangular-150-x-90-cm-4-sillones-de-acero-Dominica.jpg","contentUrl":"https:\/\/donbaraton.es\/wp-content\/uploads\/2019\/06\/Set-de-jard\u00edn-gris-mesa-rectangular-150-x-90-cm-4-sillones-de-acero-Dominica.jpg","width":800,"height":532,"caption":"Patio Set: Rectangular Table 150 x 90 cm + 4 Chairs in Grey Steel - Dominica"},{"@type":"BreadcrumbList","@id":"https:\/\/donbaraton.es\/en\/p\/patio-set-rectangular-table-150-90-cm-4-chairs-grey-steel-dominica\/#breadcrumb","itemListElement":[{"@type":"ListItem","position":1,"name":"Portada","item":"https:\/\/donbaraton.es\/en\/"},{"@type":"ListItem","position":2,"name":"Online Shop","item":"https:\/\/donbaraton.es\/en\/shop\/"},{"@type":"ListItem","position":3,"name":"Patio Set: Rectangular Table 150 x 90 cm + 4 Chairs in Grey Steel &#8211; Dominica"}]},{"@type":"WebSite","@id":"https:\/\/donbaraton.es\/#website","url":"https:\/\/donbaraton.es\/","name":"Don Baraton: tienda de sof\u00e1s, muebles y colchones","description":"Sofas baratos desde el almac\u00e9n en Almorad\u00ed, Alicante","publisher":{"@id":"https:\/\/donbaraton.es\/#organization"},"potentialAction":[{"@type":"SearchAction","target":{"@type":"EntryPoint","urlTemplate":"https:\/\/donbaraton.es\/?s={search_term_string}"},"query-input":{"@type":"PropertyValueSpecification","valueRequired":true,"valueName":"search_term_string"}}],"inLanguage":"en-GB"},{"@type":"Organization","@id":"https:\/\/donbaraton.es\/#organization","name":"Don Baraton","url":"https:\/\/donbaraton.es\/","logo":{"@type":"ImageObject","inLanguage":"en-GB","@id":"https:\/\/donbaraton.es\/#\/schema\/logo\/image\/","url":"https:\/\/i0.wp.com\/donbaraton.es\/wp-content\/uploads\/2016\/11\/logo_don_baraton.png?fit=228%2C110&ssl=1","contentUrl":"https:\/\/i0.wp.com\/donbaraton.es\/wp-content\/uploads\/2016\/11\/logo_don_baraton.png?fit=228%2C110&ssl=1","width":228,"height":110,"caption":"Don Baraton"},"image":{"@id":"https:\/\/donbaraton.es\/#\/schema\/logo\/image\/"},"sameAs":["https:\/\/www.facebook.com\/donbaraton.es","https:\/\/x.com\/don_baraton","https:\/\/www.instagram.com\/donbaraton.es","https:\/\/www.linkedin.com\/company\/donbaraton\/","https:\/\/es.pinterest.com\/donbaraton\/","https:\/\/www.youtube.com\/channel\/UCL02HOwx-F759Jq5MedAZfQ"]}]}},"_links":{"self":[{"href":"https:\/\/donbaraton.es\/en\/wp-json\/wp\/v2\/product\/17538","targetHints":{"allow":["GET"]}}],"collection":[{"href":"https:\/\/donbaraton.es\/en\/wp-json\/wp\/v2\/product"}],"about":[{"href":"https:\/\/donbaraton.es\/en\/wp-json\/wp\/v2\/types\/product"}],"replies":[{"embeddable":true,"href":"https:\/\/donbaraton.es\/en\/wp-json\/wp\/v2\/comments?post=17538"}],"wp:featuredmedia":[{"embeddable":true,"href":"https:\/\/donbaraton.es\/en\/wp-json\/wp\/v2\/media\/17319"}],"wp:attachment":[{"href":"https:\/\/donbaraton.es\/en\/wp-json\/wp\/v2\/media?parent=17538"}],"wp:term":[{"taxonomy":"product_brand","embeddable":true,"href":"https:\/\/donbaraton.es\/en\/wp-json\/wp\/v2\/product_brand?post=17538"},{"taxonomy":"product_cat","embeddable":true,"href":"https:\/\/donbaraton.es\/en\/wp-json\/wp\/v2\/product_cat?post=17538"},{"taxonomy":"product_tag","embeddable":true,"href":"https:\/\/donbaraton.es\/en\/wp-json\/wp\/v2\/product_tag?post=17538"}],"curies":[{"name":"wp","href":"https:\/\/api.w.org\/{rel}","templated":true}]}}