{"id":17540,"date":"2019-06-26T12:02:51","date_gmt":"2019-06-26T10:02:51","guid":{"rendered":"https:\/\/donbaraton.es\/producto\/uncategorized\/outdoor-dining-set-grey-rectangular-table-150-90-4-adjustable-chairs-dominica\/"},"modified":"2019-07-03T17:07:02","modified_gmt":"2019-07-03T15:07:02","slug":"outdoor-dining-set-grey-rectangular-table-150-90-4-adjustable-chairs-dominica","status":"publish","type":"product","link":"https:\/\/donbaraton.es\/en\/p\/outdoor-dining-set-grey-rectangular-table-150-90-4-adjustable-chairs-dominica\/","title":{"rendered":"Outdoor Dining Set in Grey: Rectangular Table 150 x 90 cm + 4 Adjustable Chairs &#8211; Dominica"},"content":{"rendered":"<p><strong>Outdoor dining set in grey steel: rectangular table 150 x 90 cm and 4 adjustable chairs &#8211; Dominica<\/strong><\/p>\n<p><strong>Dimensions.<\/strong> <strong>Patio table:<\/strong> length 150 cm, width 90 cm, height 75 cm. <strong>Adjustable patio chair:<\/strong> width 54 cm, depth 76 cm, height 94 cm<\/p>\n<p><strong>Cushions not included<\/strong><\/p>\n<p><strong>Assembly service not included\u00a0<\/strong><\/p>\n","protected":false},"excerpt":{"rendered":"<ul>\n<li>Steel painted in dark grey<\/li>\n<li>4 chairs adjustable in 5 positions<\/li>\n<li>Toughened glass table top<\/li>\n<li>Matching other products of the Dominica range<\/li>\n<li>Cushions not included<\/li>\n<\/ul>\n<p><strong>Dimensions. Table:<\/strong> 150 x 90 x 75 (H). <strong>Chair:<\/strong> 54 x 76 x 94 (H)<\/p>\n","protected":false},"featured_media":17324,"comment_status":"open","ping_status":"closed","template":"","meta":{"_et_pb_use_builder":"","_et_pb_old_content":"","_et_gb_content_width":""},"product_brand":[],"product_cat":[158],"product_tag":[],"class_list":{"0":"post-17540","1":"product","2":"type-product","3":"status-publish","4":"has-post-thumbnail","6":"product_cat-outdoor","7":"product_shipping_class-articulos-pesado-manufacturing-up-to-10-days","8":"pa_material-metal-en","10":"first","11":"onbackorder","12":"sale","13":"taxable","14":"shipping-taxable","15":"purchasable","16":"product-type-simple"},"yoast_head":"<!-- This site is optimized with the Yoast SEO plugin v27.2 - https:\/\/yoast.com\/product\/yoast-seo-wordpress\/ -->\n<title>Outdoor Dining Set in Grey: Rectangular Table 150 x 90 cm + 4 Adjustable Chairs - Dominica - Don Baraton: tienda de sof\u00e1s, muebles y colchones<\/title>\n<meta name=\"robots\" content=\"index, follow, max-snippet:-1, max-image-preview:large, max-video-preview:-1\" \/>\n<link rel=\"canonical\" href=\"https:\/\/donbaraton.es\/en\/p\/outdoor-dining-set-grey-rectangular-table-150-90-4-adjustable-chairs-dominica\/\" \/>\n<meta property=\"og:locale\" content=\"en_GB\" \/>\n<meta property=\"og:type\" content=\"article\" \/>\n<meta property=\"og:title\" content=\"Outdoor Dining Set in Grey: Rectangular Table 150 x 90 cm + 4 Adjustable Chairs - Dominica - Don Baraton: tienda de sof\u00e1s, muebles y colchones\" \/>\n<meta property=\"og:description\" content=\"Steel painted in dark grey  4 chairs adjustable in 5 positions  Toughened glass table top  Matching other products of the Dominica range  Cushions not included  Dimensions. Table: 150 x 90 x 75 (H). Chair: 54 x 76 x 94 (H)\" \/>\n<meta property=\"og:url\" content=\"https:\/\/donbaraton.es\/en\/p\/outdoor-dining-set-grey-rectangular-table-150-90-4-adjustable-chairs-dominica\/\" \/>\n<meta property=\"og:site_name\" content=\"Don Baraton: tienda de sof\u00e1s, muebles y colchones\" \/>\n<meta property=\"article:publisher\" content=\"https:\/\/www.facebook.com\/donbaraton.es\" \/>\n<meta property=\"article:modified_time\" content=\"2019-07-03T15:07:02+00:00\" \/>\n<meta property=\"og:image\" content=\"https:\/\/i1.wp.com\/donbaraton.es\/wp-content\/uploads\/2019\/06\/Set-de-jard\u00edn-gris-con-mesa-rectangular-150-x-90-cm-4-tumbonas-de-acero-Dominica.jpg?fit=800%2C532&ssl=1\" \/>\n\t<meta property=\"og:image:width\" content=\"800\" \/>\n\t<meta property=\"og:image:height\" content=\"532\" \/>\n\t<meta property=\"og:image:type\" content=\"image\/jpeg\" \/>\n<meta name=\"twitter:card\" content=\"summary_large_image\" \/>\n<meta name=\"twitter:site\" content=\"@don_baraton\" \/>\n<script type=\"application\/ld+json\" class=\"yoast-schema-graph\">{\"@context\":\"https:\/\/schema.org\",\"@graph\":[{\"@type\":\"WebPage\",\"@id\":\"https:\/\/donbaraton.es\/en\/p\/outdoor-dining-set-grey-rectangular-table-150-90-4-adjustable-chairs-dominica\/\",\"url\":\"https:\/\/donbaraton.es\/en\/p\/outdoor-dining-set-grey-rectangular-table-150-90-4-adjustable-chairs-dominica\/\",\"name\":\"Outdoor Dining Set in Grey: Rectangular Table 150 x 90 cm + 4 Adjustable Chairs - Dominica - Don Baraton: tienda de sof\u00e1s, muebles y colchones\",\"isPartOf\":{\"@id\":\"https:\/\/donbaraton.es\/#website\"},\"primaryImageOfPage\":{\"@id\":\"https:\/\/donbaraton.es\/en\/p\/outdoor-dining-set-grey-rectangular-table-150-90-4-adjustable-chairs-dominica\/#primaryimage\"},\"image\":{\"@id\":\"https:\/\/donbaraton.es\/en\/p\/outdoor-dining-set-grey-rectangular-table-150-90-4-adjustable-chairs-dominica\/#primaryimage\"},\"thumbnailUrl\":\"https:\/\/donbaraton.es\/wp-content\/uploads\/2019\/06\/Set-de-jard\u00edn-gris-con-mesa-rectangular-150-x-90-cm-4-tumbonas-de-acero-Dominica.jpg\",\"datePublished\":\"2019-06-26T10:02:51+00:00\",\"dateModified\":\"2019-07-03T15:07:02+00:00\",\"breadcrumb\":{\"@id\":\"https:\/\/donbaraton.es\/en\/p\/outdoor-dining-set-grey-rectangular-table-150-90-4-adjustable-chairs-dominica\/#breadcrumb\"},\"inLanguage\":\"en-GB\",\"potentialAction\":[{\"@type\":\"ReadAction\",\"target\":[\"https:\/\/donbaraton.es\/en\/p\/outdoor-dining-set-grey-rectangular-table-150-90-4-adjustable-chairs-dominica\/\"]}]},{\"@type\":\"ImageObject\",\"inLanguage\":\"en-GB\",\"@id\":\"https:\/\/donbaraton.es\/en\/p\/outdoor-dining-set-grey-rectangular-table-150-90-4-adjustable-chairs-dominica\/#primaryimage\",\"url\":\"https:\/\/donbaraton.es\/wp-content\/uploads\/2019\/06\/Set-de-jard\u00edn-gris-con-mesa-rectangular-150-x-90-cm-4-tumbonas-de-acero-Dominica.jpg\",\"contentUrl\":\"https:\/\/donbaraton.es\/wp-content\/uploads\/2019\/06\/Set-de-jard\u00edn-gris-con-mesa-rectangular-150-x-90-cm-4-tumbonas-de-acero-Dominica.jpg\",\"width\":800,\"height\":532,\"caption\":\"Outdoor Dining Set in Grey: Rectangular Table 150 x 90 cm + 4 Adjustable Chairs - Dominica\"},{\"@type\":\"BreadcrumbList\",\"@id\":\"https:\/\/donbaraton.es\/en\/p\/outdoor-dining-set-grey-rectangular-table-150-90-4-adjustable-chairs-dominica\/#breadcrumb\",\"itemListElement\":[{\"@type\":\"ListItem\",\"position\":1,\"name\":\"Portada\",\"item\":\"https:\/\/donbaraton.es\/en\/\"},{\"@type\":\"ListItem\",\"position\":2,\"name\":\"Online Shop\",\"item\":\"https:\/\/donbaraton.es\/en\/shop\/\"},{\"@type\":\"ListItem\",\"position\":3,\"name\":\"Outdoor Dining Set in Grey: Rectangular Table 150 x 90 cm + 4 Adjustable Chairs &#8211; Dominica\"}]},{\"@type\":\"WebSite\",\"@id\":\"https:\/\/donbaraton.es\/#website\",\"url\":\"https:\/\/donbaraton.es\/\",\"name\":\"Don Baraton: tienda de sof\u00e1s, muebles y colchones\",\"description\":\"Sofas baratos desde el almac\u00e9n en Almorad\u00ed, Alicante\",\"publisher\":{\"@id\":\"https:\/\/donbaraton.es\/#organization\"},\"potentialAction\":[{\"@type\":\"SearchAction\",\"target\":{\"@type\":\"EntryPoint\",\"urlTemplate\":\"https:\/\/donbaraton.es\/?s={search_term_string}\"},\"query-input\":{\"@type\":\"PropertyValueSpecification\",\"valueRequired\":true,\"valueName\":\"search_term_string\"}}],\"inLanguage\":\"en-GB\"},{\"@type\":\"Organization\",\"@id\":\"https:\/\/donbaraton.es\/#organization\",\"name\":\"Don Baraton\",\"url\":\"https:\/\/donbaraton.es\/\",\"logo\":{\"@type\":\"ImageObject\",\"inLanguage\":\"en-GB\",\"@id\":\"https:\/\/donbaraton.es\/#\/schema\/logo\/image\/\",\"url\":\"https:\/\/i0.wp.com\/donbaraton.es\/wp-content\/uploads\/2016\/11\/logo_don_baraton.png?fit=228%2C110&ssl=1\",\"contentUrl\":\"https:\/\/i0.wp.com\/donbaraton.es\/wp-content\/uploads\/2016\/11\/logo_don_baraton.png?fit=228%2C110&ssl=1\",\"width\":228,\"height\":110,\"caption\":\"Don Baraton\"},\"image\":{\"@id\":\"https:\/\/donbaraton.es\/#\/schema\/logo\/image\/\"},\"sameAs\":[\"https:\/\/www.facebook.com\/donbaraton.es\",\"https:\/\/x.com\/don_baraton\",\"https:\/\/www.instagram.com\/donbaraton.es\",\"https:\/\/www.linkedin.com\/company\/donbaraton\/\",\"https:\/\/es.pinterest.com\/donbaraton\/\",\"https:\/\/www.youtube.com\/channel\/UCL02HOwx-F759Jq5MedAZfQ\"]}]}<\/script>\n<!-- \/ Yoast SEO plugin. -->","yoast_head_json":{"title":"Outdoor Dining Set in Grey: Rectangular Table 150 x 90 cm + 4 Adjustable Chairs - Dominica - Don Baraton: tienda de sof\u00e1s, muebles y colchones","robots":{"index":"index","follow":"follow","max-snippet":"max-snippet:-1","max-image-preview":"max-image-preview:large","max-video-preview":"max-video-preview:-1"},"canonical":"https:\/\/donbaraton.es\/en\/p\/outdoor-dining-set-grey-rectangular-table-150-90-4-adjustable-chairs-dominica\/","og_locale":"en_GB","og_type":"article","og_title":"Outdoor Dining Set in Grey: Rectangular Table 150 x 90 cm + 4 Adjustable Chairs - Dominica - Don Baraton: tienda de sof\u00e1s, muebles y colchones","og_description":"Steel painted in dark grey  4 chairs adjustable in 5 positions  Toughened glass table top  Matching other products of the Dominica range  Cushions not included  Dimensions. Table: 150 x 90 x 75 (H). Chair: 54 x 76 x 94 (H)","og_url":"https:\/\/donbaraton.es\/en\/p\/outdoor-dining-set-grey-rectangular-table-150-90-4-adjustable-chairs-dominica\/","og_site_name":"Don Baraton: tienda de sof\u00e1s, muebles y colchones","article_publisher":"https:\/\/www.facebook.com\/donbaraton.es","article_modified_time":"2019-07-03T15:07:02+00:00","og_image":[{"width":800,"height":532,"url":"https:\/\/i1.wp.com\/donbaraton.es\/wp-content\/uploads\/2019\/06\/Set-de-jard\u00edn-gris-con-mesa-rectangular-150-x-90-cm-4-tumbonas-de-acero-Dominica.jpg?fit=800%2C532&ssl=1","type":"image\/jpeg"}],"twitter_card":"summary_large_image","twitter_site":"@don_baraton","schema":{"@context":"https:\/\/schema.org","@graph":[{"@type":"WebPage","@id":"https:\/\/donbaraton.es\/en\/p\/outdoor-dining-set-grey-rectangular-table-150-90-4-adjustable-chairs-dominica\/","url":"https:\/\/donbaraton.es\/en\/p\/outdoor-dining-set-grey-rectangular-table-150-90-4-adjustable-chairs-dominica\/","name":"Outdoor Dining Set in Grey: Rectangular Table 150 x 90 cm + 4 Adjustable Chairs - Dominica - Don Baraton: tienda de sof\u00e1s, muebles y colchones","isPartOf":{"@id":"https:\/\/donbaraton.es\/#website"},"primaryImageOfPage":{"@id":"https:\/\/donbaraton.es\/en\/p\/outdoor-dining-set-grey-rectangular-table-150-90-4-adjustable-chairs-dominica\/#primaryimage"},"image":{"@id":"https:\/\/donbaraton.es\/en\/p\/outdoor-dining-set-grey-rectangular-table-150-90-4-adjustable-chairs-dominica\/#primaryimage"},"thumbnailUrl":"https:\/\/donbaraton.es\/wp-content\/uploads\/2019\/06\/Set-de-jard\u00edn-gris-con-mesa-rectangular-150-x-90-cm-4-tumbonas-de-acero-Dominica.jpg","datePublished":"2019-06-26T10:02:51+00:00","dateModified":"2019-07-03T15:07:02+00:00","breadcrumb":{"@id":"https:\/\/donbaraton.es\/en\/p\/outdoor-dining-set-grey-rectangular-table-150-90-4-adjustable-chairs-dominica\/#breadcrumb"},"inLanguage":"en-GB","potentialAction":[{"@type":"ReadAction","target":["https:\/\/donbaraton.es\/en\/p\/outdoor-dining-set-grey-rectangular-table-150-90-4-adjustable-chairs-dominica\/"]}]},{"@type":"ImageObject","inLanguage":"en-GB","@id":"https:\/\/donbaraton.es\/en\/p\/outdoor-dining-set-grey-rectangular-table-150-90-4-adjustable-chairs-dominica\/#primaryimage","url":"https:\/\/donbaraton.es\/wp-content\/uploads\/2019\/06\/Set-de-jard\u00edn-gris-con-mesa-rectangular-150-x-90-cm-4-tumbonas-de-acero-Dominica.jpg","contentUrl":"https:\/\/donbaraton.es\/wp-content\/uploads\/2019\/06\/Set-de-jard\u00edn-gris-con-mesa-rectangular-150-x-90-cm-4-tumbonas-de-acero-Dominica.jpg","width":800,"height":532,"caption":"Outdoor Dining Set in Grey: Rectangular Table 150 x 90 cm + 4 Adjustable Chairs - Dominica"},{"@type":"BreadcrumbList","@id":"https:\/\/donbaraton.es\/en\/p\/outdoor-dining-set-grey-rectangular-table-150-90-4-adjustable-chairs-dominica\/#breadcrumb","itemListElement":[{"@type":"ListItem","position":1,"name":"Portada","item":"https:\/\/donbaraton.es\/en\/"},{"@type":"ListItem","position":2,"name":"Online Shop","item":"https:\/\/donbaraton.es\/en\/shop\/"},{"@type":"ListItem","position":3,"name":"Outdoor Dining Set in Grey: Rectangular Table 150 x 90 cm + 4 Adjustable Chairs &#8211; Dominica"}]},{"@type":"WebSite","@id":"https:\/\/donbaraton.es\/#website","url":"https:\/\/donbaraton.es\/","name":"Don Baraton: tienda de sof\u00e1s, muebles y colchones","description":"Sofas baratos desde el almac\u00e9n en Almorad\u00ed, Alicante","publisher":{"@id":"https:\/\/donbaraton.es\/#organization"},"potentialAction":[{"@type":"SearchAction","target":{"@type":"EntryPoint","urlTemplate":"https:\/\/donbaraton.es\/?s={search_term_string}"},"query-input":{"@type":"PropertyValueSpecification","valueRequired":true,"valueName":"search_term_string"}}],"inLanguage":"en-GB"},{"@type":"Organization","@id":"https:\/\/donbaraton.es\/#organization","name":"Don Baraton","url":"https:\/\/donbaraton.es\/","logo":{"@type":"ImageObject","inLanguage":"en-GB","@id":"https:\/\/donbaraton.es\/#\/schema\/logo\/image\/","url":"https:\/\/i0.wp.com\/donbaraton.es\/wp-content\/uploads\/2016\/11\/logo_don_baraton.png?fit=228%2C110&ssl=1","contentUrl":"https:\/\/i0.wp.com\/donbaraton.es\/wp-content\/uploads\/2016\/11\/logo_don_baraton.png?fit=228%2C110&ssl=1","width":228,"height":110,"caption":"Don Baraton"},"image":{"@id":"https:\/\/donbaraton.es\/#\/schema\/logo\/image\/"},"sameAs":["https:\/\/www.facebook.com\/donbaraton.es","https:\/\/x.com\/don_baraton","https:\/\/www.instagram.com\/donbaraton.es","https:\/\/www.linkedin.com\/company\/donbaraton\/","https:\/\/es.pinterest.com\/donbaraton\/","https:\/\/www.youtube.com\/channel\/UCL02HOwx-F759Jq5MedAZfQ"]}]}},"_links":{"self":[{"href":"https:\/\/donbaraton.es\/en\/wp-json\/wp\/v2\/product\/17540","targetHints":{"allow":["GET"]}}],"collection":[{"href":"https:\/\/donbaraton.es\/en\/wp-json\/wp\/v2\/product"}],"about":[{"href":"https:\/\/donbaraton.es\/en\/wp-json\/wp\/v2\/types\/product"}],"replies":[{"embeddable":true,"href":"https:\/\/donbaraton.es\/en\/wp-json\/wp\/v2\/comments?post=17540"}],"wp:featuredmedia":[{"embeddable":true,"href":"https:\/\/donbaraton.es\/en\/wp-json\/wp\/v2\/media\/17324"}],"wp:attachment":[{"href":"https:\/\/donbaraton.es\/en\/wp-json\/wp\/v2\/media?parent=17540"}],"wp:term":[{"taxonomy":"product_brand","embeddable":true,"href":"https:\/\/donbaraton.es\/en\/wp-json\/wp\/v2\/product_brand?post=17540"},{"taxonomy":"product_cat","embeddable":true,"href":"https:\/\/donbaraton.es\/en\/wp-json\/wp\/v2\/product_cat?post=17540"},{"taxonomy":"product_tag","embeddable":true,"href":"https:\/\/donbaraton.es\/en\/wp-json\/wp\/v2\/product_tag?post=17540"}],"curies":[{"name":"wp","href":"https:\/\/api.w.org\/{rel}","templated":true}]}}