{"id":17565,"date":"2019-08-18T03:30:09","date_gmt":"2019-06-28T11:29:09","guid":{"rendered":"https:\/\/donbaraton.es\/producto\/uncategorized\/large-tv-stand-3-drawers-imitation-wood-finish-180-cm-alabama\/"},"modified":"2022-09-09T12:47:20","modified_gmt":"2022-09-09T10:47:20","slug":"large-tv-stand-3-drawers-imitation-wood-finish-180-cm-alabama","status":"publish","type":"product","link":"https:\/\/donbaraton.es\/en\/p\/large-tv-stand-3-drawers-imitation-wood-finish-180-cm-alabama\/","title":{"rendered":"Large TV Stand with 3 Drawers, Imitation Wood Finish, 180 cm &#8211; Alabama"},"content":{"rendered":"<p><strong>Large TV stand with three drawers in imitation wood finish, 180 cm &#8211; Alabama.\u00a0<\/strong><\/p>\n<p>A perfect TV stand for large televisions (55\/60\/65\/70\/75\/80 inches).<\/p>\n<p>Three open compartments and three drawers provide a lot of space for everything you may need to connect to the TV: satellite receiver boxes, video game consoles, internet routers and DVD players (if you still have one).<\/p>\n<p>Adjustable plastic support leg will give steadiness to the frame of the stand.<\/p>\n<p>Also available in a smaller size, click here to check it out: <a href=\"https:\/\/donbaraton.es\/en\/p\/tv-stand-2-drawers-2-shelves-imitation-wood-finish-135-cm-alabama\/\"><strong>TV Stand with 2 Drawers &amp; 2 Shelves, Imitation Wood Finish, 135 cm \u2013 Alabama<\/strong><\/a><\/p>\n<p><strong>Dimensions:<\/strong> length 180 cm, height 56.6 cm, depth 41.8 cm<\/p>\n<p><strong>Assembly service is not included\u00a0<\/strong><\/p>\n<p><strong>Television is not included<\/strong><\/p>\n","protected":false},"excerpt":{"rendered":"<ul>\n<li>Large size<\/li>\n<li>Ideal for 55&#8243;, 60&#8243;, 65&#8243;, 70&#8243;, 75&#8243;, 80&#8243; TV sets<\/li>\n<li>3 drawers<\/li>\n<li>3 open shelves<\/li>\n<li>Imitation wood finish<\/li>\n<li>Matching other products of the Alababa series<\/li>\n<\/ul>\n<p><strong>Dimensions:<\/strong> length 180 cm, height 56.6 cm, depth 41.8 cm<\/p>\n","protected":false},"featured_media":17371,"comment_status":"open","ping_status":"closed","template":"","meta":{"_et_pb_use_builder":"","_et_pb_old_content":"","_et_gb_content_width":""},"product_brand":[],"product_cat":[71,318],"product_tag":[],"class_list":{"0":"post-17565","1":"product","2":"type-product","3":"status-publish","4":"has-post-thumbnail","6":"product_cat-furniture","7":"product_cat-tv-stands","8":"product_shipping_class-articulos-pesado-manufacturing-up-to-10-days","9":"pa_material-mdf-particle-board","11":"first","12":"onbackorder","13":"sale","14":"taxable","15":"shipping-taxable","16":"purchasable","17":"product-type-simple"},"yoast_head":"<!-- This site is optimized with the Yoast SEO plugin v27.2 - https:\/\/yoast.com\/product\/yoast-seo-wordpress\/ -->\n<title>Large TV Stand with 3 Drawers, Imitation Wood Finish, 180 cm - Alabama - Don Baraton: tienda de sof\u00e1s, muebles y colchones<\/title>\n<meta name=\"robots\" content=\"index, follow, max-snippet:-1, max-image-preview:large, max-video-preview:-1\" \/>\n<link rel=\"canonical\" href=\"https:\/\/donbaraton.es\/en\/p\/large-tv-stand-3-drawers-imitation-wood-finish-180-cm-alabama\/\" \/>\n<meta property=\"og:locale\" content=\"en_GB\" \/>\n<meta property=\"og:type\" content=\"article\" \/>\n<meta property=\"og:title\" content=\"Large TV Stand with 3 Drawers, Imitation Wood Finish, 180 cm - Alabama - Don Baraton: tienda de sof\u00e1s, muebles y colchones\" \/>\n<meta property=\"og:description\" content=\"Large size  Ideal for 55&quot;, 60&quot;, 65&quot;, 70&quot;, 75&quot;, 80&quot; TV sets  3 drawers  3 open shelves  Imitation wood finish  Matching other products of the Alababa series  Dimensions: length 180 cm, height 56.6 cm, depth 41.8 cm\" \/>\n<meta property=\"og:url\" content=\"https:\/\/donbaraton.es\/en\/p\/large-tv-stand-3-drawers-imitation-wood-finish-180-cm-alabama\/\" \/>\n<meta property=\"og:site_name\" content=\"Don Baraton: tienda de sof\u00e1s, muebles y colchones\" \/>\n<meta property=\"article:publisher\" content=\"https:\/\/www.facebook.com\/donbaraton.es\" \/>\n<meta property=\"article:modified_time\" content=\"2022-09-09T10:47:20+00:00\" \/>\n<meta property=\"og:image\" content=\"https:\/\/i1.wp.com\/donbaraton.es\/wp-content\/uploads\/2019\/06\/Bajo-TV-grande-3-cajones-180-cm-efecto-madera-Alabama.jpg?fit=653%2C435&ssl=1\" \/>\n\t<meta property=\"og:image:width\" content=\"653\" \/>\n\t<meta property=\"og:image:height\" content=\"435\" \/>\n\t<meta property=\"og:image:type\" content=\"image\/jpeg\" \/>\n<meta name=\"twitter:card\" content=\"summary_large_image\" \/>\n<meta name=\"twitter:site\" content=\"@don_baraton\" \/>\n<meta name=\"twitter:label1\" content=\"Estimated reading time\" \/>\n\t<meta name=\"twitter:data1\" content=\"1 minute\" \/>\n<script type=\"application\/ld+json\" class=\"yoast-schema-graph\">{\"@context\":\"https:\/\/schema.org\",\"@graph\":[{\"@type\":\"WebPage\",\"@id\":\"https:\/\/donbaraton.es\/en\/p\/large-tv-stand-3-drawers-imitation-wood-finish-180-cm-alabama\/\",\"url\":\"https:\/\/donbaraton.es\/en\/p\/large-tv-stand-3-drawers-imitation-wood-finish-180-cm-alabama\/\",\"name\":\"Large TV Stand with 3 Drawers, Imitation Wood Finish, 180 cm - Alabama - Don Baraton: tienda de sof\u00e1s, muebles y colchones\",\"isPartOf\":{\"@id\":\"https:\/\/donbaraton.es\/#website\"},\"primaryImageOfPage\":{\"@id\":\"https:\/\/donbaraton.es\/en\/p\/large-tv-stand-3-drawers-imitation-wood-finish-180-cm-alabama\/#primaryimage\"},\"image\":{\"@id\":\"https:\/\/donbaraton.es\/en\/p\/large-tv-stand-3-drawers-imitation-wood-finish-180-cm-alabama\/#primaryimage\"},\"thumbnailUrl\":\"https:\/\/donbaraton.es\/wp-content\/uploads\/2019\/06\/Bajo-TV-grande-3-cajones-180-cm-efecto-madera-Alabama.jpg\",\"datePublished\":\"2019-06-28T11:29:09+00:00\",\"dateModified\":\"2022-09-09T10:47:20+00:00\",\"breadcrumb\":{\"@id\":\"https:\/\/donbaraton.es\/en\/p\/large-tv-stand-3-drawers-imitation-wood-finish-180-cm-alabama\/#breadcrumb\"},\"inLanguage\":\"en-GB\",\"potentialAction\":[{\"@type\":\"ReadAction\",\"target\":[\"https:\/\/donbaraton.es\/en\/p\/large-tv-stand-3-drawers-imitation-wood-finish-180-cm-alabama\/\"]}]},{\"@type\":\"ImageObject\",\"inLanguage\":\"en-GB\",\"@id\":\"https:\/\/donbaraton.es\/en\/p\/large-tv-stand-3-drawers-imitation-wood-finish-180-cm-alabama\/#primaryimage\",\"url\":\"https:\/\/donbaraton.es\/wp-content\/uploads\/2019\/06\/Bajo-TV-grande-3-cajones-180-cm-efecto-madera-Alabama.jpg\",\"contentUrl\":\"https:\/\/donbaraton.es\/wp-content\/uploads\/2019\/06\/Bajo-TV-grande-3-cajones-180-cm-efecto-madera-Alabama.jpg\",\"width\":653,\"height\":435,\"caption\":\"Large TV Stand with 3 Drawers, Imitation Wood Finish, 180 cm - Alabama\"},{\"@type\":\"BreadcrumbList\",\"@id\":\"https:\/\/donbaraton.es\/en\/p\/large-tv-stand-3-drawers-imitation-wood-finish-180-cm-alabama\/#breadcrumb\",\"itemListElement\":[{\"@type\":\"ListItem\",\"position\":1,\"name\":\"Portada\",\"item\":\"https:\/\/donbaraton.es\/en\/\"},{\"@type\":\"ListItem\",\"position\":2,\"name\":\"Online Shop\",\"item\":\"https:\/\/donbaraton.es\/en\/shop\/\"},{\"@type\":\"ListItem\",\"position\":3,\"name\":\"Large TV Stand with 3 Drawers, Imitation Wood Finish, 180 cm &#8211; Alabama\"}]},{\"@type\":\"WebSite\",\"@id\":\"https:\/\/donbaraton.es\/#website\",\"url\":\"https:\/\/donbaraton.es\/\",\"name\":\"Don Baraton: tienda de sof\u00e1s, muebles y colchones\",\"description\":\"Sofas baratos desde el almac\u00e9n en Almorad\u00ed, Alicante\",\"publisher\":{\"@id\":\"https:\/\/donbaraton.es\/#organization\"},\"potentialAction\":[{\"@type\":\"SearchAction\",\"target\":{\"@type\":\"EntryPoint\",\"urlTemplate\":\"https:\/\/donbaraton.es\/?s={search_term_string}\"},\"query-input\":{\"@type\":\"PropertyValueSpecification\",\"valueRequired\":true,\"valueName\":\"search_term_string\"}}],\"inLanguage\":\"en-GB\"},{\"@type\":\"Organization\",\"@id\":\"https:\/\/donbaraton.es\/#organization\",\"name\":\"Don Baraton\",\"url\":\"https:\/\/donbaraton.es\/\",\"logo\":{\"@type\":\"ImageObject\",\"inLanguage\":\"en-GB\",\"@id\":\"https:\/\/donbaraton.es\/#\/schema\/logo\/image\/\",\"url\":\"https:\/\/i0.wp.com\/donbaraton.es\/wp-content\/uploads\/2016\/11\/logo_don_baraton.png?fit=228%2C110&ssl=1\",\"contentUrl\":\"https:\/\/i0.wp.com\/donbaraton.es\/wp-content\/uploads\/2016\/11\/logo_don_baraton.png?fit=228%2C110&ssl=1\",\"width\":228,\"height\":110,\"caption\":\"Don Baraton\"},\"image\":{\"@id\":\"https:\/\/donbaraton.es\/#\/schema\/logo\/image\/\"},\"sameAs\":[\"https:\/\/www.facebook.com\/donbaraton.es\",\"https:\/\/x.com\/don_baraton\",\"https:\/\/www.instagram.com\/donbaraton.es\",\"https:\/\/www.linkedin.com\/company\/donbaraton\/\",\"https:\/\/es.pinterest.com\/donbaraton\/\",\"https:\/\/www.youtube.com\/channel\/UCL02HOwx-F759Jq5MedAZfQ\"]}]}<\/script>\n<!-- \/ Yoast SEO plugin. -->","yoast_head_json":{"title":"Large TV Stand with 3 Drawers, Imitation Wood Finish, 180 cm - Alabama - Don Baraton: tienda de sof\u00e1s, muebles y colchones","robots":{"index":"index","follow":"follow","max-snippet":"max-snippet:-1","max-image-preview":"max-image-preview:large","max-video-preview":"max-video-preview:-1"},"canonical":"https:\/\/donbaraton.es\/en\/p\/large-tv-stand-3-drawers-imitation-wood-finish-180-cm-alabama\/","og_locale":"en_GB","og_type":"article","og_title":"Large TV Stand with 3 Drawers, Imitation Wood Finish, 180 cm - Alabama - Don Baraton: tienda de sof\u00e1s, muebles y colchones","og_description":"Large size  Ideal for 55\", 60\", 65\", 70\", 75\", 80\" TV sets  3 drawers  3 open shelves  Imitation wood finish  Matching other products of the Alababa series  Dimensions: length 180 cm, height 56.6 cm, depth 41.8 cm","og_url":"https:\/\/donbaraton.es\/en\/p\/large-tv-stand-3-drawers-imitation-wood-finish-180-cm-alabama\/","og_site_name":"Don Baraton: tienda de sof\u00e1s, muebles y colchones","article_publisher":"https:\/\/www.facebook.com\/donbaraton.es","article_modified_time":"2022-09-09T10:47:20+00:00","og_image":[{"width":653,"height":435,"url":"https:\/\/i1.wp.com\/donbaraton.es\/wp-content\/uploads\/2019\/06\/Bajo-TV-grande-3-cajones-180-cm-efecto-madera-Alabama.jpg?fit=653%2C435&ssl=1","type":"image\/jpeg"}],"twitter_card":"summary_large_image","twitter_site":"@don_baraton","twitter_misc":{"Estimated reading time":"1 minute"},"schema":{"@context":"https:\/\/schema.org","@graph":[{"@type":"WebPage","@id":"https:\/\/donbaraton.es\/en\/p\/large-tv-stand-3-drawers-imitation-wood-finish-180-cm-alabama\/","url":"https:\/\/donbaraton.es\/en\/p\/large-tv-stand-3-drawers-imitation-wood-finish-180-cm-alabama\/","name":"Large TV Stand with 3 Drawers, Imitation Wood Finish, 180 cm - Alabama - Don Baraton: tienda de sof\u00e1s, muebles y colchones","isPartOf":{"@id":"https:\/\/donbaraton.es\/#website"},"primaryImageOfPage":{"@id":"https:\/\/donbaraton.es\/en\/p\/large-tv-stand-3-drawers-imitation-wood-finish-180-cm-alabama\/#primaryimage"},"image":{"@id":"https:\/\/donbaraton.es\/en\/p\/large-tv-stand-3-drawers-imitation-wood-finish-180-cm-alabama\/#primaryimage"},"thumbnailUrl":"https:\/\/donbaraton.es\/wp-content\/uploads\/2019\/06\/Bajo-TV-grande-3-cajones-180-cm-efecto-madera-Alabama.jpg","datePublished":"2019-06-28T11:29:09+00:00","dateModified":"2022-09-09T10:47:20+00:00","breadcrumb":{"@id":"https:\/\/donbaraton.es\/en\/p\/large-tv-stand-3-drawers-imitation-wood-finish-180-cm-alabama\/#breadcrumb"},"inLanguage":"en-GB","potentialAction":[{"@type":"ReadAction","target":["https:\/\/donbaraton.es\/en\/p\/large-tv-stand-3-drawers-imitation-wood-finish-180-cm-alabama\/"]}]},{"@type":"ImageObject","inLanguage":"en-GB","@id":"https:\/\/donbaraton.es\/en\/p\/large-tv-stand-3-drawers-imitation-wood-finish-180-cm-alabama\/#primaryimage","url":"https:\/\/donbaraton.es\/wp-content\/uploads\/2019\/06\/Bajo-TV-grande-3-cajones-180-cm-efecto-madera-Alabama.jpg","contentUrl":"https:\/\/donbaraton.es\/wp-content\/uploads\/2019\/06\/Bajo-TV-grande-3-cajones-180-cm-efecto-madera-Alabama.jpg","width":653,"height":435,"caption":"Large TV Stand with 3 Drawers, Imitation Wood Finish, 180 cm - Alabama"},{"@type":"BreadcrumbList","@id":"https:\/\/donbaraton.es\/en\/p\/large-tv-stand-3-drawers-imitation-wood-finish-180-cm-alabama\/#breadcrumb","itemListElement":[{"@type":"ListItem","position":1,"name":"Portada","item":"https:\/\/donbaraton.es\/en\/"},{"@type":"ListItem","position":2,"name":"Online Shop","item":"https:\/\/donbaraton.es\/en\/shop\/"},{"@type":"ListItem","position":3,"name":"Large TV Stand with 3 Drawers, Imitation Wood Finish, 180 cm &#8211; Alabama"}]},{"@type":"WebSite","@id":"https:\/\/donbaraton.es\/#website","url":"https:\/\/donbaraton.es\/","name":"Don Baraton: tienda de sof\u00e1s, muebles y colchones","description":"Sofas baratos desde el almac\u00e9n en Almorad\u00ed, Alicante","publisher":{"@id":"https:\/\/donbaraton.es\/#organization"},"potentialAction":[{"@type":"SearchAction","target":{"@type":"EntryPoint","urlTemplate":"https:\/\/donbaraton.es\/?s={search_term_string}"},"query-input":{"@type":"PropertyValueSpecification","valueRequired":true,"valueName":"search_term_string"}}],"inLanguage":"en-GB"},{"@type":"Organization","@id":"https:\/\/donbaraton.es\/#organization","name":"Don Baraton","url":"https:\/\/donbaraton.es\/","logo":{"@type":"ImageObject","inLanguage":"en-GB","@id":"https:\/\/donbaraton.es\/#\/schema\/logo\/image\/","url":"https:\/\/i0.wp.com\/donbaraton.es\/wp-content\/uploads\/2016\/11\/logo_don_baraton.png?fit=228%2C110&ssl=1","contentUrl":"https:\/\/i0.wp.com\/donbaraton.es\/wp-content\/uploads\/2016\/11\/logo_don_baraton.png?fit=228%2C110&ssl=1","width":228,"height":110,"caption":"Don Baraton"},"image":{"@id":"https:\/\/donbaraton.es\/#\/schema\/logo\/image\/"},"sameAs":["https:\/\/www.facebook.com\/donbaraton.es","https:\/\/x.com\/don_baraton","https:\/\/www.instagram.com\/donbaraton.es","https:\/\/www.linkedin.com\/company\/donbaraton\/","https:\/\/es.pinterest.com\/donbaraton\/","https:\/\/www.youtube.com\/channel\/UCL02HOwx-F759Jq5MedAZfQ"]}]}},"_links":{"self":[{"href":"https:\/\/donbaraton.es\/en\/wp-json\/wp\/v2\/product\/17565","targetHints":{"allow":["GET"]}}],"collection":[{"href":"https:\/\/donbaraton.es\/en\/wp-json\/wp\/v2\/product"}],"about":[{"href":"https:\/\/donbaraton.es\/en\/wp-json\/wp\/v2\/types\/product"}],"replies":[{"embeddable":true,"href":"https:\/\/donbaraton.es\/en\/wp-json\/wp\/v2\/comments?post=17565"}],"wp:featuredmedia":[{"embeddable":true,"href":"https:\/\/donbaraton.es\/en\/wp-json\/wp\/v2\/media\/17371"}],"wp:attachment":[{"href":"https:\/\/donbaraton.es\/en\/wp-json\/wp\/v2\/media?parent=17565"}],"wp:term":[{"taxonomy":"product_brand","embeddable":true,"href":"https:\/\/donbaraton.es\/en\/wp-json\/wp\/v2\/product_brand?post=17565"},{"taxonomy":"product_cat","embeddable":true,"href":"https:\/\/donbaraton.es\/en\/wp-json\/wp\/v2\/product_cat?post=17565"},{"taxonomy":"product_tag","embeddable":true,"href":"https:\/\/donbaraton.es\/en\/wp-json\/wp\/v2\/product_tag?post=17565"}],"curies":[{"name":"wp","href":"https:\/\/api.w.org\/{rel}","templated":true}]}}