{"id":17896,"date":"2019-07-13T18:47:39","date_gmt":"2019-07-13T16:47:39","guid":{"rendered":"https:\/\/donbaraton.es\/p\/patio-set-2-armchairs-two-seater-sofa-coffee-table-synthetic-rattan-septiembre\/"},"modified":"2020-09-14T19:16:32","modified_gmt":"2020-09-14T17:16:32","slug":"patio-set-loveseat-2-armchairs-coffee-table-synthetic-rattan-septiembre","status":"publish","type":"product","link":"https:\/\/donbaraton.es\/en\/p\/patio-set-loveseat-2-armchairs-coffee-table-synthetic-rattan-septiembre\/","title":{"rendered":"Patio Set: Loveseat, 2 Armchairs and Coffee Table, Synthetic Rattan &#8211; Septiembre"},"content":{"rendered":"<p><strong>Patio Set: Loveseat, Two Armchairs and Coffee Table in Synthetic Rattan &#8211; Septiembre.<\/strong><\/p>\n<p>A comfy garden set, resistant to heat, sun and high humidity, perfect for Spanish climate.<\/p>\n<p>The dark brown PE rattan and beige cushions will perfectly match traditional Spanish gardens with plants and brown floor tiles.<\/p>\n<p>Removable and machine washable covers are included.<\/p>\n<p><strong>Dimensions.<\/strong> <strong>Loveseat:<\/strong> width 107 cm, height 77 cm, depth 61 cm. <strong>Armchairs:<\/strong>\u00a0 width 57 cm, height 77 cm, depth 61 cm. <strong>Coffee table:<\/strong> length 71.5 cm, width 41 cm, height 41.5 cm<\/p>\n<p>Assembly service is not included<\/p>\n","protected":false},"excerpt":{"rendered":"<ul>\n<li>Synthetic (PE) rattan<\/li>\n<li>Galvanized steel frame<\/li>\n<li>Cushions with removable covers<\/li>\n<li>Toughened glass table top<\/li>\n<li>High legs<\/li>\n<\/ul>\n<p><strong>Dimensions. Loveseat:<\/strong> width 107 cm, height 77 cm, depth 61 cm. <strong>Armchairs:<\/strong>\u00a0 width 57 cm, height 77 cm, depth 61 cm. <strong>Coffee table:<\/strong> length 71.5 cm, width 41 cm, height 41.5 cm<\/p>\n","protected":false},"featured_media":17715,"comment_status":"open","ping_status":"closed","template":"","meta":{"_et_pb_use_builder":"","_et_pb_old_content":"","_et_gb_content_width":""},"product_brand":[],"product_cat":[158],"product_tag":[],"class_list":{"0":"post-17896","1":"product","2":"type-product","3":"status-publish","4":"has-post-thumbnail","6":"product_cat-outdoor","7":"product_shipping_class-articulos-pesado-manufacturing-up-to-10-days","8":"pa_material-synthetic-rattan","10":"first","11":"outofstock","12":"sale","13":"taxable","14":"shipping-taxable","15":"purchasable","16":"product-type-simple"},"yoast_head":"<!-- This site is optimized with the Yoast SEO plugin v27.2 - https:\/\/yoast.com\/product\/yoast-seo-wordpress\/ -->\n<title>Patio Set: Loveseat, 2 Armchairs and Coffee Table, Synthetic Rattan - Septiembre - Don Baraton: tienda de sof\u00e1s, muebles y colchones<\/title>\n<meta name=\"robots\" content=\"index, follow, max-snippet:-1, max-image-preview:large, max-video-preview:-1\" \/>\n<link rel=\"canonical\" href=\"https:\/\/donbaraton.es\/en\/p\/patio-set-loveseat-2-armchairs-coffee-table-synthetic-rattan-septiembre\/\" \/>\n<meta property=\"og:locale\" content=\"en_GB\" \/>\n<meta property=\"og:type\" content=\"article\" \/>\n<meta property=\"og:title\" content=\"Patio Set: Loveseat, 2 Armchairs and Coffee Table, Synthetic Rattan - Septiembre - Don Baraton: tienda de sof\u00e1s, muebles y colchones\" \/>\n<meta property=\"og:description\" content=\"Synthetic (PE) rattan  Galvanized steel frame  Cushions with removable covers  Toughened glass table top  High legs  Dimensions. Loveseat: width 107 cm, height 77 cm, depth 61 cm. Armchairs:\u00a0 width 57 cm, height 77 cm, depth 61 cm. Coffee table: length 71.5 cm, width 41 cm, height 41.5 cm\" \/>\n<meta property=\"og:url\" content=\"https:\/\/donbaraton.es\/en\/p\/patio-set-loveseat-2-armchairs-coffee-table-synthetic-rattan-septiembre\/\" \/>\n<meta property=\"og:site_name\" content=\"Don Baraton: tienda de sof\u00e1s, muebles y colchones\" \/>\n<meta property=\"article:publisher\" content=\"https:\/\/www.facebook.com\/donbaraton.es\" \/>\n<meta property=\"article:modified_time\" content=\"2020-09-14T17:16:32+00:00\" \/>\n<meta property=\"og:image\" content=\"https:\/\/i2.wp.com\/donbaraton.es\/wp-content\/uploads\/2019\/07\/Conjunto-de-jard\u00edn-sof\u00e1-2-plazas-2-sillones-mesa-baja-rat\u00e1n-sint\u00e9tico-marr\u00f3n-Septiembre.jpg?fit=800%2C533&ssl=1\" \/>\n\t<meta property=\"og:image:width\" content=\"800\" \/>\n\t<meta property=\"og:image:height\" content=\"533\" \/>\n\t<meta property=\"og:image:type\" content=\"image\/jpeg\" \/>\n<meta name=\"twitter:card\" content=\"summary_large_image\" \/>\n<meta name=\"twitter:site\" content=\"@don_baraton\" \/>\n<script type=\"application\/ld+json\" class=\"yoast-schema-graph\">{\"@context\":\"https:\/\/schema.org\",\"@graph\":[{\"@type\":\"WebPage\",\"@id\":\"https:\/\/donbaraton.es\/en\/p\/patio-set-loveseat-2-armchairs-coffee-table-synthetic-rattan-septiembre\/\",\"url\":\"https:\/\/donbaraton.es\/en\/p\/patio-set-loveseat-2-armchairs-coffee-table-synthetic-rattan-septiembre\/\",\"name\":\"Patio Set: Loveseat, 2 Armchairs and Coffee Table, Synthetic Rattan - Septiembre - Don Baraton: tienda de sof\u00e1s, muebles y colchones\",\"isPartOf\":{\"@id\":\"https:\/\/donbaraton.es\/#website\"},\"primaryImageOfPage\":{\"@id\":\"https:\/\/donbaraton.es\/en\/p\/patio-set-loveseat-2-armchairs-coffee-table-synthetic-rattan-septiembre\/#primaryimage\"},\"image\":{\"@id\":\"https:\/\/donbaraton.es\/en\/p\/patio-set-loveseat-2-armchairs-coffee-table-synthetic-rattan-septiembre\/#primaryimage\"},\"thumbnailUrl\":\"https:\/\/donbaraton.es\/wp-content\/uploads\/2019\/07\/Conjunto-de-jard\u00edn-sof\u00e1-2-plazas-2-sillones-mesa-baja-rat\u00e1n-sint\u00e9tico-marr\u00f3n-Septiembre.jpg\",\"datePublished\":\"2019-07-13T16:47:39+00:00\",\"dateModified\":\"2020-09-14T17:16:32+00:00\",\"breadcrumb\":{\"@id\":\"https:\/\/donbaraton.es\/en\/p\/patio-set-loveseat-2-armchairs-coffee-table-synthetic-rattan-septiembre\/#breadcrumb\"},\"inLanguage\":\"en-GB\",\"potentialAction\":[{\"@type\":\"ReadAction\",\"target\":[\"https:\/\/donbaraton.es\/en\/p\/patio-set-loveseat-2-armchairs-coffee-table-synthetic-rattan-septiembre\/\"]}]},{\"@type\":\"ImageObject\",\"inLanguage\":\"en-GB\",\"@id\":\"https:\/\/donbaraton.es\/en\/p\/patio-set-loveseat-2-armchairs-coffee-table-synthetic-rattan-septiembre\/#primaryimage\",\"url\":\"https:\/\/donbaraton.es\/wp-content\/uploads\/2019\/07\/Conjunto-de-jard\u00edn-sof\u00e1-2-plazas-2-sillones-mesa-baja-rat\u00e1n-sint\u00e9tico-marr\u00f3n-Septiembre.jpg\",\"contentUrl\":\"https:\/\/donbaraton.es\/wp-content\/uploads\/2019\/07\/Conjunto-de-jard\u00edn-sof\u00e1-2-plazas-2-sillones-mesa-baja-rat\u00e1n-sint\u00e9tico-marr\u00f3n-Septiembre.jpg\",\"width\":800,\"height\":533,\"caption\":\"Patio Set: 2 Armchairs, 1 Two-seater Sofa and Coffee Table, Synthetic Rattan - Septiembre\"},{\"@type\":\"BreadcrumbList\",\"@id\":\"https:\/\/donbaraton.es\/en\/p\/patio-set-loveseat-2-armchairs-coffee-table-synthetic-rattan-septiembre\/#breadcrumb\",\"itemListElement\":[{\"@type\":\"ListItem\",\"position\":1,\"name\":\"Portada\",\"item\":\"https:\/\/donbaraton.es\/en\/\"},{\"@type\":\"ListItem\",\"position\":2,\"name\":\"Online Shop\",\"item\":\"https:\/\/donbaraton.es\/en\/shop\/\"},{\"@type\":\"ListItem\",\"position\":3,\"name\":\"Patio Set: Loveseat, 2 Armchairs and Coffee Table, Synthetic Rattan &#8211; Septiembre\"}]},{\"@type\":\"WebSite\",\"@id\":\"https:\/\/donbaraton.es\/#website\",\"url\":\"https:\/\/donbaraton.es\/\",\"name\":\"Don Baraton: tienda de sof\u00e1s, muebles y colchones\",\"description\":\"Sofas baratos desde el almac\u00e9n en Almorad\u00ed, Alicante\",\"publisher\":{\"@id\":\"https:\/\/donbaraton.es\/#organization\"},\"potentialAction\":[{\"@type\":\"SearchAction\",\"target\":{\"@type\":\"EntryPoint\",\"urlTemplate\":\"https:\/\/donbaraton.es\/?s={search_term_string}\"},\"query-input\":{\"@type\":\"PropertyValueSpecification\",\"valueRequired\":true,\"valueName\":\"search_term_string\"}}],\"inLanguage\":\"en-GB\"},{\"@type\":\"Organization\",\"@id\":\"https:\/\/donbaraton.es\/#organization\",\"name\":\"Don Baraton\",\"url\":\"https:\/\/donbaraton.es\/\",\"logo\":{\"@type\":\"ImageObject\",\"inLanguage\":\"en-GB\",\"@id\":\"https:\/\/donbaraton.es\/#\/schema\/logo\/image\/\",\"url\":\"https:\/\/i0.wp.com\/donbaraton.es\/wp-content\/uploads\/2016\/11\/logo_don_baraton.png?fit=228%2C110&ssl=1\",\"contentUrl\":\"https:\/\/i0.wp.com\/donbaraton.es\/wp-content\/uploads\/2016\/11\/logo_don_baraton.png?fit=228%2C110&ssl=1\",\"width\":228,\"height\":110,\"caption\":\"Don Baraton\"},\"image\":{\"@id\":\"https:\/\/donbaraton.es\/#\/schema\/logo\/image\/\"},\"sameAs\":[\"https:\/\/www.facebook.com\/donbaraton.es\",\"https:\/\/x.com\/don_baraton\",\"https:\/\/www.instagram.com\/donbaraton.es\",\"https:\/\/www.linkedin.com\/company\/donbaraton\/\",\"https:\/\/es.pinterest.com\/donbaraton\/\",\"https:\/\/www.youtube.com\/channel\/UCL02HOwx-F759Jq5MedAZfQ\"]}]}<\/script>\n<!-- \/ Yoast SEO plugin. -->","yoast_head_json":{"title":"Patio Set: Loveseat, 2 Armchairs and Coffee Table, Synthetic Rattan - Septiembre - Don Baraton: tienda de sof\u00e1s, muebles y colchones","robots":{"index":"index","follow":"follow","max-snippet":"max-snippet:-1","max-image-preview":"max-image-preview:large","max-video-preview":"max-video-preview:-1"},"canonical":"https:\/\/donbaraton.es\/en\/p\/patio-set-loveseat-2-armchairs-coffee-table-synthetic-rattan-septiembre\/","og_locale":"en_GB","og_type":"article","og_title":"Patio Set: Loveseat, 2 Armchairs and Coffee Table, Synthetic Rattan - Septiembre - Don Baraton: tienda de sof\u00e1s, muebles y colchones","og_description":"Synthetic (PE) rattan  Galvanized steel frame  Cushions with removable covers  Toughened glass table top  High legs  Dimensions. Loveseat: width 107 cm, height 77 cm, depth 61 cm. Armchairs:\u00a0 width 57 cm, height 77 cm, depth 61 cm. Coffee table: length 71.5 cm, width 41 cm, height 41.5 cm","og_url":"https:\/\/donbaraton.es\/en\/p\/patio-set-loveseat-2-armchairs-coffee-table-synthetic-rattan-septiembre\/","og_site_name":"Don Baraton: tienda de sof\u00e1s, muebles y colchones","article_publisher":"https:\/\/www.facebook.com\/donbaraton.es","article_modified_time":"2020-09-14T17:16:32+00:00","og_image":[{"width":800,"height":533,"url":"https:\/\/i2.wp.com\/donbaraton.es\/wp-content\/uploads\/2019\/07\/Conjunto-de-jard\u00edn-sof\u00e1-2-plazas-2-sillones-mesa-baja-rat\u00e1n-sint\u00e9tico-marr\u00f3n-Septiembre.jpg?fit=800%2C533&ssl=1","type":"image\/jpeg"}],"twitter_card":"summary_large_image","twitter_site":"@don_baraton","schema":{"@context":"https:\/\/schema.org","@graph":[{"@type":"WebPage","@id":"https:\/\/donbaraton.es\/en\/p\/patio-set-loveseat-2-armchairs-coffee-table-synthetic-rattan-septiembre\/","url":"https:\/\/donbaraton.es\/en\/p\/patio-set-loveseat-2-armchairs-coffee-table-synthetic-rattan-septiembre\/","name":"Patio Set: Loveseat, 2 Armchairs and Coffee Table, Synthetic Rattan - Septiembre - Don Baraton: tienda de sof\u00e1s, muebles y colchones","isPartOf":{"@id":"https:\/\/donbaraton.es\/#website"},"primaryImageOfPage":{"@id":"https:\/\/donbaraton.es\/en\/p\/patio-set-loveseat-2-armchairs-coffee-table-synthetic-rattan-septiembre\/#primaryimage"},"image":{"@id":"https:\/\/donbaraton.es\/en\/p\/patio-set-loveseat-2-armchairs-coffee-table-synthetic-rattan-septiembre\/#primaryimage"},"thumbnailUrl":"https:\/\/donbaraton.es\/wp-content\/uploads\/2019\/07\/Conjunto-de-jard\u00edn-sof\u00e1-2-plazas-2-sillones-mesa-baja-rat\u00e1n-sint\u00e9tico-marr\u00f3n-Septiembre.jpg","datePublished":"2019-07-13T16:47:39+00:00","dateModified":"2020-09-14T17:16:32+00:00","breadcrumb":{"@id":"https:\/\/donbaraton.es\/en\/p\/patio-set-loveseat-2-armchairs-coffee-table-synthetic-rattan-septiembre\/#breadcrumb"},"inLanguage":"en-GB","potentialAction":[{"@type":"ReadAction","target":["https:\/\/donbaraton.es\/en\/p\/patio-set-loveseat-2-armchairs-coffee-table-synthetic-rattan-septiembre\/"]}]},{"@type":"ImageObject","inLanguage":"en-GB","@id":"https:\/\/donbaraton.es\/en\/p\/patio-set-loveseat-2-armchairs-coffee-table-synthetic-rattan-septiembre\/#primaryimage","url":"https:\/\/donbaraton.es\/wp-content\/uploads\/2019\/07\/Conjunto-de-jard\u00edn-sof\u00e1-2-plazas-2-sillones-mesa-baja-rat\u00e1n-sint\u00e9tico-marr\u00f3n-Septiembre.jpg","contentUrl":"https:\/\/donbaraton.es\/wp-content\/uploads\/2019\/07\/Conjunto-de-jard\u00edn-sof\u00e1-2-plazas-2-sillones-mesa-baja-rat\u00e1n-sint\u00e9tico-marr\u00f3n-Septiembre.jpg","width":800,"height":533,"caption":"Patio Set: 2 Armchairs, 1 Two-seater Sofa and Coffee Table, Synthetic Rattan - Septiembre"},{"@type":"BreadcrumbList","@id":"https:\/\/donbaraton.es\/en\/p\/patio-set-loveseat-2-armchairs-coffee-table-synthetic-rattan-septiembre\/#breadcrumb","itemListElement":[{"@type":"ListItem","position":1,"name":"Portada","item":"https:\/\/donbaraton.es\/en\/"},{"@type":"ListItem","position":2,"name":"Online Shop","item":"https:\/\/donbaraton.es\/en\/shop\/"},{"@type":"ListItem","position":3,"name":"Patio Set: Loveseat, 2 Armchairs and Coffee Table, Synthetic Rattan &#8211; Septiembre"}]},{"@type":"WebSite","@id":"https:\/\/donbaraton.es\/#website","url":"https:\/\/donbaraton.es\/","name":"Don Baraton: tienda de sof\u00e1s, muebles y colchones","description":"Sofas baratos desde el almac\u00e9n en Almorad\u00ed, Alicante","publisher":{"@id":"https:\/\/donbaraton.es\/#organization"},"potentialAction":[{"@type":"SearchAction","target":{"@type":"EntryPoint","urlTemplate":"https:\/\/donbaraton.es\/?s={search_term_string}"},"query-input":{"@type":"PropertyValueSpecification","valueRequired":true,"valueName":"search_term_string"}}],"inLanguage":"en-GB"},{"@type":"Organization","@id":"https:\/\/donbaraton.es\/#organization","name":"Don Baraton","url":"https:\/\/donbaraton.es\/","logo":{"@type":"ImageObject","inLanguage":"en-GB","@id":"https:\/\/donbaraton.es\/#\/schema\/logo\/image\/","url":"https:\/\/i0.wp.com\/donbaraton.es\/wp-content\/uploads\/2016\/11\/logo_don_baraton.png?fit=228%2C110&ssl=1","contentUrl":"https:\/\/i0.wp.com\/donbaraton.es\/wp-content\/uploads\/2016\/11\/logo_don_baraton.png?fit=228%2C110&ssl=1","width":228,"height":110,"caption":"Don Baraton"},"image":{"@id":"https:\/\/donbaraton.es\/#\/schema\/logo\/image\/"},"sameAs":["https:\/\/www.facebook.com\/donbaraton.es","https:\/\/x.com\/don_baraton","https:\/\/www.instagram.com\/donbaraton.es","https:\/\/www.linkedin.com\/company\/donbaraton\/","https:\/\/es.pinterest.com\/donbaraton\/","https:\/\/www.youtube.com\/channel\/UCL02HOwx-F759Jq5MedAZfQ"]}]}},"_links":{"self":[{"href":"https:\/\/donbaraton.es\/en\/wp-json\/wp\/v2\/product\/17896","targetHints":{"allow":["GET"]}}],"collection":[{"href":"https:\/\/donbaraton.es\/en\/wp-json\/wp\/v2\/product"}],"about":[{"href":"https:\/\/donbaraton.es\/en\/wp-json\/wp\/v2\/types\/product"}],"replies":[{"embeddable":true,"href":"https:\/\/donbaraton.es\/en\/wp-json\/wp\/v2\/comments?post=17896"}],"wp:featuredmedia":[{"embeddable":true,"href":"https:\/\/donbaraton.es\/en\/wp-json\/wp\/v2\/media\/17715"}],"wp:attachment":[{"href":"https:\/\/donbaraton.es\/en\/wp-json\/wp\/v2\/media?parent=17896"}],"wp:term":[{"taxonomy":"product_brand","embeddable":true,"href":"https:\/\/donbaraton.es\/en\/wp-json\/wp\/v2\/product_brand?post=17896"},{"taxonomy":"product_cat","embeddable":true,"href":"https:\/\/donbaraton.es\/en\/wp-json\/wp\/v2\/product_cat?post=17896"},{"taxonomy":"product_tag","embeddable":true,"href":"https:\/\/donbaraton.es\/en\/wp-json\/wp\/v2\/product_tag?post=17896"}],"curies":[{"name":"wp","href":"https:\/\/api.w.org\/{rel}","templated":true}]}}