{"id":18169,"date":"2019-07-27T16:18:14","date_gmt":"2019-07-27T14:18:14","guid":{"rendered":"https:\/\/donbaraton.es\/p\/dining-chair-upholstered-in-grey-fabric-benissa\/"},"modified":"2020-09-01T15:14:52","modified_gmt":"2020-09-01T13:14:52","slug":"dining-chair-upholstered-in-grey-fabric-benissa","status":"publish","type":"product","link":"https:\/\/donbaraton.es\/en\/p\/dining-chair-upholstered-in-grey-fabric-benissa\/","title":{"rendered":"Dining Chair Upholstered in Grey Fabric &#8211; Benissa"},"content":{"rendered":"<p><strong>Dining chair upholstered in grey fabric &#8211; Benissa<\/strong><\/p>\n<p>You can buy one chair or packs of four \/ six chairs.<\/p>\n<p>This comfy dining chair can be combined with several tables to form a dining set. Take a look at this example: <a href=\"https:\/\/donbaraton.es\/en\/p\/6-seater-dining-set-grey-upholstered-chairs-glass-top-table-moncada-benissa\/\"><strong>Moncada\/Benissa 6 Seater Dining Set<\/strong><\/a><\/p>\n<p><strong>Dimensions:<\/strong> height 96 cm, width 41 cm, depth 48 cm<\/p>\n<p>Assembly service not included<\/p>\n","protected":false},"excerpt":{"rendered":"<ul>\n<li>Upholstered in grey fabric<\/li>\n<li>Painted steel frame<\/li>\n<li>Comfy ergonomic backrest<\/li>\n<\/ul>\n<p><strong>Dimensions:<\/strong> 41 cm (W) x 48 cm (D) x 96 cm (H)<\/p>\n","protected":false},"featured_media":17993,"comment_status":"open","ping_status":"closed","template":"","meta":{"_et_pb_use_builder":"","_et_pb_old_content":"","_et_gb_content_width":""},"product_brand":[],"product_cat":[233,71],"product_tag":[],"class_list":{"0":"post-18169","1":"product","2":"type-product","3":"status-publish","4":"has-post-thumbnail","6":"product_cat-chairs","7":"product_cat-furniture","8":"product_shipping_class-3-20-kg-hasta-10-dias","9":"pa_material-fabric","10":"pa_material-metal-en","12":"first","13":"outofstock","14":"taxable","15":"shipping-taxable","16":"purchasable","17":"product-type-variable"},"yoast_head":"<!-- This site is optimized with the Yoast SEO plugin v27.2 - https:\/\/yoast.com\/product\/yoast-seo-wordpress\/ -->\n<title>Dining Chair Upholstered in Grey Fabric - Benissa - Don Baraton: tienda de sof\u00e1s, muebles y colchones<\/title>\n<meta name=\"robots\" content=\"index, follow, max-snippet:-1, max-image-preview:large, max-video-preview:-1\" \/>\n<link rel=\"canonical\" href=\"https:\/\/donbaraton.es\/en\/p\/dining-chair-upholstered-in-grey-fabric-benissa\/\" \/>\n<meta property=\"og:locale\" content=\"en_GB\" \/>\n<meta property=\"og:type\" content=\"article\" \/>\n<meta property=\"og:title\" content=\"Dining Chair Upholstered in Grey Fabric - Benissa - Don Baraton: tienda de sof\u00e1s, muebles y colchones\" \/>\n<meta property=\"og:description\" content=\"Upholstered in grey fabric  Painted steel frame  Comfy ergonomic backrest  Dimensions: 41 cm (W) x 48 cm (D) x 96 cm (H)\" \/>\n<meta property=\"og:url\" content=\"https:\/\/donbaraton.es\/en\/p\/dining-chair-upholstered-in-grey-fabric-benissa\/\" \/>\n<meta property=\"og:site_name\" content=\"Don Baraton: tienda de sof\u00e1s, muebles y colchones\" \/>\n<meta property=\"article:publisher\" content=\"https:\/\/www.facebook.com\/donbaraton.es\" \/>\n<meta property=\"article:modified_time\" content=\"2020-09-01T13:14:52+00:00\" \/>\n<meta property=\"og:image\" content=\"https:\/\/i0.wp.com\/donbaraton.es\/wp-content\/uploads\/2019\/07\/Silla-tapizada-en-tela-de-color-gris-Benissa.jpg?fit=1000%2C751&ssl=1\" \/>\n\t<meta property=\"og:image:width\" content=\"1000\" \/>\n\t<meta property=\"og:image:height\" content=\"751\" \/>\n\t<meta property=\"og:image:type\" content=\"image\/jpeg\" \/>\n<meta name=\"twitter:card\" content=\"summary_large_image\" \/>\n<meta name=\"twitter:site\" content=\"@don_baraton\" \/>\n<script type=\"application\/ld+json\" class=\"yoast-schema-graph\">{\"@context\":\"https:\/\/schema.org\",\"@graph\":[{\"@type\":\"WebPage\",\"@id\":\"https:\/\/donbaraton.es\/en\/p\/dining-chair-upholstered-in-grey-fabric-benissa\/\",\"url\":\"https:\/\/donbaraton.es\/en\/p\/dining-chair-upholstered-in-grey-fabric-benissa\/\",\"name\":\"Dining Chair Upholstered in Grey Fabric - Benissa - Don Baraton: tienda de sof\u00e1s, muebles y colchones\",\"isPartOf\":{\"@id\":\"https:\/\/donbaraton.es\/#website\"},\"primaryImageOfPage\":{\"@id\":\"https:\/\/donbaraton.es\/en\/p\/dining-chair-upholstered-in-grey-fabric-benissa\/#primaryimage\"},\"image\":{\"@id\":\"https:\/\/donbaraton.es\/en\/p\/dining-chair-upholstered-in-grey-fabric-benissa\/#primaryimage\"},\"thumbnailUrl\":\"https:\/\/donbaraton.es\/wp-content\/uploads\/2019\/07\/Silla-tapizada-en-tela-de-color-gris-Benissa.jpg\",\"datePublished\":\"2019-07-27T14:18:14+00:00\",\"dateModified\":\"2020-09-01T13:14:52+00:00\",\"breadcrumb\":{\"@id\":\"https:\/\/donbaraton.es\/en\/p\/dining-chair-upholstered-in-grey-fabric-benissa\/#breadcrumb\"},\"inLanguage\":\"en-GB\",\"potentialAction\":[{\"@type\":\"ReadAction\",\"target\":[\"https:\/\/donbaraton.es\/en\/p\/dining-chair-upholstered-in-grey-fabric-benissa\/\"]}]},{\"@type\":\"ImageObject\",\"inLanguage\":\"en-GB\",\"@id\":\"https:\/\/donbaraton.es\/en\/p\/dining-chair-upholstered-in-grey-fabric-benissa\/#primaryimage\",\"url\":\"https:\/\/donbaraton.es\/wp-content\/uploads\/2019\/07\/Silla-tapizada-en-tela-de-color-gris-Benissa.jpg\",\"contentUrl\":\"https:\/\/donbaraton.es\/wp-content\/uploads\/2019\/07\/Silla-tapizada-en-tela-de-color-gris-Benissa.jpg\",\"width\":1000,\"height\":751,\"caption\":\"Dining Chair Upholstered in Grey Fabric - Benissa\"},{\"@type\":\"BreadcrumbList\",\"@id\":\"https:\/\/donbaraton.es\/en\/p\/dining-chair-upholstered-in-grey-fabric-benissa\/#breadcrumb\",\"itemListElement\":[{\"@type\":\"ListItem\",\"position\":1,\"name\":\"Portada\",\"item\":\"https:\/\/donbaraton.es\/en\/\"},{\"@type\":\"ListItem\",\"position\":2,\"name\":\"Online Shop\",\"item\":\"https:\/\/donbaraton.es\/en\/shop\/\"},{\"@type\":\"ListItem\",\"position\":3,\"name\":\"Dining Chair Upholstered in Grey Fabric &#8211; Benissa\"}]},{\"@type\":\"WebSite\",\"@id\":\"https:\/\/donbaraton.es\/#website\",\"url\":\"https:\/\/donbaraton.es\/\",\"name\":\"Don Baraton: tienda de sof\u00e1s, muebles y colchones\",\"description\":\"Sofas baratos desde el almac\u00e9n en Almorad\u00ed, Alicante\",\"publisher\":{\"@id\":\"https:\/\/donbaraton.es\/#organization\"},\"potentialAction\":[{\"@type\":\"SearchAction\",\"target\":{\"@type\":\"EntryPoint\",\"urlTemplate\":\"https:\/\/donbaraton.es\/?s={search_term_string}\"},\"query-input\":{\"@type\":\"PropertyValueSpecification\",\"valueRequired\":true,\"valueName\":\"search_term_string\"}}],\"inLanguage\":\"en-GB\"},{\"@type\":\"Organization\",\"@id\":\"https:\/\/donbaraton.es\/#organization\",\"name\":\"Don Baraton\",\"url\":\"https:\/\/donbaraton.es\/\",\"logo\":{\"@type\":\"ImageObject\",\"inLanguage\":\"en-GB\",\"@id\":\"https:\/\/donbaraton.es\/#\/schema\/logo\/image\/\",\"url\":\"https:\/\/i0.wp.com\/donbaraton.es\/wp-content\/uploads\/2016\/11\/logo_don_baraton.png?fit=228%2C110&ssl=1\",\"contentUrl\":\"https:\/\/i0.wp.com\/donbaraton.es\/wp-content\/uploads\/2016\/11\/logo_don_baraton.png?fit=228%2C110&ssl=1\",\"width\":228,\"height\":110,\"caption\":\"Don Baraton\"},\"image\":{\"@id\":\"https:\/\/donbaraton.es\/#\/schema\/logo\/image\/\"},\"sameAs\":[\"https:\/\/www.facebook.com\/donbaraton.es\",\"https:\/\/x.com\/don_baraton\",\"https:\/\/www.instagram.com\/donbaraton.es\",\"https:\/\/www.linkedin.com\/company\/donbaraton\/\",\"https:\/\/es.pinterest.com\/donbaraton\/\",\"https:\/\/www.youtube.com\/channel\/UCL02HOwx-F759Jq5MedAZfQ\"]}]}<\/script>\n<!-- \/ Yoast SEO plugin. -->","yoast_head_json":{"title":"Dining Chair Upholstered in Grey Fabric - Benissa - Don Baraton: tienda de sof\u00e1s, muebles y colchones","robots":{"index":"index","follow":"follow","max-snippet":"max-snippet:-1","max-image-preview":"max-image-preview:large","max-video-preview":"max-video-preview:-1"},"canonical":"https:\/\/donbaraton.es\/en\/p\/dining-chair-upholstered-in-grey-fabric-benissa\/","og_locale":"en_GB","og_type":"article","og_title":"Dining Chair Upholstered in Grey Fabric - Benissa - Don Baraton: tienda de sof\u00e1s, muebles y colchones","og_description":"Upholstered in grey fabric  Painted steel frame  Comfy ergonomic backrest  Dimensions: 41 cm (W) x 48 cm (D) x 96 cm (H)","og_url":"https:\/\/donbaraton.es\/en\/p\/dining-chair-upholstered-in-grey-fabric-benissa\/","og_site_name":"Don Baraton: tienda de sof\u00e1s, muebles y colchones","article_publisher":"https:\/\/www.facebook.com\/donbaraton.es","article_modified_time":"2020-09-01T13:14:52+00:00","og_image":[{"width":1000,"height":751,"url":"https:\/\/i0.wp.com\/donbaraton.es\/wp-content\/uploads\/2019\/07\/Silla-tapizada-en-tela-de-color-gris-Benissa.jpg?fit=1000%2C751&ssl=1","type":"image\/jpeg"}],"twitter_card":"summary_large_image","twitter_site":"@don_baraton","schema":{"@context":"https:\/\/schema.org","@graph":[{"@type":"WebPage","@id":"https:\/\/donbaraton.es\/en\/p\/dining-chair-upholstered-in-grey-fabric-benissa\/","url":"https:\/\/donbaraton.es\/en\/p\/dining-chair-upholstered-in-grey-fabric-benissa\/","name":"Dining Chair Upholstered in Grey Fabric - Benissa - Don Baraton: tienda de sof\u00e1s, muebles y colchones","isPartOf":{"@id":"https:\/\/donbaraton.es\/#website"},"primaryImageOfPage":{"@id":"https:\/\/donbaraton.es\/en\/p\/dining-chair-upholstered-in-grey-fabric-benissa\/#primaryimage"},"image":{"@id":"https:\/\/donbaraton.es\/en\/p\/dining-chair-upholstered-in-grey-fabric-benissa\/#primaryimage"},"thumbnailUrl":"https:\/\/donbaraton.es\/wp-content\/uploads\/2019\/07\/Silla-tapizada-en-tela-de-color-gris-Benissa.jpg","datePublished":"2019-07-27T14:18:14+00:00","dateModified":"2020-09-01T13:14:52+00:00","breadcrumb":{"@id":"https:\/\/donbaraton.es\/en\/p\/dining-chair-upholstered-in-grey-fabric-benissa\/#breadcrumb"},"inLanguage":"en-GB","potentialAction":[{"@type":"ReadAction","target":["https:\/\/donbaraton.es\/en\/p\/dining-chair-upholstered-in-grey-fabric-benissa\/"]}]},{"@type":"ImageObject","inLanguage":"en-GB","@id":"https:\/\/donbaraton.es\/en\/p\/dining-chair-upholstered-in-grey-fabric-benissa\/#primaryimage","url":"https:\/\/donbaraton.es\/wp-content\/uploads\/2019\/07\/Silla-tapizada-en-tela-de-color-gris-Benissa.jpg","contentUrl":"https:\/\/donbaraton.es\/wp-content\/uploads\/2019\/07\/Silla-tapizada-en-tela-de-color-gris-Benissa.jpg","width":1000,"height":751,"caption":"Dining Chair Upholstered in Grey Fabric - Benissa"},{"@type":"BreadcrumbList","@id":"https:\/\/donbaraton.es\/en\/p\/dining-chair-upholstered-in-grey-fabric-benissa\/#breadcrumb","itemListElement":[{"@type":"ListItem","position":1,"name":"Portada","item":"https:\/\/donbaraton.es\/en\/"},{"@type":"ListItem","position":2,"name":"Online Shop","item":"https:\/\/donbaraton.es\/en\/shop\/"},{"@type":"ListItem","position":3,"name":"Dining Chair Upholstered in Grey Fabric &#8211; Benissa"}]},{"@type":"WebSite","@id":"https:\/\/donbaraton.es\/#website","url":"https:\/\/donbaraton.es\/","name":"Don Baraton: tienda de sof\u00e1s, muebles y colchones","description":"Sofas baratos desde el almac\u00e9n en Almorad\u00ed, Alicante","publisher":{"@id":"https:\/\/donbaraton.es\/#organization"},"potentialAction":[{"@type":"SearchAction","target":{"@type":"EntryPoint","urlTemplate":"https:\/\/donbaraton.es\/?s={search_term_string}"},"query-input":{"@type":"PropertyValueSpecification","valueRequired":true,"valueName":"search_term_string"}}],"inLanguage":"en-GB"},{"@type":"Organization","@id":"https:\/\/donbaraton.es\/#organization","name":"Don Baraton","url":"https:\/\/donbaraton.es\/","logo":{"@type":"ImageObject","inLanguage":"en-GB","@id":"https:\/\/donbaraton.es\/#\/schema\/logo\/image\/","url":"https:\/\/i0.wp.com\/donbaraton.es\/wp-content\/uploads\/2016\/11\/logo_don_baraton.png?fit=228%2C110&ssl=1","contentUrl":"https:\/\/i0.wp.com\/donbaraton.es\/wp-content\/uploads\/2016\/11\/logo_don_baraton.png?fit=228%2C110&ssl=1","width":228,"height":110,"caption":"Don Baraton"},"image":{"@id":"https:\/\/donbaraton.es\/#\/schema\/logo\/image\/"},"sameAs":["https:\/\/www.facebook.com\/donbaraton.es","https:\/\/x.com\/don_baraton","https:\/\/www.instagram.com\/donbaraton.es","https:\/\/www.linkedin.com\/company\/donbaraton\/","https:\/\/es.pinterest.com\/donbaraton\/","https:\/\/www.youtube.com\/channel\/UCL02HOwx-F759Jq5MedAZfQ"]}]}},"_links":{"self":[{"href":"https:\/\/donbaraton.es\/en\/wp-json\/wp\/v2\/product\/18169","targetHints":{"allow":["GET"]}}],"collection":[{"href":"https:\/\/donbaraton.es\/en\/wp-json\/wp\/v2\/product"}],"about":[{"href":"https:\/\/donbaraton.es\/en\/wp-json\/wp\/v2\/types\/product"}],"replies":[{"embeddable":true,"href":"https:\/\/donbaraton.es\/en\/wp-json\/wp\/v2\/comments?post=18169"}],"wp:featuredmedia":[{"embeddable":true,"href":"https:\/\/donbaraton.es\/en\/wp-json\/wp\/v2\/media\/17993"}],"wp:attachment":[{"href":"https:\/\/donbaraton.es\/en\/wp-json\/wp\/v2\/media?parent=18169"}],"wp:term":[{"taxonomy":"product_brand","embeddable":true,"href":"https:\/\/donbaraton.es\/en\/wp-json\/wp\/v2\/product_brand?post=18169"},{"taxonomy":"product_cat","embeddable":true,"href":"https:\/\/donbaraton.es\/en\/wp-json\/wp\/v2\/product_cat?post=18169"},{"taxonomy":"product_tag","embeddable":true,"href":"https:\/\/donbaraton.es\/en\/wp-json\/wp\/v2\/product_tag?post=18169"}],"curies":[{"name":"wp","href":"https:\/\/api.w.org\/{rel}","templated":true}]}}