{"id":18227,"date":"2019-07-29T14:22:32","date_gmt":"2019-07-29T12:22:32","guid":{"rendered":"https:\/\/donbaraton.es\/p\/nordic-design-chair-upholstered-brown-fabric-chocolate-randers\/"},"modified":"2019-08-09T15:29:31","modified_gmt":"2019-08-09T13:29:31","slug":"nordic-design-chair-upholstered-brown-fabric-chocolate-randers","status":"publish","type":"product","link":"https:\/\/donbaraton.es\/en\/p\/nordic-design-chair-upholstered-brown-fabric-chocolate-randers\/","title":{"rendered":"Nordic Design Chair Upholstered in Brown Fabric (Chocolate) &#8211; Randers"},"content":{"rendered":"<p><strong>Nordic design chair upholstered in brown fabric (chocolate) &#8211; Randers<\/strong><\/p>\n<p>You can buy one chair or packs of 4 or 6 chairs.<\/p>\n<p>A comfy chair in nordic design perfect for interiors in warm colours &#8211; brown, beige, cream, sand etc.<\/p>\n<p>This chair is combinable with dining tables offered in our shop, take a look for example at our <strong><a href=\"https:\/\/donbaraton.es\/en\/p\/scandinavian-dining-set-glass-top-table-4-upholstered-chairs-herring-randers\/\">Scandinavian 4 Seater Dining Set Herning + Randers<\/a>.\u00a0<\/strong><\/p>\n<p><strong>Dimensions:<\/strong> width 43 cm, height 87 cm, depth 42 cm<\/p>\n<p>Assembly service not included<\/p>\n","protected":false},"excerpt":{"rendered":"<ul>\n<li>Nordic design<\/li>\n<li>Ergonomic shape<\/li>\n<li>Upholstered in fabric<\/li>\n<li>Painted steel legs<\/li>\n<\/ul>\n<p><strong>Dimensions:<\/strong> width 43 cm, height 87 cm, depth 42 cm<\/p>\n","protected":false},"featured_media":18048,"comment_status":"open","ping_status":"closed","template":"","meta":{"_et_pb_use_builder":"","_et_pb_old_content":"","_et_gb_content_width":""},"product_brand":[],"product_cat":[233,71],"product_tag":[],"class_list":{"0":"post-18227","1":"product","2":"type-product","3":"status-publish","4":"has-post-thumbnail","6":"product_cat-chairs","7":"product_cat-furniture","8":"product_shipping_class-articulos-promedios","9":"pa_material-fabric","10":"pa_material-metal-en","12":"first","13":"outofstock","14":"sale","15":"taxable","16":"shipping-taxable","17":"purchasable","18":"product-type-simple"},"yoast_head":"<!-- This site is optimized with the Yoast SEO plugin v27.5 - https:\/\/yoast.com\/product\/yoast-seo-wordpress\/ -->\n<title>Nordic Design Chair Upholstered in Brown Fabric (Chocolate) - Randers - Don Baraton: tienda de sof\u00e1s, muebles y colchones<\/title>\n<meta name=\"robots\" content=\"index, follow, max-snippet:-1, max-image-preview:large, max-video-preview:-1\" \/>\n<link rel=\"canonical\" href=\"https:\/\/donbaraton.es\/en\/p\/nordic-design-chair-upholstered-brown-fabric-chocolate-randers\/\" \/>\n<meta property=\"og:locale\" content=\"en_GB\" \/>\n<meta property=\"og:type\" content=\"article\" \/>\n<meta property=\"og:title\" content=\"Nordic Design Chair Upholstered in Brown Fabric (Chocolate) - Randers - Don Baraton: tienda de sof\u00e1s, muebles y colchones\" \/>\n<meta property=\"og:description\" content=\"Nordic design  Ergonomic shape  Upholstered in fabric  Painted steel legs  Dimensions: width 43 cm, height 87 cm, depth 42 cm\" \/>\n<meta property=\"og:url\" content=\"https:\/\/donbaraton.es\/en\/p\/nordic-design-chair-upholstered-brown-fabric-chocolate-randers\/\" \/>\n<meta property=\"og:site_name\" content=\"Don Baraton: tienda de sof\u00e1s, muebles y colchones\" \/>\n<meta property=\"article:publisher\" content=\"https:\/\/www.facebook.com\/donbaraton.es\" \/>\n<meta property=\"article:modified_time\" content=\"2019-08-09T13:29:31+00:00\" \/>\n<meta property=\"og:image\" content=\"https:\/\/i1.wp.com\/donbaraton.es\/wp-content\/uploads\/2019\/07\/Silla-dise\u00f1o-n\u00f3rdico-tapizada-en-tela-marr\u00f3n-chocolate-Randers-1.jpg?fit=830%2C624&ssl=1\" \/>\n\t<meta property=\"og:image:width\" content=\"830\" \/>\n\t<meta property=\"og:image:height\" content=\"624\" \/>\n\t<meta property=\"og:image:type\" content=\"image\/jpeg\" \/>\n<meta name=\"twitter:card\" content=\"summary_large_image\" \/>\n<meta name=\"twitter:site\" content=\"@don_baraton\" \/>\n<script type=\"application\/ld+json\" class=\"yoast-schema-graph\">{\"@context\":\"https:\\\/\\\/schema.org\",\"@graph\":[{\"@type\":\"WebPage\",\"@id\":\"https:\\\/\\\/donbaraton.es\\\/en\\\/p\\\/nordic-design-chair-upholstered-brown-fabric-chocolate-randers\\\/\",\"url\":\"https:\\\/\\\/donbaraton.es\\\/en\\\/p\\\/nordic-design-chair-upholstered-brown-fabric-chocolate-randers\\\/\",\"name\":\"Nordic Design Chair Upholstered in Brown Fabric (Chocolate) - Randers - Don Baraton: tienda de sof\u00e1s, muebles y colchones\",\"isPartOf\":{\"@id\":\"https:\\\/\\\/donbaraton.es\\\/#website\"},\"primaryImageOfPage\":{\"@id\":\"https:\\\/\\\/donbaraton.es\\\/en\\\/p\\\/nordic-design-chair-upholstered-brown-fabric-chocolate-randers\\\/#primaryimage\"},\"image\":{\"@id\":\"https:\\\/\\\/donbaraton.es\\\/en\\\/p\\\/nordic-design-chair-upholstered-brown-fabric-chocolate-randers\\\/#primaryimage\"},\"thumbnailUrl\":\"https:\\\/\\\/donbaraton.es\\\/wp-content\\\/uploads\\\/2019\\\/07\\\/Silla-dise\u00f1o-n\u00f3rdico-tapizada-en-tela-marr\u00f3n-chocolate-Randers-1.jpg\",\"datePublished\":\"2019-07-29T12:22:32+00:00\",\"dateModified\":\"2019-08-09T13:29:31+00:00\",\"breadcrumb\":{\"@id\":\"https:\\\/\\\/donbaraton.es\\\/en\\\/p\\\/nordic-design-chair-upholstered-brown-fabric-chocolate-randers\\\/#breadcrumb\"},\"inLanguage\":\"en-GB\",\"potentialAction\":[{\"@type\":\"ReadAction\",\"target\":[\"https:\\\/\\\/donbaraton.es\\\/en\\\/p\\\/nordic-design-chair-upholstered-brown-fabric-chocolate-randers\\\/\"]}]},{\"@type\":\"ImageObject\",\"inLanguage\":\"en-GB\",\"@id\":\"https:\\\/\\\/donbaraton.es\\\/en\\\/p\\\/nordic-design-chair-upholstered-brown-fabric-chocolate-randers\\\/#primaryimage\",\"url\":\"https:\\\/\\\/donbaraton.es\\\/wp-content\\\/uploads\\\/2019\\\/07\\\/Silla-dise\u00f1o-n\u00f3rdico-tapizada-en-tela-marr\u00f3n-chocolate-Randers-1.jpg\",\"contentUrl\":\"https:\\\/\\\/donbaraton.es\\\/wp-content\\\/uploads\\\/2019\\\/07\\\/Silla-dise\u00f1o-n\u00f3rdico-tapizada-en-tela-marr\u00f3n-chocolate-Randers-1.jpg\",\"width\":830,\"height\":624,\"caption\":\"Nordic Design Chair Upholstered in Brown Fabric (Chocolate) - Randers\"},{\"@type\":\"BreadcrumbList\",\"@id\":\"https:\\\/\\\/donbaraton.es\\\/en\\\/p\\\/nordic-design-chair-upholstered-brown-fabric-chocolate-randers\\\/#breadcrumb\",\"itemListElement\":[{\"@type\":\"ListItem\",\"position\":1,\"name\":\"Portada\",\"item\":\"https:\\\/\\\/donbaraton.es\\\/en\\\/\"},{\"@type\":\"ListItem\",\"position\":2,\"name\":\"Online Shop\",\"item\":\"https:\\\/\\\/donbaraton.es\\\/en\\\/shop\\\/\"},{\"@type\":\"ListItem\",\"position\":3,\"name\":\"Nordic Design Chair Upholstered in Brown Fabric (Chocolate) &#8211; Randers\"}]},{\"@type\":\"WebSite\",\"@id\":\"https:\\\/\\\/donbaraton.es\\\/#website\",\"url\":\"https:\\\/\\\/donbaraton.es\\\/\",\"name\":\"Don Baraton: tienda de sof\u00e1s, muebles y colchones\",\"description\":\"Sofas baratos desde el almac\u00e9n en Almorad\u00ed, Alicante\",\"publisher\":{\"@id\":\"https:\\\/\\\/donbaraton.es\\\/#organization\"},\"potentialAction\":[{\"@type\":\"SearchAction\",\"target\":{\"@type\":\"EntryPoint\",\"urlTemplate\":\"https:\\\/\\\/donbaraton.es\\\/?s={search_term_string}\"},\"query-input\":{\"@type\":\"PropertyValueSpecification\",\"valueRequired\":true,\"valueName\":\"search_term_string\"}}],\"inLanguage\":\"en-GB\"},{\"@type\":\"Organization\",\"@id\":\"https:\\\/\\\/donbaraton.es\\\/#organization\",\"name\":\"Don Baraton\",\"url\":\"https:\\\/\\\/donbaraton.es\\\/\",\"logo\":{\"@type\":\"ImageObject\",\"inLanguage\":\"en-GB\",\"@id\":\"https:\\\/\\\/donbaraton.es\\\/#\\\/schema\\\/logo\\\/image\\\/\",\"url\":\"https:\\\/\\\/i0.wp.com\\\/donbaraton.es\\\/wp-content\\\/uploads\\\/2016\\\/11\\\/logo_don_baraton.png?fit=228%2C110&ssl=1\",\"contentUrl\":\"https:\\\/\\\/i0.wp.com\\\/donbaraton.es\\\/wp-content\\\/uploads\\\/2016\\\/11\\\/logo_don_baraton.png?fit=228%2C110&ssl=1\",\"width\":228,\"height\":110,\"caption\":\"Don Baraton\"},\"image\":{\"@id\":\"https:\\\/\\\/donbaraton.es\\\/#\\\/schema\\\/logo\\\/image\\\/\"},\"sameAs\":[\"https:\\\/\\\/www.facebook.com\\\/donbaraton.es\",\"https:\\\/\\\/x.com\\\/don_baraton\",\"https:\\\/\\\/www.instagram.com\\\/donbaraton.es\",\"https:\\\/\\\/www.linkedin.com\\\/company\\\/donbaraton\\\/\",\"https:\\\/\\\/es.pinterest.com\\\/donbaraton\\\/\",\"https:\\\/\\\/www.youtube.com\\\/channel\\\/UCL02HOwx-F759Jq5MedAZfQ\"]}]}<\/script>\n<!-- \/ Yoast SEO plugin. -->","yoast_head_json":{"title":"Nordic Design Chair Upholstered in Brown Fabric (Chocolate) - Randers - Don Baraton: tienda de sof\u00e1s, muebles y colchones","robots":{"index":"index","follow":"follow","max-snippet":"max-snippet:-1","max-image-preview":"max-image-preview:large","max-video-preview":"max-video-preview:-1"},"canonical":"https:\/\/donbaraton.es\/en\/p\/nordic-design-chair-upholstered-brown-fabric-chocolate-randers\/","og_locale":"en_GB","og_type":"article","og_title":"Nordic Design Chair Upholstered in Brown Fabric (Chocolate) - Randers - Don Baraton: tienda de sof\u00e1s, muebles y colchones","og_description":"Nordic design  Ergonomic shape  Upholstered in fabric  Painted steel legs  Dimensions: width 43 cm, height 87 cm, depth 42 cm","og_url":"https:\/\/donbaraton.es\/en\/p\/nordic-design-chair-upholstered-brown-fabric-chocolate-randers\/","og_site_name":"Don Baraton: tienda de sof\u00e1s, muebles y colchones","article_publisher":"https:\/\/www.facebook.com\/donbaraton.es","article_modified_time":"2019-08-09T13:29:31+00:00","og_image":[{"width":830,"height":624,"url":"https:\/\/i1.wp.com\/donbaraton.es\/wp-content\/uploads\/2019\/07\/Silla-dise\u00f1o-n\u00f3rdico-tapizada-en-tela-marr\u00f3n-chocolate-Randers-1.jpg?fit=830%2C624&ssl=1","type":"image\/jpeg"}],"twitter_card":"summary_large_image","twitter_site":"@don_baraton","schema":{"@context":"https:\/\/schema.org","@graph":[{"@type":"WebPage","@id":"https:\/\/donbaraton.es\/en\/p\/nordic-design-chair-upholstered-brown-fabric-chocolate-randers\/","url":"https:\/\/donbaraton.es\/en\/p\/nordic-design-chair-upholstered-brown-fabric-chocolate-randers\/","name":"Nordic Design Chair Upholstered in Brown Fabric (Chocolate) - Randers - Don Baraton: tienda de sof\u00e1s, muebles y colchones","isPartOf":{"@id":"https:\/\/donbaraton.es\/#website"},"primaryImageOfPage":{"@id":"https:\/\/donbaraton.es\/en\/p\/nordic-design-chair-upholstered-brown-fabric-chocolate-randers\/#primaryimage"},"image":{"@id":"https:\/\/donbaraton.es\/en\/p\/nordic-design-chair-upholstered-brown-fabric-chocolate-randers\/#primaryimage"},"thumbnailUrl":"https:\/\/donbaraton.es\/wp-content\/uploads\/2019\/07\/Silla-dise\u00f1o-n\u00f3rdico-tapizada-en-tela-marr\u00f3n-chocolate-Randers-1.jpg","datePublished":"2019-07-29T12:22:32+00:00","dateModified":"2019-08-09T13:29:31+00:00","breadcrumb":{"@id":"https:\/\/donbaraton.es\/en\/p\/nordic-design-chair-upholstered-brown-fabric-chocolate-randers\/#breadcrumb"},"inLanguage":"en-GB","potentialAction":[{"@type":"ReadAction","target":["https:\/\/donbaraton.es\/en\/p\/nordic-design-chair-upholstered-brown-fabric-chocolate-randers\/"]}]},{"@type":"ImageObject","inLanguage":"en-GB","@id":"https:\/\/donbaraton.es\/en\/p\/nordic-design-chair-upholstered-brown-fabric-chocolate-randers\/#primaryimage","url":"https:\/\/donbaraton.es\/wp-content\/uploads\/2019\/07\/Silla-dise\u00f1o-n\u00f3rdico-tapizada-en-tela-marr\u00f3n-chocolate-Randers-1.jpg","contentUrl":"https:\/\/donbaraton.es\/wp-content\/uploads\/2019\/07\/Silla-dise\u00f1o-n\u00f3rdico-tapizada-en-tela-marr\u00f3n-chocolate-Randers-1.jpg","width":830,"height":624,"caption":"Nordic Design Chair Upholstered in Brown Fabric (Chocolate) - Randers"},{"@type":"BreadcrumbList","@id":"https:\/\/donbaraton.es\/en\/p\/nordic-design-chair-upholstered-brown-fabric-chocolate-randers\/#breadcrumb","itemListElement":[{"@type":"ListItem","position":1,"name":"Portada","item":"https:\/\/donbaraton.es\/en\/"},{"@type":"ListItem","position":2,"name":"Online Shop","item":"https:\/\/donbaraton.es\/en\/shop\/"},{"@type":"ListItem","position":3,"name":"Nordic Design Chair Upholstered in Brown Fabric (Chocolate) &#8211; Randers"}]},{"@type":"WebSite","@id":"https:\/\/donbaraton.es\/#website","url":"https:\/\/donbaraton.es\/","name":"Don Baraton: tienda de sof\u00e1s, muebles y colchones","description":"Sofas baratos desde el almac\u00e9n en Almorad\u00ed, Alicante","publisher":{"@id":"https:\/\/donbaraton.es\/#organization"},"potentialAction":[{"@type":"SearchAction","target":{"@type":"EntryPoint","urlTemplate":"https:\/\/donbaraton.es\/?s={search_term_string}"},"query-input":{"@type":"PropertyValueSpecification","valueRequired":true,"valueName":"search_term_string"}}],"inLanguage":"en-GB"},{"@type":"Organization","@id":"https:\/\/donbaraton.es\/#organization","name":"Don Baraton","url":"https:\/\/donbaraton.es\/","logo":{"@type":"ImageObject","inLanguage":"en-GB","@id":"https:\/\/donbaraton.es\/#\/schema\/logo\/image\/","url":"https:\/\/i0.wp.com\/donbaraton.es\/wp-content\/uploads\/2016\/11\/logo_don_baraton.png?fit=228%2C110&ssl=1","contentUrl":"https:\/\/i0.wp.com\/donbaraton.es\/wp-content\/uploads\/2016\/11\/logo_don_baraton.png?fit=228%2C110&ssl=1","width":228,"height":110,"caption":"Don Baraton"},"image":{"@id":"https:\/\/donbaraton.es\/#\/schema\/logo\/image\/"},"sameAs":["https:\/\/www.facebook.com\/donbaraton.es","https:\/\/x.com\/don_baraton","https:\/\/www.instagram.com\/donbaraton.es","https:\/\/www.linkedin.com\/company\/donbaraton\/","https:\/\/es.pinterest.com\/donbaraton\/","https:\/\/www.youtube.com\/channel\/UCL02HOwx-F759Jq5MedAZfQ"]}]}},"_links":{"self":[{"href":"https:\/\/donbaraton.es\/en\/wp-json\/wp\/v2\/product\/18227","targetHints":{"allow":["GET"]}}],"collection":[{"href":"https:\/\/donbaraton.es\/en\/wp-json\/wp\/v2\/product"}],"about":[{"href":"https:\/\/donbaraton.es\/en\/wp-json\/wp\/v2\/types\/product"}],"replies":[{"embeddable":true,"href":"https:\/\/donbaraton.es\/en\/wp-json\/wp\/v2\/comments?post=18227"}],"wp:featuredmedia":[{"embeddable":true,"href":"https:\/\/donbaraton.es\/en\/wp-json\/wp\/v2\/media\/18048"}],"wp:attachment":[{"href":"https:\/\/donbaraton.es\/en\/wp-json\/wp\/v2\/media?parent=18227"}],"wp:term":[{"taxonomy":"product_brand","embeddable":true,"href":"https:\/\/donbaraton.es\/en\/wp-json\/wp\/v2\/product_brand?post=18227"},{"taxonomy":"product_cat","embeddable":true,"href":"https:\/\/donbaraton.es\/en\/wp-json\/wp\/v2\/product_cat?post=18227"},{"taxonomy":"product_tag","embeddable":true,"href":"https:\/\/donbaraton.es\/en\/wp-json\/wp\/v2\/product_tag?post=18227"}],"curies":[{"name":"wp","href":"https:\/\/api.w.org\/{rel}","templated":true}]}}