{"id":18236,"date":"2019-07-30T01:32:59","date_gmt":"2019-07-29T23:32:59","guid":{"rendered":"https:\/\/donbaraton.es\/p\/solid-wood-dining-chair-seat-upholstered-fabric-white-cherry-utiel\/"},"modified":"2024-04-20T18:38:28","modified_gmt":"2024-04-20T16:38:28","slug":"solid-wood-dining-chair-seat-upholstered-fabric-white-cherry-utiel","status":"publish","type":"product","link":"https:\/\/donbaraton.es\/en\/p\/solid-wood-dining-chair-seat-upholstered-fabric-white-cherry-utiel\/","title":{"rendered":"Solid Wood Dining Chair with Seat Upholstered in Fabric (White or Cherry) &#8211; Utiel"},"content":{"rendered":"<p><strong>Solid wood dining chair with seat upholstered in fabric, in white or cherry colour &#8211; Utiel<\/strong><\/p>\n<p>A high quality sturdy chair that will last for many years. The seat of the chiar in upholstered in brown microfiber fabric.<\/p>\n<p>Available in two colours:<\/p>\n<ul>\n<li><strong>White<\/strong> frame with brown seat<\/li>\n<li><strong>Cherry<\/strong> frame with brown seat<\/li>\n<\/ul>\n<p>This chair can be combined with many tables to form a dining set, take a look at for example at our <a href=\"https:\/\/donbaraton.es\/p\/conjunto-comedor-mesa-extensible-4-sillas-vejle-utiel\/\"><strong>Dining set with extending table and 4 chairs &#8211; Vejle \/ Utiel<\/strong><\/a><\/p>\n<p><strong>Dimensions:<\/strong> width 44 cm, depth 44 cm, height 104 cm<\/p>\n","protected":false},"excerpt":{"rendered":"<ul>\n<li>Robust solid wood frame<\/li>\n<li>Comfy upholstered seat<\/li>\n<li>Traditional design<\/li>\n<li>White or cherry colour frame to choose<\/li>\n<\/ul>\n<p><strong>Dimensions:<\/strong> width 44 cm, depth 44 cm, height 104 cm<\/p>\n","protected":false},"featured_media":18064,"comment_status":"open","ping_status":"closed","template":"","meta":{"_et_pb_use_builder":"","_et_pb_old_content":"","_et_gb_content_width":""},"product_brand":[],"product_cat":[233,71],"product_tag":[],"class_list":{"0":"post-18236","1":"product","2":"type-product","3":"status-publish","4":"has-post-thumbnail","6":"product_cat-chairs","7":"product_cat-furniture","8":"product_shipping_class-articulos-promedios","9":"pa_material-fabric","10":"pa_material-wood","12":"first","13":"onbackorder","14":"taxable","15":"shipping-taxable","16":"purchasable","17":"product-type-variable"},"yoast_head":"<!-- This site is optimized with the Yoast SEO plugin v27.2 - https:\/\/yoast.com\/product\/yoast-seo-wordpress\/ -->\n<title>Solid Wood Dining Chair with Seat Upholstered in Fabric (White or Cherry) - Utiel - Don Baraton: tienda de sof\u00e1s, muebles y colchones<\/title>\n<meta name=\"robots\" content=\"index, follow, max-snippet:-1, max-image-preview:large, max-video-preview:-1\" \/>\n<link rel=\"canonical\" href=\"https:\/\/donbaraton.es\/en\/p\/solid-wood-dining-chair-seat-upholstered-fabric-white-cherry-utiel\/\" \/>\n<meta property=\"og:locale\" content=\"en_GB\" \/>\n<meta property=\"og:type\" content=\"article\" \/>\n<meta property=\"og:title\" content=\"Solid Wood Dining Chair with Seat Upholstered in Fabric (White or Cherry) - Utiel - Don Baraton: tienda de sof\u00e1s, muebles y colchones\" \/>\n<meta property=\"og:description\" content=\"Robust solid wood frame  Comfy upholstered seat  Traditional design  White or cherry colour frame to choose  Dimensions: width 44 cm, depth 44 cm, height 104 cm\" \/>\n<meta property=\"og:url\" content=\"https:\/\/donbaraton.es\/en\/p\/solid-wood-dining-chair-seat-upholstered-fabric-white-cherry-utiel\/\" \/>\n<meta property=\"og:site_name\" content=\"Don Baraton: tienda de sof\u00e1s, muebles y colchones\" \/>\n<meta property=\"article:publisher\" content=\"https:\/\/www.facebook.com\/donbaraton.es\" \/>\n<meta property=\"article:modified_time\" content=\"2024-04-20T16:38:28+00:00\" \/>\n<meta property=\"og:image\" content=\"https:\/\/i1.wp.com\/donbaraton.es\/wp-content\/uploads\/2019\/07\/Silla-de-madera-maciza-con-asiento-tapizado-en-tela.-Marco-color-blanco-Utiel.jpg?fit=850%2C639&ssl=1\" \/>\n\t<meta property=\"og:image:width\" content=\"850\" \/>\n\t<meta property=\"og:image:height\" content=\"639\" \/>\n\t<meta property=\"og:image:type\" content=\"image\/jpeg\" \/>\n<meta name=\"twitter:card\" content=\"summary_large_image\" \/>\n<meta name=\"twitter:site\" content=\"@don_baraton\" \/>\n<script type=\"application\/ld+json\" class=\"yoast-schema-graph\">{\"@context\":\"https:\/\/schema.org\",\"@graph\":[{\"@type\":\"WebPage\",\"@id\":\"https:\/\/donbaraton.es\/en\/p\/solid-wood-dining-chair-seat-upholstered-fabric-white-cherry-utiel\/\",\"url\":\"https:\/\/donbaraton.es\/en\/p\/solid-wood-dining-chair-seat-upholstered-fabric-white-cherry-utiel\/\",\"name\":\"Solid Wood Dining Chair with Seat Upholstered in Fabric (White or Cherry) - Utiel - Don Baraton: tienda de sof\u00e1s, muebles y colchones\",\"isPartOf\":{\"@id\":\"https:\/\/donbaraton.es\/#website\"},\"primaryImageOfPage\":{\"@id\":\"https:\/\/donbaraton.es\/en\/p\/solid-wood-dining-chair-seat-upholstered-fabric-white-cherry-utiel\/#primaryimage\"},\"image\":{\"@id\":\"https:\/\/donbaraton.es\/en\/p\/solid-wood-dining-chair-seat-upholstered-fabric-white-cherry-utiel\/#primaryimage\"},\"thumbnailUrl\":\"https:\/\/donbaraton.es\/wp-content\/uploads\/2019\/07\/Silla-de-madera-maciza-con-asiento-tapizado-en-tela.-Marco-color-blanco-Utiel.jpg\",\"datePublished\":\"2019-07-29T23:32:59+00:00\",\"dateModified\":\"2024-04-20T16:38:28+00:00\",\"breadcrumb\":{\"@id\":\"https:\/\/donbaraton.es\/en\/p\/solid-wood-dining-chair-seat-upholstered-fabric-white-cherry-utiel\/#breadcrumb\"},\"inLanguage\":\"en-GB\",\"potentialAction\":[{\"@type\":\"ReadAction\",\"target\":[\"https:\/\/donbaraton.es\/en\/p\/solid-wood-dining-chair-seat-upholstered-fabric-white-cherry-utiel\/\"]}]},{\"@type\":\"ImageObject\",\"inLanguage\":\"en-GB\",\"@id\":\"https:\/\/donbaraton.es\/en\/p\/solid-wood-dining-chair-seat-upholstered-fabric-white-cherry-utiel\/#primaryimage\",\"url\":\"https:\/\/donbaraton.es\/wp-content\/uploads\/2019\/07\/Silla-de-madera-maciza-con-asiento-tapizado-en-tela.-Marco-color-blanco-Utiel.jpg\",\"contentUrl\":\"https:\/\/donbaraton.es\/wp-content\/uploads\/2019\/07\/Silla-de-madera-maciza-con-asiento-tapizado-en-tela.-Marco-color-blanco-Utiel.jpg\",\"width\":850,\"height\":639,\"caption\":\"White Solid Wood Dining Chair with Seat Upholstered in Fabric - Utiel\"},{\"@type\":\"BreadcrumbList\",\"@id\":\"https:\/\/donbaraton.es\/en\/p\/solid-wood-dining-chair-seat-upholstered-fabric-white-cherry-utiel\/#breadcrumb\",\"itemListElement\":[{\"@type\":\"ListItem\",\"position\":1,\"name\":\"Portada\",\"item\":\"https:\/\/donbaraton.es\/en\/\"},{\"@type\":\"ListItem\",\"position\":2,\"name\":\"Online Shop\",\"item\":\"https:\/\/donbaraton.es\/en\/shop\/\"},{\"@type\":\"ListItem\",\"position\":3,\"name\":\"Solid Wood Dining Chair with Seat Upholstered in Fabric (White or Cherry) &#8211; Utiel\"}]},{\"@type\":\"WebSite\",\"@id\":\"https:\/\/donbaraton.es\/#website\",\"url\":\"https:\/\/donbaraton.es\/\",\"name\":\"Don Baraton: tienda de sof\u00e1s, muebles y colchones\",\"description\":\"Sofas baratos desde el almac\u00e9n en Almorad\u00ed, Alicante\",\"publisher\":{\"@id\":\"https:\/\/donbaraton.es\/#organization\"},\"potentialAction\":[{\"@type\":\"SearchAction\",\"target\":{\"@type\":\"EntryPoint\",\"urlTemplate\":\"https:\/\/donbaraton.es\/?s={search_term_string}\"},\"query-input\":{\"@type\":\"PropertyValueSpecification\",\"valueRequired\":true,\"valueName\":\"search_term_string\"}}],\"inLanguage\":\"en-GB\"},{\"@type\":\"Organization\",\"@id\":\"https:\/\/donbaraton.es\/#organization\",\"name\":\"Don Baraton\",\"url\":\"https:\/\/donbaraton.es\/\",\"logo\":{\"@type\":\"ImageObject\",\"inLanguage\":\"en-GB\",\"@id\":\"https:\/\/donbaraton.es\/#\/schema\/logo\/image\/\",\"url\":\"https:\/\/i0.wp.com\/donbaraton.es\/wp-content\/uploads\/2016\/11\/logo_don_baraton.png?fit=228%2C110&ssl=1\",\"contentUrl\":\"https:\/\/i0.wp.com\/donbaraton.es\/wp-content\/uploads\/2016\/11\/logo_don_baraton.png?fit=228%2C110&ssl=1\",\"width\":228,\"height\":110,\"caption\":\"Don Baraton\"},\"image\":{\"@id\":\"https:\/\/donbaraton.es\/#\/schema\/logo\/image\/\"},\"sameAs\":[\"https:\/\/www.facebook.com\/donbaraton.es\",\"https:\/\/x.com\/don_baraton\",\"https:\/\/www.instagram.com\/donbaraton.es\",\"https:\/\/www.linkedin.com\/company\/donbaraton\/\",\"https:\/\/es.pinterest.com\/donbaraton\/\",\"https:\/\/www.youtube.com\/channel\/UCL02HOwx-F759Jq5MedAZfQ\"]}]}<\/script>\n<!-- \/ Yoast SEO plugin. -->","yoast_head_json":{"title":"Solid Wood Dining Chair with Seat Upholstered in Fabric (White or Cherry) - Utiel - Don Baraton: tienda de sof\u00e1s, muebles y colchones","robots":{"index":"index","follow":"follow","max-snippet":"max-snippet:-1","max-image-preview":"max-image-preview:large","max-video-preview":"max-video-preview:-1"},"canonical":"https:\/\/donbaraton.es\/en\/p\/solid-wood-dining-chair-seat-upholstered-fabric-white-cherry-utiel\/","og_locale":"en_GB","og_type":"article","og_title":"Solid Wood Dining Chair with Seat Upholstered in Fabric (White or Cherry) - Utiel - Don Baraton: tienda de sof\u00e1s, muebles y colchones","og_description":"Robust solid wood frame  Comfy upholstered seat  Traditional design  White or cherry colour frame to choose  Dimensions: width 44 cm, depth 44 cm, height 104 cm","og_url":"https:\/\/donbaraton.es\/en\/p\/solid-wood-dining-chair-seat-upholstered-fabric-white-cherry-utiel\/","og_site_name":"Don Baraton: tienda de sof\u00e1s, muebles y colchones","article_publisher":"https:\/\/www.facebook.com\/donbaraton.es","article_modified_time":"2024-04-20T16:38:28+00:00","og_image":[{"width":850,"height":639,"url":"https:\/\/i1.wp.com\/donbaraton.es\/wp-content\/uploads\/2019\/07\/Silla-de-madera-maciza-con-asiento-tapizado-en-tela.-Marco-color-blanco-Utiel.jpg?fit=850%2C639&ssl=1","type":"image\/jpeg"}],"twitter_card":"summary_large_image","twitter_site":"@don_baraton","schema":{"@context":"https:\/\/schema.org","@graph":[{"@type":"WebPage","@id":"https:\/\/donbaraton.es\/en\/p\/solid-wood-dining-chair-seat-upholstered-fabric-white-cherry-utiel\/","url":"https:\/\/donbaraton.es\/en\/p\/solid-wood-dining-chair-seat-upholstered-fabric-white-cherry-utiel\/","name":"Solid Wood Dining Chair with Seat Upholstered in Fabric (White or Cherry) - Utiel - Don Baraton: tienda de sof\u00e1s, muebles y colchones","isPartOf":{"@id":"https:\/\/donbaraton.es\/#website"},"primaryImageOfPage":{"@id":"https:\/\/donbaraton.es\/en\/p\/solid-wood-dining-chair-seat-upholstered-fabric-white-cherry-utiel\/#primaryimage"},"image":{"@id":"https:\/\/donbaraton.es\/en\/p\/solid-wood-dining-chair-seat-upholstered-fabric-white-cherry-utiel\/#primaryimage"},"thumbnailUrl":"https:\/\/donbaraton.es\/wp-content\/uploads\/2019\/07\/Silla-de-madera-maciza-con-asiento-tapizado-en-tela.-Marco-color-blanco-Utiel.jpg","datePublished":"2019-07-29T23:32:59+00:00","dateModified":"2024-04-20T16:38:28+00:00","breadcrumb":{"@id":"https:\/\/donbaraton.es\/en\/p\/solid-wood-dining-chair-seat-upholstered-fabric-white-cherry-utiel\/#breadcrumb"},"inLanguage":"en-GB","potentialAction":[{"@type":"ReadAction","target":["https:\/\/donbaraton.es\/en\/p\/solid-wood-dining-chair-seat-upholstered-fabric-white-cherry-utiel\/"]}]},{"@type":"ImageObject","inLanguage":"en-GB","@id":"https:\/\/donbaraton.es\/en\/p\/solid-wood-dining-chair-seat-upholstered-fabric-white-cherry-utiel\/#primaryimage","url":"https:\/\/donbaraton.es\/wp-content\/uploads\/2019\/07\/Silla-de-madera-maciza-con-asiento-tapizado-en-tela.-Marco-color-blanco-Utiel.jpg","contentUrl":"https:\/\/donbaraton.es\/wp-content\/uploads\/2019\/07\/Silla-de-madera-maciza-con-asiento-tapizado-en-tela.-Marco-color-blanco-Utiel.jpg","width":850,"height":639,"caption":"White Solid Wood Dining Chair with Seat Upholstered in Fabric - Utiel"},{"@type":"BreadcrumbList","@id":"https:\/\/donbaraton.es\/en\/p\/solid-wood-dining-chair-seat-upholstered-fabric-white-cherry-utiel\/#breadcrumb","itemListElement":[{"@type":"ListItem","position":1,"name":"Portada","item":"https:\/\/donbaraton.es\/en\/"},{"@type":"ListItem","position":2,"name":"Online Shop","item":"https:\/\/donbaraton.es\/en\/shop\/"},{"@type":"ListItem","position":3,"name":"Solid Wood Dining Chair with Seat Upholstered in Fabric (White or Cherry) &#8211; Utiel"}]},{"@type":"WebSite","@id":"https:\/\/donbaraton.es\/#website","url":"https:\/\/donbaraton.es\/","name":"Don Baraton: tienda de sof\u00e1s, muebles y colchones","description":"Sofas baratos desde el almac\u00e9n en Almorad\u00ed, Alicante","publisher":{"@id":"https:\/\/donbaraton.es\/#organization"},"potentialAction":[{"@type":"SearchAction","target":{"@type":"EntryPoint","urlTemplate":"https:\/\/donbaraton.es\/?s={search_term_string}"},"query-input":{"@type":"PropertyValueSpecification","valueRequired":true,"valueName":"search_term_string"}}],"inLanguage":"en-GB"},{"@type":"Organization","@id":"https:\/\/donbaraton.es\/#organization","name":"Don Baraton","url":"https:\/\/donbaraton.es\/","logo":{"@type":"ImageObject","inLanguage":"en-GB","@id":"https:\/\/donbaraton.es\/#\/schema\/logo\/image\/","url":"https:\/\/i0.wp.com\/donbaraton.es\/wp-content\/uploads\/2016\/11\/logo_don_baraton.png?fit=228%2C110&ssl=1","contentUrl":"https:\/\/i0.wp.com\/donbaraton.es\/wp-content\/uploads\/2016\/11\/logo_don_baraton.png?fit=228%2C110&ssl=1","width":228,"height":110,"caption":"Don Baraton"},"image":{"@id":"https:\/\/donbaraton.es\/#\/schema\/logo\/image\/"},"sameAs":["https:\/\/www.facebook.com\/donbaraton.es","https:\/\/x.com\/don_baraton","https:\/\/www.instagram.com\/donbaraton.es","https:\/\/www.linkedin.com\/company\/donbaraton\/","https:\/\/es.pinterest.com\/donbaraton\/","https:\/\/www.youtube.com\/channel\/UCL02HOwx-F759Jq5MedAZfQ"]}]}},"_links":{"self":[{"href":"https:\/\/donbaraton.es\/en\/wp-json\/wp\/v2\/product\/18236","targetHints":{"allow":["GET"]}}],"collection":[{"href":"https:\/\/donbaraton.es\/en\/wp-json\/wp\/v2\/product"}],"about":[{"href":"https:\/\/donbaraton.es\/en\/wp-json\/wp\/v2\/types\/product"}],"replies":[{"embeddable":true,"href":"https:\/\/donbaraton.es\/en\/wp-json\/wp\/v2\/comments?post=18236"}],"wp:featuredmedia":[{"embeddable":true,"href":"https:\/\/donbaraton.es\/en\/wp-json\/wp\/v2\/media\/18064"}],"wp:attachment":[{"href":"https:\/\/donbaraton.es\/en\/wp-json\/wp\/v2\/media?parent=18236"}],"wp:term":[{"taxonomy":"product_brand","embeddable":true,"href":"https:\/\/donbaraton.es\/en\/wp-json\/wp\/v2\/product_brand?post=18236"},{"taxonomy":"product_cat","embeddable":true,"href":"https:\/\/donbaraton.es\/en\/wp-json\/wp\/v2\/product_cat?post=18236"},{"taxonomy":"product_tag","embeddable":true,"href":"https:\/\/donbaraton.es\/en\/wp-json\/wp\/v2\/product_tag?post=18236"}],"curies":[{"name":"wp","href":"https:\/\/api.w.org\/{rel}","templated":true}]}}