{"id":18267,"date":"2019-07-31T15:38:09","date_gmt":"2019-07-31T13:38:09","guid":{"rendered":"https:\/\/donbaraton.es\/p\/large-extendable-dining-table-three-modes-90-160-197-234-cm-vic\/"},"modified":"2022-11-18T20:20:15","modified_gmt":"2022-11-18T19:20:15","slug":"large-extendable-dining-table-three-modes-90-160-197-234-cm-vic","status":"publish","type":"product","link":"https:\/\/donbaraton.es\/en\/p\/large-extendable-dining-table-three-modes-90-160-197-234-cm-vic\/","title":{"rendered":"Large Extendable Dining Table, Three Modes: 90 x 160, 90 x 197, 90 x 234 cm &#8211; Vic"},"content":{"rendered":"<p><strong>Large extendable dining table, three Modes: 90 x 160, 90 x 197, 90 x 234 cm &#8211; Vic<\/strong><\/p>\n<p>This big four leaves table is perfect for large families or groups of\u00a0 friends. An XXL table that expands to 234 cm!<\/p>\n<p>It is not only longer but also slightly higher (2 cm) than the majority of other dining tables.<\/p>\n<p>This table can be combined with several models of dining chairs offered on our website, please take for example at <a href=\"https:\/\/donbaraton.es\/en\/p\/dining-room-set-large-extendable-table-4-upholstered-chairs-vic-sallent\/\"><strong>Dining Room Set with Long Extendable Table and 4 Chairs &#8211; Vic \/ Sallent<\/strong><\/a><\/p>\n<p><strong>Dimensions:<\/strong> 160 x 90 cm (closed position), 197 x 90 cm (half open mode), 234 x 90 cm (fully open mode), height 77 cm<\/p>\n<p>Assembly service not included<\/p>\n","protected":false},"excerpt":{"rendered":"<ul>\n<li>Spacious dining table<\/li>\n<li>3 opening positions, length 160, 197 or 234 cm<\/li>\n<li>Suitable for 6-10 people<\/li>\n<li>High quality chipboard<\/li>\n<li>Grey top and light grey legs<\/li>\n<\/ul>\n<p><strong>Dimensions:<\/strong> length 160-234 cm, width 90 cm, height 77 cm<\/p>\n","protected":false},"featured_media":18101,"comment_status":"open","ping_status":"closed","template":"","meta":{"_et_pb_use_builder":"","_et_pb_old_content":"","_et_gb_content_width":""},"product_brand":[],"product_cat":[71,276],"product_tag":[],"class_list":{"0":"post-18267","1":"product","2":"type-product","3":"status-publish","4":"has-post-thumbnail","6":"product_cat-furniture","7":"product_cat-tables","8":"product_shipping_class-articulos-promedios","10":"first","11":"onbackorder","12":"sale","13":"taxable","14":"shipping-taxable","15":"purchasable","16":"product-type-simple"},"yoast_head":"<!-- This site is optimized with the Yoast SEO plugin v27.5 - https:\/\/yoast.com\/product\/yoast-seo-wordpress\/ -->\n<title>Large Extendable Dining Table, Three Modes: 90 x 160, 90 x 197, 90 x 234 cm - Vic - Don Baraton: tienda de sof\u00e1s, muebles y colchones<\/title>\n<meta name=\"robots\" content=\"index, follow, max-snippet:-1, max-image-preview:large, max-video-preview:-1\" \/>\n<link rel=\"canonical\" href=\"https:\/\/donbaraton.es\/en\/p\/large-extendable-dining-table-three-modes-90-160-197-234-cm-vic\/\" \/>\n<meta property=\"og:locale\" content=\"en_GB\" \/>\n<meta property=\"og:type\" content=\"article\" \/>\n<meta property=\"og:title\" content=\"Large Extendable Dining Table, Three Modes: 90 x 160, 90 x 197, 90 x 234 cm - Vic - Don Baraton: tienda de sof\u00e1s, muebles y colchones\" \/>\n<meta property=\"og:description\" content=\"Spacious dining table  3 opening positions, length 160, 197 or 234 cm  Suitable for 6-10 people  High quality chipboard  Grey top and light grey legs  Dimensions: length 160-234 cm, width 90 cm, height 77 cm\" \/>\n<meta property=\"og:url\" content=\"https:\/\/donbaraton.es\/en\/p\/large-extendable-dining-table-three-modes-90-160-197-234-cm-vic\/\" \/>\n<meta property=\"og:site_name\" content=\"Don Baraton: tienda de sof\u00e1s, muebles y colchones\" \/>\n<meta property=\"article:publisher\" content=\"https:\/\/www.facebook.com\/donbaraton.es\" \/>\n<meta property=\"article:modified_time\" content=\"2022-11-18T19:20:15+00:00\" \/>\n<meta property=\"og:image\" content=\"https:\/\/i1.wp.com\/donbaraton.es\/wp-content\/uploads\/2019\/07\/Mesa-de-comedor-grande-90-x-160-cm-extensible-a-90-x-234-cm-XXL-Vic.jpg?fit=1000%2C750&ssl=1\" \/>\n\t<meta property=\"og:image:width\" content=\"1000\" \/>\n\t<meta property=\"og:image:height\" content=\"750\" \/>\n\t<meta property=\"og:image:type\" content=\"image\/jpeg\" \/>\n<meta name=\"twitter:card\" content=\"summary_large_image\" \/>\n<meta name=\"twitter:site\" content=\"@don_baraton\" \/>\n<meta name=\"twitter:label1\" content=\"Estimated reading time\" \/>\n\t<meta name=\"twitter:data1\" content=\"1 minute\" \/>\n<script type=\"application\/ld+json\" class=\"yoast-schema-graph\">{\"@context\":\"https:\\\/\\\/schema.org\",\"@graph\":[{\"@type\":\"WebPage\",\"@id\":\"https:\\\/\\\/donbaraton.es\\\/en\\\/p\\\/large-extendable-dining-table-three-modes-90-160-197-234-cm-vic\\\/\",\"url\":\"https:\\\/\\\/donbaraton.es\\\/en\\\/p\\\/large-extendable-dining-table-three-modes-90-160-197-234-cm-vic\\\/\",\"name\":\"Large Extendable Dining Table, Three Modes: 90 x 160, 90 x 197, 90 x 234 cm - Vic - Don Baraton: tienda de sof\u00e1s, muebles y colchones\",\"isPartOf\":{\"@id\":\"https:\\\/\\\/donbaraton.es\\\/#website\"},\"primaryImageOfPage\":{\"@id\":\"https:\\\/\\\/donbaraton.es\\\/en\\\/p\\\/large-extendable-dining-table-three-modes-90-160-197-234-cm-vic\\\/#primaryimage\"},\"image\":{\"@id\":\"https:\\\/\\\/donbaraton.es\\\/en\\\/p\\\/large-extendable-dining-table-three-modes-90-160-197-234-cm-vic\\\/#primaryimage\"},\"thumbnailUrl\":\"https:\\\/\\\/donbaraton.es\\\/wp-content\\\/uploads\\\/2019\\\/07\\\/Mesa-de-comedor-grande-90-x-160-cm-extensible-a-90-x-234-cm-XXL-Vic.jpg\",\"datePublished\":\"2019-07-31T13:38:09+00:00\",\"dateModified\":\"2022-11-18T19:20:15+00:00\",\"breadcrumb\":{\"@id\":\"https:\\\/\\\/donbaraton.es\\\/en\\\/p\\\/large-extendable-dining-table-three-modes-90-160-197-234-cm-vic\\\/#breadcrumb\"},\"inLanguage\":\"en-GB\",\"potentialAction\":[{\"@type\":\"ReadAction\",\"target\":[\"https:\\\/\\\/donbaraton.es\\\/en\\\/p\\\/large-extendable-dining-table-three-modes-90-160-197-234-cm-vic\\\/\"]}]},{\"@type\":\"ImageObject\",\"inLanguage\":\"en-GB\",\"@id\":\"https:\\\/\\\/donbaraton.es\\\/en\\\/p\\\/large-extendable-dining-table-three-modes-90-160-197-234-cm-vic\\\/#primaryimage\",\"url\":\"https:\\\/\\\/donbaraton.es\\\/wp-content\\\/uploads\\\/2019\\\/07\\\/Mesa-de-comedor-grande-90-x-160-cm-extensible-a-90-x-234-cm-XXL-Vic.jpg\",\"contentUrl\":\"https:\\\/\\\/donbaraton.es\\\/wp-content\\\/uploads\\\/2019\\\/07\\\/Mesa-de-comedor-grande-90-x-160-cm-extensible-a-90-x-234-cm-XXL-Vic.jpg\",\"width\":1000,\"height\":750,\"caption\":\"Large Extendable Dining Table, Three Modes: 90 x 160, 90 x 197, 90 x 234 cm - Vic\"},{\"@type\":\"BreadcrumbList\",\"@id\":\"https:\\\/\\\/donbaraton.es\\\/en\\\/p\\\/large-extendable-dining-table-three-modes-90-160-197-234-cm-vic\\\/#breadcrumb\",\"itemListElement\":[{\"@type\":\"ListItem\",\"position\":1,\"name\":\"Portada\",\"item\":\"https:\\\/\\\/donbaraton.es\\\/en\\\/\"},{\"@type\":\"ListItem\",\"position\":2,\"name\":\"Online Shop\",\"item\":\"https:\\\/\\\/donbaraton.es\\\/en\\\/shop\\\/\"},{\"@type\":\"ListItem\",\"position\":3,\"name\":\"Large Extendable Dining Table, Three Modes: 90 x 160, 90 x 197, 90 x 234 cm &#8211; Vic\"}]},{\"@type\":\"WebSite\",\"@id\":\"https:\\\/\\\/donbaraton.es\\\/#website\",\"url\":\"https:\\\/\\\/donbaraton.es\\\/\",\"name\":\"Don Baraton: tienda de sof\u00e1s, muebles y colchones\",\"description\":\"Sofas baratos desde el almac\u00e9n en Almorad\u00ed, Alicante\",\"publisher\":{\"@id\":\"https:\\\/\\\/donbaraton.es\\\/#organization\"},\"potentialAction\":[{\"@type\":\"SearchAction\",\"target\":{\"@type\":\"EntryPoint\",\"urlTemplate\":\"https:\\\/\\\/donbaraton.es\\\/?s={search_term_string}\"},\"query-input\":{\"@type\":\"PropertyValueSpecification\",\"valueRequired\":true,\"valueName\":\"search_term_string\"}}],\"inLanguage\":\"en-GB\"},{\"@type\":\"Organization\",\"@id\":\"https:\\\/\\\/donbaraton.es\\\/#organization\",\"name\":\"Don Baraton\",\"url\":\"https:\\\/\\\/donbaraton.es\\\/\",\"logo\":{\"@type\":\"ImageObject\",\"inLanguage\":\"en-GB\",\"@id\":\"https:\\\/\\\/donbaraton.es\\\/#\\\/schema\\\/logo\\\/image\\\/\",\"url\":\"https:\\\/\\\/i0.wp.com\\\/donbaraton.es\\\/wp-content\\\/uploads\\\/2016\\\/11\\\/logo_don_baraton.png?fit=228%2C110&ssl=1\",\"contentUrl\":\"https:\\\/\\\/i0.wp.com\\\/donbaraton.es\\\/wp-content\\\/uploads\\\/2016\\\/11\\\/logo_don_baraton.png?fit=228%2C110&ssl=1\",\"width\":228,\"height\":110,\"caption\":\"Don Baraton\"},\"image\":{\"@id\":\"https:\\\/\\\/donbaraton.es\\\/#\\\/schema\\\/logo\\\/image\\\/\"},\"sameAs\":[\"https:\\\/\\\/www.facebook.com\\\/donbaraton.es\",\"https:\\\/\\\/x.com\\\/don_baraton\",\"https:\\\/\\\/www.instagram.com\\\/donbaraton.es\",\"https:\\\/\\\/www.linkedin.com\\\/company\\\/donbaraton\\\/\",\"https:\\\/\\\/es.pinterest.com\\\/donbaraton\\\/\",\"https:\\\/\\\/www.youtube.com\\\/channel\\\/UCL02HOwx-F759Jq5MedAZfQ\"]}]}<\/script>\n<!-- \/ Yoast SEO plugin. -->","yoast_head_json":{"title":"Large Extendable Dining Table, Three Modes: 90 x 160, 90 x 197, 90 x 234 cm - Vic - Don Baraton: tienda de sof\u00e1s, muebles y colchones","robots":{"index":"index","follow":"follow","max-snippet":"max-snippet:-1","max-image-preview":"max-image-preview:large","max-video-preview":"max-video-preview:-1"},"canonical":"https:\/\/donbaraton.es\/en\/p\/large-extendable-dining-table-three-modes-90-160-197-234-cm-vic\/","og_locale":"en_GB","og_type":"article","og_title":"Large Extendable Dining Table, Three Modes: 90 x 160, 90 x 197, 90 x 234 cm - Vic - Don Baraton: tienda de sof\u00e1s, muebles y colchones","og_description":"Spacious dining table  3 opening positions, length 160, 197 or 234 cm  Suitable for 6-10 people  High quality chipboard  Grey top and light grey legs  Dimensions: length 160-234 cm, width 90 cm, height 77 cm","og_url":"https:\/\/donbaraton.es\/en\/p\/large-extendable-dining-table-three-modes-90-160-197-234-cm-vic\/","og_site_name":"Don Baraton: tienda de sof\u00e1s, muebles y colchones","article_publisher":"https:\/\/www.facebook.com\/donbaraton.es","article_modified_time":"2022-11-18T19:20:15+00:00","og_image":[{"width":1000,"height":750,"url":"https:\/\/i1.wp.com\/donbaraton.es\/wp-content\/uploads\/2019\/07\/Mesa-de-comedor-grande-90-x-160-cm-extensible-a-90-x-234-cm-XXL-Vic.jpg?fit=1000%2C750&ssl=1","type":"image\/jpeg"}],"twitter_card":"summary_large_image","twitter_site":"@don_baraton","twitter_misc":{"Estimated reading time":"1 minute"},"schema":{"@context":"https:\/\/schema.org","@graph":[{"@type":"WebPage","@id":"https:\/\/donbaraton.es\/en\/p\/large-extendable-dining-table-three-modes-90-160-197-234-cm-vic\/","url":"https:\/\/donbaraton.es\/en\/p\/large-extendable-dining-table-three-modes-90-160-197-234-cm-vic\/","name":"Large Extendable Dining Table, Three Modes: 90 x 160, 90 x 197, 90 x 234 cm - Vic - Don Baraton: tienda de sof\u00e1s, muebles y colchones","isPartOf":{"@id":"https:\/\/donbaraton.es\/#website"},"primaryImageOfPage":{"@id":"https:\/\/donbaraton.es\/en\/p\/large-extendable-dining-table-three-modes-90-160-197-234-cm-vic\/#primaryimage"},"image":{"@id":"https:\/\/donbaraton.es\/en\/p\/large-extendable-dining-table-three-modes-90-160-197-234-cm-vic\/#primaryimage"},"thumbnailUrl":"https:\/\/donbaraton.es\/wp-content\/uploads\/2019\/07\/Mesa-de-comedor-grande-90-x-160-cm-extensible-a-90-x-234-cm-XXL-Vic.jpg","datePublished":"2019-07-31T13:38:09+00:00","dateModified":"2022-11-18T19:20:15+00:00","breadcrumb":{"@id":"https:\/\/donbaraton.es\/en\/p\/large-extendable-dining-table-three-modes-90-160-197-234-cm-vic\/#breadcrumb"},"inLanguage":"en-GB","potentialAction":[{"@type":"ReadAction","target":["https:\/\/donbaraton.es\/en\/p\/large-extendable-dining-table-three-modes-90-160-197-234-cm-vic\/"]}]},{"@type":"ImageObject","inLanguage":"en-GB","@id":"https:\/\/donbaraton.es\/en\/p\/large-extendable-dining-table-three-modes-90-160-197-234-cm-vic\/#primaryimage","url":"https:\/\/donbaraton.es\/wp-content\/uploads\/2019\/07\/Mesa-de-comedor-grande-90-x-160-cm-extensible-a-90-x-234-cm-XXL-Vic.jpg","contentUrl":"https:\/\/donbaraton.es\/wp-content\/uploads\/2019\/07\/Mesa-de-comedor-grande-90-x-160-cm-extensible-a-90-x-234-cm-XXL-Vic.jpg","width":1000,"height":750,"caption":"Large Extendable Dining Table, Three Modes: 90 x 160, 90 x 197, 90 x 234 cm - Vic"},{"@type":"BreadcrumbList","@id":"https:\/\/donbaraton.es\/en\/p\/large-extendable-dining-table-three-modes-90-160-197-234-cm-vic\/#breadcrumb","itemListElement":[{"@type":"ListItem","position":1,"name":"Portada","item":"https:\/\/donbaraton.es\/en\/"},{"@type":"ListItem","position":2,"name":"Online Shop","item":"https:\/\/donbaraton.es\/en\/shop\/"},{"@type":"ListItem","position":3,"name":"Large Extendable Dining Table, Three Modes: 90 x 160, 90 x 197, 90 x 234 cm &#8211; Vic"}]},{"@type":"WebSite","@id":"https:\/\/donbaraton.es\/#website","url":"https:\/\/donbaraton.es\/","name":"Don Baraton: tienda de sof\u00e1s, muebles y colchones","description":"Sofas baratos desde el almac\u00e9n en Almorad\u00ed, Alicante","publisher":{"@id":"https:\/\/donbaraton.es\/#organization"},"potentialAction":[{"@type":"SearchAction","target":{"@type":"EntryPoint","urlTemplate":"https:\/\/donbaraton.es\/?s={search_term_string}"},"query-input":{"@type":"PropertyValueSpecification","valueRequired":true,"valueName":"search_term_string"}}],"inLanguage":"en-GB"},{"@type":"Organization","@id":"https:\/\/donbaraton.es\/#organization","name":"Don Baraton","url":"https:\/\/donbaraton.es\/","logo":{"@type":"ImageObject","inLanguage":"en-GB","@id":"https:\/\/donbaraton.es\/#\/schema\/logo\/image\/","url":"https:\/\/i0.wp.com\/donbaraton.es\/wp-content\/uploads\/2016\/11\/logo_don_baraton.png?fit=228%2C110&ssl=1","contentUrl":"https:\/\/i0.wp.com\/donbaraton.es\/wp-content\/uploads\/2016\/11\/logo_don_baraton.png?fit=228%2C110&ssl=1","width":228,"height":110,"caption":"Don Baraton"},"image":{"@id":"https:\/\/donbaraton.es\/#\/schema\/logo\/image\/"},"sameAs":["https:\/\/www.facebook.com\/donbaraton.es","https:\/\/x.com\/don_baraton","https:\/\/www.instagram.com\/donbaraton.es","https:\/\/www.linkedin.com\/company\/donbaraton\/","https:\/\/es.pinterest.com\/donbaraton\/","https:\/\/www.youtube.com\/channel\/UCL02HOwx-F759Jq5MedAZfQ"]}]}},"_links":{"self":[{"href":"https:\/\/donbaraton.es\/en\/wp-json\/wp\/v2\/product\/18267","targetHints":{"allow":["GET"]}}],"collection":[{"href":"https:\/\/donbaraton.es\/en\/wp-json\/wp\/v2\/product"}],"about":[{"href":"https:\/\/donbaraton.es\/en\/wp-json\/wp\/v2\/types\/product"}],"replies":[{"embeddable":true,"href":"https:\/\/donbaraton.es\/en\/wp-json\/wp\/v2\/comments?post=18267"}],"wp:featuredmedia":[{"embeddable":true,"href":"https:\/\/donbaraton.es\/en\/wp-json\/wp\/v2\/media\/18101"}],"wp:attachment":[{"href":"https:\/\/donbaraton.es\/en\/wp-json\/wp\/v2\/media?parent=18267"}],"wp:term":[{"taxonomy":"product_brand","embeddable":true,"href":"https:\/\/donbaraton.es\/en\/wp-json\/wp\/v2\/product_brand?post=18267"},{"taxonomy":"product_cat","embeddable":true,"href":"https:\/\/donbaraton.es\/en\/wp-json\/wp\/v2\/product_cat?post=18267"},{"taxonomy":"product_tag","embeddable":true,"href":"https:\/\/donbaraton.es\/en\/wp-json\/wp\/v2\/product_tag?post=18267"}],"curies":[{"name":"wp","href":"https:\/\/api.w.org\/{rel}","templated":true}]}}