{"id":18302,"date":"2018-08-12T19:31:33","date_gmt":"2019-08-12T17:31:33","guid":{"rendered":"https:\/\/donbaraton.es\/p\/inexpensive-kitchen-chair-steel-plastic-white-black-parla\/"},"modified":"2019-09-20T15:55:47","modified_gmt":"2019-09-20T13:55:47","slug":"inexpensive-kitchen-chair-steel-plastic-white-black-parla","status":"publish","type":"product","link":"https:\/\/donbaraton.es\/en\/p\/inexpensive-kitchen-chair-steel-plastic-white-black-parla\/","title":{"rendered":"Inexpensive Kitchen Chair in Steel and Plastic (White or Black) &#8211; Parla"},"content":{"rendered":"<p><strong>Inexpensive kitchen chair in steel and plastic (white or black colour) &#8211; Parla<\/strong><\/p>\n<p>A chair that is 6 cm wider than similar models found in other shops. The steel frame of the chair is painted in white or black colour, please choose one of them placing the order.<\/p>\n<p>The seat and backrest are made of plastic.<\/p>\n<p>A perfect model for small kitchens and guests.<\/p>\n<p>Available in white and black.<\/p>\n<p>The chair can be combined with white table offered in our shop, please choose them here by clicking this link: <a href=\"https:\/\/donbaraton.es\/en\/cat\/furniture\/tables\/\"><strong>Tables<\/strong><\/a><\/p>\n<p>Easy cleaning with soap or detergent and a sponge<\/p>\n<p><strong>Dimensions:<\/strong> width 47 cm, height 77 cm, depth 40 cm<\/p>\n<p>Assembly service is not included in the price<\/p>\n","protected":false},"excerpt":{"rendered":"<ul>\n<li>Painted steel frame<\/li>\n<li>Stacking chair<\/li>\n<li>2 colours to choose from<\/li>\n<li>Wider than similar models<\/li>\n<\/ul>\n<p><strong>Dimensions:<\/strong> width 47 cm, height 77 cm, depth 40 cm<\/p>\n","protected":false},"featured_media":18294,"comment_status":"open","ping_status":"closed","template":"","meta":{"_et_pb_use_builder":"","_et_pb_old_content":"","_et_gb_content_width":""},"product_brand":[],"product_cat":[233,71],"product_tag":[],"class_list":{"0":"post-18302","1":"product","2":"type-product","3":"status-publish","4":"has-post-thumbnail","6":"product_cat-chairs","7":"product_cat-furniture","8":"product_shipping_class-articulos-pesado-manufacturing-up-to-10-days","9":"pa_material-metal-en","11":"first","12":"outofstock","13":"taxable","14":"shipping-taxable","15":"purchasable","16":"product-type-variable"},"yoast_head":"<!-- This site is optimized with the Yoast SEO plugin v27.2 - https:\/\/yoast.com\/product\/yoast-seo-wordpress\/ -->\n<title>Inexpensive Kitchen Chair in Steel and Plastic (White or Black) - Parla - Don Baraton: tienda de sof\u00e1s, muebles y colchones<\/title>\n<meta name=\"robots\" content=\"index, follow, max-snippet:-1, max-image-preview:large, max-video-preview:-1\" \/>\n<link rel=\"canonical\" href=\"https:\/\/donbaraton.es\/en\/p\/inexpensive-kitchen-chair-steel-plastic-white-black-parla\/\" \/>\n<meta property=\"og:locale\" content=\"en_GB\" \/>\n<meta property=\"og:type\" content=\"article\" \/>\n<meta property=\"og:title\" content=\"Inexpensive Kitchen Chair in Steel and Plastic (White or Black) - Parla - Don Baraton: tienda de sof\u00e1s, muebles y colchones\" \/>\n<meta property=\"og:description\" content=\"Painted steel frame  Stacking chair  2 colours to choose from  Wider than similar models  Dimensions: width 47 cm, height 77 cm, depth 40 cm\" \/>\n<meta property=\"og:url\" content=\"https:\/\/donbaraton.es\/en\/p\/inexpensive-kitchen-chair-steel-plastic-white-black-parla\/\" \/>\n<meta property=\"og:site_name\" content=\"Don Baraton: tienda de sof\u00e1s, muebles y colchones\" \/>\n<meta property=\"article:publisher\" content=\"https:\/\/www.facebook.com\/donbaraton.es\" \/>\n<meta property=\"article:modified_time\" content=\"2019-09-20T13:55:47+00:00\" \/>\n<meta property=\"og:image\" content=\"https:\/\/i2.wp.com\/donbaraton.es\/wp-content\/uploads\/2019\/08\/Silla-de-cocina-econ\u00f3mica-blanca-en-acero-y-pl\u00e1stico-Parla.jpg?fit=1000%2C751&ssl=1\" \/>\n\t<meta property=\"og:image:width\" content=\"1000\" \/>\n\t<meta property=\"og:image:height\" content=\"751\" \/>\n\t<meta property=\"og:image:type\" content=\"image\/jpeg\" \/>\n<meta name=\"twitter:card\" content=\"summary_large_image\" \/>\n<meta name=\"twitter:site\" content=\"@don_baraton\" \/>\n<meta name=\"twitter:label1\" content=\"Estimated reading time\" \/>\n\t<meta name=\"twitter:data1\" content=\"1 minute\" \/>\n<script type=\"application\/ld+json\" class=\"yoast-schema-graph\">{\"@context\":\"https:\/\/schema.org\",\"@graph\":[{\"@type\":\"WebPage\",\"@id\":\"https:\/\/donbaraton.es\/en\/p\/inexpensive-kitchen-chair-steel-plastic-white-black-parla\/\",\"url\":\"https:\/\/donbaraton.es\/en\/p\/inexpensive-kitchen-chair-steel-plastic-white-black-parla\/\",\"name\":\"Inexpensive Kitchen Chair in Steel and Plastic (White or Black) - Parla - Don Baraton: tienda de sof\u00e1s, muebles y colchones\",\"isPartOf\":{\"@id\":\"https:\/\/donbaraton.es\/#website\"},\"primaryImageOfPage\":{\"@id\":\"https:\/\/donbaraton.es\/en\/p\/inexpensive-kitchen-chair-steel-plastic-white-black-parla\/#primaryimage\"},\"image\":{\"@id\":\"https:\/\/donbaraton.es\/en\/p\/inexpensive-kitchen-chair-steel-plastic-white-black-parla\/#primaryimage\"},\"thumbnailUrl\":\"https:\/\/donbaraton.es\/wp-content\/uploads\/2019\/08\/Silla-de-cocina-econ\u00f3mica-blanca-en-acero-y-pl\u00e1stico-Parla.jpg\",\"datePublished\":\"2019-08-12T17:31:33+00:00\",\"dateModified\":\"2019-09-20T13:55:47+00:00\",\"breadcrumb\":{\"@id\":\"https:\/\/donbaraton.es\/en\/p\/inexpensive-kitchen-chair-steel-plastic-white-black-parla\/#breadcrumb\"},\"inLanguage\":\"en-GB\",\"potentialAction\":[{\"@type\":\"ReadAction\",\"target\":[\"https:\/\/donbaraton.es\/en\/p\/inexpensive-kitchen-chair-steel-plastic-white-black-parla\/\"]}]},{\"@type\":\"ImageObject\",\"inLanguage\":\"en-GB\",\"@id\":\"https:\/\/donbaraton.es\/en\/p\/inexpensive-kitchen-chair-steel-plastic-white-black-parla\/#primaryimage\",\"url\":\"https:\/\/donbaraton.es\/wp-content\/uploads\/2019\/08\/Silla-de-cocina-econ\u00f3mica-blanca-en-acero-y-pl\u00e1stico-Parla.jpg\",\"contentUrl\":\"https:\/\/donbaraton.es\/wp-content\/uploads\/2019\/08\/Silla-de-cocina-econ\u00f3mica-blanca-en-acero-y-pl\u00e1stico-Parla.jpg\",\"width\":1000,\"height\":751,\"caption\":\"White Inexpensive Kitchen Chair in Steel and Plastic - Parla\"},{\"@type\":\"BreadcrumbList\",\"@id\":\"https:\/\/donbaraton.es\/en\/p\/inexpensive-kitchen-chair-steel-plastic-white-black-parla\/#breadcrumb\",\"itemListElement\":[{\"@type\":\"ListItem\",\"position\":1,\"name\":\"Portada\",\"item\":\"https:\/\/donbaraton.es\/en\/\"},{\"@type\":\"ListItem\",\"position\":2,\"name\":\"Online Shop\",\"item\":\"https:\/\/donbaraton.es\/en\/shop\/\"},{\"@type\":\"ListItem\",\"position\":3,\"name\":\"Inexpensive Kitchen Chair in Steel and Plastic (White or Black) &#8211; Parla\"}]},{\"@type\":\"WebSite\",\"@id\":\"https:\/\/donbaraton.es\/#website\",\"url\":\"https:\/\/donbaraton.es\/\",\"name\":\"Don Baraton: tienda de sof\u00e1s, muebles y colchones\",\"description\":\"Sofas baratos desde el almac\u00e9n en Almorad\u00ed, Alicante\",\"publisher\":{\"@id\":\"https:\/\/donbaraton.es\/#organization\"},\"potentialAction\":[{\"@type\":\"SearchAction\",\"target\":{\"@type\":\"EntryPoint\",\"urlTemplate\":\"https:\/\/donbaraton.es\/?s={search_term_string}\"},\"query-input\":{\"@type\":\"PropertyValueSpecification\",\"valueRequired\":true,\"valueName\":\"search_term_string\"}}],\"inLanguage\":\"en-GB\"},{\"@type\":\"Organization\",\"@id\":\"https:\/\/donbaraton.es\/#organization\",\"name\":\"Don Baraton\",\"url\":\"https:\/\/donbaraton.es\/\",\"logo\":{\"@type\":\"ImageObject\",\"inLanguage\":\"en-GB\",\"@id\":\"https:\/\/donbaraton.es\/#\/schema\/logo\/image\/\",\"url\":\"https:\/\/i0.wp.com\/donbaraton.es\/wp-content\/uploads\/2016\/11\/logo_don_baraton.png?fit=228%2C110&ssl=1\",\"contentUrl\":\"https:\/\/i0.wp.com\/donbaraton.es\/wp-content\/uploads\/2016\/11\/logo_don_baraton.png?fit=228%2C110&ssl=1\",\"width\":228,\"height\":110,\"caption\":\"Don Baraton\"},\"image\":{\"@id\":\"https:\/\/donbaraton.es\/#\/schema\/logo\/image\/\"},\"sameAs\":[\"https:\/\/www.facebook.com\/donbaraton.es\",\"https:\/\/x.com\/don_baraton\",\"https:\/\/www.instagram.com\/donbaraton.es\",\"https:\/\/www.linkedin.com\/company\/donbaraton\/\",\"https:\/\/es.pinterest.com\/donbaraton\/\",\"https:\/\/www.youtube.com\/channel\/UCL02HOwx-F759Jq5MedAZfQ\"]}]}<\/script>\n<!-- \/ Yoast SEO plugin. -->","yoast_head_json":{"title":"Inexpensive Kitchen Chair in Steel and Plastic (White or Black) - Parla - Don Baraton: tienda de sof\u00e1s, muebles y colchones","robots":{"index":"index","follow":"follow","max-snippet":"max-snippet:-1","max-image-preview":"max-image-preview:large","max-video-preview":"max-video-preview:-1"},"canonical":"https:\/\/donbaraton.es\/en\/p\/inexpensive-kitchen-chair-steel-plastic-white-black-parla\/","og_locale":"en_GB","og_type":"article","og_title":"Inexpensive Kitchen Chair in Steel and Plastic (White or Black) - Parla - Don Baraton: tienda de sof\u00e1s, muebles y colchones","og_description":"Painted steel frame  Stacking chair  2 colours to choose from  Wider than similar models  Dimensions: width 47 cm, height 77 cm, depth 40 cm","og_url":"https:\/\/donbaraton.es\/en\/p\/inexpensive-kitchen-chair-steel-plastic-white-black-parla\/","og_site_name":"Don Baraton: tienda de sof\u00e1s, muebles y colchones","article_publisher":"https:\/\/www.facebook.com\/donbaraton.es","article_modified_time":"2019-09-20T13:55:47+00:00","og_image":[{"width":1000,"height":751,"url":"https:\/\/i2.wp.com\/donbaraton.es\/wp-content\/uploads\/2019\/08\/Silla-de-cocina-econ\u00f3mica-blanca-en-acero-y-pl\u00e1stico-Parla.jpg?fit=1000%2C751&ssl=1","type":"image\/jpeg"}],"twitter_card":"summary_large_image","twitter_site":"@don_baraton","twitter_misc":{"Estimated reading time":"1 minute"},"schema":{"@context":"https:\/\/schema.org","@graph":[{"@type":"WebPage","@id":"https:\/\/donbaraton.es\/en\/p\/inexpensive-kitchen-chair-steel-plastic-white-black-parla\/","url":"https:\/\/donbaraton.es\/en\/p\/inexpensive-kitchen-chair-steel-plastic-white-black-parla\/","name":"Inexpensive Kitchen Chair in Steel and Plastic (White or Black) - Parla - Don Baraton: tienda de sof\u00e1s, muebles y colchones","isPartOf":{"@id":"https:\/\/donbaraton.es\/#website"},"primaryImageOfPage":{"@id":"https:\/\/donbaraton.es\/en\/p\/inexpensive-kitchen-chair-steel-plastic-white-black-parla\/#primaryimage"},"image":{"@id":"https:\/\/donbaraton.es\/en\/p\/inexpensive-kitchen-chair-steel-plastic-white-black-parla\/#primaryimage"},"thumbnailUrl":"https:\/\/donbaraton.es\/wp-content\/uploads\/2019\/08\/Silla-de-cocina-econ\u00f3mica-blanca-en-acero-y-pl\u00e1stico-Parla.jpg","datePublished":"2019-08-12T17:31:33+00:00","dateModified":"2019-09-20T13:55:47+00:00","breadcrumb":{"@id":"https:\/\/donbaraton.es\/en\/p\/inexpensive-kitchen-chair-steel-plastic-white-black-parla\/#breadcrumb"},"inLanguage":"en-GB","potentialAction":[{"@type":"ReadAction","target":["https:\/\/donbaraton.es\/en\/p\/inexpensive-kitchen-chair-steel-plastic-white-black-parla\/"]}]},{"@type":"ImageObject","inLanguage":"en-GB","@id":"https:\/\/donbaraton.es\/en\/p\/inexpensive-kitchen-chair-steel-plastic-white-black-parla\/#primaryimage","url":"https:\/\/donbaraton.es\/wp-content\/uploads\/2019\/08\/Silla-de-cocina-econ\u00f3mica-blanca-en-acero-y-pl\u00e1stico-Parla.jpg","contentUrl":"https:\/\/donbaraton.es\/wp-content\/uploads\/2019\/08\/Silla-de-cocina-econ\u00f3mica-blanca-en-acero-y-pl\u00e1stico-Parla.jpg","width":1000,"height":751,"caption":"White Inexpensive Kitchen Chair in Steel and Plastic - Parla"},{"@type":"BreadcrumbList","@id":"https:\/\/donbaraton.es\/en\/p\/inexpensive-kitchen-chair-steel-plastic-white-black-parla\/#breadcrumb","itemListElement":[{"@type":"ListItem","position":1,"name":"Portada","item":"https:\/\/donbaraton.es\/en\/"},{"@type":"ListItem","position":2,"name":"Online Shop","item":"https:\/\/donbaraton.es\/en\/shop\/"},{"@type":"ListItem","position":3,"name":"Inexpensive Kitchen Chair in Steel and Plastic (White or Black) &#8211; Parla"}]},{"@type":"WebSite","@id":"https:\/\/donbaraton.es\/#website","url":"https:\/\/donbaraton.es\/","name":"Don Baraton: tienda de sof\u00e1s, muebles y colchones","description":"Sofas baratos desde el almac\u00e9n en Almorad\u00ed, Alicante","publisher":{"@id":"https:\/\/donbaraton.es\/#organization"},"potentialAction":[{"@type":"SearchAction","target":{"@type":"EntryPoint","urlTemplate":"https:\/\/donbaraton.es\/?s={search_term_string}"},"query-input":{"@type":"PropertyValueSpecification","valueRequired":true,"valueName":"search_term_string"}}],"inLanguage":"en-GB"},{"@type":"Organization","@id":"https:\/\/donbaraton.es\/#organization","name":"Don Baraton","url":"https:\/\/donbaraton.es\/","logo":{"@type":"ImageObject","inLanguage":"en-GB","@id":"https:\/\/donbaraton.es\/#\/schema\/logo\/image\/","url":"https:\/\/i0.wp.com\/donbaraton.es\/wp-content\/uploads\/2016\/11\/logo_don_baraton.png?fit=228%2C110&ssl=1","contentUrl":"https:\/\/i0.wp.com\/donbaraton.es\/wp-content\/uploads\/2016\/11\/logo_don_baraton.png?fit=228%2C110&ssl=1","width":228,"height":110,"caption":"Don Baraton"},"image":{"@id":"https:\/\/donbaraton.es\/#\/schema\/logo\/image\/"},"sameAs":["https:\/\/www.facebook.com\/donbaraton.es","https:\/\/x.com\/don_baraton","https:\/\/www.instagram.com\/donbaraton.es","https:\/\/www.linkedin.com\/company\/donbaraton\/","https:\/\/es.pinterest.com\/donbaraton\/","https:\/\/www.youtube.com\/channel\/UCL02HOwx-F759Jq5MedAZfQ"]}]}},"_links":{"self":[{"href":"https:\/\/donbaraton.es\/en\/wp-json\/wp\/v2\/product\/18302","targetHints":{"allow":["GET"]}}],"collection":[{"href":"https:\/\/donbaraton.es\/en\/wp-json\/wp\/v2\/product"}],"about":[{"href":"https:\/\/donbaraton.es\/en\/wp-json\/wp\/v2\/types\/product"}],"replies":[{"embeddable":true,"href":"https:\/\/donbaraton.es\/en\/wp-json\/wp\/v2\/comments?post=18302"}],"wp:featuredmedia":[{"embeddable":true,"href":"https:\/\/donbaraton.es\/en\/wp-json\/wp\/v2\/media\/18294"}],"wp:attachment":[{"href":"https:\/\/donbaraton.es\/en\/wp-json\/wp\/v2\/media?parent=18302"}],"wp:term":[{"taxonomy":"product_brand","embeddable":true,"href":"https:\/\/donbaraton.es\/en\/wp-json\/wp\/v2\/product_brand?post=18302"},{"taxonomy":"product_cat","embeddable":true,"href":"https:\/\/donbaraton.es\/en\/wp-json\/wp\/v2\/product_cat?post=18302"},{"taxonomy":"product_tag","embeddable":true,"href":"https:\/\/donbaraton.es\/en\/wp-json\/wp\/v2\/product_tag?post=18302"}],"curies":[{"name":"wp","href":"https:\/\/api.w.org\/{rel}","templated":true}]}}