{"id":18568,"date":"2021-01-28T05:30:15","date_gmt":"2019-08-21T13:37:15","guid":{"rendered":"https:\/\/donbaraton.es\/p\/upholstered-double-bed-140-200-slatted-base-headboard-margarita\/"},"modified":"2023-12-30T23:53:28","modified_gmt":"2023-12-30T22:53:28","slug":"upholstered-double-bed-140-200-slatted-base-headboard-margarita","status":"publish","type":"product","link":"https:\/\/donbaraton.es\/en\/p\/upholstered-double-bed-140-200-slatted-base-headboard-margarita\/","title":{"rendered":"Upholstered Double Bed 140 x 200 with Slatted Base and Headboard &#8211; Margarita"},"content":{"rendered":"<p><strong>Upholstered Double Bed 140 x 200 with Slatted Base and Headboard &#8211; Margarita<\/strong><\/p>\n<p>The size of 1.40 by 2.00 meters offers more space and comfort than the standard Spanish double beds of 135 x 190 cm (Margarita is 10 cm longer and 5 cm wider). A perfect bed for tall people!<\/p>\n<p>The bed is upholstered in grey synthetic fabric Sawana, which is durable and easy to clean. The headboard is upholstered in the same fabric with padded squares. A simple and elegant model.<\/p>\n<p>High legs allow easy cleaning of the floor under the bed.<\/p>\n<p>The mattress is not included and can be found here: <a href=\"https:\/\/donbaraton.es\/en\/cat\/mattresses\/\"><strong>Mattresses.<\/strong><\/a><\/p>\n<p>This model doesn\u2019t have storage under the mattress. A great choice if you want to have an elegant bedroom and do not want to store things under the mattress.<\/p>\n<p>The Margarita bed is also available in larger size (20 cm wider), check out our <a href=\"https:\/\/donbaraton.es\/en\/p\/upholstered-king-size-bed-160-200-headboard-slatted-base-margarita\/\"><strong>Upholstered King Size Bed 160 x 200 with Headboard and Slatted Base.<\/strong><\/a><\/p>\n<p><strong>Dimensions:<\/strong> length 221 cm, width 149 cm, height 96 cm<\/p>\n<p><strong>Weight:<\/strong> 45 kg<\/p>\n","protected":false},"excerpt":{"rendered":"<ul>\n<li>5 cm wider and 10 longer than standard double beds<\/li>\n<li>Slatted base included<\/li>\n<li>Headboard upholstered in grey fabric with padded squares<\/li>\n<li>Easy to clean durable grey fabric<\/li>\n<li>High black legs<\/li>\n<li>Mattress is NOT included<\/li>\n<\/ul>\n<p><strong>Dimensions:<\/strong> length 221 cm, width 149 cm, height 96 cm<\/p>\n","protected":false},"featured_media":18403,"comment_status":"open","ping_status":"closed","template":"","meta":{"_et_pb_use_builder":"","_et_pb_old_content":"","_et_gb_content_width":""},"product_brand":[],"product_cat":[132],"product_tag":[],"class_list":{"0":"post-18568","1":"product","2":"type-product","3":"status-publish","4":"has-post-thumbnail","6":"product_cat-beds","7":"product_shipping_class-articulos-pesados","8":"pa_material-fabric","9":"pa_material-wood","11":"first","12":"outofstock","13":"sale","14":"taxable","15":"shipping-taxable","16":"purchasable","17":"product-type-simple"},"yoast_head":"<!-- This site is optimized with the Yoast SEO plugin v27.2 - https:\/\/yoast.com\/product\/yoast-seo-wordpress\/ -->\n<title>Upholstered Double Bed 140 x 200 with Slatted Base and Headboard - Margarita - Don Baraton: tienda de sof\u00e1s, muebles y colchones<\/title>\n<meta name=\"robots\" content=\"index, follow, max-snippet:-1, max-image-preview:large, max-video-preview:-1\" \/>\n<link rel=\"canonical\" href=\"https:\/\/donbaraton.es\/en\/p\/upholstered-double-bed-140-200-slatted-base-headboard-margarita\/\" \/>\n<meta property=\"og:locale\" content=\"en_GB\" \/>\n<meta property=\"og:type\" content=\"article\" \/>\n<meta property=\"og:title\" content=\"Upholstered Double Bed 140 x 200 with Slatted Base and Headboard - Margarita - Don Baraton: tienda de sof\u00e1s, muebles y colchones\" \/>\n<meta property=\"og:description\" content=\"5 cm wider and 10 longer than standard double beds  Slatted base included  Headboard upholstered in grey fabric with padded squares  Easy to clean durable grey fabric  High black legs  Mattress is NOT included  Dimensions: length 221 cm, width 149 cm, height 96 cm\" \/>\n<meta property=\"og:url\" content=\"https:\/\/donbaraton.es\/en\/p\/upholstered-double-bed-140-200-slatted-base-headboard-margarita\/\" \/>\n<meta property=\"og:site_name\" content=\"Don Baraton: tienda de sof\u00e1s, muebles y colchones\" \/>\n<meta property=\"article:publisher\" content=\"https:\/\/www.facebook.com\/donbaraton.es\" \/>\n<meta property=\"article:modified_time\" content=\"2023-12-30T22:53:28+00:00\" \/>\n<meta property=\"og:image\" content=\"https:\/\/i1.wp.com\/donbaraton.es\/wp-content\/uploads\/2019\/08\/Cama-doble-140-x-200-cm-con-cabecero-y-somier-de-l\u00e1minas-tapizada-Margarita.jpg?fit=900%2C675&ssl=1\" \/>\n\t<meta property=\"og:image:width\" content=\"900\" \/>\n\t<meta property=\"og:image:height\" content=\"675\" \/>\n\t<meta property=\"og:image:type\" content=\"image\/jpeg\" \/>\n<meta name=\"twitter:card\" content=\"summary_large_image\" \/>\n<meta name=\"twitter:site\" content=\"@don_baraton\" \/>\n<meta name=\"twitter:label1\" content=\"Estimated reading time\" \/>\n\t<meta name=\"twitter:data1\" content=\"1 minute\" \/>\n<script type=\"application\/ld+json\" class=\"yoast-schema-graph\">{\"@context\":\"https:\/\/schema.org\",\"@graph\":[{\"@type\":\"WebPage\",\"@id\":\"https:\/\/donbaraton.es\/en\/p\/upholstered-double-bed-140-200-slatted-base-headboard-margarita\/\",\"url\":\"https:\/\/donbaraton.es\/en\/p\/upholstered-double-bed-140-200-slatted-base-headboard-margarita\/\",\"name\":\"Upholstered Double Bed 140 x 200 with Slatted Base and Headboard - Margarita - Don Baraton: tienda de sof\u00e1s, muebles y colchones\",\"isPartOf\":{\"@id\":\"https:\/\/donbaraton.es\/#website\"},\"primaryImageOfPage\":{\"@id\":\"https:\/\/donbaraton.es\/en\/p\/upholstered-double-bed-140-200-slatted-base-headboard-margarita\/#primaryimage\"},\"image\":{\"@id\":\"https:\/\/donbaraton.es\/en\/p\/upholstered-double-bed-140-200-slatted-base-headboard-margarita\/#primaryimage\"},\"thumbnailUrl\":\"https:\/\/donbaraton.es\/wp-content\/uploads\/2019\/08\/Cama-doble-140-x-200-cm-con-cabecero-y-somier-de-l\u00e1minas-tapizada-Margarita.jpg\",\"datePublished\":\"2019-08-21T13:37:15+00:00\",\"dateModified\":\"2023-12-30T22:53:28+00:00\",\"breadcrumb\":{\"@id\":\"https:\/\/donbaraton.es\/en\/p\/upholstered-double-bed-140-200-slatted-base-headboard-margarita\/#breadcrumb\"},\"inLanguage\":\"en-GB\",\"potentialAction\":[{\"@type\":\"ReadAction\",\"target\":[\"https:\/\/donbaraton.es\/en\/p\/upholstered-double-bed-140-200-slatted-base-headboard-margarita\/\"]}]},{\"@type\":\"ImageObject\",\"inLanguage\":\"en-GB\",\"@id\":\"https:\/\/donbaraton.es\/en\/p\/upholstered-double-bed-140-200-slatted-base-headboard-margarita\/#primaryimage\",\"url\":\"https:\/\/donbaraton.es\/wp-content\/uploads\/2019\/08\/Cama-doble-140-x-200-cm-con-cabecero-y-somier-de-l\u00e1minas-tapizada-Margarita.jpg\",\"contentUrl\":\"https:\/\/donbaraton.es\/wp-content\/uploads\/2019\/08\/Cama-doble-140-x-200-cm-con-cabecero-y-somier-de-l\u00e1minas-tapizada-Margarita.jpg\",\"width\":900,\"height\":675,\"caption\":\"Upholstered Double Bed 140 x 200 with Slatted Base and Headboard - Margarita\"},{\"@type\":\"BreadcrumbList\",\"@id\":\"https:\/\/donbaraton.es\/en\/p\/upholstered-double-bed-140-200-slatted-base-headboard-margarita\/#breadcrumb\",\"itemListElement\":[{\"@type\":\"ListItem\",\"position\":1,\"name\":\"Portada\",\"item\":\"https:\/\/donbaraton.es\/en\/\"},{\"@type\":\"ListItem\",\"position\":2,\"name\":\"Online Shop\",\"item\":\"https:\/\/donbaraton.es\/en\/shop\/\"},{\"@type\":\"ListItem\",\"position\":3,\"name\":\"Upholstered Double Bed 140 x 200 with Slatted Base and Headboard &#8211; Margarita\"}]},{\"@type\":\"WebSite\",\"@id\":\"https:\/\/donbaraton.es\/#website\",\"url\":\"https:\/\/donbaraton.es\/\",\"name\":\"Don Baraton: tienda de sof\u00e1s, muebles y colchones\",\"description\":\"Sofas baratos desde el almac\u00e9n en Almorad\u00ed, Alicante\",\"publisher\":{\"@id\":\"https:\/\/donbaraton.es\/#organization\"},\"potentialAction\":[{\"@type\":\"SearchAction\",\"target\":{\"@type\":\"EntryPoint\",\"urlTemplate\":\"https:\/\/donbaraton.es\/?s={search_term_string}\"},\"query-input\":{\"@type\":\"PropertyValueSpecification\",\"valueRequired\":true,\"valueName\":\"search_term_string\"}}],\"inLanguage\":\"en-GB\"},{\"@type\":\"Organization\",\"@id\":\"https:\/\/donbaraton.es\/#organization\",\"name\":\"Don Baraton\",\"url\":\"https:\/\/donbaraton.es\/\",\"logo\":{\"@type\":\"ImageObject\",\"inLanguage\":\"en-GB\",\"@id\":\"https:\/\/donbaraton.es\/#\/schema\/logo\/image\/\",\"url\":\"https:\/\/i0.wp.com\/donbaraton.es\/wp-content\/uploads\/2016\/11\/logo_don_baraton.png?fit=228%2C110&ssl=1\",\"contentUrl\":\"https:\/\/i0.wp.com\/donbaraton.es\/wp-content\/uploads\/2016\/11\/logo_don_baraton.png?fit=228%2C110&ssl=1\",\"width\":228,\"height\":110,\"caption\":\"Don Baraton\"},\"image\":{\"@id\":\"https:\/\/donbaraton.es\/#\/schema\/logo\/image\/\"},\"sameAs\":[\"https:\/\/www.facebook.com\/donbaraton.es\",\"https:\/\/x.com\/don_baraton\",\"https:\/\/www.instagram.com\/donbaraton.es\",\"https:\/\/www.linkedin.com\/company\/donbaraton\/\",\"https:\/\/es.pinterest.com\/donbaraton\/\",\"https:\/\/www.youtube.com\/channel\/UCL02HOwx-F759Jq5MedAZfQ\"]}]}<\/script>\n<!-- \/ Yoast SEO plugin. -->","yoast_head_json":{"title":"Upholstered Double Bed 140 x 200 with Slatted Base and Headboard - Margarita - Don Baraton: tienda de sof\u00e1s, muebles y colchones","robots":{"index":"index","follow":"follow","max-snippet":"max-snippet:-1","max-image-preview":"max-image-preview:large","max-video-preview":"max-video-preview:-1"},"canonical":"https:\/\/donbaraton.es\/en\/p\/upholstered-double-bed-140-200-slatted-base-headboard-margarita\/","og_locale":"en_GB","og_type":"article","og_title":"Upholstered Double Bed 140 x 200 with Slatted Base and Headboard - Margarita - Don Baraton: tienda de sof\u00e1s, muebles y colchones","og_description":"5 cm wider and 10 longer than standard double beds  Slatted base included  Headboard upholstered in grey fabric with padded squares  Easy to clean durable grey fabric  High black legs  Mattress is NOT included  Dimensions: length 221 cm, width 149 cm, height 96 cm","og_url":"https:\/\/donbaraton.es\/en\/p\/upholstered-double-bed-140-200-slatted-base-headboard-margarita\/","og_site_name":"Don Baraton: tienda de sof\u00e1s, muebles y colchones","article_publisher":"https:\/\/www.facebook.com\/donbaraton.es","article_modified_time":"2023-12-30T22:53:28+00:00","og_image":[{"width":900,"height":675,"url":"https:\/\/i1.wp.com\/donbaraton.es\/wp-content\/uploads\/2019\/08\/Cama-doble-140-x-200-cm-con-cabecero-y-somier-de-l\u00e1minas-tapizada-Margarita.jpg?fit=900%2C675&ssl=1","type":"image\/jpeg"}],"twitter_card":"summary_large_image","twitter_site":"@don_baraton","twitter_misc":{"Estimated reading time":"1 minute"},"schema":{"@context":"https:\/\/schema.org","@graph":[{"@type":"WebPage","@id":"https:\/\/donbaraton.es\/en\/p\/upholstered-double-bed-140-200-slatted-base-headboard-margarita\/","url":"https:\/\/donbaraton.es\/en\/p\/upholstered-double-bed-140-200-slatted-base-headboard-margarita\/","name":"Upholstered Double Bed 140 x 200 with Slatted Base and Headboard - Margarita - Don Baraton: tienda de sof\u00e1s, muebles y colchones","isPartOf":{"@id":"https:\/\/donbaraton.es\/#website"},"primaryImageOfPage":{"@id":"https:\/\/donbaraton.es\/en\/p\/upholstered-double-bed-140-200-slatted-base-headboard-margarita\/#primaryimage"},"image":{"@id":"https:\/\/donbaraton.es\/en\/p\/upholstered-double-bed-140-200-slatted-base-headboard-margarita\/#primaryimage"},"thumbnailUrl":"https:\/\/donbaraton.es\/wp-content\/uploads\/2019\/08\/Cama-doble-140-x-200-cm-con-cabecero-y-somier-de-l\u00e1minas-tapizada-Margarita.jpg","datePublished":"2019-08-21T13:37:15+00:00","dateModified":"2023-12-30T22:53:28+00:00","breadcrumb":{"@id":"https:\/\/donbaraton.es\/en\/p\/upholstered-double-bed-140-200-slatted-base-headboard-margarita\/#breadcrumb"},"inLanguage":"en-GB","potentialAction":[{"@type":"ReadAction","target":["https:\/\/donbaraton.es\/en\/p\/upholstered-double-bed-140-200-slatted-base-headboard-margarita\/"]}]},{"@type":"ImageObject","inLanguage":"en-GB","@id":"https:\/\/donbaraton.es\/en\/p\/upholstered-double-bed-140-200-slatted-base-headboard-margarita\/#primaryimage","url":"https:\/\/donbaraton.es\/wp-content\/uploads\/2019\/08\/Cama-doble-140-x-200-cm-con-cabecero-y-somier-de-l\u00e1minas-tapizada-Margarita.jpg","contentUrl":"https:\/\/donbaraton.es\/wp-content\/uploads\/2019\/08\/Cama-doble-140-x-200-cm-con-cabecero-y-somier-de-l\u00e1minas-tapizada-Margarita.jpg","width":900,"height":675,"caption":"Upholstered Double Bed 140 x 200 with Slatted Base and Headboard - Margarita"},{"@type":"BreadcrumbList","@id":"https:\/\/donbaraton.es\/en\/p\/upholstered-double-bed-140-200-slatted-base-headboard-margarita\/#breadcrumb","itemListElement":[{"@type":"ListItem","position":1,"name":"Portada","item":"https:\/\/donbaraton.es\/en\/"},{"@type":"ListItem","position":2,"name":"Online Shop","item":"https:\/\/donbaraton.es\/en\/shop\/"},{"@type":"ListItem","position":3,"name":"Upholstered Double Bed 140 x 200 with Slatted Base and Headboard &#8211; Margarita"}]},{"@type":"WebSite","@id":"https:\/\/donbaraton.es\/#website","url":"https:\/\/donbaraton.es\/","name":"Don Baraton: tienda de sof\u00e1s, muebles y colchones","description":"Sofas baratos desde el almac\u00e9n en Almorad\u00ed, Alicante","publisher":{"@id":"https:\/\/donbaraton.es\/#organization"},"potentialAction":[{"@type":"SearchAction","target":{"@type":"EntryPoint","urlTemplate":"https:\/\/donbaraton.es\/?s={search_term_string}"},"query-input":{"@type":"PropertyValueSpecification","valueRequired":true,"valueName":"search_term_string"}}],"inLanguage":"en-GB"},{"@type":"Organization","@id":"https:\/\/donbaraton.es\/#organization","name":"Don Baraton","url":"https:\/\/donbaraton.es\/","logo":{"@type":"ImageObject","inLanguage":"en-GB","@id":"https:\/\/donbaraton.es\/#\/schema\/logo\/image\/","url":"https:\/\/i0.wp.com\/donbaraton.es\/wp-content\/uploads\/2016\/11\/logo_don_baraton.png?fit=228%2C110&ssl=1","contentUrl":"https:\/\/i0.wp.com\/donbaraton.es\/wp-content\/uploads\/2016\/11\/logo_don_baraton.png?fit=228%2C110&ssl=1","width":228,"height":110,"caption":"Don Baraton"},"image":{"@id":"https:\/\/donbaraton.es\/#\/schema\/logo\/image\/"},"sameAs":["https:\/\/www.facebook.com\/donbaraton.es","https:\/\/x.com\/don_baraton","https:\/\/www.instagram.com\/donbaraton.es","https:\/\/www.linkedin.com\/company\/donbaraton\/","https:\/\/es.pinterest.com\/donbaraton\/","https:\/\/www.youtube.com\/channel\/UCL02HOwx-F759Jq5MedAZfQ"]}]}},"_links":{"self":[{"href":"https:\/\/donbaraton.es\/en\/wp-json\/wp\/v2\/product\/18568","targetHints":{"allow":["GET"]}}],"collection":[{"href":"https:\/\/donbaraton.es\/en\/wp-json\/wp\/v2\/product"}],"about":[{"href":"https:\/\/donbaraton.es\/en\/wp-json\/wp\/v2\/types\/product"}],"replies":[{"embeddable":true,"href":"https:\/\/donbaraton.es\/en\/wp-json\/wp\/v2\/comments?post=18568"}],"wp:featuredmedia":[{"embeddable":true,"href":"https:\/\/donbaraton.es\/en\/wp-json\/wp\/v2\/media\/18403"}],"wp:attachment":[{"href":"https:\/\/donbaraton.es\/en\/wp-json\/wp\/v2\/media?parent=18568"}],"wp:term":[{"taxonomy":"product_brand","embeddable":true,"href":"https:\/\/donbaraton.es\/en\/wp-json\/wp\/v2\/product_brand?post=18568"},{"taxonomy":"product_cat","embeddable":true,"href":"https:\/\/donbaraton.es\/en\/wp-json\/wp\/v2\/product_cat?post=18568"},{"taxonomy":"product_tag","embeddable":true,"href":"https:\/\/donbaraton.es\/en\/wp-json\/wp\/v2\/product_tag?post=18568"}],"curies":[{"name":"wp","href":"https:\/\/api.w.org\/{rel}","templated":true}]}}