{"id":18646,"date":"2021-03-13T04:50:32","date_gmt":"2019-08-23T16:25:32","guid":{"rendered":"https:\/\/donbaraton.es\/p\/bed-led-lights-180-200-upholstered-mattress-storage-headboard-topper-barbara\/"},"modified":"2021-06-25T14:55:54","modified_gmt":"2021-06-25T12:55:54","slug":"bed-led-lights-180-200-upholstered-mattress-storage-headboard-topper-barbara","status":"publish","type":"product","link":"https:\/\/donbaraton.es\/en\/p\/bed-led-lights-180-200-upholstered-mattress-storage-headboard-topper-barbara\/","title":{"rendered":"Bed with LED Lights, 180 x 200, Upholstered, with Mattress, Storage, Headboard, Topper &#8211; Barbara"},"content":{"rendered":"<p><strong>Bed with LED lights, 180 x 200 \u0441\u043c, upholstered in fabric, with mattress, storage, headboard and topper included &#8211; Barbara<\/strong><\/p>\n<p><strong>Dimensions:<\/strong> length 205 cm, width 195 cm, height (headboard) 130 cm, height (topper level) 73 cm<\/p>\n","protected":false},"excerpt":{"rendered":"<ul>\n<li>Sprung mattress 180 x 200 cm included<\/li>\n<li>Headboard upholstered on both parts, suitable for bedroom&#8217;s center<\/li>\n<li>2 storage compartments with 3 sections each<\/li>\n<li>Topper included<\/li>\n<li>LED lights changing colour with remote control (included)<\/li>\n<li>High steel legs<\/li>\n<\/ul>\n<p><strong>Dimensions:<\/strong> length 205 cm, width 195 cm, height (headboard) 130 cm<\/p>\n","protected":false},"featured_media":31441,"comment_status":"open","ping_status":"closed","template":"","meta":{"_et_pb_use_builder":"","_et_pb_old_content":"","_et_gb_content_width":""},"product_brand":[],"product_cat":[132],"product_tag":[],"class_list":{"0":"post-18646","1":"product","2":"type-product","3":"status-publish","4":"has-post-thumbnail","6":"product_cat-beds","7":"product_shipping_class-articulos-pesados","8":"pa_material-fabric","9":"pa_muelles-bonnell-springs","11":"first","12":"outofstock","13":"taxable","14":"shipping-taxable","15":"product-type-variable"},"yoast_head":"<!-- This site is optimized with the Yoast SEO plugin v27.5 - https:\/\/yoast.com\/product\/yoast-seo-wordpress\/ -->\n<title>Bed with LED Lights, 180 x 200, Upholstered, with Mattress, Storage, Headboard, Topper - Barbara - Don Baraton: tienda de sof\u00e1s, muebles y colchones<\/title>\n<meta name=\"robots\" content=\"index, follow, max-snippet:-1, max-image-preview:large, max-video-preview:-1\" \/>\n<link rel=\"canonical\" href=\"https:\/\/donbaraton.es\/en\/p\/bed-led-lights-180-200-upholstered-mattress-storage-headboard-topper-barbara\/\" \/>\n<meta property=\"og:locale\" content=\"en_GB\" \/>\n<meta property=\"og:type\" content=\"article\" \/>\n<meta property=\"og:title\" content=\"Bed with LED Lights, 180 x 200, Upholstered, with Mattress, Storage, Headboard, Topper - Barbara - Don Baraton: tienda de sof\u00e1s, muebles y colchones\" \/>\n<meta property=\"og:description\" content=\"Sprung mattress 180 x 200 cm included  Headboard upholstered on both parts, suitable for bedroom&#039;s center  2 storage compartments with 3 sections each  Topper included  LED lights changing colour with remote control (included)  High steel legs  Dimensions: length 205 cm, width 195 cm, height (headboard) 130 cm\" \/>\n<meta property=\"og:url\" content=\"https:\/\/donbaraton.es\/en\/p\/bed-led-lights-180-200-upholstered-mattress-storage-headboard-topper-barbara\/\" \/>\n<meta property=\"og:site_name\" content=\"Don Baraton: tienda de sof\u00e1s, muebles y colchones\" \/>\n<meta property=\"article:publisher\" content=\"https:\/\/www.facebook.com\/donbaraton.es\" \/>\n<meta property=\"article:modified_time\" content=\"2021-06-25T12:55:54+00:00\" \/>\n<meta property=\"og:image\" content=\"https:\/\/i2.wp.com\/donbaraton.es\/wp-content\/uploads\/2020\/05\/Cama-con-luz-LED-180-x-200-con-arcones-colchon-cabecero-y-topper-Barbara.-Tapizada-en-tela-gris-oscuro.jpg?fit=1000%2C750&ssl=1\" \/>\n\t<meta property=\"og:image:width\" content=\"1000\" \/>\n\t<meta property=\"og:image:height\" content=\"750\" \/>\n\t<meta property=\"og:image:type\" content=\"image\/jpeg\" \/>\n<meta name=\"twitter:card\" content=\"summary_large_image\" \/>\n<meta name=\"twitter:site\" content=\"@don_baraton\" \/>\n<script type=\"application\/ld+json\" class=\"yoast-schema-graph\">{\"@context\":\"https:\\\/\\\/schema.org\",\"@graph\":[{\"@type\":\"WebPage\",\"@id\":\"https:\\\/\\\/donbaraton.es\\\/en\\\/p\\\/bed-led-lights-180-200-upholstered-mattress-storage-headboard-topper-barbara\\\/\",\"url\":\"https:\\\/\\\/donbaraton.es\\\/en\\\/p\\\/bed-led-lights-180-200-upholstered-mattress-storage-headboard-topper-barbara\\\/\",\"name\":\"Bed with LED Lights, 180 x 200, Upholstered, with Mattress, Storage, Headboard, Topper - Barbara - Don Baraton: tienda de sof\u00e1s, muebles y colchones\",\"isPartOf\":{\"@id\":\"https:\\\/\\\/donbaraton.es\\\/#website\"},\"primaryImageOfPage\":{\"@id\":\"https:\\\/\\\/donbaraton.es\\\/en\\\/p\\\/bed-led-lights-180-200-upholstered-mattress-storage-headboard-topper-barbara\\\/#primaryimage\"},\"image\":{\"@id\":\"https:\\\/\\\/donbaraton.es\\\/en\\\/p\\\/bed-led-lights-180-200-upholstered-mattress-storage-headboard-topper-barbara\\\/#primaryimage\"},\"thumbnailUrl\":\"https:\\\/\\\/donbaraton.es\\\/wp-content\\\/uploads\\\/2020\\\/05\\\/Cama-con-luz-LED-180-x-200-con-arcones-colchon-cabecero-y-topper-Barbara.-Tapizada-en-tela-gris-oscuro.jpg\",\"datePublished\":\"2019-08-23T16:25:32+00:00\",\"dateModified\":\"2021-06-25T12:55:54+00:00\",\"breadcrumb\":{\"@id\":\"https:\\\/\\\/donbaraton.es\\\/en\\\/p\\\/bed-led-lights-180-200-upholstered-mattress-storage-headboard-topper-barbara\\\/#breadcrumb\"},\"inLanguage\":\"en-GB\",\"potentialAction\":[{\"@type\":\"ReadAction\",\"target\":[\"https:\\\/\\\/donbaraton.es\\\/en\\\/p\\\/bed-led-lights-180-200-upholstered-mattress-storage-headboard-topper-barbara\\\/\"]}]},{\"@type\":\"ImageObject\",\"inLanguage\":\"en-GB\",\"@id\":\"https:\\\/\\\/donbaraton.es\\\/en\\\/p\\\/bed-led-lights-180-200-upholstered-mattress-storage-headboard-topper-barbara\\\/#primaryimage\",\"url\":\"https:\\\/\\\/donbaraton.es\\\/wp-content\\\/uploads\\\/2020\\\/05\\\/Cama-con-luz-LED-180-x-200-con-arcones-colchon-cabecero-y-topper-Barbara.-Tapizada-en-tela-gris-oscuro.jpg\",\"contentUrl\":\"https:\\\/\\\/donbaraton.es\\\/wp-content\\\/uploads\\\/2020\\\/05\\\/Cama-con-luz-LED-180-x-200-con-arcones-colchon-cabecero-y-topper-Barbara.-Tapizada-en-tela-gris-oscuro.jpg\",\"width\":1000,\"height\":750,\"caption\":\"Bed with LED Lights, 180 x 200, Mattress, Storage, Headboard, Topper - Barbara. Dark Grey Fabric Soro 95\"},{\"@type\":\"BreadcrumbList\",\"@id\":\"https:\\\/\\\/donbaraton.es\\\/en\\\/p\\\/bed-led-lights-180-200-upholstered-mattress-storage-headboard-topper-barbara\\\/#breadcrumb\",\"itemListElement\":[{\"@type\":\"ListItem\",\"position\":1,\"name\":\"Portada\",\"item\":\"https:\\\/\\\/donbaraton.es\\\/en\\\/\"},{\"@type\":\"ListItem\",\"position\":2,\"name\":\"Online Shop\",\"item\":\"https:\\\/\\\/donbaraton.es\\\/en\\\/shop\\\/\"},{\"@type\":\"ListItem\",\"position\":3,\"name\":\"Bed with LED Lights, 180 x 200, Upholstered, with Mattress, Storage, Headboard, Topper &#8211; Barbara\"}]},{\"@type\":\"WebSite\",\"@id\":\"https:\\\/\\\/donbaraton.es\\\/#website\",\"url\":\"https:\\\/\\\/donbaraton.es\\\/\",\"name\":\"Don Baraton: tienda de sof\u00e1s, muebles y colchones\",\"description\":\"Sofas baratos desde el almac\u00e9n en Almorad\u00ed, Alicante\",\"publisher\":{\"@id\":\"https:\\\/\\\/donbaraton.es\\\/#organization\"},\"potentialAction\":[{\"@type\":\"SearchAction\",\"target\":{\"@type\":\"EntryPoint\",\"urlTemplate\":\"https:\\\/\\\/donbaraton.es\\\/?s={search_term_string}\"},\"query-input\":{\"@type\":\"PropertyValueSpecification\",\"valueRequired\":true,\"valueName\":\"search_term_string\"}}],\"inLanguage\":\"en-GB\"},{\"@type\":\"Organization\",\"@id\":\"https:\\\/\\\/donbaraton.es\\\/#organization\",\"name\":\"Don Baraton\",\"url\":\"https:\\\/\\\/donbaraton.es\\\/\",\"logo\":{\"@type\":\"ImageObject\",\"inLanguage\":\"en-GB\",\"@id\":\"https:\\\/\\\/donbaraton.es\\\/#\\\/schema\\\/logo\\\/image\\\/\",\"url\":\"https:\\\/\\\/i0.wp.com\\\/donbaraton.es\\\/wp-content\\\/uploads\\\/2016\\\/11\\\/logo_don_baraton.png?fit=228%2C110&ssl=1\",\"contentUrl\":\"https:\\\/\\\/i0.wp.com\\\/donbaraton.es\\\/wp-content\\\/uploads\\\/2016\\\/11\\\/logo_don_baraton.png?fit=228%2C110&ssl=1\",\"width\":228,\"height\":110,\"caption\":\"Don Baraton\"},\"image\":{\"@id\":\"https:\\\/\\\/donbaraton.es\\\/#\\\/schema\\\/logo\\\/image\\\/\"},\"sameAs\":[\"https:\\\/\\\/www.facebook.com\\\/donbaraton.es\",\"https:\\\/\\\/x.com\\\/don_baraton\",\"https:\\\/\\\/www.instagram.com\\\/donbaraton.es\",\"https:\\\/\\\/www.linkedin.com\\\/company\\\/donbaraton\\\/\",\"https:\\\/\\\/es.pinterest.com\\\/donbaraton\\\/\",\"https:\\\/\\\/www.youtube.com\\\/channel\\\/UCL02HOwx-F759Jq5MedAZfQ\"]}]}<\/script>\n<!-- \/ Yoast SEO plugin. -->","yoast_head_json":{"title":"Bed with LED Lights, 180 x 200, Upholstered, with Mattress, Storage, Headboard, Topper - Barbara - Don Baraton: tienda de sof\u00e1s, muebles y colchones","robots":{"index":"index","follow":"follow","max-snippet":"max-snippet:-1","max-image-preview":"max-image-preview:large","max-video-preview":"max-video-preview:-1"},"canonical":"https:\/\/donbaraton.es\/en\/p\/bed-led-lights-180-200-upholstered-mattress-storage-headboard-topper-barbara\/","og_locale":"en_GB","og_type":"article","og_title":"Bed with LED Lights, 180 x 200, Upholstered, with Mattress, Storage, Headboard, Topper - Barbara - Don Baraton: tienda de sof\u00e1s, muebles y colchones","og_description":"Sprung mattress 180 x 200 cm included  Headboard upholstered on both parts, suitable for bedroom's center  2 storage compartments with 3 sections each  Topper included  LED lights changing colour with remote control (included)  High steel legs  Dimensions: length 205 cm, width 195 cm, height (headboard) 130 cm","og_url":"https:\/\/donbaraton.es\/en\/p\/bed-led-lights-180-200-upholstered-mattress-storage-headboard-topper-barbara\/","og_site_name":"Don Baraton: tienda de sof\u00e1s, muebles y colchones","article_publisher":"https:\/\/www.facebook.com\/donbaraton.es","article_modified_time":"2021-06-25T12:55:54+00:00","og_image":[{"width":1000,"height":750,"url":"https:\/\/i2.wp.com\/donbaraton.es\/wp-content\/uploads\/2020\/05\/Cama-con-luz-LED-180-x-200-con-arcones-colchon-cabecero-y-topper-Barbara.-Tapizada-en-tela-gris-oscuro.jpg?fit=1000%2C750&ssl=1","type":"image\/jpeg"}],"twitter_card":"summary_large_image","twitter_site":"@don_baraton","schema":{"@context":"https:\/\/schema.org","@graph":[{"@type":"WebPage","@id":"https:\/\/donbaraton.es\/en\/p\/bed-led-lights-180-200-upholstered-mattress-storage-headboard-topper-barbara\/","url":"https:\/\/donbaraton.es\/en\/p\/bed-led-lights-180-200-upholstered-mattress-storage-headboard-topper-barbara\/","name":"Bed with LED Lights, 180 x 200, Upholstered, with Mattress, Storage, Headboard, Topper - Barbara - Don Baraton: tienda de sof\u00e1s, muebles y colchones","isPartOf":{"@id":"https:\/\/donbaraton.es\/#website"},"primaryImageOfPage":{"@id":"https:\/\/donbaraton.es\/en\/p\/bed-led-lights-180-200-upholstered-mattress-storage-headboard-topper-barbara\/#primaryimage"},"image":{"@id":"https:\/\/donbaraton.es\/en\/p\/bed-led-lights-180-200-upholstered-mattress-storage-headboard-topper-barbara\/#primaryimage"},"thumbnailUrl":"https:\/\/donbaraton.es\/wp-content\/uploads\/2020\/05\/Cama-con-luz-LED-180-x-200-con-arcones-colchon-cabecero-y-topper-Barbara.-Tapizada-en-tela-gris-oscuro.jpg","datePublished":"2019-08-23T16:25:32+00:00","dateModified":"2021-06-25T12:55:54+00:00","breadcrumb":{"@id":"https:\/\/donbaraton.es\/en\/p\/bed-led-lights-180-200-upholstered-mattress-storage-headboard-topper-barbara\/#breadcrumb"},"inLanguage":"en-GB","potentialAction":[{"@type":"ReadAction","target":["https:\/\/donbaraton.es\/en\/p\/bed-led-lights-180-200-upholstered-mattress-storage-headboard-topper-barbara\/"]}]},{"@type":"ImageObject","inLanguage":"en-GB","@id":"https:\/\/donbaraton.es\/en\/p\/bed-led-lights-180-200-upholstered-mattress-storage-headboard-topper-barbara\/#primaryimage","url":"https:\/\/donbaraton.es\/wp-content\/uploads\/2020\/05\/Cama-con-luz-LED-180-x-200-con-arcones-colchon-cabecero-y-topper-Barbara.-Tapizada-en-tela-gris-oscuro.jpg","contentUrl":"https:\/\/donbaraton.es\/wp-content\/uploads\/2020\/05\/Cama-con-luz-LED-180-x-200-con-arcones-colchon-cabecero-y-topper-Barbara.-Tapizada-en-tela-gris-oscuro.jpg","width":1000,"height":750,"caption":"Bed with LED Lights, 180 x 200, Mattress, Storage, Headboard, Topper - Barbara. Dark Grey Fabric Soro 95"},{"@type":"BreadcrumbList","@id":"https:\/\/donbaraton.es\/en\/p\/bed-led-lights-180-200-upholstered-mattress-storage-headboard-topper-barbara\/#breadcrumb","itemListElement":[{"@type":"ListItem","position":1,"name":"Portada","item":"https:\/\/donbaraton.es\/en\/"},{"@type":"ListItem","position":2,"name":"Online Shop","item":"https:\/\/donbaraton.es\/en\/shop\/"},{"@type":"ListItem","position":3,"name":"Bed with LED Lights, 180 x 200, Upholstered, with Mattress, Storage, Headboard, Topper &#8211; Barbara"}]},{"@type":"WebSite","@id":"https:\/\/donbaraton.es\/#website","url":"https:\/\/donbaraton.es\/","name":"Don Baraton: tienda de sof\u00e1s, muebles y colchones","description":"Sofas baratos desde el almac\u00e9n en Almorad\u00ed, Alicante","publisher":{"@id":"https:\/\/donbaraton.es\/#organization"},"potentialAction":[{"@type":"SearchAction","target":{"@type":"EntryPoint","urlTemplate":"https:\/\/donbaraton.es\/?s={search_term_string}"},"query-input":{"@type":"PropertyValueSpecification","valueRequired":true,"valueName":"search_term_string"}}],"inLanguage":"en-GB"},{"@type":"Organization","@id":"https:\/\/donbaraton.es\/#organization","name":"Don Baraton","url":"https:\/\/donbaraton.es\/","logo":{"@type":"ImageObject","inLanguage":"en-GB","@id":"https:\/\/donbaraton.es\/#\/schema\/logo\/image\/","url":"https:\/\/i0.wp.com\/donbaraton.es\/wp-content\/uploads\/2016\/11\/logo_don_baraton.png?fit=228%2C110&ssl=1","contentUrl":"https:\/\/i0.wp.com\/donbaraton.es\/wp-content\/uploads\/2016\/11\/logo_don_baraton.png?fit=228%2C110&ssl=1","width":228,"height":110,"caption":"Don Baraton"},"image":{"@id":"https:\/\/donbaraton.es\/#\/schema\/logo\/image\/"},"sameAs":["https:\/\/www.facebook.com\/donbaraton.es","https:\/\/x.com\/don_baraton","https:\/\/www.instagram.com\/donbaraton.es","https:\/\/www.linkedin.com\/company\/donbaraton\/","https:\/\/es.pinterest.com\/donbaraton\/","https:\/\/www.youtube.com\/channel\/UCL02HOwx-F759Jq5MedAZfQ"]}]}},"_links":{"self":[{"href":"https:\/\/donbaraton.es\/en\/wp-json\/wp\/v2\/product\/18646","targetHints":{"allow":["GET"]}}],"collection":[{"href":"https:\/\/donbaraton.es\/en\/wp-json\/wp\/v2\/product"}],"about":[{"href":"https:\/\/donbaraton.es\/en\/wp-json\/wp\/v2\/types\/product"}],"replies":[{"embeddable":true,"href":"https:\/\/donbaraton.es\/en\/wp-json\/wp\/v2\/comments?post=18646"}],"wp:featuredmedia":[{"embeddable":true,"href":"https:\/\/donbaraton.es\/en\/wp-json\/wp\/v2\/media\/31441"}],"wp:attachment":[{"href":"https:\/\/donbaraton.es\/en\/wp-json\/wp\/v2\/media?parent=18646"}],"wp:term":[{"taxonomy":"product_brand","embeddable":true,"href":"https:\/\/donbaraton.es\/en\/wp-json\/wp\/v2\/product_brand?post=18646"},{"taxonomy":"product_cat","embeddable":true,"href":"https:\/\/donbaraton.es\/en\/wp-json\/wp\/v2\/product_cat?post=18646"},{"taxonomy":"product_tag","embeddable":true,"href":"https:\/\/donbaraton.es\/en\/wp-json\/wp\/v2\/product_tag?post=18646"}],"curies":[{"name":"wp","href":"https:\/\/api.w.org\/{rel}","templated":true}]}}