{"id":18995,"date":"2021-07-08T00:48:36","date_gmt":"2019-08-26T23:48:36","guid":{"rendered":"https:\/\/donbaraton.es\/p\/pocket-spring-mattress-24-cm-thick-silenso\/"},"modified":"2021-07-08T01:07:22","modified_gmt":"2021-07-07T23:07:22","slug":"pocket-spring-mattress-silenso","status":"publish","type":"product","link":"https:\/\/donbaraton.es\/en\/p\/pocket-spring-mattress-silenso\/","title":{"rendered":"Pocket Spring Mattress, 25 cm Thick &#8211; Silenso"},"content":{"rendered":"<p><strong>Pocket spring mattress, thickness 25 cm &#8211; Silenso<\/strong><\/p>\n<p>This medium firm pocket spring mattress is very quiet and doesn&#8217;t create much noise. Every coil of this model has an individual fabric pocket to avoid squeaking.\u00a0<\/p>\n<p><strong>Dimensions:<\/strong> 80 x 190 cm, 90 x 190 cm, 105 x 190 cm, 135 x 190 cm, 150 x 190 cm, 160 x 190 cm, 180 x 190 cm, 200 x 190 cm, 80 x 200 cm, 90 x 200 cm, 105 x 200 cm, 135 x 200 cm, 150 x 200 cm, 160 x 200 cm, 180 x 200 cm, 190 x 200 cm, 200 x 200 cm. <strong>Thickness:<\/strong> 25 cm<\/p>\n","protected":false},"excerpt":{"rendered":"<ul>\n<li>Pocket springs (5 zones)<\/li>\n<li>Thickness 25 cm<\/li>\n<li>Two sides (reversible)\u00a0<\/li>\n<li>3 sizes to choose from<\/li>\n<li>Side handles<\/li>\n<li>Strengthened sides<\/li>\n<\/ul>\n","protected":false},"featured_media":33230,"comment_status":"open","ping_status":"closed","template":"","meta":{"_et_pb_use_builder":"","_et_pb_old_content":"","_et_gb_content_width":""},"product_brand":[],"product_cat":[229],"product_tag":[],"class_list":{"0":"post-18995","1":"product","2":"type-product","3":"status-publish","4":"has-post-thumbnail","6":"product_cat-mattresses","7":"product_shipping_class-articulos-pesado-manufacturing-up-to-10-days","8":"pa_muelles-pocket-springs","10":"first","11":"instock","12":"sale","13":"taxable","14":"shipping-taxable","15":"purchasable","16":"product-type-variable"},"yoast_head":"<!-- This site is optimized with the Yoast SEO plugin v27.2 - https:\/\/yoast.com\/product\/yoast-seo-wordpress\/ -->\n<title>Pocket Spring Mattress, 25 cm Thick - Silenso - Don Baraton: tienda de sof\u00e1s, muebles y colchones<\/title>\n<meta name=\"robots\" content=\"index, follow, max-snippet:-1, max-image-preview:large, max-video-preview:-1\" \/>\n<link rel=\"canonical\" href=\"https:\/\/donbaraton.es\/en\/p\/pocket-spring-mattress-silenso\/\" \/>\n<meta property=\"og:locale\" content=\"en_GB\" \/>\n<meta property=\"og:type\" content=\"article\" \/>\n<meta property=\"og:title\" content=\"Pocket Spring Mattress, 25 cm Thick - Silenso - Don Baraton: tienda de sof\u00e1s, muebles y colchones\" \/>\n<meta property=\"og:description\" content=\"Pocket springs (5 zones) Thickness 25 cm Two sides (reversible)\u00a0 3 sizes to choose from Side handles Strengthened sides\" \/>\n<meta property=\"og:url\" content=\"https:\/\/donbaraton.es\/en\/p\/pocket-spring-mattress-silenso\/\" \/>\n<meta property=\"og:site_name\" content=\"Don Baraton: tienda de sof\u00e1s, muebles y colchones\" \/>\n<meta property=\"article:publisher\" content=\"https:\/\/www.facebook.com\/donbaraton.es\" \/>\n<meta property=\"article:modified_time\" content=\"2021-07-07T23:07:22+00:00\" \/>\n<meta property=\"og:image\" content=\"https:\/\/i1.wp.com\/donbaraton.es\/wp-content\/uploads\/2019\/08\/Colchon-de-muelles-ensacados-con-altura-de-25-cm-Silenso.jpg?fit=1000%2C750&ssl=1\" \/>\n\t<meta property=\"og:image:width\" content=\"1000\" \/>\n\t<meta property=\"og:image:height\" content=\"750\" \/>\n\t<meta property=\"og:image:type\" content=\"image\/jpeg\" \/>\n<meta name=\"twitter:card\" content=\"summary_large_image\" \/>\n<meta name=\"twitter:site\" content=\"@don_baraton\" \/>\n<script type=\"application\/ld+json\" class=\"yoast-schema-graph\">{\"@context\":\"https:\/\/schema.org\",\"@graph\":[{\"@type\":\"WebPage\",\"@id\":\"https:\/\/donbaraton.es\/en\/p\/pocket-spring-mattress-silenso\/\",\"url\":\"https:\/\/donbaraton.es\/en\/p\/pocket-spring-mattress-silenso\/\",\"name\":\"Pocket Spring Mattress, 25 cm Thick - Silenso - Don Baraton: tienda de sof\u00e1s, muebles y colchones\",\"isPartOf\":{\"@id\":\"https:\/\/donbaraton.es\/#website\"},\"primaryImageOfPage\":{\"@id\":\"https:\/\/donbaraton.es\/en\/p\/pocket-spring-mattress-silenso\/#primaryimage\"},\"image\":{\"@id\":\"https:\/\/donbaraton.es\/en\/p\/pocket-spring-mattress-silenso\/#primaryimage\"},\"thumbnailUrl\":\"https:\/\/donbaraton.es\/wp-content\/uploads\/2019\/08\/Colchon-de-muelles-ensacados-con-altura-de-25-cm-Silenso.jpg\",\"datePublished\":\"2019-08-26T23:48:36+00:00\",\"dateModified\":\"2021-07-07T23:07:22+00:00\",\"breadcrumb\":{\"@id\":\"https:\/\/donbaraton.es\/en\/p\/pocket-spring-mattress-silenso\/#breadcrumb\"},\"inLanguage\":\"en-GB\",\"potentialAction\":[{\"@type\":\"ReadAction\",\"target\":[\"https:\/\/donbaraton.es\/en\/p\/pocket-spring-mattress-silenso\/\"]}]},{\"@type\":\"ImageObject\",\"inLanguage\":\"en-GB\",\"@id\":\"https:\/\/donbaraton.es\/en\/p\/pocket-spring-mattress-silenso\/#primaryimage\",\"url\":\"https:\/\/donbaraton.es\/wp-content\/uploads\/2019\/08\/Colchon-de-muelles-ensacados-con-altura-de-25-cm-Silenso.jpg\",\"contentUrl\":\"https:\/\/donbaraton.es\/wp-content\/uploads\/2019\/08\/Colchon-de-muelles-ensacados-con-altura-de-25-cm-Silenso.jpg\",\"width\":1000,\"height\":750,\"caption\":\"Pocket Spring Mattress, 25 cm Thick - Silenso\"},{\"@type\":\"BreadcrumbList\",\"@id\":\"https:\/\/donbaraton.es\/en\/p\/pocket-spring-mattress-silenso\/#breadcrumb\",\"itemListElement\":[{\"@type\":\"ListItem\",\"position\":1,\"name\":\"Portada\",\"item\":\"https:\/\/donbaraton.es\/en\/\"},{\"@type\":\"ListItem\",\"position\":2,\"name\":\"Online Shop\",\"item\":\"https:\/\/donbaraton.es\/en\/shop\/\"},{\"@type\":\"ListItem\",\"position\":3,\"name\":\"Pocket Spring Mattress, 25 cm Thick &#8211; Silenso\"}]},{\"@type\":\"WebSite\",\"@id\":\"https:\/\/donbaraton.es\/#website\",\"url\":\"https:\/\/donbaraton.es\/\",\"name\":\"Don Baraton: tienda de sof\u00e1s, muebles y colchones\",\"description\":\"Sofas baratos desde el almac\u00e9n en Almorad\u00ed, Alicante\",\"publisher\":{\"@id\":\"https:\/\/donbaraton.es\/#organization\"},\"potentialAction\":[{\"@type\":\"SearchAction\",\"target\":{\"@type\":\"EntryPoint\",\"urlTemplate\":\"https:\/\/donbaraton.es\/?s={search_term_string}\"},\"query-input\":{\"@type\":\"PropertyValueSpecification\",\"valueRequired\":true,\"valueName\":\"search_term_string\"}}],\"inLanguage\":\"en-GB\"},{\"@type\":\"Organization\",\"@id\":\"https:\/\/donbaraton.es\/#organization\",\"name\":\"Don Baraton\",\"url\":\"https:\/\/donbaraton.es\/\",\"logo\":{\"@type\":\"ImageObject\",\"inLanguage\":\"en-GB\",\"@id\":\"https:\/\/donbaraton.es\/#\/schema\/logo\/image\/\",\"url\":\"https:\/\/i0.wp.com\/donbaraton.es\/wp-content\/uploads\/2016\/11\/logo_don_baraton.png?fit=228%2C110&ssl=1\",\"contentUrl\":\"https:\/\/i0.wp.com\/donbaraton.es\/wp-content\/uploads\/2016\/11\/logo_don_baraton.png?fit=228%2C110&ssl=1\",\"width\":228,\"height\":110,\"caption\":\"Don Baraton\"},\"image\":{\"@id\":\"https:\/\/donbaraton.es\/#\/schema\/logo\/image\/\"},\"sameAs\":[\"https:\/\/www.facebook.com\/donbaraton.es\",\"https:\/\/x.com\/don_baraton\",\"https:\/\/www.instagram.com\/donbaraton.es\",\"https:\/\/www.linkedin.com\/company\/donbaraton\/\",\"https:\/\/es.pinterest.com\/donbaraton\/\",\"https:\/\/www.youtube.com\/channel\/UCL02HOwx-F759Jq5MedAZfQ\"]}]}<\/script>\n<!-- \/ Yoast SEO plugin. -->","yoast_head_json":{"title":"Pocket Spring Mattress, 25 cm Thick - Silenso - Don Baraton: tienda de sof\u00e1s, muebles y colchones","robots":{"index":"index","follow":"follow","max-snippet":"max-snippet:-1","max-image-preview":"max-image-preview:large","max-video-preview":"max-video-preview:-1"},"canonical":"https:\/\/donbaraton.es\/en\/p\/pocket-spring-mattress-silenso\/","og_locale":"en_GB","og_type":"article","og_title":"Pocket Spring Mattress, 25 cm Thick - Silenso - Don Baraton: tienda de sof\u00e1s, muebles y colchones","og_description":"Pocket springs (5 zones) Thickness 25 cm Two sides (reversible)\u00a0 3 sizes to choose from Side handles Strengthened sides","og_url":"https:\/\/donbaraton.es\/en\/p\/pocket-spring-mattress-silenso\/","og_site_name":"Don Baraton: tienda de sof\u00e1s, muebles y colchones","article_publisher":"https:\/\/www.facebook.com\/donbaraton.es","article_modified_time":"2021-07-07T23:07:22+00:00","og_image":[{"width":1000,"height":750,"url":"https:\/\/i1.wp.com\/donbaraton.es\/wp-content\/uploads\/2019\/08\/Colchon-de-muelles-ensacados-con-altura-de-25-cm-Silenso.jpg?fit=1000%2C750&ssl=1","type":"image\/jpeg"}],"twitter_card":"summary_large_image","twitter_site":"@don_baraton","schema":{"@context":"https:\/\/schema.org","@graph":[{"@type":"WebPage","@id":"https:\/\/donbaraton.es\/en\/p\/pocket-spring-mattress-silenso\/","url":"https:\/\/donbaraton.es\/en\/p\/pocket-spring-mattress-silenso\/","name":"Pocket Spring Mattress, 25 cm Thick - Silenso - Don Baraton: tienda de sof\u00e1s, muebles y colchones","isPartOf":{"@id":"https:\/\/donbaraton.es\/#website"},"primaryImageOfPage":{"@id":"https:\/\/donbaraton.es\/en\/p\/pocket-spring-mattress-silenso\/#primaryimage"},"image":{"@id":"https:\/\/donbaraton.es\/en\/p\/pocket-spring-mattress-silenso\/#primaryimage"},"thumbnailUrl":"https:\/\/donbaraton.es\/wp-content\/uploads\/2019\/08\/Colchon-de-muelles-ensacados-con-altura-de-25-cm-Silenso.jpg","datePublished":"2019-08-26T23:48:36+00:00","dateModified":"2021-07-07T23:07:22+00:00","breadcrumb":{"@id":"https:\/\/donbaraton.es\/en\/p\/pocket-spring-mattress-silenso\/#breadcrumb"},"inLanguage":"en-GB","potentialAction":[{"@type":"ReadAction","target":["https:\/\/donbaraton.es\/en\/p\/pocket-spring-mattress-silenso\/"]}]},{"@type":"ImageObject","inLanguage":"en-GB","@id":"https:\/\/donbaraton.es\/en\/p\/pocket-spring-mattress-silenso\/#primaryimage","url":"https:\/\/donbaraton.es\/wp-content\/uploads\/2019\/08\/Colchon-de-muelles-ensacados-con-altura-de-25-cm-Silenso.jpg","contentUrl":"https:\/\/donbaraton.es\/wp-content\/uploads\/2019\/08\/Colchon-de-muelles-ensacados-con-altura-de-25-cm-Silenso.jpg","width":1000,"height":750,"caption":"Pocket Spring Mattress, 25 cm Thick - Silenso"},{"@type":"BreadcrumbList","@id":"https:\/\/donbaraton.es\/en\/p\/pocket-spring-mattress-silenso\/#breadcrumb","itemListElement":[{"@type":"ListItem","position":1,"name":"Portada","item":"https:\/\/donbaraton.es\/en\/"},{"@type":"ListItem","position":2,"name":"Online Shop","item":"https:\/\/donbaraton.es\/en\/shop\/"},{"@type":"ListItem","position":3,"name":"Pocket Spring Mattress, 25 cm Thick &#8211; Silenso"}]},{"@type":"WebSite","@id":"https:\/\/donbaraton.es\/#website","url":"https:\/\/donbaraton.es\/","name":"Don Baraton: tienda de sof\u00e1s, muebles y colchones","description":"Sofas baratos desde el almac\u00e9n en Almorad\u00ed, Alicante","publisher":{"@id":"https:\/\/donbaraton.es\/#organization"},"potentialAction":[{"@type":"SearchAction","target":{"@type":"EntryPoint","urlTemplate":"https:\/\/donbaraton.es\/?s={search_term_string}"},"query-input":{"@type":"PropertyValueSpecification","valueRequired":true,"valueName":"search_term_string"}}],"inLanguage":"en-GB"},{"@type":"Organization","@id":"https:\/\/donbaraton.es\/#organization","name":"Don Baraton","url":"https:\/\/donbaraton.es\/","logo":{"@type":"ImageObject","inLanguage":"en-GB","@id":"https:\/\/donbaraton.es\/#\/schema\/logo\/image\/","url":"https:\/\/i0.wp.com\/donbaraton.es\/wp-content\/uploads\/2016\/11\/logo_don_baraton.png?fit=228%2C110&ssl=1","contentUrl":"https:\/\/i0.wp.com\/donbaraton.es\/wp-content\/uploads\/2016\/11\/logo_don_baraton.png?fit=228%2C110&ssl=1","width":228,"height":110,"caption":"Don Baraton"},"image":{"@id":"https:\/\/donbaraton.es\/#\/schema\/logo\/image\/"},"sameAs":["https:\/\/www.facebook.com\/donbaraton.es","https:\/\/x.com\/don_baraton","https:\/\/www.instagram.com\/donbaraton.es","https:\/\/www.linkedin.com\/company\/donbaraton\/","https:\/\/es.pinterest.com\/donbaraton\/","https:\/\/www.youtube.com\/channel\/UCL02HOwx-F759Jq5MedAZfQ"]}]}},"_links":{"self":[{"href":"https:\/\/donbaraton.es\/en\/wp-json\/wp\/v2\/product\/18995","targetHints":{"allow":["GET"]}}],"collection":[{"href":"https:\/\/donbaraton.es\/en\/wp-json\/wp\/v2\/product"}],"about":[{"href":"https:\/\/donbaraton.es\/en\/wp-json\/wp\/v2\/types\/product"}],"replies":[{"embeddable":true,"href":"https:\/\/donbaraton.es\/en\/wp-json\/wp\/v2\/comments?post=18995"}],"wp:featuredmedia":[{"embeddable":true,"href":"https:\/\/donbaraton.es\/en\/wp-json\/wp\/v2\/media\/33230"}],"wp:attachment":[{"href":"https:\/\/donbaraton.es\/en\/wp-json\/wp\/v2\/media?parent=18995"}],"wp:term":[{"taxonomy":"product_brand","embeddable":true,"href":"https:\/\/donbaraton.es\/en\/wp-json\/wp\/v2\/product_brand?post=18995"},{"taxonomy":"product_cat","embeddable":true,"href":"https:\/\/donbaraton.es\/en\/wp-json\/wp\/v2\/product_cat?post=18995"},{"taxonomy":"product_tag","embeddable":true,"href":"https:\/\/donbaraton.es\/en\/wp-json\/wp\/v2\/product_tag?post=18995"}],"curies":[{"name":"wp","href":"https:\/\/api.w.org\/{rel}","templated":true}]}}