{"id":19595,"date":"2019-09-08T20:02:07","date_gmt":"2019-09-08T18:02:07","guid":{"rendered":"https:\/\/donbaraton.es\/p\/childrens-bunk-bed-wardrobe-3-drawers-ladder-luddo\/"},"modified":"2019-12-09T13:32:36","modified_gmt":"2019-12-09T12:32:36","slug":"childrens-bunk-bed-wardrobe-3-drawers-ladder-luddo","status":"publish","type":"product","link":"https:\/\/donbaraton.es\/en\/p\/childrens-bunk-bed-wardrobe-3-drawers-ladder-luddo\/","title":{"rendered":"Children&#8217;s Bunk Bed with Wardrobe, 3 Drawers, Ladder &#8211; Luddo"},"content":{"rendered":"<p><strong>Children&#8217;s Bunk Bed with Wardrobe, Three Drawers and Ladder &#8211; Luddo<\/strong><\/p>\n<p>With this <strong>single over single bunk bed<\/strong> for children you will have two beds, even in a small bedroom.<\/p>\n<p>Three <strong>drawers and a wardrobe<\/strong> will help your kids keep their toys, clothes and shoes in order.<\/p>\n<p>The easy to use <strong>ladder<\/strong> to get to the upper bed has rounded corners and is fixed to bed.<\/p>\n<p>The <strong>upper bed<\/strong> is perfect for the older kids, as it is a bit longer (190 cm) than the lower bed (which is 180 cm long).<\/p>\n<p>This bunk bed is available in neutral <strong>light grey colour<\/strong> with an option to choose any of the four colours for the drawers&#8217; fronts (in any combination) &#8211; <strong>pink, blue, green and grey. <\/strong>You can make a <strong>bed for girls<\/strong> with pink, a <strong>bed for boys<\/strong> with blue or go with green or grey.<\/p>\n<p>Mattresses and bed bases are not included.<\/p>\n<p><strong>Dimensions:<\/strong> length 272,2 cm, height 145,2 cm, depth 99,5 cm<\/p>\n<p>Assembly service not included<\/p>\n","protected":false},"excerpt":{"rendered":"<ul>\n<li>Upper bed 90 x 190 cm, lower bed 90 x 180 cm<\/li>\n<li>Wardrobe storage<\/li>\n<li>3 drawers (pink, blue, green o grey colours to choose from)<\/li>\n<li>Ladder to get to the upper bed<\/li>\n<li>Wardrobe can be mounted on the left or right side<\/li>\n<li>Matching other furniture items of the Luddo line<\/li>\n<\/ul>\n<p><strong>Dimensions:<\/strong> length 272,2 cm, height 145,2 cm, depth 99,5 cm<\/p>\n","protected":false},"featured_media":19110,"comment_status":"open","ping_status":"closed","template":"","meta":{"_et_pb_use_builder":"","_et_pb_old_content":"","_et_gb_content_width":""},"product_brand":[],"product_cat":[291],"product_tag":[],"class_list":{"0":"post-19595","1":"product","2":"type-product","3":"status-publish","4":"has-post-thumbnail","6":"product_cat-children","7":"product_shipping_class-mas-de-20-kg-fabricacion-hasta-20-dias","8":"pa_material-mdf-particle-board","10":"first","11":"outofstock","12":"taxable","13":"shipping-taxable","14":"product-type-variable"},"yoast_head":"<!-- This site is optimized with the Yoast SEO plugin v27.2 - https:\/\/yoast.com\/product\/yoast-seo-wordpress\/ -->\n<title>Children&#039;s Bunk Bed with Wardrobe, 3 Drawers, Ladder - Luddo - Don Baraton: tienda de sof\u00e1s, muebles y colchones<\/title>\n<meta name=\"robots\" content=\"index, follow, max-snippet:-1, max-image-preview:large, max-video-preview:-1\" \/>\n<link rel=\"canonical\" href=\"https:\/\/donbaraton.es\/en\/p\/childrens-bunk-bed-wardrobe-3-drawers-ladder-luddo\/\" \/>\n<meta property=\"og:locale\" content=\"en_GB\" \/>\n<meta property=\"og:type\" content=\"article\" \/>\n<meta property=\"og:title\" content=\"Children&#039;s Bunk Bed with Wardrobe, 3 Drawers, Ladder - Luddo - Don Baraton: tienda de sof\u00e1s, muebles y colchones\" \/>\n<meta property=\"og:description\" content=\"Upper bed 90 x 190 cm, lower bed 90 x 180 cm  Wardrobe storage  3 drawers (pink, blue, green o grey colours to choose from)  Ladder to get to the upper bed  Wardrobe can be mounted on the left or right side  Matching other furniture items of the Luddo line  Dimensions: length 272,2 cm, height 145,2 cm, depth 99,5 cm\" \/>\n<meta property=\"og:url\" content=\"https:\/\/donbaraton.es\/en\/p\/childrens-bunk-bed-wardrobe-3-drawers-ladder-luddo\/\" \/>\n<meta property=\"og:site_name\" content=\"Don Baraton: tienda de sof\u00e1s, muebles y colchones\" \/>\n<meta property=\"article:publisher\" content=\"https:\/\/www.facebook.com\/donbaraton.es\" \/>\n<meta property=\"article:modified_time\" content=\"2019-12-09T12:32:36+00:00\" \/>\n<meta property=\"og:image\" content=\"https:\/\/i0.wp.com\/donbaraton.es\/wp-content\/uploads\/2019\/09\/Cama-tren-con-escalera-90-x-190-y-90-x-180-3-cajones-y-armario-Luddo.-Rosa-azul-verde.jpg?fit=800%2C600&ssl=1\" \/>\n\t<meta property=\"og:image:width\" content=\"800\" \/>\n\t<meta property=\"og:image:height\" content=\"600\" \/>\n\t<meta property=\"og:image:type\" content=\"image\/jpeg\" \/>\n<meta name=\"twitter:card\" content=\"summary_large_image\" \/>\n<meta name=\"twitter:site\" content=\"@don_baraton\" \/>\n<meta name=\"twitter:label1\" content=\"Estimated reading time\" \/>\n\t<meta name=\"twitter:data1\" content=\"1 minute\" \/>\n<script type=\"application\/ld+json\" class=\"yoast-schema-graph\">{\"@context\":\"https:\/\/schema.org\",\"@graph\":[{\"@type\":\"WebPage\",\"@id\":\"https:\/\/donbaraton.es\/en\/p\/childrens-bunk-bed-wardrobe-3-drawers-ladder-luddo\/\",\"url\":\"https:\/\/donbaraton.es\/en\/p\/childrens-bunk-bed-wardrobe-3-drawers-ladder-luddo\/\",\"name\":\"Children's Bunk Bed with Wardrobe, 3 Drawers, Ladder - Luddo - Don Baraton: tienda de sof\u00e1s, muebles y colchones\",\"isPartOf\":{\"@id\":\"https:\/\/donbaraton.es\/#website\"},\"primaryImageOfPage\":{\"@id\":\"https:\/\/donbaraton.es\/en\/p\/childrens-bunk-bed-wardrobe-3-drawers-ladder-luddo\/#primaryimage\"},\"image\":{\"@id\":\"https:\/\/donbaraton.es\/en\/p\/childrens-bunk-bed-wardrobe-3-drawers-ladder-luddo\/#primaryimage\"},\"thumbnailUrl\":\"https:\/\/donbaraton.es\/wp-content\/uploads\/2019\/09\/Cama-tren-con-escalera-90-x-190-y-90-x-180-3-cajones-y-armario-Luddo.-Rosa-azul-verde.jpg\",\"datePublished\":\"2019-09-08T18:02:07+00:00\",\"dateModified\":\"2019-12-09T12:32:36+00:00\",\"breadcrumb\":{\"@id\":\"https:\/\/donbaraton.es\/en\/p\/childrens-bunk-bed-wardrobe-3-drawers-ladder-luddo\/#breadcrumb\"},\"inLanguage\":\"en-GB\",\"potentialAction\":[{\"@type\":\"ReadAction\",\"target\":[\"https:\/\/donbaraton.es\/en\/p\/childrens-bunk-bed-wardrobe-3-drawers-ladder-luddo\/\"]}]},{\"@type\":\"ImageObject\",\"inLanguage\":\"en-GB\",\"@id\":\"https:\/\/donbaraton.es\/en\/p\/childrens-bunk-bed-wardrobe-3-drawers-ladder-luddo\/#primaryimage\",\"url\":\"https:\/\/donbaraton.es\/wp-content\/uploads\/2019\/09\/Cama-tren-con-escalera-90-x-190-y-90-x-180-3-cajones-y-armario-Luddo.-Rosa-azul-verde.jpg\",\"contentUrl\":\"https:\/\/donbaraton.es\/wp-content\/uploads\/2019\/09\/Cama-tren-con-escalera-90-x-190-y-90-x-180-3-cajones-y-armario-Luddo.-Rosa-azul-verde.jpg\",\"width\":800,\"height\":600,\"caption\":\"Children's Bunk Bed (90 x 190, 90 x 180 cm) with Wardrobe, 3 Drawers, Ladder - Luddo\"},{\"@type\":\"BreadcrumbList\",\"@id\":\"https:\/\/donbaraton.es\/en\/p\/childrens-bunk-bed-wardrobe-3-drawers-ladder-luddo\/#breadcrumb\",\"itemListElement\":[{\"@type\":\"ListItem\",\"position\":1,\"name\":\"Portada\",\"item\":\"https:\/\/donbaraton.es\/en\/\"},{\"@type\":\"ListItem\",\"position\":2,\"name\":\"Online Shop\",\"item\":\"https:\/\/donbaraton.es\/en\/shop\/\"},{\"@type\":\"ListItem\",\"position\":3,\"name\":\"Children&#8217;s Bunk Bed with Wardrobe, 3 Drawers, Ladder &#8211; Luddo\"}]},{\"@type\":\"WebSite\",\"@id\":\"https:\/\/donbaraton.es\/#website\",\"url\":\"https:\/\/donbaraton.es\/\",\"name\":\"Don Baraton: tienda de sof\u00e1s, muebles y colchones\",\"description\":\"Sofas baratos desde el almac\u00e9n en Almorad\u00ed, Alicante\",\"publisher\":{\"@id\":\"https:\/\/donbaraton.es\/#organization\"},\"potentialAction\":[{\"@type\":\"SearchAction\",\"target\":{\"@type\":\"EntryPoint\",\"urlTemplate\":\"https:\/\/donbaraton.es\/?s={search_term_string}\"},\"query-input\":{\"@type\":\"PropertyValueSpecification\",\"valueRequired\":true,\"valueName\":\"search_term_string\"}}],\"inLanguage\":\"en-GB\"},{\"@type\":\"Organization\",\"@id\":\"https:\/\/donbaraton.es\/#organization\",\"name\":\"Don Baraton\",\"url\":\"https:\/\/donbaraton.es\/\",\"logo\":{\"@type\":\"ImageObject\",\"inLanguage\":\"en-GB\",\"@id\":\"https:\/\/donbaraton.es\/#\/schema\/logo\/image\/\",\"url\":\"https:\/\/i0.wp.com\/donbaraton.es\/wp-content\/uploads\/2016\/11\/logo_don_baraton.png?fit=228%2C110&ssl=1\",\"contentUrl\":\"https:\/\/i0.wp.com\/donbaraton.es\/wp-content\/uploads\/2016\/11\/logo_don_baraton.png?fit=228%2C110&ssl=1\",\"width\":228,\"height\":110,\"caption\":\"Don Baraton\"},\"image\":{\"@id\":\"https:\/\/donbaraton.es\/#\/schema\/logo\/image\/\"},\"sameAs\":[\"https:\/\/www.facebook.com\/donbaraton.es\",\"https:\/\/x.com\/don_baraton\",\"https:\/\/www.instagram.com\/donbaraton.es\",\"https:\/\/www.linkedin.com\/company\/donbaraton\/\",\"https:\/\/es.pinterest.com\/donbaraton\/\",\"https:\/\/www.youtube.com\/channel\/UCL02HOwx-F759Jq5MedAZfQ\"]}]}<\/script>\n<!-- \/ Yoast SEO plugin. -->","yoast_head_json":{"title":"Children's Bunk Bed with Wardrobe, 3 Drawers, Ladder - Luddo - Don Baraton: tienda de sof\u00e1s, muebles y colchones","robots":{"index":"index","follow":"follow","max-snippet":"max-snippet:-1","max-image-preview":"max-image-preview:large","max-video-preview":"max-video-preview:-1"},"canonical":"https:\/\/donbaraton.es\/en\/p\/childrens-bunk-bed-wardrobe-3-drawers-ladder-luddo\/","og_locale":"en_GB","og_type":"article","og_title":"Children's Bunk Bed with Wardrobe, 3 Drawers, Ladder - Luddo - Don Baraton: tienda de sof\u00e1s, muebles y colchones","og_description":"Upper bed 90 x 190 cm, lower bed 90 x 180 cm  Wardrobe storage  3 drawers (pink, blue, green o grey colours to choose from)  Ladder to get to the upper bed  Wardrobe can be mounted on the left or right side  Matching other furniture items of the Luddo line  Dimensions: length 272,2 cm, height 145,2 cm, depth 99,5 cm","og_url":"https:\/\/donbaraton.es\/en\/p\/childrens-bunk-bed-wardrobe-3-drawers-ladder-luddo\/","og_site_name":"Don Baraton: tienda de sof\u00e1s, muebles y colchones","article_publisher":"https:\/\/www.facebook.com\/donbaraton.es","article_modified_time":"2019-12-09T12:32:36+00:00","og_image":[{"width":800,"height":600,"url":"https:\/\/i0.wp.com\/donbaraton.es\/wp-content\/uploads\/2019\/09\/Cama-tren-con-escalera-90-x-190-y-90-x-180-3-cajones-y-armario-Luddo.-Rosa-azul-verde.jpg?fit=800%2C600&ssl=1","type":"image\/jpeg"}],"twitter_card":"summary_large_image","twitter_site":"@don_baraton","twitter_misc":{"Estimated reading time":"1 minute"},"schema":{"@context":"https:\/\/schema.org","@graph":[{"@type":"WebPage","@id":"https:\/\/donbaraton.es\/en\/p\/childrens-bunk-bed-wardrobe-3-drawers-ladder-luddo\/","url":"https:\/\/donbaraton.es\/en\/p\/childrens-bunk-bed-wardrobe-3-drawers-ladder-luddo\/","name":"Children's Bunk Bed with Wardrobe, 3 Drawers, Ladder - Luddo - Don Baraton: tienda de sof\u00e1s, muebles y colchones","isPartOf":{"@id":"https:\/\/donbaraton.es\/#website"},"primaryImageOfPage":{"@id":"https:\/\/donbaraton.es\/en\/p\/childrens-bunk-bed-wardrobe-3-drawers-ladder-luddo\/#primaryimage"},"image":{"@id":"https:\/\/donbaraton.es\/en\/p\/childrens-bunk-bed-wardrobe-3-drawers-ladder-luddo\/#primaryimage"},"thumbnailUrl":"https:\/\/donbaraton.es\/wp-content\/uploads\/2019\/09\/Cama-tren-con-escalera-90-x-190-y-90-x-180-3-cajones-y-armario-Luddo.-Rosa-azul-verde.jpg","datePublished":"2019-09-08T18:02:07+00:00","dateModified":"2019-12-09T12:32:36+00:00","breadcrumb":{"@id":"https:\/\/donbaraton.es\/en\/p\/childrens-bunk-bed-wardrobe-3-drawers-ladder-luddo\/#breadcrumb"},"inLanguage":"en-GB","potentialAction":[{"@type":"ReadAction","target":["https:\/\/donbaraton.es\/en\/p\/childrens-bunk-bed-wardrobe-3-drawers-ladder-luddo\/"]}]},{"@type":"ImageObject","inLanguage":"en-GB","@id":"https:\/\/donbaraton.es\/en\/p\/childrens-bunk-bed-wardrobe-3-drawers-ladder-luddo\/#primaryimage","url":"https:\/\/donbaraton.es\/wp-content\/uploads\/2019\/09\/Cama-tren-con-escalera-90-x-190-y-90-x-180-3-cajones-y-armario-Luddo.-Rosa-azul-verde.jpg","contentUrl":"https:\/\/donbaraton.es\/wp-content\/uploads\/2019\/09\/Cama-tren-con-escalera-90-x-190-y-90-x-180-3-cajones-y-armario-Luddo.-Rosa-azul-verde.jpg","width":800,"height":600,"caption":"Children's Bunk Bed (90 x 190, 90 x 180 cm) with Wardrobe, 3 Drawers, Ladder - Luddo"},{"@type":"BreadcrumbList","@id":"https:\/\/donbaraton.es\/en\/p\/childrens-bunk-bed-wardrobe-3-drawers-ladder-luddo\/#breadcrumb","itemListElement":[{"@type":"ListItem","position":1,"name":"Portada","item":"https:\/\/donbaraton.es\/en\/"},{"@type":"ListItem","position":2,"name":"Online Shop","item":"https:\/\/donbaraton.es\/en\/shop\/"},{"@type":"ListItem","position":3,"name":"Children&#8217;s Bunk Bed with Wardrobe, 3 Drawers, Ladder &#8211; Luddo"}]},{"@type":"WebSite","@id":"https:\/\/donbaraton.es\/#website","url":"https:\/\/donbaraton.es\/","name":"Don Baraton: tienda de sof\u00e1s, muebles y colchones","description":"Sofas baratos desde el almac\u00e9n en Almorad\u00ed, Alicante","publisher":{"@id":"https:\/\/donbaraton.es\/#organization"},"potentialAction":[{"@type":"SearchAction","target":{"@type":"EntryPoint","urlTemplate":"https:\/\/donbaraton.es\/?s={search_term_string}"},"query-input":{"@type":"PropertyValueSpecification","valueRequired":true,"valueName":"search_term_string"}}],"inLanguage":"en-GB"},{"@type":"Organization","@id":"https:\/\/donbaraton.es\/#organization","name":"Don Baraton","url":"https:\/\/donbaraton.es\/","logo":{"@type":"ImageObject","inLanguage":"en-GB","@id":"https:\/\/donbaraton.es\/#\/schema\/logo\/image\/","url":"https:\/\/i0.wp.com\/donbaraton.es\/wp-content\/uploads\/2016\/11\/logo_don_baraton.png?fit=228%2C110&ssl=1","contentUrl":"https:\/\/i0.wp.com\/donbaraton.es\/wp-content\/uploads\/2016\/11\/logo_don_baraton.png?fit=228%2C110&ssl=1","width":228,"height":110,"caption":"Don Baraton"},"image":{"@id":"https:\/\/donbaraton.es\/#\/schema\/logo\/image\/"},"sameAs":["https:\/\/www.facebook.com\/donbaraton.es","https:\/\/x.com\/don_baraton","https:\/\/www.instagram.com\/donbaraton.es","https:\/\/www.linkedin.com\/company\/donbaraton\/","https:\/\/es.pinterest.com\/donbaraton\/","https:\/\/www.youtube.com\/channel\/UCL02HOwx-F759Jq5MedAZfQ"]}]}},"_links":{"self":[{"href":"https:\/\/donbaraton.es\/en\/wp-json\/wp\/v2\/product\/19595","targetHints":{"allow":["GET"]}}],"collection":[{"href":"https:\/\/donbaraton.es\/en\/wp-json\/wp\/v2\/product"}],"about":[{"href":"https:\/\/donbaraton.es\/en\/wp-json\/wp\/v2\/types\/product"}],"replies":[{"embeddable":true,"href":"https:\/\/donbaraton.es\/en\/wp-json\/wp\/v2\/comments?post=19595"}],"wp:featuredmedia":[{"embeddable":true,"href":"https:\/\/donbaraton.es\/en\/wp-json\/wp\/v2\/media\/19110"}],"wp:attachment":[{"href":"https:\/\/donbaraton.es\/en\/wp-json\/wp\/v2\/media?parent=19595"}],"wp:term":[{"taxonomy":"product_brand","embeddable":true,"href":"https:\/\/donbaraton.es\/en\/wp-json\/wp\/v2\/product_brand?post=19595"},{"taxonomy":"product_cat","embeddable":true,"href":"https:\/\/donbaraton.es\/en\/wp-json\/wp\/v2\/product_cat?post=19595"},{"taxonomy":"product_tag","embeddable":true,"href":"https:\/\/donbaraton.es\/en\/wp-json\/wp\/v2\/product_tag?post=19595"}],"curies":[{"name":"wp","href":"https:\/\/api.w.org\/{rel}","templated":true}]}}