{"id":19618,"date":"2019-09-09T01:27:33","date_gmt":"2019-09-08T23:27:33","guid":{"rendered":"https:\/\/donbaraton.es\/p\/kids-bunk-bed-3-drawers-ladder-luddo\/"},"modified":"2020-12-09T22:13:48","modified_gmt":"2020-12-09T21:13:48","slug":"kids-bunk-bed-3-drawers-ladder-luddo","status":"publish","type":"product","link":"https:\/\/donbaraton.es\/en\/p\/kids-bunk-bed-3-drawers-ladder-luddo\/","title":{"rendered":"Kids&#8217; Bunk Bed with 3 Drawers and Ladder &#8211; Luddo"},"content":{"rendered":"<p><strong>Kids&#8217; Bunk Bed with Three Drawers and Ladder &#8211; Luddo<\/strong><\/p>\n<p>This <strong>bunk bed<\/strong> for kids that can fit in a <strong>very small bedroom<\/strong>. You only need 203.4 cm available. Two beds instead of one!<\/p>\n<p>Three\u00a0<strong>drawers<\/strong>\u00a0will help your kids keep their toys, clothes and shoes in order.<\/p>\n<p>The easy to use\u00a0<strong>ladder<\/strong> to get to the upper bed has rounded corners and is fixed to bed. The ladder can be mounted on the left or right side of the bed depending on your preferences.<\/p>\n<p>The two beds (upper and lower) have the same size of 90 x 190 cm. The upper bed has a base, you only need to choose and buy a mattress. The lower bed also requires a slatted or flat base (sold separately).<\/p>\n<p>This bunk bed is available in neutral\u00a0<strong>light grey colour<\/strong>\u00a0with an option to choose any of the four colours for the drawers\u2019 fronts (in any combination) \u2013\u00a0<strong>pink, blue, green and grey.\u00a0<\/strong>You can make a\u00a0<strong>bed for girls<\/strong>\u00a0with pink, a\u00a0<strong>bed for boys<\/strong>\u00a0with blue or go with green or grey.<\/p>\n<p><strong>Dimensions:<\/strong> length 203.2 cm, height 145.2 cm, depth 100.6 cm<\/p>\n<p>Bed base for the lower bed is not included.<\/p>\n<p>Mattresses are not included<\/p>\n<p>Assembly service is not included<\/p>\n","protected":false},"excerpt":{"rendered":"<ul>\n<li>2 single beds 90 x 190 cm<\/li>\n<li>3 drawers<\/li>\n<li>Ladder to mount on the left or right side<\/li>\n<li>Perfect for small bedrooms<\/li>\n<li>Matching other furniture of the Luddo series<\/li>\n<\/ul>\n<p><strong>Dimensions:<\/strong> length 203.2 cm, height 145.2 cm, depth 100.6<\/p>\n","protected":false},"featured_media":19134,"comment_status":"open","ping_status":"closed","template":"","meta":{"_et_pb_use_builder":"","_et_pb_old_content":"","_et_gb_content_width":""},"product_brand":[],"product_cat":[291],"product_tag":[],"class_list":{"0":"post-19618","1":"product","2":"type-product","3":"status-publish","4":"has-post-thumbnail","6":"product_cat-children","7":"product_shipping_class-articulos-pesado-manufacturing-up-to-10-days","8":"pa_material-mdf-particle-board","10":"first","11":"outofstock","12":"taxable","13":"shipping-taxable","14":"purchasable","15":"product-type-variable"},"yoast_head":"<!-- This site is optimized with the Yoast SEO plugin v27.5 - https:\/\/yoast.com\/product\/yoast-seo-wordpress\/ -->\n<title>Kids&#039; Bunk Bed with 3 Drawers and Ladder - Luddo - Don Baraton: tienda de sof\u00e1s, muebles y colchones<\/title>\n<meta name=\"robots\" content=\"index, follow, max-snippet:-1, max-image-preview:large, max-video-preview:-1\" \/>\n<link rel=\"canonical\" href=\"https:\/\/donbaraton.es\/en\/p\/kids-bunk-bed-3-drawers-ladder-luddo\/\" \/>\n<meta property=\"og:locale\" content=\"en_GB\" \/>\n<meta property=\"og:type\" content=\"article\" \/>\n<meta property=\"og:title\" content=\"Kids&#039; Bunk Bed with 3 Drawers and Ladder - Luddo - Don Baraton: tienda de sof\u00e1s, muebles y colchones\" \/>\n<meta property=\"og:description\" content=\"2 single beds 90 x 190 cm  3 drawers  Ladder to mount on the left or right side  Perfect for small bedrooms  Matching other furniture of the Luddo series  Dimensions: length 203.2 cm, height 145.2 cm, depth 100.6\" \/>\n<meta property=\"og:url\" content=\"https:\/\/donbaraton.es\/en\/p\/kids-bunk-bed-3-drawers-ladder-luddo\/\" \/>\n<meta property=\"og:site_name\" content=\"Don Baraton: tienda de sof\u00e1s, muebles y colchones\" \/>\n<meta property=\"article:publisher\" content=\"https:\/\/www.facebook.com\/donbaraton.es\" \/>\n<meta property=\"article:modified_time\" content=\"2020-12-09T21:13:48+00:00\" \/>\n<meta property=\"og:image\" content=\"https:\/\/i2.wp.com\/donbaraton.es\/wp-content\/uploads\/2019\/09\/Cama-litera-juvenil-con-3-cajones-y-escalera-Luddo.-Cajones-color-rosa.jpg?fit=777%2C583&ssl=1\" \/>\n\t<meta property=\"og:image:width\" content=\"777\" \/>\n\t<meta property=\"og:image:height\" content=\"583\" \/>\n\t<meta property=\"og:image:type\" content=\"image\/jpeg\" \/>\n<meta name=\"twitter:card\" content=\"summary_large_image\" \/>\n<meta name=\"twitter:site\" content=\"@don_baraton\" \/>\n<meta name=\"twitter:label1\" content=\"Estimated reading time\" \/>\n\t<meta name=\"twitter:data1\" content=\"1 minute\" \/>\n<script type=\"application\/ld+json\" class=\"yoast-schema-graph\">{\"@context\":\"https:\\\/\\\/schema.org\",\"@graph\":[{\"@type\":\"WebPage\",\"@id\":\"https:\\\/\\\/donbaraton.es\\\/en\\\/p\\\/kids-bunk-bed-3-drawers-ladder-luddo\\\/\",\"url\":\"https:\\\/\\\/donbaraton.es\\\/en\\\/p\\\/kids-bunk-bed-3-drawers-ladder-luddo\\\/\",\"name\":\"Kids' Bunk Bed with 3 Drawers and Ladder - Luddo - Don Baraton: tienda de sof\u00e1s, muebles y colchones\",\"isPartOf\":{\"@id\":\"https:\\\/\\\/donbaraton.es\\\/#website\"},\"primaryImageOfPage\":{\"@id\":\"https:\\\/\\\/donbaraton.es\\\/en\\\/p\\\/kids-bunk-bed-3-drawers-ladder-luddo\\\/#primaryimage\"},\"image\":{\"@id\":\"https:\\\/\\\/donbaraton.es\\\/en\\\/p\\\/kids-bunk-bed-3-drawers-ladder-luddo\\\/#primaryimage\"},\"thumbnailUrl\":\"https:\\\/\\\/donbaraton.es\\\/wp-content\\\/uploads\\\/2019\\\/09\\\/Cama-litera-juvenil-con-3-cajones-y-escalera-Luddo.-Cajones-color-rosa.jpg\",\"datePublished\":\"2019-09-08T23:27:33+00:00\",\"dateModified\":\"2020-12-09T21:13:48+00:00\",\"breadcrumb\":{\"@id\":\"https:\\\/\\\/donbaraton.es\\\/en\\\/p\\\/kids-bunk-bed-3-drawers-ladder-luddo\\\/#breadcrumb\"},\"inLanguage\":\"en-GB\",\"potentialAction\":[{\"@type\":\"ReadAction\",\"target\":[\"https:\\\/\\\/donbaraton.es\\\/en\\\/p\\\/kids-bunk-bed-3-drawers-ladder-luddo\\\/\"]}]},{\"@type\":\"ImageObject\",\"inLanguage\":\"en-GB\",\"@id\":\"https:\\\/\\\/donbaraton.es\\\/en\\\/p\\\/kids-bunk-bed-3-drawers-ladder-luddo\\\/#primaryimage\",\"url\":\"https:\\\/\\\/donbaraton.es\\\/wp-content\\\/uploads\\\/2019\\\/09\\\/Cama-litera-juvenil-con-3-cajones-y-escalera-Luddo.-Cajones-color-rosa.jpg\",\"contentUrl\":\"https:\\\/\\\/donbaraton.es\\\/wp-content\\\/uploads\\\/2019\\\/09\\\/Cama-litera-juvenil-con-3-cajones-y-escalera-Luddo.-Cajones-color-rosa.jpg\",\"width\":777,\"height\":583,\"caption\":\"Kids' Bunk Bed with 3 Drawers and Ladder - Luddo. Pink Drawers\"},{\"@type\":\"BreadcrumbList\",\"@id\":\"https:\\\/\\\/donbaraton.es\\\/en\\\/p\\\/kids-bunk-bed-3-drawers-ladder-luddo\\\/#breadcrumb\",\"itemListElement\":[{\"@type\":\"ListItem\",\"position\":1,\"name\":\"Portada\",\"item\":\"https:\\\/\\\/donbaraton.es\\\/en\\\/\"},{\"@type\":\"ListItem\",\"position\":2,\"name\":\"Online Shop\",\"item\":\"https:\\\/\\\/donbaraton.es\\\/en\\\/shop\\\/\"},{\"@type\":\"ListItem\",\"position\":3,\"name\":\"Kids&#8217; Bunk Bed with 3 Drawers and Ladder &#8211; Luddo\"}]},{\"@type\":\"WebSite\",\"@id\":\"https:\\\/\\\/donbaraton.es\\\/#website\",\"url\":\"https:\\\/\\\/donbaraton.es\\\/\",\"name\":\"Don Baraton: tienda de sof\u00e1s, muebles y colchones\",\"description\":\"Sofas baratos desde el almac\u00e9n en Almorad\u00ed, Alicante\",\"publisher\":{\"@id\":\"https:\\\/\\\/donbaraton.es\\\/#organization\"},\"potentialAction\":[{\"@type\":\"SearchAction\",\"target\":{\"@type\":\"EntryPoint\",\"urlTemplate\":\"https:\\\/\\\/donbaraton.es\\\/?s={search_term_string}\"},\"query-input\":{\"@type\":\"PropertyValueSpecification\",\"valueRequired\":true,\"valueName\":\"search_term_string\"}}],\"inLanguage\":\"en-GB\"},{\"@type\":\"Organization\",\"@id\":\"https:\\\/\\\/donbaraton.es\\\/#organization\",\"name\":\"Don Baraton\",\"url\":\"https:\\\/\\\/donbaraton.es\\\/\",\"logo\":{\"@type\":\"ImageObject\",\"inLanguage\":\"en-GB\",\"@id\":\"https:\\\/\\\/donbaraton.es\\\/#\\\/schema\\\/logo\\\/image\\\/\",\"url\":\"https:\\\/\\\/i0.wp.com\\\/donbaraton.es\\\/wp-content\\\/uploads\\\/2016\\\/11\\\/logo_don_baraton.png?fit=228%2C110&ssl=1\",\"contentUrl\":\"https:\\\/\\\/i0.wp.com\\\/donbaraton.es\\\/wp-content\\\/uploads\\\/2016\\\/11\\\/logo_don_baraton.png?fit=228%2C110&ssl=1\",\"width\":228,\"height\":110,\"caption\":\"Don Baraton\"},\"image\":{\"@id\":\"https:\\\/\\\/donbaraton.es\\\/#\\\/schema\\\/logo\\\/image\\\/\"},\"sameAs\":[\"https:\\\/\\\/www.facebook.com\\\/donbaraton.es\",\"https:\\\/\\\/x.com\\\/don_baraton\",\"https:\\\/\\\/www.instagram.com\\\/donbaraton.es\",\"https:\\\/\\\/www.linkedin.com\\\/company\\\/donbaraton\\\/\",\"https:\\\/\\\/es.pinterest.com\\\/donbaraton\\\/\",\"https:\\\/\\\/www.youtube.com\\\/channel\\\/UCL02HOwx-F759Jq5MedAZfQ\"]}]}<\/script>\n<!-- \/ Yoast SEO plugin. -->","yoast_head_json":{"title":"Kids' Bunk Bed with 3 Drawers and Ladder - Luddo - Don Baraton: tienda de sof\u00e1s, muebles y colchones","robots":{"index":"index","follow":"follow","max-snippet":"max-snippet:-1","max-image-preview":"max-image-preview:large","max-video-preview":"max-video-preview:-1"},"canonical":"https:\/\/donbaraton.es\/en\/p\/kids-bunk-bed-3-drawers-ladder-luddo\/","og_locale":"en_GB","og_type":"article","og_title":"Kids' Bunk Bed with 3 Drawers and Ladder - Luddo - Don Baraton: tienda de sof\u00e1s, muebles y colchones","og_description":"2 single beds 90 x 190 cm  3 drawers  Ladder to mount on the left or right side  Perfect for small bedrooms  Matching other furniture of the Luddo series  Dimensions: length 203.2 cm, height 145.2 cm, depth 100.6","og_url":"https:\/\/donbaraton.es\/en\/p\/kids-bunk-bed-3-drawers-ladder-luddo\/","og_site_name":"Don Baraton: tienda de sof\u00e1s, muebles y colchones","article_publisher":"https:\/\/www.facebook.com\/donbaraton.es","article_modified_time":"2020-12-09T21:13:48+00:00","og_image":[{"width":777,"height":583,"url":"https:\/\/i2.wp.com\/donbaraton.es\/wp-content\/uploads\/2019\/09\/Cama-litera-juvenil-con-3-cajones-y-escalera-Luddo.-Cajones-color-rosa.jpg?fit=777%2C583&ssl=1","type":"image\/jpeg"}],"twitter_card":"summary_large_image","twitter_site":"@don_baraton","twitter_misc":{"Estimated reading time":"1 minute"},"schema":{"@context":"https:\/\/schema.org","@graph":[{"@type":"WebPage","@id":"https:\/\/donbaraton.es\/en\/p\/kids-bunk-bed-3-drawers-ladder-luddo\/","url":"https:\/\/donbaraton.es\/en\/p\/kids-bunk-bed-3-drawers-ladder-luddo\/","name":"Kids' Bunk Bed with 3 Drawers and Ladder - Luddo - Don Baraton: tienda de sof\u00e1s, muebles y colchones","isPartOf":{"@id":"https:\/\/donbaraton.es\/#website"},"primaryImageOfPage":{"@id":"https:\/\/donbaraton.es\/en\/p\/kids-bunk-bed-3-drawers-ladder-luddo\/#primaryimage"},"image":{"@id":"https:\/\/donbaraton.es\/en\/p\/kids-bunk-bed-3-drawers-ladder-luddo\/#primaryimage"},"thumbnailUrl":"https:\/\/donbaraton.es\/wp-content\/uploads\/2019\/09\/Cama-litera-juvenil-con-3-cajones-y-escalera-Luddo.-Cajones-color-rosa.jpg","datePublished":"2019-09-08T23:27:33+00:00","dateModified":"2020-12-09T21:13:48+00:00","breadcrumb":{"@id":"https:\/\/donbaraton.es\/en\/p\/kids-bunk-bed-3-drawers-ladder-luddo\/#breadcrumb"},"inLanguage":"en-GB","potentialAction":[{"@type":"ReadAction","target":["https:\/\/donbaraton.es\/en\/p\/kids-bunk-bed-3-drawers-ladder-luddo\/"]}]},{"@type":"ImageObject","inLanguage":"en-GB","@id":"https:\/\/donbaraton.es\/en\/p\/kids-bunk-bed-3-drawers-ladder-luddo\/#primaryimage","url":"https:\/\/donbaraton.es\/wp-content\/uploads\/2019\/09\/Cama-litera-juvenil-con-3-cajones-y-escalera-Luddo.-Cajones-color-rosa.jpg","contentUrl":"https:\/\/donbaraton.es\/wp-content\/uploads\/2019\/09\/Cama-litera-juvenil-con-3-cajones-y-escalera-Luddo.-Cajones-color-rosa.jpg","width":777,"height":583,"caption":"Kids' Bunk Bed with 3 Drawers and Ladder - Luddo. Pink Drawers"},{"@type":"BreadcrumbList","@id":"https:\/\/donbaraton.es\/en\/p\/kids-bunk-bed-3-drawers-ladder-luddo\/#breadcrumb","itemListElement":[{"@type":"ListItem","position":1,"name":"Portada","item":"https:\/\/donbaraton.es\/en\/"},{"@type":"ListItem","position":2,"name":"Online Shop","item":"https:\/\/donbaraton.es\/en\/shop\/"},{"@type":"ListItem","position":3,"name":"Kids&#8217; Bunk Bed with 3 Drawers and Ladder &#8211; Luddo"}]},{"@type":"WebSite","@id":"https:\/\/donbaraton.es\/#website","url":"https:\/\/donbaraton.es\/","name":"Don Baraton: tienda de sof\u00e1s, muebles y colchones","description":"Sofas baratos desde el almac\u00e9n en Almorad\u00ed, Alicante","publisher":{"@id":"https:\/\/donbaraton.es\/#organization"},"potentialAction":[{"@type":"SearchAction","target":{"@type":"EntryPoint","urlTemplate":"https:\/\/donbaraton.es\/?s={search_term_string}"},"query-input":{"@type":"PropertyValueSpecification","valueRequired":true,"valueName":"search_term_string"}}],"inLanguage":"en-GB"},{"@type":"Organization","@id":"https:\/\/donbaraton.es\/#organization","name":"Don Baraton","url":"https:\/\/donbaraton.es\/","logo":{"@type":"ImageObject","inLanguage":"en-GB","@id":"https:\/\/donbaraton.es\/#\/schema\/logo\/image\/","url":"https:\/\/i0.wp.com\/donbaraton.es\/wp-content\/uploads\/2016\/11\/logo_don_baraton.png?fit=228%2C110&ssl=1","contentUrl":"https:\/\/i0.wp.com\/donbaraton.es\/wp-content\/uploads\/2016\/11\/logo_don_baraton.png?fit=228%2C110&ssl=1","width":228,"height":110,"caption":"Don Baraton"},"image":{"@id":"https:\/\/donbaraton.es\/#\/schema\/logo\/image\/"},"sameAs":["https:\/\/www.facebook.com\/donbaraton.es","https:\/\/x.com\/don_baraton","https:\/\/www.instagram.com\/donbaraton.es","https:\/\/www.linkedin.com\/company\/donbaraton\/","https:\/\/es.pinterest.com\/donbaraton\/","https:\/\/www.youtube.com\/channel\/UCL02HOwx-F759Jq5MedAZfQ"]}]}},"_links":{"self":[{"href":"https:\/\/donbaraton.es\/en\/wp-json\/wp\/v2\/product\/19618","targetHints":{"allow":["GET"]}}],"collection":[{"href":"https:\/\/donbaraton.es\/en\/wp-json\/wp\/v2\/product"}],"about":[{"href":"https:\/\/donbaraton.es\/en\/wp-json\/wp\/v2\/types\/product"}],"replies":[{"embeddable":true,"href":"https:\/\/donbaraton.es\/en\/wp-json\/wp\/v2\/comments?post=19618"}],"wp:featuredmedia":[{"embeddable":true,"href":"https:\/\/donbaraton.es\/en\/wp-json\/wp\/v2\/media\/19134"}],"wp:attachment":[{"href":"https:\/\/donbaraton.es\/en\/wp-json\/wp\/v2\/media?parent=19618"}],"wp:term":[{"taxonomy":"product_brand","embeddable":true,"href":"https:\/\/donbaraton.es\/en\/wp-json\/wp\/v2\/product_brand?post=19618"},{"taxonomy":"product_cat","embeddable":true,"href":"https:\/\/donbaraton.es\/en\/wp-json\/wp\/v2\/product_cat?post=19618"},{"taxonomy":"product_tag","embeddable":true,"href":"https:\/\/donbaraton.es\/en\/wp-json\/wp\/v2\/product_tag?post=19618"}],"curies":[{"name":"wp","href":"https:\/\/api.w.org\/{rel}","templated":true}]}}