{"id":19635,"date":"2019-09-10T14:57:40","date_gmt":"2019-09-10T12:57:40","guid":{"rendered":"https:\/\/donbaraton.es\/p\/long-2-drawer-desk-for-children-220-50-cm-luddo\/"},"modified":"2021-01-13T20:58:22","modified_gmt":"2021-01-13T19:58:22","slug":"long-2-drawer-desk-for-children-220-50-cm-luddo","status":"publish","type":"product","link":"https:\/\/donbaraton.es\/en\/p\/long-2-drawer-desk-for-children-220-50-cm-luddo\/","title":{"rendered":"Long 2 Drawer Desk for Children, 220 x 50 cm &#8211; Luddo"},"content":{"rendered":"<p><strong>Long 2 Drawer Desk for Children, 220 x 50 cm &#8211; Luddo<\/strong><\/p>\n<p>A long computer desk where your kids can keep all they need to study and play.<\/p>\n<p>The main <strong>colour<\/strong> of this furniture item is <strong>neutral light grey<\/strong> but you can play with the colours of the drawers fronts! Two pink drawers and you have a <strong>desk for girls<\/strong>, two blue fronts and, voila, you have a <strong>desk for boys! <\/strong>We also have grey and green. All of those can all be combined to form the combinations you kids will love.<\/p>\n<p><strong>Two drawers and an open display shelf<\/strong> under the top provide storage space for stationery items, toys, books and gadgets.<\/p>\n<p>This desk <strong>matches other furniture items of the Luddo line<\/strong> for children &#8211; beds, headboards, wardrobes and shelves. You can furnish the entire room in no time!<\/p>\n<p><strong>Dimensions:<\/strong> length 220 cm, depth 50 cm, height 77 cm<\/p>\n<p>Assembly service not included<\/p>\n","protected":false},"excerpt":{"rendered":"<ul>\n<li>Longer than most desks<\/li>\n<li>2 drawers<\/li>\n<li>One L-shaped leg<\/li>\n<li>4 drawers&#8217;s colours to choose: pink, blue, grey and green<\/li>\n<li>Matching other children&#8217;s furniture of the Luddo range<\/li>\n<\/ul>\n<p><strong>Dimensions:<\/strong> length 220 cm, depth 50 cm, height 77 cm<\/p>\n","protected":false},"featured_media":19223,"comment_status":"open","ping_status":"closed","template":"","meta":{"_et_pb_use_builder":"","_et_pb_old_content":"","_et_gb_content_width":""},"product_brand":[],"product_cat":[291],"product_tag":[],"class_list":{"0":"post-19635","1":"product","2":"type-product","3":"status-publish","4":"has-post-thumbnail","6":"product_cat-children","7":"product_shipping_class-articulos-pesado-manufacturing-up-to-10-days","8":"pa_material-mdf-particle-board","10":"first","11":"outofstock","12":"taxable","13":"shipping-taxable","14":"product-type-variable"},"yoast_head":"<!-- This site is optimized with the Yoast SEO plugin v27.2 - https:\/\/yoast.com\/product\/yoast-seo-wordpress\/ -->\n<title>Long 2 Drawer Desk for Children, 220 x 50 cm - Luddo - Don Baraton: tienda de sof\u00e1s, muebles y colchones<\/title>\n<meta name=\"robots\" content=\"index, follow, max-snippet:-1, max-image-preview:large, max-video-preview:-1\" \/>\n<link rel=\"canonical\" href=\"https:\/\/donbaraton.es\/en\/p\/long-2-drawer-desk-for-children-220-50-cm-luddo\/\" \/>\n<meta property=\"og:locale\" content=\"en_GB\" \/>\n<meta property=\"og:type\" content=\"article\" \/>\n<meta property=\"og:title\" content=\"Long 2 Drawer Desk for Children, 220 x 50 cm - Luddo - Don Baraton: tienda de sof\u00e1s, muebles y colchones\" \/>\n<meta property=\"og:description\" content=\"Longer than most desks  2 drawers  One L-shaped leg  4 drawers&#039;s colours to choose: pink, blue, grey and green  Matching other children&#039;s furniture of the Luddo range  Dimensions: length 220 cm, depth 50 cm, height 77 cm\" \/>\n<meta property=\"og:url\" content=\"https:\/\/donbaraton.es\/en\/p\/long-2-drawer-desk-for-children-220-50-cm-luddo\/\" \/>\n<meta property=\"og:site_name\" content=\"Don Baraton: tienda de sof\u00e1s, muebles y colchones\" \/>\n<meta property=\"article:publisher\" content=\"https:\/\/www.facebook.com\/donbaraton.es\" \/>\n<meta property=\"article:modified_time\" content=\"2021-01-13T19:58:22+00:00\" \/>\n<meta property=\"og:image\" content=\"https:\/\/i0.wp.com\/donbaraton.es\/wp-content\/uploads\/2019\/09\/Escritorio-juvenil-con-2-cajones-tapa-rectangular-220-x-50-cm-Luddo.-Cajones-verde-y-gris.jpg?fit=540%2C405&ssl=1\" \/>\n\t<meta property=\"og:image:width\" content=\"540\" \/>\n\t<meta property=\"og:image:height\" content=\"405\" \/>\n\t<meta property=\"og:image:type\" content=\"image\/jpeg\" \/>\n<meta name=\"twitter:card\" content=\"summary_large_image\" \/>\n<meta name=\"twitter:site\" content=\"@don_baraton\" \/>\n<meta name=\"twitter:label1\" content=\"Estimated reading time\" \/>\n\t<meta name=\"twitter:data1\" content=\"1 minute\" \/>\n<script type=\"application\/ld+json\" class=\"yoast-schema-graph\">{\"@context\":\"https:\/\/schema.org\",\"@graph\":[{\"@type\":\"WebPage\",\"@id\":\"https:\/\/donbaraton.es\/en\/p\/long-2-drawer-desk-for-children-220-50-cm-luddo\/\",\"url\":\"https:\/\/donbaraton.es\/en\/p\/long-2-drawer-desk-for-children-220-50-cm-luddo\/\",\"name\":\"Long 2 Drawer Desk for Children, 220 x 50 cm - Luddo - Don Baraton: tienda de sof\u00e1s, muebles y colchones\",\"isPartOf\":{\"@id\":\"https:\/\/donbaraton.es\/#website\"},\"primaryImageOfPage\":{\"@id\":\"https:\/\/donbaraton.es\/en\/p\/long-2-drawer-desk-for-children-220-50-cm-luddo\/#primaryimage\"},\"image\":{\"@id\":\"https:\/\/donbaraton.es\/en\/p\/long-2-drawer-desk-for-children-220-50-cm-luddo\/#primaryimage\"},\"thumbnailUrl\":\"https:\/\/donbaraton.es\/wp-content\/uploads\/2019\/09\/Escritorio-juvenil-con-2-cajones-tapa-rectangular-220-x-50-cm-Luddo.-Cajones-verde-y-gris.jpg\",\"datePublished\":\"2019-09-10T12:57:40+00:00\",\"dateModified\":\"2021-01-13T19:58:22+00:00\",\"breadcrumb\":{\"@id\":\"https:\/\/donbaraton.es\/en\/p\/long-2-drawer-desk-for-children-220-50-cm-luddo\/#breadcrumb\"},\"inLanguage\":\"en-GB\",\"potentialAction\":[{\"@type\":\"ReadAction\",\"target\":[\"https:\/\/donbaraton.es\/en\/p\/long-2-drawer-desk-for-children-220-50-cm-luddo\/\"]}]},{\"@type\":\"ImageObject\",\"inLanguage\":\"en-GB\",\"@id\":\"https:\/\/donbaraton.es\/en\/p\/long-2-drawer-desk-for-children-220-50-cm-luddo\/#primaryimage\",\"url\":\"https:\/\/donbaraton.es\/wp-content\/uploads\/2019\/09\/Escritorio-juvenil-con-2-cajones-tapa-rectangular-220-x-50-cm-Luddo.-Cajones-verde-y-gris.jpg\",\"contentUrl\":\"https:\/\/donbaraton.es\/wp-content\/uploads\/2019\/09\/Escritorio-juvenil-con-2-cajones-tapa-rectangular-220-x-50-cm-Luddo.-Cajones-verde-y-gris.jpg\",\"width\":540,\"height\":405,\"caption\":\"Long 2 Drawer Desk for Children, 220 x 50 cm - Luddo. Grey and Green Drawers\"},{\"@type\":\"BreadcrumbList\",\"@id\":\"https:\/\/donbaraton.es\/en\/p\/long-2-drawer-desk-for-children-220-50-cm-luddo\/#breadcrumb\",\"itemListElement\":[{\"@type\":\"ListItem\",\"position\":1,\"name\":\"Portada\",\"item\":\"https:\/\/donbaraton.es\/en\/\"},{\"@type\":\"ListItem\",\"position\":2,\"name\":\"Online Shop\",\"item\":\"https:\/\/donbaraton.es\/en\/shop\/\"},{\"@type\":\"ListItem\",\"position\":3,\"name\":\"Long 2 Drawer Desk for Children, 220 x 50 cm &#8211; Luddo\"}]},{\"@type\":\"WebSite\",\"@id\":\"https:\/\/donbaraton.es\/#website\",\"url\":\"https:\/\/donbaraton.es\/\",\"name\":\"Don Baraton: tienda de sof\u00e1s, muebles y colchones\",\"description\":\"Sofas baratos desde el almac\u00e9n en Almorad\u00ed, Alicante\",\"publisher\":{\"@id\":\"https:\/\/donbaraton.es\/#organization\"},\"potentialAction\":[{\"@type\":\"SearchAction\",\"target\":{\"@type\":\"EntryPoint\",\"urlTemplate\":\"https:\/\/donbaraton.es\/?s={search_term_string}\"},\"query-input\":{\"@type\":\"PropertyValueSpecification\",\"valueRequired\":true,\"valueName\":\"search_term_string\"}}],\"inLanguage\":\"en-GB\"},{\"@type\":\"Organization\",\"@id\":\"https:\/\/donbaraton.es\/#organization\",\"name\":\"Don Baraton\",\"url\":\"https:\/\/donbaraton.es\/\",\"logo\":{\"@type\":\"ImageObject\",\"inLanguage\":\"en-GB\",\"@id\":\"https:\/\/donbaraton.es\/#\/schema\/logo\/image\/\",\"url\":\"https:\/\/i0.wp.com\/donbaraton.es\/wp-content\/uploads\/2016\/11\/logo_don_baraton.png?fit=228%2C110&ssl=1\",\"contentUrl\":\"https:\/\/i0.wp.com\/donbaraton.es\/wp-content\/uploads\/2016\/11\/logo_don_baraton.png?fit=228%2C110&ssl=1\",\"width\":228,\"height\":110,\"caption\":\"Don Baraton\"},\"image\":{\"@id\":\"https:\/\/donbaraton.es\/#\/schema\/logo\/image\/\"},\"sameAs\":[\"https:\/\/www.facebook.com\/donbaraton.es\",\"https:\/\/x.com\/don_baraton\",\"https:\/\/www.instagram.com\/donbaraton.es\",\"https:\/\/www.linkedin.com\/company\/donbaraton\/\",\"https:\/\/es.pinterest.com\/donbaraton\/\",\"https:\/\/www.youtube.com\/channel\/UCL02HOwx-F759Jq5MedAZfQ\"]}]}<\/script>\n<!-- \/ Yoast SEO plugin. -->","yoast_head_json":{"title":"Long 2 Drawer Desk for Children, 220 x 50 cm - Luddo - Don Baraton: tienda de sof\u00e1s, muebles y colchones","robots":{"index":"index","follow":"follow","max-snippet":"max-snippet:-1","max-image-preview":"max-image-preview:large","max-video-preview":"max-video-preview:-1"},"canonical":"https:\/\/donbaraton.es\/en\/p\/long-2-drawer-desk-for-children-220-50-cm-luddo\/","og_locale":"en_GB","og_type":"article","og_title":"Long 2 Drawer Desk for Children, 220 x 50 cm - Luddo - Don Baraton: tienda de sof\u00e1s, muebles y colchones","og_description":"Longer than most desks  2 drawers  One L-shaped leg  4 drawers's colours to choose: pink, blue, grey and green  Matching other children's furniture of the Luddo range  Dimensions: length 220 cm, depth 50 cm, height 77 cm","og_url":"https:\/\/donbaraton.es\/en\/p\/long-2-drawer-desk-for-children-220-50-cm-luddo\/","og_site_name":"Don Baraton: tienda de sof\u00e1s, muebles y colchones","article_publisher":"https:\/\/www.facebook.com\/donbaraton.es","article_modified_time":"2021-01-13T19:58:22+00:00","og_image":[{"width":540,"height":405,"url":"https:\/\/i0.wp.com\/donbaraton.es\/wp-content\/uploads\/2019\/09\/Escritorio-juvenil-con-2-cajones-tapa-rectangular-220-x-50-cm-Luddo.-Cajones-verde-y-gris.jpg?fit=540%2C405&ssl=1","type":"image\/jpeg"}],"twitter_card":"summary_large_image","twitter_site":"@don_baraton","twitter_misc":{"Estimated reading time":"1 minute"},"schema":{"@context":"https:\/\/schema.org","@graph":[{"@type":"WebPage","@id":"https:\/\/donbaraton.es\/en\/p\/long-2-drawer-desk-for-children-220-50-cm-luddo\/","url":"https:\/\/donbaraton.es\/en\/p\/long-2-drawer-desk-for-children-220-50-cm-luddo\/","name":"Long 2 Drawer Desk for Children, 220 x 50 cm - Luddo - Don Baraton: tienda de sof\u00e1s, muebles y colchones","isPartOf":{"@id":"https:\/\/donbaraton.es\/#website"},"primaryImageOfPage":{"@id":"https:\/\/donbaraton.es\/en\/p\/long-2-drawer-desk-for-children-220-50-cm-luddo\/#primaryimage"},"image":{"@id":"https:\/\/donbaraton.es\/en\/p\/long-2-drawer-desk-for-children-220-50-cm-luddo\/#primaryimage"},"thumbnailUrl":"https:\/\/donbaraton.es\/wp-content\/uploads\/2019\/09\/Escritorio-juvenil-con-2-cajones-tapa-rectangular-220-x-50-cm-Luddo.-Cajones-verde-y-gris.jpg","datePublished":"2019-09-10T12:57:40+00:00","dateModified":"2021-01-13T19:58:22+00:00","breadcrumb":{"@id":"https:\/\/donbaraton.es\/en\/p\/long-2-drawer-desk-for-children-220-50-cm-luddo\/#breadcrumb"},"inLanguage":"en-GB","potentialAction":[{"@type":"ReadAction","target":["https:\/\/donbaraton.es\/en\/p\/long-2-drawer-desk-for-children-220-50-cm-luddo\/"]}]},{"@type":"ImageObject","inLanguage":"en-GB","@id":"https:\/\/donbaraton.es\/en\/p\/long-2-drawer-desk-for-children-220-50-cm-luddo\/#primaryimage","url":"https:\/\/donbaraton.es\/wp-content\/uploads\/2019\/09\/Escritorio-juvenil-con-2-cajones-tapa-rectangular-220-x-50-cm-Luddo.-Cajones-verde-y-gris.jpg","contentUrl":"https:\/\/donbaraton.es\/wp-content\/uploads\/2019\/09\/Escritorio-juvenil-con-2-cajones-tapa-rectangular-220-x-50-cm-Luddo.-Cajones-verde-y-gris.jpg","width":540,"height":405,"caption":"Long 2 Drawer Desk for Children, 220 x 50 cm - Luddo. Grey and Green Drawers"},{"@type":"BreadcrumbList","@id":"https:\/\/donbaraton.es\/en\/p\/long-2-drawer-desk-for-children-220-50-cm-luddo\/#breadcrumb","itemListElement":[{"@type":"ListItem","position":1,"name":"Portada","item":"https:\/\/donbaraton.es\/en\/"},{"@type":"ListItem","position":2,"name":"Online Shop","item":"https:\/\/donbaraton.es\/en\/shop\/"},{"@type":"ListItem","position":3,"name":"Long 2 Drawer Desk for Children, 220 x 50 cm &#8211; Luddo"}]},{"@type":"WebSite","@id":"https:\/\/donbaraton.es\/#website","url":"https:\/\/donbaraton.es\/","name":"Don Baraton: tienda de sof\u00e1s, muebles y colchones","description":"Sofas baratos desde el almac\u00e9n en Almorad\u00ed, Alicante","publisher":{"@id":"https:\/\/donbaraton.es\/#organization"},"potentialAction":[{"@type":"SearchAction","target":{"@type":"EntryPoint","urlTemplate":"https:\/\/donbaraton.es\/?s={search_term_string}"},"query-input":{"@type":"PropertyValueSpecification","valueRequired":true,"valueName":"search_term_string"}}],"inLanguage":"en-GB"},{"@type":"Organization","@id":"https:\/\/donbaraton.es\/#organization","name":"Don Baraton","url":"https:\/\/donbaraton.es\/","logo":{"@type":"ImageObject","inLanguage":"en-GB","@id":"https:\/\/donbaraton.es\/#\/schema\/logo\/image\/","url":"https:\/\/i0.wp.com\/donbaraton.es\/wp-content\/uploads\/2016\/11\/logo_don_baraton.png?fit=228%2C110&ssl=1","contentUrl":"https:\/\/i0.wp.com\/donbaraton.es\/wp-content\/uploads\/2016\/11\/logo_don_baraton.png?fit=228%2C110&ssl=1","width":228,"height":110,"caption":"Don Baraton"},"image":{"@id":"https:\/\/donbaraton.es\/#\/schema\/logo\/image\/"},"sameAs":["https:\/\/www.facebook.com\/donbaraton.es","https:\/\/x.com\/don_baraton","https:\/\/www.instagram.com\/donbaraton.es","https:\/\/www.linkedin.com\/company\/donbaraton\/","https:\/\/es.pinterest.com\/donbaraton\/","https:\/\/www.youtube.com\/channel\/UCL02HOwx-F759Jq5MedAZfQ"]}]}},"_links":{"self":[{"href":"https:\/\/donbaraton.es\/en\/wp-json\/wp\/v2\/product\/19635","targetHints":{"allow":["GET"]}}],"collection":[{"href":"https:\/\/donbaraton.es\/en\/wp-json\/wp\/v2\/product"}],"about":[{"href":"https:\/\/donbaraton.es\/en\/wp-json\/wp\/v2\/types\/product"}],"replies":[{"embeddable":true,"href":"https:\/\/donbaraton.es\/en\/wp-json\/wp\/v2\/comments?post=19635"}],"wp:featuredmedia":[{"embeddable":true,"href":"https:\/\/donbaraton.es\/en\/wp-json\/wp\/v2\/media\/19223"}],"wp:attachment":[{"href":"https:\/\/donbaraton.es\/en\/wp-json\/wp\/v2\/media?parent=19635"}],"wp:term":[{"taxonomy":"product_brand","embeddable":true,"href":"https:\/\/donbaraton.es\/en\/wp-json\/wp\/v2\/product_brand?post=19635"},{"taxonomy":"product_cat","embeddable":true,"href":"https:\/\/donbaraton.es\/en\/wp-json\/wp\/v2\/product_cat?post=19635"},{"taxonomy":"product_tag","embeddable":true,"href":"https:\/\/donbaraton.es\/en\/wp-json\/wp\/v2\/product_tag?post=19635"}],"curies":[{"name":"wp","href":"https:\/\/api.w.org\/{rel}","templated":true}]}}