{"id":19727,"date":"2019-09-12T10:58:02","date_gmt":"2019-09-12T08:58:02","guid":{"rendered":"https:\/\/donbaraton.es\/p\/wall-mounted-childrens-headboard-110-45-luddo\/"},"modified":"2019-10-03T01:27:35","modified_gmt":"2019-10-02T23:27:35","slug":"wall-mounted-childrens-headboard-110-45-luddo","status":"publish","type":"product","link":"https:\/\/donbaraton.es\/en\/p\/wall-mounted-childrens-headboard-110-45-luddo\/","title":{"rendered":"Wall Mounted Children&#8217;s Headboard, 110 x 45 cm &#8211; Luddo"},"content":{"rendered":"<p><strong>Wall Mounted Children&#8217;s Headboard, 110 x 45 cm &#8211; Luddo<\/strong><\/p>\n<p>This wall headboard will turn a basic slatted or upholstered bed base into a pretty piece of furniture your kids will love!<\/p>\n<p><strong>Rounded upper corners<\/strong> are much safer than sharp corners of many other models.<\/p>\n<p>This <strong>headboard for kids<\/strong> perfectly matches other furniture items of the Luddo range. The bedside tables, shelves, wardrobes and desks in the same style can be ordered in our shop online. You can furnish the entire room in no time at all, at affordable prices!<\/p>\n<p>The main colour of the headboard is <strong>neutral light grey,<\/strong> while the colour of the upper stripe can be <strong>pink, blue, green or darker grey. <\/strong>A great choice of colours for girls and boys!<\/p>\n<p>The surface can be easily cleaned with a wet cloth and soft detergent or soap.<\/p>\n<p><strong>Dimensions:<\/strong> width 110 cm, height 45 cm, depth 1.8 cm<\/p>\n<p>Installation service is not included<\/p>\n","protected":false},"excerpt":{"rendered":"<ul>\n<li>For children&#8217;s bed bases, 80, 90, 105 cm wide<\/li>\n<li>4 colours to choose from: pink, blue, grey and green<\/li>\n<li>Installed on a wall<\/li>\n<li>Matches other children&#8217;s furniture of the Luddo range<\/li>\n<\/ul>\n<p><strong>Dimensions:<\/strong> 110 x 45 x 1.8 cm<\/p>\n","protected":false},"featured_media":19256,"comment_status":"open","ping_status":"closed","template":"","meta":{"_et_pb_use_builder":"","_et_pb_old_content":"","_et_gb_content_width":""},"product_brand":[],"product_cat":[291],"product_tag":[],"class_list":{"0":"post-19727","1":"product","2":"type-product","3":"status-publish","4":"has-post-thumbnail","6":"product_cat-children","7":"product_shipping_class-3-20-kg-hasta-10-dias","8":"pa_material-mdf-particle-board","10":"first","11":"outofstock","12":"taxable","13":"shipping-taxable","14":"product-type-variable"},"yoast_head":"<!-- This site is optimized with the Yoast SEO plugin v27.5 - https:\/\/yoast.com\/product\/yoast-seo-wordpress\/ -->\n<title>Wall Mounted Children&#039;s Headboard, 110 x 45 cm - Luddo - Don Baraton: tienda de sof\u00e1s, muebles y colchones<\/title>\n<meta name=\"robots\" content=\"index, follow, max-snippet:-1, max-image-preview:large, max-video-preview:-1\" \/>\n<link rel=\"canonical\" href=\"https:\/\/donbaraton.es\/en\/p\/wall-mounted-childrens-headboard-110-45-luddo\/\" \/>\n<meta property=\"og:locale\" content=\"en_GB\" \/>\n<meta property=\"og:type\" content=\"article\" \/>\n<meta property=\"og:title\" content=\"Wall Mounted Children&#039;s Headboard, 110 x 45 cm - Luddo - Don Baraton: tienda de sof\u00e1s, muebles y colchones\" \/>\n<meta property=\"og:description\" content=\"For children&#039;s bed bases, 80, 90, 105 cm wide  4 colours to choose from: pink, blue, grey and green  Installed on a wall  Matches other children&#039;s furniture of the Luddo range  Dimensions: 110 x 45 x 1.8 cm\" \/>\n<meta property=\"og:url\" content=\"https:\/\/donbaraton.es\/en\/p\/wall-mounted-childrens-headboard-110-45-luddo\/\" \/>\n<meta property=\"og:site_name\" content=\"Don Baraton: tienda de sof\u00e1s, muebles y colchones\" \/>\n<meta property=\"article:publisher\" content=\"https:\/\/www.facebook.com\/donbaraton.es\" \/>\n<meta property=\"article:modified_time\" content=\"2019-10-02T23:27:35+00:00\" \/>\n<meta property=\"og:image\" content=\"https:\/\/i1.wp.com\/donbaraton.es\/wp-content\/uploads\/2019\/09\/Cabecero-juvenil-de-pared-color-azul-Luddo.jpg?fit=670%2C503&ssl=1\" \/>\n\t<meta property=\"og:image:width\" content=\"670\" \/>\n\t<meta property=\"og:image:height\" content=\"503\" \/>\n\t<meta property=\"og:image:type\" content=\"image\/jpeg\" \/>\n<meta name=\"twitter:card\" content=\"summary_large_image\" \/>\n<meta name=\"twitter:site\" content=\"@don_baraton\" \/>\n<meta name=\"twitter:label1\" content=\"Estimated reading time\" \/>\n\t<meta name=\"twitter:data1\" content=\"1 minute\" \/>\n<script type=\"application\/ld+json\" class=\"yoast-schema-graph\">{\"@context\":\"https:\\\/\\\/schema.org\",\"@graph\":[{\"@type\":\"WebPage\",\"@id\":\"https:\\\/\\\/donbaraton.es\\\/en\\\/p\\\/wall-mounted-childrens-headboard-110-45-luddo\\\/\",\"url\":\"https:\\\/\\\/donbaraton.es\\\/en\\\/p\\\/wall-mounted-childrens-headboard-110-45-luddo\\\/\",\"name\":\"Wall Mounted Children's Headboard, 110 x 45 cm - Luddo - Don Baraton: tienda de sof\u00e1s, muebles y colchones\",\"isPartOf\":{\"@id\":\"https:\\\/\\\/donbaraton.es\\\/#website\"},\"primaryImageOfPage\":{\"@id\":\"https:\\\/\\\/donbaraton.es\\\/en\\\/p\\\/wall-mounted-childrens-headboard-110-45-luddo\\\/#primaryimage\"},\"image\":{\"@id\":\"https:\\\/\\\/donbaraton.es\\\/en\\\/p\\\/wall-mounted-childrens-headboard-110-45-luddo\\\/#primaryimage\"},\"thumbnailUrl\":\"https:\\\/\\\/donbaraton.es\\\/wp-content\\\/uploads\\\/2019\\\/09\\\/Cabecero-juvenil-de-pared-color-azul-Luddo.jpg\",\"datePublished\":\"2019-09-12T08:58:02+00:00\",\"dateModified\":\"2019-10-02T23:27:35+00:00\",\"breadcrumb\":{\"@id\":\"https:\\\/\\\/donbaraton.es\\\/en\\\/p\\\/wall-mounted-childrens-headboard-110-45-luddo\\\/#breadcrumb\"},\"inLanguage\":\"en-GB\",\"potentialAction\":[{\"@type\":\"ReadAction\",\"target\":[\"https:\\\/\\\/donbaraton.es\\\/en\\\/p\\\/wall-mounted-childrens-headboard-110-45-luddo\\\/\"]}]},{\"@type\":\"ImageObject\",\"inLanguage\":\"en-GB\",\"@id\":\"https:\\\/\\\/donbaraton.es\\\/en\\\/p\\\/wall-mounted-childrens-headboard-110-45-luddo\\\/#primaryimage\",\"url\":\"https:\\\/\\\/donbaraton.es\\\/wp-content\\\/uploads\\\/2019\\\/09\\\/Cabecero-juvenil-de-pared-color-azul-Luddo.jpg\",\"contentUrl\":\"https:\\\/\\\/donbaraton.es\\\/wp-content\\\/uploads\\\/2019\\\/09\\\/Cabecero-juvenil-de-pared-color-azul-Luddo.jpg\",\"width\":670,\"height\":503,\"caption\":\"Wall Mounted Children's Headboard, 110 x 45 cm - Luddo. Blue Stripe\"},{\"@type\":\"BreadcrumbList\",\"@id\":\"https:\\\/\\\/donbaraton.es\\\/en\\\/p\\\/wall-mounted-childrens-headboard-110-45-luddo\\\/#breadcrumb\",\"itemListElement\":[{\"@type\":\"ListItem\",\"position\":1,\"name\":\"Portada\",\"item\":\"https:\\\/\\\/donbaraton.es\\\/en\\\/\"},{\"@type\":\"ListItem\",\"position\":2,\"name\":\"Online Shop\",\"item\":\"https:\\\/\\\/donbaraton.es\\\/en\\\/shop\\\/\"},{\"@type\":\"ListItem\",\"position\":3,\"name\":\"Wall Mounted Children&#8217;s Headboard, 110 x 45 cm &#8211; Luddo\"}]},{\"@type\":\"WebSite\",\"@id\":\"https:\\\/\\\/donbaraton.es\\\/#website\",\"url\":\"https:\\\/\\\/donbaraton.es\\\/\",\"name\":\"Don Baraton: tienda de sof\u00e1s, muebles y colchones\",\"description\":\"Sofas baratos desde el almac\u00e9n en Almorad\u00ed, Alicante\",\"publisher\":{\"@id\":\"https:\\\/\\\/donbaraton.es\\\/#organization\"},\"potentialAction\":[{\"@type\":\"SearchAction\",\"target\":{\"@type\":\"EntryPoint\",\"urlTemplate\":\"https:\\\/\\\/donbaraton.es\\\/?s={search_term_string}\"},\"query-input\":{\"@type\":\"PropertyValueSpecification\",\"valueRequired\":true,\"valueName\":\"search_term_string\"}}],\"inLanguage\":\"en-GB\"},{\"@type\":\"Organization\",\"@id\":\"https:\\\/\\\/donbaraton.es\\\/#organization\",\"name\":\"Don Baraton\",\"url\":\"https:\\\/\\\/donbaraton.es\\\/\",\"logo\":{\"@type\":\"ImageObject\",\"inLanguage\":\"en-GB\",\"@id\":\"https:\\\/\\\/donbaraton.es\\\/#\\\/schema\\\/logo\\\/image\\\/\",\"url\":\"https:\\\/\\\/i0.wp.com\\\/donbaraton.es\\\/wp-content\\\/uploads\\\/2016\\\/11\\\/logo_don_baraton.png?fit=228%2C110&ssl=1\",\"contentUrl\":\"https:\\\/\\\/i0.wp.com\\\/donbaraton.es\\\/wp-content\\\/uploads\\\/2016\\\/11\\\/logo_don_baraton.png?fit=228%2C110&ssl=1\",\"width\":228,\"height\":110,\"caption\":\"Don Baraton\"},\"image\":{\"@id\":\"https:\\\/\\\/donbaraton.es\\\/#\\\/schema\\\/logo\\\/image\\\/\"},\"sameAs\":[\"https:\\\/\\\/www.facebook.com\\\/donbaraton.es\",\"https:\\\/\\\/x.com\\\/don_baraton\",\"https:\\\/\\\/www.instagram.com\\\/donbaraton.es\",\"https:\\\/\\\/www.linkedin.com\\\/company\\\/donbaraton\\\/\",\"https:\\\/\\\/es.pinterest.com\\\/donbaraton\\\/\",\"https:\\\/\\\/www.youtube.com\\\/channel\\\/UCL02HOwx-F759Jq5MedAZfQ\"]}]}<\/script>\n<!-- \/ Yoast SEO plugin. -->","yoast_head_json":{"title":"Wall Mounted Children's Headboard, 110 x 45 cm - Luddo - Don Baraton: tienda de sof\u00e1s, muebles y colchones","robots":{"index":"index","follow":"follow","max-snippet":"max-snippet:-1","max-image-preview":"max-image-preview:large","max-video-preview":"max-video-preview:-1"},"canonical":"https:\/\/donbaraton.es\/en\/p\/wall-mounted-childrens-headboard-110-45-luddo\/","og_locale":"en_GB","og_type":"article","og_title":"Wall Mounted Children's Headboard, 110 x 45 cm - Luddo - Don Baraton: tienda de sof\u00e1s, muebles y colchones","og_description":"For children's bed bases, 80, 90, 105 cm wide  4 colours to choose from: pink, blue, grey and green  Installed on a wall  Matches other children's furniture of the Luddo range  Dimensions: 110 x 45 x 1.8 cm","og_url":"https:\/\/donbaraton.es\/en\/p\/wall-mounted-childrens-headboard-110-45-luddo\/","og_site_name":"Don Baraton: tienda de sof\u00e1s, muebles y colchones","article_publisher":"https:\/\/www.facebook.com\/donbaraton.es","article_modified_time":"2019-10-02T23:27:35+00:00","og_image":[{"width":670,"height":503,"url":"https:\/\/i1.wp.com\/donbaraton.es\/wp-content\/uploads\/2019\/09\/Cabecero-juvenil-de-pared-color-azul-Luddo.jpg?fit=670%2C503&ssl=1","type":"image\/jpeg"}],"twitter_card":"summary_large_image","twitter_site":"@don_baraton","twitter_misc":{"Estimated reading time":"1 minute"},"schema":{"@context":"https:\/\/schema.org","@graph":[{"@type":"WebPage","@id":"https:\/\/donbaraton.es\/en\/p\/wall-mounted-childrens-headboard-110-45-luddo\/","url":"https:\/\/donbaraton.es\/en\/p\/wall-mounted-childrens-headboard-110-45-luddo\/","name":"Wall Mounted Children's Headboard, 110 x 45 cm - Luddo - Don Baraton: tienda de sof\u00e1s, muebles y colchones","isPartOf":{"@id":"https:\/\/donbaraton.es\/#website"},"primaryImageOfPage":{"@id":"https:\/\/donbaraton.es\/en\/p\/wall-mounted-childrens-headboard-110-45-luddo\/#primaryimage"},"image":{"@id":"https:\/\/donbaraton.es\/en\/p\/wall-mounted-childrens-headboard-110-45-luddo\/#primaryimage"},"thumbnailUrl":"https:\/\/donbaraton.es\/wp-content\/uploads\/2019\/09\/Cabecero-juvenil-de-pared-color-azul-Luddo.jpg","datePublished":"2019-09-12T08:58:02+00:00","dateModified":"2019-10-02T23:27:35+00:00","breadcrumb":{"@id":"https:\/\/donbaraton.es\/en\/p\/wall-mounted-childrens-headboard-110-45-luddo\/#breadcrumb"},"inLanguage":"en-GB","potentialAction":[{"@type":"ReadAction","target":["https:\/\/donbaraton.es\/en\/p\/wall-mounted-childrens-headboard-110-45-luddo\/"]}]},{"@type":"ImageObject","inLanguage":"en-GB","@id":"https:\/\/donbaraton.es\/en\/p\/wall-mounted-childrens-headboard-110-45-luddo\/#primaryimage","url":"https:\/\/donbaraton.es\/wp-content\/uploads\/2019\/09\/Cabecero-juvenil-de-pared-color-azul-Luddo.jpg","contentUrl":"https:\/\/donbaraton.es\/wp-content\/uploads\/2019\/09\/Cabecero-juvenil-de-pared-color-azul-Luddo.jpg","width":670,"height":503,"caption":"Wall Mounted Children's Headboard, 110 x 45 cm - Luddo. Blue Stripe"},{"@type":"BreadcrumbList","@id":"https:\/\/donbaraton.es\/en\/p\/wall-mounted-childrens-headboard-110-45-luddo\/#breadcrumb","itemListElement":[{"@type":"ListItem","position":1,"name":"Portada","item":"https:\/\/donbaraton.es\/en\/"},{"@type":"ListItem","position":2,"name":"Online Shop","item":"https:\/\/donbaraton.es\/en\/shop\/"},{"@type":"ListItem","position":3,"name":"Wall Mounted Children&#8217;s Headboard, 110 x 45 cm &#8211; Luddo"}]},{"@type":"WebSite","@id":"https:\/\/donbaraton.es\/#website","url":"https:\/\/donbaraton.es\/","name":"Don Baraton: tienda de sof\u00e1s, muebles y colchones","description":"Sofas baratos desde el almac\u00e9n en Almorad\u00ed, Alicante","publisher":{"@id":"https:\/\/donbaraton.es\/#organization"},"potentialAction":[{"@type":"SearchAction","target":{"@type":"EntryPoint","urlTemplate":"https:\/\/donbaraton.es\/?s={search_term_string}"},"query-input":{"@type":"PropertyValueSpecification","valueRequired":true,"valueName":"search_term_string"}}],"inLanguage":"en-GB"},{"@type":"Organization","@id":"https:\/\/donbaraton.es\/#organization","name":"Don Baraton","url":"https:\/\/donbaraton.es\/","logo":{"@type":"ImageObject","inLanguage":"en-GB","@id":"https:\/\/donbaraton.es\/#\/schema\/logo\/image\/","url":"https:\/\/i0.wp.com\/donbaraton.es\/wp-content\/uploads\/2016\/11\/logo_don_baraton.png?fit=228%2C110&ssl=1","contentUrl":"https:\/\/i0.wp.com\/donbaraton.es\/wp-content\/uploads\/2016\/11\/logo_don_baraton.png?fit=228%2C110&ssl=1","width":228,"height":110,"caption":"Don Baraton"},"image":{"@id":"https:\/\/donbaraton.es\/#\/schema\/logo\/image\/"},"sameAs":["https:\/\/www.facebook.com\/donbaraton.es","https:\/\/x.com\/don_baraton","https:\/\/www.instagram.com\/donbaraton.es","https:\/\/www.linkedin.com\/company\/donbaraton\/","https:\/\/es.pinterest.com\/donbaraton\/","https:\/\/www.youtube.com\/channel\/UCL02HOwx-F759Jq5MedAZfQ"]}]}},"_links":{"self":[{"href":"https:\/\/donbaraton.es\/en\/wp-json\/wp\/v2\/product\/19727","targetHints":{"allow":["GET"]}}],"collection":[{"href":"https:\/\/donbaraton.es\/en\/wp-json\/wp\/v2\/product"}],"about":[{"href":"https:\/\/donbaraton.es\/en\/wp-json\/wp\/v2\/types\/product"}],"replies":[{"embeddable":true,"href":"https:\/\/donbaraton.es\/en\/wp-json\/wp\/v2\/comments?post=19727"}],"wp:featuredmedia":[{"embeddable":true,"href":"https:\/\/donbaraton.es\/en\/wp-json\/wp\/v2\/media\/19256"}],"wp:attachment":[{"href":"https:\/\/donbaraton.es\/en\/wp-json\/wp\/v2\/media?parent=19727"}],"wp:term":[{"taxonomy":"product_brand","embeddable":true,"href":"https:\/\/donbaraton.es\/en\/wp-json\/wp\/v2\/product_brand?post=19727"},{"taxonomy":"product_cat","embeddable":true,"href":"https:\/\/donbaraton.es\/en\/wp-json\/wp\/v2\/product_cat?post=19727"},{"taxonomy":"product_tag","embeddable":true,"href":"https:\/\/donbaraton.es\/en\/wp-json\/wp\/v2\/product_tag?post=19727"}],"curies":[{"name":"wp","href":"https:\/\/api.w.org\/{rel}","templated":true}]}}