{"id":19822,"date":"2019-09-13T00:40:43","date_gmt":"2019-09-12T22:40:43","guid":{"rendered":"https:\/\/donbaraton.es\/p\/bedside-table-for-childrens-bedrooms-wheels-2-drawers-luddo\/"},"modified":"2021-12-30T16:22:08","modified_gmt":"2021-12-30T15:22:08","slug":"bedside-table-for-childrens-bedrooms-wheels-2-drawers-luddo","status":"publish","type":"product","link":"https:\/\/donbaraton.es\/en\/p\/bedside-table-for-childrens-bedrooms-wheels-2-drawers-luddo\/","title":{"rendered":"Bedside Table for Children&#8217;s Bedrooms, with Wheels, 2 Drawers &#8211; Luddo"},"content":{"rendered":"<p><strong>Bedside Table for Children&#8217;s Bedrooms, with Wheels, Two Drawers &#8211; Luddo<\/strong><\/p>\n<p>This bedside table item matches other Luddo furniture in colour and design, making it very easy to furnish entire kids&#8217; entire in the same style.<\/p>\n<p>With the <strong>four wheels<\/strong> you can easily move the bedside table in the room from one place to another if necessary.<\/p>\n<p><strong>Two drawers<\/strong> will contain all things that your kids may want to keep near the bed &#8211; toys, gadgets and books.<\/p>\n<p>The base\u00a0<strong>colour<\/strong> of this bedside table is<strong>\u00a0light grey<\/strong> but you can order drawers in <strong>pink, blue grey or green<\/strong> or go with <strong>any combination of the four.<\/strong> Two pink drawers&#8217; fronts will be perfect <strong>for girls&#8217; rooms<\/strong>, two blue fronts <strong>for boys&#8217; rooms! <\/strong>We also have grey and green. All of those colours can be mixed &#8211; one blue and one grey, one pink and one green etc.<\/p>\n<p><strong>Dimensions: <\/strong>width 50 cm, height 48,2 cm, depth 35,5 cm<\/p>\n<p>Assembly service not included<\/p>\n","protected":false},"excerpt":{"rendered":"<ul>\n<li>2 drawers<\/li>\n<li>4 wheels to move the table in the room<\/li>\n<li>Colours to choose: pink, blue, grey, green<\/li>\n<li>Matches other children&#8217;s furniture of the Luddo range<\/li>\n<\/ul>\n<p><strong>Dimensions:<\/strong> width 50 cm, height 48.2 cm, depth 35.5 cm<\/p>\n","protected":false},"featured_media":19304,"comment_status":"open","ping_status":"closed","template":"","meta":{"_et_pb_use_builder":"","_et_pb_old_content":"","_et_gb_content_width":""},"product_brand":[],"product_cat":[309,291],"product_tag":[],"class_list":{"0":"post-19822","1":"product","2":"type-product","3":"status-publish","4":"has-post-thumbnail","6":"product_cat-bedside-tables","7":"product_cat-children","8":"product_shipping_class-3-20-kg-hasta-10-dias","9":"pa_material-mdf-particle-board","11":"first","12":"outofstock","13":"taxable","14":"shipping-taxable","15":"purchasable","16":"product-type-variable"},"yoast_head":"<!-- This site is optimized with the Yoast SEO plugin v27.2 - https:\/\/yoast.com\/product\/yoast-seo-wordpress\/ -->\n<title>Bedside Table for Children&#039;s Bedrooms, with Wheels, 2 Drawers - Luddo - Don Baraton: tienda de sof\u00e1s, muebles y colchones<\/title>\n<meta name=\"robots\" content=\"index, follow, max-snippet:-1, max-image-preview:large, max-video-preview:-1\" \/>\n<link rel=\"canonical\" href=\"https:\/\/donbaraton.es\/en\/p\/bedside-table-for-childrens-bedrooms-wheels-2-drawers-luddo\/\" \/>\n<meta property=\"og:locale\" content=\"en_GB\" \/>\n<meta property=\"og:type\" content=\"article\" \/>\n<meta property=\"og:title\" content=\"Bedside Table for Children&#039;s Bedrooms, with Wheels, 2 Drawers - Luddo - Don Baraton: tienda de sof\u00e1s, muebles y colchones\" \/>\n<meta property=\"og:description\" content=\"2 drawers  4 wheels to move the table in the room  Colours to choose: pink, blue, grey, green  Matches other children&#039;s furniture of the Luddo range  Dimensions: width 50 cm, height 48.2 cm, depth 35.5 cm\" \/>\n<meta property=\"og:url\" content=\"https:\/\/donbaraton.es\/en\/p\/bedside-table-for-childrens-bedrooms-wheels-2-drawers-luddo\/\" \/>\n<meta property=\"og:site_name\" content=\"Don Baraton: tienda de sof\u00e1s, muebles y colchones\" \/>\n<meta property=\"article:publisher\" content=\"https:\/\/www.facebook.com\/donbaraton.es\" \/>\n<meta property=\"article:modified_time\" content=\"2021-12-30T15:22:08+00:00\" \/>\n<meta property=\"og:image\" content=\"https:\/\/i1.wp.com\/donbaraton.es\/wp-content\/uploads\/2019\/09\/Mesita-de-noche-juvenil-Luddo.-Colores-de-cajones-Gris-y-verde.jpg?fit=700%2C525&ssl=1\" \/>\n\t<meta property=\"og:image:width\" content=\"700\" \/>\n\t<meta property=\"og:image:height\" content=\"525\" \/>\n\t<meta property=\"og:image:type\" content=\"image\/jpeg\" \/>\n<meta name=\"twitter:card\" content=\"summary_large_image\" \/>\n<meta name=\"twitter:site\" content=\"@don_baraton\" \/>\n<meta name=\"twitter:label1\" content=\"Estimated reading time\" \/>\n\t<meta name=\"twitter:data1\" content=\"1 minute\" \/>\n<script type=\"application\/ld+json\" class=\"yoast-schema-graph\">{\"@context\":\"https:\/\/schema.org\",\"@graph\":[{\"@type\":\"WebPage\",\"@id\":\"https:\/\/donbaraton.es\/en\/p\/bedside-table-for-childrens-bedrooms-wheels-2-drawers-luddo\/\",\"url\":\"https:\/\/donbaraton.es\/en\/p\/bedside-table-for-childrens-bedrooms-wheels-2-drawers-luddo\/\",\"name\":\"Bedside Table for Children's Bedrooms, with Wheels, 2 Drawers - Luddo - Don Baraton: tienda de sof\u00e1s, muebles y colchones\",\"isPartOf\":{\"@id\":\"https:\/\/donbaraton.es\/#website\"},\"primaryImageOfPage\":{\"@id\":\"https:\/\/donbaraton.es\/en\/p\/bedside-table-for-childrens-bedrooms-wheels-2-drawers-luddo\/#primaryimage\"},\"image\":{\"@id\":\"https:\/\/donbaraton.es\/en\/p\/bedside-table-for-childrens-bedrooms-wheels-2-drawers-luddo\/#primaryimage\"},\"thumbnailUrl\":\"https:\/\/donbaraton.es\/wp-content\/uploads\/2019\/09\/Mesita-de-noche-juvenil-Luddo.-Colores-de-cajones-Gris-y-verde.jpg\",\"datePublished\":\"2019-09-12T22:40:43+00:00\",\"dateModified\":\"2021-12-30T15:22:08+00:00\",\"breadcrumb\":{\"@id\":\"https:\/\/donbaraton.es\/en\/p\/bedside-table-for-childrens-bedrooms-wheels-2-drawers-luddo\/#breadcrumb\"},\"inLanguage\":\"en-GB\",\"potentialAction\":[{\"@type\":\"ReadAction\",\"target\":[\"https:\/\/donbaraton.es\/en\/p\/bedside-table-for-childrens-bedrooms-wheels-2-drawers-luddo\/\"]}]},{\"@type\":\"ImageObject\",\"inLanguage\":\"en-GB\",\"@id\":\"https:\/\/donbaraton.es\/en\/p\/bedside-table-for-childrens-bedrooms-wheels-2-drawers-luddo\/#primaryimage\",\"url\":\"https:\/\/donbaraton.es\/wp-content\/uploads\/2019\/09\/Mesita-de-noche-juvenil-Luddo.-Colores-de-cajones-Gris-y-verde.jpg\",\"contentUrl\":\"https:\/\/donbaraton.es\/wp-content\/uploads\/2019\/09\/Mesita-de-noche-juvenil-Luddo.-Colores-de-cajones-Gris-y-verde.jpg\",\"width\":700,\"height\":525,\"caption\":\"Bedside Table for Children's Bedrooms, with Wheels - Luddo. Grey and Green Drawers\"},{\"@type\":\"BreadcrumbList\",\"@id\":\"https:\/\/donbaraton.es\/en\/p\/bedside-table-for-childrens-bedrooms-wheels-2-drawers-luddo\/#breadcrumb\",\"itemListElement\":[{\"@type\":\"ListItem\",\"position\":1,\"name\":\"Portada\",\"item\":\"https:\/\/donbaraton.es\/en\/\"},{\"@type\":\"ListItem\",\"position\":2,\"name\":\"Online Shop\",\"item\":\"https:\/\/donbaraton.es\/en\/shop\/\"},{\"@type\":\"ListItem\",\"position\":3,\"name\":\"Bedside Table for Children&#8217;s Bedrooms, with Wheels, 2 Drawers &#8211; Luddo\"}]},{\"@type\":\"WebSite\",\"@id\":\"https:\/\/donbaraton.es\/#website\",\"url\":\"https:\/\/donbaraton.es\/\",\"name\":\"Don Baraton: tienda de sof\u00e1s, muebles y colchones\",\"description\":\"Sofas baratos desde el almac\u00e9n en Almorad\u00ed, Alicante\",\"publisher\":{\"@id\":\"https:\/\/donbaraton.es\/#organization\"},\"potentialAction\":[{\"@type\":\"SearchAction\",\"target\":{\"@type\":\"EntryPoint\",\"urlTemplate\":\"https:\/\/donbaraton.es\/?s={search_term_string}\"},\"query-input\":{\"@type\":\"PropertyValueSpecification\",\"valueRequired\":true,\"valueName\":\"search_term_string\"}}],\"inLanguage\":\"en-GB\"},{\"@type\":\"Organization\",\"@id\":\"https:\/\/donbaraton.es\/#organization\",\"name\":\"Don Baraton\",\"url\":\"https:\/\/donbaraton.es\/\",\"logo\":{\"@type\":\"ImageObject\",\"inLanguage\":\"en-GB\",\"@id\":\"https:\/\/donbaraton.es\/#\/schema\/logo\/image\/\",\"url\":\"https:\/\/i0.wp.com\/donbaraton.es\/wp-content\/uploads\/2016\/11\/logo_don_baraton.png?fit=228%2C110&ssl=1\",\"contentUrl\":\"https:\/\/i0.wp.com\/donbaraton.es\/wp-content\/uploads\/2016\/11\/logo_don_baraton.png?fit=228%2C110&ssl=1\",\"width\":228,\"height\":110,\"caption\":\"Don Baraton\"},\"image\":{\"@id\":\"https:\/\/donbaraton.es\/#\/schema\/logo\/image\/\"},\"sameAs\":[\"https:\/\/www.facebook.com\/donbaraton.es\",\"https:\/\/x.com\/don_baraton\",\"https:\/\/www.instagram.com\/donbaraton.es\",\"https:\/\/www.linkedin.com\/company\/donbaraton\/\",\"https:\/\/es.pinterest.com\/donbaraton\/\",\"https:\/\/www.youtube.com\/channel\/UCL02HOwx-F759Jq5MedAZfQ\"]}]}<\/script>\n<!-- \/ Yoast SEO plugin. -->","yoast_head_json":{"title":"Bedside Table for Children's Bedrooms, with Wheels, 2 Drawers - Luddo - Don Baraton: tienda de sof\u00e1s, muebles y colchones","robots":{"index":"index","follow":"follow","max-snippet":"max-snippet:-1","max-image-preview":"max-image-preview:large","max-video-preview":"max-video-preview:-1"},"canonical":"https:\/\/donbaraton.es\/en\/p\/bedside-table-for-childrens-bedrooms-wheels-2-drawers-luddo\/","og_locale":"en_GB","og_type":"article","og_title":"Bedside Table for Children's Bedrooms, with Wheels, 2 Drawers - Luddo - Don Baraton: tienda de sof\u00e1s, muebles y colchones","og_description":"2 drawers  4 wheels to move the table in the room  Colours to choose: pink, blue, grey, green  Matches other children's furniture of the Luddo range  Dimensions: width 50 cm, height 48.2 cm, depth 35.5 cm","og_url":"https:\/\/donbaraton.es\/en\/p\/bedside-table-for-childrens-bedrooms-wheels-2-drawers-luddo\/","og_site_name":"Don Baraton: tienda de sof\u00e1s, muebles y colchones","article_publisher":"https:\/\/www.facebook.com\/donbaraton.es","article_modified_time":"2021-12-30T15:22:08+00:00","og_image":[{"width":700,"height":525,"url":"https:\/\/i1.wp.com\/donbaraton.es\/wp-content\/uploads\/2019\/09\/Mesita-de-noche-juvenil-Luddo.-Colores-de-cajones-Gris-y-verde.jpg?fit=700%2C525&ssl=1","type":"image\/jpeg"}],"twitter_card":"summary_large_image","twitter_site":"@don_baraton","twitter_misc":{"Estimated reading time":"1 minute"},"schema":{"@context":"https:\/\/schema.org","@graph":[{"@type":"WebPage","@id":"https:\/\/donbaraton.es\/en\/p\/bedside-table-for-childrens-bedrooms-wheels-2-drawers-luddo\/","url":"https:\/\/donbaraton.es\/en\/p\/bedside-table-for-childrens-bedrooms-wheels-2-drawers-luddo\/","name":"Bedside Table for Children's Bedrooms, with Wheels, 2 Drawers - Luddo - Don Baraton: tienda de sof\u00e1s, muebles y colchones","isPartOf":{"@id":"https:\/\/donbaraton.es\/#website"},"primaryImageOfPage":{"@id":"https:\/\/donbaraton.es\/en\/p\/bedside-table-for-childrens-bedrooms-wheels-2-drawers-luddo\/#primaryimage"},"image":{"@id":"https:\/\/donbaraton.es\/en\/p\/bedside-table-for-childrens-bedrooms-wheels-2-drawers-luddo\/#primaryimage"},"thumbnailUrl":"https:\/\/donbaraton.es\/wp-content\/uploads\/2019\/09\/Mesita-de-noche-juvenil-Luddo.-Colores-de-cajones-Gris-y-verde.jpg","datePublished":"2019-09-12T22:40:43+00:00","dateModified":"2021-12-30T15:22:08+00:00","breadcrumb":{"@id":"https:\/\/donbaraton.es\/en\/p\/bedside-table-for-childrens-bedrooms-wheels-2-drawers-luddo\/#breadcrumb"},"inLanguage":"en-GB","potentialAction":[{"@type":"ReadAction","target":["https:\/\/donbaraton.es\/en\/p\/bedside-table-for-childrens-bedrooms-wheels-2-drawers-luddo\/"]}]},{"@type":"ImageObject","inLanguage":"en-GB","@id":"https:\/\/donbaraton.es\/en\/p\/bedside-table-for-childrens-bedrooms-wheels-2-drawers-luddo\/#primaryimage","url":"https:\/\/donbaraton.es\/wp-content\/uploads\/2019\/09\/Mesita-de-noche-juvenil-Luddo.-Colores-de-cajones-Gris-y-verde.jpg","contentUrl":"https:\/\/donbaraton.es\/wp-content\/uploads\/2019\/09\/Mesita-de-noche-juvenil-Luddo.-Colores-de-cajones-Gris-y-verde.jpg","width":700,"height":525,"caption":"Bedside Table for Children's Bedrooms, with Wheels - Luddo. Grey and Green Drawers"},{"@type":"BreadcrumbList","@id":"https:\/\/donbaraton.es\/en\/p\/bedside-table-for-childrens-bedrooms-wheels-2-drawers-luddo\/#breadcrumb","itemListElement":[{"@type":"ListItem","position":1,"name":"Portada","item":"https:\/\/donbaraton.es\/en\/"},{"@type":"ListItem","position":2,"name":"Online Shop","item":"https:\/\/donbaraton.es\/en\/shop\/"},{"@type":"ListItem","position":3,"name":"Bedside Table for Children&#8217;s Bedrooms, with Wheels, 2 Drawers &#8211; Luddo"}]},{"@type":"WebSite","@id":"https:\/\/donbaraton.es\/#website","url":"https:\/\/donbaraton.es\/","name":"Don Baraton: tienda de sof\u00e1s, muebles y colchones","description":"Sofas baratos desde el almac\u00e9n en Almorad\u00ed, Alicante","publisher":{"@id":"https:\/\/donbaraton.es\/#organization"},"potentialAction":[{"@type":"SearchAction","target":{"@type":"EntryPoint","urlTemplate":"https:\/\/donbaraton.es\/?s={search_term_string}"},"query-input":{"@type":"PropertyValueSpecification","valueRequired":true,"valueName":"search_term_string"}}],"inLanguage":"en-GB"},{"@type":"Organization","@id":"https:\/\/donbaraton.es\/#organization","name":"Don Baraton","url":"https:\/\/donbaraton.es\/","logo":{"@type":"ImageObject","inLanguage":"en-GB","@id":"https:\/\/donbaraton.es\/#\/schema\/logo\/image\/","url":"https:\/\/i0.wp.com\/donbaraton.es\/wp-content\/uploads\/2016\/11\/logo_don_baraton.png?fit=228%2C110&ssl=1","contentUrl":"https:\/\/i0.wp.com\/donbaraton.es\/wp-content\/uploads\/2016\/11\/logo_don_baraton.png?fit=228%2C110&ssl=1","width":228,"height":110,"caption":"Don Baraton"},"image":{"@id":"https:\/\/donbaraton.es\/#\/schema\/logo\/image\/"},"sameAs":["https:\/\/www.facebook.com\/donbaraton.es","https:\/\/x.com\/don_baraton","https:\/\/www.instagram.com\/donbaraton.es","https:\/\/www.linkedin.com\/company\/donbaraton\/","https:\/\/es.pinterest.com\/donbaraton\/","https:\/\/www.youtube.com\/channel\/UCL02HOwx-F759Jq5MedAZfQ"]}]}},"_links":{"self":[{"href":"https:\/\/donbaraton.es\/en\/wp-json\/wp\/v2\/product\/19822","targetHints":{"allow":["GET"]}}],"collection":[{"href":"https:\/\/donbaraton.es\/en\/wp-json\/wp\/v2\/product"}],"about":[{"href":"https:\/\/donbaraton.es\/en\/wp-json\/wp\/v2\/types\/product"}],"replies":[{"embeddable":true,"href":"https:\/\/donbaraton.es\/en\/wp-json\/wp\/v2\/comments?post=19822"}],"wp:featuredmedia":[{"embeddable":true,"href":"https:\/\/donbaraton.es\/en\/wp-json\/wp\/v2\/media\/19304"}],"wp:attachment":[{"href":"https:\/\/donbaraton.es\/en\/wp-json\/wp\/v2\/media?parent=19822"}],"wp:term":[{"taxonomy":"product_brand","embeddable":true,"href":"https:\/\/donbaraton.es\/en\/wp-json\/wp\/v2\/product_brand?post=19822"},{"taxonomy":"product_cat","embeddable":true,"href":"https:\/\/donbaraton.es\/en\/wp-json\/wp\/v2\/product_cat?post=19822"},{"taxonomy":"product_tag","embeddable":true,"href":"https:\/\/donbaraton.es\/en\/wp-json\/wp\/v2\/product_tag?post=19822"}],"curies":[{"name":"wp","href":"https:\/\/api.w.org\/{rel}","templated":true}]}}