{"id":19923,"date":"2019-09-13T19:15:29","date_gmt":"2019-09-13T17:15:29","guid":{"rendered":"https:\/\/donbaraton.es\/p\/childrens-wardrobe-2-doors-3-drawers-luddo\/"},"modified":"2019-12-22T00:53:20","modified_gmt":"2019-12-21T23:53:20","slug":"childrens-wardrobe-2-doors-3-drawers-luddo","status":"publish","type":"product","link":"https:\/\/donbaraton.es\/en\/p\/childrens-wardrobe-2-doors-3-drawers-luddo\/","title":{"rendered":"Children&#8217;s Wardrobe with 2 Doors and 3 Drawers &#8211; Luddo"},"content":{"rendered":"<p><strong>Children&#8217;s Wardrobe with Two Doors and Three Drawers &#8211; Luddo<\/strong><\/p>\n<p>This wardrobe for kids rooms can be combined with other furniture of the Luddo range to furnish the room in the same style and in no time!<\/p>\n<p><strong>Three storage<\/strong> <strong>compartments<\/strong> inside &#8211; top shelf, full hanging section in the middle and a bottom section.<\/p>\n<p>The right door is shorter leaving space to <strong>three drawers<\/strong> where you can store smaller items.<\/p>\n<p>You can choose one of the following colours for the drawers fronts: <strong>pink, blue, green or grey. <\/strong>Both girls and boys will love it!<\/p>\n<p>The width of this model is <strong>less than one meter<\/strong>, you can put it in any children&#8217;s room, even in a very small one.<\/p>\n<p>The main colour of the wardrobe is neutral <strong>light grey <\/strong>that will fit any interior.<\/p>\n<p><strong>Dimensions:<\/strong> width 99.7 cm, depth 51.9 cm, height 205.6 cm<\/p>\n<p>Assembly service is not included<\/p>\n","protected":false},"excerpt":{"rendered":"<ul>\n<li>2 swing doors<\/li>\n<li>3 drawers<\/li>\n<li>1 hanging rail<\/li>\n<li>Drawers colours to choose: pink, blue, grey, green<\/li>\n<li>Matches other Luddo furniture for children<\/li>\n<\/ul>\n<p><strong>Dimensions:<\/strong> width 99.7 cm, depth 51.9 cm, height 205.6 cm<\/p>\n","protected":false},"featured_media":19348,"comment_status":"open","ping_status":"closed","template":"","meta":{"_et_pb_use_builder":"","_et_pb_old_content":"","_et_gb_content_width":""},"product_brand":[],"product_cat":[291,71,138],"product_tag":[],"class_list":{"0":"post-19923","1":"product","2":"type-product","3":"status-publish","4":"has-post-thumbnail","6":"product_cat-children","7":"product_cat-furniture","8":"product_cat-wardrobes","9":"product_shipping_class-articulos-pesado-manufacturing-up-to-10-days","11":"first","12":"outofstock","13":"taxable","14":"shipping-taxable","15":"purchasable","16":"product-type-variable"},"yoast_head":"<!-- This site is optimized with the Yoast SEO plugin v27.2 - https:\/\/yoast.com\/product\/yoast-seo-wordpress\/ -->\n<title>Children&#039;s Wardrobe with 2 Doors and 3 Drawers - Luddo - Don Baraton: tienda de sof\u00e1s, muebles y colchones<\/title>\n<meta name=\"robots\" content=\"index, follow, max-snippet:-1, max-image-preview:large, max-video-preview:-1\" \/>\n<link rel=\"canonical\" href=\"https:\/\/donbaraton.es\/en\/p\/childrens-wardrobe-2-doors-3-drawers-luddo\/\" \/>\n<meta property=\"og:locale\" content=\"en_GB\" \/>\n<meta property=\"og:type\" content=\"article\" \/>\n<meta property=\"og:title\" content=\"Children&#039;s Wardrobe with 2 Doors and 3 Drawers - Luddo - Don Baraton: tienda de sof\u00e1s, muebles y colchones\" \/>\n<meta property=\"og:description\" content=\"2 swing doors  3 drawers  1 hanging rail  Drawers colours to choose: pink, blue, grey, green  Matches other Luddo furniture for children  Dimensions: width 99.7 cm, depth 51.9 cm, height 205.6 cm\" \/>\n<meta property=\"og:url\" content=\"https:\/\/donbaraton.es\/en\/p\/childrens-wardrobe-2-doors-3-drawers-luddo\/\" \/>\n<meta property=\"og:site_name\" content=\"Don Baraton: tienda de sof\u00e1s, muebles y colchones\" \/>\n<meta property=\"article:publisher\" content=\"https:\/\/www.facebook.com\/donbaraton.es\" \/>\n<meta property=\"article:modified_time\" content=\"2019-12-21T23:53:20+00:00\" \/>\n<meta property=\"og:image\" content=\"https:\/\/i0.wp.com\/donbaraton.es\/wp-content\/uploads\/2019\/09\/Armario-juvenil-de-2-puertas-con-3-cajones-color-azul-Luddo.jpg?fit=802%2C602&ssl=1\" \/>\n\t<meta property=\"og:image:width\" content=\"802\" \/>\n\t<meta property=\"og:image:height\" content=\"602\" \/>\n\t<meta property=\"og:image:type\" content=\"image\/jpeg\" \/>\n<meta name=\"twitter:card\" content=\"summary_large_image\" \/>\n<meta name=\"twitter:site\" content=\"@don_baraton\" \/>\n<meta name=\"twitter:label1\" content=\"Estimated reading time\" \/>\n\t<meta name=\"twitter:data1\" content=\"1 minute\" \/>\n<script type=\"application\/ld+json\" class=\"yoast-schema-graph\">{\"@context\":\"https:\/\/schema.org\",\"@graph\":[{\"@type\":\"WebPage\",\"@id\":\"https:\/\/donbaraton.es\/en\/p\/childrens-wardrobe-2-doors-3-drawers-luddo\/\",\"url\":\"https:\/\/donbaraton.es\/en\/p\/childrens-wardrobe-2-doors-3-drawers-luddo\/\",\"name\":\"Children's Wardrobe with 2 Doors and 3 Drawers - Luddo - Don Baraton: tienda de sof\u00e1s, muebles y colchones\",\"isPartOf\":{\"@id\":\"https:\/\/donbaraton.es\/#website\"},\"primaryImageOfPage\":{\"@id\":\"https:\/\/donbaraton.es\/en\/p\/childrens-wardrobe-2-doors-3-drawers-luddo\/#primaryimage\"},\"image\":{\"@id\":\"https:\/\/donbaraton.es\/en\/p\/childrens-wardrobe-2-doors-3-drawers-luddo\/#primaryimage\"},\"thumbnailUrl\":\"https:\/\/donbaraton.es\/wp-content\/uploads\/2019\/09\/Armario-juvenil-de-2-puertas-con-3-cajones-color-azul-Luddo.jpg\",\"datePublished\":\"2019-09-13T17:15:29+00:00\",\"dateModified\":\"2019-12-21T23:53:20+00:00\",\"breadcrumb\":{\"@id\":\"https:\/\/donbaraton.es\/en\/p\/childrens-wardrobe-2-doors-3-drawers-luddo\/#breadcrumb\"},\"inLanguage\":\"en-GB\",\"potentialAction\":[{\"@type\":\"ReadAction\",\"target\":[\"https:\/\/donbaraton.es\/en\/p\/childrens-wardrobe-2-doors-3-drawers-luddo\/\"]}]},{\"@type\":\"ImageObject\",\"inLanguage\":\"en-GB\",\"@id\":\"https:\/\/donbaraton.es\/en\/p\/childrens-wardrobe-2-doors-3-drawers-luddo\/#primaryimage\",\"url\":\"https:\/\/donbaraton.es\/wp-content\/uploads\/2019\/09\/Armario-juvenil-de-2-puertas-con-3-cajones-color-azul-Luddo.jpg\",\"contentUrl\":\"https:\/\/donbaraton.es\/wp-content\/uploads\/2019\/09\/Armario-juvenil-de-2-puertas-con-3-cajones-color-azul-Luddo.jpg\",\"width\":802,\"height\":602,\"caption\":\"Children's Wardrobe with 2 Doors and 3 Drawers - Luddo. Blue Drawers\"},{\"@type\":\"BreadcrumbList\",\"@id\":\"https:\/\/donbaraton.es\/en\/p\/childrens-wardrobe-2-doors-3-drawers-luddo\/#breadcrumb\",\"itemListElement\":[{\"@type\":\"ListItem\",\"position\":1,\"name\":\"Portada\",\"item\":\"https:\/\/donbaraton.es\/en\/\"},{\"@type\":\"ListItem\",\"position\":2,\"name\":\"Online Shop\",\"item\":\"https:\/\/donbaraton.es\/en\/shop\/\"},{\"@type\":\"ListItem\",\"position\":3,\"name\":\"Children&#8217;s Wardrobe with 2 Doors and 3 Drawers &#8211; Luddo\"}]},{\"@type\":\"WebSite\",\"@id\":\"https:\/\/donbaraton.es\/#website\",\"url\":\"https:\/\/donbaraton.es\/\",\"name\":\"Don Baraton: tienda de sof\u00e1s, muebles y colchones\",\"description\":\"Sofas baratos desde el almac\u00e9n en Almorad\u00ed, Alicante\",\"publisher\":{\"@id\":\"https:\/\/donbaraton.es\/#organization\"},\"potentialAction\":[{\"@type\":\"SearchAction\",\"target\":{\"@type\":\"EntryPoint\",\"urlTemplate\":\"https:\/\/donbaraton.es\/?s={search_term_string}\"},\"query-input\":{\"@type\":\"PropertyValueSpecification\",\"valueRequired\":true,\"valueName\":\"search_term_string\"}}],\"inLanguage\":\"en-GB\"},{\"@type\":\"Organization\",\"@id\":\"https:\/\/donbaraton.es\/#organization\",\"name\":\"Don Baraton\",\"url\":\"https:\/\/donbaraton.es\/\",\"logo\":{\"@type\":\"ImageObject\",\"inLanguage\":\"en-GB\",\"@id\":\"https:\/\/donbaraton.es\/#\/schema\/logo\/image\/\",\"url\":\"https:\/\/i0.wp.com\/donbaraton.es\/wp-content\/uploads\/2016\/11\/logo_don_baraton.png?fit=228%2C110&ssl=1\",\"contentUrl\":\"https:\/\/i0.wp.com\/donbaraton.es\/wp-content\/uploads\/2016\/11\/logo_don_baraton.png?fit=228%2C110&ssl=1\",\"width\":228,\"height\":110,\"caption\":\"Don Baraton\"},\"image\":{\"@id\":\"https:\/\/donbaraton.es\/#\/schema\/logo\/image\/\"},\"sameAs\":[\"https:\/\/www.facebook.com\/donbaraton.es\",\"https:\/\/x.com\/don_baraton\",\"https:\/\/www.instagram.com\/donbaraton.es\",\"https:\/\/www.linkedin.com\/company\/donbaraton\/\",\"https:\/\/es.pinterest.com\/donbaraton\/\",\"https:\/\/www.youtube.com\/channel\/UCL02HOwx-F759Jq5MedAZfQ\"]}]}<\/script>\n<!-- \/ Yoast SEO plugin. -->","yoast_head_json":{"title":"Children's Wardrobe with 2 Doors and 3 Drawers - Luddo - Don Baraton: tienda de sof\u00e1s, muebles y colchones","robots":{"index":"index","follow":"follow","max-snippet":"max-snippet:-1","max-image-preview":"max-image-preview:large","max-video-preview":"max-video-preview:-1"},"canonical":"https:\/\/donbaraton.es\/en\/p\/childrens-wardrobe-2-doors-3-drawers-luddo\/","og_locale":"en_GB","og_type":"article","og_title":"Children's Wardrobe with 2 Doors and 3 Drawers - Luddo - Don Baraton: tienda de sof\u00e1s, muebles y colchones","og_description":"2 swing doors  3 drawers  1 hanging rail  Drawers colours to choose: pink, blue, grey, green  Matches other Luddo furniture for children  Dimensions: width 99.7 cm, depth 51.9 cm, height 205.6 cm","og_url":"https:\/\/donbaraton.es\/en\/p\/childrens-wardrobe-2-doors-3-drawers-luddo\/","og_site_name":"Don Baraton: tienda de sof\u00e1s, muebles y colchones","article_publisher":"https:\/\/www.facebook.com\/donbaraton.es","article_modified_time":"2019-12-21T23:53:20+00:00","og_image":[{"width":802,"height":602,"url":"https:\/\/i0.wp.com\/donbaraton.es\/wp-content\/uploads\/2019\/09\/Armario-juvenil-de-2-puertas-con-3-cajones-color-azul-Luddo.jpg?fit=802%2C602&ssl=1","type":"image\/jpeg"}],"twitter_card":"summary_large_image","twitter_site":"@don_baraton","twitter_misc":{"Estimated reading time":"1 minute"},"schema":{"@context":"https:\/\/schema.org","@graph":[{"@type":"WebPage","@id":"https:\/\/donbaraton.es\/en\/p\/childrens-wardrobe-2-doors-3-drawers-luddo\/","url":"https:\/\/donbaraton.es\/en\/p\/childrens-wardrobe-2-doors-3-drawers-luddo\/","name":"Children's Wardrobe with 2 Doors and 3 Drawers - Luddo - Don Baraton: tienda de sof\u00e1s, muebles y colchones","isPartOf":{"@id":"https:\/\/donbaraton.es\/#website"},"primaryImageOfPage":{"@id":"https:\/\/donbaraton.es\/en\/p\/childrens-wardrobe-2-doors-3-drawers-luddo\/#primaryimage"},"image":{"@id":"https:\/\/donbaraton.es\/en\/p\/childrens-wardrobe-2-doors-3-drawers-luddo\/#primaryimage"},"thumbnailUrl":"https:\/\/donbaraton.es\/wp-content\/uploads\/2019\/09\/Armario-juvenil-de-2-puertas-con-3-cajones-color-azul-Luddo.jpg","datePublished":"2019-09-13T17:15:29+00:00","dateModified":"2019-12-21T23:53:20+00:00","breadcrumb":{"@id":"https:\/\/donbaraton.es\/en\/p\/childrens-wardrobe-2-doors-3-drawers-luddo\/#breadcrumb"},"inLanguage":"en-GB","potentialAction":[{"@type":"ReadAction","target":["https:\/\/donbaraton.es\/en\/p\/childrens-wardrobe-2-doors-3-drawers-luddo\/"]}]},{"@type":"ImageObject","inLanguage":"en-GB","@id":"https:\/\/donbaraton.es\/en\/p\/childrens-wardrobe-2-doors-3-drawers-luddo\/#primaryimage","url":"https:\/\/donbaraton.es\/wp-content\/uploads\/2019\/09\/Armario-juvenil-de-2-puertas-con-3-cajones-color-azul-Luddo.jpg","contentUrl":"https:\/\/donbaraton.es\/wp-content\/uploads\/2019\/09\/Armario-juvenil-de-2-puertas-con-3-cajones-color-azul-Luddo.jpg","width":802,"height":602,"caption":"Children's Wardrobe with 2 Doors and 3 Drawers - Luddo. Blue Drawers"},{"@type":"BreadcrumbList","@id":"https:\/\/donbaraton.es\/en\/p\/childrens-wardrobe-2-doors-3-drawers-luddo\/#breadcrumb","itemListElement":[{"@type":"ListItem","position":1,"name":"Portada","item":"https:\/\/donbaraton.es\/en\/"},{"@type":"ListItem","position":2,"name":"Online Shop","item":"https:\/\/donbaraton.es\/en\/shop\/"},{"@type":"ListItem","position":3,"name":"Children&#8217;s Wardrobe with 2 Doors and 3 Drawers &#8211; Luddo"}]},{"@type":"WebSite","@id":"https:\/\/donbaraton.es\/#website","url":"https:\/\/donbaraton.es\/","name":"Don Baraton: tienda de sof\u00e1s, muebles y colchones","description":"Sofas baratos desde el almac\u00e9n en Almorad\u00ed, Alicante","publisher":{"@id":"https:\/\/donbaraton.es\/#organization"},"potentialAction":[{"@type":"SearchAction","target":{"@type":"EntryPoint","urlTemplate":"https:\/\/donbaraton.es\/?s={search_term_string}"},"query-input":{"@type":"PropertyValueSpecification","valueRequired":true,"valueName":"search_term_string"}}],"inLanguage":"en-GB"},{"@type":"Organization","@id":"https:\/\/donbaraton.es\/#organization","name":"Don Baraton","url":"https:\/\/donbaraton.es\/","logo":{"@type":"ImageObject","inLanguage":"en-GB","@id":"https:\/\/donbaraton.es\/#\/schema\/logo\/image\/","url":"https:\/\/i0.wp.com\/donbaraton.es\/wp-content\/uploads\/2016\/11\/logo_don_baraton.png?fit=228%2C110&ssl=1","contentUrl":"https:\/\/i0.wp.com\/donbaraton.es\/wp-content\/uploads\/2016\/11\/logo_don_baraton.png?fit=228%2C110&ssl=1","width":228,"height":110,"caption":"Don Baraton"},"image":{"@id":"https:\/\/donbaraton.es\/#\/schema\/logo\/image\/"},"sameAs":["https:\/\/www.facebook.com\/donbaraton.es","https:\/\/x.com\/don_baraton","https:\/\/www.instagram.com\/donbaraton.es","https:\/\/www.linkedin.com\/company\/donbaraton\/","https:\/\/es.pinterest.com\/donbaraton\/","https:\/\/www.youtube.com\/channel\/UCL02HOwx-F759Jq5MedAZfQ"]}]}},"_links":{"self":[{"href":"https:\/\/donbaraton.es\/en\/wp-json\/wp\/v2\/product\/19923","targetHints":{"allow":["GET"]}}],"collection":[{"href":"https:\/\/donbaraton.es\/en\/wp-json\/wp\/v2\/product"}],"about":[{"href":"https:\/\/donbaraton.es\/en\/wp-json\/wp\/v2\/types\/product"}],"replies":[{"embeddable":true,"href":"https:\/\/donbaraton.es\/en\/wp-json\/wp\/v2\/comments?post=19923"}],"wp:featuredmedia":[{"embeddable":true,"href":"https:\/\/donbaraton.es\/en\/wp-json\/wp\/v2\/media\/19348"}],"wp:attachment":[{"href":"https:\/\/donbaraton.es\/en\/wp-json\/wp\/v2\/media?parent=19923"}],"wp:term":[{"taxonomy":"product_brand","embeddable":true,"href":"https:\/\/donbaraton.es\/en\/wp-json\/wp\/v2\/product_brand?post=19923"},{"taxonomy":"product_cat","embeddable":true,"href":"https:\/\/donbaraton.es\/en\/wp-json\/wp\/v2\/product_cat?post=19923"},{"taxonomy":"product_tag","embeddable":true,"href":"https:\/\/donbaraton.es\/en\/wp-json\/wp\/v2\/product_tag?post=19923"}],"curies":[{"name":"wp","href":"https:\/\/api.w.org\/{rel}","templated":true}]}}