{"id":19935,"date":"2019-09-14T01:00:01","date_gmt":"2019-09-13T23:00:01","guid":{"rendered":"https:\/\/donbaraton.es\/p\/3-door-childrens-wardrobe-with-3-drawers-luddo\/"},"modified":"2019-11-03T01:17:50","modified_gmt":"2019-11-03T00:17:50","slug":"3-door-childrens-wardrobe-with-3-drawers-luddo","status":"publish","type":"product","link":"https:\/\/donbaraton.es\/en\/p\/3-door-childrens-wardrobe-with-3-drawers-luddo\/","title":{"rendered":"3 Door Children\u2019s Wardrobe with 3 Drawers \u2013 Luddo"},"content":{"rendered":"<p><strong>Three Door Children\u2019s Wardrobe with Three Drawers \u2013 Luddo<\/strong><\/p>\n<p>A spacious wardrobe for larger children rooms that can be combined with other furniture items of the Luddo range.<\/p>\n<p>The <strong>left part<\/strong> of the wardrobe with two doors is divided into three sections inside &#8211; upper, middle (full hanging) and lower section. Three drawers are located under the central door of the wardrobe.<\/p>\n<p>The narrower <strong>right part<\/strong> with one door is divided into two parts: the upper section and the main full hanging section.<\/p>\n<p>You can choose one of the following colours for the drawers fronts:\u00a0<strong>pink, blue, green or grey.\u00a0<\/strong>Both girls and boys will love it!<\/p>\n<p>The main colour of the wardrobe is neutral\u00a0<strong>light grey\u00a0<\/strong>that will fit any interior.<\/p>\n<p>The width of this model is\u00a0<strong>less than one a half meter <\/strong>&#8211; you can easily install put it in most children\u2019s rooms.<\/p>\n<p><strong>Dimensions:<\/strong> width 149.6 cm, depth 51.9 cm, height 205.6 cm<\/p>\n<p>Assembly service is not included<\/p>\n","protected":false},"excerpt":{"rendered":"<ul>\n<li>3 swing doors<\/li>\n<li>3 drawers<\/li>\n<li>1 hanging rail<\/li>\n<li>Drawers colours to choose: pink, blue, grey, green<\/li>\n<li>Matches other Luddo furniture for children<\/li>\n<\/ul>\n<p><strong>Dimensions:<\/strong> width 149.6 cm, depth 51.9 cm, height 205.6 cm<\/p>\n","protected":false},"featured_media":19379,"comment_status":"open","ping_status":"closed","template":"","meta":{"_et_pb_use_builder":"","_et_pb_old_content":"","_et_gb_content_width":""},"product_brand":[],"product_cat":[291,71,138],"product_tag":[],"class_list":{"0":"post-19935","1":"product","2":"type-product","3":"status-publish","4":"has-post-thumbnail","6":"product_cat-children","7":"product_cat-furniture","8":"product_cat-wardrobes","9":"product_shipping_class-articulos-pesado-manufacturing-up-to-10-days","11":"first","12":"outofstock","13":"taxable","14":"shipping-taxable","15":"product-type-variable"},"yoast_head":"<!-- This site is optimized with the Yoast SEO plugin v27.2 - https:\/\/yoast.com\/product\/yoast-seo-wordpress\/ -->\n<title>3 Door Children\u2019s Wardrobe with 3 Drawers \u2013 Luddo - Don Baraton: tienda de sof\u00e1s, muebles y colchones<\/title>\n<meta name=\"robots\" content=\"index, follow, max-snippet:-1, max-image-preview:large, max-video-preview:-1\" \/>\n<link rel=\"canonical\" href=\"https:\/\/donbaraton.es\/en\/p\/3-door-childrens-wardrobe-with-3-drawers-luddo\/\" \/>\n<meta property=\"og:locale\" content=\"en_GB\" \/>\n<meta property=\"og:type\" content=\"article\" \/>\n<meta property=\"og:title\" content=\"3 Door Children\u2019s Wardrobe with 3 Drawers \u2013 Luddo - Don Baraton: tienda de sof\u00e1s, muebles y colchones\" \/>\n<meta property=\"og:description\" content=\"3 swing doors  3 drawers  1 hanging rail  Drawers colours to choose: pink, blue, grey, green  Matches other Luddo furniture for children  Dimensions: width 149.6 cm, depth 51.9 cm, height 205.6 cm\" \/>\n<meta property=\"og:url\" content=\"https:\/\/donbaraton.es\/en\/p\/3-door-childrens-wardrobe-with-3-drawers-luddo\/\" \/>\n<meta property=\"og:site_name\" content=\"Don Baraton: tienda de sof\u00e1s, muebles y colchones\" \/>\n<meta property=\"article:publisher\" content=\"https:\/\/www.facebook.com\/donbaraton.es\" \/>\n<meta property=\"article:modified_time\" content=\"2019-11-03T00:17:50+00:00\" \/>\n<meta property=\"og:image\" content=\"https:\/\/i1.wp.com\/donbaraton.es\/wp-content\/uploads\/2019\/09\/Armario-juvenil-grande-con-3-puertas-batientes-y-3-cajones-colores-azul-azul-y-verde-Luddo.jpg?fit=762%2C572&ssl=1\" \/>\n\t<meta property=\"og:image:width\" content=\"762\" \/>\n\t<meta property=\"og:image:height\" content=\"572\" \/>\n\t<meta property=\"og:image:type\" content=\"image\/jpeg\" \/>\n<meta name=\"twitter:card\" content=\"summary_large_image\" \/>\n<meta name=\"twitter:site\" content=\"@don_baraton\" \/>\n<meta name=\"twitter:label1\" content=\"Estimated reading time\" \/>\n\t<meta name=\"twitter:data1\" content=\"1 minute\" \/>\n<script type=\"application\/ld+json\" class=\"yoast-schema-graph\">{\"@context\":\"https:\/\/schema.org\",\"@graph\":[{\"@type\":\"WebPage\",\"@id\":\"https:\/\/donbaraton.es\/en\/p\/3-door-childrens-wardrobe-with-3-drawers-luddo\/\",\"url\":\"https:\/\/donbaraton.es\/en\/p\/3-door-childrens-wardrobe-with-3-drawers-luddo\/\",\"name\":\"3 Door Children\u2019s Wardrobe with 3 Drawers \u2013 Luddo - Don Baraton: tienda de sof\u00e1s, muebles y colchones\",\"isPartOf\":{\"@id\":\"https:\/\/donbaraton.es\/#website\"},\"primaryImageOfPage\":{\"@id\":\"https:\/\/donbaraton.es\/en\/p\/3-door-childrens-wardrobe-with-3-drawers-luddo\/#primaryimage\"},\"image\":{\"@id\":\"https:\/\/donbaraton.es\/en\/p\/3-door-childrens-wardrobe-with-3-drawers-luddo\/#primaryimage\"},\"thumbnailUrl\":\"https:\/\/donbaraton.es\/wp-content\/uploads\/2019\/09\/Armario-juvenil-grande-con-3-puertas-batientes-y-3-cajones-colores-azul-azul-y-verde-Luddo.jpg\",\"datePublished\":\"2019-09-13T23:00:01+00:00\",\"dateModified\":\"2019-11-03T00:17:50+00:00\",\"breadcrumb\":{\"@id\":\"https:\/\/donbaraton.es\/en\/p\/3-door-childrens-wardrobe-with-3-drawers-luddo\/#breadcrumb\"},\"inLanguage\":\"en-GB\",\"potentialAction\":[{\"@type\":\"ReadAction\",\"target\":[\"https:\/\/donbaraton.es\/en\/p\/3-door-childrens-wardrobe-with-3-drawers-luddo\/\"]}]},{\"@type\":\"ImageObject\",\"inLanguage\":\"en-GB\",\"@id\":\"https:\/\/donbaraton.es\/en\/p\/3-door-childrens-wardrobe-with-3-drawers-luddo\/#primaryimage\",\"url\":\"https:\/\/donbaraton.es\/wp-content\/uploads\/2019\/09\/Armario-juvenil-grande-con-3-puertas-batientes-y-3-cajones-colores-azul-azul-y-verde-Luddo.jpg\",\"contentUrl\":\"https:\/\/donbaraton.es\/wp-content\/uploads\/2019\/09\/Armario-juvenil-grande-con-3-puertas-batientes-y-3-cajones-colores-azul-azul-y-verde-Luddo.jpg\",\"width\":762,\"height\":572,\"caption\":\"3 Door Children\u2019s Wardrobe with 3 Drawers \u2013 Luddo. 2 Blue Drawers and 1 Green\"},{\"@type\":\"BreadcrumbList\",\"@id\":\"https:\/\/donbaraton.es\/en\/p\/3-door-childrens-wardrobe-with-3-drawers-luddo\/#breadcrumb\",\"itemListElement\":[{\"@type\":\"ListItem\",\"position\":1,\"name\":\"Portada\",\"item\":\"https:\/\/donbaraton.es\/en\/\"},{\"@type\":\"ListItem\",\"position\":2,\"name\":\"Online Shop\",\"item\":\"https:\/\/donbaraton.es\/en\/shop\/\"},{\"@type\":\"ListItem\",\"position\":3,\"name\":\"3 Door Children\u2019s Wardrobe with 3 Drawers \u2013 Luddo\"}]},{\"@type\":\"WebSite\",\"@id\":\"https:\/\/donbaraton.es\/#website\",\"url\":\"https:\/\/donbaraton.es\/\",\"name\":\"Don Baraton: tienda de sof\u00e1s, muebles y colchones\",\"description\":\"Sofas baratos desde el almac\u00e9n en Almorad\u00ed, Alicante\",\"publisher\":{\"@id\":\"https:\/\/donbaraton.es\/#organization\"},\"potentialAction\":[{\"@type\":\"SearchAction\",\"target\":{\"@type\":\"EntryPoint\",\"urlTemplate\":\"https:\/\/donbaraton.es\/?s={search_term_string}\"},\"query-input\":{\"@type\":\"PropertyValueSpecification\",\"valueRequired\":true,\"valueName\":\"search_term_string\"}}],\"inLanguage\":\"en-GB\"},{\"@type\":\"Organization\",\"@id\":\"https:\/\/donbaraton.es\/#organization\",\"name\":\"Don Baraton\",\"url\":\"https:\/\/donbaraton.es\/\",\"logo\":{\"@type\":\"ImageObject\",\"inLanguage\":\"en-GB\",\"@id\":\"https:\/\/donbaraton.es\/#\/schema\/logo\/image\/\",\"url\":\"https:\/\/i0.wp.com\/donbaraton.es\/wp-content\/uploads\/2016\/11\/logo_don_baraton.png?fit=228%2C110&ssl=1\",\"contentUrl\":\"https:\/\/i0.wp.com\/donbaraton.es\/wp-content\/uploads\/2016\/11\/logo_don_baraton.png?fit=228%2C110&ssl=1\",\"width\":228,\"height\":110,\"caption\":\"Don Baraton\"},\"image\":{\"@id\":\"https:\/\/donbaraton.es\/#\/schema\/logo\/image\/\"},\"sameAs\":[\"https:\/\/www.facebook.com\/donbaraton.es\",\"https:\/\/x.com\/don_baraton\",\"https:\/\/www.instagram.com\/donbaraton.es\",\"https:\/\/www.linkedin.com\/company\/donbaraton\/\",\"https:\/\/es.pinterest.com\/donbaraton\/\",\"https:\/\/www.youtube.com\/channel\/UCL02HOwx-F759Jq5MedAZfQ\"]}]}<\/script>\n<!-- \/ Yoast SEO plugin. -->","yoast_head_json":{"title":"3 Door Children\u2019s Wardrobe with 3 Drawers \u2013 Luddo - Don Baraton: tienda de sof\u00e1s, muebles y colchones","robots":{"index":"index","follow":"follow","max-snippet":"max-snippet:-1","max-image-preview":"max-image-preview:large","max-video-preview":"max-video-preview:-1"},"canonical":"https:\/\/donbaraton.es\/en\/p\/3-door-childrens-wardrobe-with-3-drawers-luddo\/","og_locale":"en_GB","og_type":"article","og_title":"3 Door Children\u2019s Wardrobe with 3 Drawers \u2013 Luddo - Don Baraton: tienda de sof\u00e1s, muebles y colchones","og_description":"3 swing doors  3 drawers  1 hanging rail  Drawers colours to choose: pink, blue, grey, green  Matches other Luddo furniture for children  Dimensions: width 149.6 cm, depth 51.9 cm, height 205.6 cm","og_url":"https:\/\/donbaraton.es\/en\/p\/3-door-childrens-wardrobe-with-3-drawers-luddo\/","og_site_name":"Don Baraton: tienda de sof\u00e1s, muebles y colchones","article_publisher":"https:\/\/www.facebook.com\/donbaraton.es","article_modified_time":"2019-11-03T00:17:50+00:00","og_image":[{"width":762,"height":572,"url":"https:\/\/i1.wp.com\/donbaraton.es\/wp-content\/uploads\/2019\/09\/Armario-juvenil-grande-con-3-puertas-batientes-y-3-cajones-colores-azul-azul-y-verde-Luddo.jpg?fit=762%2C572&ssl=1","type":"image\/jpeg"}],"twitter_card":"summary_large_image","twitter_site":"@don_baraton","twitter_misc":{"Estimated reading time":"1 minute"},"schema":{"@context":"https:\/\/schema.org","@graph":[{"@type":"WebPage","@id":"https:\/\/donbaraton.es\/en\/p\/3-door-childrens-wardrobe-with-3-drawers-luddo\/","url":"https:\/\/donbaraton.es\/en\/p\/3-door-childrens-wardrobe-with-3-drawers-luddo\/","name":"3 Door Children\u2019s Wardrobe with 3 Drawers \u2013 Luddo - Don Baraton: tienda de sof\u00e1s, muebles y colchones","isPartOf":{"@id":"https:\/\/donbaraton.es\/#website"},"primaryImageOfPage":{"@id":"https:\/\/donbaraton.es\/en\/p\/3-door-childrens-wardrobe-with-3-drawers-luddo\/#primaryimage"},"image":{"@id":"https:\/\/donbaraton.es\/en\/p\/3-door-childrens-wardrobe-with-3-drawers-luddo\/#primaryimage"},"thumbnailUrl":"https:\/\/donbaraton.es\/wp-content\/uploads\/2019\/09\/Armario-juvenil-grande-con-3-puertas-batientes-y-3-cajones-colores-azul-azul-y-verde-Luddo.jpg","datePublished":"2019-09-13T23:00:01+00:00","dateModified":"2019-11-03T00:17:50+00:00","breadcrumb":{"@id":"https:\/\/donbaraton.es\/en\/p\/3-door-childrens-wardrobe-with-3-drawers-luddo\/#breadcrumb"},"inLanguage":"en-GB","potentialAction":[{"@type":"ReadAction","target":["https:\/\/donbaraton.es\/en\/p\/3-door-childrens-wardrobe-with-3-drawers-luddo\/"]}]},{"@type":"ImageObject","inLanguage":"en-GB","@id":"https:\/\/donbaraton.es\/en\/p\/3-door-childrens-wardrobe-with-3-drawers-luddo\/#primaryimage","url":"https:\/\/donbaraton.es\/wp-content\/uploads\/2019\/09\/Armario-juvenil-grande-con-3-puertas-batientes-y-3-cajones-colores-azul-azul-y-verde-Luddo.jpg","contentUrl":"https:\/\/donbaraton.es\/wp-content\/uploads\/2019\/09\/Armario-juvenil-grande-con-3-puertas-batientes-y-3-cajones-colores-azul-azul-y-verde-Luddo.jpg","width":762,"height":572,"caption":"3 Door Children\u2019s Wardrobe with 3 Drawers \u2013 Luddo. 2 Blue Drawers and 1 Green"},{"@type":"BreadcrumbList","@id":"https:\/\/donbaraton.es\/en\/p\/3-door-childrens-wardrobe-with-3-drawers-luddo\/#breadcrumb","itemListElement":[{"@type":"ListItem","position":1,"name":"Portada","item":"https:\/\/donbaraton.es\/en\/"},{"@type":"ListItem","position":2,"name":"Online Shop","item":"https:\/\/donbaraton.es\/en\/shop\/"},{"@type":"ListItem","position":3,"name":"3 Door Children\u2019s Wardrobe with 3 Drawers \u2013 Luddo"}]},{"@type":"WebSite","@id":"https:\/\/donbaraton.es\/#website","url":"https:\/\/donbaraton.es\/","name":"Don Baraton: tienda de sof\u00e1s, muebles y colchones","description":"Sofas baratos desde el almac\u00e9n en Almorad\u00ed, Alicante","publisher":{"@id":"https:\/\/donbaraton.es\/#organization"},"potentialAction":[{"@type":"SearchAction","target":{"@type":"EntryPoint","urlTemplate":"https:\/\/donbaraton.es\/?s={search_term_string}"},"query-input":{"@type":"PropertyValueSpecification","valueRequired":true,"valueName":"search_term_string"}}],"inLanguage":"en-GB"},{"@type":"Organization","@id":"https:\/\/donbaraton.es\/#organization","name":"Don Baraton","url":"https:\/\/donbaraton.es\/","logo":{"@type":"ImageObject","inLanguage":"en-GB","@id":"https:\/\/donbaraton.es\/#\/schema\/logo\/image\/","url":"https:\/\/i0.wp.com\/donbaraton.es\/wp-content\/uploads\/2016\/11\/logo_don_baraton.png?fit=228%2C110&ssl=1","contentUrl":"https:\/\/i0.wp.com\/donbaraton.es\/wp-content\/uploads\/2016\/11\/logo_don_baraton.png?fit=228%2C110&ssl=1","width":228,"height":110,"caption":"Don Baraton"},"image":{"@id":"https:\/\/donbaraton.es\/#\/schema\/logo\/image\/"},"sameAs":["https:\/\/www.facebook.com\/donbaraton.es","https:\/\/x.com\/don_baraton","https:\/\/www.instagram.com\/donbaraton.es","https:\/\/www.linkedin.com\/company\/donbaraton\/","https:\/\/es.pinterest.com\/donbaraton\/","https:\/\/www.youtube.com\/channel\/UCL02HOwx-F759Jq5MedAZfQ"]}]}},"_links":{"self":[{"href":"https:\/\/donbaraton.es\/en\/wp-json\/wp\/v2\/product\/19935","targetHints":{"allow":["GET"]}}],"collection":[{"href":"https:\/\/donbaraton.es\/en\/wp-json\/wp\/v2\/product"}],"about":[{"href":"https:\/\/donbaraton.es\/en\/wp-json\/wp\/v2\/types\/product"}],"replies":[{"embeddable":true,"href":"https:\/\/donbaraton.es\/en\/wp-json\/wp\/v2\/comments?post=19935"}],"wp:featuredmedia":[{"embeddable":true,"href":"https:\/\/donbaraton.es\/en\/wp-json\/wp\/v2\/media\/19379"}],"wp:attachment":[{"href":"https:\/\/donbaraton.es\/en\/wp-json\/wp\/v2\/media?parent=19935"}],"wp:term":[{"taxonomy":"product_brand","embeddable":true,"href":"https:\/\/donbaraton.es\/en\/wp-json\/wp\/v2\/product_brand?post=19935"},{"taxonomy":"product_cat","embeddable":true,"href":"https:\/\/donbaraton.es\/en\/wp-json\/wp\/v2\/product_cat?post=19935"},{"taxonomy":"product_tag","embeddable":true,"href":"https:\/\/donbaraton.es\/en\/wp-json\/wp\/v2\/product_tag?post=19935"}],"curies":[{"name":"wp","href":"https:\/\/api.w.org\/{rel}","templated":true}]}}