{"id":20254,"date":"2019-10-13T21:09:54","date_gmt":"2019-10-13T19:09:54","guid":{"rendered":"https:\/\/donbaraton.es\/p\/french-rustic-style-double-bed-headboard-provence\/"},"modified":"2021-05-13T14:51:19","modified_gmt":"2021-05-13T12:51:19","slug":"french-rustic-style-double-bed-headboard-provence","status":"publish","type":"product","link":"https:\/\/donbaraton.es\/en\/p\/french-rustic-style-double-bed-headboard-provence\/","title":{"rendered":"French Rustic Style Double Bed Headboard \u2013 Provence"},"content":{"rendered":"<p><strong>French Rustic Style Double Bed Headboard \u2013 Provence<\/strong><\/p>\n<p><strong>Dimensions:<\/strong> width 161 cm, height 120 cm, depth 5 cm<\/p>\n","protected":false},"excerpt":{"rendered":"<ul>\n<li>Classic Provence style with crossed rectangles<\/li>\n<li>For 135\/140\/150\/160 cm wide beds<\/li>\n<li>Light grey colour and top plank in darker grey<\/li>\n<li>Matches other furniture of the Provence range<\/li>\n<\/ul>\n<p><strong>Dimensions:<\/strong> width 161 cm, height 120 cm, depth 5 cm<\/p>\n","protected":false},"featured_media":20044,"comment_status":"open","ping_status":"closed","template":"","meta":{"_et_pb_use_builder":"","_et_pb_old_content":"","_et_gb_content_width":""},"product_brand":[],"product_cat":[135],"product_tag":[],"class_list":{"0":"post-20254","1":"product","2":"type-product","3":"status-publish","4":"has-post-thumbnail","6":"product_cat-headboards","7":"product_shipping_class-3-20-kg-hasta-10-dias","8":"pa_material-mdf-particle-board","10":"first","11":"outofstock","12":"sale","13":"taxable","14":"shipping-taxable","15":"purchasable","16":"product-type-simple"},"yoast_head":"<!-- This site is optimized with the Yoast SEO plugin v27.2 - https:\/\/yoast.com\/product\/yoast-seo-wordpress\/ -->\n<title>French Rustic Style Double Bed Headboard \u2013 Provence - Don Baraton: tienda de sof\u00e1s, muebles y colchones<\/title>\n<meta name=\"robots\" content=\"index, follow, max-snippet:-1, max-image-preview:large, max-video-preview:-1\" \/>\n<link rel=\"canonical\" href=\"https:\/\/donbaraton.es\/en\/p\/french-rustic-style-double-bed-headboard-provence\/\" \/>\n<meta property=\"og:locale\" content=\"en_GB\" \/>\n<meta property=\"og:type\" content=\"article\" \/>\n<meta property=\"og:title\" content=\"French Rustic Style Double Bed Headboard \u2013 Provence - Don Baraton: tienda de sof\u00e1s, muebles y colchones\" \/>\n<meta property=\"og:description\" content=\"Classic Provence style with crossed rectangles  For 135\/140\/150\/160 cm wide beds  Light grey colour and top plank in darker grey  Matches other furniture of the Provence range  Dimensions: width 161 cm, height 120 cm, depth 5 cm\" \/>\n<meta property=\"og:url\" content=\"https:\/\/donbaraton.es\/en\/p\/french-rustic-style-double-bed-headboard-provence\/\" \/>\n<meta property=\"og:site_name\" content=\"Don Baraton: tienda de sof\u00e1s, muebles y colchones\" \/>\n<meta property=\"article:publisher\" content=\"https:\/\/www.facebook.com\/donbaraton.es\" \/>\n<meta property=\"article:modified_time\" content=\"2021-05-13T12:51:19+00:00\" \/>\n<meta property=\"og:image\" content=\"https:\/\/i2.wp.com\/donbaraton.es\/wp-content\/uploads\/2019\/10\/Cabecero-de-matrimonio-estilo-provenzal-franc\u00e9s-r\u00fastico-Provence.jpg?fit=870%2C653&ssl=1\" \/>\n\t<meta property=\"og:image:width\" content=\"870\" \/>\n\t<meta property=\"og:image:height\" content=\"653\" \/>\n\t<meta property=\"og:image:type\" content=\"image\/jpeg\" \/>\n<meta name=\"twitter:card\" content=\"summary_large_image\" \/>\n<meta name=\"twitter:site\" content=\"@don_baraton\" \/>\n<script type=\"application\/ld+json\" class=\"yoast-schema-graph\">{\"@context\":\"https:\/\/schema.org\",\"@graph\":[{\"@type\":\"WebPage\",\"@id\":\"https:\/\/donbaraton.es\/en\/p\/french-rustic-style-double-bed-headboard-provence\/\",\"url\":\"https:\/\/donbaraton.es\/en\/p\/french-rustic-style-double-bed-headboard-provence\/\",\"name\":\"French Rustic Style Double Bed Headboard \u2013 Provence - Don Baraton: tienda de sof\u00e1s, muebles y colchones\",\"isPartOf\":{\"@id\":\"https:\/\/donbaraton.es\/#website\"},\"primaryImageOfPage\":{\"@id\":\"https:\/\/donbaraton.es\/en\/p\/french-rustic-style-double-bed-headboard-provence\/#primaryimage\"},\"image\":{\"@id\":\"https:\/\/donbaraton.es\/en\/p\/french-rustic-style-double-bed-headboard-provence\/#primaryimage\"},\"thumbnailUrl\":\"https:\/\/donbaraton.es\/wp-content\/uploads\/2019\/10\/Cabecero-de-matrimonio-estilo-provenzal-franc\u00e9s-r\u00fastico-Provence.jpg\",\"datePublished\":\"2019-10-13T19:09:54+00:00\",\"dateModified\":\"2021-05-13T12:51:19+00:00\",\"breadcrumb\":{\"@id\":\"https:\/\/donbaraton.es\/en\/p\/french-rustic-style-double-bed-headboard-provence\/#breadcrumb\"},\"inLanguage\":\"en-GB\",\"potentialAction\":[{\"@type\":\"ReadAction\",\"target\":[\"https:\/\/donbaraton.es\/en\/p\/french-rustic-style-double-bed-headboard-provence\/\"]}]},{\"@type\":\"ImageObject\",\"inLanguage\":\"en-GB\",\"@id\":\"https:\/\/donbaraton.es\/en\/p\/french-rustic-style-double-bed-headboard-provence\/#primaryimage\",\"url\":\"https:\/\/donbaraton.es\/wp-content\/uploads\/2019\/10\/Cabecero-de-matrimonio-estilo-provenzal-franc\u00e9s-r\u00fastico-Provence.jpg\",\"contentUrl\":\"https:\/\/donbaraton.es\/wp-content\/uploads\/2019\/10\/Cabecero-de-matrimonio-estilo-provenzal-franc\u00e9s-r\u00fastico-Provence.jpg\",\"width\":870,\"height\":653,\"caption\":\"French Rustic Style Double Bed Headboard \u2013 Provence\"},{\"@type\":\"BreadcrumbList\",\"@id\":\"https:\/\/donbaraton.es\/en\/p\/french-rustic-style-double-bed-headboard-provence\/#breadcrumb\",\"itemListElement\":[{\"@type\":\"ListItem\",\"position\":1,\"name\":\"Portada\",\"item\":\"https:\/\/donbaraton.es\/en\/\"},{\"@type\":\"ListItem\",\"position\":2,\"name\":\"Online Shop\",\"item\":\"https:\/\/donbaraton.es\/en\/shop\/\"},{\"@type\":\"ListItem\",\"position\":3,\"name\":\"French Rustic Style Double Bed Headboard \u2013 Provence\"}]},{\"@type\":\"WebSite\",\"@id\":\"https:\/\/donbaraton.es\/#website\",\"url\":\"https:\/\/donbaraton.es\/\",\"name\":\"Don Baraton: tienda de sof\u00e1s, muebles y colchones\",\"description\":\"Sofas baratos desde el almac\u00e9n en Almorad\u00ed, Alicante\",\"publisher\":{\"@id\":\"https:\/\/donbaraton.es\/#organization\"},\"potentialAction\":[{\"@type\":\"SearchAction\",\"target\":{\"@type\":\"EntryPoint\",\"urlTemplate\":\"https:\/\/donbaraton.es\/?s={search_term_string}\"},\"query-input\":{\"@type\":\"PropertyValueSpecification\",\"valueRequired\":true,\"valueName\":\"search_term_string\"}}],\"inLanguage\":\"en-GB\"},{\"@type\":\"Organization\",\"@id\":\"https:\/\/donbaraton.es\/#organization\",\"name\":\"Don Baraton\",\"url\":\"https:\/\/donbaraton.es\/\",\"logo\":{\"@type\":\"ImageObject\",\"inLanguage\":\"en-GB\",\"@id\":\"https:\/\/donbaraton.es\/#\/schema\/logo\/image\/\",\"url\":\"https:\/\/i0.wp.com\/donbaraton.es\/wp-content\/uploads\/2016\/11\/logo_don_baraton.png?fit=228%2C110&ssl=1\",\"contentUrl\":\"https:\/\/i0.wp.com\/donbaraton.es\/wp-content\/uploads\/2016\/11\/logo_don_baraton.png?fit=228%2C110&ssl=1\",\"width\":228,\"height\":110,\"caption\":\"Don Baraton\"},\"image\":{\"@id\":\"https:\/\/donbaraton.es\/#\/schema\/logo\/image\/\"},\"sameAs\":[\"https:\/\/www.facebook.com\/donbaraton.es\",\"https:\/\/x.com\/don_baraton\",\"https:\/\/www.instagram.com\/donbaraton.es\",\"https:\/\/www.linkedin.com\/company\/donbaraton\/\",\"https:\/\/es.pinterest.com\/donbaraton\/\",\"https:\/\/www.youtube.com\/channel\/UCL02HOwx-F759Jq5MedAZfQ\"]}]}<\/script>\n<!-- \/ Yoast SEO plugin. -->","yoast_head_json":{"title":"French Rustic Style Double Bed Headboard \u2013 Provence - Don Baraton: tienda de sof\u00e1s, muebles y colchones","robots":{"index":"index","follow":"follow","max-snippet":"max-snippet:-1","max-image-preview":"max-image-preview:large","max-video-preview":"max-video-preview:-1"},"canonical":"https:\/\/donbaraton.es\/en\/p\/french-rustic-style-double-bed-headboard-provence\/","og_locale":"en_GB","og_type":"article","og_title":"French Rustic Style Double Bed Headboard \u2013 Provence - Don Baraton: tienda de sof\u00e1s, muebles y colchones","og_description":"Classic Provence style with crossed rectangles  For 135\/140\/150\/160 cm wide beds  Light grey colour and top plank in darker grey  Matches other furniture of the Provence range  Dimensions: width 161 cm, height 120 cm, depth 5 cm","og_url":"https:\/\/donbaraton.es\/en\/p\/french-rustic-style-double-bed-headboard-provence\/","og_site_name":"Don Baraton: tienda de sof\u00e1s, muebles y colchones","article_publisher":"https:\/\/www.facebook.com\/donbaraton.es","article_modified_time":"2021-05-13T12:51:19+00:00","og_image":[{"width":870,"height":653,"url":"https:\/\/i2.wp.com\/donbaraton.es\/wp-content\/uploads\/2019\/10\/Cabecero-de-matrimonio-estilo-provenzal-franc\u00e9s-r\u00fastico-Provence.jpg?fit=870%2C653&ssl=1","type":"image\/jpeg"}],"twitter_card":"summary_large_image","twitter_site":"@don_baraton","schema":{"@context":"https:\/\/schema.org","@graph":[{"@type":"WebPage","@id":"https:\/\/donbaraton.es\/en\/p\/french-rustic-style-double-bed-headboard-provence\/","url":"https:\/\/donbaraton.es\/en\/p\/french-rustic-style-double-bed-headboard-provence\/","name":"French Rustic Style Double Bed Headboard \u2013 Provence - Don Baraton: tienda de sof\u00e1s, muebles y colchones","isPartOf":{"@id":"https:\/\/donbaraton.es\/#website"},"primaryImageOfPage":{"@id":"https:\/\/donbaraton.es\/en\/p\/french-rustic-style-double-bed-headboard-provence\/#primaryimage"},"image":{"@id":"https:\/\/donbaraton.es\/en\/p\/french-rustic-style-double-bed-headboard-provence\/#primaryimage"},"thumbnailUrl":"https:\/\/donbaraton.es\/wp-content\/uploads\/2019\/10\/Cabecero-de-matrimonio-estilo-provenzal-franc\u00e9s-r\u00fastico-Provence.jpg","datePublished":"2019-10-13T19:09:54+00:00","dateModified":"2021-05-13T12:51:19+00:00","breadcrumb":{"@id":"https:\/\/donbaraton.es\/en\/p\/french-rustic-style-double-bed-headboard-provence\/#breadcrumb"},"inLanguage":"en-GB","potentialAction":[{"@type":"ReadAction","target":["https:\/\/donbaraton.es\/en\/p\/french-rustic-style-double-bed-headboard-provence\/"]}]},{"@type":"ImageObject","inLanguage":"en-GB","@id":"https:\/\/donbaraton.es\/en\/p\/french-rustic-style-double-bed-headboard-provence\/#primaryimage","url":"https:\/\/donbaraton.es\/wp-content\/uploads\/2019\/10\/Cabecero-de-matrimonio-estilo-provenzal-franc\u00e9s-r\u00fastico-Provence.jpg","contentUrl":"https:\/\/donbaraton.es\/wp-content\/uploads\/2019\/10\/Cabecero-de-matrimonio-estilo-provenzal-franc\u00e9s-r\u00fastico-Provence.jpg","width":870,"height":653,"caption":"French Rustic Style Double Bed Headboard \u2013 Provence"},{"@type":"BreadcrumbList","@id":"https:\/\/donbaraton.es\/en\/p\/french-rustic-style-double-bed-headboard-provence\/#breadcrumb","itemListElement":[{"@type":"ListItem","position":1,"name":"Portada","item":"https:\/\/donbaraton.es\/en\/"},{"@type":"ListItem","position":2,"name":"Online Shop","item":"https:\/\/donbaraton.es\/en\/shop\/"},{"@type":"ListItem","position":3,"name":"French Rustic Style Double Bed Headboard \u2013 Provence"}]},{"@type":"WebSite","@id":"https:\/\/donbaraton.es\/#website","url":"https:\/\/donbaraton.es\/","name":"Don Baraton: tienda de sof\u00e1s, muebles y colchones","description":"Sofas baratos desde el almac\u00e9n en Almorad\u00ed, Alicante","publisher":{"@id":"https:\/\/donbaraton.es\/#organization"},"potentialAction":[{"@type":"SearchAction","target":{"@type":"EntryPoint","urlTemplate":"https:\/\/donbaraton.es\/?s={search_term_string}"},"query-input":{"@type":"PropertyValueSpecification","valueRequired":true,"valueName":"search_term_string"}}],"inLanguage":"en-GB"},{"@type":"Organization","@id":"https:\/\/donbaraton.es\/#organization","name":"Don Baraton","url":"https:\/\/donbaraton.es\/","logo":{"@type":"ImageObject","inLanguage":"en-GB","@id":"https:\/\/donbaraton.es\/#\/schema\/logo\/image\/","url":"https:\/\/i0.wp.com\/donbaraton.es\/wp-content\/uploads\/2016\/11\/logo_don_baraton.png?fit=228%2C110&ssl=1","contentUrl":"https:\/\/i0.wp.com\/donbaraton.es\/wp-content\/uploads\/2016\/11\/logo_don_baraton.png?fit=228%2C110&ssl=1","width":228,"height":110,"caption":"Don Baraton"},"image":{"@id":"https:\/\/donbaraton.es\/#\/schema\/logo\/image\/"},"sameAs":["https:\/\/www.facebook.com\/donbaraton.es","https:\/\/x.com\/don_baraton","https:\/\/www.instagram.com\/donbaraton.es","https:\/\/www.linkedin.com\/company\/donbaraton\/","https:\/\/es.pinterest.com\/donbaraton\/","https:\/\/www.youtube.com\/channel\/UCL02HOwx-F759Jq5MedAZfQ"]}]}},"_links":{"self":[{"href":"https:\/\/donbaraton.es\/en\/wp-json\/wp\/v2\/product\/20254","targetHints":{"allow":["GET"]}}],"collection":[{"href":"https:\/\/donbaraton.es\/en\/wp-json\/wp\/v2\/product"}],"about":[{"href":"https:\/\/donbaraton.es\/en\/wp-json\/wp\/v2\/types\/product"}],"replies":[{"embeddable":true,"href":"https:\/\/donbaraton.es\/en\/wp-json\/wp\/v2\/comments?post=20254"}],"wp:featuredmedia":[{"embeddable":true,"href":"https:\/\/donbaraton.es\/en\/wp-json\/wp\/v2\/media\/20044"}],"wp:attachment":[{"href":"https:\/\/donbaraton.es\/en\/wp-json\/wp\/v2\/media?parent=20254"}],"wp:term":[{"taxonomy":"product_brand","embeddable":true,"href":"https:\/\/donbaraton.es\/en\/wp-json\/wp\/v2\/product_brand?post=20254"},{"taxonomy":"product_cat","embeddable":true,"href":"https:\/\/donbaraton.es\/en\/wp-json\/wp\/v2\/product_cat?post=20254"},{"taxonomy":"product_tag","embeddable":true,"href":"https:\/\/donbaraton.es\/en\/wp-json\/wp\/v2\/product_tag?post=20254"}],"curies":[{"name":"wp","href":"https:\/\/api.w.org\/{rel}","templated":true}]}}