{"id":20277,"date":"2019-10-18T20:31:44","date_gmt":"2019-10-18T18:31:44","guid":{"rendered":"https:\/\/donbaraton.es\/p\/french-style-living-room-set-tall-cabinet-tv-stand-low-cabinet-shelf-318-provence\/"},"modified":"2019-10-24T16:09:53","modified_gmt":"2019-10-24T14:09:53","slug":"french-style-living-room-set-tall-cabinet-tv-stand-low-cabinet-shelf-318-provence","status":"publish","type":"product","link":"https:\/\/donbaraton.es\/en\/p\/french-style-living-room-set-tall-cabinet-tv-stand-low-cabinet-shelf-318-provence\/","title":{"rendered":"French Style Living Room Set: Tall Cabinet, TV Stand, Low Cabinet, Shelf, 318 cm &#8211; Provence"},"content":{"rendered":"<p><strong>French Style Living Room Set: Tall Narrow Cabinet, TV Stand, Low Cabinet, Shelf, 318 cm &#8211; Provence<\/strong><\/p>\n<p><strong>Dimensions.<\/strong> <strong>Tall narrow cabinet:<\/strong> width 69 cm, height 204 cm, depth 42 cm. <strong>TV stand:<\/strong> width 150 cm, depth 52 cm, height 65 cm. <strong>Low cabinet:<\/strong> width 99 cm, height 141 cm, depth 42 cm. <strong>Wall mounted shelf: <\/strong>length 176 cm, height 24 cm, depth 22 cm<\/p>\n<p>Assembly service is not included in the price<\/p>\n","protected":false},"excerpt":{"rendered":"<ul>\n<li>4 products: tall cabinet, low cabinet, shelf, TV stand<\/li>\n<li>LED lights on both cabinets<\/li>\n<li>Metal handles<\/li>\n<li>Combination of light grey and darker grey colours<\/li>\n<li>Matches other furniture of the Provence range<\/li>\n<\/ul>\n<p><b>Maximum dimensions:<\/b> length 318 cm, depth 52 cm, height 204 cm<\/p>\n","protected":false},"featured_media":20218,"comment_status":"open","ping_status":"closed","template":"","meta":{"_et_pb_use_builder":"","_et_pb_old_content":"","_et_gb_content_width":""},"product_brand":[],"product_cat":[71,263],"product_tag":[],"class_list":{"0":"post-20277","1":"product","2":"type-product","3":"status-publish","4":"has-post-thumbnail","6":"product_cat-furniture","7":"product_cat-living-room-sets","8":"product_shipping_class-articulos-pesado-manufacturing-up-to-10-days","9":"pa_material-mdf-particle-board","11":"first","12":"outofstock","13":"sale","14":"taxable","15":"shipping-taxable","16":"purchasable","17":"product-type-simple"},"yoast_head":"<!-- This site is optimized with the Yoast SEO plugin v27.2 - https:\/\/yoast.com\/product\/yoast-seo-wordpress\/ -->\n<title>French Style Living Room Set: Tall Cabinet, TV Stand, Low Cabinet, Shelf, 318 cm - Provence - Don Baraton: tienda de sof\u00e1s, muebles y colchones<\/title>\n<meta name=\"robots\" content=\"index, follow, max-snippet:-1, max-image-preview:large, max-video-preview:-1\" \/>\n<link rel=\"canonical\" href=\"https:\/\/donbaraton.es\/en\/p\/french-style-living-room-set-tall-cabinet-tv-stand-low-cabinet-shelf-318-provence\/\" \/>\n<meta property=\"og:locale\" content=\"en_GB\" \/>\n<meta property=\"og:type\" content=\"article\" \/>\n<meta property=\"og:title\" content=\"French Style Living Room Set: Tall Cabinet, TV Stand, Low Cabinet, Shelf, 318 cm - Provence - Don Baraton: tienda de sof\u00e1s, muebles y colchones\" \/>\n<meta property=\"og:description\" content=\"4 products: tall cabinet, low cabinet, shelf, TV stand  LED lights on both cabinets  Metal handles  Combination of light grey and darker grey colours  Matches other furniture of the Provence range  Maximum dimensions: length 318 cm, depth 52 cm, height 204 cm\" \/>\n<meta property=\"og:url\" content=\"https:\/\/donbaraton.es\/en\/p\/french-style-living-room-set-tall-cabinet-tv-stand-low-cabinet-shelf-318-provence\/\" \/>\n<meta property=\"og:site_name\" content=\"Don Baraton: tienda de sof\u00e1s, muebles y colchones\" \/>\n<meta property=\"article:publisher\" content=\"https:\/\/www.facebook.com\/donbaraton.es\" \/>\n<meta property=\"article:modified_time\" content=\"2019-10-24T14:09:53+00:00\" \/>\n<meta property=\"og:image\" content=\"https:\/\/i1.wp.com\/donbaraton.es\/wp-content\/uploads\/2019\/10\/Conjunto-de-salon-estilo-franc\u00e9s-vitrina-alta-bajo-TV-bodeguero-estante-318-cm-Provence.jpg?fit=1000%2C750&ssl=1\" \/>\n\t<meta property=\"og:image:width\" content=\"1000\" \/>\n\t<meta property=\"og:image:height\" content=\"750\" \/>\n\t<meta property=\"og:image:type\" content=\"image\/jpeg\" \/>\n<meta name=\"twitter:card\" content=\"summary_large_image\" \/>\n<meta name=\"twitter:site\" content=\"@don_baraton\" \/>\n<script type=\"application\/ld+json\" class=\"yoast-schema-graph\">{\"@context\":\"https:\/\/schema.org\",\"@graph\":[{\"@type\":\"WebPage\",\"@id\":\"https:\/\/donbaraton.es\/en\/p\/french-style-living-room-set-tall-cabinet-tv-stand-low-cabinet-shelf-318-provence\/\",\"url\":\"https:\/\/donbaraton.es\/en\/p\/french-style-living-room-set-tall-cabinet-tv-stand-low-cabinet-shelf-318-provence\/\",\"name\":\"French Style Living Room Set: Tall Cabinet, TV Stand, Low Cabinet, Shelf, 318 cm - Provence - Don Baraton: tienda de sof\u00e1s, muebles y colchones\",\"isPartOf\":{\"@id\":\"https:\/\/donbaraton.es\/#website\"},\"primaryImageOfPage\":{\"@id\":\"https:\/\/donbaraton.es\/en\/p\/french-style-living-room-set-tall-cabinet-tv-stand-low-cabinet-shelf-318-provence\/#primaryimage\"},\"image\":{\"@id\":\"https:\/\/donbaraton.es\/en\/p\/french-style-living-room-set-tall-cabinet-tv-stand-low-cabinet-shelf-318-provence\/#primaryimage\"},\"thumbnailUrl\":\"https:\/\/donbaraton.es\/wp-content\/uploads\/2019\/10\/Conjunto-de-salon-estilo-franc\u00e9s-vitrina-alta-bajo-TV-bodeguero-estante-318-cm-Provence.jpg\",\"datePublished\":\"2019-10-18T18:31:44+00:00\",\"dateModified\":\"2019-10-24T14:09:53+00:00\",\"breadcrumb\":{\"@id\":\"https:\/\/donbaraton.es\/en\/p\/french-style-living-room-set-tall-cabinet-tv-stand-low-cabinet-shelf-318-provence\/#breadcrumb\"},\"inLanguage\":\"en-GB\",\"potentialAction\":[{\"@type\":\"ReadAction\",\"target\":[\"https:\/\/donbaraton.es\/en\/p\/french-style-living-room-set-tall-cabinet-tv-stand-low-cabinet-shelf-318-provence\/\"]}]},{\"@type\":\"ImageObject\",\"inLanguage\":\"en-GB\",\"@id\":\"https:\/\/donbaraton.es\/en\/p\/french-style-living-room-set-tall-cabinet-tv-stand-low-cabinet-shelf-318-provence\/#primaryimage\",\"url\":\"https:\/\/donbaraton.es\/wp-content\/uploads\/2019\/10\/Conjunto-de-salon-estilo-franc\u00e9s-vitrina-alta-bajo-TV-bodeguero-estante-318-cm-Provence.jpg\",\"contentUrl\":\"https:\/\/donbaraton.es\/wp-content\/uploads\/2019\/10\/Conjunto-de-salon-estilo-franc\u00e9s-vitrina-alta-bajo-TV-bodeguero-estante-318-cm-Provence.jpg\",\"width\":1000,\"height\":750,\"caption\":\"French Style Living Room Set: Tall Cabinet, TV Stand, Low Cabinet, Shelf, 318 cm - Provence\"},{\"@type\":\"BreadcrumbList\",\"@id\":\"https:\/\/donbaraton.es\/en\/p\/french-style-living-room-set-tall-cabinet-tv-stand-low-cabinet-shelf-318-provence\/#breadcrumb\",\"itemListElement\":[{\"@type\":\"ListItem\",\"position\":1,\"name\":\"Portada\",\"item\":\"https:\/\/donbaraton.es\/en\/\"},{\"@type\":\"ListItem\",\"position\":2,\"name\":\"Online Shop\",\"item\":\"https:\/\/donbaraton.es\/en\/shop\/\"},{\"@type\":\"ListItem\",\"position\":3,\"name\":\"French Style Living Room Set: Tall Cabinet, TV Stand, Low Cabinet, Shelf, 318 cm &#8211; Provence\"}]},{\"@type\":\"WebSite\",\"@id\":\"https:\/\/donbaraton.es\/#website\",\"url\":\"https:\/\/donbaraton.es\/\",\"name\":\"Don Baraton: tienda de sof\u00e1s, muebles y colchones\",\"description\":\"Sofas baratos desde el almac\u00e9n en Almorad\u00ed, Alicante\",\"publisher\":{\"@id\":\"https:\/\/donbaraton.es\/#organization\"},\"potentialAction\":[{\"@type\":\"SearchAction\",\"target\":{\"@type\":\"EntryPoint\",\"urlTemplate\":\"https:\/\/donbaraton.es\/?s={search_term_string}\"},\"query-input\":{\"@type\":\"PropertyValueSpecification\",\"valueRequired\":true,\"valueName\":\"search_term_string\"}}],\"inLanguage\":\"en-GB\"},{\"@type\":\"Organization\",\"@id\":\"https:\/\/donbaraton.es\/#organization\",\"name\":\"Don Baraton\",\"url\":\"https:\/\/donbaraton.es\/\",\"logo\":{\"@type\":\"ImageObject\",\"inLanguage\":\"en-GB\",\"@id\":\"https:\/\/donbaraton.es\/#\/schema\/logo\/image\/\",\"url\":\"https:\/\/i0.wp.com\/donbaraton.es\/wp-content\/uploads\/2016\/11\/logo_don_baraton.png?fit=228%2C110&ssl=1\",\"contentUrl\":\"https:\/\/i0.wp.com\/donbaraton.es\/wp-content\/uploads\/2016\/11\/logo_don_baraton.png?fit=228%2C110&ssl=1\",\"width\":228,\"height\":110,\"caption\":\"Don Baraton\"},\"image\":{\"@id\":\"https:\/\/donbaraton.es\/#\/schema\/logo\/image\/\"},\"sameAs\":[\"https:\/\/www.facebook.com\/donbaraton.es\",\"https:\/\/x.com\/don_baraton\",\"https:\/\/www.instagram.com\/donbaraton.es\",\"https:\/\/www.linkedin.com\/company\/donbaraton\/\",\"https:\/\/es.pinterest.com\/donbaraton\/\",\"https:\/\/www.youtube.com\/channel\/UCL02HOwx-F759Jq5MedAZfQ\"]}]}<\/script>\n<!-- \/ Yoast SEO plugin. -->","yoast_head_json":{"title":"French Style Living Room Set: Tall Cabinet, TV Stand, Low Cabinet, Shelf, 318 cm - Provence - Don Baraton: tienda de sof\u00e1s, muebles y colchones","robots":{"index":"index","follow":"follow","max-snippet":"max-snippet:-1","max-image-preview":"max-image-preview:large","max-video-preview":"max-video-preview:-1"},"canonical":"https:\/\/donbaraton.es\/en\/p\/french-style-living-room-set-tall-cabinet-tv-stand-low-cabinet-shelf-318-provence\/","og_locale":"en_GB","og_type":"article","og_title":"French Style Living Room Set: Tall Cabinet, TV Stand, Low Cabinet, Shelf, 318 cm - Provence - Don Baraton: tienda de sof\u00e1s, muebles y colchones","og_description":"4 products: tall cabinet, low cabinet, shelf, TV stand  LED lights on both cabinets  Metal handles  Combination of light grey and darker grey colours  Matches other furniture of the Provence range  Maximum dimensions: length 318 cm, depth 52 cm, height 204 cm","og_url":"https:\/\/donbaraton.es\/en\/p\/french-style-living-room-set-tall-cabinet-tv-stand-low-cabinet-shelf-318-provence\/","og_site_name":"Don Baraton: tienda de sof\u00e1s, muebles y colchones","article_publisher":"https:\/\/www.facebook.com\/donbaraton.es","article_modified_time":"2019-10-24T14:09:53+00:00","og_image":[{"width":1000,"height":750,"url":"https:\/\/i1.wp.com\/donbaraton.es\/wp-content\/uploads\/2019\/10\/Conjunto-de-salon-estilo-franc\u00e9s-vitrina-alta-bajo-TV-bodeguero-estante-318-cm-Provence.jpg?fit=1000%2C750&ssl=1","type":"image\/jpeg"}],"twitter_card":"summary_large_image","twitter_site":"@don_baraton","schema":{"@context":"https:\/\/schema.org","@graph":[{"@type":"WebPage","@id":"https:\/\/donbaraton.es\/en\/p\/french-style-living-room-set-tall-cabinet-tv-stand-low-cabinet-shelf-318-provence\/","url":"https:\/\/donbaraton.es\/en\/p\/french-style-living-room-set-tall-cabinet-tv-stand-low-cabinet-shelf-318-provence\/","name":"French Style Living Room Set: Tall Cabinet, TV Stand, Low Cabinet, Shelf, 318 cm - Provence - Don Baraton: tienda de sof\u00e1s, muebles y colchones","isPartOf":{"@id":"https:\/\/donbaraton.es\/#website"},"primaryImageOfPage":{"@id":"https:\/\/donbaraton.es\/en\/p\/french-style-living-room-set-tall-cabinet-tv-stand-low-cabinet-shelf-318-provence\/#primaryimage"},"image":{"@id":"https:\/\/donbaraton.es\/en\/p\/french-style-living-room-set-tall-cabinet-tv-stand-low-cabinet-shelf-318-provence\/#primaryimage"},"thumbnailUrl":"https:\/\/donbaraton.es\/wp-content\/uploads\/2019\/10\/Conjunto-de-salon-estilo-franc\u00e9s-vitrina-alta-bajo-TV-bodeguero-estante-318-cm-Provence.jpg","datePublished":"2019-10-18T18:31:44+00:00","dateModified":"2019-10-24T14:09:53+00:00","breadcrumb":{"@id":"https:\/\/donbaraton.es\/en\/p\/french-style-living-room-set-tall-cabinet-tv-stand-low-cabinet-shelf-318-provence\/#breadcrumb"},"inLanguage":"en-GB","potentialAction":[{"@type":"ReadAction","target":["https:\/\/donbaraton.es\/en\/p\/french-style-living-room-set-tall-cabinet-tv-stand-low-cabinet-shelf-318-provence\/"]}]},{"@type":"ImageObject","inLanguage":"en-GB","@id":"https:\/\/donbaraton.es\/en\/p\/french-style-living-room-set-tall-cabinet-tv-stand-low-cabinet-shelf-318-provence\/#primaryimage","url":"https:\/\/donbaraton.es\/wp-content\/uploads\/2019\/10\/Conjunto-de-salon-estilo-franc\u00e9s-vitrina-alta-bajo-TV-bodeguero-estante-318-cm-Provence.jpg","contentUrl":"https:\/\/donbaraton.es\/wp-content\/uploads\/2019\/10\/Conjunto-de-salon-estilo-franc\u00e9s-vitrina-alta-bajo-TV-bodeguero-estante-318-cm-Provence.jpg","width":1000,"height":750,"caption":"French Style Living Room Set: Tall Cabinet, TV Stand, Low Cabinet, Shelf, 318 cm - Provence"},{"@type":"BreadcrumbList","@id":"https:\/\/donbaraton.es\/en\/p\/french-style-living-room-set-tall-cabinet-tv-stand-low-cabinet-shelf-318-provence\/#breadcrumb","itemListElement":[{"@type":"ListItem","position":1,"name":"Portada","item":"https:\/\/donbaraton.es\/en\/"},{"@type":"ListItem","position":2,"name":"Online Shop","item":"https:\/\/donbaraton.es\/en\/shop\/"},{"@type":"ListItem","position":3,"name":"French Style Living Room Set: Tall Cabinet, TV Stand, Low Cabinet, Shelf, 318 cm &#8211; Provence"}]},{"@type":"WebSite","@id":"https:\/\/donbaraton.es\/#website","url":"https:\/\/donbaraton.es\/","name":"Don Baraton: tienda de sof\u00e1s, muebles y colchones","description":"Sofas baratos desde el almac\u00e9n en Almorad\u00ed, Alicante","publisher":{"@id":"https:\/\/donbaraton.es\/#organization"},"potentialAction":[{"@type":"SearchAction","target":{"@type":"EntryPoint","urlTemplate":"https:\/\/donbaraton.es\/?s={search_term_string}"},"query-input":{"@type":"PropertyValueSpecification","valueRequired":true,"valueName":"search_term_string"}}],"inLanguage":"en-GB"},{"@type":"Organization","@id":"https:\/\/donbaraton.es\/#organization","name":"Don Baraton","url":"https:\/\/donbaraton.es\/","logo":{"@type":"ImageObject","inLanguage":"en-GB","@id":"https:\/\/donbaraton.es\/#\/schema\/logo\/image\/","url":"https:\/\/i0.wp.com\/donbaraton.es\/wp-content\/uploads\/2016\/11\/logo_don_baraton.png?fit=228%2C110&ssl=1","contentUrl":"https:\/\/i0.wp.com\/donbaraton.es\/wp-content\/uploads\/2016\/11\/logo_don_baraton.png?fit=228%2C110&ssl=1","width":228,"height":110,"caption":"Don Baraton"},"image":{"@id":"https:\/\/donbaraton.es\/#\/schema\/logo\/image\/"},"sameAs":["https:\/\/www.facebook.com\/donbaraton.es","https:\/\/x.com\/don_baraton","https:\/\/www.instagram.com\/donbaraton.es","https:\/\/www.linkedin.com\/company\/donbaraton\/","https:\/\/es.pinterest.com\/donbaraton\/","https:\/\/www.youtube.com\/channel\/UCL02HOwx-F759Jq5MedAZfQ"]}]}},"_links":{"self":[{"href":"https:\/\/donbaraton.es\/en\/wp-json\/wp\/v2\/product\/20277","targetHints":{"allow":["GET"]}}],"collection":[{"href":"https:\/\/donbaraton.es\/en\/wp-json\/wp\/v2\/product"}],"about":[{"href":"https:\/\/donbaraton.es\/en\/wp-json\/wp\/v2\/types\/product"}],"replies":[{"embeddable":true,"href":"https:\/\/donbaraton.es\/en\/wp-json\/wp\/v2\/comments?post=20277"}],"wp:featuredmedia":[{"embeddable":true,"href":"https:\/\/donbaraton.es\/en\/wp-json\/wp\/v2\/media\/20218"}],"wp:attachment":[{"href":"https:\/\/donbaraton.es\/en\/wp-json\/wp\/v2\/media?parent=20277"}],"wp:term":[{"taxonomy":"product_brand","embeddable":true,"href":"https:\/\/donbaraton.es\/en\/wp-json\/wp\/v2\/product_brand?post=20277"},{"taxonomy":"product_cat","embeddable":true,"href":"https:\/\/donbaraton.es\/en\/wp-json\/wp\/v2\/product_cat?post=20277"},{"taxonomy":"product_tag","embeddable":true,"href":"https:\/\/donbaraton.es\/en\/wp-json\/wp\/v2\/product_tag?post=20277"}],"curies":[{"name":"wp","href":"https:\/\/api.w.org\/{rel}","templated":true}]}}