{"id":20852,"date":"2019-10-22T18:31:26","date_gmt":"2019-10-22T16:31:26","guid":{"rendered":"https:\/\/donbaraton.es\/p\/tall-2-door-wardrobe-with-upper-compartment-oak-white-rimini\/"},"modified":"2019-11-03T01:10:09","modified_gmt":"2019-11-03T00:10:09","slug":"tall-2-door-wardrobe-upper-compartment-oak-white-rimini","status":"publish","type":"product","link":"https:\/\/donbaraton.es\/en\/p\/tall-2-door-wardrobe-upper-compartment-oak-white-rimini\/","title":{"rendered":"Tall 2 Door Wardrobe with Upper Compartment in Oak and White &#8211; Rimini"},"content":{"rendered":"<p><strong>Tall Two Door Wardrobe with Upper Compartment in Oak and White &#8211; Rimini<\/strong><\/p>\n<p>An affordable wardrobe for rooms with limited floor space and quite high ceiling (take measurements before placing the order, this wardrobe is really high).<\/p>\n<p>The main wardrobe and the upper compartment have two swinging doors with handles.<\/p>\n<p>There&#8217;s a lower shelf and a hanging rail inside the main wardrobe.<\/p>\n<p>Oak and white colours match those of other furniture items of the Rimini range. You can combine this wardrobe with desks, beds, headboards, wall shelves to furnish your entire room fast and at affordable price.<\/p>\n<p><strong>Dimensions with upper compartment:<\/strong> width 90 cm, height 243 cm, depth 50 cm. <strong>Dimensions of the main wardrobe (without upper compartment):<\/strong> width 90 cm, height 199,4 cm, depth 50 cm. <strong>Dimensions of the upper compartment:<\/strong> width 90 cm, height 43 cm, depth 50 cm<\/p>\n<p>Assembly service is not included in the price<\/p>\n","protected":false},"excerpt":{"rendered":"<ul>\n<li>High and narrow wardrobe<\/li>\n<li>Perfect for rooms with limited space and high ceiling<\/li>\n<li>Separate upper storage compartment<\/li>\n<li>4 doors: 2 of the main wardrobe and 2 of the upper compartment<\/li>\n<li>Combination of white and oak colours<\/li>\n<li>Grey handles<\/li>\n<li>Hanging rail included<\/li>\n<li>Matches other furniture of the Rimini range<\/li>\n<\/ul>\n<p><strong>Dimensions:<\/strong> width 90 cm, height 243 cm, depth 50 cm<\/p>\n","protected":false},"featured_media":20354,"comment_status":"open","ping_status":"closed","template":"","meta":{"_et_pb_use_builder":"","_et_pb_old_content":"","_et_gb_content_width":""},"product_brand":[],"product_cat":[71,138],"product_tag":[],"class_list":{"0":"post-20852","1":"product","2":"type-product","3":"status-publish","4":"has-post-thumbnail","6":"product_cat-furniture","7":"product_cat-wardrobes","8":"product_shipping_class-articulos-pesado-manufacturing-up-to-10-days","9":"pa_material-mdf-particle-board","11":"first","12":"onbackorder","13":"sale","14":"taxable","15":"shipping-taxable","16":"purchasable","17":"product-type-simple"},"yoast_head":"<!-- This site is optimized with the Yoast SEO plugin v27.2 - https:\/\/yoast.com\/product\/yoast-seo-wordpress\/ -->\n<title>Tall 2 Door Wardrobe with Upper Compartment in Oak and White - Rimini - Don Baraton: tienda de sof\u00e1s, muebles y colchones<\/title>\n<meta name=\"robots\" content=\"index, follow, max-snippet:-1, max-image-preview:large, max-video-preview:-1\" \/>\n<link rel=\"canonical\" href=\"https:\/\/donbaraton.es\/en\/p\/tall-2-door-wardrobe-upper-compartment-oak-white-rimini\/\" \/>\n<meta property=\"og:locale\" content=\"en_GB\" \/>\n<meta property=\"og:type\" content=\"article\" \/>\n<meta property=\"og:title\" content=\"Tall 2 Door Wardrobe with Upper Compartment in Oak and White - Rimini - Don Baraton: tienda de sof\u00e1s, muebles y colchones\" \/>\n<meta property=\"og:description\" content=\"High and narrow wardrobe  Perfect for rooms with limited space and high ceiling  Separate upper storage compartment  4 doors: 2 of the main wardrobe and 2 of the upper compartment  Combination of white and oak colours  Grey handles  Hanging rail included  Matches other furniture of the Rimini range  Dimensions: width 90 cm, height 243 cm, depth 50 cm\" \/>\n<meta property=\"og:url\" content=\"https:\/\/donbaraton.es\/en\/p\/tall-2-door-wardrobe-upper-compartment-oak-white-rimini\/\" \/>\n<meta property=\"og:site_name\" content=\"Don Baraton: tienda de sof\u00e1s, muebles y colchones\" \/>\n<meta property=\"article:publisher\" content=\"https:\/\/www.facebook.com\/donbaraton.es\" \/>\n<meta property=\"article:modified_time\" content=\"2019-11-03T00:10:09+00:00\" \/>\n<meta property=\"og:image\" content=\"https:\/\/i0.wp.com\/donbaraton.es\/wp-content\/uploads\/2019\/10\/Armario-alto-de-2-puertas-con-altillo-en-blanco-y-roble-Rimini.jpg?fit=870%2C653&ssl=1\" \/>\n\t<meta property=\"og:image:width\" content=\"870\" \/>\n\t<meta property=\"og:image:height\" content=\"653\" \/>\n\t<meta property=\"og:image:type\" content=\"image\/jpeg\" \/>\n<meta name=\"twitter:card\" content=\"summary_large_image\" \/>\n<meta name=\"twitter:site\" content=\"@don_baraton\" \/>\n<meta name=\"twitter:label1\" content=\"Estimated reading time\" \/>\n\t<meta name=\"twitter:data1\" content=\"1 minute\" \/>\n<script type=\"application\/ld+json\" class=\"yoast-schema-graph\">{\"@context\":\"https:\/\/schema.org\",\"@graph\":[{\"@type\":\"WebPage\",\"@id\":\"https:\/\/donbaraton.es\/en\/p\/tall-2-door-wardrobe-upper-compartment-oak-white-rimini\/\",\"url\":\"https:\/\/donbaraton.es\/en\/p\/tall-2-door-wardrobe-upper-compartment-oak-white-rimini\/\",\"name\":\"Tall 2 Door Wardrobe with Upper Compartment in Oak and White - Rimini - Don Baraton: tienda de sof\u00e1s, muebles y colchones\",\"isPartOf\":{\"@id\":\"https:\/\/donbaraton.es\/#website\"},\"primaryImageOfPage\":{\"@id\":\"https:\/\/donbaraton.es\/en\/p\/tall-2-door-wardrobe-upper-compartment-oak-white-rimini\/#primaryimage\"},\"image\":{\"@id\":\"https:\/\/donbaraton.es\/en\/p\/tall-2-door-wardrobe-upper-compartment-oak-white-rimini\/#primaryimage\"},\"thumbnailUrl\":\"https:\/\/donbaraton.es\/wp-content\/uploads\/2019\/10\/Armario-alto-de-2-puertas-con-altillo-en-blanco-y-roble-Rimini.jpg\",\"datePublished\":\"2019-10-22T16:31:26+00:00\",\"dateModified\":\"2019-11-03T00:10:09+00:00\",\"breadcrumb\":{\"@id\":\"https:\/\/donbaraton.es\/en\/p\/tall-2-door-wardrobe-upper-compartment-oak-white-rimini\/#breadcrumb\"},\"inLanguage\":\"en-GB\",\"potentialAction\":[{\"@type\":\"ReadAction\",\"target\":[\"https:\/\/donbaraton.es\/en\/p\/tall-2-door-wardrobe-upper-compartment-oak-white-rimini\/\"]}]},{\"@type\":\"ImageObject\",\"inLanguage\":\"en-GB\",\"@id\":\"https:\/\/donbaraton.es\/en\/p\/tall-2-door-wardrobe-upper-compartment-oak-white-rimini\/#primaryimage\",\"url\":\"https:\/\/donbaraton.es\/wp-content\/uploads\/2019\/10\/Armario-alto-de-2-puertas-con-altillo-en-blanco-y-roble-Rimini.jpg\",\"contentUrl\":\"https:\/\/donbaraton.es\/wp-content\/uploads\/2019\/10\/Armario-alto-de-2-puertas-con-altillo-en-blanco-y-roble-Rimini.jpg\",\"width\":870,\"height\":653,\"caption\":\"Tall 2 Door Wardrobe with Upper Compartment in Oak and White - Rimini\"},{\"@type\":\"BreadcrumbList\",\"@id\":\"https:\/\/donbaraton.es\/en\/p\/tall-2-door-wardrobe-upper-compartment-oak-white-rimini\/#breadcrumb\",\"itemListElement\":[{\"@type\":\"ListItem\",\"position\":1,\"name\":\"Portada\",\"item\":\"https:\/\/donbaraton.es\/en\/\"},{\"@type\":\"ListItem\",\"position\":2,\"name\":\"Online Shop\",\"item\":\"https:\/\/donbaraton.es\/en\/shop\/\"},{\"@type\":\"ListItem\",\"position\":3,\"name\":\"Tall 2 Door Wardrobe with Upper Compartment in Oak and White &#8211; Rimini\"}]},{\"@type\":\"WebSite\",\"@id\":\"https:\/\/donbaraton.es\/#website\",\"url\":\"https:\/\/donbaraton.es\/\",\"name\":\"Don Baraton: tienda de sof\u00e1s, muebles y colchones\",\"description\":\"Sofas baratos desde el almac\u00e9n en Almorad\u00ed, Alicante\",\"publisher\":{\"@id\":\"https:\/\/donbaraton.es\/#organization\"},\"potentialAction\":[{\"@type\":\"SearchAction\",\"target\":{\"@type\":\"EntryPoint\",\"urlTemplate\":\"https:\/\/donbaraton.es\/?s={search_term_string}\"},\"query-input\":{\"@type\":\"PropertyValueSpecification\",\"valueRequired\":true,\"valueName\":\"search_term_string\"}}],\"inLanguage\":\"en-GB\"},{\"@type\":\"Organization\",\"@id\":\"https:\/\/donbaraton.es\/#organization\",\"name\":\"Don Baraton\",\"url\":\"https:\/\/donbaraton.es\/\",\"logo\":{\"@type\":\"ImageObject\",\"inLanguage\":\"en-GB\",\"@id\":\"https:\/\/donbaraton.es\/#\/schema\/logo\/image\/\",\"url\":\"https:\/\/i0.wp.com\/donbaraton.es\/wp-content\/uploads\/2016\/11\/logo_don_baraton.png?fit=228%2C110&ssl=1\",\"contentUrl\":\"https:\/\/i0.wp.com\/donbaraton.es\/wp-content\/uploads\/2016\/11\/logo_don_baraton.png?fit=228%2C110&ssl=1\",\"width\":228,\"height\":110,\"caption\":\"Don Baraton\"},\"image\":{\"@id\":\"https:\/\/donbaraton.es\/#\/schema\/logo\/image\/\"},\"sameAs\":[\"https:\/\/www.facebook.com\/donbaraton.es\",\"https:\/\/x.com\/don_baraton\",\"https:\/\/www.instagram.com\/donbaraton.es\",\"https:\/\/www.linkedin.com\/company\/donbaraton\/\",\"https:\/\/es.pinterest.com\/donbaraton\/\",\"https:\/\/www.youtube.com\/channel\/UCL02HOwx-F759Jq5MedAZfQ\"]}]}<\/script>\n<!-- \/ Yoast SEO plugin. -->","yoast_head_json":{"title":"Tall 2 Door Wardrobe with Upper Compartment in Oak and White - Rimini - Don Baraton: tienda de sof\u00e1s, muebles y colchones","robots":{"index":"index","follow":"follow","max-snippet":"max-snippet:-1","max-image-preview":"max-image-preview:large","max-video-preview":"max-video-preview:-1"},"canonical":"https:\/\/donbaraton.es\/en\/p\/tall-2-door-wardrobe-upper-compartment-oak-white-rimini\/","og_locale":"en_GB","og_type":"article","og_title":"Tall 2 Door Wardrobe with Upper Compartment in Oak and White - Rimini - Don Baraton: tienda de sof\u00e1s, muebles y colchones","og_description":"High and narrow wardrobe  Perfect for rooms with limited space and high ceiling  Separate upper storage compartment  4 doors: 2 of the main wardrobe and 2 of the upper compartment  Combination of white and oak colours  Grey handles  Hanging rail included  Matches other furniture of the Rimini range  Dimensions: width 90 cm, height 243 cm, depth 50 cm","og_url":"https:\/\/donbaraton.es\/en\/p\/tall-2-door-wardrobe-upper-compartment-oak-white-rimini\/","og_site_name":"Don Baraton: tienda de sof\u00e1s, muebles y colchones","article_publisher":"https:\/\/www.facebook.com\/donbaraton.es","article_modified_time":"2019-11-03T00:10:09+00:00","og_image":[{"width":870,"height":653,"url":"https:\/\/i0.wp.com\/donbaraton.es\/wp-content\/uploads\/2019\/10\/Armario-alto-de-2-puertas-con-altillo-en-blanco-y-roble-Rimini.jpg?fit=870%2C653&ssl=1","type":"image\/jpeg"}],"twitter_card":"summary_large_image","twitter_site":"@don_baraton","twitter_misc":{"Estimated reading time":"1 minute"},"schema":{"@context":"https:\/\/schema.org","@graph":[{"@type":"WebPage","@id":"https:\/\/donbaraton.es\/en\/p\/tall-2-door-wardrobe-upper-compartment-oak-white-rimini\/","url":"https:\/\/donbaraton.es\/en\/p\/tall-2-door-wardrobe-upper-compartment-oak-white-rimini\/","name":"Tall 2 Door Wardrobe with Upper Compartment in Oak and White - Rimini - Don Baraton: tienda de sof\u00e1s, muebles y colchones","isPartOf":{"@id":"https:\/\/donbaraton.es\/#website"},"primaryImageOfPage":{"@id":"https:\/\/donbaraton.es\/en\/p\/tall-2-door-wardrobe-upper-compartment-oak-white-rimini\/#primaryimage"},"image":{"@id":"https:\/\/donbaraton.es\/en\/p\/tall-2-door-wardrobe-upper-compartment-oak-white-rimini\/#primaryimage"},"thumbnailUrl":"https:\/\/donbaraton.es\/wp-content\/uploads\/2019\/10\/Armario-alto-de-2-puertas-con-altillo-en-blanco-y-roble-Rimini.jpg","datePublished":"2019-10-22T16:31:26+00:00","dateModified":"2019-11-03T00:10:09+00:00","breadcrumb":{"@id":"https:\/\/donbaraton.es\/en\/p\/tall-2-door-wardrobe-upper-compartment-oak-white-rimini\/#breadcrumb"},"inLanguage":"en-GB","potentialAction":[{"@type":"ReadAction","target":["https:\/\/donbaraton.es\/en\/p\/tall-2-door-wardrobe-upper-compartment-oak-white-rimini\/"]}]},{"@type":"ImageObject","inLanguage":"en-GB","@id":"https:\/\/donbaraton.es\/en\/p\/tall-2-door-wardrobe-upper-compartment-oak-white-rimini\/#primaryimage","url":"https:\/\/donbaraton.es\/wp-content\/uploads\/2019\/10\/Armario-alto-de-2-puertas-con-altillo-en-blanco-y-roble-Rimini.jpg","contentUrl":"https:\/\/donbaraton.es\/wp-content\/uploads\/2019\/10\/Armario-alto-de-2-puertas-con-altillo-en-blanco-y-roble-Rimini.jpg","width":870,"height":653,"caption":"Tall 2 Door Wardrobe with Upper Compartment in Oak and White - Rimini"},{"@type":"BreadcrumbList","@id":"https:\/\/donbaraton.es\/en\/p\/tall-2-door-wardrobe-upper-compartment-oak-white-rimini\/#breadcrumb","itemListElement":[{"@type":"ListItem","position":1,"name":"Portada","item":"https:\/\/donbaraton.es\/en\/"},{"@type":"ListItem","position":2,"name":"Online Shop","item":"https:\/\/donbaraton.es\/en\/shop\/"},{"@type":"ListItem","position":3,"name":"Tall 2 Door Wardrobe with Upper Compartment in Oak and White &#8211; Rimini"}]},{"@type":"WebSite","@id":"https:\/\/donbaraton.es\/#website","url":"https:\/\/donbaraton.es\/","name":"Don Baraton: tienda de sof\u00e1s, muebles y colchones","description":"Sofas baratos desde el almac\u00e9n en Almorad\u00ed, Alicante","publisher":{"@id":"https:\/\/donbaraton.es\/#organization"},"potentialAction":[{"@type":"SearchAction","target":{"@type":"EntryPoint","urlTemplate":"https:\/\/donbaraton.es\/?s={search_term_string}"},"query-input":{"@type":"PropertyValueSpecification","valueRequired":true,"valueName":"search_term_string"}}],"inLanguage":"en-GB"},{"@type":"Organization","@id":"https:\/\/donbaraton.es\/#organization","name":"Don Baraton","url":"https:\/\/donbaraton.es\/","logo":{"@type":"ImageObject","inLanguage":"en-GB","@id":"https:\/\/donbaraton.es\/#\/schema\/logo\/image\/","url":"https:\/\/i0.wp.com\/donbaraton.es\/wp-content\/uploads\/2016\/11\/logo_don_baraton.png?fit=228%2C110&ssl=1","contentUrl":"https:\/\/i0.wp.com\/donbaraton.es\/wp-content\/uploads\/2016\/11\/logo_don_baraton.png?fit=228%2C110&ssl=1","width":228,"height":110,"caption":"Don Baraton"},"image":{"@id":"https:\/\/donbaraton.es\/#\/schema\/logo\/image\/"},"sameAs":["https:\/\/www.facebook.com\/donbaraton.es","https:\/\/x.com\/don_baraton","https:\/\/www.instagram.com\/donbaraton.es","https:\/\/www.linkedin.com\/company\/donbaraton\/","https:\/\/es.pinterest.com\/donbaraton\/","https:\/\/www.youtube.com\/channel\/UCL02HOwx-F759Jq5MedAZfQ"]}]}},"_links":{"self":[{"href":"https:\/\/donbaraton.es\/en\/wp-json\/wp\/v2\/product\/20852","targetHints":{"allow":["GET"]}}],"collection":[{"href":"https:\/\/donbaraton.es\/en\/wp-json\/wp\/v2\/product"}],"about":[{"href":"https:\/\/donbaraton.es\/en\/wp-json\/wp\/v2\/types\/product"}],"replies":[{"embeddable":true,"href":"https:\/\/donbaraton.es\/en\/wp-json\/wp\/v2\/comments?post=20852"}],"wp:featuredmedia":[{"embeddable":true,"href":"https:\/\/donbaraton.es\/en\/wp-json\/wp\/v2\/media\/20354"}],"wp:attachment":[{"href":"https:\/\/donbaraton.es\/en\/wp-json\/wp\/v2\/media?parent=20852"}],"wp:term":[{"taxonomy":"product_brand","embeddable":true,"href":"https:\/\/donbaraton.es\/en\/wp-json\/wp\/v2\/product_brand?post=20852"},{"taxonomy":"product_cat","embeddable":true,"href":"https:\/\/donbaraton.es\/en\/wp-json\/wp\/v2\/product_cat?post=20852"},{"taxonomy":"product_tag","embeddable":true,"href":"https:\/\/donbaraton.es\/en\/wp-json\/wp\/v2\/product_tag?post=20852"}],"curies":[{"name":"wp","href":"https:\/\/api.w.org\/{rel}","templated":true}]}}