{"id":20854,"date":"2019-10-23T01:59:09","date_gmt":"2019-10-22T23:59:09","guid":{"rendered":"https:\/\/donbaraton.es\/p\/inexpensive-narrow-5-tier-bookcase-white-oak-rimini\/"},"modified":"2019-11-16T09:31:19","modified_gmt":"2019-11-16T08:31:19","slug":"inexpensive-narrow-5-tier-bookcase-white-oak-rimini","status":"publish","type":"product","link":"https:\/\/donbaraton.es\/en\/p\/inexpensive-narrow-5-tier-bookcase-white-oak-rimini\/","title":{"rendered":"Inexpensive Narrow 5 Tier Bookcase, White and Oak &#8211; Rimini"},"content":{"rendered":"<p><strong>Inexpensive Narrow Five Tier Bookcase in White and Oak Colours &#8211; Rimini<\/strong><\/p>\n<p>This <strong>affordable narrow bookcase<\/strong> is made of high quality MDF boards and is perfect for small rooms with limited space available. The depth of this item is less than 30 cm &#8211; you can easily put it everywhere, even in a tiny Spanish bedroom!<\/p>\n<p><strong>Five tiers<\/strong> will help you keep your books, CDs, magazines and other items in order. Buy two or three of them if you need more storage!<\/p>\n<p><strong>Oak and white colours<\/strong> match those of other furniture items of the Rimini range. You can combine this bookcase with desks, beds, headboards, wall shelves to furnish the ur entire room in the same style fast and at affordable price.<\/p>\n<p><strong>Dimensions:<\/strong> width 60 cm, height 182 cm, depth 29,4 cm<\/p>\n<p>Assembly service is not included<\/p>\n","protected":false},"excerpt":{"rendered":"<ul>\n<li>Tall 5 tiers bookcase<\/li>\n<li>Open display storage storage with no doors<\/li>\n<li>Combination of oak and white colours<\/li>\n<li>Matches other furniture of the Rimini range<\/li>\n<\/ul>\n<p><strong>Dimensions:<\/strong> width 60 cm, height 182 cm, depth 29,4 cm<\/p>\n","protected":false},"featured_media":20377,"comment_status":"open","ping_status":"closed","template":"","meta":{"_et_pb_use_builder":"","_et_pb_old_content":"","_et_gb_content_width":""},"product_brand":[],"product_cat":[71,303],"product_tag":[],"class_list":{"0":"post-20854","1":"product","2":"type-product","3":"status-publish","4":"has-post-thumbnail","6":"product_cat-furniture","7":"product_cat-shelves-racks","8":"product_shipping_class-3-20-kg-hasta-10-dias","9":"pa_material-mdf-particle-board","11":"first","12":"onbackorder","13":"sale","14":"taxable","15":"shipping-taxable","16":"purchasable","17":"product-type-simple"},"yoast_head":"<!-- This site is optimized with the Yoast SEO plugin v27.5 - https:\/\/yoast.com\/product\/yoast-seo-wordpress\/ -->\n<title>Inexpensive Narrow 5 Tier Bookcase, White and Oak - Rimini - Don Baraton: tienda de sof\u00e1s, muebles y colchones<\/title>\n<meta name=\"robots\" content=\"index, follow, max-snippet:-1, max-image-preview:large, max-video-preview:-1\" \/>\n<link rel=\"canonical\" href=\"https:\/\/donbaraton.es\/en\/p\/inexpensive-narrow-5-tier-bookcase-white-oak-rimini\/\" \/>\n<meta property=\"og:locale\" content=\"en_GB\" \/>\n<meta property=\"og:type\" content=\"article\" \/>\n<meta property=\"og:title\" content=\"Inexpensive Narrow 5 Tier Bookcase, White and Oak - Rimini - Don Baraton: tienda de sof\u00e1s, muebles y colchones\" \/>\n<meta property=\"og:description\" content=\"Tall 5 tiers bookcase  Open display storage storage with no doors  Combination of oak and white colours  Matches other furniture of the Rimini range  Dimensions: width 60 cm, height 182 cm, depth 29,4 cm\" \/>\n<meta property=\"og:url\" content=\"https:\/\/donbaraton.es\/en\/p\/inexpensive-narrow-5-tier-bookcase-white-oak-rimini\/\" \/>\n<meta property=\"og:site_name\" content=\"Don Baraton: tienda de sof\u00e1s, muebles y colchones\" \/>\n<meta property=\"article:publisher\" content=\"https:\/\/www.facebook.com\/donbaraton.es\" \/>\n<meta property=\"article:modified_time\" content=\"2019-11-16T08:31:19+00:00\" \/>\n<meta property=\"og:image\" content=\"https:\/\/i2.wp.com\/donbaraton.es\/wp-content\/uploads\/2019\/10\/Librer\u00eda-econ\u00f3mica-5-niveles-blanco-y-roble-Rimini.jpg?fit=870%2C653&ssl=1\" \/>\n\t<meta property=\"og:image:width\" content=\"870\" \/>\n\t<meta property=\"og:image:height\" content=\"653\" \/>\n\t<meta property=\"og:image:type\" content=\"image\/jpeg\" \/>\n<meta name=\"twitter:card\" content=\"summary_large_image\" \/>\n<meta name=\"twitter:site\" content=\"@don_baraton\" \/>\n<meta name=\"twitter:label1\" content=\"Estimated reading time\" \/>\n\t<meta name=\"twitter:data1\" content=\"1 minute\" \/>\n<script type=\"application\/ld+json\" class=\"yoast-schema-graph\">{\"@context\":\"https:\\\/\\\/schema.org\",\"@graph\":[{\"@type\":\"WebPage\",\"@id\":\"https:\\\/\\\/donbaraton.es\\\/en\\\/p\\\/inexpensive-narrow-5-tier-bookcase-white-oak-rimini\\\/\",\"url\":\"https:\\\/\\\/donbaraton.es\\\/en\\\/p\\\/inexpensive-narrow-5-tier-bookcase-white-oak-rimini\\\/\",\"name\":\"Inexpensive Narrow 5 Tier Bookcase, White and Oak - Rimini - Don Baraton: tienda de sof\u00e1s, muebles y colchones\",\"isPartOf\":{\"@id\":\"https:\\\/\\\/donbaraton.es\\\/#website\"},\"primaryImageOfPage\":{\"@id\":\"https:\\\/\\\/donbaraton.es\\\/en\\\/p\\\/inexpensive-narrow-5-tier-bookcase-white-oak-rimini\\\/#primaryimage\"},\"image\":{\"@id\":\"https:\\\/\\\/donbaraton.es\\\/en\\\/p\\\/inexpensive-narrow-5-tier-bookcase-white-oak-rimini\\\/#primaryimage\"},\"thumbnailUrl\":\"https:\\\/\\\/donbaraton.es\\\/wp-content\\\/uploads\\\/2019\\\/10\\\/Librer\u00eda-econ\u00f3mica-5-niveles-blanco-y-roble-Rimini.jpg\",\"datePublished\":\"2019-10-22T23:59:09+00:00\",\"dateModified\":\"2019-11-16T08:31:19+00:00\",\"breadcrumb\":{\"@id\":\"https:\\\/\\\/donbaraton.es\\\/en\\\/p\\\/inexpensive-narrow-5-tier-bookcase-white-oak-rimini\\\/#breadcrumb\"},\"inLanguage\":\"en-GB\",\"potentialAction\":[{\"@type\":\"ReadAction\",\"target\":[\"https:\\\/\\\/donbaraton.es\\\/en\\\/p\\\/inexpensive-narrow-5-tier-bookcase-white-oak-rimini\\\/\"]}]},{\"@type\":\"ImageObject\",\"inLanguage\":\"en-GB\",\"@id\":\"https:\\\/\\\/donbaraton.es\\\/en\\\/p\\\/inexpensive-narrow-5-tier-bookcase-white-oak-rimini\\\/#primaryimage\",\"url\":\"https:\\\/\\\/donbaraton.es\\\/wp-content\\\/uploads\\\/2019\\\/10\\\/Librer\u00eda-econ\u00f3mica-5-niveles-blanco-y-roble-Rimini.jpg\",\"contentUrl\":\"https:\\\/\\\/donbaraton.es\\\/wp-content\\\/uploads\\\/2019\\\/10\\\/Librer\u00eda-econ\u00f3mica-5-niveles-blanco-y-roble-Rimini.jpg\",\"width\":870,\"height\":653,\"caption\":\"Inexpensive Narrow 5 Tier Bookcase, White and Oak - Rimini\"},{\"@type\":\"BreadcrumbList\",\"@id\":\"https:\\\/\\\/donbaraton.es\\\/en\\\/p\\\/inexpensive-narrow-5-tier-bookcase-white-oak-rimini\\\/#breadcrumb\",\"itemListElement\":[{\"@type\":\"ListItem\",\"position\":1,\"name\":\"Portada\",\"item\":\"https:\\\/\\\/donbaraton.es\\\/en\\\/\"},{\"@type\":\"ListItem\",\"position\":2,\"name\":\"Online Shop\",\"item\":\"https:\\\/\\\/donbaraton.es\\\/en\\\/shop\\\/\"},{\"@type\":\"ListItem\",\"position\":3,\"name\":\"Inexpensive Narrow 5 Tier Bookcase, White and Oak &#8211; Rimini\"}]},{\"@type\":\"WebSite\",\"@id\":\"https:\\\/\\\/donbaraton.es\\\/#website\",\"url\":\"https:\\\/\\\/donbaraton.es\\\/\",\"name\":\"Don Baraton: tienda de sof\u00e1s, muebles y colchones\",\"description\":\"Sofas baratos desde el almac\u00e9n en Almorad\u00ed, Alicante\",\"publisher\":{\"@id\":\"https:\\\/\\\/donbaraton.es\\\/#organization\"},\"potentialAction\":[{\"@type\":\"SearchAction\",\"target\":{\"@type\":\"EntryPoint\",\"urlTemplate\":\"https:\\\/\\\/donbaraton.es\\\/?s={search_term_string}\"},\"query-input\":{\"@type\":\"PropertyValueSpecification\",\"valueRequired\":true,\"valueName\":\"search_term_string\"}}],\"inLanguage\":\"en-GB\"},{\"@type\":\"Organization\",\"@id\":\"https:\\\/\\\/donbaraton.es\\\/#organization\",\"name\":\"Don Baraton\",\"url\":\"https:\\\/\\\/donbaraton.es\\\/\",\"logo\":{\"@type\":\"ImageObject\",\"inLanguage\":\"en-GB\",\"@id\":\"https:\\\/\\\/donbaraton.es\\\/#\\\/schema\\\/logo\\\/image\\\/\",\"url\":\"https:\\\/\\\/i0.wp.com\\\/donbaraton.es\\\/wp-content\\\/uploads\\\/2016\\\/11\\\/logo_don_baraton.png?fit=228%2C110&ssl=1\",\"contentUrl\":\"https:\\\/\\\/i0.wp.com\\\/donbaraton.es\\\/wp-content\\\/uploads\\\/2016\\\/11\\\/logo_don_baraton.png?fit=228%2C110&ssl=1\",\"width\":228,\"height\":110,\"caption\":\"Don Baraton\"},\"image\":{\"@id\":\"https:\\\/\\\/donbaraton.es\\\/#\\\/schema\\\/logo\\\/image\\\/\"},\"sameAs\":[\"https:\\\/\\\/www.facebook.com\\\/donbaraton.es\",\"https:\\\/\\\/x.com\\\/don_baraton\",\"https:\\\/\\\/www.instagram.com\\\/donbaraton.es\",\"https:\\\/\\\/www.linkedin.com\\\/company\\\/donbaraton\\\/\",\"https:\\\/\\\/es.pinterest.com\\\/donbaraton\\\/\",\"https:\\\/\\\/www.youtube.com\\\/channel\\\/UCL02HOwx-F759Jq5MedAZfQ\"]}]}<\/script>\n<!-- \/ Yoast SEO plugin. -->","yoast_head_json":{"title":"Inexpensive Narrow 5 Tier Bookcase, White and Oak - Rimini - Don Baraton: tienda de sof\u00e1s, muebles y colchones","robots":{"index":"index","follow":"follow","max-snippet":"max-snippet:-1","max-image-preview":"max-image-preview:large","max-video-preview":"max-video-preview:-1"},"canonical":"https:\/\/donbaraton.es\/en\/p\/inexpensive-narrow-5-tier-bookcase-white-oak-rimini\/","og_locale":"en_GB","og_type":"article","og_title":"Inexpensive Narrow 5 Tier Bookcase, White and Oak - Rimini - Don Baraton: tienda de sof\u00e1s, muebles y colchones","og_description":"Tall 5 tiers bookcase  Open display storage storage with no doors  Combination of oak and white colours  Matches other furniture of the Rimini range  Dimensions: width 60 cm, height 182 cm, depth 29,4 cm","og_url":"https:\/\/donbaraton.es\/en\/p\/inexpensive-narrow-5-tier-bookcase-white-oak-rimini\/","og_site_name":"Don Baraton: tienda de sof\u00e1s, muebles y colchones","article_publisher":"https:\/\/www.facebook.com\/donbaraton.es","article_modified_time":"2019-11-16T08:31:19+00:00","og_image":[{"width":870,"height":653,"url":"https:\/\/i2.wp.com\/donbaraton.es\/wp-content\/uploads\/2019\/10\/Librer\u00eda-econ\u00f3mica-5-niveles-blanco-y-roble-Rimini.jpg?fit=870%2C653&ssl=1","type":"image\/jpeg"}],"twitter_card":"summary_large_image","twitter_site":"@don_baraton","twitter_misc":{"Estimated reading time":"1 minute"},"schema":{"@context":"https:\/\/schema.org","@graph":[{"@type":"WebPage","@id":"https:\/\/donbaraton.es\/en\/p\/inexpensive-narrow-5-tier-bookcase-white-oak-rimini\/","url":"https:\/\/donbaraton.es\/en\/p\/inexpensive-narrow-5-tier-bookcase-white-oak-rimini\/","name":"Inexpensive Narrow 5 Tier Bookcase, White and Oak - Rimini - Don Baraton: tienda de sof\u00e1s, muebles y colchones","isPartOf":{"@id":"https:\/\/donbaraton.es\/#website"},"primaryImageOfPage":{"@id":"https:\/\/donbaraton.es\/en\/p\/inexpensive-narrow-5-tier-bookcase-white-oak-rimini\/#primaryimage"},"image":{"@id":"https:\/\/donbaraton.es\/en\/p\/inexpensive-narrow-5-tier-bookcase-white-oak-rimini\/#primaryimage"},"thumbnailUrl":"https:\/\/donbaraton.es\/wp-content\/uploads\/2019\/10\/Librer\u00eda-econ\u00f3mica-5-niveles-blanco-y-roble-Rimini.jpg","datePublished":"2019-10-22T23:59:09+00:00","dateModified":"2019-11-16T08:31:19+00:00","breadcrumb":{"@id":"https:\/\/donbaraton.es\/en\/p\/inexpensive-narrow-5-tier-bookcase-white-oak-rimini\/#breadcrumb"},"inLanguage":"en-GB","potentialAction":[{"@type":"ReadAction","target":["https:\/\/donbaraton.es\/en\/p\/inexpensive-narrow-5-tier-bookcase-white-oak-rimini\/"]}]},{"@type":"ImageObject","inLanguage":"en-GB","@id":"https:\/\/donbaraton.es\/en\/p\/inexpensive-narrow-5-tier-bookcase-white-oak-rimini\/#primaryimage","url":"https:\/\/donbaraton.es\/wp-content\/uploads\/2019\/10\/Librer\u00eda-econ\u00f3mica-5-niveles-blanco-y-roble-Rimini.jpg","contentUrl":"https:\/\/donbaraton.es\/wp-content\/uploads\/2019\/10\/Librer\u00eda-econ\u00f3mica-5-niveles-blanco-y-roble-Rimini.jpg","width":870,"height":653,"caption":"Inexpensive Narrow 5 Tier Bookcase, White and Oak - Rimini"},{"@type":"BreadcrumbList","@id":"https:\/\/donbaraton.es\/en\/p\/inexpensive-narrow-5-tier-bookcase-white-oak-rimini\/#breadcrumb","itemListElement":[{"@type":"ListItem","position":1,"name":"Portada","item":"https:\/\/donbaraton.es\/en\/"},{"@type":"ListItem","position":2,"name":"Online Shop","item":"https:\/\/donbaraton.es\/en\/shop\/"},{"@type":"ListItem","position":3,"name":"Inexpensive Narrow 5 Tier Bookcase, White and Oak &#8211; Rimini"}]},{"@type":"WebSite","@id":"https:\/\/donbaraton.es\/#website","url":"https:\/\/donbaraton.es\/","name":"Don Baraton: tienda de sof\u00e1s, muebles y colchones","description":"Sofas baratos desde el almac\u00e9n en Almorad\u00ed, Alicante","publisher":{"@id":"https:\/\/donbaraton.es\/#organization"},"potentialAction":[{"@type":"SearchAction","target":{"@type":"EntryPoint","urlTemplate":"https:\/\/donbaraton.es\/?s={search_term_string}"},"query-input":{"@type":"PropertyValueSpecification","valueRequired":true,"valueName":"search_term_string"}}],"inLanguage":"en-GB"},{"@type":"Organization","@id":"https:\/\/donbaraton.es\/#organization","name":"Don Baraton","url":"https:\/\/donbaraton.es\/","logo":{"@type":"ImageObject","inLanguage":"en-GB","@id":"https:\/\/donbaraton.es\/#\/schema\/logo\/image\/","url":"https:\/\/i0.wp.com\/donbaraton.es\/wp-content\/uploads\/2016\/11\/logo_don_baraton.png?fit=228%2C110&ssl=1","contentUrl":"https:\/\/i0.wp.com\/donbaraton.es\/wp-content\/uploads\/2016\/11\/logo_don_baraton.png?fit=228%2C110&ssl=1","width":228,"height":110,"caption":"Don Baraton"},"image":{"@id":"https:\/\/donbaraton.es\/#\/schema\/logo\/image\/"},"sameAs":["https:\/\/www.facebook.com\/donbaraton.es","https:\/\/x.com\/don_baraton","https:\/\/www.instagram.com\/donbaraton.es","https:\/\/www.linkedin.com\/company\/donbaraton\/","https:\/\/es.pinterest.com\/donbaraton\/","https:\/\/www.youtube.com\/channel\/UCL02HOwx-F759Jq5MedAZfQ"]}]}},"_links":{"self":[{"href":"https:\/\/donbaraton.es\/en\/wp-json\/wp\/v2\/product\/20854","targetHints":{"allow":["GET"]}}],"collection":[{"href":"https:\/\/donbaraton.es\/en\/wp-json\/wp\/v2\/product"}],"about":[{"href":"https:\/\/donbaraton.es\/en\/wp-json\/wp\/v2\/types\/product"}],"replies":[{"embeddable":true,"href":"https:\/\/donbaraton.es\/en\/wp-json\/wp\/v2\/comments?post=20854"}],"wp:featuredmedia":[{"embeddable":true,"href":"https:\/\/donbaraton.es\/en\/wp-json\/wp\/v2\/media\/20377"}],"wp:attachment":[{"href":"https:\/\/donbaraton.es\/en\/wp-json\/wp\/v2\/media?parent=20854"}],"wp:term":[{"taxonomy":"product_brand","embeddable":true,"href":"https:\/\/donbaraton.es\/en\/wp-json\/wp\/v2\/product_brand?post=20854"},{"taxonomy":"product_cat","embeddable":true,"href":"https:\/\/donbaraton.es\/en\/wp-json\/wp\/v2\/product_cat?post=20854"},{"taxonomy":"product_tag","embeddable":true,"href":"https:\/\/donbaraton.es\/en\/wp-json\/wp\/v2\/product_tag?post=20854"}],"curies":[{"name":"wp","href":"https:\/\/api.w.org\/{rel}","templated":true}]}}