{"id":20927,"date":"2019-10-23T17:55:23","date_gmt":"2019-10-23T15:55:23","guid":{"rendered":"https:\/\/donbaraton.es\/p\/single-bedroom-furniture-set-headboard-bedside-table-bookcase-shoe-cabinet-rimini\/"},"modified":"2019-11-04T02:39:37","modified_gmt":"2019-11-04T01:39:37","slug":"single-bedroom-furniture-set-headboard-bedside-table-bookcase-shoe-cabinet-rimini","status":"publish","type":"product","link":"https:\/\/donbaraton.es\/en\/p\/single-bedroom-furniture-set-headboard-bedside-table-bookcase-shoe-cabinet-rimini\/","title":{"rendered":"Single Bedroom Furniture Set: Headboard, Bedside Table, Bookcase, Shoe Cabinet &#8211; Rimini 09"},"content":{"rendered":"<p><strong>Single Bedroom Furniture Set: Headboard, Bedside Table, Bookcase, Shoe Cabinet &#8211; Rimini 09<\/strong><\/p>\n<p>An affordable furniture set in oak and white for a single bed bedroom.<\/p>\n<p>The wall mounted <strong>headboard<\/strong> is suitable for bed bases and frames up to 110 cm wide (Popular sizes in Spain are 80 cm, 90 cm, 105 cm).<\/p>\n<p>The <strong>bedside table<\/strong> of the set has two drawers with grey handles.<\/p>\n<p>Narrow open display five tier<strong> bookcase<\/strong> will fit even in a small bedroom.<\/p>\n<p><strong>Shoe storage cabinet<\/strong> in the same style as the rest of the furniture is suitable for nine pairs of shoes.<\/p>\n<p>You only need to choose a bed base and a mattress and your bedroom is furnished and ready! If there&#8217;s enough space to install a wardrobe, take a look at this one: <a href=\"https:\/\/donbaraton.es\/en\/p\/2-doors-wardrobe-white-light-brown-rimini\/\"><strong>2 Doors Wardrobe in White and Light Brown \u2013 Rimini<\/strong><\/a><\/p>\n<p>Every item of this bedroom set can be purchased separately to match with other furniture of the Rimini range.<\/p>\n<p><strong>Dimensions. Headboard:<\/strong> width 110 cm, height 45 cm, depth 1.9 cm. <strong>Bedside table:<\/strong> height 43.5 cm, width 43.2 cm, depth 33.5 cm. <strong>Bookcase:<\/strong> width 60 cm, height 182 cm, depth 29,4 cm. <strong>Shoe cabinet:<\/strong> width 60 cm, height 108 cm, depth 17 cm<\/p>\n<p>Assembly service is not included in the price<\/p>\n","protected":false},"excerpt":{"rendered":"<ul>\n<li>Set of 4 bedroom furniture items in the same style<\/li>\n<li>Single bed headboard<\/li>\n<li>Bedside table with 2 drawers<\/li>\n<li>Bookcase, 5 tiers<\/li>\n<li>Shoe storage cabinet with 3 doors<\/li>\n<li>Matches other furniture of the Rimini range<\/li>\n<li>Every item can be purchased separately<\/li>\n<\/ul>\n","protected":false},"featured_media":20387,"comment_status":"open","ping_status":"closed","template":"","meta":{"_et_pb_use_builder":"","_et_pb_old_content":"","_et_gb_content_width":""},"product_brand":[],"product_cat":[71],"product_tag":[],"class_list":{"0":"post-20927","1":"product","2":"type-product","3":"status-publish","4":"has-post-thumbnail","6":"product_cat-furniture","7":"product_shipping_class-articulos-pesado-manufacturing-up-to-10-days","8":"pa_material-mdf-particle-board","10":"first","11":"onbackorder","12":"sale","13":"taxable","14":"shipping-taxable","15":"purchasable","16":"product-type-simple"},"yoast_head":"<!-- This site is optimized with the Yoast SEO plugin v27.2 - https:\/\/yoast.com\/product\/yoast-seo-wordpress\/ -->\n<title>Single Bedroom Furniture Set: Headboard, Bedside Table, Bookcase, Shoe Cabinet - Rimini 09 - Don Baraton: tienda de sof\u00e1s, muebles y colchones<\/title>\n<meta name=\"robots\" content=\"index, follow, max-snippet:-1, max-image-preview:large, max-video-preview:-1\" \/>\n<link rel=\"canonical\" href=\"https:\/\/donbaraton.es\/en\/p\/single-bedroom-furniture-set-headboard-bedside-table-bookcase-shoe-cabinet-rimini\/\" \/>\n<meta property=\"og:locale\" content=\"en_GB\" \/>\n<meta property=\"og:type\" content=\"article\" \/>\n<meta property=\"og:title\" content=\"Single Bedroom Furniture Set: Headboard, Bedside Table, Bookcase, Shoe Cabinet - Rimini 09 - Don Baraton: tienda de sof\u00e1s, muebles y colchones\" \/>\n<meta property=\"og:description\" content=\"Set of 4 bedroom furniture items in the same style  Single bed headboard  Bedside table with 2 drawers  Bookcase, 5 tiers  Shoe storage cabinet with 3 doors  Matches other furniture of the Rimini range  Every item can be purchased separately\" \/>\n<meta property=\"og:url\" content=\"https:\/\/donbaraton.es\/en\/p\/single-bedroom-furniture-set-headboard-bedside-table-bookcase-shoe-cabinet-rimini\/\" \/>\n<meta property=\"og:site_name\" content=\"Don Baraton: tienda de sof\u00e1s, muebles y colchones\" \/>\n<meta property=\"article:publisher\" content=\"https:\/\/www.facebook.com\/donbaraton.es\" \/>\n<meta property=\"article:modified_time\" content=\"2019-11-04T01:39:37+00:00\" \/>\n<meta property=\"og:image\" content=\"https:\/\/i1.wp.com\/donbaraton.es\/wp-content\/uploads\/2019\/10\/Dormitorio-individual-cabecero-de-cama-mesa-de-noche-librer\u00eda-zapatero-Rimini-09.jpg?fit=1000%2C750&ssl=1\" \/>\n\t<meta property=\"og:image:width\" content=\"1000\" \/>\n\t<meta property=\"og:image:height\" content=\"750\" \/>\n\t<meta property=\"og:image:type\" content=\"image\/jpeg\" \/>\n<meta name=\"twitter:card\" content=\"summary_large_image\" \/>\n<meta name=\"twitter:site\" content=\"@don_baraton\" \/>\n<meta name=\"twitter:label1\" content=\"Estimated reading time\" \/>\n\t<meta name=\"twitter:data1\" content=\"1 minute\" \/>\n<script type=\"application\/ld+json\" class=\"yoast-schema-graph\">{\"@context\":\"https:\/\/schema.org\",\"@graph\":[{\"@type\":\"WebPage\",\"@id\":\"https:\/\/donbaraton.es\/en\/p\/single-bedroom-furniture-set-headboard-bedside-table-bookcase-shoe-cabinet-rimini\/\",\"url\":\"https:\/\/donbaraton.es\/en\/p\/single-bedroom-furniture-set-headboard-bedside-table-bookcase-shoe-cabinet-rimini\/\",\"name\":\"Single Bedroom Furniture Set: Headboard, Bedside Table, Bookcase, Shoe Cabinet - Rimini 09 - Don Baraton: tienda de sof\u00e1s, muebles y colchones\",\"isPartOf\":{\"@id\":\"https:\/\/donbaraton.es\/#website\"},\"primaryImageOfPage\":{\"@id\":\"https:\/\/donbaraton.es\/en\/p\/single-bedroom-furniture-set-headboard-bedside-table-bookcase-shoe-cabinet-rimini\/#primaryimage\"},\"image\":{\"@id\":\"https:\/\/donbaraton.es\/en\/p\/single-bedroom-furniture-set-headboard-bedside-table-bookcase-shoe-cabinet-rimini\/#primaryimage\"},\"thumbnailUrl\":\"https:\/\/donbaraton.es\/wp-content\/uploads\/2019\/10\/Dormitorio-individual-cabecero-de-cama-mesa-de-noche-librer\u00eda-zapatero-Rimini-09.jpg\",\"datePublished\":\"2019-10-23T15:55:23+00:00\",\"dateModified\":\"2019-11-04T01:39:37+00:00\",\"breadcrumb\":{\"@id\":\"https:\/\/donbaraton.es\/en\/p\/single-bedroom-furniture-set-headboard-bedside-table-bookcase-shoe-cabinet-rimini\/#breadcrumb\"},\"inLanguage\":\"en-GB\",\"potentialAction\":[{\"@type\":\"ReadAction\",\"target\":[\"https:\/\/donbaraton.es\/en\/p\/single-bedroom-furniture-set-headboard-bedside-table-bookcase-shoe-cabinet-rimini\/\"]}]},{\"@type\":\"ImageObject\",\"inLanguage\":\"en-GB\",\"@id\":\"https:\/\/donbaraton.es\/en\/p\/single-bedroom-furniture-set-headboard-bedside-table-bookcase-shoe-cabinet-rimini\/#primaryimage\",\"url\":\"https:\/\/donbaraton.es\/wp-content\/uploads\/2019\/10\/Dormitorio-individual-cabecero-de-cama-mesa-de-noche-librer\u00eda-zapatero-Rimini-09.jpg\",\"contentUrl\":\"https:\/\/donbaraton.es\/wp-content\/uploads\/2019\/10\/Dormitorio-individual-cabecero-de-cama-mesa-de-noche-librer\u00eda-zapatero-Rimini-09.jpg\",\"width\":1000,\"height\":750,\"caption\":\"Single Bedroom Furniture Set: Headboard, Bedside Table, Bookcase, Shoe Cabinet - Rimini 09\"},{\"@type\":\"BreadcrumbList\",\"@id\":\"https:\/\/donbaraton.es\/en\/p\/single-bedroom-furniture-set-headboard-bedside-table-bookcase-shoe-cabinet-rimini\/#breadcrumb\",\"itemListElement\":[{\"@type\":\"ListItem\",\"position\":1,\"name\":\"Portada\",\"item\":\"https:\/\/donbaraton.es\/en\/\"},{\"@type\":\"ListItem\",\"position\":2,\"name\":\"Online Shop\",\"item\":\"https:\/\/donbaraton.es\/en\/shop\/\"},{\"@type\":\"ListItem\",\"position\":3,\"name\":\"Single Bedroom Furniture Set: Headboard, Bedside Table, Bookcase, Shoe Cabinet &#8211; Rimini 09\"}]},{\"@type\":\"WebSite\",\"@id\":\"https:\/\/donbaraton.es\/#website\",\"url\":\"https:\/\/donbaraton.es\/\",\"name\":\"Don Baraton: tienda de sof\u00e1s, muebles y colchones\",\"description\":\"Sofas baratos desde el almac\u00e9n en Almorad\u00ed, Alicante\",\"publisher\":{\"@id\":\"https:\/\/donbaraton.es\/#organization\"},\"potentialAction\":[{\"@type\":\"SearchAction\",\"target\":{\"@type\":\"EntryPoint\",\"urlTemplate\":\"https:\/\/donbaraton.es\/?s={search_term_string}\"},\"query-input\":{\"@type\":\"PropertyValueSpecification\",\"valueRequired\":true,\"valueName\":\"search_term_string\"}}],\"inLanguage\":\"en-GB\"},{\"@type\":\"Organization\",\"@id\":\"https:\/\/donbaraton.es\/#organization\",\"name\":\"Don Baraton\",\"url\":\"https:\/\/donbaraton.es\/\",\"logo\":{\"@type\":\"ImageObject\",\"inLanguage\":\"en-GB\",\"@id\":\"https:\/\/donbaraton.es\/#\/schema\/logo\/image\/\",\"url\":\"https:\/\/i0.wp.com\/donbaraton.es\/wp-content\/uploads\/2016\/11\/logo_don_baraton.png?fit=228%2C110&ssl=1\",\"contentUrl\":\"https:\/\/i0.wp.com\/donbaraton.es\/wp-content\/uploads\/2016\/11\/logo_don_baraton.png?fit=228%2C110&ssl=1\",\"width\":228,\"height\":110,\"caption\":\"Don Baraton\"},\"image\":{\"@id\":\"https:\/\/donbaraton.es\/#\/schema\/logo\/image\/\"},\"sameAs\":[\"https:\/\/www.facebook.com\/donbaraton.es\",\"https:\/\/x.com\/don_baraton\",\"https:\/\/www.instagram.com\/donbaraton.es\",\"https:\/\/www.linkedin.com\/company\/donbaraton\/\",\"https:\/\/es.pinterest.com\/donbaraton\/\",\"https:\/\/www.youtube.com\/channel\/UCL02HOwx-F759Jq5MedAZfQ\"]}]}<\/script>\n<!-- \/ Yoast SEO plugin. -->","yoast_head_json":{"title":"Single Bedroom Furniture Set: Headboard, Bedside Table, Bookcase, Shoe Cabinet - Rimini 09 - Don Baraton: tienda de sof\u00e1s, muebles y colchones","robots":{"index":"index","follow":"follow","max-snippet":"max-snippet:-1","max-image-preview":"max-image-preview:large","max-video-preview":"max-video-preview:-1"},"canonical":"https:\/\/donbaraton.es\/en\/p\/single-bedroom-furniture-set-headboard-bedside-table-bookcase-shoe-cabinet-rimini\/","og_locale":"en_GB","og_type":"article","og_title":"Single Bedroom Furniture Set: Headboard, Bedside Table, Bookcase, Shoe Cabinet - Rimini 09 - Don Baraton: tienda de sof\u00e1s, muebles y colchones","og_description":"Set of 4 bedroom furniture items in the same style  Single bed headboard  Bedside table with 2 drawers  Bookcase, 5 tiers  Shoe storage cabinet with 3 doors  Matches other furniture of the Rimini range  Every item can be purchased separately","og_url":"https:\/\/donbaraton.es\/en\/p\/single-bedroom-furniture-set-headboard-bedside-table-bookcase-shoe-cabinet-rimini\/","og_site_name":"Don Baraton: tienda de sof\u00e1s, muebles y colchones","article_publisher":"https:\/\/www.facebook.com\/donbaraton.es","article_modified_time":"2019-11-04T01:39:37+00:00","og_image":[{"width":1000,"height":750,"url":"https:\/\/i1.wp.com\/donbaraton.es\/wp-content\/uploads\/2019\/10\/Dormitorio-individual-cabecero-de-cama-mesa-de-noche-librer\u00eda-zapatero-Rimini-09.jpg?fit=1000%2C750&ssl=1","type":"image\/jpeg"}],"twitter_card":"summary_large_image","twitter_site":"@don_baraton","twitter_misc":{"Estimated reading time":"1 minute"},"schema":{"@context":"https:\/\/schema.org","@graph":[{"@type":"WebPage","@id":"https:\/\/donbaraton.es\/en\/p\/single-bedroom-furniture-set-headboard-bedside-table-bookcase-shoe-cabinet-rimini\/","url":"https:\/\/donbaraton.es\/en\/p\/single-bedroom-furniture-set-headboard-bedside-table-bookcase-shoe-cabinet-rimini\/","name":"Single Bedroom Furniture Set: Headboard, Bedside Table, Bookcase, Shoe Cabinet - Rimini 09 - Don Baraton: tienda de sof\u00e1s, muebles y colchones","isPartOf":{"@id":"https:\/\/donbaraton.es\/#website"},"primaryImageOfPage":{"@id":"https:\/\/donbaraton.es\/en\/p\/single-bedroom-furniture-set-headboard-bedside-table-bookcase-shoe-cabinet-rimini\/#primaryimage"},"image":{"@id":"https:\/\/donbaraton.es\/en\/p\/single-bedroom-furniture-set-headboard-bedside-table-bookcase-shoe-cabinet-rimini\/#primaryimage"},"thumbnailUrl":"https:\/\/donbaraton.es\/wp-content\/uploads\/2019\/10\/Dormitorio-individual-cabecero-de-cama-mesa-de-noche-librer\u00eda-zapatero-Rimini-09.jpg","datePublished":"2019-10-23T15:55:23+00:00","dateModified":"2019-11-04T01:39:37+00:00","breadcrumb":{"@id":"https:\/\/donbaraton.es\/en\/p\/single-bedroom-furniture-set-headboard-bedside-table-bookcase-shoe-cabinet-rimini\/#breadcrumb"},"inLanguage":"en-GB","potentialAction":[{"@type":"ReadAction","target":["https:\/\/donbaraton.es\/en\/p\/single-bedroom-furniture-set-headboard-bedside-table-bookcase-shoe-cabinet-rimini\/"]}]},{"@type":"ImageObject","inLanguage":"en-GB","@id":"https:\/\/donbaraton.es\/en\/p\/single-bedroom-furniture-set-headboard-bedside-table-bookcase-shoe-cabinet-rimini\/#primaryimage","url":"https:\/\/donbaraton.es\/wp-content\/uploads\/2019\/10\/Dormitorio-individual-cabecero-de-cama-mesa-de-noche-librer\u00eda-zapatero-Rimini-09.jpg","contentUrl":"https:\/\/donbaraton.es\/wp-content\/uploads\/2019\/10\/Dormitorio-individual-cabecero-de-cama-mesa-de-noche-librer\u00eda-zapatero-Rimini-09.jpg","width":1000,"height":750,"caption":"Single Bedroom Furniture Set: Headboard, Bedside Table, Bookcase, Shoe Cabinet - Rimini 09"},{"@type":"BreadcrumbList","@id":"https:\/\/donbaraton.es\/en\/p\/single-bedroom-furniture-set-headboard-bedside-table-bookcase-shoe-cabinet-rimini\/#breadcrumb","itemListElement":[{"@type":"ListItem","position":1,"name":"Portada","item":"https:\/\/donbaraton.es\/en\/"},{"@type":"ListItem","position":2,"name":"Online Shop","item":"https:\/\/donbaraton.es\/en\/shop\/"},{"@type":"ListItem","position":3,"name":"Single Bedroom Furniture Set: Headboard, Bedside Table, Bookcase, Shoe Cabinet &#8211; Rimini 09"}]},{"@type":"WebSite","@id":"https:\/\/donbaraton.es\/#website","url":"https:\/\/donbaraton.es\/","name":"Don Baraton: tienda de sof\u00e1s, muebles y colchones","description":"Sofas baratos desde el almac\u00e9n en Almorad\u00ed, Alicante","publisher":{"@id":"https:\/\/donbaraton.es\/#organization"},"potentialAction":[{"@type":"SearchAction","target":{"@type":"EntryPoint","urlTemplate":"https:\/\/donbaraton.es\/?s={search_term_string}"},"query-input":{"@type":"PropertyValueSpecification","valueRequired":true,"valueName":"search_term_string"}}],"inLanguage":"en-GB"},{"@type":"Organization","@id":"https:\/\/donbaraton.es\/#organization","name":"Don Baraton","url":"https:\/\/donbaraton.es\/","logo":{"@type":"ImageObject","inLanguage":"en-GB","@id":"https:\/\/donbaraton.es\/#\/schema\/logo\/image\/","url":"https:\/\/i0.wp.com\/donbaraton.es\/wp-content\/uploads\/2016\/11\/logo_don_baraton.png?fit=228%2C110&ssl=1","contentUrl":"https:\/\/i0.wp.com\/donbaraton.es\/wp-content\/uploads\/2016\/11\/logo_don_baraton.png?fit=228%2C110&ssl=1","width":228,"height":110,"caption":"Don Baraton"},"image":{"@id":"https:\/\/donbaraton.es\/#\/schema\/logo\/image\/"},"sameAs":["https:\/\/www.facebook.com\/donbaraton.es","https:\/\/x.com\/don_baraton","https:\/\/www.instagram.com\/donbaraton.es","https:\/\/www.linkedin.com\/company\/donbaraton\/","https:\/\/es.pinterest.com\/donbaraton\/","https:\/\/www.youtube.com\/channel\/UCL02HOwx-F759Jq5MedAZfQ"]}]}},"_links":{"self":[{"href":"https:\/\/donbaraton.es\/en\/wp-json\/wp\/v2\/product\/20927","targetHints":{"allow":["GET"]}}],"collection":[{"href":"https:\/\/donbaraton.es\/en\/wp-json\/wp\/v2\/product"}],"about":[{"href":"https:\/\/donbaraton.es\/en\/wp-json\/wp\/v2\/types\/product"}],"replies":[{"embeddable":true,"href":"https:\/\/donbaraton.es\/en\/wp-json\/wp\/v2\/comments?post=20927"}],"wp:featuredmedia":[{"embeddable":true,"href":"https:\/\/donbaraton.es\/en\/wp-json\/wp\/v2\/media\/20387"}],"wp:attachment":[{"href":"https:\/\/donbaraton.es\/en\/wp-json\/wp\/v2\/media?parent=20927"}],"wp:term":[{"taxonomy":"product_brand","embeddable":true,"href":"https:\/\/donbaraton.es\/en\/wp-json\/wp\/v2\/product_brand?post=20927"},{"taxonomy":"product_cat","embeddable":true,"href":"https:\/\/donbaraton.es\/en\/wp-json\/wp\/v2\/product_cat?post=20927"},{"taxonomy":"product_tag","embeddable":true,"href":"https:\/\/donbaraton.es\/en\/wp-json\/wp\/v2\/product_tag?post=20927"}],"curies":[{"name":"wp","href":"https:\/\/api.w.org\/{rel}","templated":true}]}}