{"id":21149,"date":"2019-10-25T16:27:36","date_gmt":"2019-10-25T14:27:36","guid":{"rendered":"https:\/\/donbaraton.es\/p\/childrens-bedroom-furniture-set-bed-wardrobe-desk-shelves-luddo\/"},"modified":"2019-11-16T00:54:13","modified_gmt":"2019-11-15T23:54:13","slug":"childrens-bedroom-furniture-set-bed-wardrobe-desk-shelves-luddo","status":"publish","type":"product","link":"https:\/\/donbaraton.es\/en\/p\/childrens-bedroom-furniture-set-bed-wardrobe-desk-shelves-luddo\/","title":{"rendered":"Children&#8217;s Bedroom Furniture Set: Bed, Wardrobe, Desk and Shelves &#8211; Luddo 20"},"content":{"rendered":"<p><strong>Children&#8217;s Bedroom Furniture Set: Bed, Wardrobe, Desk and Shelves &#8211; Luddo 20<\/strong><\/p>\n<p>A set of five furniture items for children&#8217;s bedrooms.<\/p>\n<p>The <strong>bed<\/strong> of this set is &#8220;2 in 1&#8221; \u2013 the upper bed of 90 x 190 cm, and the lower bed of 90 x 180 cm.<strong>\u00a0Mattresses and slatted bases for the bed are not included (can be purchased separately on our website).\u00a0<\/strong>Three spacious drawers of the bed will help your kids to keep their things in order.<\/p>\n<p>A narrow <strong>desk<\/strong> with a wider area on one of the sides does&#8217;t require much space and provides a convenient workplace.<\/p>\n<p>Two wall mounted <strong>shelves<\/strong> are divided into four sections.<\/p>\n<p>The main colour of the set is <strong>light grey<\/strong>. The drawers&#8217; fronts and the back of the shelves can be ordered in the following colours: <strong>pink, blue, grey<\/strong> or <strong>green<\/strong>.<\/p>\n<p><strong>Dimensions. Bed:<\/strong> length 203.2 cm, width 99.5 cm, height 78.5 cm.<strong> Wardrobe:<\/strong> width 99.7 cm, depth 51.9 cm, height 205.6 cm. <strong>Desk:<\/strong> length 220 cm, depth 38 cm \u2013 49.8 cm, height 77 cm. <strong>Wall shelves (two units): <\/strong>length 100 cm, height 25.5 cm, depth 27.2 cm<\/p>\n<p>Assembly service is not included<\/p>\n<p>Bed&#8217;s bases and mattresses are not included<\/p>\n","protected":false},"excerpt":{"rendered":"<ul>\n<li>Set of 5 furniture items<\/li>\n<li><strong>Wardrobe<\/strong> (2 doors and 3 drawers)<\/li>\n<li><strong>Bed<\/strong> with 3 drawers (for 90 x 190 cm and 90 x 180 bases)<\/li>\n<li>2 drawer narrow <strong>desk<\/strong><\/li>\n<li>2 wall <strong>shelves<\/strong><\/li>\n<li>Color to choose:<strong> blue, pink, grey<\/strong> and<strong> green<\/strong><\/li>\n<li>Bed bases and mattresses are not included<\/li>\n<\/ul>\n","protected":false},"featured_media":20478,"comment_status":"open","ping_status":"closed","template":"","meta":{"_et_pb_use_builder":"","_et_pb_old_content":"","_et_gb_content_width":""},"product_brand":[],"product_cat":[291,71],"product_tag":[],"class_list":{"0":"post-21149","1":"product","2":"type-product","3":"status-publish","4":"has-post-thumbnail","6":"product_cat-children","7":"product_cat-furniture","8":"product_shipping_class-articulos-pesado-manufacturing-up-to-10-days","9":"pa_material-mdf-particle-board","11":"first","12":"outofstock","13":"taxable","14":"shipping-taxable","15":"purchasable","16":"product-type-variable"},"yoast_head":"<!-- This site is optimized with the Yoast SEO plugin v27.2 - https:\/\/yoast.com\/product\/yoast-seo-wordpress\/ -->\n<title>Children&#039;s Bedroom Furniture Set: Bed, Wardrobe, Desk and Shelves - Luddo 20 - Don Baraton: tienda de sof\u00e1s, muebles y colchones<\/title>\n<meta name=\"robots\" content=\"index, follow, max-snippet:-1, max-image-preview:large, max-video-preview:-1\" \/>\n<link rel=\"canonical\" href=\"https:\/\/donbaraton.es\/en\/p\/childrens-bedroom-furniture-set-bed-wardrobe-desk-shelves-luddo\/\" \/>\n<meta property=\"og:locale\" content=\"en_GB\" \/>\n<meta property=\"og:type\" content=\"article\" \/>\n<meta property=\"og:title\" content=\"Children&#039;s Bedroom Furniture Set: Bed, Wardrobe, Desk and Shelves - Luddo 20 - Don Baraton: tienda de sof\u00e1s, muebles y colchones\" \/>\n<meta property=\"og:description\" content=\"Set of 5 furniture items  Wardrobe (2 doors and 3 drawers)  Bed with 3 drawers (for 90 x 190 cm and 90 x 180 bases)  2 drawer narrow desk  2 wall shelves  Color to choose: blue, pink, grey and green  Bed bases and mattresses are not included\" \/>\n<meta property=\"og:url\" content=\"https:\/\/donbaraton.es\/en\/p\/childrens-bedroom-furniture-set-bed-wardrobe-desk-shelves-luddo\/\" \/>\n<meta property=\"og:site_name\" content=\"Don Baraton: tienda de sof\u00e1s, muebles y colchones\" \/>\n<meta property=\"article:publisher\" content=\"https:\/\/www.facebook.com\/donbaraton.es\" \/>\n<meta property=\"article:modified_time\" content=\"2019-11-15T23:54:13+00:00\" \/>\n<meta property=\"og:image\" content=\"https:\/\/i0.wp.com\/donbaraton.es\/wp-content\/uploads\/2019\/10\/Dormitorio-juvenil.-Color-gris.-Cama-compacta-armario-escritorio-estanter\u00edas-Luddo-20.jpg?fit=1000%2C750&ssl=1\" \/>\n\t<meta property=\"og:image:width\" content=\"1000\" \/>\n\t<meta property=\"og:image:height\" content=\"750\" \/>\n\t<meta property=\"og:image:type\" content=\"image\/jpeg\" \/>\n<meta name=\"twitter:card\" content=\"summary_large_image\" \/>\n<meta name=\"twitter:site\" content=\"@don_baraton\" \/>\n<meta name=\"twitter:label1\" content=\"Estimated reading time\" \/>\n\t<meta name=\"twitter:data1\" content=\"1 minute\" \/>\n<script type=\"application\/ld+json\" class=\"yoast-schema-graph\">{\"@context\":\"https:\/\/schema.org\",\"@graph\":[{\"@type\":\"WebPage\",\"@id\":\"https:\/\/donbaraton.es\/en\/p\/childrens-bedroom-furniture-set-bed-wardrobe-desk-shelves-luddo\/\",\"url\":\"https:\/\/donbaraton.es\/en\/p\/childrens-bedroom-furniture-set-bed-wardrobe-desk-shelves-luddo\/\",\"name\":\"Children's Bedroom Furniture Set: Bed, Wardrobe, Desk and Shelves - Luddo 20 - Don Baraton: tienda de sof\u00e1s, muebles y colchones\",\"isPartOf\":{\"@id\":\"https:\/\/donbaraton.es\/#website\"},\"primaryImageOfPage\":{\"@id\":\"https:\/\/donbaraton.es\/en\/p\/childrens-bedroom-furniture-set-bed-wardrobe-desk-shelves-luddo\/#primaryimage\"},\"image\":{\"@id\":\"https:\/\/donbaraton.es\/en\/p\/childrens-bedroom-furniture-set-bed-wardrobe-desk-shelves-luddo\/#primaryimage\"},\"thumbnailUrl\":\"https:\/\/donbaraton.es\/wp-content\/uploads\/2019\/10\/Dormitorio-juvenil.-Color-gris.-Cama-compacta-armario-escritorio-estanter\u00edas-Luddo-20.jpg\",\"datePublished\":\"2019-10-25T14:27:36+00:00\",\"dateModified\":\"2019-11-15T23:54:13+00:00\",\"breadcrumb\":{\"@id\":\"https:\/\/donbaraton.es\/en\/p\/childrens-bedroom-furniture-set-bed-wardrobe-desk-shelves-luddo\/#breadcrumb\"},\"inLanguage\":\"en-GB\",\"potentialAction\":[{\"@type\":\"ReadAction\",\"target\":[\"https:\/\/donbaraton.es\/en\/p\/childrens-bedroom-furniture-set-bed-wardrobe-desk-shelves-luddo\/\"]}]},{\"@type\":\"ImageObject\",\"inLanguage\":\"en-GB\",\"@id\":\"https:\/\/donbaraton.es\/en\/p\/childrens-bedroom-furniture-set-bed-wardrobe-desk-shelves-luddo\/#primaryimage\",\"url\":\"https:\/\/donbaraton.es\/wp-content\/uploads\/2019\/10\/Dormitorio-juvenil.-Color-gris.-Cama-compacta-armario-escritorio-estanter\u00edas-Luddo-20.jpg\",\"contentUrl\":\"https:\/\/donbaraton.es\/wp-content\/uploads\/2019\/10\/Dormitorio-juvenil.-Color-gris.-Cama-compacta-armario-escritorio-estanter\u00edas-Luddo-20.jpg\",\"width\":1000,\"height\":750,\"caption\":\"Children's Bedroom Furniture Set in Grey. Bed, Wardrobe, Desk and Shelves - Luddo 20\"},{\"@type\":\"BreadcrumbList\",\"@id\":\"https:\/\/donbaraton.es\/en\/p\/childrens-bedroom-furniture-set-bed-wardrobe-desk-shelves-luddo\/#breadcrumb\",\"itemListElement\":[{\"@type\":\"ListItem\",\"position\":1,\"name\":\"Portada\",\"item\":\"https:\/\/donbaraton.es\/en\/\"},{\"@type\":\"ListItem\",\"position\":2,\"name\":\"Online Shop\",\"item\":\"https:\/\/donbaraton.es\/en\/shop\/\"},{\"@type\":\"ListItem\",\"position\":3,\"name\":\"Children&#8217;s Bedroom Furniture Set: Bed, Wardrobe, Desk and Shelves &#8211; Luddo 20\"}]},{\"@type\":\"WebSite\",\"@id\":\"https:\/\/donbaraton.es\/#website\",\"url\":\"https:\/\/donbaraton.es\/\",\"name\":\"Don Baraton: tienda de sof\u00e1s, muebles y colchones\",\"description\":\"Sofas baratos desde el almac\u00e9n en Almorad\u00ed, Alicante\",\"publisher\":{\"@id\":\"https:\/\/donbaraton.es\/#organization\"},\"potentialAction\":[{\"@type\":\"SearchAction\",\"target\":{\"@type\":\"EntryPoint\",\"urlTemplate\":\"https:\/\/donbaraton.es\/?s={search_term_string}\"},\"query-input\":{\"@type\":\"PropertyValueSpecification\",\"valueRequired\":true,\"valueName\":\"search_term_string\"}}],\"inLanguage\":\"en-GB\"},{\"@type\":\"Organization\",\"@id\":\"https:\/\/donbaraton.es\/#organization\",\"name\":\"Don Baraton\",\"url\":\"https:\/\/donbaraton.es\/\",\"logo\":{\"@type\":\"ImageObject\",\"inLanguage\":\"en-GB\",\"@id\":\"https:\/\/donbaraton.es\/#\/schema\/logo\/image\/\",\"url\":\"https:\/\/i0.wp.com\/donbaraton.es\/wp-content\/uploads\/2016\/11\/logo_don_baraton.png?fit=228%2C110&ssl=1\",\"contentUrl\":\"https:\/\/i0.wp.com\/donbaraton.es\/wp-content\/uploads\/2016\/11\/logo_don_baraton.png?fit=228%2C110&ssl=1\",\"width\":228,\"height\":110,\"caption\":\"Don Baraton\"},\"image\":{\"@id\":\"https:\/\/donbaraton.es\/#\/schema\/logo\/image\/\"},\"sameAs\":[\"https:\/\/www.facebook.com\/donbaraton.es\",\"https:\/\/x.com\/don_baraton\",\"https:\/\/www.instagram.com\/donbaraton.es\",\"https:\/\/www.linkedin.com\/company\/donbaraton\/\",\"https:\/\/es.pinterest.com\/donbaraton\/\",\"https:\/\/www.youtube.com\/channel\/UCL02HOwx-F759Jq5MedAZfQ\"]}]}<\/script>\n<!-- \/ Yoast SEO plugin. -->","yoast_head_json":{"title":"Children's Bedroom Furniture Set: Bed, Wardrobe, Desk and Shelves - Luddo 20 - Don Baraton: tienda de sof\u00e1s, muebles y colchones","robots":{"index":"index","follow":"follow","max-snippet":"max-snippet:-1","max-image-preview":"max-image-preview:large","max-video-preview":"max-video-preview:-1"},"canonical":"https:\/\/donbaraton.es\/en\/p\/childrens-bedroom-furniture-set-bed-wardrobe-desk-shelves-luddo\/","og_locale":"en_GB","og_type":"article","og_title":"Children's Bedroom Furniture Set: Bed, Wardrobe, Desk and Shelves - Luddo 20 - Don Baraton: tienda de sof\u00e1s, muebles y colchones","og_description":"Set of 5 furniture items  Wardrobe (2 doors and 3 drawers)  Bed with 3 drawers (for 90 x 190 cm and 90 x 180 bases)  2 drawer narrow desk  2 wall shelves  Color to choose: blue, pink, grey and green  Bed bases and mattresses are not included","og_url":"https:\/\/donbaraton.es\/en\/p\/childrens-bedroom-furniture-set-bed-wardrobe-desk-shelves-luddo\/","og_site_name":"Don Baraton: tienda de sof\u00e1s, muebles y colchones","article_publisher":"https:\/\/www.facebook.com\/donbaraton.es","article_modified_time":"2019-11-15T23:54:13+00:00","og_image":[{"width":1000,"height":750,"url":"https:\/\/i0.wp.com\/donbaraton.es\/wp-content\/uploads\/2019\/10\/Dormitorio-juvenil.-Color-gris.-Cama-compacta-armario-escritorio-estanter\u00edas-Luddo-20.jpg?fit=1000%2C750&ssl=1","type":"image\/jpeg"}],"twitter_card":"summary_large_image","twitter_site":"@don_baraton","twitter_misc":{"Estimated reading time":"1 minute"},"schema":{"@context":"https:\/\/schema.org","@graph":[{"@type":"WebPage","@id":"https:\/\/donbaraton.es\/en\/p\/childrens-bedroom-furniture-set-bed-wardrobe-desk-shelves-luddo\/","url":"https:\/\/donbaraton.es\/en\/p\/childrens-bedroom-furniture-set-bed-wardrobe-desk-shelves-luddo\/","name":"Children's Bedroom Furniture Set: Bed, Wardrobe, Desk and Shelves - Luddo 20 - Don Baraton: tienda de sof\u00e1s, muebles y colchones","isPartOf":{"@id":"https:\/\/donbaraton.es\/#website"},"primaryImageOfPage":{"@id":"https:\/\/donbaraton.es\/en\/p\/childrens-bedroom-furniture-set-bed-wardrobe-desk-shelves-luddo\/#primaryimage"},"image":{"@id":"https:\/\/donbaraton.es\/en\/p\/childrens-bedroom-furniture-set-bed-wardrobe-desk-shelves-luddo\/#primaryimage"},"thumbnailUrl":"https:\/\/donbaraton.es\/wp-content\/uploads\/2019\/10\/Dormitorio-juvenil.-Color-gris.-Cama-compacta-armario-escritorio-estanter\u00edas-Luddo-20.jpg","datePublished":"2019-10-25T14:27:36+00:00","dateModified":"2019-11-15T23:54:13+00:00","breadcrumb":{"@id":"https:\/\/donbaraton.es\/en\/p\/childrens-bedroom-furniture-set-bed-wardrobe-desk-shelves-luddo\/#breadcrumb"},"inLanguage":"en-GB","potentialAction":[{"@type":"ReadAction","target":["https:\/\/donbaraton.es\/en\/p\/childrens-bedroom-furniture-set-bed-wardrobe-desk-shelves-luddo\/"]}]},{"@type":"ImageObject","inLanguage":"en-GB","@id":"https:\/\/donbaraton.es\/en\/p\/childrens-bedroom-furniture-set-bed-wardrobe-desk-shelves-luddo\/#primaryimage","url":"https:\/\/donbaraton.es\/wp-content\/uploads\/2019\/10\/Dormitorio-juvenil.-Color-gris.-Cama-compacta-armario-escritorio-estanter\u00edas-Luddo-20.jpg","contentUrl":"https:\/\/donbaraton.es\/wp-content\/uploads\/2019\/10\/Dormitorio-juvenil.-Color-gris.-Cama-compacta-armario-escritorio-estanter\u00edas-Luddo-20.jpg","width":1000,"height":750,"caption":"Children's Bedroom Furniture Set in Grey. Bed, Wardrobe, Desk and Shelves - Luddo 20"},{"@type":"BreadcrumbList","@id":"https:\/\/donbaraton.es\/en\/p\/childrens-bedroom-furniture-set-bed-wardrobe-desk-shelves-luddo\/#breadcrumb","itemListElement":[{"@type":"ListItem","position":1,"name":"Portada","item":"https:\/\/donbaraton.es\/en\/"},{"@type":"ListItem","position":2,"name":"Online Shop","item":"https:\/\/donbaraton.es\/en\/shop\/"},{"@type":"ListItem","position":3,"name":"Children&#8217;s Bedroom Furniture Set: Bed, Wardrobe, Desk and Shelves &#8211; Luddo 20"}]},{"@type":"WebSite","@id":"https:\/\/donbaraton.es\/#website","url":"https:\/\/donbaraton.es\/","name":"Don Baraton: tienda de sof\u00e1s, muebles y colchones","description":"Sofas baratos desde el almac\u00e9n en Almorad\u00ed, Alicante","publisher":{"@id":"https:\/\/donbaraton.es\/#organization"},"potentialAction":[{"@type":"SearchAction","target":{"@type":"EntryPoint","urlTemplate":"https:\/\/donbaraton.es\/?s={search_term_string}"},"query-input":{"@type":"PropertyValueSpecification","valueRequired":true,"valueName":"search_term_string"}}],"inLanguage":"en-GB"},{"@type":"Organization","@id":"https:\/\/donbaraton.es\/#organization","name":"Don Baraton","url":"https:\/\/donbaraton.es\/","logo":{"@type":"ImageObject","inLanguage":"en-GB","@id":"https:\/\/donbaraton.es\/#\/schema\/logo\/image\/","url":"https:\/\/i0.wp.com\/donbaraton.es\/wp-content\/uploads\/2016\/11\/logo_don_baraton.png?fit=228%2C110&ssl=1","contentUrl":"https:\/\/i0.wp.com\/donbaraton.es\/wp-content\/uploads\/2016\/11\/logo_don_baraton.png?fit=228%2C110&ssl=1","width":228,"height":110,"caption":"Don Baraton"},"image":{"@id":"https:\/\/donbaraton.es\/#\/schema\/logo\/image\/"},"sameAs":["https:\/\/www.facebook.com\/donbaraton.es","https:\/\/x.com\/don_baraton","https:\/\/www.instagram.com\/donbaraton.es","https:\/\/www.linkedin.com\/company\/donbaraton\/","https:\/\/es.pinterest.com\/donbaraton\/","https:\/\/www.youtube.com\/channel\/UCL02HOwx-F759Jq5MedAZfQ"]}]}},"_links":{"self":[{"href":"https:\/\/donbaraton.es\/en\/wp-json\/wp\/v2\/product\/21149","targetHints":{"allow":["GET"]}}],"collection":[{"href":"https:\/\/donbaraton.es\/en\/wp-json\/wp\/v2\/product"}],"about":[{"href":"https:\/\/donbaraton.es\/en\/wp-json\/wp\/v2\/types\/product"}],"replies":[{"embeddable":true,"href":"https:\/\/donbaraton.es\/en\/wp-json\/wp\/v2\/comments?post=21149"}],"wp:featuredmedia":[{"embeddable":true,"href":"https:\/\/donbaraton.es\/en\/wp-json\/wp\/v2\/media\/20478"}],"wp:attachment":[{"href":"https:\/\/donbaraton.es\/en\/wp-json\/wp\/v2\/media?parent=21149"}],"wp:term":[{"taxonomy":"product_brand","embeddable":true,"href":"https:\/\/donbaraton.es\/en\/wp-json\/wp\/v2\/product_brand?post=21149"},{"taxonomy":"product_cat","embeddable":true,"href":"https:\/\/donbaraton.es\/en\/wp-json\/wp\/v2\/product_cat?post=21149"},{"taxonomy":"product_tag","embeddable":true,"href":"https:\/\/donbaraton.es\/en\/wp-json\/wp\/v2\/product_tag?post=21149"}],"curies":[{"name":"wp","href":"https:\/\/api.w.org\/{rel}","templated":true}]}}