{"id":21166,"date":"2019-10-26T20:32:20","date_gmt":"2019-10-26T18:32:20","guid":{"rendered":"https:\/\/donbaraton.es\/p\/childrens-bedroom-set-trundle-bed-bedside-table-wardrobe-shelf-luddo\/"},"modified":"2019-11-16T20:01:18","modified_gmt":"2019-11-16T19:01:18","slug":"childrens-bedroom-set-trundle-bed-bedside-table-wardrobe-shelf-luddo","status":"publish","type":"product","link":"https:\/\/donbaraton.es\/en\/p\/childrens-bedroom-set-trundle-bed-bedside-table-wardrobe-shelf-luddo\/","title":{"rendered":"Children&#8217;s Bedroom Set: Trundle Bed, Bedside Table, Wardrobe, Shelf &#8211; Luddo 01"},"content":{"rendered":"<p><strong>Children&#8217;s Bedroom Set: Trundle Bed, Bedside Table, Wardrobe, Shelf &#8211; Luddo 01<\/strong><\/p>\n<p>A set of four furniture items to furnish a children&#8217;s bedroom.<\/p>\n<p>The <strong>bed<\/strong> of this furniture is suitable for two kids. The <strong>main bed<\/strong>\u00a0(the upper level) needs a\u00a0<strong>90 x 190 cm slatted base (without legs)<\/strong>, which can be ordered\u00a0<strong><a href=\"https:\/\/donbaraton.es\/en\/p\/slatted-bed-base-laminor\/\">here<\/a>\u00a0<\/strong>and a\u00a0<strong>90 x 190 cm mattress<\/strong>\u00a0(please choose one\u00a0<strong><a href=\"https:\/\/donbaraton.es\/en\/cat\/mattresses\/\">here)<\/a><\/strong>.<\/p>\n<p>The <strong>bedside table<\/strong> of the composition has two drawers and four wheels. Easy to move around!<\/p>\n<p>Two door <strong>wardrobe<\/strong>, which is also included in the set, has three drawers, top shelf, full hanging section in the middle and a bottom section.<\/p>\n<p>Wall mounted <strong>shelf<\/strong> is almost 2 meters long is perfect for the area above the bed.<\/p>\n<p>This bedroom set is available in neutral <strong>light grey colour<\/strong> with an option to choose the color of the fronts between <strong>pink, blue, green or grey.\u00a0<\/strong>Girls and boys will love it!<\/p>\n<p><strong>Dimensions.<\/strong>\u00a0<b>Trundle bed<\/b>: length 203.2 cm, width 99.5 cm, height 50.5 cm. <strong>Bedside table:<\/strong> width 50 cm, height 48.2 cm, depth 35.5 cm. <strong>Wardrobe: <\/strong>width 99.7 cm, depth 51.9 cm, height 205.6 cm. <strong>Shelf:<\/strong> length 195 cm, depth 23.2 cm, height 25,5 cm<\/p>\n<p>Assembly service is not included<\/p>\n<p>Bed bases and mattresses are not included<\/p>\n","protected":false},"excerpt":{"rendered":"<ul>\n<li>4 furniture items in the same style<\/li>\n<li><strong>Trundle bed<\/strong> for 90 x 190 cm base and 90 x 190 folding base (sold separately)<\/li>\n<li>2 drawer <strong>bedside table<\/strong> on wheels<\/li>\n<li>2 door <strong>wardrobe<\/strong> with 3 drawers<\/li>\n<li>Wall mounted <strong>shelf<\/strong><\/li>\n<li>Colours to choose: <strong>pink, blue, grey, green<\/strong><\/li>\n<\/ul>\n","protected":false},"featured_media":20531,"comment_status":"open","ping_status":"closed","template":"","meta":{"_et_pb_use_builder":"","_et_pb_old_content":"","_et_gb_content_width":""},"product_brand":[],"product_cat":[291,71],"product_tag":[],"class_list":{"0":"post-21166","1":"product","2":"type-product","3":"status-publish","4":"has-post-thumbnail","6":"product_cat-children","7":"product_cat-furniture","8":"product_shipping_class-articulos-pesado-manufacturing-up-to-10-days","9":"pa_material-mdf-particle-board","11":"first","12":"outofstock","13":"taxable","14":"shipping-taxable","15":"purchasable","16":"product-type-variable"},"yoast_head":"<!-- This site is optimized with the Yoast SEO plugin v27.2 - https:\/\/yoast.com\/product\/yoast-seo-wordpress\/ -->\n<title>Children&#039;s Bedroom Set: Trundle Bed, Bedside Table, Wardrobe, Shelf - Luddo 01 - Don Baraton: tienda de sof\u00e1s, muebles y colchones<\/title>\n<meta name=\"robots\" content=\"index, follow, max-snippet:-1, max-image-preview:large, max-video-preview:-1\" \/>\n<link rel=\"canonical\" href=\"https:\/\/donbaraton.es\/en\/p\/childrens-bedroom-set-trundle-bed-bedside-table-wardrobe-shelf-luddo\/\" \/>\n<meta property=\"og:locale\" content=\"en_GB\" \/>\n<meta property=\"og:type\" content=\"article\" \/>\n<meta property=\"og:title\" content=\"Children&#039;s Bedroom Set: Trundle Bed, Bedside Table, Wardrobe, Shelf - Luddo 01 - Don Baraton: tienda de sof\u00e1s, muebles y colchones\" \/>\n<meta property=\"og:description\" content=\"4 furniture items in the same style  Trundle bed for 90 x 190 cm base and 90 x 190 folding base (sold separately)  2 drawer bedside table on wheels  2 door wardrobe with 3 drawers  Wall mounted shelf  Colours to choose: pink, blue, grey, green\" \/>\n<meta property=\"og:url\" content=\"https:\/\/donbaraton.es\/en\/p\/childrens-bedroom-set-trundle-bed-bedside-table-wardrobe-shelf-luddo\/\" \/>\n<meta property=\"og:site_name\" content=\"Don Baraton: tienda de sof\u00e1s, muebles y colchones\" \/>\n<meta property=\"article:publisher\" content=\"https:\/\/www.facebook.com\/donbaraton.es\" \/>\n<meta property=\"article:modified_time\" content=\"2019-11-16T19:01:18+00:00\" \/>\n<meta property=\"og:image\" content=\"https:\/\/i2.wp.com\/donbaraton.es\/wp-content\/uploads\/2019\/10\/Dormitorio-juvenil.-Azul-y-gris-claro.-Cama-nido-mesa-de-noche-armario-y-estante-Luddo-01.jpg?fit=1000%2C750&ssl=1\" \/>\n\t<meta property=\"og:image:width\" content=\"1000\" \/>\n\t<meta property=\"og:image:height\" content=\"750\" \/>\n\t<meta property=\"og:image:type\" content=\"image\/jpeg\" \/>\n<meta name=\"twitter:card\" content=\"summary_large_image\" \/>\n<meta name=\"twitter:site\" content=\"@don_baraton\" \/>\n<meta name=\"twitter:label1\" content=\"Estimated reading time\" \/>\n\t<meta name=\"twitter:data1\" content=\"1 minute\" \/>\n<script type=\"application\/ld+json\" class=\"yoast-schema-graph\">{\"@context\":\"https:\/\/schema.org\",\"@graph\":[{\"@type\":\"WebPage\",\"@id\":\"https:\/\/donbaraton.es\/en\/p\/childrens-bedroom-set-trundle-bed-bedside-table-wardrobe-shelf-luddo\/\",\"url\":\"https:\/\/donbaraton.es\/en\/p\/childrens-bedroom-set-trundle-bed-bedside-table-wardrobe-shelf-luddo\/\",\"name\":\"Children's Bedroom Set: Trundle Bed, Bedside Table, Wardrobe, Shelf - Luddo 01 - Don Baraton: tienda de sof\u00e1s, muebles y colchones\",\"isPartOf\":{\"@id\":\"https:\/\/donbaraton.es\/#website\"},\"primaryImageOfPage\":{\"@id\":\"https:\/\/donbaraton.es\/en\/p\/childrens-bedroom-set-trundle-bed-bedside-table-wardrobe-shelf-luddo\/#primaryimage\"},\"image\":{\"@id\":\"https:\/\/donbaraton.es\/en\/p\/childrens-bedroom-set-trundle-bed-bedside-table-wardrobe-shelf-luddo\/#primaryimage\"},\"thumbnailUrl\":\"https:\/\/donbaraton.es\/wp-content\/uploads\/2019\/10\/Dormitorio-juvenil.-Azul-y-gris-claro.-Cama-nido-mesa-de-noche-armario-y-estante-Luddo-01.jpg\",\"datePublished\":\"2019-10-26T18:32:20+00:00\",\"dateModified\":\"2019-11-16T19:01:18+00:00\",\"breadcrumb\":{\"@id\":\"https:\/\/donbaraton.es\/en\/p\/childrens-bedroom-set-trundle-bed-bedside-table-wardrobe-shelf-luddo\/#breadcrumb\"},\"inLanguage\":\"en-GB\",\"potentialAction\":[{\"@type\":\"ReadAction\",\"target\":[\"https:\/\/donbaraton.es\/en\/p\/childrens-bedroom-set-trundle-bed-bedside-table-wardrobe-shelf-luddo\/\"]}]},{\"@type\":\"ImageObject\",\"inLanguage\":\"en-GB\",\"@id\":\"https:\/\/donbaraton.es\/en\/p\/childrens-bedroom-set-trundle-bed-bedside-table-wardrobe-shelf-luddo\/#primaryimage\",\"url\":\"https:\/\/donbaraton.es\/wp-content\/uploads\/2019\/10\/Dormitorio-juvenil.-Azul-y-gris-claro.-Cama-nido-mesa-de-noche-armario-y-estante-Luddo-01.jpg\",\"contentUrl\":\"https:\/\/donbaraton.es\/wp-content\/uploads\/2019\/10\/Dormitorio-juvenil.-Azul-y-gris-claro.-Cama-nido-mesa-de-noche-armario-y-estante-Luddo-01.jpg\",\"width\":1000,\"height\":750,\"caption\":\"Children's Bedroom Set in Blue and Light Grey. Trundle Bed, Bedside Table, Wardrobe, Shelf - Luddo 01\"},{\"@type\":\"BreadcrumbList\",\"@id\":\"https:\/\/donbaraton.es\/en\/p\/childrens-bedroom-set-trundle-bed-bedside-table-wardrobe-shelf-luddo\/#breadcrumb\",\"itemListElement\":[{\"@type\":\"ListItem\",\"position\":1,\"name\":\"Portada\",\"item\":\"https:\/\/donbaraton.es\/en\/\"},{\"@type\":\"ListItem\",\"position\":2,\"name\":\"Online Shop\",\"item\":\"https:\/\/donbaraton.es\/en\/shop\/\"},{\"@type\":\"ListItem\",\"position\":3,\"name\":\"Children&#8217;s Bedroom Set: Trundle Bed, Bedside Table, Wardrobe, Shelf &#8211; Luddo 01\"}]},{\"@type\":\"WebSite\",\"@id\":\"https:\/\/donbaraton.es\/#website\",\"url\":\"https:\/\/donbaraton.es\/\",\"name\":\"Don Baraton: tienda de sof\u00e1s, muebles y colchones\",\"description\":\"Sofas baratos desde el almac\u00e9n en Almorad\u00ed, Alicante\",\"publisher\":{\"@id\":\"https:\/\/donbaraton.es\/#organization\"},\"potentialAction\":[{\"@type\":\"SearchAction\",\"target\":{\"@type\":\"EntryPoint\",\"urlTemplate\":\"https:\/\/donbaraton.es\/?s={search_term_string}\"},\"query-input\":{\"@type\":\"PropertyValueSpecification\",\"valueRequired\":true,\"valueName\":\"search_term_string\"}}],\"inLanguage\":\"en-GB\"},{\"@type\":\"Organization\",\"@id\":\"https:\/\/donbaraton.es\/#organization\",\"name\":\"Don Baraton\",\"url\":\"https:\/\/donbaraton.es\/\",\"logo\":{\"@type\":\"ImageObject\",\"inLanguage\":\"en-GB\",\"@id\":\"https:\/\/donbaraton.es\/#\/schema\/logo\/image\/\",\"url\":\"https:\/\/i0.wp.com\/donbaraton.es\/wp-content\/uploads\/2016\/11\/logo_don_baraton.png?fit=228%2C110&ssl=1\",\"contentUrl\":\"https:\/\/i0.wp.com\/donbaraton.es\/wp-content\/uploads\/2016\/11\/logo_don_baraton.png?fit=228%2C110&ssl=1\",\"width\":228,\"height\":110,\"caption\":\"Don Baraton\"},\"image\":{\"@id\":\"https:\/\/donbaraton.es\/#\/schema\/logo\/image\/\"},\"sameAs\":[\"https:\/\/www.facebook.com\/donbaraton.es\",\"https:\/\/x.com\/don_baraton\",\"https:\/\/www.instagram.com\/donbaraton.es\",\"https:\/\/www.linkedin.com\/company\/donbaraton\/\",\"https:\/\/es.pinterest.com\/donbaraton\/\",\"https:\/\/www.youtube.com\/channel\/UCL02HOwx-F759Jq5MedAZfQ\"]}]}<\/script>\n<!-- \/ Yoast SEO plugin. -->","yoast_head_json":{"title":"Children's Bedroom Set: Trundle Bed, Bedside Table, Wardrobe, Shelf - Luddo 01 - Don Baraton: tienda de sof\u00e1s, muebles y colchones","robots":{"index":"index","follow":"follow","max-snippet":"max-snippet:-1","max-image-preview":"max-image-preview:large","max-video-preview":"max-video-preview:-1"},"canonical":"https:\/\/donbaraton.es\/en\/p\/childrens-bedroom-set-trundle-bed-bedside-table-wardrobe-shelf-luddo\/","og_locale":"en_GB","og_type":"article","og_title":"Children's Bedroom Set: Trundle Bed, Bedside Table, Wardrobe, Shelf - Luddo 01 - Don Baraton: tienda de sof\u00e1s, muebles y colchones","og_description":"4 furniture items in the same style  Trundle bed for 90 x 190 cm base and 90 x 190 folding base (sold separately)  2 drawer bedside table on wheels  2 door wardrobe with 3 drawers  Wall mounted shelf  Colours to choose: pink, blue, grey, green","og_url":"https:\/\/donbaraton.es\/en\/p\/childrens-bedroom-set-trundle-bed-bedside-table-wardrobe-shelf-luddo\/","og_site_name":"Don Baraton: tienda de sof\u00e1s, muebles y colchones","article_publisher":"https:\/\/www.facebook.com\/donbaraton.es","article_modified_time":"2019-11-16T19:01:18+00:00","og_image":[{"width":1000,"height":750,"url":"https:\/\/i2.wp.com\/donbaraton.es\/wp-content\/uploads\/2019\/10\/Dormitorio-juvenil.-Azul-y-gris-claro.-Cama-nido-mesa-de-noche-armario-y-estante-Luddo-01.jpg?fit=1000%2C750&ssl=1","type":"image\/jpeg"}],"twitter_card":"summary_large_image","twitter_site":"@don_baraton","twitter_misc":{"Estimated reading time":"1 minute"},"schema":{"@context":"https:\/\/schema.org","@graph":[{"@type":"WebPage","@id":"https:\/\/donbaraton.es\/en\/p\/childrens-bedroom-set-trundle-bed-bedside-table-wardrobe-shelf-luddo\/","url":"https:\/\/donbaraton.es\/en\/p\/childrens-bedroom-set-trundle-bed-bedside-table-wardrobe-shelf-luddo\/","name":"Children's Bedroom Set: Trundle Bed, Bedside Table, Wardrobe, Shelf - Luddo 01 - Don Baraton: tienda de sof\u00e1s, muebles y colchones","isPartOf":{"@id":"https:\/\/donbaraton.es\/#website"},"primaryImageOfPage":{"@id":"https:\/\/donbaraton.es\/en\/p\/childrens-bedroom-set-trundle-bed-bedside-table-wardrobe-shelf-luddo\/#primaryimage"},"image":{"@id":"https:\/\/donbaraton.es\/en\/p\/childrens-bedroom-set-trundle-bed-bedside-table-wardrobe-shelf-luddo\/#primaryimage"},"thumbnailUrl":"https:\/\/donbaraton.es\/wp-content\/uploads\/2019\/10\/Dormitorio-juvenil.-Azul-y-gris-claro.-Cama-nido-mesa-de-noche-armario-y-estante-Luddo-01.jpg","datePublished":"2019-10-26T18:32:20+00:00","dateModified":"2019-11-16T19:01:18+00:00","breadcrumb":{"@id":"https:\/\/donbaraton.es\/en\/p\/childrens-bedroom-set-trundle-bed-bedside-table-wardrobe-shelf-luddo\/#breadcrumb"},"inLanguage":"en-GB","potentialAction":[{"@type":"ReadAction","target":["https:\/\/donbaraton.es\/en\/p\/childrens-bedroom-set-trundle-bed-bedside-table-wardrobe-shelf-luddo\/"]}]},{"@type":"ImageObject","inLanguage":"en-GB","@id":"https:\/\/donbaraton.es\/en\/p\/childrens-bedroom-set-trundle-bed-bedside-table-wardrobe-shelf-luddo\/#primaryimage","url":"https:\/\/donbaraton.es\/wp-content\/uploads\/2019\/10\/Dormitorio-juvenil.-Azul-y-gris-claro.-Cama-nido-mesa-de-noche-armario-y-estante-Luddo-01.jpg","contentUrl":"https:\/\/donbaraton.es\/wp-content\/uploads\/2019\/10\/Dormitorio-juvenil.-Azul-y-gris-claro.-Cama-nido-mesa-de-noche-armario-y-estante-Luddo-01.jpg","width":1000,"height":750,"caption":"Children's Bedroom Set in Blue and Light Grey. Trundle Bed, Bedside Table, Wardrobe, Shelf - Luddo 01"},{"@type":"BreadcrumbList","@id":"https:\/\/donbaraton.es\/en\/p\/childrens-bedroom-set-trundle-bed-bedside-table-wardrobe-shelf-luddo\/#breadcrumb","itemListElement":[{"@type":"ListItem","position":1,"name":"Portada","item":"https:\/\/donbaraton.es\/en\/"},{"@type":"ListItem","position":2,"name":"Online Shop","item":"https:\/\/donbaraton.es\/en\/shop\/"},{"@type":"ListItem","position":3,"name":"Children&#8217;s Bedroom Set: Trundle Bed, Bedside Table, Wardrobe, Shelf &#8211; Luddo 01"}]},{"@type":"WebSite","@id":"https:\/\/donbaraton.es\/#website","url":"https:\/\/donbaraton.es\/","name":"Don Baraton: tienda de sof\u00e1s, muebles y colchones","description":"Sofas baratos desde el almac\u00e9n en Almorad\u00ed, Alicante","publisher":{"@id":"https:\/\/donbaraton.es\/#organization"},"potentialAction":[{"@type":"SearchAction","target":{"@type":"EntryPoint","urlTemplate":"https:\/\/donbaraton.es\/?s={search_term_string}"},"query-input":{"@type":"PropertyValueSpecification","valueRequired":true,"valueName":"search_term_string"}}],"inLanguage":"en-GB"},{"@type":"Organization","@id":"https:\/\/donbaraton.es\/#organization","name":"Don Baraton","url":"https:\/\/donbaraton.es\/","logo":{"@type":"ImageObject","inLanguage":"en-GB","@id":"https:\/\/donbaraton.es\/#\/schema\/logo\/image\/","url":"https:\/\/i0.wp.com\/donbaraton.es\/wp-content\/uploads\/2016\/11\/logo_don_baraton.png?fit=228%2C110&ssl=1","contentUrl":"https:\/\/i0.wp.com\/donbaraton.es\/wp-content\/uploads\/2016\/11\/logo_don_baraton.png?fit=228%2C110&ssl=1","width":228,"height":110,"caption":"Don Baraton"},"image":{"@id":"https:\/\/donbaraton.es\/#\/schema\/logo\/image\/"},"sameAs":["https:\/\/www.facebook.com\/donbaraton.es","https:\/\/x.com\/don_baraton","https:\/\/www.instagram.com\/donbaraton.es","https:\/\/www.linkedin.com\/company\/donbaraton\/","https:\/\/es.pinterest.com\/donbaraton\/","https:\/\/www.youtube.com\/channel\/UCL02HOwx-F759Jq5MedAZfQ"]}]}},"_links":{"self":[{"href":"https:\/\/donbaraton.es\/en\/wp-json\/wp\/v2\/product\/21166","targetHints":{"allow":["GET"]}}],"collection":[{"href":"https:\/\/donbaraton.es\/en\/wp-json\/wp\/v2\/product"}],"about":[{"href":"https:\/\/donbaraton.es\/en\/wp-json\/wp\/v2\/types\/product"}],"replies":[{"embeddable":true,"href":"https:\/\/donbaraton.es\/en\/wp-json\/wp\/v2\/comments?post=21166"}],"wp:featuredmedia":[{"embeddable":true,"href":"https:\/\/donbaraton.es\/en\/wp-json\/wp\/v2\/media\/20531"}],"wp:attachment":[{"href":"https:\/\/donbaraton.es\/en\/wp-json\/wp\/v2\/media?parent=21166"}],"wp:term":[{"taxonomy":"product_brand","embeddable":true,"href":"https:\/\/donbaraton.es\/en\/wp-json\/wp\/v2\/product_brand?post=21166"},{"taxonomy":"product_cat","embeddable":true,"href":"https:\/\/donbaraton.es\/en\/wp-json\/wp\/v2\/product_cat?post=21166"},{"taxonomy":"product_tag","embeddable":true,"href":"https:\/\/donbaraton.es\/en\/wp-json\/wp\/v2\/product_tag?post=21166"}],"curies":[{"name":"wp","href":"https:\/\/api.w.org\/{rel}","templated":true}]}}